{"id":42704,"date":"2026-04-07T20:41:12","date_gmt":"2026-04-07T18:41:12","guid":{"rendered":"https:\/\/wpe-encheres.com\/site\/produit\/repartiteur-dantenne-uhf-de-marque-sennheiser-modele-asa-214-uhf-non-teste-localisation-30-rue-beauregard-60440-nanteuil-le-haudouin\/"},"modified":"2026-04-07T20:41:36","modified_gmt":"2026-04-07T18:41:36","slug":"repartiteur-dantenne-uhf-de-marque-sennheiser-modele-asa-214-uhf-non-teste-localisation-30-rue-beauregard-60440-nanteuil-le-haudouin","status":"publish","type":"product","link":"https:\/\/wpe-encheres.com\/site\/produit\/repartiteur-dantenne-uhf-de-marque-sennheiser-modele-asa-214-uhf-non-teste-localisation-30-rue-beauregard-60440-nanteuil-le-haudouin\/","title":{"rendered":"R\u00e9partiteur d&rsquo;antenne UHF de marque Sennheiser mod\u00e8le ASA 214-UHF. Non test\u00e9. Localisation : 30 rue Beauregard 60440 Nanteuil-le-Haudouin"},"content":{"rendered":"<p>R\u00e9partiteur d&rsquo;antenne UHF de marque Sennheiser mod\u00e8le ASA 214-UHF. Non test\u00e9. Localisation : 30 rue Beauregard 60440 Nanteuil-le-Haudouin<\/p>\n","protected":false},"excerpt":{"rendered":"<p>R\u00e9partiteur d&rsquo;antenne UHF de marque Sennheiser mod\u00e8le ASA 214-UHF. Non test\u00e9. Localisation : 30 rue Beauregard 60440 Nanteuil-le-Haudouin<\/p>\n","protected":false},"featured_media":42705,"template":"","meta":{"_acf_changed":false},"product_brand":[],"product_cat":[28],"product_tag":[76],"class_list":{"0":"post-42704","1":"product","2":"type-product","3":"status-publish","4":"has-post-thumbnail","6":"product_cat-electronique-informatique-image-son-et-telephonie","7":"product_tag-vente-28-avril-2026","9":"first","10":"instock","11":"product-type-simple"},"acf":[],"yoast_head":"<!-- This site is optimized with the Yoast SEO plugin v27.3 - https:\/\/yoast.com\/product\/yoast-seo-wordpress\/ -->\n<title>R\u00e9partiteur d&#039;antenne UHF de marque Sennheiser mod\u00e8le ASA 214-UHF. Non test\u00e9. Localisation : 30 rue Beauregard 60440 Nanteuil-le-Haudouin - wpe-encheres<\/title>\n<meta name=\"robots\" content=\"index, follow, max-snippet:-1, max-image-preview:large, max-video-preview:-1\" \/>\n<link rel=\"canonical\" href=\"https:\/\/wpe-encheres.com\/site\/produit\/repartiteur-dantenne-uhf-de-marque-sennheiser-modele-asa-214-uhf-non-teste-localisation-30-rue-beauregard-60440-nanteuil-le-haudouin\/\" \/>\n<meta property=\"og:locale\" content=\"fr_FR\" \/>\n<meta property=\"og:type\" content=\"article\" \/>\n<meta property=\"og:title\" content=\"R\u00e9partiteur d&#039;antenne UHF de marque Sennheiser mod\u00e8le ASA 214-UHF. Non test\u00e9. Localisation : 30 rue Beauregard 60440 Nanteuil-le-Haudouin - wpe-encheres\" \/>\n<meta property=\"og:description\" content=\"R\u00e9partiteur d&rsquo;antenne UHF de marque Sennheiser mod\u00e8le ASA 214-UHF. Non test\u00e9. Localisation : 30 rue Beauregard 60440 Nanteuil-le-Haudouin\" \/>\n<meta property=\"og:url\" content=\"https:\/\/wpe-encheres.com\/site\/produit\/repartiteur-dantenne-uhf-de-marque-sennheiser-modele-asa-214-uhf-non-teste-localisation-30-rue-beauregard-60440-nanteuil-le-haudouin\/\" \/>\n<meta property=\"og:site_name\" content=\"wpe-encheres\" \/>\n<meta property=\"article:modified_time\" content=\"2026-04-07T18:41:36+00:00\" \/>\n<meta property=\"og:image\" content=\"https:\/\/wpe-encheres.com\/site\/wp-content\/uploads\/2026\/04\/69cd315cedc2d.jpg\" \/>\n\t<meta property=\"og:image:width\" content=\"762\" \/>\n\t<meta property=\"og:image:height\" content=\"484\" \/>\n\t<meta property=\"og:image:type\" content=\"image\/jpeg\" \/>\n<meta name=\"twitter:card\" content=\"summary_large_image\" \/>\n<script type=\"application\/ld+json\" class=\"yoast-schema-graph\">{\"@context\":\"https:\\\/\\\/schema.org\",\"@graph\":[{\"@type\":\"WebPage\",\"@id\":\"https:\\\/\\\/wpe-encheres.com\\\/site\\\/produit\\\/repartiteur-dantenne-uhf-de-marque-sennheiser-modele-asa-214-uhf-non-teste-localisation-30-rue-beauregard-60440-nanteuil-le-haudouin\\\/\",\"url\":\"https:\\\/\\\/wpe-encheres.com\\\/site\\\/produit\\\/repartiteur-dantenne-uhf-de-marque-sennheiser-modele-asa-214-uhf-non-teste-localisation-30-rue-beauregard-60440-nanteuil-le-haudouin\\\/\",\"name\":\"R\u00e9partiteur d'antenne UHF de marque Sennheiser mod\u00e8le ASA 214-UHF. Non test\u00e9. Localisation : 30 rue Beauregard 60440 Nanteuil-le-Haudouin - wpe-encheres\",\"isPartOf\":{\"@id\":\"https:\\\/\\\/wpe-encheres.com\\\/site\\\/#website\"},\"primaryImageOfPage\":{\"@id\":\"https:\\\/\\\/wpe-encheres.com\\\/site\\\/produit\\\/repartiteur-dantenne-uhf-de-marque-sennheiser-modele-asa-214-uhf-non-teste-localisation-30-rue-beauregard-60440-nanteuil-le-haudouin\\\/#primaryimage\"},\"image\":{\"@id\":\"https:\\\/\\\/wpe-encheres.com\\\/site\\\/produit\\\/repartiteur-dantenne-uhf-de-marque-sennheiser-modele-asa-214-uhf-non-teste-localisation-30-rue-beauregard-60440-nanteuil-le-haudouin\\\/#primaryimage\"},\"thumbnailUrl\":\"https:\\\/\\\/wpe-encheres.com\\\/site\\\/wp-content\\\/uploads\\\/2026\\\/04\\\/69cd315cedc2d.jpg\",\"datePublished\":\"2026-04-07T18:41:12+00:00\",\"dateModified\":\"2026-04-07T18:41:36+00:00\",\"breadcrumb\":{\"@id\":\"https:\\\/\\\/wpe-encheres.com\\\/site\\\/produit\\\/repartiteur-dantenne-uhf-de-marque-sennheiser-modele-asa-214-uhf-non-teste-localisation-30-rue-beauregard-60440-nanteuil-le-haudouin\\\/#breadcrumb\"},\"inLanguage\":\"fr-FR\",\"potentialAction\":[{\"@type\":\"ReadAction\",\"target\":[\"https:\\\/\\\/wpe-encheres.com\\\/site\\\/produit\\\/repartiteur-dantenne-uhf-de-marque-sennheiser-modele-asa-214-uhf-non-teste-localisation-30-rue-beauregard-60440-nanteuil-le-haudouin\\\/\"]}]},{\"@type\":\"ImageObject\",\"inLanguage\":\"fr-FR\",\"@id\":\"https:\\\/\\\/wpe-encheres.com\\\/site\\\/produit\\\/repartiteur-dantenne-uhf-de-marque-sennheiser-modele-asa-214-uhf-non-teste-localisation-30-rue-beauregard-60440-nanteuil-le-haudouin\\\/#primaryimage\",\"url\":\"https:\\\/\\\/wpe-encheres.com\\\/site\\\/wp-content\\\/uploads\\\/2026\\\/04\\\/69cd315cedc2d.jpg\",\"contentUrl\":\"https:\\\/\\\/wpe-encheres.com\\\/site\\\/wp-content\\\/uploads\\\/2026\\\/04\\\/69cd315cedc2d.jpg\",\"width\":762,\"height\":484},{\"@type\":\"BreadcrumbList\",\"@id\":\"https:\\\/\\\/wpe-encheres.com\\\/site\\\/produit\\\/repartiteur-dantenne-uhf-de-marque-sennheiser-modele-asa-214-uhf-non-teste-localisation-30-rue-beauregard-60440-nanteuil-le-haudouin\\\/#breadcrumb\",\"itemListElement\":[{\"@type\":\"ListItem\",\"position\":1,\"name\":\"Accueil\",\"item\":\"https:\\\/\\\/wpe-encheres.com\\\/site\\\/\"},{\"@type\":\"ListItem\",\"position\":2,\"name\":\"Boutique\",\"item\":\"https:\\\/\\\/wpe-encheres.com\\\/site\\\/?page_id=22765\"},{\"@type\":\"ListItem\",\"position\":3,\"name\":\"R\u00e9partiteur d&rsquo;antenne UHF de marque Sennheiser mod\u00e8le ASA 214-UHF. Non test\u00e9. Localisation : 30 rue Beauregard 60440 Nanteuil-le-Haudouin\"}]},{\"@type\":\"WebSite\",\"@id\":\"https:\\\/\\\/wpe-encheres.com\\\/site\\\/#website\",\"url\":\"https:\\\/\\\/wpe-encheres.com\\\/site\\\/\",\"name\":\"wpe-encheres\",\"description\":\"\",\"publisher\":{\"@id\":\"https:\\\/\\\/wpe-encheres.com\\\/site\\\/#organization\"},\"potentialAction\":[{\"@type\":\"SearchAction\",\"target\":{\"@type\":\"EntryPoint\",\"urlTemplate\":\"https:\\\/\\\/wpe-encheres.com\\\/site\\\/?s={search_term_string}\"},\"query-input\":{\"@type\":\"PropertyValueSpecification\",\"valueRequired\":true,\"valueName\":\"search_term_string\"}}],\"inLanguage\":\"fr-FR\"},{\"@type\":\"Organization\",\"@id\":\"https:\\\/\\\/wpe-encheres.com\\\/site\\\/#organization\",\"name\":\"wpe encheres\",\"url\":\"https:\\\/\\\/wpe-encheres.com\\\/site\\\/\",\"logo\":{\"@type\":\"ImageObject\",\"inLanguage\":\"fr-FR\",\"@id\":\"https:\\\/\\\/wpe-encheres.com\\\/site\\\/#\\\/schema\\\/logo\\\/image\\\/\",\"url\":\"https:\\\/\\\/wpe-encheres.com\\\/site\\\/wp-content\\\/uploads\\\/2025\\\/08\\\/wpe-encheres-logo.png\",\"contentUrl\":\"https:\\\/\\\/wpe-encheres.com\\\/site\\\/wp-content\\\/uploads\\\/2025\\\/08\\\/wpe-encheres-logo.png\",\"width\":300,\"height\":110,\"caption\":\"wpe encheres\"},\"image\":{\"@id\":\"https:\\\/\\\/wpe-encheres.com\\\/site\\\/#\\\/schema\\\/logo\\\/image\\\/\"}}]}<\/script>\n<!-- \/ Yoast SEO plugin. -->","yoast_head_json":{"title":"R\u00e9partiteur d'antenne UHF de marque Sennheiser mod\u00e8le ASA 214-UHF. Non test\u00e9. Localisation : 30 rue Beauregard 60440 Nanteuil-le-Haudouin - wpe-encheres","robots":{"index":"index","follow":"follow","max-snippet":"max-snippet:-1","max-image-preview":"max-image-preview:large","max-video-preview":"max-video-preview:-1"},"canonical":"https:\/\/wpe-encheres.com\/site\/produit\/repartiteur-dantenne-uhf-de-marque-sennheiser-modele-asa-214-uhf-non-teste-localisation-30-rue-beauregard-60440-nanteuil-le-haudouin\/","og_locale":"fr_FR","og_type":"article","og_title":"R\u00e9partiteur d'antenne UHF de marque Sennheiser mod\u00e8le ASA 214-UHF. Non test\u00e9. Localisation : 30 rue Beauregard 60440 Nanteuil-le-Haudouin - wpe-encheres","og_description":"R\u00e9partiteur d&rsquo;antenne UHF de marque Sennheiser mod\u00e8le ASA 214-UHF. Non test\u00e9. Localisation : 30 rue Beauregard 60440 Nanteuil-le-Haudouin","og_url":"https:\/\/wpe-encheres.com\/site\/produit\/repartiteur-dantenne-uhf-de-marque-sennheiser-modele-asa-214-uhf-non-teste-localisation-30-rue-beauregard-60440-nanteuil-le-haudouin\/","og_site_name":"wpe-encheres","article_modified_time":"2026-04-07T18:41:36+00:00","og_image":[{"width":762,"height":484,"url":"https:\/\/wpe-encheres.com\/site\/wp-content\/uploads\/2026\/04\/69cd315cedc2d.jpg","type":"image\/jpeg"}],"twitter_card":"summary_large_image","schema":{"@context":"https:\/\/schema.org","@graph":[{"@type":"WebPage","@id":"https:\/\/wpe-encheres.com\/site\/produit\/repartiteur-dantenne-uhf-de-marque-sennheiser-modele-asa-214-uhf-non-teste-localisation-30-rue-beauregard-60440-nanteuil-le-haudouin\/","url":"https:\/\/wpe-encheres.com\/site\/produit\/repartiteur-dantenne-uhf-de-marque-sennheiser-modele-asa-214-uhf-non-teste-localisation-30-rue-beauregard-60440-nanteuil-le-haudouin\/","name":"R\u00e9partiteur d'antenne UHF de marque Sennheiser mod\u00e8le ASA 214-UHF. Non test\u00e9. Localisation : 30 rue Beauregard 60440 Nanteuil-le-Haudouin - wpe-encheres","isPartOf":{"@id":"https:\/\/wpe-encheres.com\/site\/#website"},"primaryImageOfPage":{"@id":"https:\/\/wpe-encheres.com\/site\/produit\/repartiteur-dantenne-uhf-de-marque-sennheiser-modele-asa-214-uhf-non-teste-localisation-30-rue-beauregard-60440-nanteuil-le-haudouin\/#primaryimage"},"image":{"@id":"https:\/\/wpe-encheres.com\/site\/produit\/repartiteur-dantenne-uhf-de-marque-sennheiser-modele-asa-214-uhf-non-teste-localisation-30-rue-beauregard-60440-nanteuil-le-haudouin\/#primaryimage"},"thumbnailUrl":"https:\/\/wpe-encheres.com\/site\/wp-content\/uploads\/2026\/04\/69cd315cedc2d.jpg","datePublished":"2026-04-07T18:41:12+00:00","dateModified":"2026-04-07T18:41:36+00:00","breadcrumb":{"@id":"https:\/\/wpe-encheres.com\/site\/produit\/repartiteur-dantenne-uhf-de-marque-sennheiser-modele-asa-214-uhf-non-teste-localisation-30-rue-beauregard-60440-nanteuil-le-haudouin\/#breadcrumb"},"inLanguage":"fr-FR","potentialAction":[{"@type":"ReadAction","target":["https:\/\/wpe-encheres.com\/site\/produit\/repartiteur-dantenne-uhf-de-marque-sennheiser-modele-asa-214-uhf-non-teste-localisation-30-rue-beauregard-60440-nanteuil-le-haudouin\/"]}]},{"@type":"ImageObject","inLanguage":"fr-FR","@id":"https:\/\/wpe-encheres.com\/site\/produit\/repartiteur-dantenne-uhf-de-marque-sennheiser-modele-asa-214-uhf-non-teste-localisation-30-rue-beauregard-60440-nanteuil-le-haudouin\/#primaryimage","url":"https:\/\/wpe-encheres.com\/site\/wp-content\/uploads\/2026\/04\/69cd315cedc2d.jpg","contentUrl":"https:\/\/wpe-encheres.com\/site\/wp-content\/uploads\/2026\/04\/69cd315cedc2d.jpg","width":762,"height":484},{"@type":"BreadcrumbList","@id":"https:\/\/wpe-encheres.com\/site\/produit\/repartiteur-dantenne-uhf-de-marque-sennheiser-modele-asa-214-uhf-non-teste-localisation-30-rue-beauregard-60440-nanteuil-le-haudouin\/#breadcrumb","itemListElement":[{"@type":"ListItem","position":1,"name":"Accueil","item":"https:\/\/wpe-encheres.com\/site\/"},{"@type":"ListItem","position":2,"name":"Boutique","item":"https:\/\/wpe-encheres.com\/site\/?page_id=22765"},{"@type":"ListItem","position":3,"name":"R\u00e9partiteur d&rsquo;antenne UHF de marque Sennheiser mod\u00e8le ASA 214-UHF. Non test\u00e9. Localisation : 30 rue Beauregard 60440 Nanteuil-le-Haudouin"}]},{"@type":"WebSite","@id":"https:\/\/wpe-encheres.com\/site\/#website","url":"https:\/\/wpe-encheres.com\/site\/","name":"wpe-encheres","description":"","publisher":{"@id":"https:\/\/wpe-encheres.com\/site\/#organization"},"potentialAction":[{"@type":"SearchAction","target":{"@type":"EntryPoint","urlTemplate":"https:\/\/wpe-encheres.com\/site\/?s={search_term_string}"},"query-input":{"@type":"PropertyValueSpecification","valueRequired":true,"valueName":"search_term_string"}}],"inLanguage":"fr-FR"},{"@type":"Organization","@id":"https:\/\/wpe-encheres.com\/site\/#organization","name":"wpe encheres","url":"https:\/\/wpe-encheres.com\/site\/","logo":{"@type":"ImageObject","inLanguage":"fr-FR","@id":"https:\/\/wpe-encheres.com\/site\/#\/schema\/logo\/image\/","url":"https:\/\/wpe-encheres.com\/site\/wp-content\/uploads\/2025\/08\/wpe-encheres-logo.png","contentUrl":"https:\/\/wpe-encheres.com\/site\/wp-content\/uploads\/2025\/08\/wpe-encheres-logo.png","width":300,"height":110,"caption":"wpe encheres"},"image":{"@id":"https:\/\/wpe-encheres.com\/site\/#\/schema\/logo\/image\/"}}]}},"_links":{"self":[{"href":"https:\/\/wpe-encheres.com\/site\/wp-json\/wp\/v2\/product\/42704","targetHints":{"allow":["GET"]}}],"collection":[{"href":"https:\/\/wpe-encheres.com\/site\/wp-json\/wp\/v2\/product"}],"about":[{"href":"https:\/\/wpe-encheres.com\/site\/wp-json\/wp\/v2\/types\/product"}],"wp:featuredmedia":[{"embeddable":true,"href":"https:\/\/wpe-encheres.com\/site\/wp-json\/wp\/v2\/media\/42705"}],"wp:attachment":[{"href":"https:\/\/wpe-encheres.com\/site\/wp-json\/wp\/v2\/media?parent=42704"}],"wp:term":[{"taxonomy":"product_brand","embeddable":true,"href":"https:\/\/wpe-encheres.com\/site\/wp-json\/wp\/v2\/product_brand?post=42704"},{"taxonomy":"product_cat","embeddable":true,"href":"https:\/\/wpe-encheres.com\/site\/wp-json\/wp\/v2\/product_cat?post=42704"},{"taxonomy":"product_tag","embeddable":true,"href":"https:\/\/wpe-encheres.com\/site\/wp-json\/wp\/v2\/product_tag?post=42704"}],"curies":[{"name":"wp","href":"https:\/\/api.w.org\/{rel}","templated":true}]}}