{"id":42350,"date":"2026-04-07T20:38:38","date_gmt":"2026-04-07T18:38:38","guid":{"rendered":"https:\/\/wpe-encheres.com\/site\/produit\/paire-de-chaises-de-marque-be-pure-home-modele-vogue-dossier-et-assise-en-velours-de-couleur-jaune-avec-motifs-fleuris-blanc-et-marrons-reposant-sur-4-pieds-en-metal-noir-dim-82-x-50-x-60-cm-loca\/"},"modified":"2026-04-07T20:38:44","modified_gmt":"2026-04-07T18:38:44","slug":"paire-de-chaises-de-marque-be-pure-home-modele-vogue-dossier-et-assise-en-velours-de-couleur-jaune-avec-motifs-fleuris-blanc-et-marrons-reposant-sur-4-pieds-en-metal-noir-dim-82-x-50-x-60-cm-loca","status":"publish","type":"product","link":"https:\/\/wpe-encheres.com\/site\/produit\/paire-de-chaises-de-marque-be-pure-home-modele-vogue-dossier-et-assise-en-velours-de-couleur-jaune-avec-motifs-fleuris-blanc-et-marrons-reposant-sur-4-pieds-en-metal-noir-dim-82-x-50-x-60-cm-loca\/","title":{"rendered":"Paire de chaises de marque Be Pure Home mod\u00e8le Vogue, dossier et assise en velours de couleur jaune avec motifs fleuris blanc et marrons reposant sur 4 pieds en m\u00e9tal noir. Dim : 82 x 50 x 60 cm. Localisation: BLB, 3 rue de la Foss\u00e9 aux Leux &#8211; 91700 Sainte Genevi\u00e8ve des Bois"},"content":{"rendered":"<p>Paire de chaises de marque Be Pure Home mod\u00e8le Vogue, dossier et assise en velours de couleur jaune avec motifs fleuris blanc et marrons reposant sur 4 pieds en m\u00e9tal noir. Dim : 82 x 50 x 60 cm. Localisation: BLB, 3 rue de la Foss\u00e9 aux Leux &#8211; 91700 Sainte Genevi\u00e8ve des Bois<\/p>\n","protected":false},"excerpt":{"rendered":"<p>Paire de chaises de marque Be Pure Home mod\u00e8le Vogue, dossier et assise en velours de couleur jaune avec motifs fleuris blanc et marrons reposant sur 4 pieds en m\u00e9tal noir. Dim : 82 x 50 x 60 cm. Localisation: BLB, 3 rue de la&#8230;<\/p>\n","protected":false},"featured_media":42351,"template":"","meta":{"_acf_changed":false},"product_brand":[],"product_cat":[22],"product_tag":[76],"class_list":{"0":"post-42350","1":"product","2":"type-product","3":"status-publish","4":"has-post-thumbnail","6":"product_cat-mobilier-design-haut-de-gamme","7":"product_tag-vente-28-avril-2026","9":"first","10":"instock","11":"product-type-simple"},"acf":[],"yoast_head":"<!-- This site is optimized with the Yoast SEO plugin v27.3 - https:\/\/yoast.com\/product\/yoast-seo-wordpress\/ -->\n<title>Paire de chaises de marque Be Pure Home mod\u00e8le Vogue, dossier et assise en velours de couleur jaune avec motifs fleuris blanc et marrons reposant sur 4 pieds en m\u00e9tal noir. Dim : 82 x 50 x 60 cm. Localisation: BLB, 3 rue de la Foss\u00e9 aux Leux - 91700 Sainte Genevi\u00e8ve des Bois - wpe-encheres<\/title>\n<meta name=\"robots\" content=\"index, follow, max-snippet:-1, max-image-preview:large, max-video-preview:-1\" \/>\n<link rel=\"canonical\" href=\"https:\/\/wpe-encheres.com\/site\/produit\/paire-de-chaises-de-marque-be-pure-home-modele-vogue-dossier-et-assise-en-velours-de-couleur-jaune-avec-motifs-fleuris-blanc-et-marrons-reposant-sur-4-pieds-en-metal-noir-dim-82-x-50-x-60-cm-loca\/\" \/>\n<meta property=\"og:locale\" content=\"fr_FR\" \/>\n<meta property=\"og:type\" content=\"article\" \/>\n<meta property=\"og:title\" content=\"Paire de chaises de marque Be Pure Home mod\u00e8le Vogue, dossier et assise en velours de couleur jaune avec motifs fleuris blanc et marrons reposant sur 4 pieds en m\u00e9tal noir. Dim : 82 x 50 x 60 cm. Localisation: BLB, 3 rue de la Foss\u00e9 aux Leux - 91700 Sainte Genevi\u00e8ve des Bois - wpe-encheres\" \/>\n<meta property=\"og:description\" content=\"Paire de chaises de marque Be Pure Home mod\u00e8le Vogue, dossier et assise en velours de couleur jaune avec motifs fleuris blanc et marrons reposant sur 4 pieds en m\u00e9tal noir. Dim : 82 x 50 x 60 cm. Localisation: BLB, 3 rue de la...\" \/>\n<meta property=\"og:url\" content=\"https:\/\/wpe-encheres.com\/site\/produit\/paire-de-chaises-de-marque-be-pure-home-modele-vogue-dossier-et-assise-en-velours-de-couleur-jaune-avec-motifs-fleuris-blanc-et-marrons-reposant-sur-4-pieds-en-metal-noir-dim-82-x-50-x-60-cm-loca\/\" \/>\n<meta property=\"og:site_name\" content=\"wpe-encheres\" \/>\n<meta property=\"article:modified_time\" content=\"2026-04-07T18:38:44+00:00\" \/>\n<meta property=\"og:image\" content=\"https:\/\/wpe-encheres.com\/site\/wp-content\/uploads\/2026\/04\/69c6a61badbd3.jpg\" \/>\n\t<meta property=\"og:image:width\" content=\"643\" \/>\n\t<meta property=\"og:image:height\" content=\"931\" \/>\n\t<meta property=\"og:image:type\" content=\"image\/jpeg\" \/>\n<meta name=\"twitter:card\" content=\"summary_large_image\" \/>\n<script type=\"application\/ld+json\" class=\"yoast-schema-graph\">{\"@context\":\"https:\\\/\\\/schema.org\",\"@graph\":[{\"@type\":\"WebPage\",\"@id\":\"https:\\\/\\\/wpe-encheres.com\\\/site\\\/produit\\\/paire-de-chaises-de-marque-be-pure-home-modele-vogue-dossier-et-assise-en-velours-de-couleur-jaune-avec-motifs-fleuris-blanc-et-marrons-reposant-sur-4-pieds-en-metal-noir-dim-82-x-50-x-60-cm-loca\\\/\",\"url\":\"https:\\\/\\\/wpe-encheres.com\\\/site\\\/produit\\\/paire-de-chaises-de-marque-be-pure-home-modele-vogue-dossier-et-assise-en-velours-de-couleur-jaune-avec-motifs-fleuris-blanc-et-marrons-reposant-sur-4-pieds-en-metal-noir-dim-82-x-50-x-60-cm-loca\\\/\",\"name\":\"Paire de chaises de marque Be Pure Home mod\u00e8le Vogue, dossier et assise en velours de couleur jaune avec motifs fleuris blanc et marrons reposant sur 4 pieds en m\u00e9tal noir. Dim : 82 x 50 x 60 cm. Localisation: BLB, 3 rue de la Foss\u00e9 aux Leux - 91700 Sainte Genevi\u00e8ve des Bois - wpe-encheres\",\"isPartOf\":{\"@id\":\"https:\\\/\\\/wpe-encheres.com\\\/site\\\/#website\"},\"primaryImageOfPage\":{\"@id\":\"https:\\\/\\\/wpe-encheres.com\\\/site\\\/produit\\\/paire-de-chaises-de-marque-be-pure-home-modele-vogue-dossier-et-assise-en-velours-de-couleur-jaune-avec-motifs-fleuris-blanc-et-marrons-reposant-sur-4-pieds-en-metal-noir-dim-82-x-50-x-60-cm-loca\\\/#primaryimage\"},\"image\":{\"@id\":\"https:\\\/\\\/wpe-encheres.com\\\/site\\\/produit\\\/paire-de-chaises-de-marque-be-pure-home-modele-vogue-dossier-et-assise-en-velours-de-couleur-jaune-avec-motifs-fleuris-blanc-et-marrons-reposant-sur-4-pieds-en-metal-noir-dim-82-x-50-x-60-cm-loca\\\/#primaryimage\"},\"thumbnailUrl\":\"https:\\\/\\\/wpe-encheres.com\\\/site\\\/wp-content\\\/uploads\\\/2026\\\/04\\\/69c6a61badbd3.jpg\",\"datePublished\":\"2026-04-07T18:38:38+00:00\",\"dateModified\":\"2026-04-07T18:38:44+00:00\",\"breadcrumb\":{\"@id\":\"https:\\\/\\\/wpe-encheres.com\\\/site\\\/produit\\\/paire-de-chaises-de-marque-be-pure-home-modele-vogue-dossier-et-assise-en-velours-de-couleur-jaune-avec-motifs-fleuris-blanc-et-marrons-reposant-sur-4-pieds-en-metal-noir-dim-82-x-50-x-60-cm-loca\\\/#breadcrumb\"},\"inLanguage\":\"fr-FR\",\"potentialAction\":[{\"@type\":\"ReadAction\",\"target\":[\"https:\\\/\\\/wpe-encheres.com\\\/site\\\/produit\\\/paire-de-chaises-de-marque-be-pure-home-modele-vogue-dossier-et-assise-en-velours-de-couleur-jaune-avec-motifs-fleuris-blanc-et-marrons-reposant-sur-4-pieds-en-metal-noir-dim-82-x-50-x-60-cm-loca\\\/\"]}]},{\"@type\":\"ImageObject\",\"inLanguage\":\"fr-FR\",\"@id\":\"https:\\\/\\\/wpe-encheres.com\\\/site\\\/produit\\\/paire-de-chaises-de-marque-be-pure-home-modele-vogue-dossier-et-assise-en-velours-de-couleur-jaune-avec-motifs-fleuris-blanc-et-marrons-reposant-sur-4-pieds-en-metal-noir-dim-82-x-50-x-60-cm-loca\\\/#primaryimage\",\"url\":\"https:\\\/\\\/wpe-encheres.com\\\/site\\\/wp-content\\\/uploads\\\/2026\\\/04\\\/69c6a61badbd3.jpg\",\"contentUrl\":\"https:\\\/\\\/wpe-encheres.com\\\/site\\\/wp-content\\\/uploads\\\/2026\\\/04\\\/69c6a61badbd3.jpg\",\"width\":643,\"height\":931},{\"@type\":\"BreadcrumbList\",\"@id\":\"https:\\\/\\\/wpe-encheres.com\\\/site\\\/produit\\\/paire-de-chaises-de-marque-be-pure-home-modele-vogue-dossier-et-assise-en-velours-de-couleur-jaune-avec-motifs-fleuris-blanc-et-marrons-reposant-sur-4-pieds-en-metal-noir-dim-82-x-50-x-60-cm-loca\\\/#breadcrumb\",\"itemListElement\":[{\"@type\":\"ListItem\",\"position\":1,\"name\":\"Accueil\",\"item\":\"https:\\\/\\\/wpe-encheres.com\\\/site\\\/\"},{\"@type\":\"ListItem\",\"position\":2,\"name\":\"Boutique\",\"item\":\"https:\\\/\\\/wpe-encheres.com\\\/site\\\/?page_id=22765\"},{\"@type\":\"ListItem\",\"position\":3,\"name\":\"Paire de chaises de marque Be Pure Home mod\u00e8le Vogue, dossier et assise en velours de couleur jaune avec motifs fleuris blanc et marrons reposant sur 4 pieds en m\u00e9tal noir. Dim : 82 x 50 x 60 cm. Localisation: BLB, 3 rue de la Foss\u00e9 aux Leux &#8211; 91700 Sainte Genevi\u00e8ve des Bois\"}]},{\"@type\":\"WebSite\",\"@id\":\"https:\\\/\\\/wpe-encheres.com\\\/site\\\/#website\",\"url\":\"https:\\\/\\\/wpe-encheres.com\\\/site\\\/\",\"name\":\"wpe-encheres\",\"description\":\"\",\"publisher\":{\"@id\":\"https:\\\/\\\/wpe-encheres.com\\\/site\\\/#organization\"},\"potentialAction\":[{\"@type\":\"SearchAction\",\"target\":{\"@type\":\"EntryPoint\",\"urlTemplate\":\"https:\\\/\\\/wpe-encheres.com\\\/site\\\/?s={search_term_string}\"},\"query-input\":{\"@type\":\"PropertyValueSpecification\",\"valueRequired\":true,\"valueName\":\"search_term_string\"}}],\"inLanguage\":\"fr-FR\"},{\"@type\":\"Organization\",\"@id\":\"https:\\\/\\\/wpe-encheres.com\\\/site\\\/#organization\",\"name\":\"wpe encheres\",\"url\":\"https:\\\/\\\/wpe-encheres.com\\\/site\\\/\",\"logo\":{\"@type\":\"ImageObject\",\"inLanguage\":\"fr-FR\",\"@id\":\"https:\\\/\\\/wpe-encheres.com\\\/site\\\/#\\\/schema\\\/logo\\\/image\\\/\",\"url\":\"https:\\\/\\\/wpe-encheres.com\\\/site\\\/wp-content\\\/uploads\\\/2025\\\/08\\\/wpe-encheres-logo.png\",\"contentUrl\":\"https:\\\/\\\/wpe-encheres.com\\\/site\\\/wp-content\\\/uploads\\\/2025\\\/08\\\/wpe-encheres-logo.png\",\"width\":300,\"height\":110,\"caption\":\"wpe encheres\"},\"image\":{\"@id\":\"https:\\\/\\\/wpe-encheres.com\\\/site\\\/#\\\/schema\\\/logo\\\/image\\\/\"}}]}<\/script>\n<!-- \/ Yoast SEO plugin. -->","yoast_head_json":{"title":"Paire de chaises de marque Be Pure Home mod\u00e8le Vogue, dossier et assise en velours de couleur jaune avec motifs fleuris blanc et marrons reposant sur 4 pieds en m\u00e9tal noir. Dim : 82 x 50 x 60 cm. Localisation: BLB, 3 rue de la Foss\u00e9 aux Leux - 91700 Sainte Genevi\u00e8ve des Bois - wpe-encheres","robots":{"index":"index","follow":"follow","max-snippet":"max-snippet:-1","max-image-preview":"max-image-preview:large","max-video-preview":"max-video-preview:-1"},"canonical":"https:\/\/wpe-encheres.com\/site\/produit\/paire-de-chaises-de-marque-be-pure-home-modele-vogue-dossier-et-assise-en-velours-de-couleur-jaune-avec-motifs-fleuris-blanc-et-marrons-reposant-sur-4-pieds-en-metal-noir-dim-82-x-50-x-60-cm-loca\/","og_locale":"fr_FR","og_type":"article","og_title":"Paire de chaises de marque Be Pure Home mod\u00e8le Vogue, dossier et assise en velours de couleur jaune avec motifs fleuris blanc et marrons reposant sur 4 pieds en m\u00e9tal noir. Dim : 82 x 50 x 60 cm. Localisation: BLB, 3 rue de la Foss\u00e9 aux Leux - 91700 Sainte Genevi\u00e8ve des Bois - wpe-encheres","og_description":"Paire de chaises de marque Be Pure Home mod\u00e8le Vogue, dossier et assise en velours de couleur jaune avec motifs fleuris blanc et marrons reposant sur 4 pieds en m\u00e9tal noir. Dim : 82 x 50 x 60 cm. Localisation: BLB, 3 rue de la...","og_url":"https:\/\/wpe-encheres.com\/site\/produit\/paire-de-chaises-de-marque-be-pure-home-modele-vogue-dossier-et-assise-en-velours-de-couleur-jaune-avec-motifs-fleuris-blanc-et-marrons-reposant-sur-4-pieds-en-metal-noir-dim-82-x-50-x-60-cm-loca\/","og_site_name":"wpe-encheres","article_modified_time":"2026-04-07T18:38:44+00:00","og_image":[{"width":643,"height":931,"url":"https:\/\/wpe-encheres.com\/site\/wp-content\/uploads\/2026\/04\/69c6a61badbd3.jpg","type":"image\/jpeg"}],"twitter_card":"summary_large_image","schema":{"@context":"https:\/\/schema.org","@graph":[{"@type":"WebPage","@id":"https:\/\/wpe-encheres.com\/site\/produit\/paire-de-chaises-de-marque-be-pure-home-modele-vogue-dossier-et-assise-en-velours-de-couleur-jaune-avec-motifs-fleuris-blanc-et-marrons-reposant-sur-4-pieds-en-metal-noir-dim-82-x-50-x-60-cm-loca\/","url":"https:\/\/wpe-encheres.com\/site\/produit\/paire-de-chaises-de-marque-be-pure-home-modele-vogue-dossier-et-assise-en-velours-de-couleur-jaune-avec-motifs-fleuris-blanc-et-marrons-reposant-sur-4-pieds-en-metal-noir-dim-82-x-50-x-60-cm-loca\/","name":"Paire de chaises de marque Be Pure Home mod\u00e8le Vogue, dossier et assise en velours de couleur jaune avec motifs fleuris blanc et marrons reposant sur 4 pieds en m\u00e9tal noir. Dim : 82 x 50 x 60 cm. Localisation: BLB, 3 rue de la Foss\u00e9 aux Leux - 91700 Sainte Genevi\u00e8ve des Bois - wpe-encheres","isPartOf":{"@id":"https:\/\/wpe-encheres.com\/site\/#website"},"primaryImageOfPage":{"@id":"https:\/\/wpe-encheres.com\/site\/produit\/paire-de-chaises-de-marque-be-pure-home-modele-vogue-dossier-et-assise-en-velours-de-couleur-jaune-avec-motifs-fleuris-blanc-et-marrons-reposant-sur-4-pieds-en-metal-noir-dim-82-x-50-x-60-cm-loca\/#primaryimage"},"image":{"@id":"https:\/\/wpe-encheres.com\/site\/produit\/paire-de-chaises-de-marque-be-pure-home-modele-vogue-dossier-et-assise-en-velours-de-couleur-jaune-avec-motifs-fleuris-blanc-et-marrons-reposant-sur-4-pieds-en-metal-noir-dim-82-x-50-x-60-cm-loca\/#primaryimage"},"thumbnailUrl":"https:\/\/wpe-encheres.com\/site\/wp-content\/uploads\/2026\/04\/69c6a61badbd3.jpg","datePublished":"2026-04-07T18:38:38+00:00","dateModified":"2026-04-07T18:38:44+00:00","breadcrumb":{"@id":"https:\/\/wpe-encheres.com\/site\/produit\/paire-de-chaises-de-marque-be-pure-home-modele-vogue-dossier-et-assise-en-velours-de-couleur-jaune-avec-motifs-fleuris-blanc-et-marrons-reposant-sur-4-pieds-en-metal-noir-dim-82-x-50-x-60-cm-loca\/#breadcrumb"},"inLanguage":"fr-FR","potentialAction":[{"@type":"ReadAction","target":["https:\/\/wpe-encheres.com\/site\/produit\/paire-de-chaises-de-marque-be-pure-home-modele-vogue-dossier-et-assise-en-velours-de-couleur-jaune-avec-motifs-fleuris-blanc-et-marrons-reposant-sur-4-pieds-en-metal-noir-dim-82-x-50-x-60-cm-loca\/"]}]},{"@type":"ImageObject","inLanguage":"fr-FR","@id":"https:\/\/wpe-encheres.com\/site\/produit\/paire-de-chaises-de-marque-be-pure-home-modele-vogue-dossier-et-assise-en-velours-de-couleur-jaune-avec-motifs-fleuris-blanc-et-marrons-reposant-sur-4-pieds-en-metal-noir-dim-82-x-50-x-60-cm-loca\/#primaryimage","url":"https:\/\/wpe-encheres.com\/site\/wp-content\/uploads\/2026\/04\/69c6a61badbd3.jpg","contentUrl":"https:\/\/wpe-encheres.com\/site\/wp-content\/uploads\/2026\/04\/69c6a61badbd3.jpg","width":643,"height":931},{"@type":"BreadcrumbList","@id":"https:\/\/wpe-encheres.com\/site\/produit\/paire-de-chaises-de-marque-be-pure-home-modele-vogue-dossier-et-assise-en-velours-de-couleur-jaune-avec-motifs-fleuris-blanc-et-marrons-reposant-sur-4-pieds-en-metal-noir-dim-82-x-50-x-60-cm-loca\/#breadcrumb","itemListElement":[{"@type":"ListItem","position":1,"name":"Accueil","item":"https:\/\/wpe-encheres.com\/site\/"},{"@type":"ListItem","position":2,"name":"Boutique","item":"https:\/\/wpe-encheres.com\/site\/?page_id=22765"},{"@type":"ListItem","position":3,"name":"Paire de chaises de marque Be Pure Home mod\u00e8le Vogue, dossier et assise en velours de couleur jaune avec motifs fleuris blanc et marrons reposant sur 4 pieds en m\u00e9tal noir. Dim : 82 x 50 x 60 cm. Localisation: BLB, 3 rue de la Foss\u00e9 aux Leux &#8211; 91700 Sainte Genevi\u00e8ve des Bois"}]},{"@type":"WebSite","@id":"https:\/\/wpe-encheres.com\/site\/#website","url":"https:\/\/wpe-encheres.com\/site\/","name":"wpe-encheres","description":"","publisher":{"@id":"https:\/\/wpe-encheres.com\/site\/#organization"},"potentialAction":[{"@type":"SearchAction","target":{"@type":"EntryPoint","urlTemplate":"https:\/\/wpe-encheres.com\/site\/?s={search_term_string}"},"query-input":{"@type":"PropertyValueSpecification","valueRequired":true,"valueName":"search_term_string"}}],"inLanguage":"fr-FR"},{"@type":"Organization","@id":"https:\/\/wpe-encheres.com\/site\/#organization","name":"wpe encheres","url":"https:\/\/wpe-encheres.com\/site\/","logo":{"@type":"ImageObject","inLanguage":"fr-FR","@id":"https:\/\/wpe-encheres.com\/site\/#\/schema\/logo\/image\/","url":"https:\/\/wpe-encheres.com\/site\/wp-content\/uploads\/2025\/08\/wpe-encheres-logo.png","contentUrl":"https:\/\/wpe-encheres.com\/site\/wp-content\/uploads\/2025\/08\/wpe-encheres-logo.png","width":300,"height":110,"caption":"wpe encheres"},"image":{"@id":"https:\/\/wpe-encheres.com\/site\/#\/schema\/logo\/image\/"}}]}},"_links":{"self":[{"href":"https:\/\/wpe-encheres.com\/site\/wp-json\/wp\/v2\/product\/42350","targetHints":{"allow":["GET"]}}],"collection":[{"href":"https:\/\/wpe-encheres.com\/site\/wp-json\/wp\/v2\/product"}],"about":[{"href":"https:\/\/wpe-encheres.com\/site\/wp-json\/wp\/v2\/types\/product"}],"wp:featuredmedia":[{"embeddable":true,"href":"https:\/\/wpe-encheres.com\/site\/wp-json\/wp\/v2\/media\/42351"}],"wp:attachment":[{"href":"https:\/\/wpe-encheres.com\/site\/wp-json\/wp\/v2\/media?parent=42350"}],"wp:term":[{"taxonomy":"product_brand","embeddable":true,"href":"https:\/\/wpe-encheres.com\/site\/wp-json\/wp\/v2\/product_brand?post=42350"},{"taxonomy":"product_cat","embeddable":true,"href":"https:\/\/wpe-encheres.com\/site\/wp-json\/wp\/v2\/product_cat?post=42350"},{"taxonomy":"product_tag","embeddable":true,"href":"https:\/\/wpe-encheres.com\/site\/wp-json\/wp\/v2\/product_tag?post=42350"}],"curies":[{"name":"wp","href":"https:\/\/api.w.org\/{rel}","templated":true}]}}