{"id":41973,"date":"2026-03-20T18:48:02","date_gmt":"2026-03-20T17:48:02","guid":{"rendered":"https:\/\/wpe-encheres.com\/site\/produit\/panneaux-acoustiques-isolants-sur-rails-a-demonter-nacelle-necessaire\/"},"modified":"2026-03-20T18:48:25","modified_gmt":"2026-03-20T17:48:25","slug":"panneaux-acoustiques-isolants-sur-rails-a-demonter-nacelle-necessaire","status":"publish","type":"product","link":"https:\/\/wpe-encheres.com\/site\/produit\/panneaux-acoustiques-isolants-sur-rails-a-demonter-nacelle-necessaire\/","title":{"rendered":"Panneaux acoustiques isolants sur rails. A d\u00e9monter. Nacelle n\u00e9cessaire"},"content":{"rendered":"<p>Panneaux acoustiques isolants sur rails. A d\u00e9monter. Nacelle n\u00e9cessaire<\/p>\n","protected":false},"excerpt":{"rendered":"<p>Panneaux acoustiques isolants sur rails. A d\u00e9monter. Nacelle n\u00e9cessaire<\/p>\n","protected":false},"featured_media":41974,"template":"","meta":{"_acf_changed":false},"product_brand":[],"product_cat":[29],"product_tag":[73],"class_list":{"0":"post-41973","1":"product","2":"type-product","3":"status-publish","4":"has-post-thumbnail","6":"product_cat-materiel-industriel-outillage-machines-outils-coffres-forts-et-armoires-fortes","7":"product_tag-vente-08-avril-2026","9":"first","10":"instock","11":"product-type-simple"},"acf":[],"yoast_head":"<!-- This site is optimized with the Yoast SEO plugin v27.3 - https:\/\/yoast.com\/product\/yoast-seo-wordpress\/ -->\n<title>Panneaux acoustiques isolants sur rails. A d\u00e9monter. Nacelle n\u00e9cessaire - wpe-encheres<\/title>\n<meta name=\"robots\" content=\"index, follow, max-snippet:-1, max-image-preview:large, max-video-preview:-1\" \/>\n<link rel=\"canonical\" href=\"https:\/\/wpe-encheres.com\/site\/produit\/panneaux-acoustiques-isolants-sur-rails-a-demonter-nacelle-necessaire\/\" \/>\n<meta property=\"og:locale\" content=\"fr_FR\" \/>\n<meta property=\"og:type\" content=\"article\" \/>\n<meta property=\"og:title\" content=\"Panneaux acoustiques isolants sur rails. A d\u00e9monter. Nacelle n\u00e9cessaire - wpe-encheres\" \/>\n<meta property=\"og:description\" content=\"Panneaux acoustiques isolants sur rails. A d\u00e9monter. Nacelle n\u00e9cessaire\" \/>\n<meta property=\"og:url\" content=\"https:\/\/wpe-encheres.com\/site\/produit\/panneaux-acoustiques-isolants-sur-rails-a-demonter-nacelle-necessaire\/\" \/>\n<meta property=\"og:site_name\" content=\"wpe-encheres\" \/>\n<meta property=\"article:modified_time\" content=\"2026-03-20T17:48:25+00:00\" \/>\n<meta property=\"og:image\" content=\"https:\/\/wpe-encheres.com\/site\/wp-content\/uploads\/2026\/03\/69bc291d0a0ee.jpg\" \/>\n\t<meta property=\"og:image:width\" content=\"768\" \/>\n\t<meta property=\"og:image:height\" content=\"432\" \/>\n\t<meta property=\"og:image:type\" content=\"image\/jpeg\" \/>\n<meta name=\"twitter:card\" content=\"summary_large_image\" \/>\n<script type=\"application\/ld+json\" class=\"yoast-schema-graph\">{\"@context\":\"https:\\\/\\\/schema.org\",\"@graph\":[{\"@type\":\"WebPage\",\"@id\":\"https:\\\/\\\/wpe-encheres.com\\\/site\\\/produit\\\/panneaux-acoustiques-isolants-sur-rails-a-demonter-nacelle-necessaire\\\/\",\"url\":\"https:\\\/\\\/wpe-encheres.com\\\/site\\\/produit\\\/panneaux-acoustiques-isolants-sur-rails-a-demonter-nacelle-necessaire\\\/\",\"name\":\"Panneaux acoustiques isolants sur rails. A d\u00e9monter. Nacelle n\u00e9cessaire - wpe-encheres\",\"isPartOf\":{\"@id\":\"https:\\\/\\\/wpe-encheres.com\\\/site\\\/#website\"},\"primaryImageOfPage\":{\"@id\":\"https:\\\/\\\/wpe-encheres.com\\\/site\\\/produit\\\/panneaux-acoustiques-isolants-sur-rails-a-demonter-nacelle-necessaire\\\/#primaryimage\"},\"image\":{\"@id\":\"https:\\\/\\\/wpe-encheres.com\\\/site\\\/produit\\\/panneaux-acoustiques-isolants-sur-rails-a-demonter-nacelle-necessaire\\\/#primaryimage\"},\"thumbnailUrl\":\"https:\\\/\\\/wpe-encheres.com\\\/site\\\/wp-content\\\/uploads\\\/2026\\\/03\\\/69bc291d0a0ee.jpg\",\"datePublished\":\"2026-03-20T17:48:02+00:00\",\"dateModified\":\"2026-03-20T17:48:25+00:00\",\"breadcrumb\":{\"@id\":\"https:\\\/\\\/wpe-encheres.com\\\/site\\\/produit\\\/panneaux-acoustiques-isolants-sur-rails-a-demonter-nacelle-necessaire\\\/#breadcrumb\"},\"inLanguage\":\"fr-FR\",\"potentialAction\":[{\"@type\":\"ReadAction\",\"target\":[\"https:\\\/\\\/wpe-encheres.com\\\/site\\\/produit\\\/panneaux-acoustiques-isolants-sur-rails-a-demonter-nacelle-necessaire\\\/\"]}]},{\"@type\":\"ImageObject\",\"inLanguage\":\"fr-FR\",\"@id\":\"https:\\\/\\\/wpe-encheres.com\\\/site\\\/produit\\\/panneaux-acoustiques-isolants-sur-rails-a-demonter-nacelle-necessaire\\\/#primaryimage\",\"url\":\"https:\\\/\\\/wpe-encheres.com\\\/site\\\/wp-content\\\/uploads\\\/2026\\\/03\\\/69bc291d0a0ee.jpg\",\"contentUrl\":\"https:\\\/\\\/wpe-encheres.com\\\/site\\\/wp-content\\\/uploads\\\/2026\\\/03\\\/69bc291d0a0ee.jpg\",\"width\":768,\"height\":432},{\"@type\":\"BreadcrumbList\",\"@id\":\"https:\\\/\\\/wpe-encheres.com\\\/site\\\/produit\\\/panneaux-acoustiques-isolants-sur-rails-a-demonter-nacelle-necessaire\\\/#breadcrumb\",\"itemListElement\":[{\"@type\":\"ListItem\",\"position\":1,\"name\":\"Accueil\",\"item\":\"https:\\\/\\\/wpe-encheres.com\\\/site\\\/\"},{\"@type\":\"ListItem\",\"position\":2,\"name\":\"Boutique\",\"item\":\"https:\\\/\\\/wpe-encheres.com\\\/site\\\/?page_id=22765\"},{\"@type\":\"ListItem\",\"position\":3,\"name\":\"Panneaux acoustiques isolants sur rails. A d\u00e9monter. Nacelle n\u00e9cessaire\"}]},{\"@type\":\"WebSite\",\"@id\":\"https:\\\/\\\/wpe-encheres.com\\\/site\\\/#website\",\"url\":\"https:\\\/\\\/wpe-encheres.com\\\/site\\\/\",\"name\":\"wpe-encheres\",\"description\":\"\",\"publisher\":{\"@id\":\"https:\\\/\\\/wpe-encheres.com\\\/site\\\/#organization\"},\"potentialAction\":[{\"@type\":\"SearchAction\",\"target\":{\"@type\":\"EntryPoint\",\"urlTemplate\":\"https:\\\/\\\/wpe-encheres.com\\\/site\\\/?s={search_term_string}\"},\"query-input\":{\"@type\":\"PropertyValueSpecification\",\"valueRequired\":true,\"valueName\":\"search_term_string\"}}],\"inLanguage\":\"fr-FR\"},{\"@type\":\"Organization\",\"@id\":\"https:\\\/\\\/wpe-encheres.com\\\/site\\\/#organization\",\"name\":\"wpe encheres\",\"url\":\"https:\\\/\\\/wpe-encheres.com\\\/site\\\/\",\"logo\":{\"@type\":\"ImageObject\",\"inLanguage\":\"fr-FR\",\"@id\":\"https:\\\/\\\/wpe-encheres.com\\\/site\\\/#\\\/schema\\\/logo\\\/image\\\/\",\"url\":\"https:\\\/\\\/wpe-encheres.com\\\/site\\\/wp-content\\\/uploads\\\/2025\\\/08\\\/wpe-encheres-logo.png\",\"contentUrl\":\"https:\\\/\\\/wpe-encheres.com\\\/site\\\/wp-content\\\/uploads\\\/2025\\\/08\\\/wpe-encheres-logo.png\",\"width\":300,\"height\":110,\"caption\":\"wpe encheres\"},\"image\":{\"@id\":\"https:\\\/\\\/wpe-encheres.com\\\/site\\\/#\\\/schema\\\/logo\\\/image\\\/\"}}]}<\/script>\n<!-- \/ Yoast SEO plugin. -->","yoast_head_json":{"title":"Panneaux acoustiques isolants sur rails. A d\u00e9monter. Nacelle n\u00e9cessaire - wpe-encheres","robots":{"index":"index","follow":"follow","max-snippet":"max-snippet:-1","max-image-preview":"max-image-preview:large","max-video-preview":"max-video-preview:-1"},"canonical":"https:\/\/wpe-encheres.com\/site\/produit\/panneaux-acoustiques-isolants-sur-rails-a-demonter-nacelle-necessaire\/","og_locale":"fr_FR","og_type":"article","og_title":"Panneaux acoustiques isolants sur rails. A d\u00e9monter. Nacelle n\u00e9cessaire - wpe-encheres","og_description":"Panneaux acoustiques isolants sur rails. A d\u00e9monter. Nacelle n\u00e9cessaire","og_url":"https:\/\/wpe-encheres.com\/site\/produit\/panneaux-acoustiques-isolants-sur-rails-a-demonter-nacelle-necessaire\/","og_site_name":"wpe-encheres","article_modified_time":"2026-03-20T17:48:25+00:00","og_image":[{"width":768,"height":432,"url":"https:\/\/wpe-encheres.com\/site\/wp-content\/uploads\/2026\/03\/69bc291d0a0ee.jpg","type":"image\/jpeg"}],"twitter_card":"summary_large_image","schema":{"@context":"https:\/\/schema.org","@graph":[{"@type":"WebPage","@id":"https:\/\/wpe-encheres.com\/site\/produit\/panneaux-acoustiques-isolants-sur-rails-a-demonter-nacelle-necessaire\/","url":"https:\/\/wpe-encheres.com\/site\/produit\/panneaux-acoustiques-isolants-sur-rails-a-demonter-nacelle-necessaire\/","name":"Panneaux acoustiques isolants sur rails. A d\u00e9monter. Nacelle n\u00e9cessaire - wpe-encheres","isPartOf":{"@id":"https:\/\/wpe-encheres.com\/site\/#website"},"primaryImageOfPage":{"@id":"https:\/\/wpe-encheres.com\/site\/produit\/panneaux-acoustiques-isolants-sur-rails-a-demonter-nacelle-necessaire\/#primaryimage"},"image":{"@id":"https:\/\/wpe-encheres.com\/site\/produit\/panneaux-acoustiques-isolants-sur-rails-a-demonter-nacelle-necessaire\/#primaryimage"},"thumbnailUrl":"https:\/\/wpe-encheres.com\/site\/wp-content\/uploads\/2026\/03\/69bc291d0a0ee.jpg","datePublished":"2026-03-20T17:48:02+00:00","dateModified":"2026-03-20T17:48:25+00:00","breadcrumb":{"@id":"https:\/\/wpe-encheres.com\/site\/produit\/panneaux-acoustiques-isolants-sur-rails-a-demonter-nacelle-necessaire\/#breadcrumb"},"inLanguage":"fr-FR","potentialAction":[{"@type":"ReadAction","target":["https:\/\/wpe-encheres.com\/site\/produit\/panneaux-acoustiques-isolants-sur-rails-a-demonter-nacelle-necessaire\/"]}]},{"@type":"ImageObject","inLanguage":"fr-FR","@id":"https:\/\/wpe-encheres.com\/site\/produit\/panneaux-acoustiques-isolants-sur-rails-a-demonter-nacelle-necessaire\/#primaryimage","url":"https:\/\/wpe-encheres.com\/site\/wp-content\/uploads\/2026\/03\/69bc291d0a0ee.jpg","contentUrl":"https:\/\/wpe-encheres.com\/site\/wp-content\/uploads\/2026\/03\/69bc291d0a0ee.jpg","width":768,"height":432},{"@type":"BreadcrumbList","@id":"https:\/\/wpe-encheres.com\/site\/produit\/panneaux-acoustiques-isolants-sur-rails-a-demonter-nacelle-necessaire\/#breadcrumb","itemListElement":[{"@type":"ListItem","position":1,"name":"Accueil","item":"https:\/\/wpe-encheres.com\/site\/"},{"@type":"ListItem","position":2,"name":"Boutique","item":"https:\/\/wpe-encheres.com\/site\/?page_id=22765"},{"@type":"ListItem","position":3,"name":"Panneaux acoustiques isolants sur rails. A d\u00e9monter. Nacelle n\u00e9cessaire"}]},{"@type":"WebSite","@id":"https:\/\/wpe-encheres.com\/site\/#website","url":"https:\/\/wpe-encheres.com\/site\/","name":"wpe-encheres","description":"","publisher":{"@id":"https:\/\/wpe-encheres.com\/site\/#organization"},"potentialAction":[{"@type":"SearchAction","target":{"@type":"EntryPoint","urlTemplate":"https:\/\/wpe-encheres.com\/site\/?s={search_term_string}"},"query-input":{"@type":"PropertyValueSpecification","valueRequired":true,"valueName":"search_term_string"}}],"inLanguage":"fr-FR"},{"@type":"Organization","@id":"https:\/\/wpe-encheres.com\/site\/#organization","name":"wpe encheres","url":"https:\/\/wpe-encheres.com\/site\/","logo":{"@type":"ImageObject","inLanguage":"fr-FR","@id":"https:\/\/wpe-encheres.com\/site\/#\/schema\/logo\/image\/","url":"https:\/\/wpe-encheres.com\/site\/wp-content\/uploads\/2025\/08\/wpe-encheres-logo.png","contentUrl":"https:\/\/wpe-encheres.com\/site\/wp-content\/uploads\/2025\/08\/wpe-encheres-logo.png","width":300,"height":110,"caption":"wpe encheres"},"image":{"@id":"https:\/\/wpe-encheres.com\/site\/#\/schema\/logo\/image\/"}}]}},"_links":{"self":[{"href":"https:\/\/wpe-encheres.com\/site\/wp-json\/wp\/v2\/product\/41973","targetHints":{"allow":["GET"]}}],"collection":[{"href":"https:\/\/wpe-encheres.com\/site\/wp-json\/wp\/v2\/product"}],"about":[{"href":"https:\/\/wpe-encheres.com\/site\/wp-json\/wp\/v2\/types\/product"}],"wp:featuredmedia":[{"embeddable":true,"href":"https:\/\/wpe-encheres.com\/site\/wp-json\/wp\/v2\/media\/41974"}],"wp:attachment":[{"href":"https:\/\/wpe-encheres.com\/site\/wp-json\/wp\/v2\/media?parent=41973"}],"wp:term":[{"taxonomy":"product_brand","embeddable":true,"href":"https:\/\/wpe-encheres.com\/site\/wp-json\/wp\/v2\/product_brand?post=41973"},{"taxonomy":"product_cat","embeddable":true,"href":"https:\/\/wpe-encheres.com\/site\/wp-json\/wp\/v2\/product_cat?post=41973"},{"taxonomy":"product_tag","embeddable":true,"href":"https:\/\/wpe-encheres.com\/site\/wp-json\/wp\/v2\/product_tag?post=41973"}],"curies":[{"name":"wp","href":"https:\/\/api.w.org\/{rel}","templated":true}]}}