{"id":41692,"date":"2026-03-18T19:42:06","date_gmt":"2026-03-18T18:42:06","guid":{"rendered":"https:\/\/wpe-encheres.com\/site\/produit\/armoire-froide-sur-roulettes-de-marque-bacchus-modele-gn650tn-en-inox-alimentaire-ouvrant-a-une-porte-200-x-74-x-83-cm\/"},"modified":"2026-03-18T19:42:07","modified_gmt":"2026-03-18T18:42:07","slug":"armoire-froide-sur-roulettes-de-marque-bacchus-modele-gn650tn-en-inox-alimentaire-ouvrant-a-une-porte-200-x-74-x-83-cm","status":"publish","type":"product","link":"https:\/\/wpe-encheres.com\/site\/produit\/armoire-froide-sur-roulettes-de-marque-bacchus-modele-gn650tn-en-inox-alimentaire-ouvrant-a-une-porte-200-x-74-x-83-cm\/","title":{"rendered":"Armoire froide sur roulettes de marque Bacchus mod\u00e8le GN650TN en inox alimentaire ouvrant \u00e0 une porte. 200 x 74 x 83 cm"},"content":{"rendered":"<p>Armoire froide sur roulettes de marque Bacchus mod\u00e8le GN650TN en inox alimentaire ouvrant \u00e0 une porte. 200 x 74 x 83 cm<\/p>\n","protected":false},"excerpt":{"rendered":"<p>Armoire froide sur roulettes de marque Bacchus mod\u00e8le GN650TN en inox alimentaire ouvrant \u00e0 une porte. 200 x 74 x 83 cm<\/p>\n","protected":false},"featured_media":41693,"template":"","meta":{"_acf_changed":false},"product_brand":[],"product_cat":[29],"product_tag":[73],"class_list":{"0":"post-41692","1":"product","2":"type-product","3":"status-publish","4":"has-post-thumbnail","6":"product_cat-materiel-industriel-outillage-machines-outils-coffres-forts-et-armoires-fortes","7":"product_tag-vente-08-avril-2026","9":"first","10":"instock","11":"product-type-simple"},"acf":[],"yoast_head":"<!-- This site is optimized with the Yoast SEO plugin v27.3 - https:\/\/yoast.com\/product\/yoast-seo-wordpress\/ -->\n<title>Armoire froide sur roulettes de marque Bacchus mod\u00e8le GN650TN en inox alimentaire ouvrant \u00e0 une porte. 200 x 74 x 83 cm - wpe-encheres<\/title>\n<meta name=\"robots\" content=\"index, follow, max-snippet:-1, max-image-preview:large, max-video-preview:-1\" \/>\n<link rel=\"canonical\" href=\"https:\/\/wpe-encheres.com\/site\/produit\/armoire-froide-sur-roulettes-de-marque-bacchus-modele-gn650tn-en-inox-alimentaire-ouvrant-a-une-porte-200-x-74-x-83-cm\/\" \/>\n<meta property=\"og:locale\" content=\"fr_FR\" \/>\n<meta property=\"og:type\" content=\"article\" \/>\n<meta property=\"og:title\" content=\"Armoire froide sur roulettes de marque Bacchus mod\u00e8le GN650TN en inox alimentaire ouvrant \u00e0 une porte. 200 x 74 x 83 cm - wpe-encheres\" \/>\n<meta property=\"og:description\" content=\"Armoire froide sur roulettes de marque Bacchus mod\u00e8le GN650TN en inox alimentaire ouvrant \u00e0 une porte. 200 x 74 x 83 cm\" \/>\n<meta property=\"og:url\" content=\"https:\/\/wpe-encheres.com\/site\/produit\/armoire-froide-sur-roulettes-de-marque-bacchus-modele-gn650tn-en-inox-alimentaire-ouvrant-a-une-porte-200-x-74-x-83-cm\/\" \/>\n<meta property=\"og:site_name\" content=\"wpe-encheres\" \/>\n<meta property=\"article:modified_time\" content=\"2026-03-18T18:42:07+00:00\" \/>\n<meta property=\"og:image\" content=\"https:\/\/wpe-encheres.com\/site\/wp-content\/uploads\/2026\/03\/69ba9d2f6260c.jpg\" \/>\n\t<meta property=\"og:image:width\" content=\"519\" \/>\n\t<meta property=\"og:image:height\" content=\"939\" \/>\n\t<meta property=\"og:image:type\" content=\"image\/jpeg\" \/>\n<meta name=\"twitter:card\" content=\"summary_large_image\" \/>\n<script type=\"application\/ld+json\" class=\"yoast-schema-graph\">{\"@context\":\"https:\\\/\\\/schema.org\",\"@graph\":[{\"@type\":\"WebPage\",\"@id\":\"https:\\\/\\\/wpe-encheres.com\\\/site\\\/produit\\\/armoire-froide-sur-roulettes-de-marque-bacchus-modele-gn650tn-en-inox-alimentaire-ouvrant-a-une-porte-200-x-74-x-83-cm\\\/\",\"url\":\"https:\\\/\\\/wpe-encheres.com\\\/site\\\/produit\\\/armoire-froide-sur-roulettes-de-marque-bacchus-modele-gn650tn-en-inox-alimentaire-ouvrant-a-une-porte-200-x-74-x-83-cm\\\/\",\"name\":\"Armoire froide sur roulettes de marque Bacchus mod\u00e8le GN650TN en inox alimentaire ouvrant \u00e0 une porte. 200 x 74 x 83 cm - wpe-encheres\",\"isPartOf\":{\"@id\":\"https:\\\/\\\/wpe-encheres.com\\\/site\\\/#website\"},\"primaryImageOfPage\":{\"@id\":\"https:\\\/\\\/wpe-encheres.com\\\/site\\\/produit\\\/armoire-froide-sur-roulettes-de-marque-bacchus-modele-gn650tn-en-inox-alimentaire-ouvrant-a-une-porte-200-x-74-x-83-cm\\\/#primaryimage\"},\"image\":{\"@id\":\"https:\\\/\\\/wpe-encheres.com\\\/site\\\/produit\\\/armoire-froide-sur-roulettes-de-marque-bacchus-modele-gn650tn-en-inox-alimentaire-ouvrant-a-une-porte-200-x-74-x-83-cm\\\/#primaryimage\"},\"thumbnailUrl\":\"https:\\\/\\\/wpe-encheres.com\\\/site\\\/wp-content\\\/uploads\\\/2026\\\/03\\\/69ba9d2f6260c.jpg\",\"datePublished\":\"2026-03-18T18:42:06+00:00\",\"dateModified\":\"2026-03-18T18:42:07+00:00\",\"breadcrumb\":{\"@id\":\"https:\\\/\\\/wpe-encheres.com\\\/site\\\/produit\\\/armoire-froide-sur-roulettes-de-marque-bacchus-modele-gn650tn-en-inox-alimentaire-ouvrant-a-une-porte-200-x-74-x-83-cm\\\/#breadcrumb\"},\"inLanguage\":\"fr-FR\",\"potentialAction\":[{\"@type\":\"ReadAction\",\"target\":[\"https:\\\/\\\/wpe-encheres.com\\\/site\\\/produit\\\/armoire-froide-sur-roulettes-de-marque-bacchus-modele-gn650tn-en-inox-alimentaire-ouvrant-a-une-porte-200-x-74-x-83-cm\\\/\"]}]},{\"@type\":\"ImageObject\",\"inLanguage\":\"fr-FR\",\"@id\":\"https:\\\/\\\/wpe-encheres.com\\\/site\\\/produit\\\/armoire-froide-sur-roulettes-de-marque-bacchus-modele-gn650tn-en-inox-alimentaire-ouvrant-a-une-porte-200-x-74-x-83-cm\\\/#primaryimage\",\"url\":\"https:\\\/\\\/wpe-encheres.com\\\/site\\\/wp-content\\\/uploads\\\/2026\\\/03\\\/69ba9d2f6260c.jpg\",\"contentUrl\":\"https:\\\/\\\/wpe-encheres.com\\\/site\\\/wp-content\\\/uploads\\\/2026\\\/03\\\/69ba9d2f6260c.jpg\",\"width\":519,\"height\":939},{\"@type\":\"BreadcrumbList\",\"@id\":\"https:\\\/\\\/wpe-encheres.com\\\/site\\\/produit\\\/armoire-froide-sur-roulettes-de-marque-bacchus-modele-gn650tn-en-inox-alimentaire-ouvrant-a-une-porte-200-x-74-x-83-cm\\\/#breadcrumb\",\"itemListElement\":[{\"@type\":\"ListItem\",\"position\":1,\"name\":\"Accueil\",\"item\":\"https:\\\/\\\/wpe-encheres.com\\\/site\\\/\"},{\"@type\":\"ListItem\",\"position\":2,\"name\":\"Boutique\",\"item\":\"https:\\\/\\\/wpe-encheres.com\\\/site\\\/?page_id=22765\"},{\"@type\":\"ListItem\",\"position\":3,\"name\":\"Armoire froide sur roulettes de marque Bacchus mod\u00e8le GN650TN en inox alimentaire ouvrant \u00e0 une porte. 200 x 74 x 83 cm\"}]},{\"@type\":\"WebSite\",\"@id\":\"https:\\\/\\\/wpe-encheres.com\\\/site\\\/#website\",\"url\":\"https:\\\/\\\/wpe-encheres.com\\\/site\\\/\",\"name\":\"wpe-encheres\",\"description\":\"\",\"publisher\":{\"@id\":\"https:\\\/\\\/wpe-encheres.com\\\/site\\\/#organization\"},\"potentialAction\":[{\"@type\":\"SearchAction\",\"target\":{\"@type\":\"EntryPoint\",\"urlTemplate\":\"https:\\\/\\\/wpe-encheres.com\\\/site\\\/?s={search_term_string}\"},\"query-input\":{\"@type\":\"PropertyValueSpecification\",\"valueRequired\":true,\"valueName\":\"search_term_string\"}}],\"inLanguage\":\"fr-FR\"},{\"@type\":\"Organization\",\"@id\":\"https:\\\/\\\/wpe-encheres.com\\\/site\\\/#organization\",\"name\":\"wpe encheres\",\"url\":\"https:\\\/\\\/wpe-encheres.com\\\/site\\\/\",\"logo\":{\"@type\":\"ImageObject\",\"inLanguage\":\"fr-FR\",\"@id\":\"https:\\\/\\\/wpe-encheres.com\\\/site\\\/#\\\/schema\\\/logo\\\/image\\\/\",\"url\":\"https:\\\/\\\/wpe-encheres.com\\\/site\\\/wp-content\\\/uploads\\\/2025\\\/08\\\/wpe-encheres-logo.png\",\"contentUrl\":\"https:\\\/\\\/wpe-encheres.com\\\/site\\\/wp-content\\\/uploads\\\/2025\\\/08\\\/wpe-encheres-logo.png\",\"width\":300,\"height\":110,\"caption\":\"wpe encheres\"},\"image\":{\"@id\":\"https:\\\/\\\/wpe-encheres.com\\\/site\\\/#\\\/schema\\\/logo\\\/image\\\/\"}}]}<\/script>\n<!-- \/ Yoast SEO plugin. -->","yoast_head_json":{"title":"Armoire froide sur roulettes de marque Bacchus mod\u00e8le GN650TN en inox alimentaire ouvrant \u00e0 une porte. 200 x 74 x 83 cm - wpe-encheres","robots":{"index":"index","follow":"follow","max-snippet":"max-snippet:-1","max-image-preview":"max-image-preview:large","max-video-preview":"max-video-preview:-1"},"canonical":"https:\/\/wpe-encheres.com\/site\/produit\/armoire-froide-sur-roulettes-de-marque-bacchus-modele-gn650tn-en-inox-alimentaire-ouvrant-a-une-porte-200-x-74-x-83-cm\/","og_locale":"fr_FR","og_type":"article","og_title":"Armoire froide sur roulettes de marque Bacchus mod\u00e8le GN650TN en inox alimentaire ouvrant \u00e0 une porte. 200 x 74 x 83 cm - wpe-encheres","og_description":"Armoire froide sur roulettes de marque Bacchus mod\u00e8le GN650TN en inox alimentaire ouvrant \u00e0 une porte. 200 x 74 x 83 cm","og_url":"https:\/\/wpe-encheres.com\/site\/produit\/armoire-froide-sur-roulettes-de-marque-bacchus-modele-gn650tn-en-inox-alimentaire-ouvrant-a-une-porte-200-x-74-x-83-cm\/","og_site_name":"wpe-encheres","article_modified_time":"2026-03-18T18:42:07+00:00","og_image":[{"width":519,"height":939,"url":"https:\/\/wpe-encheres.com\/site\/wp-content\/uploads\/2026\/03\/69ba9d2f6260c.jpg","type":"image\/jpeg"}],"twitter_card":"summary_large_image","schema":{"@context":"https:\/\/schema.org","@graph":[{"@type":"WebPage","@id":"https:\/\/wpe-encheres.com\/site\/produit\/armoire-froide-sur-roulettes-de-marque-bacchus-modele-gn650tn-en-inox-alimentaire-ouvrant-a-une-porte-200-x-74-x-83-cm\/","url":"https:\/\/wpe-encheres.com\/site\/produit\/armoire-froide-sur-roulettes-de-marque-bacchus-modele-gn650tn-en-inox-alimentaire-ouvrant-a-une-porte-200-x-74-x-83-cm\/","name":"Armoire froide sur roulettes de marque Bacchus mod\u00e8le GN650TN en inox alimentaire ouvrant \u00e0 une porte. 200 x 74 x 83 cm - wpe-encheres","isPartOf":{"@id":"https:\/\/wpe-encheres.com\/site\/#website"},"primaryImageOfPage":{"@id":"https:\/\/wpe-encheres.com\/site\/produit\/armoire-froide-sur-roulettes-de-marque-bacchus-modele-gn650tn-en-inox-alimentaire-ouvrant-a-une-porte-200-x-74-x-83-cm\/#primaryimage"},"image":{"@id":"https:\/\/wpe-encheres.com\/site\/produit\/armoire-froide-sur-roulettes-de-marque-bacchus-modele-gn650tn-en-inox-alimentaire-ouvrant-a-une-porte-200-x-74-x-83-cm\/#primaryimage"},"thumbnailUrl":"https:\/\/wpe-encheres.com\/site\/wp-content\/uploads\/2026\/03\/69ba9d2f6260c.jpg","datePublished":"2026-03-18T18:42:06+00:00","dateModified":"2026-03-18T18:42:07+00:00","breadcrumb":{"@id":"https:\/\/wpe-encheres.com\/site\/produit\/armoire-froide-sur-roulettes-de-marque-bacchus-modele-gn650tn-en-inox-alimentaire-ouvrant-a-une-porte-200-x-74-x-83-cm\/#breadcrumb"},"inLanguage":"fr-FR","potentialAction":[{"@type":"ReadAction","target":["https:\/\/wpe-encheres.com\/site\/produit\/armoire-froide-sur-roulettes-de-marque-bacchus-modele-gn650tn-en-inox-alimentaire-ouvrant-a-une-porte-200-x-74-x-83-cm\/"]}]},{"@type":"ImageObject","inLanguage":"fr-FR","@id":"https:\/\/wpe-encheres.com\/site\/produit\/armoire-froide-sur-roulettes-de-marque-bacchus-modele-gn650tn-en-inox-alimentaire-ouvrant-a-une-porte-200-x-74-x-83-cm\/#primaryimage","url":"https:\/\/wpe-encheres.com\/site\/wp-content\/uploads\/2026\/03\/69ba9d2f6260c.jpg","contentUrl":"https:\/\/wpe-encheres.com\/site\/wp-content\/uploads\/2026\/03\/69ba9d2f6260c.jpg","width":519,"height":939},{"@type":"BreadcrumbList","@id":"https:\/\/wpe-encheres.com\/site\/produit\/armoire-froide-sur-roulettes-de-marque-bacchus-modele-gn650tn-en-inox-alimentaire-ouvrant-a-une-porte-200-x-74-x-83-cm\/#breadcrumb","itemListElement":[{"@type":"ListItem","position":1,"name":"Accueil","item":"https:\/\/wpe-encheres.com\/site\/"},{"@type":"ListItem","position":2,"name":"Boutique","item":"https:\/\/wpe-encheres.com\/site\/?page_id=22765"},{"@type":"ListItem","position":3,"name":"Armoire froide sur roulettes de marque Bacchus mod\u00e8le GN650TN en inox alimentaire ouvrant \u00e0 une porte. 200 x 74 x 83 cm"}]},{"@type":"WebSite","@id":"https:\/\/wpe-encheres.com\/site\/#website","url":"https:\/\/wpe-encheres.com\/site\/","name":"wpe-encheres","description":"","publisher":{"@id":"https:\/\/wpe-encheres.com\/site\/#organization"},"potentialAction":[{"@type":"SearchAction","target":{"@type":"EntryPoint","urlTemplate":"https:\/\/wpe-encheres.com\/site\/?s={search_term_string}"},"query-input":{"@type":"PropertyValueSpecification","valueRequired":true,"valueName":"search_term_string"}}],"inLanguage":"fr-FR"},{"@type":"Organization","@id":"https:\/\/wpe-encheres.com\/site\/#organization","name":"wpe encheres","url":"https:\/\/wpe-encheres.com\/site\/","logo":{"@type":"ImageObject","inLanguage":"fr-FR","@id":"https:\/\/wpe-encheres.com\/site\/#\/schema\/logo\/image\/","url":"https:\/\/wpe-encheres.com\/site\/wp-content\/uploads\/2025\/08\/wpe-encheres-logo.png","contentUrl":"https:\/\/wpe-encheres.com\/site\/wp-content\/uploads\/2025\/08\/wpe-encheres-logo.png","width":300,"height":110,"caption":"wpe encheres"},"image":{"@id":"https:\/\/wpe-encheres.com\/site\/#\/schema\/logo\/image\/"}}]}},"_links":{"self":[{"href":"https:\/\/wpe-encheres.com\/site\/wp-json\/wp\/v2\/product\/41692","targetHints":{"allow":["GET"]}}],"collection":[{"href":"https:\/\/wpe-encheres.com\/site\/wp-json\/wp\/v2\/product"}],"about":[{"href":"https:\/\/wpe-encheres.com\/site\/wp-json\/wp\/v2\/types\/product"}],"wp:featuredmedia":[{"embeddable":true,"href":"https:\/\/wpe-encheres.com\/site\/wp-json\/wp\/v2\/media\/41693"}],"wp:attachment":[{"href":"https:\/\/wpe-encheres.com\/site\/wp-json\/wp\/v2\/media?parent=41692"}],"wp:term":[{"taxonomy":"product_brand","embeddable":true,"href":"https:\/\/wpe-encheres.com\/site\/wp-json\/wp\/v2\/product_brand?post=41692"},{"taxonomy":"product_cat","embeddable":true,"href":"https:\/\/wpe-encheres.com\/site\/wp-json\/wp\/v2\/product_cat?post=41692"},{"taxonomy":"product_tag","embeddable":true,"href":"https:\/\/wpe-encheres.com\/site\/wp-json\/wp\/v2\/product_tag?post=41692"}],"curies":[{"name":"wp","href":"https:\/\/api.w.org\/{rel}","templated":true}]}}