{"id":41545,"date":"2026-03-18T19:40:49","date_gmt":"2026-03-18T18:40:49","guid":{"rendered":"https:\/\/wpe-encheres.com\/site\/produit\/chariot-elevateur-de-marque-fenwick-linde-modele-e16c-02-mode-de-levagemode-de-levage-levage-par-chainesnombre-de-chaines-1-type-de-chaines-a-mailles-jointives-combinaison-a-x-b-4-x-4\/"},"modified":"2026-03-18T19:40:52","modified_gmt":"2026-03-18T18:40:52","slug":"chariot-elevateur-de-marque-fenwick-linde-modele-e16c-02-mode-de-levagemode-de-levage-levage-par-chainesnombre-de-chaines-1-type-de-chaines-a-mailles-jointives-combinaison-a-x-b-4-x-4","status":"publish","type":"product","link":"https:\/\/wpe-encheres.com\/site\/produit\/chariot-elevateur-de-marque-fenwick-linde-modele-e16c-02-mode-de-levagemode-de-levage-levage-par-chainesnombre-de-chaines-1-type-de-chaines-a-mailles-jointives-combinaison-a-x-b-4-x-4\/","title":{"rendered":"Chariot \u00e9l\u00e9vateur de marque Fenwick-Linde mod\u00e8le E16C-02.\nMODE DE LEVAGE\nMode de levage Levage par chaine(s)\nNombre de cha\u00eene(s) 1\n&#8211; Type de cha\u00eene(s) \u00e0 mailles jointives\n&#8211; Combinaison ( a X b ) 4 x 4\n&#8211; Pas (mm) 25,4\n&#8211; Mouflage (Nbre de brins) 2\nCARACTERISTIQUES DE L&rsquo;APPAREIL\nCMU ou Tableau des charges Tableau des charges affich\u00e9\nCharge maximale utile (kg) 1600\nDistance du centre de gravit\u00e9 (mm) 500\nHauteur de lev\u00e9e maxi (m) 6.6\nBatterie quasi neuve"},"content":{"rendered":"<p>Chariot \u00e9l\u00e9vateur de marque Fenwick-Linde mod\u00e8le E16C-02.<br \/>\nMODE DE LEVAGE<br \/>\nMode de levage Levage par chaine(s)<br \/>\nNombre de cha\u00eene(s) 1<br \/>\n&#8211; Type de cha\u00eene(s) \u00e0 mailles jointives<br \/>\n&#8211; Combinaison ( a X b ) 4 x 4<br \/>\n&#8211; Pas (mm) 25,4<br \/>\n&#8211; Mouflage (Nbre de brins) 2<br \/>\nCARACTERISTIQUES DE L&rsquo;APPAREIL<br \/>\nCMU ou Tableau des charges Tableau des charges affich\u00e9<br \/>\nCharge maximale utile (kg) 1600<br \/>\nDistance du centre de gravit\u00e9 (mm) 500<br \/>\nHauteur de lev\u00e9e maxi (m) 6.6<br \/>\nBatterie quasi neuve<\/p>\n","protected":false},"excerpt":{"rendered":"<p>Chariot \u00e9l\u00e9vateur de marque Fenwick-Linde mod\u00e8le E16C-02. MODE DE LEVAGE Mode de levage Levage par chaine(s) Nombre de cha\u00eene(s) 1 &#8211; Type de cha\u00eene(s) \u00e0 mailles jointives &#8211; Combinaison ( a X b ) 4 x 4 &#8211; Pas (mm) 25,4 &#8211; Mouflage (Nbre de&#8230;<\/p>\n","protected":false},"featured_media":41546,"template":"","meta":{"_acf_changed":false},"product_brand":[],"product_cat":[29],"product_tag":[73],"class_list":{"0":"post-41545","1":"product","2":"type-product","3":"status-publish","4":"has-post-thumbnail","6":"product_cat-materiel-industriel-outillage-machines-outils-coffres-forts-et-armoires-fortes","7":"product_tag-vente-08-avril-2026","9":"first","10":"instock","11":"product-type-simple"},"acf":[],"yoast_head":"<!-- This site is optimized with the Yoast SEO plugin v27.3 - https:\/\/yoast.com\/product\/yoast-seo-wordpress\/ -->\n<title>Chariot \u00e9l\u00e9vateur de marque Fenwick-Linde mod\u00e8le E16C-02. MODE DE LEVAGE Mode de levage Levage par chaine(s) Nombre de cha\u00eene(s) 1 - Type de cha\u00eene(s) \u00e0 mailles jointives - Combinaison ( a X b ) 4 x 4 - Pas (mm) 25,4 - Mouflage (Nbre de brins) 2 CARACTERISTIQUES DE L&#039;APPAREIL CMU ou Tableau des charges Tableau des charges affich\u00e9 Charge maximale utile (kg) 1600 Distance du centre de gravit\u00e9 (mm) 500 Hauteur de lev\u00e9e maxi (m) 6.6 Batterie quasi neuve - wpe-encheres<\/title>\n<meta name=\"robots\" content=\"index, follow, max-snippet:-1, max-image-preview:large, max-video-preview:-1\" \/>\n<link rel=\"canonical\" href=\"https:\/\/wpe-encheres.com\/site\/produit\/chariot-elevateur-de-marque-fenwick-linde-modele-e16c-02-mode-de-levagemode-de-levage-levage-par-chainesnombre-de-chaines-1-type-de-chaines-a-mailles-jointives-combinaison-a-x-b-4-x-4\/\" \/>\n<meta property=\"og:locale\" content=\"fr_FR\" \/>\n<meta property=\"og:type\" content=\"article\" \/>\n<meta property=\"og:title\" content=\"Chariot \u00e9l\u00e9vateur de marque Fenwick-Linde mod\u00e8le E16C-02. MODE DE LEVAGE Mode de levage Levage par chaine(s) Nombre de cha\u00eene(s) 1 - Type de cha\u00eene(s) \u00e0 mailles jointives - Combinaison ( a X b ) 4 x 4 - Pas (mm) 25,4 - Mouflage (Nbre de brins) 2 CARACTERISTIQUES DE L&#039;APPAREIL CMU ou Tableau des charges Tableau des charges affich\u00e9 Charge maximale utile (kg) 1600 Distance du centre de gravit\u00e9 (mm) 500 Hauteur de lev\u00e9e maxi (m) 6.6 Batterie quasi neuve - wpe-encheres\" \/>\n<meta property=\"og:description\" content=\"Chariot \u00e9l\u00e9vateur de marque Fenwick-Linde mod\u00e8le E16C-02. MODE DE LEVAGE Mode de levage Levage par chaine(s) Nombre de cha\u00eene(s) 1 &#8211; Type de cha\u00eene(s) \u00e0 mailles jointives &#8211; Combinaison ( a X b ) 4 x 4 &#8211; Pas (mm) 25,4 &#8211; Mouflage (Nbre de...\" \/>\n<meta property=\"og:url\" content=\"https:\/\/wpe-encheres.com\/site\/produit\/chariot-elevateur-de-marque-fenwick-linde-modele-e16c-02-mode-de-levagemode-de-levage-levage-par-chainesnombre-de-chaines-1-type-de-chaines-a-mailles-jointives-combinaison-a-x-b-4-x-4\/\" \/>\n<meta property=\"og:site_name\" content=\"wpe-encheres\" \/>\n<meta property=\"article:modified_time\" content=\"2026-03-18T18:40:52+00:00\" \/>\n<meta property=\"og:image\" content=\"https:\/\/wpe-encheres.com\/site\/wp-content\/uploads\/2026\/03\/69ba9bd05c119.jpg\" \/>\n\t<meta property=\"og:image:width\" content=\"742\" \/>\n\t<meta property=\"og:image:height\" content=\"890\" \/>\n\t<meta property=\"og:image:type\" content=\"image\/jpeg\" \/>\n<meta name=\"twitter:card\" content=\"summary_large_image\" \/>\n<script type=\"application\/ld+json\" class=\"yoast-schema-graph\">{\"@context\":\"https:\\\/\\\/schema.org\",\"@graph\":[{\"@type\":\"WebPage\",\"@id\":\"https:\\\/\\\/wpe-encheres.com\\\/site\\\/produit\\\/chariot-elevateur-de-marque-fenwick-linde-modele-e16c-02-mode-de-levagemode-de-levage-levage-par-chainesnombre-de-chaines-1-type-de-chaines-a-mailles-jointives-combinaison-a-x-b-4-x-4\\\/\",\"url\":\"https:\\\/\\\/wpe-encheres.com\\\/site\\\/produit\\\/chariot-elevateur-de-marque-fenwick-linde-modele-e16c-02-mode-de-levagemode-de-levage-levage-par-chainesnombre-de-chaines-1-type-de-chaines-a-mailles-jointives-combinaison-a-x-b-4-x-4\\\/\",\"name\":\"Chariot \u00e9l\u00e9vateur de marque Fenwick-Linde mod\u00e8le E16C-02. MODE DE LEVAGE Mode de levage Levage par chaine(s) Nombre de cha\u00eene(s) 1 - Type de cha\u00eene(s) \u00e0 mailles jointives - Combinaison ( a X b ) 4 x 4 - Pas (mm) 25,4 - Mouflage (Nbre de brins) 2 CARACTERISTIQUES DE L'APPAREIL CMU ou Tableau des charges Tableau des charges affich\u00e9 Charge maximale utile (kg) 1600 Distance du centre de gravit\u00e9 (mm) 500 Hauteur de lev\u00e9e maxi (m) 6.6 Batterie quasi neuve - wpe-encheres\",\"isPartOf\":{\"@id\":\"https:\\\/\\\/wpe-encheres.com\\\/site\\\/#website\"},\"primaryImageOfPage\":{\"@id\":\"https:\\\/\\\/wpe-encheres.com\\\/site\\\/produit\\\/chariot-elevateur-de-marque-fenwick-linde-modele-e16c-02-mode-de-levagemode-de-levage-levage-par-chainesnombre-de-chaines-1-type-de-chaines-a-mailles-jointives-combinaison-a-x-b-4-x-4\\\/#primaryimage\"},\"image\":{\"@id\":\"https:\\\/\\\/wpe-encheres.com\\\/site\\\/produit\\\/chariot-elevateur-de-marque-fenwick-linde-modele-e16c-02-mode-de-levagemode-de-levage-levage-par-chainesnombre-de-chaines-1-type-de-chaines-a-mailles-jointives-combinaison-a-x-b-4-x-4\\\/#primaryimage\"},\"thumbnailUrl\":\"https:\\\/\\\/wpe-encheres.com\\\/site\\\/wp-content\\\/uploads\\\/2026\\\/03\\\/69ba9bd05c119.jpg\",\"datePublished\":\"2026-03-18T18:40:49+00:00\",\"dateModified\":\"2026-03-18T18:40:52+00:00\",\"breadcrumb\":{\"@id\":\"https:\\\/\\\/wpe-encheres.com\\\/site\\\/produit\\\/chariot-elevateur-de-marque-fenwick-linde-modele-e16c-02-mode-de-levagemode-de-levage-levage-par-chainesnombre-de-chaines-1-type-de-chaines-a-mailles-jointives-combinaison-a-x-b-4-x-4\\\/#breadcrumb\"},\"inLanguage\":\"fr-FR\",\"potentialAction\":[{\"@type\":\"ReadAction\",\"target\":[\"https:\\\/\\\/wpe-encheres.com\\\/site\\\/produit\\\/chariot-elevateur-de-marque-fenwick-linde-modele-e16c-02-mode-de-levagemode-de-levage-levage-par-chainesnombre-de-chaines-1-type-de-chaines-a-mailles-jointives-combinaison-a-x-b-4-x-4\\\/\"]}]},{\"@type\":\"ImageObject\",\"inLanguage\":\"fr-FR\",\"@id\":\"https:\\\/\\\/wpe-encheres.com\\\/site\\\/produit\\\/chariot-elevateur-de-marque-fenwick-linde-modele-e16c-02-mode-de-levagemode-de-levage-levage-par-chainesnombre-de-chaines-1-type-de-chaines-a-mailles-jointives-combinaison-a-x-b-4-x-4\\\/#primaryimage\",\"url\":\"https:\\\/\\\/wpe-encheres.com\\\/site\\\/wp-content\\\/uploads\\\/2026\\\/03\\\/69ba9bd05c119.jpg\",\"contentUrl\":\"https:\\\/\\\/wpe-encheres.com\\\/site\\\/wp-content\\\/uploads\\\/2026\\\/03\\\/69ba9bd05c119.jpg\",\"width\":742,\"height\":890},{\"@type\":\"BreadcrumbList\",\"@id\":\"https:\\\/\\\/wpe-encheres.com\\\/site\\\/produit\\\/chariot-elevateur-de-marque-fenwick-linde-modele-e16c-02-mode-de-levagemode-de-levage-levage-par-chainesnombre-de-chaines-1-type-de-chaines-a-mailles-jointives-combinaison-a-x-b-4-x-4\\\/#breadcrumb\",\"itemListElement\":[{\"@type\":\"ListItem\",\"position\":1,\"name\":\"Accueil\",\"item\":\"https:\\\/\\\/wpe-encheres.com\\\/site\\\/\"},{\"@type\":\"ListItem\",\"position\":2,\"name\":\"Boutique\",\"item\":\"https:\\\/\\\/wpe-encheres.com\\\/site\\\/?page_id=22765\"},{\"@type\":\"ListItem\",\"position\":3,\"name\":\"Chariot \u00e9l\u00e9vateur de marque Fenwick-Linde mod\u00e8le E16C-02. MODE DE LEVAGE Mode de levage Levage par chaine(s) Nombre de cha\u00eene(s) 1 &#8211; Type de cha\u00eene(s) \u00e0 mailles jointives &#8211; Combinaison ( a X b ) 4 x 4 &#8211; Pas (mm) 25,4 &#8211; Mouflage (Nbre de brins) 2 CARACTERISTIQUES DE L&rsquo;APPAREIL CMU ou Tableau des charges Tableau des charges affich\u00e9 Charge maximale utile (kg) 1600 Distance du centre de gravit\u00e9 (mm) 500 Hauteur de lev\u00e9e maxi (m) 6.6 Batterie quasi neuve\"}]},{\"@type\":\"WebSite\",\"@id\":\"https:\\\/\\\/wpe-encheres.com\\\/site\\\/#website\",\"url\":\"https:\\\/\\\/wpe-encheres.com\\\/site\\\/\",\"name\":\"wpe-encheres\",\"description\":\"\",\"publisher\":{\"@id\":\"https:\\\/\\\/wpe-encheres.com\\\/site\\\/#organization\"},\"potentialAction\":[{\"@type\":\"SearchAction\",\"target\":{\"@type\":\"EntryPoint\",\"urlTemplate\":\"https:\\\/\\\/wpe-encheres.com\\\/site\\\/?s={search_term_string}\"},\"query-input\":{\"@type\":\"PropertyValueSpecification\",\"valueRequired\":true,\"valueName\":\"search_term_string\"}}],\"inLanguage\":\"fr-FR\"},{\"@type\":\"Organization\",\"@id\":\"https:\\\/\\\/wpe-encheres.com\\\/site\\\/#organization\",\"name\":\"wpe encheres\",\"url\":\"https:\\\/\\\/wpe-encheres.com\\\/site\\\/\",\"logo\":{\"@type\":\"ImageObject\",\"inLanguage\":\"fr-FR\",\"@id\":\"https:\\\/\\\/wpe-encheres.com\\\/site\\\/#\\\/schema\\\/logo\\\/image\\\/\",\"url\":\"https:\\\/\\\/wpe-encheres.com\\\/site\\\/wp-content\\\/uploads\\\/2025\\\/08\\\/wpe-encheres-logo.png\",\"contentUrl\":\"https:\\\/\\\/wpe-encheres.com\\\/site\\\/wp-content\\\/uploads\\\/2025\\\/08\\\/wpe-encheres-logo.png\",\"width\":300,\"height\":110,\"caption\":\"wpe encheres\"},\"image\":{\"@id\":\"https:\\\/\\\/wpe-encheres.com\\\/site\\\/#\\\/schema\\\/logo\\\/image\\\/\"}}]}<\/script>\n<!-- \/ Yoast SEO plugin. -->","yoast_head_json":{"title":"Chariot \u00e9l\u00e9vateur de marque Fenwick-Linde mod\u00e8le E16C-02. MODE DE LEVAGE Mode de levage Levage par chaine(s) Nombre de cha\u00eene(s) 1 - Type de cha\u00eene(s) \u00e0 mailles jointives - Combinaison ( a X b ) 4 x 4 - Pas (mm) 25,4 - Mouflage (Nbre de brins) 2 CARACTERISTIQUES DE L'APPAREIL CMU ou Tableau des charges Tableau des charges affich\u00e9 Charge maximale utile (kg) 1600 Distance du centre de gravit\u00e9 (mm) 500 Hauteur de lev\u00e9e maxi (m) 6.6 Batterie quasi neuve - wpe-encheres","robots":{"index":"index","follow":"follow","max-snippet":"max-snippet:-1","max-image-preview":"max-image-preview:large","max-video-preview":"max-video-preview:-1"},"canonical":"https:\/\/wpe-encheres.com\/site\/produit\/chariot-elevateur-de-marque-fenwick-linde-modele-e16c-02-mode-de-levagemode-de-levage-levage-par-chainesnombre-de-chaines-1-type-de-chaines-a-mailles-jointives-combinaison-a-x-b-4-x-4\/","og_locale":"fr_FR","og_type":"article","og_title":"Chariot \u00e9l\u00e9vateur de marque Fenwick-Linde mod\u00e8le E16C-02. MODE DE LEVAGE Mode de levage Levage par chaine(s) Nombre de cha\u00eene(s) 1 - Type de cha\u00eene(s) \u00e0 mailles jointives - Combinaison ( a X b ) 4 x 4 - Pas (mm) 25,4 - Mouflage (Nbre de brins) 2 CARACTERISTIQUES DE L'APPAREIL CMU ou Tableau des charges Tableau des charges affich\u00e9 Charge maximale utile (kg) 1600 Distance du centre de gravit\u00e9 (mm) 500 Hauteur de lev\u00e9e maxi (m) 6.6 Batterie quasi neuve - wpe-encheres","og_description":"Chariot \u00e9l\u00e9vateur de marque Fenwick-Linde mod\u00e8le E16C-02. MODE DE LEVAGE Mode de levage Levage par chaine(s) Nombre de cha\u00eene(s) 1 &#8211; Type de cha\u00eene(s) \u00e0 mailles jointives &#8211; Combinaison ( a X b ) 4 x 4 &#8211; Pas (mm) 25,4 &#8211; Mouflage (Nbre de...","og_url":"https:\/\/wpe-encheres.com\/site\/produit\/chariot-elevateur-de-marque-fenwick-linde-modele-e16c-02-mode-de-levagemode-de-levage-levage-par-chainesnombre-de-chaines-1-type-de-chaines-a-mailles-jointives-combinaison-a-x-b-4-x-4\/","og_site_name":"wpe-encheres","article_modified_time":"2026-03-18T18:40:52+00:00","og_image":[{"width":742,"height":890,"url":"https:\/\/wpe-encheres.com\/site\/wp-content\/uploads\/2026\/03\/69ba9bd05c119.jpg","type":"image\/jpeg"}],"twitter_card":"summary_large_image","schema":{"@context":"https:\/\/schema.org","@graph":[{"@type":"WebPage","@id":"https:\/\/wpe-encheres.com\/site\/produit\/chariot-elevateur-de-marque-fenwick-linde-modele-e16c-02-mode-de-levagemode-de-levage-levage-par-chainesnombre-de-chaines-1-type-de-chaines-a-mailles-jointives-combinaison-a-x-b-4-x-4\/","url":"https:\/\/wpe-encheres.com\/site\/produit\/chariot-elevateur-de-marque-fenwick-linde-modele-e16c-02-mode-de-levagemode-de-levage-levage-par-chainesnombre-de-chaines-1-type-de-chaines-a-mailles-jointives-combinaison-a-x-b-4-x-4\/","name":"Chariot \u00e9l\u00e9vateur de marque Fenwick-Linde mod\u00e8le E16C-02. MODE DE LEVAGE Mode de levage Levage par chaine(s) Nombre de cha\u00eene(s) 1 - Type de cha\u00eene(s) \u00e0 mailles jointives - Combinaison ( a X b ) 4 x 4 - Pas (mm) 25,4 - Mouflage (Nbre de brins) 2 CARACTERISTIQUES DE L'APPAREIL CMU ou Tableau des charges Tableau des charges affich\u00e9 Charge maximale utile (kg) 1600 Distance du centre de gravit\u00e9 (mm) 500 Hauteur de lev\u00e9e maxi (m) 6.6 Batterie quasi neuve - wpe-encheres","isPartOf":{"@id":"https:\/\/wpe-encheres.com\/site\/#website"},"primaryImageOfPage":{"@id":"https:\/\/wpe-encheres.com\/site\/produit\/chariot-elevateur-de-marque-fenwick-linde-modele-e16c-02-mode-de-levagemode-de-levage-levage-par-chainesnombre-de-chaines-1-type-de-chaines-a-mailles-jointives-combinaison-a-x-b-4-x-4\/#primaryimage"},"image":{"@id":"https:\/\/wpe-encheres.com\/site\/produit\/chariot-elevateur-de-marque-fenwick-linde-modele-e16c-02-mode-de-levagemode-de-levage-levage-par-chainesnombre-de-chaines-1-type-de-chaines-a-mailles-jointives-combinaison-a-x-b-4-x-4\/#primaryimage"},"thumbnailUrl":"https:\/\/wpe-encheres.com\/site\/wp-content\/uploads\/2026\/03\/69ba9bd05c119.jpg","datePublished":"2026-03-18T18:40:49+00:00","dateModified":"2026-03-18T18:40:52+00:00","breadcrumb":{"@id":"https:\/\/wpe-encheres.com\/site\/produit\/chariot-elevateur-de-marque-fenwick-linde-modele-e16c-02-mode-de-levagemode-de-levage-levage-par-chainesnombre-de-chaines-1-type-de-chaines-a-mailles-jointives-combinaison-a-x-b-4-x-4\/#breadcrumb"},"inLanguage":"fr-FR","potentialAction":[{"@type":"ReadAction","target":["https:\/\/wpe-encheres.com\/site\/produit\/chariot-elevateur-de-marque-fenwick-linde-modele-e16c-02-mode-de-levagemode-de-levage-levage-par-chainesnombre-de-chaines-1-type-de-chaines-a-mailles-jointives-combinaison-a-x-b-4-x-4\/"]}]},{"@type":"ImageObject","inLanguage":"fr-FR","@id":"https:\/\/wpe-encheres.com\/site\/produit\/chariot-elevateur-de-marque-fenwick-linde-modele-e16c-02-mode-de-levagemode-de-levage-levage-par-chainesnombre-de-chaines-1-type-de-chaines-a-mailles-jointives-combinaison-a-x-b-4-x-4\/#primaryimage","url":"https:\/\/wpe-encheres.com\/site\/wp-content\/uploads\/2026\/03\/69ba9bd05c119.jpg","contentUrl":"https:\/\/wpe-encheres.com\/site\/wp-content\/uploads\/2026\/03\/69ba9bd05c119.jpg","width":742,"height":890},{"@type":"BreadcrumbList","@id":"https:\/\/wpe-encheres.com\/site\/produit\/chariot-elevateur-de-marque-fenwick-linde-modele-e16c-02-mode-de-levagemode-de-levage-levage-par-chainesnombre-de-chaines-1-type-de-chaines-a-mailles-jointives-combinaison-a-x-b-4-x-4\/#breadcrumb","itemListElement":[{"@type":"ListItem","position":1,"name":"Accueil","item":"https:\/\/wpe-encheres.com\/site\/"},{"@type":"ListItem","position":2,"name":"Boutique","item":"https:\/\/wpe-encheres.com\/site\/?page_id=22765"},{"@type":"ListItem","position":3,"name":"Chariot \u00e9l\u00e9vateur de marque Fenwick-Linde mod\u00e8le E16C-02. MODE DE LEVAGE Mode de levage Levage par chaine(s) Nombre de cha\u00eene(s) 1 &#8211; Type de cha\u00eene(s) \u00e0 mailles jointives &#8211; Combinaison ( a X b ) 4 x 4 &#8211; Pas (mm) 25,4 &#8211; Mouflage (Nbre de brins) 2 CARACTERISTIQUES DE L&rsquo;APPAREIL CMU ou Tableau des charges Tableau des charges affich\u00e9 Charge maximale utile (kg) 1600 Distance du centre de gravit\u00e9 (mm) 500 Hauteur de lev\u00e9e maxi (m) 6.6 Batterie quasi neuve"}]},{"@type":"WebSite","@id":"https:\/\/wpe-encheres.com\/site\/#website","url":"https:\/\/wpe-encheres.com\/site\/","name":"wpe-encheres","description":"","publisher":{"@id":"https:\/\/wpe-encheres.com\/site\/#organization"},"potentialAction":[{"@type":"SearchAction","target":{"@type":"EntryPoint","urlTemplate":"https:\/\/wpe-encheres.com\/site\/?s={search_term_string}"},"query-input":{"@type":"PropertyValueSpecification","valueRequired":true,"valueName":"search_term_string"}}],"inLanguage":"fr-FR"},{"@type":"Organization","@id":"https:\/\/wpe-encheres.com\/site\/#organization","name":"wpe encheres","url":"https:\/\/wpe-encheres.com\/site\/","logo":{"@type":"ImageObject","inLanguage":"fr-FR","@id":"https:\/\/wpe-encheres.com\/site\/#\/schema\/logo\/image\/","url":"https:\/\/wpe-encheres.com\/site\/wp-content\/uploads\/2025\/08\/wpe-encheres-logo.png","contentUrl":"https:\/\/wpe-encheres.com\/site\/wp-content\/uploads\/2025\/08\/wpe-encheres-logo.png","width":300,"height":110,"caption":"wpe encheres"},"image":{"@id":"https:\/\/wpe-encheres.com\/site\/#\/schema\/logo\/image\/"}}]}},"_links":{"self":[{"href":"https:\/\/wpe-encheres.com\/site\/wp-json\/wp\/v2\/product\/41545","targetHints":{"allow":["GET"]}}],"collection":[{"href":"https:\/\/wpe-encheres.com\/site\/wp-json\/wp\/v2\/product"}],"about":[{"href":"https:\/\/wpe-encheres.com\/site\/wp-json\/wp\/v2\/types\/product"}],"wp:featuredmedia":[{"embeddable":true,"href":"https:\/\/wpe-encheres.com\/site\/wp-json\/wp\/v2\/media\/41546"}],"wp:attachment":[{"href":"https:\/\/wpe-encheres.com\/site\/wp-json\/wp\/v2\/media?parent=41545"}],"wp:term":[{"taxonomy":"product_brand","embeddable":true,"href":"https:\/\/wpe-encheres.com\/site\/wp-json\/wp\/v2\/product_brand?post=41545"},{"taxonomy":"product_cat","embeddable":true,"href":"https:\/\/wpe-encheres.com\/site\/wp-json\/wp\/v2\/product_cat?post=41545"},{"taxonomy":"product_tag","embeddable":true,"href":"https:\/\/wpe-encheres.com\/site\/wp-json\/wp\/v2\/product_tag?post=41545"}],"curies":[{"name":"wp","href":"https:\/\/api.w.org\/{rel}","templated":true}]}}