{"id":41335,"date":"2026-03-17T10:15:18","date_gmt":"2026-03-17T09:15:18","guid":{"rendered":"https:\/\/wpe-encheres.com\/site\/produit\/fauteuil-de-bureau-sur-roulettes-de-marque-kinnarps-modele-mento-dossier-en-tissu-resille-de-couleur-noir-assise-en-tissu-de-couleur-bleu-electrique-dim-100-x-65-x-70-cm-137-unites-au-total-et\/"},"modified":"2026-03-17T10:15:21","modified_gmt":"2026-03-17T09:15:21","slug":"fauteuil-de-bureau-sur-roulettes-de-marque-kinnarps-modele-mento-dossier-en-tissu-resille-de-couleur-noir-assise-en-tissu-de-couleur-bleu-electrique-dim-100-x-65-x-70-cm-137-unites-au-total-et","status":"publish","type":"product","link":"https:\/\/wpe-encheres.com\/site\/produit\/fauteuil-de-bureau-sur-roulettes-de-marque-kinnarps-modele-mento-dossier-en-tissu-resille-de-couleur-noir-assise-en-tissu-de-couleur-bleu-electrique-dim-100-x-65-x-70-cm-137-unites-au-total-et\/","title":{"rendered":"Fauteuil de bureau sur roulettes de marque Kinnarps mod\u00e8le Mento, dossier en tissu r\u00e9sille de couleur noir, assise en tissu de couleur bleu \u00e9lectrique. Dim : 100 x 65 x 70 cm. 137 UNIT\u00c9S AU TOTAL. (\u00e9tiquette 5020)\n\n5\u00e8me \u00e9tage open-space bleu : 8 unit\u00e9s \n4eme \u00e9tage salle 401 : 1 unit\u00e9 \n4\u00e8me \u00e9tage open-space rouge : 12 unit\u00e9s \n4\u00e8me \u00e9tage open-space vert : 1 unit\u00e9 \n4\u00e8me \u00e9tage open-space bleu : 1 unit\u00e9 \n3\u00e8me \u00e9tage open-space rouge : 1 unit\u00e9 \n3\u00e8me \u00e9tage rouge bureau formation : 1 unit\u00e9 \n3\u00e8me \u00e9tage open-space bleu : 7 unit\u00e9s \n3\u00e8me \u00e9tage open-space bleu : 39 unit\u00e9s \n2\u00e8me \u00e9tage open-space bleu : 40 unit\u00e9s \n2\u00e8me \u00e9tage salle coaching bleu : 3 unit\u00e9s \n2\u00e8me \u00e9tage open-space porte vitr\u00e9e automatique bleu : 6 unit\u00e9s \n1er \u00e9tage bureaux open-space bleu : 1 unit\u00e9 \n1er \u00e9tage open-space bleu : 5 unit\u00e9s \n1er \u00e9tage open-space rouge : 1 unit\u00e9 \n1er \u00e9tage salle masterisation : 1 unit\u00e9\nNiveau 0 salle SPI : 1 unit\u00e9 \nNiveau 0 infirmerie : 2 unit\u00e9s \nNiveau 0 salle 450 : 1 unit\u00e9 \nNiveau -1 r\u00e9serve : 5 unit\u00e9s"},"content":{"rendered":"<p>Fauteuil de bureau sur roulettes de marque Kinnarps mod\u00e8le Mento, dossier en tissu r\u00e9sille de couleur noir, assise en tissu de couleur bleu \u00e9lectrique. Dim : 100 x 65 x 70 cm. 137 UNIT\u00c9S AU TOTAL. (\u00e9tiquette 5020)<\/p>\n<p>5\u00e8me \u00e9tage open-space bleu : 8 unit\u00e9s<br \/>\n4eme \u00e9tage salle 401 : 1 unit\u00e9<br \/>\n4\u00e8me \u00e9tage open-space rouge : 12 unit\u00e9s<br \/>\n4\u00e8me \u00e9tage open-space vert : 1 unit\u00e9<br \/>\n4\u00e8me \u00e9tage open-space bleu : 1 unit\u00e9<br \/>\n3\u00e8me \u00e9tage open-space rouge : 1 unit\u00e9<br \/>\n3\u00e8me \u00e9tage rouge bureau formation : 1 unit\u00e9<br \/>\n3\u00e8me \u00e9tage open-space bleu : 7 unit\u00e9s<br \/>\n3\u00e8me \u00e9tage open-space bleu : 39 unit\u00e9s<br \/>\n2\u00e8me \u00e9tage open-space bleu : 40 unit\u00e9s<br \/>\n2\u00e8me \u00e9tage salle coaching bleu : 3 unit\u00e9s<br \/>\n2\u00e8me \u00e9tage open-space porte vitr\u00e9e automatique bleu : 6 unit\u00e9s<br \/>\n1er \u00e9tage bureaux open-space bleu : 1 unit\u00e9<br \/>\n1er \u00e9tage open-space bleu : 5 unit\u00e9s<br \/>\n1er \u00e9tage open-space rouge : 1 unit\u00e9<br \/>\n1er \u00e9tage salle masterisation : 1 unit\u00e9<br \/>\nNiveau 0 salle SPI : 1 unit\u00e9<br \/>\nNiveau 0 infirmerie : 2 unit\u00e9s<br \/>\nNiveau 0 salle 450 : 1 unit\u00e9<br \/>\nNiveau -1 r\u00e9serve : 5 unit\u00e9s<\/p>\n","protected":false},"excerpt":{"rendered":"<p>Fauteuil de bureau sur roulettes de marque Kinnarps mod\u00e8le Mento, dossier en tissu r\u00e9sille de couleur noir, assise en tissu de couleur bleu \u00e9lectrique. Dim : 100 x 65 x 70 cm. 137 UNIT\u00c9S AU TOTAL. (\u00e9tiquette 5020) 5\u00e8me \u00e9tage open-space bleu : 8 unit\u00e9s&#8230;<\/p>\n","protected":false},"featured_media":39910,"template":"","meta":{"_acf_changed":false},"product_brand":[],"product_cat":[24],"product_tag":[74],"class_list":{"0":"post-41335","1":"product","2":"type-product","3":"status-publish","4":"has-post-thumbnail","6":"product_cat-mobilier-de-bureau-equipement-du-bureau","7":"product_tag-vente-05-mai-2026","9":"first","10":"instock","11":"product-type-simple"},"acf":[],"yoast_head":"<!-- This site is optimized with the Yoast SEO plugin v27.3 - https:\/\/yoast.com\/product\/yoast-seo-wordpress\/ -->\n<title>Fauteuil de bureau sur roulettes de marque Kinnarps mod\u00e8le Mento, dossier en tissu r\u00e9sille de couleur noir, assise en tissu de couleur bleu \u00e9lectrique. Dim : 100 x 65 x 70 cm. 137 UNIT\u00c9S AU TOTAL. (\u00e9tiquette 5020) 5\u00e8me \u00e9tage open-space bleu : 8 unit\u00e9s 4eme \u00e9tage salle 401 : 1 unit\u00e9 4\u00e8me \u00e9tage open-space rouge : 12 unit\u00e9s 4\u00e8me \u00e9tage open-space vert : 1 unit\u00e9 4\u00e8me \u00e9tage open-space bleu : 1 unit\u00e9 3\u00e8me \u00e9tage open-space rouge : 1 unit\u00e9 3\u00e8me \u00e9tage rouge bureau formation : 1 unit\u00e9 3\u00e8me \u00e9tage open-space bleu : 7 unit\u00e9s 3\u00e8me \u00e9tage open-space bleu : 39 unit\u00e9s 2\u00e8me \u00e9tage open-space bleu : 40 unit\u00e9s 2\u00e8me \u00e9tage salle coaching bleu : 3 unit\u00e9s 2\u00e8me \u00e9tage open-space porte vitr\u00e9e automatique bleu : 6 unit\u00e9s 1er \u00e9tage bureaux open-space bleu : 1 unit\u00e9 1er \u00e9tage open-space bleu : 5 unit\u00e9s 1er \u00e9tage open-space rouge : 1 unit\u00e9 1er \u00e9tage salle masterisation : 1 unit\u00e9 Niveau 0 salle SPI : 1 unit\u00e9 Niveau 0 infirmerie : 2 unit\u00e9s Niveau 0 salle 450 : 1 unit\u00e9 Niveau -1 r\u00e9serve : 5 unit\u00e9s - wpe-encheres<\/title>\n<meta name=\"robots\" content=\"index, follow, max-snippet:-1, max-image-preview:large, max-video-preview:-1\" \/>\n<link rel=\"canonical\" href=\"https:\/\/wpe-encheres.com\/site\/produit\/fauteuil-de-bureau-sur-roulettes-de-marque-kinnarps-modele-mento-dossier-en-tissu-resille-de-couleur-noir-assise-en-tissu-de-couleur-bleu-electrique-dim-100-x-65-x-70-cm-137-unites-au-total-et\/\" \/>\n<meta property=\"og:locale\" content=\"fr_FR\" \/>\n<meta property=\"og:type\" content=\"article\" \/>\n<meta property=\"og:title\" content=\"Fauteuil de bureau sur roulettes de marque Kinnarps mod\u00e8le Mento, dossier en tissu r\u00e9sille de couleur noir, assise en tissu de couleur bleu \u00e9lectrique. Dim : 100 x 65 x 70 cm. 137 UNIT\u00c9S AU TOTAL. (\u00e9tiquette 5020) 5\u00e8me \u00e9tage open-space bleu : 8 unit\u00e9s 4eme \u00e9tage salle 401 : 1 unit\u00e9 4\u00e8me \u00e9tage open-space rouge : 12 unit\u00e9s 4\u00e8me \u00e9tage open-space vert : 1 unit\u00e9 4\u00e8me \u00e9tage open-space bleu : 1 unit\u00e9 3\u00e8me \u00e9tage open-space rouge : 1 unit\u00e9 3\u00e8me \u00e9tage rouge bureau formation : 1 unit\u00e9 3\u00e8me \u00e9tage open-space bleu : 7 unit\u00e9s 3\u00e8me \u00e9tage open-space bleu : 39 unit\u00e9s 2\u00e8me \u00e9tage open-space bleu : 40 unit\u00e9s 2\u00e8me \u00e9tage salle coaching bleu : 3 unit\u00e9s 2\u00e8me \u00e9tage open-space porte vitr\u00e9e automatique bleu : 6 unit\u00e9s 1er \u00e9tage bureaux open-space bleu : 1 unit\u00e9 1er \u00e9tage open-space bleu : 5 unit\u00e9s 1er \u00e9tage open-space rouge : 1 unit\u00e9 1er \u00e9tage salle masterisation : 1 unit\u00e9 Niveau 0 salle SPI : 1 unit\u00e9 Niveau 0 infirmerie : 2 unit\u00e9s Niveau 0 salle 450 : 1 unit\u00e9 Niveau -1 r\u00e9serve : 5 unit\u00e9s - wpe-encheres\" \/>\n<meta property=\"og:description\" content=\"Fauteuil de bureau sur roulettes de marque Kinnarps mod\u00e8le Mento, dossier en tissu r\u00e9sille de couleur noir, assise en tissu de couleur bleu \u00e9lectrique. Dim : 100 x 65 x 70 cm. 137 UNIT\u00c9S AU TOTAL. (\u00e9tiquette 5020) 5\u00e8me \u00e9tage open-space bleu : 8 unit\u00e9s...\" \/>\n<meta property=\"og:url\" content=\"https:\/\/wpe-encheres.com\/site\/produit\/fauteuil-de-bureau-sur-roulettes-de-marque-kinnarps-modele-mento-dossier-en-tissu-resille-de-couleur-noir-assise-en-tissu-de-couleur-bleu-electrique-dim-100-x-65-x-70-cm-137-unites-au-total-et\/\" \/>\n<meta property=\"og:site_name\" content=\"wpe-encheres\" \/>\n<meta property=\"article:modified_time\" content=\"2026-03-17T09:15:21+00:00\" \/>\n<meta property=\"og:image\" content=\"https:\/\/wpe-encheres.com\/site\/wp-content\/uploads\/2026\/02\/6985d2915dc99.jpg\" \/>\n\t<meta property=\"og:image:width\" content=\"574\" \/>\n\t<meta property=\"og:image:height\" content=\"968\" \/>\n\t<meta property=\"og:image:type\" content=\"image\/jpeg\" \/>\n<meta name=\"twitter:card\" content=\"summary_large_image\" \/>\n<meta name=\"twitter:label1\" content=\"Dur\u00e9e de lecture estim\u00e9e\" \/>\n\t<meta name=\"twitter:data1\" content=\"1 minute\" \/>\n<script type=\"application\/ld+json\" class=\"yoast-schema-graph\">{\"@context\":\"https:\\\/\\\/schema.org\",\"@graph\":[{\"@type\":\"WebPage\",\"@id\":\"https:\\\/\\\/wpe-encheres.com\\\/site\\\/produit\\\/fauteuil-de-bureau-sur-roulettes-de-marque-kinnarps-modele-mento-dossier-en-tissu-resille-de-couleur-noir-assise-en-tissu-de-couleur-bleu-electrique-dim-100-x-65-x-70-cm-137-unites-au-total-et\\\/\",\"url\":\"https:\\\/\\\/wpe-encheres.com\\\/site\\\/produit\\\/fauteuil-de-bureau-sur-roulettes-de-marque-kinnarps-modele-mento-dossier-en-tissu-resille-de-couleur-noir-assise-en-tissu-de-couleur-bleu-electrique-dim-100-x-65-x-70-cm-137-unites-au-total-et\\\/\",\"name\":\"Fauteuil de bureau sur roulettes de marque Kinnarps mod\u00e8le Mento, dossier en tissu r\u00e9sille de couleur noir, assise en tissu de couleur bleu \u00e9lectrique. Dim : 100 x 65 x 70 cm. 137 UNIT\u00c9S AU TOTAL. (\u00e9tiquette 5020) 5\u00e8me \u00e9tage open-space bleu : 8 unit\u00e9s 4eme \u00e9tage salle 401 : 1 unit\u00e9 4\u00e8me \u00e9tage open-space rouge : 12 unit\u00e9s 4\u00e8me \u00e9tage open-space vert : 1 unit\u00e9 4\u00e8me \u00e9tage open-space bleu : 1 unit\u00e9 3\u00e8me \u00e9tage open-space rouge : 1 unit\u00e9 3\u00e8me \u00e9tage rouge bureau formation : 1 unit\u00e9 3\u00e8me \u00e9tage open-space bleu : 7 unit\u00e9s 3\u00e8me \u00e9tage open-space bleu : 39 unit\u00e9s 2\u00e8me \u00e9tage open-space bleu : 40 unit\u00e9s 2\u00e8me \u00e9tage salle coaching bleu : 3 unit\u00e9s 2\u00e8me \u00e9tage open-space porte vitr\u00e9e automatique bleu : 6 unit\u00e9s 1er \u00e9tage bureaux open-space bleu : 1 unit\u00e9 1er \u00e9tage open-space bleu : 5 unit\u00e9s 1er \u00e9tage open-space rouge : 1 unit\u00e9 1er \u00e9tage salle masterisation : 1 unit\u00e9 Niveau 0 salle SPI : 1 unit\u00e9 Niveau 0 infirmerie : 2 unit\u00e9s Niveau 0 salle 450 : 1 unit\u00e9 Niveau -1 r\u00e9serve : 5 unit\u00e9s - wpe-encheres\",\"isPartOf\":{\"@id\":\"https:\\\/\\\/wpe-encheres.com\\\/site\\\/#website\"},\"primaryImageOfPage\":{\"@id\":\"https:\\\/\\\/wpe-encheres.com\\\/site\\\/produit\\\/fauteuil-de-bureau-sur-roulettes-de-marque-kinnarps-modele-mento-dossier-en-tissu-resille-de-couleur-noir-assise-en-tissu-de-couleur-bleu-electrique-dim-100-x-65-x-70-cm-137-unites-au-total-et\\\/#primaryimage\"},\"image\":{\"@id\":\"https:\\\/\\\/wpe-encheres.com\\\/site\\\/produit\\\/fauteuil-de-bureau-sur-roulettes-de-marque-kinnarps-modele-mento-dossier-en-tissu-resille-de-couleur-noir-assise-en-tissu-de-couleur-bleu-electrique-dim-100-x-65-x-70-cm-137-unites-au-total-et\\\/#primaryimage\"},\"thumbnailUrl\":\"https:\\\/\\\/wpe-encheres.com\\\/site\\\/wp-content\\\/uploads\\\/2026\\\/02\\\/6985d2915dc99.jpg\",\"datePublished\":\"2026-03-17T09:15:18+00:00\",\"dateModified\":\"2026-03-17T09:15:21+00:00\",\"breadcrumb\":{\"@id\":\"https:\\\/\\\/wpe-encheres.com\\\/site\\\/produit\\\/fauteuil-de-bureau-sur-roulettes-de-marque-kinnarps-modele-mento-dossier-en-tissu-resille-de-couleur-noir-assise-en-tissu-de-couleur-bleu-electrique-dim-100-x-65-x-70-cm-137-unites-au-total-et\\\/#breadcrumb\"},\"inLanguage\":\"fr-FR\",\"potentialAction\":[{\"@type\":\"ReadAction\",\"target\":[\"https:\\\/\\\/wpe-encheres.com\\\/site\\\/produit\\\/fauteuil-de-bureau-sur-roulettes-de-marque-kinnarps-modele-mento-dossier-en-tissu-resille-de-couleur-noir-assise-en-tissu-de-couleur-bleu-electrique-dim-100-x-65-x-70-cm-137-unites-au-total-et\\\/\"]}]},{\"@type\":\"ImageObject\",\"inLanguage\":\"fr-FR\",\"@id\":\"https:\\\/\\\/wpe-encheres.com\\\/site\\\/produit\\\/fauteuil-de-bureau-sur-roulettes-de-marque-kinnarps-modele-mento-dossier-en-tissu-resille-de-couleur-noir-assise-en-tissu-de-couleur-bleu-electrique-dim-100-x-65-x-70-cm-137-unites-au-total-et\\\/#primaryimage\",\"url\":\"https:\\\/\\\/wpe-encheres.com\\\/site\\\/wp-content\\\/uploads\\\/2026\\\/02\\\/6985d2915dc99.jpg\",\"contentUrl\":\"https:\\\/\\\/wpe-encheres.com\\\/site\\\/wp-content\\\/uploads\\\/2026\\\/02\\\/6985d2915dc99.jpg\",\"width\":574,\"height\":968},{\"@type\":\"BreadcrumbList\",\"@id\":\"https:\\\/\\\/wpe-encheres.com\\\/site\\\/produit\\\/fauteuil-de-bureau-sur-roulettes-de-marque-kinnarps-modele-mento-dossier-en-tissu-resille-de-couleur-noir-assise-en-tissu-de-couleur-bleu-electrique-dim-100-x-65-x-70-cm-137-unites-au-total-et\\\/#breadcrumb\",\"itemListElement\":[{\"@type\":\"ListItem\",\"position\":1,\"name\":\"Accueil\",\"item\":\"https:\\\/\\\/wpe-encheres.com\\\/site\\\/\"},{\"@type\":\"ListItem\",\"position\":2,\"name\":\"Boutique\",\"item\":\"https:\\\/\\\/wpe-encheres.com\\\/site\\\/?page_id=22765\"},{\"@type\":\"ListItem\",\"position\":3,\"name\":\"Fauteuil de bureau sur roulettes de marque Kinnarps mod\u00e8le Mento, dossier en tissu r\u00e9sille de couleur noir, assise en tissu de couleur bleu \u00e9lectrique. Dim : 100 x 65 x 70 cm. 137 UNIT\u00c9S AU TOTAL. (\u00e9tiquette 5020) 5\u00e8me \u00e9tage open-space bleu : 8 unit\u00e9s 4eme \u00e9tage salle 401 : 1 unit\u00e9 4\u00e8me \u00e9tage open-space rouge : 12 unit\u00e9s 4\u00e8me \u00e9tage open-space vert : 1 unit\u00e9 4\u00e8me \u00e9tage open-space bleu : 1 unit\u00e9 3\u00e8me \u00e9tage open-space rouge : 1 unit\u00e9 3\u00e8me \u00e9tage rouge bureau formation : 1 unit\u00e9 3\u00e8me \u00e9tage open-space bleu : 7 unit\u00e9s 3\u00e8me \u00e9tage open-space bleu : 39 unit\u00e9s 2\u00e8me \u00e9tage open-space bleu : 40 unit\u00e9s 2\u00e8me \u00e9tage salle coaching bleu : 3 unit\u00e9s 2\u00e8me \u00e9tage open-space porte vitr\u00e9e automatique bleu : 6 unit\u00e9s 1er \u00e9tage bureaux open-space bleu : 1 unit\u00e9 1er \u00e9tage open-space bleu : 5 unit\u00e9s 1er \u00e9tage open-space rouge : 1 unit\u00e9 1er \u00e9tage salle masterisation : 1 unit\u00e9 Niveau 0 salle SPI : 1 unit\u00e9 Niveau 0 infirmerie : 2 unit\u00e9s Niveau 0 salle 450 : 1 unit\u00e9 Niveau -1 r\u00e9serve : 5 unit\u00e9s\"}]},{\"@type\":\"WebSite\",\"@id\":\"https:\\\/\\\/wpe-encheres.com\\\/site\\\/#website\",\"url\":\"https:\\\/\\\/wpe-encheres.com\\\/site\\\/\",\"name\":\"wpe-encheres\",\"description\":\"\",\"publisher\":{\"@id\":\"https:\\\/\\\/wpe-encheres.com\\\/site\\\/#organization\"},\"potentialAction\":[{\"@type\":\"SearchAction\",\"target\":{\"@type\":\"EntryPoint\",\"urlTemplate\":\"https:\\\/\\\/wpe-encheres.com\\\/site\\\/?s={search_term_string}\"},\"query-input\":{\"@type\":\"PropertyValueSpecification\",\"valueRequired\":true,\"valueName\":\"search_term_string\"}}],\"inLanguage\":\"fr-FR\"},{\"@type\":\"Organization\",\"@id\":\"https:\\\/\\\/wpe-encheres.com\\\/site\\\/#organization\",\"name\":\"wpe encheres\",\"url\":\"https:\\\/\\\/wpe-encheres.com\\\/site\\\/\",\"logo\":{\"@type\":\"ImageObject\",\"inLanguage\":\"fr-FR\",\"@id\":\"https:\\\/\\\/wpe-encheres.com\\\/site\\\/#\\\/schema\\\/logo\\\/image\\\/\",\"url\":\"https:\\\/\\\/wpe-encheres.com\\\/site\\\/wp-content\\\/uploads\\\/2025\\\/08\\\/wpe-encheres-logo.png\",\"contentUrl\":\"https:\\\/\\\/wpe-encheres.com\\\/site\\\/wp-content\\\/uploads\\\/2025\\\/08\\\/wpe-encheres-logo.png\",\"width\":300,\"height\":110,\"caption\":\"wpe encheres\"},\"image\":{\"@id\":\"https:\\\/\\\/wpe-encheres.com\\\/site\\\/#\\\/schema\\\/logo\\\/image\\\/\"}}]}<\/script>\n<!-- \/ Yoast SEO plugin. -->","yoast_head_json":{"title":"Fauteuil de bureau sur roulettes de marque Kinnarps mod\u00e8le Mento, dossier en tissu r\u00e9sille de couleur noir, assise en tissu de couleur bleu \u00e9lectrique. Dim : 100 x 65 x 70 cm. 137 UNIT\u00c9S AU TOTAL. (\u00e9tiquette 5020) 5\u00e8me \u00e9tage open-space bleu : 8 unit\u00e9s 4eme \u00e9tage salle 401 : 1 unit\u00e9 4\u00e8me \u00e9tage open-space rouge : 12 unit\u00e9s 4\u00e8me \u00e9tage open-space vert : 1 unit\u00e9 4\u00e8me \u00e9tage open-space bleu : 1 unit\u00e9 3\u00e8me \u00e9tage open-space rouge : 1 unit\u00e9 3\u00e8me \u00e9tage rouge bureau formation : 1 unit\u00e9 3\u00e8me \u00e9tage open-space bleu : 7 unit\u00e9s 3\u00e8me \u00e9tage open-space bleu : 39 unit\u00e9s 2\u00e8me \u00e9tage open-space bleu : 40 unit\u00e9s 2\u00e8me \u00e9tage salle coaching bleu : 3 unit\u00e9s 2\u00e8me \u00e9tage open-space porte vitr\u00e9e automatique bleu : 6 unit\u00e9s 1er \u00e9tage bureaux open-space bleu : 1 unit\u00e9 1er \u00e9tage open-space bleu : 5 unit\u00e9s 1er \u00e9tage open-space rouge : 1 unit\u00e9 1er \u00e9tage salle masterisation : 1 unit\u00e9 Niveau 0 salle SPI : 1 unit\u00e9 Niveau 0 infirmerie : 2 unit\u00e9s Niveau 0 salle 450 : 1 unit\u00e9 Niveau -1 r\u00e9serve : 5 unit\u00e9s - wpe-encheres","robots":{"index":"index","follow":"follow","max-snippet":"max-snippet:-1","max-image-preview":"max-image-preview:large","max-video-preview":"max-video-preview:-1"},"canonical":"https:\/\/wpe-encheres.com\/site\/produit\/fauteuil-de-bureau-sur-roulettes-de-marque-kinnarps-modele-mento-dossier-en-tissu-resille-de-couleur-noir-assise-en-tissu-de-couleur-bleu-electrique-dim-100-x-65-x-70-cm-137-unites-au-total-et\/","og_locale":"fr_FR","og_type":"article","og_title":"Fauteuil de bureau sur roulettes de marque Kinnarps mod\u00e8le Mento, dossier en tissu r\u00e9sille de couleur noir, assise en tissu de couleur bleu \u00e9lectrique. Dim : 100 x 65 x 70 cm. 137 UNIT\u00c9S AU TOTAL. (\u00e9tiquette 5020) 5\u00e8me \u00e9tage open-space bleu : 8 unit\u00e9s 4eme \u00e9tage salle 401 : 1 unit\u00e9 4\u00e8me \u00e9tage open-space rouge : 12 unit\u00e9s 4\u00e8me \u00e9tage open-space vert : 1 unit\u00e9 4\u00e8me \u00e9tage open-space bleu : 1 unit\u00e9 3\u00e8me \u00e9tage open-space rouge : 1 unit\u00e9 3\u00e8me \u00e9tage rouge bureau formation : 1 unit\u00e9 3\u00e8me \u00e9tage open-space bleu : 7 unit\u00e9s 3\u00e8me \u00e9tage open-space bleu : 39 unit\u00e9s 2\u00e8me \u00e9tage open-space bleu : 40 unit\u00e9s 2\u00e8me \u00e9tage salle coaching bleu : 3 unit\u00e9s 2\u00e8me \u00e9tage open-space porte vitr\u00e9e automatique bleu : 6 unit\u00e9s 1er \u00e9tage bureaux open-space bleu : 1 unit\u00e9 1er \u00e9tage open-space bleu : 5 unit\u00e9s 1er \u00e9tage open-space rouge : 1 unit\u00e9 1er \u00e9tage salle masterisation : 1 unit\u00e9 Niveau 0 salle SPI : 1 unit\u00e9 Niveau 0 infirmerie : 2 unit\u00e9s Niveau 0 salle 450 : 1 unit\u00e9 Niveau -1 r\u00e9serve : 5 unit\u00e9s - wpe-encheres","og_description":"Fauteuil de bureau sur roulettes de marque Kinnarps mod\u00e8le Mento, dossier en tissu r\u00e9sille de couleur noir, assise en tissu de couleur bleu \u00e9lectrique. Dim : 100 x 65 x 70 cm. 137 UNIT\u00c9S AU TOTAL. (\u00e9tiquette 5020) 5\u00e8me \u00e9tage open-space bleu : 8 unit\u00e9s...","og_url":"https:\/\/wpe-encheres.com\/site\/produit\/fauteuil-de-bureau-sur-roulettes-de-marque-kinnarps-modele-mento-dossier-en-tissu-resille-de-couleur-noir-assise-en-tissu-de-couleur-bleu-electrique-dim-100-x-65-x-70-cm-137-unites-au-total-et\/","og_site_name":"wpe-encheres","article_modified_time":"2026-03-17T09:15:21+00:00","og_image":[{"width":574,"height":968,"url":"https:\/\/wpe-encheres.com\/site\/wp-content\/uploads\/2026\/02\/6985d2915dc99.jpg","type":"image\/jpeg"}],"twitter_card":"summary_large_image","twitter_misc":{"Dur\u00e9e de lecture estim\u00e9e":"1 minute"},"schema":{"@context":"https:\/\/schema.org","@graph":[{"@type":"WebPage","@id":"https:\/\/wpe-encheres.com\/site\/produit\/fauteuil-de-bureau-sur-roulettes-de-marque-kinnarps-modele-mento-dossier-en-tissu-resille-de-couleur-noir-assise-en-tissu-de-couleur-bleu-electrique-dim-100-x-65-x-70-cm-137-unites-au-total-et\/","url":"https:\/\/wpe-encheres.com\/site\/produit\/fauteuil-de-bureau-sur-roulettes-de-marque-kinnarps-modele-mento-dossier-en-tissu-resille-de-couleur-noir-assise-en-tissu-de-couleur-bleu-electrique-dim-100-x-65-x-70-cm-137-unites-au-total-et\/","name":"Fauteuil de bureau sur roulettes de marque Kinnarps mod\u00e8le Mento, dossier en tissu r\u00e9sille de couleur noir, assise en tissu de couleur bleu \u00e9lectrique. Dim : 100 x 65 x 70 cm. 137 UNIT\u00c9S AU TOTAL. (\u00e9tiquette 5020) 5\u00e8me \u00e9tage open-space bleu : 8 unit\u00e9s 4eme \u00e9tage salle 401 : 1 unit\u00e9 4\u00e8me \u00e9tage open-space rouge : 12 unit\u00e9s 4\u00e8me \u00e9tage open-space vert : 1 unit\u00e9 4\u00e8me \u00e9tage open-space bleu : 1 unit\u00e9 3\u00e8me \u00e9tage open-space rouge : 1 unit\u00e9 3\u00e8me \u00e9tage rouge bureau formation : 1 unit\u00e9 3\u00e8me \u00e9tage open-space bleu : 7 unit\u00e9s 3\u00e8me \u00e9tage open-space bleu : 39 unit\u00e9s 2\u00e8me \u00e9tage open-space bleu : 40 unit\u00e9s 2\u00e8me \u00e9tage salle coaching bleu : 3 unit\u00e9s 2\u00e8me \u00e9tage open-space porte vitr\u00e9e automatique bleu : 6 unit\u00e9s 1er \u00e9tage bureaux open-space bleu : 1 unit\u00e9 1er \u00e9tage open-space bleu : 5 unit\u00e9s 1er \u00e9tage open-space rouge : 1 unit\u00e9 1er \u00e9tage salle masterisation : 1 unit\u00e9 Niveau 0 salle SPI : 1 unit\u00e9 Niveau 0 infirmerie : 2 unit\u00e9s Niveau 0 salle 450 : 1 unit\u00e9 Niveau -1 r\u00e9serve : 5 unit\u00e9s - wpe-encheres","isPartOf":{"@id":"https:\/\/wpe-encheres.com\/site\/#website"},"primaryImageOfPage":{"@id":"https:\/\/wpe-encheres.com\/site\/produit\/fauteuil-de-bureau-sur-roulettes-de-marque-kinnarps-modele-mento-dossier-en-tissu-resille-de-couleur-noir-assise-en-tissu-de-couleur-bleu-electrique-dim-100-x-65-x-70-cm-137-unites-au-total-et\/#primaryimage"},"image":{"@id":"https:\/\/wpe-encheres.com\/site\/produit\/fauteuil-de-bureau-sur-roulettes-de-marque-kinnarps-modele-mento-dossier-en-tissu-resille-de-couleur-noir-assise-en-tissu-de-couleur-bleu-electrique-dim-100-x-65-x-70-cm-137-unites-au-total-et\/#primaryimage"},"thumbnailUrl":"https:\/\/wpe-encheres.com\/site\/wp-content\/uploads\/2026\/02\/6985d2915dc99.jpg","datePublished":"2026-03-17T09:15:18+00:00","dateModified":"2026-03-17T09:15:21+00:00","breadcrumb":{"@id":"https:\/\/wpe-encheres.com\/site\/produit\/fauteuil-de-bureau-sur-roulettes-de-marque-kinnarps-modele-mento-dossier-en-tissu-resille-de-couleur-noir-assise-en-tissu-de-couleur-bleu-electrique-dim-100-x-65-x-70-cm-137-unites-au-total-et\/#breadcrumb"},"inLanguage":"fr-FR","potentialAction":[{"@type":"ReadAction","target":["https:\/\/wpe-encheres.com\/site\/produit\/fauteuil-de-bureau-sur-roulettes-de-marque-kinnarps-modele-mento-dossier-en-tissu-resille-de-couleur-noir-assise-en-tissu-de-couleur-bleu-electrique-dim-100-x-65-x-70-cm-137-unites-au-total-et\/"]}]},{"@type":"ImageObject","inLanguage":"fr-FR","@id":"https:\/\/wpe-encheres.com\/site\/produit\/fauteuil-de-bureau-sur-roulettes-de-marque-kinnarps-modele-mento-dossier-en-tissu-resille-de-couleur-noir-assise-en-tissu-de-couleur-bleu-electrique-dim-100-x-65-x-70-cm-137-unites-au-total-et\/#primaryimage","url":"https:\/\/wpe-encheres.com\/site\/wp-content\/uploads\/2026\/02\/6985d2915dc99.jpg","contentUrl":"https:\/\/wpe-encheres.com\/site\/wp-content\/uploads\/2026\/02\/6985d2915dc99.jpg","width":574,"height":968},{"@type":"BreadcrumbList","@id":"https:\/\/wpe-encheres.com\/site\/produit\/fauteuil-de-bureau-sur-roulettes-de-marque-kinnarps-modele-mento-dossier-en-tissu-resille-de-couleur-noir-assise-en-tissu-de-couleur-bleu-electrique-dim-100-x-65-x-70-cm-137-unites-au-total-et\/#breadcrumb","itemListElement":[{"@type":"ListItem","position":1,"name":"Accueil","item":"https:\/\/wpe-encheres.com\/site\/"},{"@type":"ListItem","position":2,"name":"Boutique","item":"https:\/\/wpe-encheres.com\/site\/?page_id=22765"},{"@type":"ListItem","position":3,"name":"Fauteuil de bureau sur roulettes de marque Kinnarps mod\u00e8le Mento, dossier en tissu r\u00e9sille de couleur noir, assise en tissu de couleur bleu \u00e9lectrique. Dim : 100 x 65 x 70 cm. 137 UNIT\u00c9S AU TOTAL. (\u00e9tiquette 5020) 5\u00e8me \u00e9tage open-space bleu : 8 unit\u00e9s 4eme \u00e9tage salle 401 : 1 unit\u00e9 4\u00e8me \u00e9tage open-space rouge : 12 unit\u00e9s 4\u00e8me \u00e9tage open-space vert : 1 unit\u00e9 4\u00e8me \u00e9tage open-space bleu : 1 unit\u00e9 3\u00e8me \u00e9tage open-space rouge : 1 unit\u00e9 3\u00e8me \u00e9tage rouge bureau formation : 1 unit\u00e9 3\u00e8me \u00e9tage open-space bleu : 7 unit\u00e9s 3\u00e8me \u00e9tage open-space bleu : 39 unit\u00e9s 2\u00e8me \u00e9tage open-space bleu : 40 unit\u00e9s 2\u00e8me \u00e9tage salle coaching bleu : 3 unit\u00e9s 2\u00e8me \u00e9tage open-space porte vitr\u00e9e automatique bleu : 6 unit\u00e9s 1er \u00e9tage bureaux open-space bleu : 1 unit\u00e9 1er \u00e9tage open-space bleu : 5 unit\u00e9s 1er \u00e9tage open-space rouge : 1 unit\u00e9 1er \u00e9tage salle masterisation : 1 unit\u00e9 Niveau 0 salle SPI : 1 unit\u00e9 Niveau 0 infirmerie : 2 unit\u00e9s Niveau 0 salle 450 : 1 unit\u00e9 Niveau -1 r\u00e9serve : 5 unit\u00e9s"}]},{"@type":"WebSite","@id":"https:\/\/wpe-encheres.com\/site\/#website","url":"https:\/\/wpe-encheres.com\/site\/","name":"wpe-encheres","description":"","publisher":{"@id":"https:\/\/wpe-encheres.com\/site\/#organization"},"potentialAction":[{"@type":"SearchAction","target":{"@type":"EntryPoint","urlTemplate":"https:\/\/wpe-encheres.com\/site\/?s={search_term_string}"},"query-input":{"@type":"PropertyValueSpecification","valueRequired":true,"valueName":"search_term_string"}}],"inLanguage":"fr-FR"},{"@type":"Organization","@id":"https:\/\/wpe-encheres.com\/site\/#organization","name":"wpe encheres","url":"https:\/\/wpe-encheres.com\/site\/","logo":{"@type":"ImageObject","inLanguage":"fr-FR","@id":"https:\/\/wpe-encheres.com\/site\/#\/schema\/logo\/image\/","url":"https:\/\/wpe-encheres.com\/site\/wp-content\/uploads\/2025\/08\/wpe-encheres-logo.png","contentUrl":"https:\/\/wpe-encheres.com\/site\/wp-content\/uploads\/2025\/08\/wpe-encheres-logo.png","width":300,"height":110,"caption":"wpe encheres"},"image":{"@id":"https:\/\/wpe-encheres.com\/site\/#\/schema\/logo\/image\/"}}]}},"_links":{"self":[{"href":"https:\/\/wpe-encheres.com\/site\/wp-json\/wp\/v2\/product\/41335","targetHints":{"allow":["GET"]}}],"collection":[{"href":"https:\/\/wpe-encheres.com\/site\/wp-json\/wp\/v2\/product"}],"about":[{"href":"https:\/\/wpe-encheres.com\/site\/wp-json\/wp\/v2\/types\/product"}],"wp:featuredmedia":[{"embeddable":true,"href":"https:\/\/wpe-encheres.com\/site\/wp-json\/wp\/v2\/media\/39910"}],"wp:attachment":[{"href":"https:\/\/wpe-encheres.com\/site\/wp-json\/wp\/v2\/media?parent=41335"}],"wp:term":[{"taxonomy":"product_brand","embeddable":true,"href":"https:\/\/wpe-encheres.com\/site\/wp-json\/wp\/v2\/product_brand?post=41335"},{"taxonomy":"product_cat","embeddable":true,"href":"https:\/\/wpe-encheres.com\/site\/wp-json\/wp\/v2\/product_cat?post=41335"},{"taxonomy":"product_tag","embeddable":true,"href":"https:\/\/wpe-encheres.com\/site\/wp-json\/wp\/v2\/product_tag?post=41335"}],"curies":[{"name":"wp","href":"https:\/\/api.w.org\/{rel}","templated":true}]}}