{"id":41254,"date":"2026-03-17T10:14:40","date_gmt":"2026-03-17T09:14:40","guid":{"rendered":"https:\/\/wpe-encheres.com\/site\/produit\/table-haute-plateau-carre-a-bords-arrondis-en-bois-stratifie-couleur-hetre-pied-colonne-en-acier-sur-base-circulaire-111-x-65-cm-4-unites-vendu-a-lunite-avec-faculte-de-reunion-localisation-6e\/"},"modified":"2026-03-17T10:14:46","modified_gmt":"2026-03-17T09:14:46","slug":"table-haute-plateau-carre-a-bords-arrondis-en-bois-stratifie-couleur-hetre-pied-colonne-en-acier-sur-base-circulaire-111-x-65-cm-4-unites-vendu-a-lunite-avec-faculte-de-reunion-localisation-6e","status":"publish","type":"product","link":"https:\/\/wpe-encheres.com\/site\/produit\/table-haute-plateau-carre-a-bords-arrondis-en-bois-stratifie-couleur-hetre-pied-colonne-en-acier-sur-base-circulaire-111-x-65-cm-4-unites-vendu-a-lunite-avec-faculte-de-reunion-localisation-6e\/","title":{"rendered":"Table haute, plateau carr\u00e9 \u00e0 bords arrondis en bois stratifie couleur h\u00eatre, pied colonne en acier sur base circulaire. 111 x 65 cm. 4 unit\u00e9s. Vendu \u00e0 l&rsquo;unit\u00e9 avec facult\u00e9 de r\u00e9union. Localisation: 6\u00e8me \u00e9tage salle 607"},"content":{"rendered":"<p>Table haute, plateau carr\u00e9 \u00e0 bords arrondis en bois stratifie couleur h\u00eatre, pied colonne en acier sur base circulaire. 111 x 65 cm. 4 unit\u00e9s. Vendu \u00e0 l&rsquo;unit\u00e9 avec facult\u00e9 de r\u00e9union. Localisation: 6\u00e8me \u00e9tage salle 607<\/p>\n","protected":false},"excerpt":{"rendered":"<p>Table haute, plateau carr\u00e9 \u00e0 bords arrondis en bois stratifie couleur h\u00eatre, pied colonne en acier sur base circulaire. 111 x 65 cm. 4 unit\u00e9s. Vendu \u00e0 l&rsquo;unit\u00e9 avec facult\u00e9 de r\u00e9union. Localisation: 6\u00e8me \u00e9tage salle 607<\/p>\n","protected":false},"featured_media":39248,"template":"","meta":{"_acf_changed":false},"product_brand":[],"product_cat":[24],"product_tag":[74],"class_list":{"0":"post-41254","1":"product","2":"type-product","3":"status-publish","4":"has-post-thumbnail","6":"product_cat-mobilier-de-bureau-equipement-du-bureau","7":"product_tag-vente-05-mai-2026","9":"first","10":"instock","11":"product-type-simple"},"acf":[],"yoast_head":"<!-- This site is optimized with the Yoast SEO plugin v27.3 - https:\/\/yoast.com\/product\/yoast-seo-wordpress\/ -->\n<title>Table haute, plateau carr\u00e9 \u00e0 bords arrondis en bois stratifie couleur h\u00eatre, pied colonne en acier sur base circulaire. 111 x 65 cm. 4 unit\u00e9s. Vendu \u00e0 l&#039;unit\u00e9 avec facult\u00e9 de r\u00e9union. Localisation: 6\u00e8me \u00e9tage salle 607 - wpe-encheres<\/title>\n<meta name=\"robots\" content=\"index, follow, max-snippet:-1, max-image-preview:large, max-video-preview:-1\" \/>\n<link rel=\"canonical\" href=\"https:\/\/wpe-encheres.com\/site\/produit\/table-haute-plateau-carre-a-bords-arrondis-en-bois-stratifie-couleur-hetre-pied-colonne-en-acier-sur-base-circulaire-111-x-65-cm-4-unites-vendu-a-lunite-avec-faculte-de-reunion-localisation-6e\/\" \/>\n<meta property=\"og:locale\" content=\"fr_FR\" \/>\n<meta property=\"og:type\" content=\"article\" \/>\n<meta property=\"og:title\" content=\"Table haute, plateau carr\u00e9 \u00e0 bords arrondis en bois stratifie couleur h\u00eatre, pied colonne en acier sur base circulaire. 111 x 65 cm. 4 unit\u00e9s. Vendu \u00e0 l&#039;unit\u00e9 avec facult\u00e9 de r\u00e9union. Localisation: 6\u00e8me \u00e9tage salle 607 - wpe-encheres\" \/>\n<meta property=\"og:description\" content=\"Table haute, plateau carr\u00e9 \u00e0 bords arrondis en bois stratifie couleur h\u00eatre, pied colonne en acier sur base circulaire. 111 x 65 cm. 4 unit\u00e9s. Vendu \u00e0 l&rsquo;unit\u00e9 avec facult\u00e9 de r\u00e9union. Localisation: 6\u00e8me \u00e9tage salle 607\" \/>\n<meta property=\"og:url\" content=\"https:\/\/wpe-encheres.com\/site\/produit\/table-haute-plateau-carre-a-bords-arrondis-en-bois-stratifie-couleur-hetre-pied-colonne-en-acier-sur-base-circulaire-111-x-65-cm-4-unites-vendu-a-lunite-avec-faculte-de-reunion-localisation-6e\/\" \/>\n<meta property=\"og:site_name\" content=\"wpe-encheres\" \/>\n<meta property=\"article:modified_time\" content=\"2026-03-17T09:14:46+00:00\" \/>\n<meta property=\"og:image\" content=\"https:\/\/wpe-encheres.com\/site\/wp-content\/uploads\/2026\/02\/6985fe03566f3.jpg\" \/>\n\t<meta property=\"og:image:width\" content=\"629\" \/>\n\t<meta property=\"og:image:height\" content=\"764\" \/>\n\t<meta property=\"og:image:type\" content=\"image\/jpeg\" \/>\n<meta name=\"twitter:card\" content=\"summary_large_image\" \/>\n<script type=\"application\/ld+json\" class=\"yoast-schema-graph\">{\"@context\":\"https:\\\/\\\/schema.org\",\"@graph\":[{\"@type\":\"WebPage\",\"@id\":\"https:\\\/\\\/wpe-encheres.com\\\/site\\\/produit\\\/table-haute-plateau-carre-a-bords-arrondis-en-bois-stratifie-couleur-hetre-pied-colonne-en-acier-sur-base-circulaire-111-x-65-cm-4-unites-vendu-a-lunite-avec-faculte-de-reunion-localisation-6e\\\/\",\"url\":\"https:\\\/\\\/wpe-encheres.com\\\/site\\\/produit\\\/table-haute-plateau-carre-a-bords-arrondis-en-bois-stratifie-couleur-hetre-pied-colonne-en-acier-sur-base-circulaire-111-x-65-cm-4-unites-vendu-a-lunite-avec-faculte-de-reunion-localisation-6e\\\/\",\"name\":\"Table haute, plateau carr\u00e9 \u00e0 bords arrondis en bois stratifie couleur h\u00eatre, pied colonne en acier sur base circulaire. 111 x 65 cm. 4 unit\u00e9s. Vendu \u00e0 l'unit\u00e9 avec facult\u00e9 de r\u00e9union. Localisation: 6\u00e8me \u00e9tage salle 607 - wpe-encheres\",\"isPartOf\":{\"@id\":\"https:\\\/\\\/wpe-encheres.com\\\/site\\\/#website\"},\"primaryImageOfPage\":{\"@id\":\"https:\\\/\\\/wpe-encheres.com\\\/site\\\/produit\\\/table-haute-plateau-carre-a-bords-arrondis-en-bois-stratifie-couleur-hetre-pied-colonne-en-acier-sur-base-circulaire-111-x-65-cm-4-unites-vendu-a-lunite-avec-faculte-de-reunion-localisation-6e\\\/#primaryimage\"},\"image\":{\"@id\":\"https:\\\/\\\/wpe-encheres.com\\\/site\\\/produit\\\/table-haute-plateau-carre-a-bords-arrondis-en-bois-stratifie-couleur-hetre-pied-colonne-en-acier-sur-base-circulaire-111-x-65-cm-4-unites-vendu-a-lunite-avec-faculte-de-reunion-localisation-6e\\\/#primaryimage\"},\"thumbnailUrl\":\"https:\\\/\\\/wpe-encheres.com\\\/site\\\/wp-content\\\/uploads\\\/2026\\\/02\\\/6985fe03566f3.jpg\",\"datePublished\":\"2026-03-17T09:14:40+00:00\",\"dateModified\":\"2026-03-17T09:14:46+00:00\",\"breadcrumb\":{\"@id\":\"https:\\\/\\\/wpe-encheres.com\\\/site\\\/produit\\\/table-haute-plateau-carre-a-bords-arrondis-en-bois-stratifie-couleur-hetre-pied-colonne-en-acier-sur-base-circulaire-111-x-65-cm-4-unites-vendu-a-lunite-avec-faculte-de-reunion-localisation-6e\\\/#breadcrumb\"},\"inLanguage\":\"fr-FR\",\"potentialAction\":[{\"@type\":\"ReadAction\",\"target\":[\"https:\\\/\\\/wpe-encheres.com\\\/site\\\/produit\\\/table-haute-plateau-carre-a-bords-arrondis-en-bois-stratifie-couleur-hetre-pied-colonne-en-acier-sur-base-circulaire-111-x-65-cm-4-unites-vendu-a-lunite-avec-faculte-de-reunion-localisation-6e\\\/\"]}]},{\"@type\":\"ImageObject\",\"inLanguage\":\"fr-FR\",\"@id\":\"https:\\\/\\\/wpe-encheres.com\\\/site\\\/produit\\\/table-haute-plateau-carre-a-bords-arrondis-en-bois-stratifie-couleur-hetre-pied-colonne-en-acier-sur-base-circulaire-111-x-65-cm-4-unites-vendu-a-lunite-avec-faculte-de-reunion-localisation-6e\\\/#primaryimage\",\"url\":\"https:\\\/\\\/wpe-encheres.com\\\/site\\\/wp-content\\\/uploads\\\/2026\\\/02\\\/6985fe03566f3.jpg\",\"contentUrl\":\"https:\\\/\\\/wpe-encheres.com\\\/site\\\/wp-content\\\/uploads\\\/2026\\\/02\\\/6985fe03566f3.jpg\",\"width\":629,\"height\":764},{\"@type\":\"BreadcrumbList\",\"@id\":\"https:\\\/\\\/wpe-encheres.com\\\/site\\\/produit\\\/table-haute-plateau-carre-a-bords-arrondis-en-bois-stratifie-couleur-hetre-pied-colonne-en-acier-sur-base-circulaire-111-x-65-cm-4-unites-vendu-a-lunite-avec-faculte-de-reunion-localisation-6e\\\/#breadcrumb\",\"itemListElement\":[{\"@type\":\"ListItem\",\"position\":1,\"name\":\"Accueil\",\"item\":\"https:\\\/\\\/wpe-encheres.com\\\/site\\\/\"},{\"@type\":\"ListItem\",\"position\":2,\"name\":\"Boutique\",\"item\":\"https:\\\/\\\/wpe-encheres.com\\\/site\\\/?page_id=22765\"},{\"@type\":\"ListItem\",\"position\":3,\"name\":\"Table haute, plateau carr\u00e9 \u00e0 bords arrondis en bois stratifie couleur h\u00eatre, pied colonne en acier sur base circulaire. 111 x 65 cm. 4 unit\u00e9s. Vendu \u00e0 l&rsquo;unit\u00e9 avec facult\u00e9 de r\u00e9union. Localisation: 6\u00e8me \u00e9tage salle 607\"}]},{\"@type\":\"WebSite\",\"@id\":\"https:\\\/\\\/wpe-encheres.com\\\/site\\\/#website\",\"url\":\"https:\\\/\\\/wpe-encheres.com\\\/site\\\/\",\"name\":\"wpe-encheres\",\"description\":\"\",\"publisher\":{\"@id\":\"https:\\\/\\\/wpe-encheres.com\\\/site\\\/#organization\"},\"potentialAction\":[{\"@type\":\"SearchAction\",\"target\":{\"@type\":\"EntryPoint\",\"urlTemplate\":\"https:\\\/\\\/wpe-encheres.com\\\/site\\\/?s={search_term_string}\"},\"query-input\":{\"@type\":\"PropertyValueSpecification\",\"valueRequired\":true,\"valueName\":\"search_term_string\"}}],\"inLanguage\":\"fr-FR\"},{\"@type\":\"Organization\",\"@id\":\"https:\\\/\\\/wpe-encheres.com\\\/site\\\/#organization\",\"name\":\"wpe encheres\",\"url\":\"https:\\\/\\\/wpe-encheres.com\\\/site\\\/\",\"logo\":{\"@type\":\"ImageObject\",\"inLanguage\":\"fr-FR\",\"@id\":\"https:\\\/\\\/wpe-encheres.com\\\/site\\\/#\\\/schema\\\/logo\\\/image\\\/\",\"url\":\"https:\\\/\\\/wpe-encheres.com\\\/site\\\/wp-content\\\/uploads\\\/2025\\\/08\\\/wpe-encheres-logo.png\",\"contentUrl\":\"https:\\\/\\\/wpe-encheres.com\\\/site\\\/wp-content\\\/uploads\\\/2025\\\/08\\\/wpe-encheres-logo.png\",\"width\":300,\"height\":110,\"caption\":\"wpe encheres\"},\"image\":{\"@id\":\"https:\\\/\\\/wpe-encheres.com\\\/site\\\/#\\\/schema\\\/logo\\\/image\\\/\"}}]}<\/script>\n<!-- \/ Yoast SEO plugin. -->","yoast_head_json":{"title":"Table haute, plateau carr\u00e9 \u00e0 bords arrondis en bois stratifie couleur h\u00eatre, pied colonne en acier sur base circulaire. 111 x 65 cm. 4 unit\u00e9s. Vendu \u00e0 l'unit\u00e9 avec facult\u00e9 de r\u00e9union. Localisation: 6\u00e8me \u00e9tage salle 607 - wpe-encheres","robots":{"index":"index","follow":"follow","max-snippet":"max-snippet:-1","max-image-preview":"max-image-preview:large","max-video-preview":"max-video-preview:-1"},"canonical":"https:\/\/wpe-encheres.com\/site\/produit\/table-haute-plateau-carre-a-bords-arrondis-en-bois-stratifie-couleur-hetre-pied-colonne-en-acier-sur-base-circulaire-111-x-65-cm-4-unites-vendu-a-lunite-avec-faculte-de-reunion-localisation-6e\/","og_locale":"fr_FR","og_type":"article","og_title":"Table haute, plateau carr\u00e9 \u00e0 bords arrondis en bois stratifie couleur h\u00eatre, pied colonne en acier sur base circulaire. 111 x 65 cm. 4 unit\u00e9s. Vendu \u00e0 l'unit\u00e9 avec facult\u00e9 de r\u00e9union. Localisation: 6\u00e8me \u00e9tage salle 607 - wpe-encheres","og_description":"Table haute, plateau carr\u00e9 \u00e0 bords arrondis en bois stratifie couleur h\u00eatre, pied colonne en acier sur base circulaire. 111 x 65 cm. 4 unit\u00e9s. Vendu \u00e0 l&rsquo;unit\u00e9 avec facult\u00e9 de r\u00e9union. Localisation: 6\u00e8me \u00e9tage salle 607","og_url":"https:\/\/wpe-encheres.com\/site\/produit\/table-haute-plateau-carre-a-bords-arrondis-en-bois-stratifie-couleur-hetre-pied-colonne-en-acier-sur-base-circulaire-111-x-65-cm-4-unites-vendu-a-lunite-avec-faculte-de-reunion-localisation-6e\/","og_site_name":"wpe-encheres","article_modified_time":"2026-03-17T09:14:46+00:00","og_image":[{"width":629,"height":764,"url":"https:\/\/wpe-encheres.com\/site\/wp-content\/uploads\/2026\/02\/6985fe03566f3.jpg","type":"image\/jpeg"}],"twitter_card":"summary_large_image","schema":{"@context":"https:\/\/schema.org","@graph":[{"@type":"WebPage","@id":"https:\/\/wpe-encheres.com\/site\/produit\/table-haute-plateau-carre-a-bords-arrondis-en-bois-stratifie-couleur-hetre-pied-colonne-en-acier-sur-base-circulaire-111-x-65-cm-4-unites-vendu-a-lunite-avec-faculte-de-reunion-localisation-6e\/","url":"https:\/\/wpe-encheres.com\/site\/produit\/table-haute-plateau-carre-a-bords-arrondis-en-bois-stratifie-couleur-hetre-pied-colonne-en-acier-sur-base-circulaire-111-x-65-cm-4-unites-vendu-a-lunite-avec-faculte-de-reunion-localisation-6e\/","name":"Table haute, plateau carr\u00e9 \u00e0 bords arrondis en bois stratifie couleur h\u00eatre, pied colonne en acier sur base circulaire. 111 x 65 cm. 4 unit\u00e9s. Vendu \u00e0 l'unit\u00e9 avec facult\u00e9 de r\u00e9union. Localisation: 6\u00e8me \u00e9tage salle 607 - wpe-encheres","isPartOf":{"@id":"https:\/\/wpe-encheres.com\/site\/#website"},"primaryImageOfPage":{"@id":"https:\/\/wpe-encheres.com\/site\/produit\/table-haute-plateau-carre-a-bords-arrondis-en-bois-stratifie-couleur-hetre-pied-colonne-en-acier-sur-base-circulaire-111-x-65-cm-4-unites-vendu-a-lunite-avec-faculte-de-reunion-localisation-6e\/#primaryimage"},"image":{"@id":"https:\/\/wpe-encheres.com\/site\/produit\/table-haute-plateau-carre-a-bords-arrondis-en-bois-stratifie-couleur-hetre-pied-colonne-en-acier-sur-base-circulaire-111-x-65-cm-4-unites-vendu-a-lunite-avec-faculte-de-reunion-localisation-6e\/#primaryimage"},"thumbnailUrl":"https:\/\/wpe-encheres.com\/site\/wp-content\/uploads\/2026\/02\/6985fe03566f3.jpg","datePublished":"2026-03-17T09:14:40+00:00","dateModified":"2026-03-17T09:14:46+00:00","breadcrumb":{"@id":"https:\/\/wpe-encheres.com\/site\/produit\/table-haute-plateau-carre-a-bords-arrondis-en-bois-stratifie-couleur-hetre-pied-colonne-en-acier-sur-base-circulaire-111-x-65-cm-4-unites-vendu-a-lunite-avec-faculte-de-reunion-localisation-6e\/#breadcrumb"},"inLanguage":"fr-FR","potentialAction":[{"@type":"ReadAction","target":["https:\/\/wpe-encheres.com\/site\/produit\/table-haute-plateau-carre-a-bords-arrondis-en-bois-stratifie-couleur-hetre-pied-colonne-en-acier-sur-base-circulaire-111-x-65-cm-4-unites-vendu-a-lunite-avec-faculte-de-reunion-localisation-6e\/"]}]},{"@type":"ImageObject","inLanguage":"fr-FR","@id":"https:\/\/wpe-encheres.com\/site\/produit\/table-haute-plateau-carre-a-bords-arrondis-en-bois-stratifie-couleur-hetre-pied-colonne-en-acier-sur-base-circulaire-111-x-65-cm-4-unites-vendu-a-lunite-avec-faculte-de-reunion-localisation-6e\/#primaryimage","url":"https:\/\/wpe-encheres.com\/site\/wp-content\/uploads\/2026\/02\/6985fe03566f3.jpg","contentUrl":"https:\/\/wpe-encheres.com\/site\/wp-content\/uploads\/2026\/02\/6985fe03566f3.jpg","width":629,"height":764},{"@type":"BreadcrumbList","@id":"https:\/\/wpe-encheres.com\/site\/produit\/table-haute-plateau-carre-a-bords-arrondis-en-bois-stratifie-couleur-hetre-pied-colonne-en-acier-sur-base-circulaire-111-x-65-cm-4-unites-vendu-a-lunite-avec-faculte-de-reunion-localisation-6e\/#breadcrumb","itemListElement":[{"@type":"ListItem","position":1,"name":"Accueil","item":"https:\/\/wpe-encheres.com\/site\/"},{"@type":"ListItem","position":2,"name":"Boutique","item":"https:\/\/wpe-encheres.com\/site\/?page_id=22765"},{"@type":"ListItem","position":3,"name":"Table haute, plateau carr\u00e9 \u00e0 bords arrondis en bois stratifie couleur h\u00eatre, pied colonne en acier sur base circulaire. 111 x 65 cm. 4 unit\u00e9s. Vendu \u00e0 l&rsquo;unit\u00e9 avec facult\u00e9 de r\u00e9union. Localisation: 6\u00e8me \u00e9tage salle 607"}]},{"@type":"WebSite","@id":"https:\/\/wpe-encheres.com\/site\/#website","url":"https:\/\/wpe-encheres.com\/site\/","name":"wpe-encheres","description":"","publisher":{"@id":"https:\/\/wpe-encheres.com\/site\/#organization"},"potentialAction":[{"@type":"SearchAction","target":{"@type":"EntryPoint","urlTemplate":"https:\/\/wpe-encheres.com\/site\/?s={search_term_string}"},"query-input":{"@type":"PropertyValueSpecification","valueRequired":true,"valueName":"search_term_string"}}],"inLanguage":"fr-FR"},{"@type":"Organization","@id":"https:\/\/wpe-encheres.com\/site\/#organization","name":"wpe encheres","url":"https:\/\/wpe-encheres.com\/site\/","logo":{"@type":"ImageObject","inLanguage":"fr-FR","@id":"https:\/\/wpe-encheres.com\/site\/#\/schema\/logo\/image\/","url":"https:\/\/wpe-encheres.com\/site\/wp-content\/uploads\/2025\/08\/wpe-encheres-logo.png","contentUrl":"https:\/\/wpe-encheres.com\/site\/wp-content\/uploads\/2025\/08\/wpe-encheres-logo.png","width":300,"height":110,"caption":"wpe encheres"},"image":{"@id":"https:\/\/wpe-encheres.com\/site\/#\/schema\/logo\/image\/"}}]}},"_links":{"self":[{"href":"https:\/\/wpe-encheres.com\/site\/wp-json\/wp\/v2\/product\/41254","targetHints":{"allow":["GET"]}}],"collection":[{"href":"https:\/\/wpe-encheres.com\/site\/wp-json\/wp\/v2\/product"}],"about":[{"href":"https:\/\/wpe-encheres.com\/site\/wp-json\/wp\/v2\/types\/product"}],"wp:featuredmedia":[{"embeddable":true,"href":"https:\/\/wpe-encheres.com\/site\/wp-json\/wp\/v2\/media\/39248"}],"wp:attachment":[{"href":"https:\/\/wpe-encheres.com\/site\/wp-json\/wp\/v2\/media?parent=41254"}],"wp:term":[{"taxonomy":"product_brand","embeddable":true,"href":"https:\/\/wpe-encheres.com\/site\/wp-json\/wp\/v2\/product_brand?post=41254"},{"taxonomy":"product_cat","embeddable":true,"href":"https:\/\/wpe-encheres.com\/site\/wp-json\/wp\/v2\/product_cat?post=41254"},{"taxonomy":"product_tag","embeddable":true,"href":"https:\/\/wpe-encheres.com\/site\/wp-json\/wp\/v2\/product_tag?post=41254"}],"curies":[{"name":"wp","href":"https:\/\/api.w.org\/{rel}","templated":true}]}}