{"id":41186,"date":"2026-03-17T10:14:17","date_gmt":"2026-03-17T09:14:17","guid":{"rendered":"https:\/\/wpe-encheres.com\/site\/produit\/fauteuil-pivotant-garni-de-cuir-noir-dossier-ajoure-pietement-colonne-en-acier-laque-noir-sur-base-circulaire-86-x-66-x-55-cm-8-unites-vendu-a-lunite-avec-faculte-de-reunion-localisation-1er-e\/"},"modified":"2026-03-17T10:14:20","modified_gmt":"2026-03-17T09:14:20","slug":"fauteuil-pivotant-garni-de-cuir-noir-dossier-ajoure-pietement-colonne-en-acier-laque-noir-sur-base-circulaire-86-x-66-x-55-cm-8-unites-vendu-a-lunite-avec-faculte-de-reunion-localisation-1er-e","status":"publish","type":"product","link":"https:\/\/wpe-encheres.com\/site\/produit\/fauteuil-pivotant-garni-de-cuir-noir-dossier-ajoure-pietement-colonne-en-acier-laque-noir-sur-base-circulaire-86-x-66-x-55-cm-8-unites-vendu-a-lunite-avec-faculte-de-reunion-localisation-1er-e\/","title":{"rendered":"Fauteuil pivotant garni de cuir noir, dossier ajour\u00e9, pi\u00e9tement colonne en acier laqu\u00e9 noir sur base circulaire. 86 x 66 x 55 cm. 8 unit\u00e9s. Vendu \u00e0 l&rsquo;unit\u00e9 avec facult\u00e9 de r\u00e9union. Localisation: 1er \u00e9tage local  BVP (4 unit\u00e9s) \/ Entresol bureau M. Caracalla (4 unit\u00e9s)"},"content":{"rendered":"<p>Fauteuil pivotant garni de cuir noir, dossier ajour\u00e9, pi\u00e9tement colonne en acier laqu\u00e9 noir sur base circulaire. 86 x 66 x 55 cm. 8 unit\u00e9s. Vendu \u00e0 l&rsquo;unit\u00e9 avec facult\u00e9 de r\u00e9union. Localisation: 1er \u00e9tage local  BVP (4 unit\u00e9s) \/ Entresol bureau M. Caracalla (4 unit\u00e9s)<\/p>\n","protected":false},"excerpt":{"rendered":"<p>Fauteuil pivotant garni de cuir noir, dossier ajour\u00e9, pi\u00e9tement colonne en acier laqu\u00e9 noir sur base circulaire. 86 x 66 x 55 cm. 8 unit\u00e9s. Vendu \u00e0 l&rsquo;unit\u00e9 avec facult\u00e9 de r\u00e9union. Localisation: 1er \u00e9tage local BVP (4 unit\u00e9s) \/ Entresol bureau M. Caracalla (4&#8230;<\/p>\n","protected":false},"featured_media":39022,"template":"","meta":{"_acf_changed":false},"product_brand":[],"product_cat":[22],"product_tag":[74],"class_list":{"0":"post-41186","1":"product","2":"type-product","3":"status-publish","4":"has-post-thumbnail","6":"product_cat-mobilier-design-haut-de-gamme","7":"product_tag-vente-05-mai-2026","9":"first","10":"instock","11":"product-type-simple"},"acf":[],"yoast_head":"<!-- This site is optimized with the Yoast SEO plugin v27.3 - https:\/\/yoast.com\/product\/yoast-seo-wordpress\/ -->\n<title>Fauteuil pivotant garni de cuir noir, dossier ajour\u00e9, pi\u00e9tement colonne en acier laqu\u00e9 noir sur base circulaire. 86 x 66 x 55 cm. 8 unit\u00e9s. Vendu \u00e0 l&#039;unit\u00e9 avec facult\u00e9 de r\u00e9union. Localisation: 1er \u00e9tage local BVP (4 unit\u00e9s) \/ Entresol bureau M. Caracalla (4 unit\u00e9s) - wpe-encheres<\/title>\n<meta name=\"robots\" content=\"index, follow, max-snippet:-1, max-image-preview:large, max-video-preview:-1\" \/>\n<link rel=\"canonical\" href=\"https:\/\/wpe-encheres.com\/site\/produit\/fauteuil-pivotant-garni-de-cuir-noir-dossier-ajoure-pietement-colonne-en-acier-laque-noir-sur-base-circulaire-86-x-66-x-55-cm-8-unites-vendu-a-lunite-avec-faculte-de-reunion-localisation-1er-e\/\" \/>\n<meta property=\"og:locale\" content=\"fr_FR\" \/>\n<meta property=\"og:type\" content=\"article\" \/>\n<meta property=\"og:title\" content=\"Fauteuil pivotant garni de cuir noir, dossier ajour\u00e9, pi\u00e9tement colonne en acier laqu\u00e9 noir sur base circulaire. 86 x 66 x 55 cm. 8 unit\u00e9s. Vendu \u00e0 l&#039;unit\u00e9 avec facult\u00e9 de r\u00e9union. Localisation: 1er \u00e9tage local BVP (4 unit\u00e9s) \/ Entresol bureau M. Caracalla (4 unit\u00e9s) - wpe-encheres\" \/>\n<meta property=\"og:description\" content=\"Fauteuil pivotant garni de cuir noir, dossier ajour\u00e9, pi\u00e9tement colonne en acier laqu\u00e9 noir sur base circulaire. 86 x 66 x 55 cm. 8 unit\u00e9s. Vendu \u00e0 l&rsquo;unit\u00e9 avec facult\u00e9 de r\u00e9union. Localisation: 1er \u00e9tage local BVP (4 unit\u00e9s) \/ Entresol bureau M. Caracalla (4...\" \/>\n<meta property=\"og:url\" content=\"https:\/\/wpe-encheres.com\/site\/produit\/fauteuil-pivotant-garni-de-cuir-noir-dossier-ajoure-pietement-colonne-en-acier-laque-noir-sur-base-circulaire-86-x-66-x-55-cm-8-unites-vendu-a-lunite-avec-faculte-de-reunion-localisation-1er-e\/\" \/>\n<meta property=\"og:site_name\" content=\"wpe-encheres\" \/>\n<meta property=\"article:modified_time\" content=\"2026-03-17T09:14:20+00:00\" \/>\n<meta property=\"og:image\" content=\"https:\/\/wpe-encheres.com\/site\/wp-content\/uploads\/2026\/02\/6985fdaba10de.jpg\" \/>\n\t<meta property=\"og:image:width\" content=\"618\" \/>\n\t<meta property=\"og:image:height\" content=\"801\" \/>\n\t<meta property=\"og:image:type\" content=\"image\/jpeg\" \/>\n<meta name=\"twitter:card\" content=\"summary_large_image\" \/>\n<script type=\"application\/ld+json\" class=\"yoast-schema-graph\">{\"@context\":\"https:\\\/\\\/schema.org\",\"@graph\":[{\"@type\":\"WebPage\",\"@id\":\"https:\\\/\\\/wpe-encheres.com\\\/site\\\/produit\\\/fauteuil-pivotant-garni-de-cuir-noir-dossier-ajoure-pietement-colonne-en-acier-laque-noir-sur-base-circulaire-86-x-66-x-55-cm-8-unites-vendu-a-lunite-avec-faculte-de-reunion-localisation-1er-e\\\/\",\"url\":\"https:\\\/\\\/wpe-encheres.com\\\/site\\\/produit\\\/fauteuil-pivotant-garni-de-cuir-noir-dossier-ajoure-pietement-colonne-en-acier-laque-noir-sur-base-circulaire-86-x-66-x-55-cm-8-unites-vendu-a-lunite-avec-faculte-de-reunion-localisation-1er-e\\\/\",\"name\":\"Fauteuil pivotant garni de cuir noir, dossier ajour\u00e9, pi\u00e9tement colonne en acier laqu\u00e9 noir sur base circulaire. 86 x 66 x 55 cm. 8 unit\u00e9s. Vendu \u00e0 l'unit\u00e9 avec facult\u00e9 de r\u00e9union. Localisation: 1er \u00e9tage local BVP (4 unit\u00e9s) \\\/ Entresol bureau M. Caracalla (4 unit\u00e9s) - wpe-encheres\",\"isPartOf\":{\"@id\":\"https:\\\/\\\/wpe-encheres.com\\\/site\\\/#website\"},\"primaryImageOfPage\":{\"@id\":\"https:\\\/\\\/wpe-encheres.com\\\/site\\\/produit\\\/fauteuil-pivotant-garni-de-cuir-noir-dossier-ajoure-pietement-colonne-en-acier-laque-noir-sur-base-circulaire-86-x-66-x-55-cm-8-unites-vendu-a-lunite-avec-faculte-de-reunion-localisation-1er-e\\\/#primaryimage\"},\"image\":{\"@id\":\"https:\\\/\\\/wpe-encheres.com\\\/site\\\/produit\\\/fauteuil-pivotant-garni-de-cuir-noir-dossier-ajoure-pietement-colonne-en-acier-laque-noir-sur-base-circulaire-86-x-66-x-55-cm-8-unites-vendu-a-lunite-avec-faculte-de-reunion-localisation-1er-e\\\/#primaryimage\"},\"thumbnailUrl\":\"https:\\\/\\\/wpe-encheres.com\\\/site\\\/wp-content\\\/uploads\\\/2026\\\/02\\\/6985fdaba10de.jpg\",\"datePublished\":\"2026-03-17T09:14:17+00:00\",\"dateModified\":\"2026-03-17T09:14:20+00:00\",\"breadcrumb\":{\"@id\":\"https:\\\/\\\/wpe-encheres.com\\\/site\\\/produit\\\/fauteuil-pivotant-garni-de-cuir-noir-dossier-ajoure-pietement-colonne-en-acier-laque-noir-sur-base-circulaire-86-x-66-x-55-cm-8-unites-vendu-a-lunite-avec-faculte-de-reunion-localisation-1er-e\\\/#breadcrumb\"},\"inLanguage\":\"fr-FR\",\"potentialAction\":[{\"@type\":\"ReadAction\",\"target\":[\"https:\\\/\\\/wpe-encheres.com\\\/site\\\/produit\\\/fauteuil-pivotant-garni-de-cuir-noir-dossier-ajoure-pietement-colonne-en-acier-laque-noir-sur-base-circulaire-86-x-66-x-55-cm-8-unites-vendu-a-lunite-avec-faculte-de-reunion-localisation-1er-e\\\/\"]}]},{\"@type\":\"ImageObject\",\"inLanguage\":\"fr-FR\",\"@id\":\"https:\\\/\\\/wpe-encheres.com\\\/site\\\/produit\\\/fauteuil-pivotant-garni-de-cuir-noir-dossier-ajoure-pietement-colonne-en-acier-laque-noir-sur-base-circulaire-86-x-66-x-55-cm-8-unites-vendu-a-lunite-avec-faculte-de-reunion-localisation-1er-e\\\/#primaryimage\",\"url\":\"https:\\\/\\\/wpe-encheres.com\\\/site\\\/wp-content\\\/uploads\\\/2026\\\/02\\\/6985fdaba10de.jpg\",\"contentUrl\":\"https:\\\/\\\/wpe-encheres.com\\\/site\\\/wp-content\\\/uploads\\\/2026\\\/02\\\/6985fdaba10de.jpg\",\"width\":618,\"height\":801},{\"@type\":\"BreadcrumbList\",\"@id\":\"https:\\\/\\\/wpe-encheres.com\\\/site\\\/produit\\\/fauteuil-pivotant-garni-de-cuir-noir-dossier-ajoure-pietement-colonne-en-acier-laque-noir-sur-base-circulaire-86-x-66-x-55-cm-8-unites-vendu-a-lunite-avec-faculte-de-reunion-localisation-1er-e\\\/#breadcrumb\",\"itemListElement\":[{\"@type\":\"ListItem\",\"position\":1,\"name\":\"Accueil\",\"item\":\"https:\\\/\\\/wpe-encheres.com\\\/site\\\/\"},{\"@type\":\"ListItem\",\"position\":2,\"name\":\"Boutique\",\"item\":\"https:\\\/\\\/wpe-encheres.com\\\/site\\\/?page_id=22765\"},{\"@type\":\"ListItem\",\"position\":3,\"name\":\"Fauteuil pivotant garni de cuir noir, dossier ajour\u00e9, pi\u00e9tement colonne en acier laqu\u00e9 noir sur base circulaire. 86 x 66 x 55 cm. 8 unit\u00e9s. Vendu \u00e0 l&rsquo;unit\u00e9 avec facult\u00e9 de r\u00e9union. Localisation: 1er \u00e9tage local BVP (4 unit\u00e9s) \\\/ Entresol bureau M. Caracalla (4 unit\u00e9s)\"}]},{\"@type\":\"WebSite\",\"@id\":\"https:\\\/\\\/wpe-encheres.com\\\/site\\\/#website\",\"url\":\"https:\\\/\\\/wpe-encheres.com\\\/site\\\/\",\"name\":\"wpe-encheres\",\"description\":\"\",\"publisher\":{\"@id\":\"https:\\\/\\\/wpe-encheres.com\\\/site\\\/#organization\"},\"potentialAction\":[{\"@type\":\"SearchAction\",\"target\":{\"@type\":\"EntryPoint\",\"urlTemplate\":\"https:\\\/\\\/wpe-encheres.com\\\/site\\\/?s={search_term_string}\"},\"query-input\":{\"@type\":\"PropertyValueSpecification\",\"valueRequired\":true,\"valueName\":\"search_term_string\"}}],\"inLanguage\":\"fr-FR\"},{\"@type\":\"Organization\",\"@id\":\"https:\\\/\\\/wpe-encheres.com\\\/site\\\/#organization\",\"name\":\"wpe encheres\",\"url\":\"https:\\\/\\\/wpe-encheres.com\\\/site\\\/\",\"logo\":{\"@type\":\"ImageObject\",\"inLanguage\":\"fr-FR\",\"@id\":\"https:\\\/\\\/wpe-encheres.com\\\/site\\\/#\\\/schema\\\/logo\\\/image\\\/\",\"url\":\"https:\\\/\\\/wpe-encheres.com\\\/site\\\/wp-content\\\/uploads\\\/2025\\\/08\\\/wpe-encheres-logo.png\",\"contentUrl\":\"https:\\\/\\\/wpe-encheres.com\\\/site\\\/wp-content\\\/uploads\\\/2025\\\/08\\\/wpe-encheres-logo.png\",\"width\":300,\"height\":110,\"caption\":\"wpe encheres\"},\"image\":{\"@id\":\"https:\\\/\\\/wpe-encheres.com\\\/site\\\/#\\\/schema\\\/logo\\\/image\\\/\"}}]}<\/script>\n<!-- \/ Yoast SEO plugin. -->","yoast_head_json":{"title":"Fauteuil pivotant garni de cuir noir, dossier ajour\u00e9, pi\u00e9tement colonne en acier laqu\u00e9 noir sur base circulaire. 86 x 66 x 55 cm. 8 unit\u00e9s. Vendu \u00e0 l'unit\u00e9 avec facult\u00e9 de r\u00e9union. Localisation: 1er \u00e9tage local BVP (4 unit\u00e9s) \/ Entresol bureau M. Caracalla (4 unit\u00e9s) - wpe-encheres","robots":{"index":"index","follow":"follow","max-snippet":"max-snippet:-1","max-image-preview":"max-image-preview:large","max-video-preview":"max-video-preview:-1"},"canonical":"https:\/\/wpe-encheres.com\/site\/produit\/fauteuil-pivotant-garni-de-cuir-noir-dossier-ajoure-pietement-colonne-en-acier-laque-noir-sur-base-circulaire-86-x-66-x-55-cm-8-unites-vendu-a-lunite-avec-faculte-de-reunion-localisation-1er-e\/","og_locale":"fr_FR","og_type":"article","og_title":"Fauteuil pivotant garni de cuir noir, dossier ajour\u00e9, pi\u00e9tement colonne en acier laqu\u00e9 noir sur base circulaire. 86 x 66 x 55 cm. 8 unit\u00e9s. Vendu \u00e0 l'unit\u00e9 avec facult\u00e9 de r\u00e9union. Localisation: 1er \u00e9tage local BVP (4 unit\u00e9s) \/ Entresol bureau M. Caracalla (4 unit\u00e9s) - wpe-encheres","og_description":"Fauteuil pivotant garni de cuir noir, dossier ajour\u00e9, pi\u00e9tement colonne en acier laqu\u00e9 noir sur base circulaire. 86 x 66 x 55 cm. 8 unit\u00e9s. Vendu \u00e0 l&rsquo;unit\u00e9 avec facult\u00e9 de r\u00e9union. Localisation: 1er \u00e9tage local BVP (4 unit\u00e9s) \/ Entresol bureau M. Caracalla (4...","og_url":"https:\/\/wpe-encheres.com\/site\/produit\/fauteuil-pivotant-garni-de-cuir-noir-dossier-ajoure-pietement-colonne-en-acier-laque-noir-sur-base-circulaire-86-x-66-x-55-cm-8-unites-vendu-a-lunite-avec-faculte-de-reunion-localisation-1er-e\/","og_site_name":"wpe-encheres","article_modified_time":"2026-03-17T09:14:20+00:00","og_image":[{"width":618,"height":801,"url":"https:\/\/wpe-encheres.com\/site\/wp-content\/uploads\/2026\/02\/6985fdaba10de.jpg","type":"image\/jpeg"}],"twitter_card":"summary_large_image","schema":{"@context":"https:\/\/schema.org","@graph":[{"@type":"WebPage","@id":"https:\/\/wpe-encheres.com\/site\/produit\/fauteuil-pivotant-garni-de-cuir-noir-dossier-ajoure-pietement-colonne-en-acier-laque-noir-sur-base-circulaire-86-x-66-x-55-cm-8-unites-vendu-a-lunite-avec-faculte-de-reunion-localisation-1er-e\/","url":"https:\/\/wpe-encheres.com\/site\/produit\/fauteuil-pivotant-garni-de-cuir-noir-dossier-ajoure-pietement-colonne-en-acier-laque-noir-sur-base-circulaire-86-x-66-x-55-cm-8-unites-vendu-a-lunite-avec-faculte-de-reunion-localisation-1er-e\/","name":"Fauteuil pivotant garni de cuir noir, dossier ajour\u00e9, pi\u00e9tement colonne en acier laqu\u00e9 noir sur base circulaire. 86 x 66 x 55 cm. 8 unit\u00e9s. Vendu \u00e0 l'unit\u00e9 avec facult\u00e9 de r\u00e9union. Localisation: 1er \u00e9tage local BVP (4 unit\u00e9s) \/ Entresol bureau M. Caracalla (4 unit\u00e9s) - wpe-encheres","isPartOf":{"@id":"https:\/\/wpe-encheres.com\/site\/#website"},"primaryImageOfPage":{"@id":"https:\/\/wpe-encheres.com\/site\/produit\/fauteuil-pivotant-garni-de-cuir-noir-dossier-ajoure-pietement-colonne-en-acier-laque-noir-sur-base-circulaire-86-x-66-x-55-cm-8-unites-vendu-a-lunite-avec-faculte-de-reunion-localisation-1er-e\/#primaryimage"},"image":{"@id":"https:\/\/wpe-encheres.com\/site\/produit\/fauteuil-pivotant-garni-de-cuir-noir-dossier-ajoure-pietement-colonne-en-acier-laque-noir-sur-base-circulaire-86-x-66-x-55-cm-8-unites-vendu-a-lunite-avec-faculte-de-reunion-localisation-1er-e\/#primaryimage"},"thumbnailUrl":"https:\/\/wpe-encheres.com\/site\/wp-content\/uploads\/2026\/02\/6985fdaba10de.jpg","datePublished":"2026-03-17T09:14:17+00:00","dateModified":"2026-03-17T09:14:20+00:00","breadcrumb":{"@id":"https:\/\/wpe-encheres.com\/site\/produit\/fauteuil-pivotant-garni-de-cuir-noir-dossier-ajoure-pietement-colonne-en-acier-laque-noir-sur-base-circulaire-86-x-66-x-55-cm-8-unites-vendu-a-lunite-avec-faculte-de-reunion-localisation-1er-e\/#breadcrumb"},"inLanguage":"fr-FR","potentialAction":[{"@type":"ReadAction","target":["https:\/\/wpe-encheres.com\/site\/produit\/fauteuil-pivotant-garni-de-cuir-noir-dossier-ajoure-pietement-colonne-en-acier-laque-noir-sur-base-circulaire-86-x-66-x-55-cm-8-unites-vendu-a-lunite-avec-faculte-de-reunion-localisation-1er-e\/"]}]},{"@type":"ImageObject","inLanguage":"fr-FR","@id":"https:\/\/wpe-encheres.com\/site\/produit\/fauteuil-pivotant-garni-de-cuir-noir-dossier-ajoure-pietement-colonne-en-acier-laque-noir-sur-base-circulaire-86-x-66-x-55-cm-8-unites-vendu-a-lunite-avec-faculte-de-reunion-localisation-1er-e\/#primaryimage","url":"https:\/\/wpe-encheres.com\/site\/wp-content\/uploads\/2026\/02\/6985fdaba10de.jpg","contentUrl":"https:\/\/wpe-encheres.com\/site\/wp-content\/uploads\/2026\/02\/6985fdaba10de.jpg","width":618,"height":801},{"@type":"BreadcrumbList","@id":"https:\/\/wpe-encheres.com\/site\/produit\/fauteuil-pivotant-garni-de-cuir-noir-dossier-ajoure-pietement-colonne-en-acier-laque-noir-sur-base-circulaire-86-x-66-x-55-cm-8-unites-vendu-a-lunite-avec-faculte-de-reunion-localisation-1er-e\/#breadcrumb","itemListElement":[{"@type":"ListItem","position":1,"name":"Accueil","item":"https:\/\/wpe-encheres.com\/site\/"},{"@type":"ListItem","position":2,"name":"Boutique","item":"https:\/\/wpe-encheres.com\/site\/?page_id=22765"},{"@type":"ListItem","position":3,"name":"Fauteuil pivotant garni de cuir noir, dossier ajour\u00e9, pi\u00e9tement colonne en acier laqu\u00e9 noir sur base circulaire. 86 x 66 x 55 cm. 8 unit\u00e9s. Vendu \u00e0 l&rsquo;unit\u00e9 avec facult\u00e9 de r\u00e9union. Localisation: 1er \u00e9tage local BVP (4 unit\u00e9s) \/ Entresol bureau M. Caracalla (4 unit\u00e9s)"}]},{"@type":"WebSite","@id":"https:\/\/wpe-encheres.com\/site\/#website","url":"https:\/\/wpe-encheres.com\/site\/","name":"wpe-encheres","description":"","publisher":{"@id":"https:\/\/wpe-encheres.com\/site\/#organization"},"potentialAction":[{"@type":"SearchAction","target":{"@type":"EntryPoint","urlTemplate":"https:\/\/wpe-encheres.com\/site\/?s={search_term_string}"},"query-input":{"@type":"PropertyValueSpecification","valueRequired":true,"valueName":"search_term_string"}}],"inLanguage":"fr-FR"},{"@type":"Organization","@id":"https:\/\/wpe-encheres.com\/site\/#organization","name":"wpe encheres","url":"https:\/\/wpe-encheres.com\/site\/","logo":{"@type":"ImageObject","inLanguage":"fr-FR","@id":"https:\/\/wpe-encheres.com\/site\/#\/schema\/logo\/image\/","url":"https:\/\/wpe-encheres.com\/site\/wp-content\/uploads\/2025\/08\/wpe-encheres-logo.png","contentUrl":"https:\/\/wpe-encheres.com\/site\/wp-content\/uploads\/2025\/08\/wpe-encheres-logo.png","width":300,"height":110,"caption":"wpe encheres"},"image":{"@id":"https:\/\/wpe-encheres.com\/site\/#\/schema\/logo\/image\/"}}]}},"_links":{"self":[{"href":"https:\/\/wpe-encheres.com\/site\/wp-json\/wp\/v2\/product\/41186","targetHints":{"allow":["GET"]}}],"collection":[{"href":"https:\/\/wpe-encheres.com\/site\/wp-json\/wp\/v2\/product"}],"about":[{"href":"https:\/\/wpe-encheres.com\/site\/wp-json\/wp\/v2\/types\/product"}],"wp:featuredmedia":[{"embeddable":true,"href":"https:\/\/wpe-encheres.com\/site\/wp-json\/wp\/v2\/media\/39022"}],"wp:attachment":[{"href":"https:\/\/wpe-encheres.com\/site\/wp-json\/wp\/v2\/media?parent=41186"}],"wp:term":[{"taxonomy":"product_brand","embeddable":true,"href":"https:\/\/wpe-encheres.com\/site\/wp-json\/wp\/v2\/product_brand?post=41186"},{"taxonomy":"product_cat","embeddable":true,"href":"https:\/\/wpe-encheres.com\/site\/wp-json\/wp\/v2\/product_cat?post=41186"},{"taxonomy":"product_tag","embeddable":true,"href":"https:\/\/wpe-encheres.com\/site\/wp-json\/wp\/v2\/product_tag?post=41186"}],"curies":[{"name":"wp","href":"https:\/\/api.w.org\/{rel}","templated":true}]}}