{"id":41125,"date":"2026-03-18T19:40:49","date_gmt":"2026-03-18T18:40:49","guid":{"rendered":"https:\/\/wpe-encheres.com\/site\/produit\/voiture-opel-mokka-14l-turbo-140-ch-de-2016-blanche-essence-boite-automatique-140-ch-8-cv-fiscaux-5-porteskilometrage-47-111-kmvendue-pour-pieces-en-letat-equip\/"},"modified":"2026-03-18T19:40:51","modified_gmt":"2026-03-18T18:40:51","slug":"voiture-opel-mokka-14l-turbo-140-ch-de-2016-blanche-essence-boite-automatique-140-ch-8-cv-fiscaux-5-porteskilometrage-47-111-kmequipements-regulateur-limitate","status":"publish","type":"product","link":"https:\/\/wpe-encheres.com\/site\/produit\/voiture-opel-mokka-14l-turbo-140-ch-de-2016-blanche-essence-boite-automatique-140-ch-8-cv-fiscaux-5-porteskilometrage-47-111-kmequipements-regulateur-limitate\/","title":{"rendered":"Voiture Opel Mokka 1,4l turbo 140 CH de 2016 blanche \nEssence \u2013 Bo\u00eete automatique \u2013 140 ch \u2013 8 CV fiscaux &#8211; 5 portes\nKilom\u00e9trage : 47 111 km\n\u00c9quipements : R\u00e9gulateur \/ limitateur de vitesse, Bluetooth, ESP, appel d&rsquo;urgence, boule d&rsquo;attelage, vitres \u00e9lectriques, barres de toit.\nV\u00e9hicule vendu pour pi\u00e8ces en l&rsquo;\u00e9tat pour les professionnels"},"content":{"rendered":"<p>Voiture Opel Mokka 1,4l turbo 140 CH de 2016 blanche<br \/>\nEssence \u2013 Bo\u00eete automatique \u2013 140 ch \u2013 8 CV fiscaux &#8211; 5 portes<br \/>\nKilom\u00e9trage : 47 111 km<br \/>\n\u00c9quipements : R\u00e9gulateur \/ limitateur de vitesse, Bluetooth, ESP, appel d&rsquo;urgence, boule d&rsquo;attelage, vitres \u00e9lectriques, barres de toit.<br \/>\nV\u00e9hicule vendu pour pi\u00e8ces en l&rsquo;\u00e9tat pour les professionnels<\/p>\n","protected":false},"excerpt":{"rendered":"<p>Voiture Opel Mokka 1,4l turbo 140 CH de 2016 blanche Essence \u2013 Bo\u00eete automatique \u2013 140 ch \u2013 8 CV fiscaux &#8211; 5 portes Kilom\u00e9trage : 47 111 km \u00c9quipements : R\u00e9gulateur \/ limitateur de vitesse, Bluetooth, ESP, appel d&rsquo;urgence, boule d&rsquo;attelage, vitres \u00e9lectriques, barres&#8230;<\/p>\n","protected":false},"featured_media":41126,"template":"","meta":{"_acf_changed":false},"product_brand":[],"product_cat":[15],"product_tag":[73],"class_list":{"0":"post-41125","1":"product","2":"type-product","3":"status-publish","4":"has-post-thumbnail","6":"product_cat-non-classe","7":"product_tag-vente-08-avril-2026","9":"first","10":"instock","11":"product-type-simple"},"acf":[],"yoast_head":"<!-- This site is optimized with the Yoast SEO plugin v27.3 - https:\/\/yoast.com\/product\/yoast-seo-wordpress\/ -->\n<title>Voiture Opel Mokka 1,4l turbo 140 CH de 2016 blanche Essence \u2013 Bo\u00eete automatique \u2013 140 ch \u2013 8 CV fiscaux - 5 portes Kilom\u00e9trage : 47 111 km \u00c9quipements : R\u00e9gulateur \/ limitateur de vitesse, Bluetooth, ESP, appel d&#039;urgence, boule d&#039;attelage, vitres \u00e9lectriques, barres de toit. V\u00e9hicule vendu pour pi\u00e8ces en l&#039;\u00e9tat pour les professionnels - wpe-encheres<\/title>\n<meta name=\"robots\" content=\"index, follow, max-snippet:-1, max-image-preview:large, max-video-preview:-1\" \/>\n<link rel=\"canonical\" href=\"https:\/\/wpe-encheres.com\/site\/produit\/voiture-opel-mokka-14l-turbo-140-ch-de-2016-blanche-essence-boite-automatique-140-ch-8-cv-fiscaux-5-porteskilometrage-47-111-kmequipements-regulateur-limitate\/\" \/>\n<meta property=\"og:locale\" content=\"fr_FR\" \/>\n<meta property=\"og:type\" content=\"article\" \/>\n<meta property=\"og:title\" content=\"Voiture Opel Mokka 1,4l turbo 140 CH de 2016 blanche Essence \u2013 Bo\u00eete automatique \u2013 140 ch \u2013 8 CV fiscaux - 5 portes Kilom\u00e9trage : 47 111 km \u00c9quipements : R\u00e9gulateur \/ limitateur de vitesse, Bluetooth, ESP, appel d&#039;urgence, boule d&#039;attelage, vitres \u00e9lectriques, barres de toit. V\u00e9hicule vendu pour pi\u00e8ces en l&#039;\u00e9tat pour les professionnels - wpe-encheres\" \/>\n<meta property=\"og:description\" content=\"Voiture Opel Mokka 1,4l turbo 140 CH de 2016 blanche Essence \u2013 Bo\u00eete automatique \u2013 140 ch \u2013 8 CV fiscaux &#8211; 5 portes Kilom\u00e9trage : 47 111 km \u00c9quipements : R\u00e9gulateur \/ limitateur de vitesse, Bluetooth, ESP, appel d&rsquo;urgence, boule d&rsquo;attelage, vitres \u00e9lectriques, barres...\" \/>\n<meta property=\"og:url\" content=\"https:\/\/wpe-encheres.com\/site\/produit\/voiture-opel-mokka-14l-turbo-140-ch-de-2016-blanche-essence-boite-automatique-140-ch-8-cv-fiscaux-5-porteskilometrage-47-111-kmequipements-regulateur-limitate\/\" \/>\n<meta property=\"og:site_name\" content=\"wpe-encheres\" \/>\n<meta property=\"article:modified_time\" content=\"2026-03-18T18:40:51+00:00\" \/>\n<meta property=\"og:image\" content=\"https:\/\/wpe-encheres.com\/site\/wp-content\/uploads\/2026\/03\/699c5b4d428e6.jpg\" \/>\n\t<meta property=\"og:image:width\" content=\"706\" \/>\n\t<meta property=\"og:image:height\" content=\"640\" \/>\n\t<meta property=\"og:image:type\" content=\"image\/jpeg\" \/>\n<meta name=\"twitter:card\" content=\"summary_large_image\" \/>\n<script type=\"application\/ld+json\" class=\"yoast-schema-graph\">{\"@context\":\"https:\\\/\\\/schema.org\",\"@graph\":[{\"@type\":\"WebPage\",\"@id\":\"https:\\\/\\\/wpe-encheres.com\\\/site\\\/produit\\\/voiture-opel-mokka-14l-turbo-140-ch-de-2016-blanche-essence-boite-automatique-140-ch-8-cv-fiscaux-5-porteskilometrage-47-111-kmequipements-regulateur-limitate\\\/\",\"url\":\"https:\\\/\\\/wpe-encheres.com\\\/site\\\/produit\\\/voiture-opel-mokka-14l-turbo-140-ch-de-2016-blanche-essence-boite-automatique-140-ch-8-cv-fiscaux-5-porteskilometrage-47-111-kmequipements-regulateur-limitate\\\/\",\"name\":\"Voiture Opel Mokka 1,4l turbo 140 CH de 2016 blanche Essence \u2013 Bo\u00eete automatique \u2013 140 ch \u2013 8 CV fiscaux - 5 portes Kilom\u00e9trage : 47 111 km \u00c9quipements : R\u00e9gulateur \\\/ limitateur de vitesse, Bluetooth, ESP, appel d'urgence, boule d'attelage, vitres \u00e9lectriques, barres de toit. V\u00e9hicule vendu pour pi\u00e8ces en l'\u00e9tat pour les professionnels - wpe-encheres\",\"isPartOf\":{\"@id\":\"https:\\\/\\\/wpe-encheres.com\\\/site\\\/#website\"},\"primaryImageOfPage\":{\"@id\":\"https:\\\/\\\/wpe-encheres.com\\\/site\\\/produit\\\/voiture-opel-mokka-14l-turbo-140-ch-de-2016-blanche-essence-boite-automatique-140-ch-8-cv-fiscaux-5-porteskilometrage-47-111-kmequipements-regulateur-limitate\\\/#primaryimage\"},\"image\":{\"@id\":\"https:\\\/\\\/wpe-encheres.com\\\/site\\\/produit\\\/voiture-opel-mokka-14l-turbo-140-ch-de-2016-blanche-essence-boite-automatique-140-ch-8-cv-fiscaux-5-porteskilometrage-47-111-kmequipements-regulateur-limitate\\\/#primaryimage\"},\"thumbnailUrl\":\"https:\\\/\\\/wpe-encheres.com\\\/site\\\/wp-content\\\/uploads\\\/2026\\\/03\\\/699c5b4d428e6.jpg\",\"datePublished\":\"2026-03-18T18:40:49+00:00\",\"dateModified\":\"2026-03-18T18:40:51+00:00\",\"breadcrumb\":{\"@id\":\"https:\\\/\\\/wpe-encheres.com\\\/site\\\/produit\\\/voiture-opel-mokka-14l-turbo-140-ch-de-2016-blanche-essence-boite-automatique-140-ch-8-cv-fiscaux-5-porteskilometrage-47-111-kmequipements-regulateur-limitate\\\/#breadcrumb\"},\"inLanguage\":\"fr-FR\",\"potentialAction\":[{\"@type\":\"ReadAction\",\"target\":[\"https:\\\/\\\/wpe-encheres.com\\\/site\\\/produit\\\/voiture-opel-mokka-14l-turbo-140-ch-de-2016-blanche-essence-boite-automatique-140-ch-8-cv-fiscaux-5-porteskilometrage-47-111-kmequipements-regulateur-limitate\\\/\"]}]},{\"@type\":\"ImageObject\",\"inLanguage\":\"fr-FR\",\"@id\":\"https:\\\/\\\/wpe-encheres.com\\\/site\\\/produit\\\/voiture-opel-mokka-14l-turbo-140-ch-de-2016-blanche-essence-boite-automatique-140-ch-8-cv-fiscaux-5-porteskilometrage-47-111-kmequipements-regulateur-limitate\\\/#primaryimage\",\"url\":\"https:\\\/\\\/wpe-encheres.com\\\/site\\\/wp-content\\\/uploads\\\/2026\\\/03\\\/699c5b4d428e6.jpg\",\"contentUrl\":\"https:\\\/\\\/wpe-encheres.com\\\/site\\\/wp-content\\\/uploads\\\/2026\\\/03\\\/699c5b4d428e6.jpg\",\"width\":706,\"height\":640},{\"@type\":\"BreadcrumbList\",\"@id\":\"https:\\\/\\\/wpe-encheres.com\\\/site\\\/produit\\\/voiture-opel-mokka-14l-turbo-140-ch-de-2016-blanche-essence-boite-automatique-140-ch-8-cv-fiscaux-5-porteskilometrage-47-111-kmequipements-regulateur-limitate\\\/#breadcrumb\",\"itemListElement\":[{\"@type\":\"ListItem\",\"position\":1,\"name\":\"Accueil\",\"item\":\"https:\\\/\\\/wpe-encheres.com\\\/site\\\/\"},{\"@type\":\"ListItem\",\"position\":2,\"name\":\"Boutique\",\"item\":\"https:\\\/\\\/wpe-encheres.com\\\/site\\\/?page_id=22765\"},{\"@type\":\"ListItem\",\"position\":3,\"name\":\"Voiture Opel Mokka 1,4l turbo 140 CH de 2016 blanche Essence \u2013 Bo\u00eete automatique \u2013 140 ch \u2013 8 CV fiscaux &#8211; 5 portes Kilom\u00e9trage : 47 111 km \u00c9quipements : R\u00e9gulateur \\\/ limitateur de vitesse, Bluetooth, ESP, appel d&rsquo;urgence, boule d&rsquo;attelage, vitres \u00e9lectriques, barres de toit. V\u00e9hicule vendu pour pi\u00e8ces en l&rsquo;\u00e9tat pour les professionnels\"}]},{\"@type\":\"WebSite\",\"@id\":\"https:\\\/\\\/wpe-encheres.com\\\/site\\\/#website\",\"url\":\"https:\\\/\\\/wpe-encheres.com\\\/site\\\/\",\"name\":\"wpe-encheres\",\"description\":\"\",\"publisher\":{\"@id\":\"https:\\\/\\\/wpe-encheres.com\\\/site\\\/#organization\"},\"potentialAction\":[{\"@type\":\"SearchAction\",\"target\":{\"@type\":\"EntryPoint\",\"urlTemplate\":\"https:\\\/\\\/wpe-encheres.com\\\/site\\\/?s={search_term_string}\"},\"query-input\":{\"@type\":\"PropertyValueSpecification\",\"valueRequired\":true,\"valueName\":\"search_term_string\"}}],\"inLanguage\":\"fr-FR\"},{\"@type\":\"Organization\",\"@id\":\"https:\\\/\\\/wpe-encheres.com\\\/site\\\/#organization\",\"name\":\"wpe encheres\",\"url\":\"https:\\\/\\\/wpe-encheres.com\\\/site\\\/\",\"logo\":{\"@type\":\"ImageObject\",\"inLanguage\":\"fr-FR\",\"@id\":\"https:\\\/\\\/wpe-encheres.com\\\/site\\\/#\\\/schema\\\/logo\\\/image\\\/\",\"url\":\"https:\\\/\\\/wpe-encheres.com\\\/site\\\/wp-content\\\/uploads\\\/2025\\\/08\\\/wpe-encheres-logo.png\",\"contentUrl\":\"https:\\\/\\\/wpe-encheres.com\\\/site\\\/wp-content\\\/uploads\\\/2025\\\/08\\\/wpe-encheres-logo.png\",\"width\":300,\"height\":110,\"caption\":\"wpe encheres\"},\"image\":{\"@id\":\"https:\\\/\\\/wpe-encheres.com\\\/site\\\/#\\\/schema\\\/logo\\\/image\\\/\"}}]}<\/script>\n<!-- \/ Yoast SEO plugin. -->","yoast_head_json":{"title":"Voiture Opel Mokka 1,4l turbo 140 CH de 2016 blanche Essence \u2013 Bo\u00eete automatique \u2013 140 ch \u2013 8 CV fiscaux - 5 portes Kilom\u00e9trage : 47 111 km \u00c9quipements : R\u00e9gulateur \/ limitateur de vitesse, Bluetooth, ESP, appel d'urgence, boule d'attelage, vitres \u00e9lectriques, barres de toit. V\u00e9hicule vendu pour pi\u00e8ces en l'\u00e9tat pour les professionnels - wpe-encheres","robots":{"index":"index","follow":"follow","max-snippet":"max-snippet:-1","max-image-preview":"max-image-preview:large","max-video-preview":"max-video-preview:-1"},"canonical":"https:\/\/wpe-encheres.com\/site\/produit\/voiture-opel-mokka-14l-turbo-140-ch-de-2016-blanche-essence-boite-automatique-140-ch-8-cv-fiscaux-5-porteskilometrage-47-111-kmequipements-regulateur-limitate\/","og_locale":"fr_FR","og_type":"article","og_title":"Voiture Opel Mokka 1,4l turbo 140 CH de 2016 blanche Essence \u2013 Bo\u00eete automatique \u2013 140 ch \u2013 8 CV fiscaux - 5 portes Kilom\u00e9trage : 47 111 km \u00c9quipements : R\u00e9gulateur \/ limitateur de vitesse, Bluetooth, ESP, appel d'urgence, boule d'attelage, vitres \u00e9lectriques, barres de toit. V\u00e9hicule vendu pour pi\u00e8ces en l'\u00e9tat pour les professionnels - wpe-encheres","og_description":"Voiture Opel Mokka 1,4l turbo 140 CH de 2016 blanche Essence \u2013 Bo\u00eete automatique \u2013 140 ch \u2013 8 CV fiscaux &#8211; 5 portes Kilom\u00e9trage : 47 111 km \u00c9quipements : R\u00e9gulateur \/ limitateur de vitesse, Bluetooth, ESP, appel d&rsquo;urgence, boule d&rsquo;attelage, vitres \u00e9lectriques, barres...","og_url":"https:\/\/wpe-encheres.com\/site\/produit\/voiture-opel-mokka-14l-turbo-140-ch-de-2016-blanche-essence-boite-automatique-140-ch-8-cv-fiscaux-5-porteskilometrage-47-111-kmequipements-regulateur-limitate\/","og_site_name":"wpe-encheres","article_modified_time":"2026-03-18T18:40:51+00:00","og_image":[{"width":706,"height":640,"url":"https:\/\/wpe-encheres.com\/site\/wp-content\/uploads\/2026\/03\/699c5b4d428e6.jpg","type":"image\/jpeg"}],"twitter_card":"summary_large_image","schema":{"@context":"https:\/\/schema.org","@graph":[{"@type":"WebPage","@id":"https:\/\/wpe-encheres.com\/site\/produit\/voiture-opel-mokka-14l-turbo-140-ch-de-2016-blanche-essence-boite-automatique-140-ch-8-cv-fiscaux-5-porteskilometrage-47-111-kmequipements-regulateur-limitate\/","url":"https:\/\/wpe-encheres.com\/site\/produit\/voiture-opel-mokka-14l-turbo-140-ch-de-2016-blanche-essence-boite-automatique-140-ch-8-cv-fiscaux-5-porteskilometrage-47-111-kmequipements-regulateur-limitate\/","name":"Voiture Opel Mokka 1,4l turbo 140 CH de 2016 blanche Essence \u2013 Bo\u00eete automatique \u2013 140 ch \u2013 8 CV fiscaux - 5 portes Kilom\u00e9trage : 47 111 km \u00c9quipements : R\u00e9gulateur \/ limitateur de vitesse, Bluetooth, ESP, appel d'urgence, boule d'attelage, vitres \u00e9lectriques, barres de toit. V\u00e9hicule vendu pour pi\u00e8ces en l'\u00e9tat pour les professionnels - wpe-encheres","isPartOf":{"@id":"https:\/\/wpe-encheres.com\/site\/#website"},"primaryImageOfPage":{"@id":"https:\/\/wpe-encheres.com\/site\/produit\/voiture-opel-mokka-14l-turbo-140-ch-de-2016-blanche-essence-boite-automatique-140-ch-8-cv-fiscaux-5-porteskilometrage-47-111-kmequipements-regulateur-limitate\/#primaryimage"},"image":{"@id":"https:\/\/wpe-encheres.com\/site\/produit\/voiture-opel-mokka-14l-turbo-140-ch-de-2016-blanche-essence-boite-automatique-140-ch-8-cv-fiscaux-5-porteskilometrage-47-111-kmequipements-regulateur-limitate\/#primaryimage"},"thumbnailUrl":"https:\/\/wpe-encheres.com\/site\/wp-content\/uploads\/2026\/03\/699c5b4d428e6.jpg","datePublished":"2026-03-18T18:40:49+00:00","dateModified":"2026-03-18T18:40:51+00:00","breadcrumb":{"@id":"https:\/\/wpe-encheres.com\/site\/produit\/voiture-opel-mokka-14l-turbo-140-ch-de-2016-blanche-essence-boite-automatique-140-ch-8-cv-fiscaux-5-porteskilometrage-47-111-kmequipements-regulateur-limitate\/#breadcrumb"},"inLanguage":"fr-FR","potentialAction":[{"@type":"ReadAction","target":["https:\/\/wpe-encheres.com\/site\/produit\/voiture-opel-mokka-14l-turbo-140-ch-de-2016-blanche-essence-boite-automatique-140-ch-8-cv-fiscaux-5-porteskilometrage-47-111-kmequipements-regulateur-limitate\/"]}]},{"@type":"ImageObject","inLanguage":"fr-FR","@id":"https:\/\/wpe-encheres.com\/site\/produit\/voiture-opel-mokka-14l-turbo-140-ch-de-2016-blanche-essence-boite-automatique-140-ch-8-cv-fiscaux-5-porteskilometrage-47-111-kmequipements-regulateur-limitate\/#primaryimage","url":"https:\/\/wpe-encheres.com\/site\/wp-content\/uploads\/2026\/03\/699c5b4d428e6.jpg","contentUrl":"https:\/\/wpe-encheres.com\/site\/wp-content\/uploads\/2026\/03\/699c5b4d428e6.jpg","width":706,"height":640},{"@type":"BreadcrumbList","@id":"https:\/\/wpe-encheres.com\/site\/produit\/voiture-opel-mokka-14l-turbo-140-ch-de-2016-blanche-essence-boite-automatique-140-ch-8-cv-fiscaux-5-porteskilometrage-47-111-kmequipements-regulateur-limitate\/#breadcrumb","itemListElement":[{"@type":"ListItem","position":1,"name":"Accueil","item":"https:\/\/wpe-encheres.com\/site\/"},{"@type":"ListItem","position":2,"name":"Boutique","item":"https:\/\/wpe-encheres.com\/site\/?page_id=22765"},{"@type":"ListItem","position":3,"name":"Voiture Opel Mokka 1,4l turbo 140 CH de 2016 blanche Essence \u2013 Bo\u00eete automatique \u2013 140 ch \u2013 8 CV fiscaux &#8211; 5 portes Kilom\u00e9trage : 47 111 km \u00c9quipements : R\u00e9gulateur \/ limitateur de vitesse, Bluetooth, ESP, appel d&rsquo;urgence, boule d&rsquo;attelage, vitres \u00e9lectriques, barres de toit. V\u00e9hicule vendu pour pi\u00e8ces en l&rsquo;\u00e9tat pour les professionnels"}]},{"@type":"WebSite","@id":"https:\/\/wpe-encheres.com\/site\/#website","url":"https:\/\/wpe-encheres.com\/site\/","name":"wpe-encheres","description":"","publisher":{"@id":"https:\/\/wpe-encheres.com\/site\/#organization"},"potentialAction":[{"@type":"SearchAction","target":{"@type":"EntryPoint","urlTemplate":"https:\/\/wpe-encheres.com\/site\/?s={search_term_string}"},"query-input":{"@type":"PropertyValueSpecification","valueRequired":true,"valueName":"search_term_string"}}],"inLanguage":"fr-FR"},{"@type":"Organization","@id":"https:\/\/wpe-encheres.com\/site\/#organization","name":"wpe encheres","url":"https:\/\/wpe-encheres.com\/site\/","logo":{"@type":"ImageObject","inLanguage":"fr-FR","@id":"https:\/\/wpe-encheres.com\/site\/#\/schema\/logo\/image\/","url":"https:\/\/wpe-encheres.com\/site\/wp-content\/uploads\/2025\/08\/wpe-encheres-logo.png","contentUrl":"https:\/\/wpe-encheres.com\/site\/wp-content\/uploads\/2025\/08\/wpe-encheres-logo.png","width":300,"height":110,"caption":"wpe encheres"},"image":{"@id":"https:\/\/wpe-encheres.com\/site\/#\/schema\/logo\/image\/"}}]}},"_links":{"self":[{"href":"https:\/\/wpe-encheres.com\/site\/wp-json\/wp\/v2\/product\/41125","targetHints":{"allow":["GET"]}}],"collection":[{"href":"https:\/\/wpe-encheres.com\/site\/wp-json\/wp\/v2\/product"}],"about":[{"href":"https:\/\/wpe-encheres.com\/site\/wp-json\/wp\/v2\/types\/product"}],"wp:featuredmedia":[{"embeddable":true,"href":"https:\/\/wpe-encheres.com\/site\/wp-json\/wp\/v2\/media\/41126"}],"wp:attachment":[{"href":"https:\/\/wpe-encheres.com\/site\/wp-json\/wp\/v2\/media?parent=41125"}],"wp:term":[{"taxonomy":"product_brand","embeddable":true,"href":"https:\/\/wpe-encheres.com\/site\/wp-json\/wp\/v2\/product_brand?post=41125"},{"taxonomy":"product_cat","embeddable":true,"href":"https:\/\/wpe-encheres.com\/site\/wp-json\/wp\/v2\/product_cat?post=41125"},{"taxonomy":"product_tag","embeddable":true,"href":"https:\/\/wpe-encheres.com\/site\/wp-json\/wp\/v2\/product_tag?post=41125"}],"curies":[{"name":"wp","href":"https:\/\/api.w.org\/{rel}","templated":true}]}}