{"id":41110,"date":"2026-03-18T19:40:49","date_gmt":"2026-03-18T18:40:49","guid":{"rendered":"https:\/\/wpe-encheres.com\/site\/produit\/vehicule-opel-mokka-1-4-turbo-140ch-cosmo-pack-startstop-4x2essence-boite-automatique-140-ch-8-cv-fiscaux-5-portesmise-en-circulation-attente-retour-sebastienkil\/"},"modified":"2026-03-18T19:40:49","modified_gmt":"2026-03-18T18:40:49","slug":"vehicule-opel-mokka-1-4-turbo-140ch-cosmo-pack-start-stop-4x2-essence-boite-automatique-140-ch-8-cv-fiscaux-5-portesdate-de-1ere-mise-en-circulation-17-02-2016","status":"publish","type":"product","link":"https:\/\/wpe-encheres.com\/site\/produit\/vehicule-opel-mokka-1-4-turbo-140ch-cosmo-pack-start-stop-4x2-essence-boite-automatique-140-ch-8-cv-fiscaux-5-portesdate-de-1ere-mise-en-circulation-17-02-2016\/","title":{"rendered":"V\u00e9hicule Opel Mokka 1.4 Turbo 140ch Cosmo Pack Start &#038; Stop 4&#215;2.\n\nEssence \u2013 Bo\u00eete automatique \u2013 140 ch \u2013 8 CV fiscaux &#8211; 5 portes\nDate de 1\u00e8re Mise en circulation : 17\/02\/2016.\nKilom\u00e9trage : 43 677 km non garantie\nImmatriculation : DZ-978-SH\n\nV\u00e9hicule d\u00e9marre.\nFrottements et alt\u00e9ration de la peinture sous le pare-chocs avant.\n\u00c9quipements : climatisation, r\u00e9gulateur\/limitateur de vitesse, vitres \u00e9lectriques, autoradio, \u00e9cran de navigation, int\u00e9rieur simili cuir, toit ouvrant, direction assist\u00e9e, jantes alliage 18\u2033, syst\u00e8me Start &#038; Stop, barres de toit, d\u00e9tecteur de pluie, \u00e9clairage automatique.\n\nCarte grise.\nContr\u00f4le technique expir\u00e9.\nV\u00e9hicule vendu pour pi\u00e8ces en l&rsquo;\u00e9tat pour les professionnels"},"content":{"rendered":"<p>V\u00e9hicule Opel Mokka 1.4 Turbo 140ch Cosmo Pack Start &#038; Stop 4&#215;2.<\/p>\n<p>Essence \u2013 Bo\u00eete automatique \u2013 140 ch \u2013 8 CV fiscaux &#8211; 5 portes<br \/>\nDate de 1\u00e8re Mise en circulation : 17\/02\/2016.<br \/>\nKilom\u00e9trage : 43 677 km non garantie<br \/>\nImmatriculation : DZ-978-SH<\/p>\n<p>V\u00e9hicule d\u00e9marre.<br \/>\nFrottements et alt\u00e9ration de la peinture sous le pare-chocs avant.<br \/>\n\u00c9quipements : climatisation, r\u00e9gulateur\/limitateur de vitesse, vitres \u00e9lectriques, autoradio, \u00e9cran de navigation, int\u00e9rieur simili cuir, toit ouvrant, direction assist\u00e9e, jantes alliage 18\u2033, syst\u00e8me Start &#038; Stop, barres de toit, d\u00e9tecteur de pluie, \u00e9clairage automatique.<\/p>\n<p>Carte grise.<br \/>\nContr\u00f4le technique expir\u00e9.<br \/>\nV\u00e9hicule vendu pour pi\u00e8ces en l&rsquo;\u00e9tat pour les professionnels<\/p>\n","protected":false},"excerpt":{"rendered":"<p>V\u00e9hicule Opel Mokka 1.4 Turbo 140ch Cosmo Pack Start &#038; Stop 4&#215;2. Essence \u2013 Bo\u00eete automatique \u2013 140 ch \u2013 8 CV fiscaux &#8211; 5 portes Date de 1\u00e8re Mise en circulation : 17\/02\/2016. Kilom\u00e9trage : 43 677 km non garantie Immatriculation : DZ-978-SH V\u00e9hicule&#8230;<\/p>\n","protected":false},"featured_media":41111,"template":"","meta":{"_acf_changed":false},"product_brand":[],"product_cat":[15],"product_tag":[73],"class_list":{"0":"post-41110","1":"product","2":"type-product","3":"status-publish","4":"has-post-thumbnail","6":"product_cat-non-classe","7":"product_tag-vente-08-avril-2026","9":"first","10":"instock","11":"product-type-simple"},"acf":[],"yoast_head":"<!-- This site is optimized with the Yoast SEO plugin v27.3 - https:\/\/yoast.com\/product\/yoast-seo-wordpress\/ -->\n<title>V\u00e9hicule Opel Mokka 1.4 Turbo 140ch Cosmo Pack Start &amp; Stop 4x2. Essence \u2013 Bo\u00eete automatique \u2013 140 ch \u2013 8 CV fiscaux - 5 portes Date de 1\u00e8re Mise en circulation : 17\/02\/2016. Kilom\u00e9trage : 43 677 km non garantie Immatriculation : DZ-978-SH V\u00e9hicule d\u00e9marre. Frottements et alt\u00e9ration de la peinture sous le pare-chocs avant. \u00c9quipements : climatisation, r\u00e9gulateur\/limitateur de vitesse, vitres \u00e9lectriques, autoradio, \u00e9cran de navigation, int\u00e9rieur simili cuir, toit ouvrant, direction assist\u00e9e, jantes alliage 18\u2033, syst\u00e8me Start &amp; Stop, barres de toit, d\u00e9tecteur de pluie, \u00e9clairage automatique. Carte grise. Contr\u00f4le technique expir\u00e9. V\u00e9hicule vendu pour pi\u00e8ces en l&#039;\u00e9tat pour les professionnels - wpe-encheres<\/title>\n<meta name=\"robots\" content=\"index, follow, max-snippet:-1, max-image-preview:large, max-video-preview:-1\" \/>\n<link rel=\"canonical\" href=\"https:\/\/wpe-encheres.com\/site\/produit\/vehicule-opel-mokka-1-4-turbo-140ch-cosmo-pack-start-stop-4x2-essence-boite-automatique-140-ch-8-cv-fiscaux-5-portesdate-de-1ere-mise-en-circulation-17-02-2016\/\" \/>\n<meta property=\"og:locale\" content=\"fr_FR\" \/>\n<meta property=\"og:type\" content=\"article\" \/>\n<meta property=\"og:title\" content=\"V\u00e9hicule Opel Mokka 1.4 Turbo 140ch Cosmo Pack Start &amp; Stop 4x2. Essence \u2013 Bo\u00eete automatique \u2013 140 ch \u2013 8 CV fiscaux - 5 portes Date de 1\u00e8re Mise en circulation : 17\/02\/2016. Kilom\u00e9trage : 43 677 km non garantie Immatriculation : DZ-978-SH V\u00e9hicule d\u00e9marre. Frottements et alt\u00e9ration de la peinture sous le pare-chocs avant. \u00c9quipements : climatisation, r\u00e9gulateur\/limitateur de vitesse, vitres \u00e9lectriques, autoradio, \u00e9cran de navigation, int\u00e9rieur simili cuir, toit ouvrant, direction assist\u00e9e, jantes alliage 18\u2033, syst\u00e8me Start &amp; Stop, barres de toit, d\u00e9tecteur de pluie, \u00e9clairage automatique. Carte grise. Contr\u00f4le technique expir\u00e9. V\u00e9hicule vendu pour pi\u00e8ces en l&#039;\u00e9tat pour les professionnels - wpe-encheres\" \/>\n<meta property=\"og:description\" content=\"V\u00e9hicule Opel Mokka 1.4 Turbo 140ch Cosmo Pack Start &#038; Stop 4&#215;2. Essence \u2013 Bo\u00eete automatique \u2013 140 ch \u2013 8 CV fiscaux &#8211; 5 portes Date de 1\u00e8re Mise en circulation : 17\/02\/2016. Kilom\u00e9trage : 43 677 km non garantie Immatriculation : DZ-978-SH V\u00e9hicule...\" \/>\n<meta property=\"og:url\" content=\"https:\/\/wpe-encheres.com\/site\/produit\/vehicule-opel-mokka-1-4-turbo-140ch-cosmo-pack-start-stop-4x2-essence-boite-automatique-140-ch-8-cv-fiscaux-5-portesdate-de-1ere-mise-en-circulation-17-02-2016\/\" \/>\n<meta property=\"og:site_name\" content=\"wpe-encheres\" \/>\n<meta property=\"og:image\" content=\"https:\/\/wpe-encheres.com\/site\/wp-content\/uploads\/2026\/03\/699c5af40e88f.jpg\" \/>\n\t<meta property=\"og:image:width\" content=\"634\" \/>\n\t<meta property=\"og:image:height\" content=\"611\" \/>\n\t<meta property=\"og:image:type\" content=\"image\/jpeg\" \/>\n<meta name=\"twitter:card\" content=\"summary_large_image\" \/>\n<meta name=\"twitter:label1\" content=\"Dur\u00e9e de lecture estim\u00e9e\" \/>\n\t<meta name=\"twitter:data1\" content=\"1 minute\" \/>\n<script type=\"application\/ld+json\" class=\"yoast-schema-graph\">{\"@context\":\"https:\\\/\\\/schema.org\",\"@graph\":[{\"@type\":\"WebPage\",\"@id\":\"https:\\\/\\\/wpe-encheres.com\\\/site\\\/produit\\\/vehicule-opel-mokka-1-4-turbo-140ch-cosmo-pack-start-stop-4x2-essence-boite-automatique-140-ch-8-cv-fiscaux-5-portesdate-de-1ere-mise-en-circulation-17-02-2016\\\/\",\"url\":\"https:\\\/\\\/wpe-encheres.com\\\/site\\\/produit\\\/vehicule-opel-mokka-1-4-turbo-140ch-cosmo-pack-start-stop-4x2-essence-boite-automatique-140-ch-8-cv-fiscaux-5-portesdate-de-1ere-mise-en-circulation-17-02-2016\\\/\",\"name\":\"V\u00e9hicule Opel Mokka 1.4 Turbo 140ch Cosmo Pack Start & Stop 4x2. Essence \u2013 Bo\u00eete automatique \u2013 140 ch \u2013 8 CV fiscaux - 5 portes Date de 1\u00e8re Mise en circulation : 17\\\/02\\\/2016. Kilom\u00e9trage : 43 677 km non garantie Immatriculation : DZ-978-SH V\u00e9hicule d\u00e9marre. Frottements et alt\u00e9ration de la peinture sous le pare-chocs avant. \u00c9quipements : climatisation, r\u00e9gulateur\\\/limitateur de vitesse, vitres \u00e9lectriques, autoradio, \u00e9cran de navigation, int\u00e9rieur simili cuir, toit ouvrant, direction assist\u00e9e, jantes alliage 18\u2033, syst\u00e8me Start & Stop, barres de toit, d\u00e9tecteur de pluie, \u00e9clairage automatique. Carte grise. Contr\u00f4le technique expir\u00e9. V\u00e9hicule vendu pour pi\u00e8ces en l'\u00e9tat pour les professionnels - wpe-encheres\",\"isPartOf\":{\"@id\":\"https:\\\/\\\/wpe-encheres.com\\\/site\\\/#website\"},\"primaryImageOfPage\":{\"@id\":\"https:\\\/\\\/wpe-encheres.com\\\/site\\\/produit\\\/vehicule-opel-mokka-1-4-turbo-140ch-cosmo-pack-start-stop-4x2-essence-boite-automatique-140-ch-8-cv-fiscaux-5-portesdate-de-1ere-mise-en-circulation-17-02-2016\\\/#primaryimage\"},\"image\":{\"@id\":\"https:\\\/\\\/wpe-encheres.com\\\/site\\\/produit\\\/vehicule-opel-mokka-1-4-turbo-140ch-cosmo-pack-start-stop-4x2-essence-boite-automatique-140-ch-8-cv-fiscaux-5-portesdate-de-1ere-mise-en-circulation-17-02-2016\\\/#primaryimage\"},\"thumbnailUrl\":\"https:\\\/\\\/wpe-encheres.com\\\/site\\\/wp-content\\\/uploads\\\/2026\\\/03\\\/699c5af40e88f.jpg\",\"datePublished\":\"2026-03-18T18:40:49+00:00\",\"breadcrumb\":{\"@id\":\"https:\\\/\\\/wpe-encheres.com\\\/site\\\/produit\\\/vehicule-opel-mokka-1-4-turbo-140ch-cosmo-pack-start-stop-4x2-essence-boite-automatique-140-ch-8-cv-fiscaux-5-portesdate-de-1ere-mise-en-circulation-17-02-2016\\\/#breadcrumb\"},\"inLanguage\":\"fr-FR\",\"potentialAction\":[{\"@type\":\"ReadAction\",\"target\":[\"https:\\\/\\\/wpe-encheres.com\\\/site\\\/produit\\\/vehicule-opel-mokka-1-4-turbo-140ch-cosmo-pack-start-stop-4x2-essence-boite-automatique-140-ch-8-cv-fiscaux-5-portesdate-de-1ere-mise-en-circulation-17-02-2016\\\/\"]}]},{\"@type\":\"ImageObject\",\"inLanguage\":\"fr-FR\",\"@id\":\"https:\\\/\\\/wpe-encheres.com\\\/site\\\/produit\\\/vehicule-opel-mokka-1-4-turbo-140ch-cosmo-pack-start-stop-4x2-essence-boite-automatique-140-ch-8-cv-fiscaux-5-portesdate-de-1ere-mise-en-circulation-17-02-2016\\\/#primaryimage\",\"url\":\"https:\\\/\\\/wpe-encheres.com\\\/site\\\/wp-content\\\/uploads\\\/2026\\\/03\\\/699c5af40e88f.jpg\",\"contentUrl\":\"https:\\\/\\\/wpe-encheres.com\\\/site\\\/wp-content\\\/uploads\\\/2026\\\/03\\\/699c5af40e88f.jpg\",\"width\":634,\"height\":611},{\"@type\":\"BreadcrumbList\",\"@id\":\"https:\\\/\\\/wpe-encheres.com\\\/site\\\/produit\\\/vehicule-opel-mokka-1-4-turbo-140ch-cosmo-pack-start-stop-4x2-essence-boite-automatique-140-ch-8-cv-fiscaux-5-portesdate-de-1ere-mise-en-circulation-17-02-2016\\\/#breadcrumb\",\"itemListElement\":[{\"@type\":\"ListItem\",\"position\":1,\"name\":\"Accueil\",\"item\":\"https:\\\/\\\/wpe-encheres.com\\\/site\\\/\"},{\"@type\":\"ListItem\",\"position\":2,\"name\":\"Boutique\",\"item\":\"https:\\\/\\\/wpe-encheres.com\\\/site\\\/?page_id=22765\"},{\"@type\":\"ListItem\",\"position\":3,\"name\":\"V\u00e9hicule Opel Mokka 1.4 Turbo 140ch Cosmo Pack Start &#038; Stop 4&#215;2. Essence \u2013 Bo\u00eete automatique \u2013 140 ch \u2013 8 CV fiscaux &#8211; 5 portes Date de 1\u00e8re Mise en circulation : 17\\\/02\\\/2016. Kilom\u00e9trage : 43 677 km non garantie Immatriculation : DZ-978-SH V\u00e9hicule d\u00e9marre. Frottements et alt\u00e9ration de la peinture sous le pare-chocs avant. \u00c9quipements : climatisation, r\u00e9gulateur\\\/limitateur de vitesse, vitres \u00e9lectriques, autoradio, \u00e9cran de navigation, int\u00e9rieur simili cuir, toit ouvrant, direction assist\u00e9e, jantes alliage 18\u2033, syst\u00e8me Start &#038; Stop, barres de toit, d\u00e9tecteur de pluie, \u00e9clairage automatique. Carte grise. Contr\u00f4le technique expir\u00e9. V\u00e9hicule vendu pour pi\u00e8ces en l&rsquo;\u00e9tat pour les professionnels\"}]},{\"@type\":\"WebSite\",\"@id\":\"https:\\\/\\\/wpe-encheres.com\\\/site\\\/#website\",\"url\":\"https:\\\/\\\/wpe-encheres.com\\\/site\\\/\",\"name\":\"wpe-encheres\",\"description\":\"\",\"publisher\":{\"@id\":\"https:\\\/\\\/wpe-encheres.com\\\/site\\\/#organization\"},\"potentialAction\":[{\"@type\":\"SearchAction\",\"target\":{\"@type\":\"EntryPoint\",\"urlTemplate\":\"https:\\\/\\\/wpe-encheres.com\\\/site\\\/?s={search_term_string}\"},\"query-input\":{\"@type\":\"PropertyValueSpecification\",\"valueRequired\":true,\"valueName\":\"search_term_string\"}}],\"inLanguage\":\"fr-FR\"},{\"@type\":\"Organization\",\"@id\":\"https:\\\/\\\/wpe-encheres.com\\\/site\\\/#organization\",\"name\":\"wpe encheres\",\"url\":\"https:\\\/\\\/wpe-encheres.com\\\/site\\\/\",\"logo\":{\"@type\":\"ImageObject\",\"inLanguage\":\"fr-FR\",\"@id\":\"https:\\\/\\\/wpe-encheres.com\\\/site\\\/#\\\/schema\\\/logo\\\/image\\\/\",\"url\":\"https:\\\/\\\/wpe-encheres.com\\\/site\\\/wp-content\\\/uploads\\\/2025\\\/08\\\/wpe-encheres-logo.png\",\"contentUrl\":\"https:\\\/\\\/wpe-encheres.com\\\/site\\\/wp-content\\\/uploads\\\/2025\\\/08\\\/wpe-encheres-logo.png\",\"width\":300,\"height\":110,\"caption\":\"wpe encheres\"},\"image\":{\"@id\":\"https:\\\/\\\/wpe-encheres.com\\\/site\\\/#\\\/schema\\\/logo\\\/image\\\/\"}}]}<\/script>\n<!-- \/ Yoast SEO plugin. -->","yoast_head_json":{"title":"V\u00e9hicule Opel Mokka 1.4 Turbo 140ch Cosmo Pack Start & Stop 4x2. Essence \u2013 Bo\u00eete automatique \u2013 140 ch \u2013 8 CV fiscaux - 5 portes Date de 1\u00e8re Mise en circulation : 17\/02\/2016. Kilom\u00e9trage : 43 677 km non garantie Immatriculation : DZ-978-SH V\u00e9hicule d\u00e9marre. Frottements et alt\u00e9ration de la peinture sous le pare-chocs avant. \u00c9quipements : climatisation, r\u00e9gulateur\/limitateur de vitesse, vitres \u00e9lectriques, autoradio, \u00e9cran de navigation, int\u00e9rieur simili cuir, toit ouvrant, direction assist\u00e9e, jantes alliage 18\u2033, syst\u00e8me Start & Stop, barres de toit, d\u00e9tecteur de pluie, \u00e9clairage automatique. Carte grise. Contr\u00f4le technique expir\u00e9. V\u00e9hicule vendu pour pi\u00e8ces en l'\u00e9tat pour les professionnels - wpe-encheres","robots":{"index":"index","follow":"follow","max-snippet":"max-snippet:-1","max-image-preview":"max-image-preview:large","max-video-preview":"max-video-preview:-1"},"canonical":"https:\/\/wpe-encheres.com\/site\/produit\/vehicule-opel-mokka-1-4-turbo-140ch-cosmo-pack-start-stop-4x2-essence-boite-automatique-140-ch-8-cv-fiscaux-5-portesdate-de-1ere-mise-en-circulation-17-02-2016\/","og_locale":"fr_FR","og_type":"article","og_title":"V\u00e9hicule Opel Mokka 1.4 Turbo 140ch Cosmo Pack Start & Stop 4x2. Essence \u2013 Bo\u00eete automatique \u2013 140 ch \u2013 8 CV fiscaux - 5 portes Date de 1\u00e8re Mise en circulation : 17\/02\/2016. Kilom\u00e9trage : 43 677 km non garantie Immatriculation : DZ-978-SH V\u00e9hicule d\u00e9marre. Frottements et alt\u00e9ration de la peinture sous le pare-chocs avant. \u00c9quipements : climatisation, r\u00e9gulateur\/limitateur de vitesse, vitres \u00e9lectriques, autoradio, \u00e9cran de navigation, int\u00e9rieur simili cuir, toit ouvrant, direction assist\u00e9e, jantes alliage 18\u2033, syst\u00e8me Start & Stop, barres de toit, d\u00e9tecteur de pluie, \u00e9clairage automatique. Carte grise. Contr\u00f4le technique expir\u00e9. V\u00e9hicule vendu pour pi\u00e8ces en l'\u00e9tat pour les professionnels - wpe-encheres","og_description":"V\u00e9hicule Opel Mokka 1.4 Turbo 140ch Cosmo Pack Start &#038; Stop 4&#215;2. Essence \u2013 Bo\u00eete automatique \u2013 140 ch \u2013 8 CV fiscaux &#8211; 5 portes Date de 1\u00e8re Mise en circulation : 17\/02\/2016. Kilom\u00e9trage : 43 677 km non garantie Immatriculation : DZ-978-SH V\u00e9hicule...","og_url":"https:\/\/wpe-encheres.com\/site\/produit\/vehicule-opel-mokka-1-4-turbo-140ch-cosmo-pack-start-stop-4x2-essence-boite-automatique-140-ch-8-cv-fiscaux-5-portesdate-de-1ere-mise-en-circulation-17-02-2016\/","og_site_name":"wpe-encheres","og_image":[{"width":634,"height":611,"url":"https:\/\/wpe-encheres.com\/site\/wp-content\/uploads\/2026\/03\/699c5af40e88f.jpg","type":"image\/jpeg"}],"twitter_card":"summary_large_image","twitter_misc":{"Dur\u00e9e de lecture estim\u00e9e":"1 minute"},"schema":{"@context":"https:\/\/schema.org","@graph":[{"@type":"WebPage","@id":"https:\/\/wpe-encheres.com\/site\/produit\/vehicule-opel-mokka-1-4-turbo-140ch-cosmo-pack-start-stop-4x2-essence-boite-automatique-140-ch-8-cv-fiscaux-5-portesdate-de-1ere-mise-en-circulation-17-02-2016\/","url":"https:\/\/wpe-encheres.com\/site\/produit\/vehicule-opel-mokka-1-4-turbo-140ch-cosmo-pack-start-stop-4x2-essence-boite-automatique-140-ch-8-cv-fiscaux-5-portesdate-de-1ere-mise-en-circulation-17-02-2016\/","name":"V\u00e9hicule Opel Mokka 1.4 Turbo 140ch Cosmo Pack Start & Stop 4x2. Essence \u2013 Bo\u00eete automatique \u2013 140 ch \u2013 8 CV fiscaux - 5 portes Date de 1\u00e8re Mise en circulation : 17\/02\/2016. Kilom\u00e9trage : 43 677 km non garantie Immatriculation : DZ-978-SH V\u00e9hicule d\u00e9marre. Frottements et alt\u00e9ration de la peinture sous le pare-chocs avant. \u00c9quipements : climatisation, r\u00e9gulateur\/limitateur de vitesse, vitres \u00e9lectriques, autoradio, \u00e9cran de navigation, int\u00e9rieur simili cuir, toit ouvrant, direction assist\u00e9e, jantes alliage 18\u2033, syst\u00e8me Start & Stop, barres de toit, d\u00e9tecteur de pluie, \u00e9clairage automatique. Carte grise. Contr\u00f4le technique expir\u00e9. V\u00e9hicule vendu pour pi\u00e8ces en l'\u00e9tat pour les professionnels - wpe-encheres","isPartOf":{"@id":"https:\/\/wpe-encheres.com\/site\/#website"},"primaryImageOfPage":{"@id":"https:\/\/wpe-encheres.com\/site\/produit\/vehicule-opel-mokka-1-4-turbo-140ch-cosmo-pack-start-stop-4x2-essence-boite-automatique-140-ch-8-cv-fiscaux-5-portesdate-de-1ere-mise-en-circulation-17-02-2016\/#primaryimage"},"image":{"@id":"https:\/\/wpe-encheres.com\/site\/produit\/vehicule-opel-mokka-1-4-turbo-140ch-cosmo-pack-start-stop-4x2-essence-boite-automatique-140-ch-8-cv-fiscaux-5-portesdate-de-1ere-mise-en-circulation-17-02-2016\/#primaryimage"},"thumbnailUrl":"https:\/\/wpe-encheres.com\/site\/wp-content\/uploads\/2026\/03\/699c5af40e88f.jpg","datePublished":"2026-03-18T18:40:49+00:00","breadcrumb":{"@id":"https:\/\/wpe-encheres.com\/site\/produit\/vehicule-opel-mokka-1-4-turbo-140ch-cosmo-pack-start-stop-4x2-essence-boite-automatique-140-ch-8-cv-fiscaux-5-portesdate-de-1ere-mise-en-circulation-17-02-2016\/#breadcrumb"},"inLanguage":"fr-FR","potentialAction":[{"@type":"ReadAction","target":["https:\/\/wpe-encheres.com\/site\/produit\/vehicule-opel-mokka-1-4-turbo-140ch-cosmo-pack-start-stop-4x2-essence-boite-automatique-140-ch-8-cv-fiscaux-5-portesdate-de-1ere-mise-en-circulation-17-02-2016\/"]}]},{"@type":"ImageObject","inLanguage":"fr-FR","@id":"https:\/\/wpe-encheres.com\/site\/produit\/vehicule-opel-mokka-1-4-turbo-140ch-cosmo-pack-start-stop-4x2-essence-boite-automatique-140-ch-8-cv-fiscaux-5-portesdate-de-1ere-mise-en-circulation-17-02-2016\/#primaryimage","url":"https:\/\/wpe-encheres.com\/site\/wp-content\/uploads\/2026\/03\/699c5af40e88f.jpg","contentUrl":"https:\/\/wpe-encheres.com\/site\/wp-content\/uploads\/2026\/03\/699c5af40e88f.jpg","width":634,"height":611},{"@type":"BreadcrumbList","@id":"https:\/\/wpe-encheres.com\/site\/produit\/vehicule-opel-mokka-1-4-turbo-140ch-cosmo-pack-start-stop-4x2-essence-boite-automatique-140-ch-8-cv-fiscaux-5-portesdate-de-1ere-mise-en-circulation-17-02-2016\/#breadcrumb","itemListElement":[{"@type":"ListItem","position":1,"name":"Accueil","item":"https:\/\/wpe-encheres.com\/site\/"},{"@type":"ListItem","position":2,"name":"Boutique","item":"https:\/\/wpe-encheres.com\/site\/?page_id=22765"},{"@type":"ListItem","position":3,"name":"V\u00e9hicule Opel Mokka 1.4 Turbo 140ch Cosmo Pack Start &#038; Stop 4&#215;2. Essence \u2013 Bo\u00eete automatique \u2013 140 ch \u2013 8 CV fiscaux &#8211; 5 portes Date de 1\u00e8re Mise en circulation : 17\/02\/2016. Kilom\u00e9trage : 43 677 km non garantie Immatriculation : DZ-978-SH V\u00e9hicule d\u00e9marre. Frottements et alt\u00e9ration de la peinture sous le pare-chocs avant. \u00c9quipements : climatisation, r\u00e9gulateur\/limitateur de vitesse, vitres \u00e9lectriques, autoradio, \u00e9cran de navigation, int\u00e9rieur simili cuir, toit ouvrant, direction assist\u00e9e, jantes alliage 18\u2033, syst\u00e8me Start &#038; Stop, barres de toit, d\u00e9tecteur de pluie, \u00e9clairage automatique. Carte grise. Contr\u00f4le technique expir\u00e9. V\u00e9hicule vendu pour pi\u00e8ces en l&rsquo;\u00e9tat pour les professionnels"}]},{"@type":"WebSite","@id":"https:\/\/wpe-encheres.com\/site\/#website","url":"https:\/\/wpe-encheres.com\/site\/","name":"wpe-encheres","description":"","publisher":{"@id":"https:\/\/wpe-encheres.com\/site\/#organization"},"potentialAction":[{"@type":"SearchAction","target":{"@type":"EntryPoint","urlTemplate":"https:\/\/wpe-encheres.com\/site\/?s={search_term_string}"},"query-input":{"@type":"PropertyValueSpecification","valueRequired":true,"valueName":"search_term_string"}}],"inLanguage":"fr-FR"},{"@type":"Organization","@id":"https:\/\/wpe-encheres.com\/site\/#organization","name":"wpe encheres","url":"https:\/\/wpe-encheres.com\/site\/","logo":{"@type":"ImageObject","inLanguage":"fr-FR","@id":"https:\/\/wpe-encheres.com\/site\/#\/schema\/logo\/image\/","url":"https:\/\/wpe-encheres.com\/site\/wp-content\/uploads\/2025\/08\/wpe-encheres-logo.png","contentUrl":"https:\/\/wpe-encheres.com\/site\/wp-content\/uploads\/2025\/08\/wpe-encheres-logo.png","width":300,"height":110,"caption":"wpe encheres"},"image":{"@id":"https:\/\/wpe-encheres.com\/site\/#\/schema\/logo\/image\/"}}]}},"_links":{"self":[{"href":"https:\/\/wpe-encheres.com\/site\/wp-json\/wp\/v2\/product\/41110","targetHints":{"allow":["GET"]}}],"collection":[{"href":"https:\/\/wpe-encheres.com\/site\/wp-json\/wp\/v2\/product"}],"about":[{"href":"https:\/\/wpe-encheres.com\/site\/wp-json\/wp\/v2\/types\/product"}],"wp:featuredmedia":[{"embeddable":true,"href":"https:\/\/wpe-encheres.com\/site\/wp-json\/wp\/v2\/media\/41111"}],"wp:attachment":[{"href":"https:\/\/wpe-encheres.com\/site\/wp-json\/wp\/v2\/media?parent=41110"}],"wp:term":[{"taxonomy":"product_brand","embeddable":true,"href":"https:\/\/wpe-encheres.com\/site\/wp-json\/wp\/v2\/product_brand?post=41110"},{"taxonomy":"product_cat","embeddable":true,"href":"https:\/\/wpe-encheres.com\/site\/wp-json\/wp\/v2\/product_cat?post=41110"},{"taxonomy":"product_tag","embeddable":true,"href":"https:\/\/wpe-encheres.com\/site\/wp-json\/wp\/v2\/product_tag?post=41110"}],"curies":[{"name":"wp","href":"https:\/\/api.w.org\/{rel}","templated":true}]}}