{"id":40799,"date":"2026-02-17T15:15:37","date_gmt":"2026-02-17T14:15:37","guid":{"rendered":"https:\/\/wpe-encheres.com\/site\/produit\/chaise-coral-de-matteo-grassi-dossier-et-assise-recouvert-de-cuir-noir-pietement-en-metal-noir-dim-82-x-53-x-45-cm-usures-4-unites-vendu-a-lunite-avec-faculte-de-reunion-localisation-34-a\/"},"modified":"2026-02-17T15:16:01","modified_gmt":"2026-02-17T14:16:01","slug":"chaise-coral-de-matteo-grassi-dossier-et-assise-recouvert-de-cuir-noir-pietement-en-metal-noir-dim-82-x-53-x-45-cm-usures-4-unites-vendu-a-lunite-avec-faculte-de-reunion-localisation-34-a","status":"publish","type":"product","link":"https:\/\/wpe-encheres.com\/site\/produit\/chaise-coral-de-matteo-grassi-dossier-et-assise-recouvert-de-cuir-noir-pietement-en-metal-noir-dim-82-x-53-x-45-cm-usures-4-unites-vendu-a-lunite-avec-faculte-de-reunion-localisation-34-a\/","title":{"rendered":"Chaise Coral de Matteo Grassi, dossier et assise recouvert de cuir noir, pi\u00e9tement en m\u00e9tal noir. Dim : 82 x 53 x 45 cm (usures). 4 unit\u00e9s. Vendu \u00e0 l&rsquo;unit\u00e9 avec facult\u00e9 de r\u00e9union. Localisation : 34 avenue du G\u00e9n\u00e9ral Patton 02880 Crouy"},"content":{"rendered":"<p>Chaise Coral de Matteo Grassi, dossier et assise recouvert de cuir noir, pi\u00e9tement en m\u00e9tal noir. Dim : 82 x 53 x 45 cm (usures). 4 unit\u00e9s. Vendu \u00e0 l&rsquo;unit\u00e9 avec facult\u00e9 de r\u00e9union. Localisation : 34 avenue du G\u00e9n\u00e9ral Patton 02880 Crouy<\/p>\n","protected":false},"excerpt":{"rendered":"<p>Chaise Coral de Matteo Grassi, dossier et assise recouvert de cuir noir, pi\u00e9tement en m\u00e9tal noir. Dim : 82 x 53 x 45 cm (usures). 4 unit\u00e9s. Vendu \u00e0 l&rsquo;unit\u00e9 avec facult\u00e9 de r\u00e9union. Localisation : 34 avenue du G\u00e9n\u00e9ral Patton 02880 Crouy<\/p>\n","protected":false},"featured_media":40800,"template":"","meta":{"_acf_changed":false},"product_brand":[],"product_cat":[22],"product_tag":[71],"class_list":{"0":"post-40799","1":"product","2":"type-product","3":"status-publish","4":"has-post-thumbnail","6":"product_cat-mobilier-design-haut-de-gamme","7":"product_tag-vente-24-fev-2026","9":"first","10":"instock","11":"product-type-simple"},"acf":[],"yoast_head":"<!-- This site is optimized with the Yoast SEO plugin v27.3 - https:\/\/yoast.com\/product\/yoast-seo-wordpress\/ -->\n<title>Chaise Coral de Matteo Grassi, dossier et assise recouvert de cuir noir, pi\u00e9tement en m\u00e9tal noir. Dim : 82 x 53 x 45 cm (usures). 4 unit\u00e9s. Vendu \u00e0 l&#039;unit\u00e9 avec facult\u00e9 de r\u00e9union. Localisation : 34 avenue du G\u00e9n\u00e9ral Patton 02880 Crouy - wpe-encheres<\/title>\n<meta name=\"robots\" content=\"index, follow, max-snippet:-1, max-image-preview:large, max-video-preview:-1\" \/>\n<link rel=\"canonical\" href=\"https:\/\/wpe-encheres.com\/site\/produit\/chaise-coral-de-matteo-grassi-dossier-et-assise-recouvert-de-cuir-noir-pietement-en-metal-noir-dim-82-x-53-x-45-cm-usures-4-unites-vendu-a-lunite-avec-faculte-de-reunion-localisation-34-a\/\" \/>\n<meta property=\"og:locale\" content=\"fr_FR\" \/>\n<meta property=\"og:type\" content=\"article\" \/>\n<meta property=\"og:title\" content=\"Chaise Coral de Matteo Grassi, dossier et assise recouvert de cuir noir, pi\u00e9tement en m\u00e9tal noir. Dim : 82 x 53 x 45 cm (usures). 4 unit\u00e9s. Vendu \u00e0 l&#039;unit\u00e9 avec facult\u00e9 de r\u00e9union. Localisation : 34 avenue du G\u00e9n\u00e9ral Patton 02880 Crouy - wpe-encheres\" \/>\n<meta property=\"og:description\" content=\"Chaise Coral de Matteo Grassi, dossier et assise recouvert de cuir noir, pi\u00e9tement en m\u00e9tal noir. Dim : 82 x 53 x 45 cm (usures). 4 unit\u00e9s. Vendu \u00e0 l&rsquo;unit\u00e9 avec facult\u00e9 de r\u00e9union. Localisation : 34 avenue du G\u00e9n\u00e9ral Patton 02880 Crouy\" \/>\n<meta property=\"og:url\" content=\"https:\/\/wpe-encheres.com\/site\/produit\/chaise-coral-de-matteo-grassi-dossier-et-assise-recouvert-de-cuir-noir-pietement-en-metal-noir-dim-82-x-53-x-45-cm-usures-4-unites-vendu-a-lunite-avec-faculte-de-reunion-localisation-34-a\/\" \/>\n<meta property=\"og:site_name\" content=\"wpe-encheres\" \/>\n<meta property=\"article:modified_time\" content=\"2026-02-17T14:16:01+00:00\" \/>\n<meta property=\"og:image\" content=\"https:\/\/wpe-encheres.com\/site\/wp-content\/uploads\/2026\/02\/69933b3413b6c.jpg\" \/>\n\t<meta property=\"og:image:width\" content=\"625\" \/>\n\t<meta property=\"og:image:height\" content=\"892\" \/>\n\t<meta property=\"og:image:type\" content=\"image\/jpeg\" \/>\n<meta name=\"twitter:card\" content=\"summary_large_image\" \/>\n<script type=\"application\/ld+json\" class=\"yoast-schema-graph\">{\"@context\":\"https:\\\/\\\/schema.org\",\"@graph\":[{\"@type\":\"WebPage\",\"@id\":\"https:\\\/\\\/wpe-encheres.com\\\/site\\\/produit\\\/chaise-coral-de-matteo-grassi-dossier-et-assise-recouvert-de-cuir-noir-pietement-en-metal-noir-dim-82-x-53-x-45-cm-usures-4-unites-vendu-a-lunite-avec-faculte-de-reunion-localisation-34-a\\\/\",\"url\":\"https:\\\/\\\/wpe-encheres.com\\\/site\\\/produit\\\/chaise-coral-de-matteo-grassi-dossier-et-assise-recouvert-de-cuir-noir-pietement-en-metal-noir-dim-82-x-53-x-45-cm-usures-4-unites-vendu-a-lunite-avec-faculte-de-reunion-localisation-34-a\\\/\",\"name\":\"Chaise Coral de Matteo Grassi, dossier et assise recouvert de cuir noir, pi\u00e9tement en m\u00e9tal noir. Dim : 82 x 53 x 45 cm (usures). 4 unit\u00e9s. Vendu \u00e0 l'unit\u00e9 avec facult\u00e9 de r\u00e9union. Localisation : 34 avenue du G\u00e9n\u00e9ral Patton 02880 Crouy - wpe-encheres\",\"isPartOf\":{\"@id\":\"https:\\\/\\\/wpe-encheres.com\\\/site\\\/#website\"},\"primaryImageOfPage\":{\"@id\":\"https:\\\/\\\/wpe-encheres.com\\\/site\\\/produit\\\/chaise-coral-de-matteo-grassi-dossier-et-assise-recouvert-de-cuir-noir-pietement-en-metal-noir-dim-82-x-53-x-45-cm-usures-4-unites-vendu-a-lunite-avec-faculte-de-reunion-localisation-34-a\\\/#primaryimage\"},\"image\":{\"@id\":\"https:\\\/\\\/wpe-encheres.com\\\/site\\\/produit\\\/chaise-coral-de-matteo-grassi-dossier-et-assise-recouvert-de-cuir-noir-pietement-en-metal-noir-dim-82-x-53-x-45-cm-usures-4-unites-vendu-a-lunite-avec-faculte-de-reunion-localisation-34-a\\\/#primaryimage\"},\"thumbnailUrl\":\"https:\\\/\\\/wpe-encheres.com\\\/site\\\/wp-content\\\/uploads\\\/2026\\\/02\\\/69933b3413b6c.jpg\",\"datePublished\":\"2026-02-17T14:15:37+00:00\",\"dateModified\":\"2026-02-17T14:16:01+00:00\",\"breadcrumb\":{\"@id\":\"https:\\\/\\\/wpe-encheres.com\\\/site\\\/produit\\\/chaise-coral-de-matteo-grassi-dossier-et-assise-recouvert-de-cuir-noir-pietement-en-metal-noir-dim-82-x-53-x-45-cm-usures-4-unites-vendu-a-lunite-avec-faculte-de-reunion-localisation-34-a\\\/#breadcrumb\"},\"inLanguage\":\"fr-FR\",\"potentialAction\":[{\"@type\":\"ReadAction\",\"target\":[\"https:\\\/\\\/wpe-encheres.com\\\/site\\\/produit\\\/chaise-coral-de-matteo-grassi-dossier-et-assise-recouvert-de-cuir-noir-pietement-en-metal-noir-dim-82-x-53-x-45-cm-usures-4-unites-vendu-a-lunite-avec-faculte-de-reunion-localisation-34-a\\\/\"]}]},{\"@type\":\"ImageObject\",\"inLanguage\":\"fr-FR\",\"@id\":\"https:\\\/\\\/wpe-encheres.com\\\/site\\\/produit\\\/chaise-coral-de-matteo-grassi-dossier-et-assise-recouvert-de-cuir-noir-pietement-en-metal-noir-dim-82-x-53-x-45-cm-usures-4-unites-vendu-a-lunite-avec-faculte-de-reunion-localisation-34-a\\\/#primaryimage\",\"url\":\"https:\\\/\\\/wpe-encheres.com\\\/site\\\/wp-content\\\/uploads\\\/2026\\\/02\\\/69933b3413b6c.jpg\",\"contentUrl\":\"https:\\\/\\\/wpe-encheres.com\\\/site\\\/wp-content\\\/uploads\\\/2026\\\/02\\\/69933b3413b6c.jpg\",\"width\":625,\"height\":892},{\"@type\":\"BreadcrumbList\",\"@id\":\"https:\\\/\\\/wpe-encheres.com\\\/site\\\/produit\\\/chaise-coral-de-matteo-grassi-dossier-et-assise-recouvert-de-cuir-noir-pietement-en-metal-noir-dim-82-x-53-x-45-cm-usures-4-unites-vendu-a-lunite-avec-faculte-de-reunion-localisation-34-a\\\/#breadcrumb\",\"itemListElement\":[{\"@type\":\"ListItem\",\"position\":1,\"name\":\"Accueil\",\"item\":\"https:\\\/\\\/wpe-encheres.com\\\/site\\\/\"},{\"@type\":\"ListItem\",\"position\":2,\"name\":\"Boutique\",\"item\":\"https:\\\/\\\/wpe-encheres.com\\\/site\\\/?page_id=22765\"},{\"@type\":\"ListItem\",\"position\":3,\"name\":\"Chaise Coral de Matteo Grassi, dossier et assise recouvert de cuir noir, pi\u00e9tement en m\u00e9tal noir. Dim : 82 x 53 x 45 cm (usures). 4 unit\u00e9s. Vendu \u00e0 l&rsquo;unit\u00e9 avec facult\u00e9 de r\u00e9union. Localisation : 34 avenue du G\u00e9n\u00e9ral Patton 02880 Crouy\"}]},{\"@type\":\"WebSite\",\"@id\":\"https:\\\/\\\/wpe-encheres.com\\\/site\\\/#website\",\"url\":\"https:\\\/\\\/wpe-encheres.com\\\/site\\\/\",\"name\":\"wpe-encheres\",\"description\":\"\",\"publisher\":{\"@id\":\"https:\\\/\\\/wpe-encheres.com\\\/site\\\/#organization\"},\"potentialAction\":[{\"@type\":\"SearchAction\",\"target\":{\"@type\":\"EntryPoint\",\"urlTemplate\":\"https:\\\/\\\/wpe-encheres.com\\\/site\\\/?s={search_term_string}\"},\"query-input\":{\"@type\":\"PropertyValueSpecification\",\"valueRequired\":true,\"valueName\":\"search_term_string\"}}],\"inLanguage\":\"fr-FR\"},{\"@type\":\"Organization\",\"@id\":\"https:\\\/\\\/wpe-encheres.com\\\/site\\\/#organization\",\"name\":\"wpe encheres\",\"url\":\"https:\\\/\\\/wpe-encheres.com\\\/site\\\/\",\"logo\":{\"@type\":\"ImageObject\",\"inLanguage\":\"fr-FR\",\"@id\":\"https:\\\/\\\/wpe-encheres.com\\\/site\\\/#\\\/schema\\\/logo\\\/image\\\/\",\"url\":\"https:\\\/\\\/wpe-encheres.com\\\/site\\\/wp-content\\\/uploads\\\/2025\\\/08\\\/wpe-encheres-logo.png\",\"contentUrl\":\"https:\\\/\\\/wpe-encheres.com\\\/site\\\/wp-content\\\/uploads\\\/2025\\\/08\\\/wpe-encheres-logo.png\",\"width\":300,\"height\":110,\"caption\":\"wpe encheres\"},\"image\":{\"@id\":\"https:\\\/\\\/wpe-encheres.com\\\/site\\\/#\\\/schema\\\/logo\\\/image\\\/\"}}]}<\/script>\n<!-- \/ Yoast SEO plugin. -->","yoast_head_json":{"title":"Chaise Coral de Matteo Grassi, dossier et assise recouvert de cuir noir, pi\u00e9tement en m\u00e9tal noir. Dim : 82 x 53 x 45 cm (usures). 4 unit\u00e9s. Vendu \u00e0 l'unit\u00e9 avec facult\u00e9 de r\u00e9union. Localisation : 34 avenue du G\u00e9n\u00e9ral Patton 02880 Crouy - wpe-encheres","robots":{"index":"index","follow":"follow","max-snippet":"max-snippet:-1","max-image-preview":"max-image-preview:large","max-video-preview":"max-video-preview:-1"},"canonical":"https:\/\/wpe-encheres.com\/site\/produit\/chaise-coral-de-matteo-grassi-dossier-et-assise-recouvert-de-cuir-noir-pietement-en-metal-noir-dim-82-x-53-x-45-cm-usures-4-unites-vendu-a-lunite-avec-faculte-de-reunion-localisation-34-a\/","og_locale":"fr_FR","og_type":"article","og_title":"Chaise Coral de Matteo Grassi, dossier et assise recouvert de cuir noir, pi\u00e9tement en m\u00e9tal noir. Dim : 82 x 53 x 45 cm (usures). 4 unit\u00e9s. Vendu \u00e0 l'unit\u00e9 avec facult\u00e9 de r\u00e9union. Localisation : 34 avenue du G\u00e9n\u00e9ral Patton 02880 Crouy - wpe-encheres","og_description":"Chaise Coral de Matteo Grassi, dossier et assise recouvert de cuir noir, pi\u00e9tement en m\u00e9tal noir. Dim : 82 x 53 x 45 cm (usures). 4 unit\u00e9s. Vendu \u00e0 l&rsquo;unit\u00e9 avec facult\u00e9 de r\u00e9union. Localisation : 34 avenue du G\u00e9n\u00e9ral Patton 02880 Crouy","og_url":"https:\/\/wpe-encheres.com\/site\/produit\/chaise-coral-de-matteo-grassi-dossier-et-assise-recouvert-de-cuir-noir-pietement-en-metal-noir-dim-82-x-53-x-45-cm-usures-4-unites-vendu-a-lunite-avec-faculte-de-reunion-localisation-34-a\/","og_site_name":"wpe-encheres","article_modified_time":"2026-02-17T14:16:01+00:00","og_image":[{"width":625,"height":892,"url":"https:\/\/wpe-encheres.com\/site\/wp-content\/uploads\/2026\/02\/69933b3413b6c.jpg","type":"image\/jpeg"}],"twitter_card":"summary_large_image","schema":{"@context":"https:\/\/schema.org","@graph":[{"@type":"WebPage","@id":"https:\/\/wpe-encheres.com\/site\/produit\/chaise-coral-de-matteo-grassi-dossier-et-assise-recouvert-de-cuir-noir-pietement-en-metal-noir-dim-82-x-53-x-45-cm-usures-4-unites-vendu-a-lunite-avec-faculte-de-reunion-localisation-34-a\/","url":"https:\/\/wpe-encheres.com\/site\/produit\/chaise-coral-de-matteo-grassi-dossier-et-assise-recouvert-de-cuir-noir-pietement-en-metal-noir-dim-82-x-53-x-45-cm-usures-4-unites-vendu-a-lunite-avec-faculte-de-reunion-localisation-34-a\/","name":"Chaise Coral de Matteo Grassi, dossier et assise recouvert de cuir noir, pi\u00e9tement en m\u00e9tal noir. Dim : 82 x 53 x 45 cm (usures). 4 unit\u00e9s. Vendu \u00e0 l'unit\u00e9 avec facult\u00e9 de r\u00e9union. Localisation : 34 avenue du G\u00e9n\u00e9ral Patton 02880 Crouy - wpe-encheres","isPartOf":{"@id":"https:\/\/wpe-encheres.com\/site\/#website"},"primaryImageOfPage":{"@id":"https:\/\/wpe-encheres.com\/site\/produit\/chaise-coral-de-matteo-grassi-dossier-et-assise-recouvert-de-cuir-noir-pietement-en-metal-noir-dim-82-x-53-x-45-cm-usures-4-unites-vendu-a-lunite-avec-faculte-de-reunion-localisation-34-a\/#primaryimage"},"image":{"@id":"https:\/\/wpe-encheres.com\/site\/produit\/chaise-coral-de-matteo-grassi-dossier-et-assise-recouvert-de-cuir-noir-pietement-en-metal-noir-dim-82-x-53-x-45-cm-usures-4-unites-vendu-a-lunite-avec-faculte-de-reunion-localisation-34-a\/#primaryimage"},"thumbnailUrl":"https:\/\/wpe-encheres.com\/site\/wp-content\/uploads\/2026\/02\/69933b3413b6c.jpg","datePublished":"2026-02-17T14:15:37+00:00","dateModified":"2026-02-17T14:16:01+00:00","breadcrumb":{"@id":"https:\/\/wpe-encheres.com\/site\/produit\/chaise-coral-de-matteo-grassi-dossier-et-assise-recouvert-de-cuir-noir-pietement-en-metal-noir-dim-82-x-53-x-45-cm-usures-4-unites-vendu-a-lunite-avec-faculte-de-reunion-localisation-34-a\/#breadcrumb"},"inLanguage":"fr-FR","potentialAction":[{"@type":"ReadAction","target":["https:\/\/wpe-encheres.com\/site\/produit\/chaise-coral-de-matteo-grassi-dossier-et-assise-recouvert-de-cuir-noir-pietement-en-metal-noir-dim-82-x-53-x-45-cm-usures-4-unites-vendu-a-lunite-avec-faculte-de-reunion-localisation-34-a\/"]}]},{"@type":"ImageObject","inLanguage":"fr-FR","@id":"https:\/\/wpe-encheres.com\/site\/produit\/chaise-coral-de-matteo-grassi-dossier-et-assise-recouvert-de-cuir-noir-pietement-en-metal-noir-dim-82-x-53-x-45-cm-usures-4-unites-vendu-a-lunite-avec-faculte-de-reunion-localisation-34-a\/#primaryimage","url":"https:\/\/wpe-encheres.com\/site\/wp-content\/uploads\/2026\/02\/69933b3413b6c.jpg","contentUrl":"https:\/\/wpe-encheres.com\/site\/wp-content\/uploads\/2026\/02\/69933b3413b6c.jpg","width":625,"height":892},{"@type":"BreadcrumbList","@id":"https:\/\/wpe-encheres.com\/site\/produit\/chaise-coral-de-matteo-grassi-dossier-et-assise-recouvert-de-cuir-noir-pietement-en-metal-noir-dim-82-x-53-x-45-cm-usures-4-unites-vendu-a-lunite-avec-faculte-de-reunion-localisation-34-a\/#breadcrumb","itemListElement":[{"@type":"ListItem","position":1,"name":"Accueil","item":"https:\/\/wpe-encheres.com\/site\/"},{"@type":"ListItem","position":2,"name":"Boutique","item":"https:\/\/wpe-encheres.com\/site\/?page_id=22765"},{"@type":"ListItem","position":3,"name":"Chaise Coral de Matteo Grassi, dossier et assise recouvert de cuir noir, pi\u00e9tement en m\u00e9tal noir. Dim : 82 x 53 x 45 cm (usures). 4 unit\u00e9s. Vendu \u00e0 l&rsquo;unit\u00e9 avec facult\u00e9 de r\u00e9union. Localisation : 34 avenue du G\u00e9n\u00e9ral Patton 02880 Crouy"}]},{"@type":"WebSite","@id":"https:\/\/wpe-encheres.com\/site\/#website","url":"https:\/\/wpe-encheres.com\/site\/","name":"wpe-encheres","description":"","publisher":{"@id":"https:\/\/wpe-encheres.com\/site\/#organization"},"potentialAction":[{"@type":"SearchAction","target":{"@type":"EntryPoint","urlTemplate":"https:\/\/wpe-encheres.com\/site\/?s={search_term_string}"},"query-input":{"@type":"PropertyValueSpecification","valueRequired":true,"valueName":"search_term_string"}}],"inLanguage":"fr-FR"},{"@type":"Organization","@id":"https:\/\/wpe-encheres.com\/site\/#organization","name":"wpe encheres","url":"https:\/\/wpe-encheres.com\/site\/","logo":{"@type":"ImageObject","inLanguage":"fr-FR","@id":"https:\/\/wpe-encheres.com\/site\/#\/schema\/logo\/image\/","url":"https:\/\/wpe-encheres.com\/site\/wp-content\/uploads\/2025\/08\/wpe-encheres-logo.png","contentUrl":"https:\/\/wpe-encheres.com\/site\/wp-content\/uploads\/2025\/08\/wpe-encheres-logo.png","width":300,"height":110,"caption":"wpe encheres"},"image":{"@id":"https:\/\/wpe-encheres.com\/site\/#\/schema\/logo\/image\/"}}]}},"_links":{"self":[{"href":"https:\/\/wpe-encheres.com\/site\/wp-json\/wp\/v2\/product\/40799","targetHints":{"allow":["GET"]}}],"collection":[{"href":"https:\/\/wpe-encheres.com\/site\/wp-json\/wp\/v2\/product"}],"about":[{"href":"https:\/\/wpe-encheres.com\/site\/wp-json\/wp\/v2\/types\/product"}],"wp:featuredmedia":[{"embeddable":true,"href":"https:\/\/wpe-encheres.com\/site\/wp-json\/wp\/v2\/media\/40800"}],"wp:attachment":[{"href":"https:\/\/wpe-encheres.com\/site\/wp-json\/wp\/v2\/media?parent=40799"}],"wp:term":[{"taxonomy":"product_brand","embeddable":true,"href":"https:\/\/wpe-encheres.com\/site\/wp-json\/wp\/v2\/product_brand?post=40799"},{"taxonomy":"product_cat","embeddable":true,"href":"https:\/\/wpe-encheres.com\/site\/wp-json\/wp\/v2\/product_cat?post=40799"},{"taxonomy":"product_tag","embeddable":true,"href":"https:\/\/wpe-encheres.com\/site\/wp-json\/wp\/v2\/product_tag?post=40799"}],"curies":[{"name":"wp","href":"https:\/\/api.w.org\/{rel}","templated":true}]}}