{"id":40696,"date":"2026-02-17T15:14:54","date_gmt":"2026-02-17T14:14:54","guid":{"rendered":"https:\/\/wpe-encheres.com\/site\/produit\/table-basse-dans-le-gout-de-gueridon-verde-alpi-edition-knoll-plateau-en-marbre-de-couleur-noir-reposant-sur-un-pied-tulipe-en-metal-de-couleur-noir-sur-base-circulaire-accident-dim-50-x-42-cm\/"},"modified":"2026-02-17T15:15:01","modified_gmt":"2026-02-17T14:15:01","slug":"table-basse-dans-le-gout-de-gueridon-verde-alpi-edition-knoll-plateau-en-marbre-de-couleur-noir-reposant-sur-un-pied-tulipe-en-metal-de-couleur-noir-sur-base-circulaire-accident-dim-50-x-42-cm","status":"publish","type":"product","link":"https:\/\/wpe-encheres.com\/site\/produit\/table-basse-dans-le-gout-de-gueridon-verde-alpi-edition-knoll-plateau-en-marbre-de-couleur-noir-reposant-sur-un-pied-tulipe-en-metal-de-couleur-noir-sur-base-circulaire-accident-dim-50-x-42-cm\/","title":{"rendered":"Table basse dans le go\u00fbt de Gueridon Verde Alpi \u00e9dition Knoll, plateau en marbre de couleur noir reposant sur un pied tulipe en m\u00e9tal de couleur noir sur base circulaire. (accident) Dim : 50 x 42 cm. Localisation : 30 rue Beauregard &#8211; 60440 Nanteuil-le-Haudouin"},"content":{"rendered":"<p>Table basse dans le go\u00fbt de Gueridon Verde Alpi \u00e9dition Knoll, plateau en marbre de couleur noir reposant sur un pied tulipe en m\u00e9tal de couleur noir sur base circulaire. (accident) Dim : 50 x 42 cm. Localisation : 30 rue Beauregard &#8211; 60440 Nanteuil-le-Haudouin<\/p>\n","protected":false},"excerpt":{"rendered":"<p>Table basse dans le go\u00fbt de Gueridon Verde Alpi \u00e9dition Knoll, plateau en marbre de couleur noir reposant sur un pied tulipe en m\u00e9tal de couleur noir sur base circulaire. (accident) Dim : 50 x 42 cm. Localisation : 30 rue Beauregard &#8211; 60440 Nanteuil-le-Haudouin<\/p>\n","protected":false},"featured_media":40697,"template":"","meta":{"_acf_changed":false},"product_brand":[],"product_cat":[22],"product_tag":[71],"class_list":{"0":"post-40696","1":"product","2":"type-product","3":"status-publish","4":"has-post-thumbnail","6":"product_cat-mobilier-design-haut-de-gamme","7":"product_tag-vente-24-fev-2026","9":"first","10":"instock","11":"product-type-simple"},"acf":[],"yoast_head":"<!-- This site is optimized with the Yoast SEO plugin v27.3 - https:\/\/yoast.com\/product\/yoast-seo-wordpress\/ -->\n<title>Table basse dans le go\u00fbt de Gueridon Verde Alpi \u00e9dition Knoll, plateau en marbre de couleur noir reposant sur un pied tulipe en m\u00e9tal de couleur noir sur base circulaire. (accident) Dim : 50 x 42 cm. Localisation : 30 rue Beauregard - 60440 Nanteuil-le-Haudouin - wpe-encheres<\/title>\n<meta name=\"robots\" content=\"index, follow, max-snippet:-1, max-image-preview:large, max-video-preview:-1\" \/>\n<link rel=\"canonical\" href=\"https:\/\/wpe-encheres.com\/site\/produit\/table-basse-dans-le-gout-de-gueridon-verde-alpi-edition-knoll-plateau-en-marbre-de-couleur-noir-reposant-sur-un-pied-tulipe-en-metal-de-couleur-noir-sur-base-circulaire-accident-dim-50-x-42-cm\/\" \/>\n<meta property=\"og:locale\" content=\"fr_FR\" \/>\n<meta property=\"og:type\" content=\"article\" \/>\n<meta property=\"og:title\" content=\"Table basse dans le go\u00fbt de Gueridon Verde Alpi \u00e9dition Knoll, plateau en marbre de couleur noir reposant sur un pied tulipe en m\u00e9tal de couleur noir sur base circulaire. (accident) Dim : 50 x 42 cm. Localisation : 30 rue Beauregard - 60440 Nanteuil-le-Haudouin - wpe-encheres\" \/>\n<meta property=\"og:description\" content=\"Table basse dans le go\u00fbt de Gueridon Verde Alpi \u00e9dition Knoll, plateau en marbre de couleur noir reposant sur un pied tulipe en m\u00e9tal de couleur noir sur base circulaire. (accident) Dim : 50 x 42 cm. Localisation : 30 rue Beauregard &#8211; 60440 Nanteuil-le-Haudouin\" \/>\n<meta property=\"og:url\" content=\"https:\/\/wpe-encheres.com\/site\/produit\/table-basse-dans-le-gout-de-gueridon-verde-alpi-edition-knoll-plateau-en-marbre-de-couleur-noir-reposant-sur-un-pied-tulipe-en-metal-de-couleur-noir-sur-base-circulaire-accident-dim-50-x-42-cm\/\" \/>\n<meta property=\"og:site_name\" content=\"wpe-encheres\" \/>\n<meta property=\"article:modified_time\" content=\"2026-02-17T14:15:01+00:00\" \/>\n<meta property=\"og:image\" content=\"https:\/\/wpe-encheres.com\/site\/wp-content\/uploads\/2026\/02\/698dd39f84280.jpg\" \/>\n\t<meta property=\"og:image:width\" content=\"712\" \/>\n\t<meta property=\"og:image:height\" content=\"701\" \/>\n\t<meta property=\"og:image:type\" content=\"image\/jpeg\" \/>\n<meta name=\"twitter:card\" content=\"summary_large_image\" \/>\n<script type=\"application\/ld+json\" class=\"yoast-schema-graph\">{\"@context\":\"https:\\\/\\\/schema.org\",\"@graph\":[{\"@type\":\"WebPage\",\"@id\":\"https:\\\/\\\/wpe-encheres.com\\\/site\\\/produit\\\/table-basse-dans-le-gout-de-gueridon-verde-alpi-edition-knoll-plateau-en-marbre-de-couleur-noir-reposant-sur-un-pied-tulipe-en-metal-de-couleur-noir-sur-base-circulaire-accident-dim-50-x-42-cm\\\/\",\"url\":\"https:\\\/\\\/wpe-encheres.com\\\/site\\\/produit\\\/table-basse-dans-le-gout-de-gueridon-verde-alpi-edition-knoll-plateau-en-marbre-de-couleur-noir-reposant-sur-un-pied-tulipe-en-metal-de-couleur-noir-sur-base-circulaire-accident-dim-50-x-42-cm\\\/\",\"name\":\"Table basse dans le go\u00fbt de Gueridon Verde Alpi \u00e9dition Knoll, plateau en marbre de couleur noir reposant sur un pied tulipe en m\u00e9tal de couleur noir sur base circulaire. (accident) Dim : 50 x 42 cm. Localisation : 30 rue Beauregard - 60440 Nanteuil-le-Haudouin - wpe-encheres\",\"isPartOf\":{\"@id\":\"https:\\\/\\\/wpe-encheres.com\\\/site\\\/#website\"},\"primaryImageOfPage\":{\"@id\":\"https:\\\/\\\/wpe-encheres.com\\\/site\\\/produit\\\/table-basse-dans-le-gout-de-gueridon-verde-alpi-edition-knoll-plateau-en-marbre-de-couleur-noir-reposant-sur-un-pied-tulipe-en-metal-de-couleur-noir-sur-base-circulaire-accident-dim-50-x-42-cm\\\/#primaryimage\"},\"image\":{\"@id\":\"https:\\\/\\\/wpe-encheres.com\\\/site\\\/produit\\\/table-basse-dans-le-gout-de-gueridon-verde-alpi-edition-knoll-plateau-en-marbre-de-couleur-noir-reposant-sur-un-pied-tulipe-en-metal-de-couleur-noir-sur-base-circulaire-accident-dim-50-x-42-cm\\\/#primaryimage\"},\"thumbnailUrl\":\"https:\\\/\\\/wpe-encheres.com\\\/site\\\/wp-content\\\/uploads\\\/2026\\\/02\\\/698dd39f84280.jpg\",\"datePublished\":\"2026-02-17T14:14:54+00:00\",\"dateModified\":\"2026-02-17T14:15:01+00:00\",\"breadcrumb\":{\"@id\":\"https:\\\/\\\/wpe-encheres.com\\\/site\\\/produit\\\/table-basse-dans-le-gout-de-gueridon-verde-alpi-edition-knoll-plateau-en-marbre-de-couleur-noir-reposant-sur-un-pied-tulipe-en-metal-de-couleur-noir-sur-base-circulaire-accident-dim-50-x-42-cm\\\/#breadcrumb\"},\"inLanguage\":\"fr-FR\",\"potentialAction\":[{\"@type\":\"ReadAction\",\"target\":[\"https:\\\/\\\/wpe-encheres.com\\\/site\\\/produit\\\/table-basse-dans-le-gout-de-gueridon-verde-alpi-edition-knoll-plateau-en-marbre-de-couleur-noir-reposant-sur-un-pied-tulipe-en-metal-de-couleur-noir-sur-base-circulaire-accident-dim-50-x-42-cm\\\/\"]}]},{\"@type\":\"ImageObject\",\"inLanguage\":\"fr-FR\",\"@id\":\"https:\\\/\\\/wpe-encheres.com\\\/site\\\/produit\\\/table-basse-dans-le-gout-de-gueridon-verde-alpi-edition-knoll-plateau-en-marbre-de-couleur-noir-reposant-sur-un-pied-tulipe-en-metal-de-couleur-noir-sur-base-circulaire-accident-dim-50-x-42-cm\\\/#primaryimage\",\"url\":\"https:\\\/\\\/wpe-encheres.com\\\/site\\\/wp-content\\\/uploads\\\/2026\\\/02\\\/698dd39f84280.jpg\",\"contentUrl\":\"https:\\\/\\\/wpe-encheres.com\\\/site\\\/wp-content\\\/uploads\\\/2026\\\/02\\\/698dd39f84280.jpg\",\"width\":712,\"height\":701},{\"@type\":\"BreadcrumbList\",\"@id\":\"https:\\\/\\\/wpe-encheres.com\\\/site\\\/produit\\\/table-basse-dans-le-gout-de-gueridon-verde-alpi-edition-knoll-plateau-en-marbre-de-couleur-noir-reposant-sur-un-pied-tulipe-en-metal-de-couleur-noir-sur-base-circulaire-accident-dim-50-x-42-cm\\\/#breadcrumb\",\"itemListElement\":[{\"@type\":\"ListItem\",\"position\":1,\"name\":\"Accueil\",\"item\":\"https:\\\/\\\/wpe-encheres.com\\\/site\\\/\"},{\"@type\":\"ListItem\",\"position\":2,\"name\":\"Boutique\",\"item\":\"https:\\\/\\\/wpe-encheres.com\\\/site\\\/?page_id=22765\"},{\"@type\":\"ListItem\",\"position\":3,\"name\":\"Table basse dans le go\u00fbt de Gueridon Verde Alpi \u00e9dition Knoll, plateau en marbre de couleur noir reposant sur un pied tulipe en m\u00e9tal de couleur noir sur base circulaire. (accident) Dim : 50 x 42 cm. Localisation : 30 rue Beauregard &#8211; 60440 Nanteuil-le-Haudouin\"}]},{\"@type\":\"WebSite\",\"@id\":\"https:\\\/\\\/wpe-encheres.com\\\/site\\\/#website\",\"url\":\"https:\\\/\\\/wpe-encheres.com\\\/site\\\/\",\"name\":\"wpe-encheres\",\"description\":\"\",\"publisher\":{\"@id\":\"https:\\\/\\\/wpe-encheres.com\\\/site\\\/#organization\"},\"potentialAction\":[{\"@type\":\"SearchAction\",\"target\":{\"@type\":\"EntryPoint\",\"urlTemplate\":\"https:\\\/\\\/wpe-encheres.com\\\/site\\\/?s={search_term_string}\"},\"query-input\":{\"@type\":\"PropertyValueSpecification\",\"valueRequired\":true,\"valueName\":\"search_term_string\"}}],\"inLanguage\":\"fr-FR\"},{\"@type\":\"Organization\",\"@id\":\"https:\\\/\\\/wpe-encheres.com\\\/site\\\/#organization\",\"name\":\"wpe encheres\",\"url\":\"https:\\\/\\\/wpe-encheres.com\\\/site\\\/\",\"logo\":{\"@type\":\"ImageObject\",\"inLanguage\":\"fr-FR\",\"@id\":\"https:\\\/\\\/wpe-encheres.com\\\/site\\\/#\\\/schema\\\/logo\\\/image\\\/\",\"url\":\"https:\\\/\\\/wpe-encheres.com\\\/site\\\/wp-content\\\/uploads\\\/2025\\\/08\\\/wpe-encheres-logo.png\",\"contentUrl\":\"https:\\\/\\\/wpe-encheres.com\\\/site\\\/wp-content\\\/uploads\\\/2025\\\/08\\\/wpe-encheres-logo.png\",\"width\":300,\"height\":110,\"caption\":\"wpe encheres\"},\"image\":{\"@id\":\"https:\\\/\\\/wpe-encheres.com\\\/site\\\/#\\\/schema\\\/logo\\\/image\\\/\"}}]}<\/script>\n<!-- \/ Yoast SEO plugin. -->","yoast_head_json":{"title":"Table basse dans le go\u00fbt de Gueridon Verde Alpi \u00e9dition Knoll, plateau en marbre de couleur noir reposant sur un pied tulipe en m\u00e9tal de couleur noir sur base circulaire. (accident) Dim : 50 x 42 cm. Localisation : 30 rue Beauregard - 60440 Nanteuil-le-Haudouin - wpe-encheres","robots":{"index":"index","follow":"follow","max-snippet":"max-snippet:-1","max-image-preview":"max-image-preview:large","max-video-preview":"max-video-preview:-1"},"canonical":"https:\/\/wpe-encheres.com\/site\/produit\/table-basse-dans-le-gout-de-gueridon-verde-alpi-edition-knoll-plateau-en-marbre-de-couleur-noir-reposant-sur-un-pied-tulipe-en-metal-de-couleur-noir-sur-base-circulaire-accident-dim-50-x-42-cm\/","og_locale":"fr_FR","og_type":"article","og_title":"Table basse dans le go\u00fbt de Gueridon Verde Alpi \u00e9dition Knoll, plateau en marbre de couleur noir reposant sur un pied tulipe en m\u00e9tal de couleur noir sur base circulaire. (accident) Dim : 50 x 42 cm. Localisation : 30 rue Beauregard - 60440 Nanteuil-le-Haudouin - wpe-encheres","og_description":"Table basse dans le go\u00fbt de Gueridon Verde Alpi \u00e9dition Knoll, plateau en marbre de couleur noir reposant sur un pied tulipe en m\u00e9tal de couleur noir sur base circulaire. (accident) Dim : 50 x 42 cm. Localisation : 30 rue Beauregard &#8211; 60440 Nanteuil-le-Haudouin","og_url":"https:\/\/wpe-encheres.com\/site\/produit\/table-basse-dans-le-gout-de-gueridon-verde-alpi-edition-knoll-plateau-en-marbre-de-couleur-noir-reposant-sur-un-pied-tulipe-en-metal-de-couleur-noir-sur-base-circulaire-accident-dim-50-x-42-cm\/","og_site_name":"wpe-encheres","article_modified_time":"2026-02-17T14:15:01+00:00","og_image":[{"width":712,"height":701,"url":"https:\/\/wpe-encheres.com\/site\/wp-content\/uploads\/2026\/02\/698dd39f84280.jpg","type":"image\/jpeg"}],"twitter_card":"summary_large_image","schema":{"@context":"https:\/\/schema.org","@graph":[{"@type":"WebPage","@id":"https:\/\/wpe-encheres.com\/site\/produit\/table-basse-dans-le-gout-de-gueridon-verde-alpi-edition-knoll-plateau-en-marbre-de-couleur-noir-reposant-sur-un-pied-tulipe-en-metal-de-couleur-noir-sur-base-circulaire-accident-dim-50-x-42-cm\/","url":"https:\/\/wpe-encheres.com\/site\/produit\/table-basse-dans-le-gout-de-gueridon-verde-alpi-edition-knoll-plateau-en-marbre-de-couleur-noir-reposant-sur-un-pied-tulipe-en-metal-de-couleur-noir-sur-base-circulaire-accident-dim-50-x-42-cm\/","name":"Table basse dans le go\u00fbt de Gueridon Verde Alpi \u00e9dition Knoll, plateau en marbre de couleur noir reposant sur un pied tulipe en m\u00e9tal de couleur noir sur base circulaire. (accident) Dim : 50 x 42 cm. Localisation : 30 rue Beauregard - 60440 Nanteuil-le-Haudouin - wpe-encheres","isPartOf":{"@id":"https:\/\/wpe-encheres.com\/site\/#website"},"primaryImageOfPage":{"@id":"https:\/\/wpe-encheres.com\/site\/produit\/table-basse-dans-le-gout-de-gueridon-verde-alpi-edition-knoll-plateau-en-marbre-de-couleur-noir-reposant-sur-un-pied-tulipe-en-metal-de-couleur-noir-sur-base-circulaire-accident-dim-50-x-42-cm\/#primaryimage"},"image":{"@id":"https:\/\/wpe-encheres.com\/site\/produit\/table-basse-dans-le-gout-de-gueridon-verde-alpi-edition-knoll-plateau-en-marbre-de-couleur-noir-reposant-sur-un-pied-tulipe-en-metal-de-couleur-noir-sur-base-circulaire-accident-dim-50-x-42-cm\/#primaryimage"},"thumbnailUrl":"https:\/\/wpe-encheres.com\/site\/wp-content\/uploads\/2026\/02\/698dd39f84280.jpg","datePublished":"2026-02-17T14:14:54+00:00","dateModified":"2026-02-17T14:15:01+00:00","breadcrumb":{"@id":"https:\/\/wpe-encheres.com\/site\/produit\/table-basse-dans-le-gout-de-gueridon-verde-alpi-edition-knoll-plateau-en-marbre-de-couleur-noir-reposant-sur-un-pied-tulipe-en-metal-de-couleur-noir-sur-base-circulaire-accident-dim-50-x-42-cm\/#breadcrumb"},"inLanguage":"fr-FR","potentialAction":[{"@type":"ReadAction","target":["https:\/\/wpe-encheres.com\/site\/produit\/table-basse-dans-le-gout-de-gueridon-verde-alpi-edition-knoll-plateau-en-marbre-de-couleur-noir-reposant-sur-un-pied-tulipe-en-metal-de-couleur-noir-sur-base-circulaire-accident-dim-50-x-42-cm\/"]}]},{"@type":"ImageObject","inLanguage":"fr-FR","@id":"https:\/\/wpe-encheres.com\/site\/produit\/table-basse-dans-le-gout-de-gueridon-verde-alpi-edition-knoll-plateau-en-marbre-de-couleur-noir-reposant-sur-un-pied-tulipe-en-metal-de-couleur-noir-sur-base-circulaire-accident-dim-50-x-42-cm\/#primaryimage","url":"https:\/\/wpe-encheres.com\/site\/wp-content\/uploads\/2026\/02\/698dd39f84280.jpg","contentUrl":"https:\/\/wpe-encheres.com\/site\/wp-content\/uploads\/2026\/02\/698dd39f84280.jpg","width":712,"height":701},{"@type":"BreadcrumbList","@id":"https:\/\/wpe-encheres.com\/site\/produit\/table-basse-dans-le-gout-de-gueridon-verde-alpi-edition-knoll-plateau-en-marbre-de-couleur-noir-reposant-sur-un-pied-tulipe-en-metal-de-couleur-noir-sur-base-circulaire-accident-dim-50-x-42-cm\/#breadcrumb","itemListElement":[{"@type":"ListItem","position":1,"name":"Accueil","item":"https:\/\/wpe-encheres.com\/site\/"},{"@type":"ListItem","position":2,"name":"Boutique","item":"https:\/\/wpe-encheres.com\/site\/?page_id=22765"},{"@type":"ListItem","position":3,"name":"Table basse dans le go\u00fbt de Gueridon Verde Alpi \u00e9dition Knoll, plateau en marbre de couleur noir reposant sur un pied tulipe en m\u00e9tal de couleur noir sur base circulaire. (accident) Dim : 50 x 42 cm. Localisation : 30 rue Beauregard &#8211; 60440 Nanteuil-le-Haudouin"}]},{"@type":"WebSite","@id":"https:\/\/wpe-encheres.com\/site\/#website","url":"https:\/\/wpe-encheres.com\/site\/","name":"wpe-encheres","description":"","publisher":{"@id":"https:\/\/wpe-encheres.com\/site\/#organization"},"potentialAction":[{"@type":"SearchAction","target":{"@type":"EntryPoint","urlTemplate":"https:\/\/wpe-encheres.com\/site\/?s={search_term_string}"},"query-input":{"@type":"PropertyValueSpecification","valueRequired":true,"valueName":"search_term_string"}}],"inLanguage":"fr-FR"},{"@type":"Organization","@id":"https:\/\/wpe-encheres.com\/site\/#organization","name":"wpe encheres","url":"https:\/\/wpe-encheres.com\/site\/","logo":{"@type":"ImageObject","inLanguage":"fr-FR","@id":"https:\/\/wpe-encheres.com\/site\/#\/schema\/logo\/image\/","url":"https:\/\/wpe-encheres.com\/site\/wp-content\/uploads\/2025\/08\/wpe-encheres-logo.png","contentUrl":"https:\/\/wpe-encheres.com\/site\/wp-content\/uploads\/2025\/08\/wpe-encheres-logo.png","width":300,"height":110,"caption":"wpe encheres"},"image":{"@id":"https:\/\/wpe-encheres.com\/site\/#\/schema\/logo\/image\/"}}]}},"_links":{"self":[{"href":"https:\/\/wpe-encheres.com\/site\/wp-json\/wp\/v2\/product\/40696","targetHints":{"allow":["GET"]}}],"collection":[{"href":"https:\/\/wpe-encheres.com\/site\/wp-json\/wp\/v2\/product"}],"about":[{"href":"https:\/\/wpe-encheres.com\/site\/wp-json\/wp\/v2\/types\/product"}],"wp:featuredmedia":[{"embeddable":true,"href":"https:\/\/wpe-encheres.com\/site\/wp-json\/wp\/v2\/media\/40697"}],"wp:attachment":[{"href":"https:\/\/wpe-encheres.com\/site\/wp-json\/wp\/v2\/media?parent=40696"}],"wp:term":[{"taxonomy":"product_brand","embeddable":true,"href":"https:\/\/wpe-encheres.com\/site\/wp-json\/wp\/v2\/product_brand?post=40696"},{"taxonomy":"product_cat","embeddable":true,"href":"https:\/\/wpe-encheres.com\/site\/wp-json\/wp\/v2\/product_cat?post=40696"},{"taxonomy":"product_tag","embeddable":true,"href":"https:\/\/wpe-encheres.com\/site\/wp-json\/wp\/v2\/product_tag?post=40696"}],"curies":[{"name":"wp","href":"https:\/\/api.w.org\/{rel}","templated":true}]}}