{"id":40591,"date":"2026-02-17T15:13:59","date_gmt":"2026-02-17T14:13:59","guid":{"rendered":"https:\/\/wpe-encheres.com\/site\/produit\/fauteuil-de-reunion-a-retour-automatique-design-eoos-modele-filo-chair-edition-bene-assisse-et-dossier-en-resille-de-couleur-noire-accoudoirs-en-polypropylene-de-couleur-noir-structure-et-pietement\/"},"modified":"2026-02-17T15:13:59","modified_gmt":"2026-02-17T14:13:59","slug":"fauteuil-de-reunion-a-retour-automatique-design-eoos-modele-filo-chair-edition-bene-assisse-et-dossier-en-resille-de-couleur-noire-accoudoirs-en-polypropylene-de-couleur-noir-structure-et-pietement","status":"publish","type":"product","link":"https:\/\/wpe-encheres.com\/site\/produit\/fauteuil-de-reunion-a-retour-automatique-design-eoos-modele-filo-chair-edition-bene-assisse-et-dossier-en-resille-de-couleur-noire-accoudoirs-en-polypropylene-de-couleur-noir-structure-et-pietement\/","title":{"rendered":"Fauteuil de r\u00e9union \u00e0 retour automatique design Eoos mod\u00e8le Filo Chair \u00e9dition Bene, assisse et dossier en resille de couleur noire, accoudoirs en polypropyl\u00e8ne de couleur noir, structure et pi\u00e8tement \u00e9toile \u00e0 4 branches sur patins en aluminium poli. Dim : 90 x 59 x 61 cm. 6 unit\u00e9s. Vendu \u00e0 l&rsquo;unit\u00e9 avec facult\u00e9 de r\u00e9union. Localisation : 30 rue Beauregard &#8211; 60440 Nanteuil-le-Haudouin"},"content":{"rendered":"<p>Fauteuil de r\u00e9union \u00e0 retour automatique design Eoos mod\u00e8le Filo Chair \u00e9dition Bene, assisse et dossier en resille de couleur noire, accoudoirs en polypropyl\u00e8ne de couleur noir, structure et pi\u00e8tement \u00e9toile \u00e0 4 branches sur patins en aluminium poli. Dim : 90 x 59 x 61 cm. 6 unit\u00e9s. Vendu \u00e0 l&rsquo;unit\u00e9 avec facult\u00e9 de r\u00e9union. Localisation : 30 rue Beauregard &#8211; 60440 Nanteuil-le-Haudouin<\/p>\n","protected":false},"excerpt":{"rendered":"<p>Fauteuil de r\u00e9union \u00e0 retour automatique design Eoos mod\u00e8le Filo Chair \u00e9dition Bene, assisse et dossier en resille de couleur noire, accoudoirs en polypropyl\u00e8ne de couleur noir, structure et pi\u00e8tement \u00e9toile \u00e0 4 branches sur patins en aluminium poli. Dim : 90 x 59 x&#8230;<\/p>\n","protected":false},"featured_media":40592,"template":"","meta":{"_acf_changed":false},"product_brand":[],"product_cat":[22],"product_tag":[71],"class_list":{"0":"post-40591","1":"product","2":"type-product","3":"status-publish","4":"has-post-thumbnail","6":"product_cat-mobilier-design-haut-de-gamme","7":"product_tag-vente-24-fev-2026","9":"first","10":"instock","11":"product-type-simple"},"acf":[],"yoast_head":"<!-- This site is optimized with the Yoast SEO plugin v27.3 - https:\/\/yoast.com\/product\/yoast-seo-wordpress\/ -->\n<title>Fauteuil de r\u00e9union \u00e0 retour automatique design Eoos mod\u00e8le Filo Chair \u00e9dition Bene, assisse et dossier en resille de couleur noire, accoudoirs en polypropyl\u00e8ne de couleur noir, structure et pi\u00e8tement \u00e9toile \u00e0 4 branches sur patins en aluminium poli. Dim : 90 x 59 x 61 cm. 6 unit\u00e9s. Vendu \u00e0 l&#039;unit\u00e9 avec facult\u00e9 de r\u00e9union. Localisation : 30 rue Beauregard - 60440 Nanteuil-le-Haudouin - wpe-encheres<\/title>\n<meta name=\"robots\" content=\"index, follow, max-snippet:-1, max-image-preview:large, max-video-preview:-1\" \/>\n<link rel=\"canonical\" href=\"https:\/\/wpe-encheres.com\/site\/produit\/fauteuil-de-reunion-a-retour-automatique-design-eoos-modele-filo-chair-edition-bene-assisse-et-dossier-en-resille-de-couleur-noire-accoudoirs-en-polypropylene-de-couleur-noir-structure-et-pietement\/\" \/>\n<meta property=\"og:locale\" content=\"fr_FR\" \/>\n<meta property=\"og:type\" content=\"article\" \/>\n<meta property=\"og:title\" content=\"Fauteuil de r\u00e9union \u00e0 retour automatique design Eoos mod\u00e8le Filo Chair \u00e9dition Bene, assisse et dossier en resille de couleur noire, accoudoirs en polypropyl\u00e8ne de couleur noir, structure et pi\u00e8tement \u00e9toile \u00e0 4 branches sur patins en aluminium poli. Dim : 90 x 59 x 61 cm. 6 unit\u00e9s. Vendu \u00e0 l&#039;unit\u00e9 avec facult\u00e9 de r\u00e9union. Localisation : 30 rue Beauregard - 60440 Nanteuil-le-Haudouin - wpe-encheres\" \/>\n<meta property=\"og:description\" content=\"Fauteuil de r\u00e9union \u00e0 retour automatique design Eoos mod\u00e8le Filo Chair \u00e9dition Bene, assisse et dossier en resille de couleur noire, accoudoirs en polypropyl\u00e8ne de couleur noir, structure et pi\u00e8tement \u00e9toile \u00e0 4 branches sur patins en aluminium poli. Dim : 90 x 59 x...\" \/>\n<meta property=\"og:url\" content=\"https:\/\/wpe-encheres.com\/site\/produit\/fauteuil-de-reunion-a-retour-automatique-design-eoos-modele-filo-chair-edition-bene-assisse-et-dossier-en-resille-de-couleur-noire-accoudoirs-en-polypropylene-de-couleur-noir-structure-et-pietement\/\" \/>\n<meta property=\"og:site_name\" content=\"wpe-encheres\" \/>\n<meta property=\"og:image\" content=\"https:\/\/wpe-encheres.com\/site\/wp-content\/uploads\/2026\/02\/698dd382185ea.jpg\" \/>\n\t<meta property=\"og:image:width\" content=\"654\" \/>\n\t<meta property=\"og:image:height\" content=\"908\" \/>\n\t<meta property=\"og:image:type\" content=\"image\/jpeg\" \/>\n<meta name=\"twitter:card\" content=\"summary_large_image\" \/>\n<script type=\"application\/ld+json\" class=\"yoast-schema-graph\">{\"@context\":\"https:\\\/\\\/schema.org\",\"@graph\":[{\"@type\":\"WebPage\",\"@id\":\"https:\\\/\\\/wpe-encheres.com\\\/site\\\/produit\\\/fauteuil-de-reunion-a-retour-automatique-design-eoos-modele-filo-chair-edition-bene-assisse-et-dossier-en-resille-de-couleur-noire-accoudoirs-en-polypropylene-de-couleur-noir-structure-et-pietement\\\/\",\"url\":\"https:\\\/\\\/wpe-encheres.com\\\/site\\\/produit\\\/fauteuil-de-reunion-a-retour-automatique-design-eoos-modele-filo-chair-edition-bene-assisse-et-dossier-en-resille-de-couleur-noire-accoudoirs-en-polypropylene-de-couleur-noir-structure-et-pietement\\\/\",\"name\":\"Fauteuil de r\u00e9union \u00e0 retour automatique design Eoos mod\u00e8le Filo Chair \u00e9dition Bene, assisse et dossier en resille de couleur noire, accoudoirs en polypropyl\u00e8ne de couleur noir, structure et pi\u00e8tement \u00e9toile \u00e0 4 branches sur patins en aluminium poli. Dim : 90 x 59 x 61 cm. 6 unit\u00e9s. Vendu \u00e0 l'unit\u00e9 avec facult\u00e9 de r\u00e9union. Localisation : 30 rue Beauregard - 60440 Nanteuil-le-Haudouin - wpe-encheres\",\"isPartOf\":{\"@id\":\"https:\\\/\\\/wpe-encheres.com\\\/site\\\/#website\"},\"primaryImageOfPage\":{\"@id\":\"https:\\\/\\\/wpe-encheres.com\\\/site\\\/produit\\\/fauteuil-de-reunion-a-retour-automatique-design-eoos-modele-filo-chair-edition-bene-assisse-et-dossier-en-resille-de-couleur-noire-accoudoirs-en-polypropylene-de-couleur-noir-structure-et-pietement\\\/#primaryimage\"},\"image\":{\"@id\":\"https:\\\/\\\/wpe-encheres.com\\\/site\\\/produit\\\/fauteuil-de-reunion-a-retour-automatique-design-eoos-modele-filo-chair-edition-bene-assisse-et-dossier-en-resille-de-couleur-noire-accoudoirs-en-polypropylene-de-couleur-noir-structure-et-pietement\\\/#primaryimage\"},\"thumbnailUrl\":\"https:\\\/\\\/wpe-encheres.com\\\/site\\\/wp-content\\\/uploads\\\/2026\\\/02\\\/698dd382185ea.jpg\",\"datePublished\":\"2026-02-17T14:13:59+00:00\",\"breadcrumb\":{\"@id\":\"https:\\\/\\\/wpe-encheres.com\\\/site\\\/produit\\\/fauteuil-de-reunion-a-retour-automatique-design-eoos-modele-filo-chair-edition-bene-assisse-et-dossier-en-resille-de-couleur-noire-accoudoirs-en-polypropylene-de-couleur-noir-structure-et-pietement\\\/#breadcrumb\"},\"inLanguage\":\"fr-FR\",\"potentialAction\":[{\"@type\":\"ReadAction\",\"target\":[\"https:\\\/\\\/wpe-encheres.com\\\/site\\\/produit\\\/fauteuil-de-reunion-a-retour-automatique-design-eoos-modele-filo-chair-edition-bene-assisse-et-dossier-en-resille-de-couleur-noire-accoudoirs-en-polypropylene-de-couleur-noir-structure-et-pietement\\\/\"]}]},{\"@type\":\"ImageObject\",\"inLanguage\":\"fr-FR\",\"@id\":\"https:\\\/\\\/wpe-encheres.com\\\/site\\\/produit\\\/fauteuil-de-reunion-a-retour-automatique-design-eoos-modele-filo-chair-edition-bene-assisse-et-dossier-en-resille-de-couleur-noire-accoudoirs-en-polypropylene-de-couleur-noir-structure-et-pietement\\\/#primaryimage\",\"url\":\"https:\\\/\\\/wpe-encheres.com\\\/site\\\/wp-content\\\/uploads\\\/2026\\\/02\\\/698dd382185ea.jpg\",\"contentUrl\":\"https:\\\/\\\/wpe-encheres.com\\\/site\\\/wp-content\\\/uploads\\\/2026\\\/02\\\/698dd382185ea.jpg\",\"width\":654,\"height\":908},{\"@type\":\"BreadcrumbList\",\"@id\":\"https:\\\/\\\/wpe-encheres.com\\\/site\\\/produit\\\/fauteuil-de-reunion-a-retour-automatique-design-eoos-modele-filo-chair-edition-bene-assisse-et-dossier-en-resille-de-couleur-noire-accoudoirs-en-polypropylene-de-couleur-noir-structure-et-pietement\\\/#breadcrumb\",\"itemListElement\":[{\"@type\":\"ListItem\",\"position\":1,\"name\":\"Accueil\",\"item\":\"https:\\\/\\\/wpe-encheres.com\\\/site\\\/\"},{\"@type\":\"ListItem\",\"position\":2,\"name\":\"Boutique\",\"item\":\"https:\\\/\\\/wpe-encheres.com\\\/site\\\/?page_id=22765\"},{\"@type\":\"ListItem\",\"position\":3,\"name\":\"Fauteuil de r\u00e9union \u00e0 retour automatique design Eoos mod\u00e8le Filo Chair \u00e9dition Bene, assisse et dossier en resille de couleur noire, accoudoirs en polypropyl\u00e8ne de couleur noir, structure et pi\u00e8tement \u00e9toile \u00e0 4 branches sur patins en aluminium poli. Dim : 90 x 59 x 61 cm. 6 unit\u00e9s. Vendu \u00e0 l&rsquo;unit\u00e9 avec facult\u00e9 de r\u00e9union. Localisation : 30 rue Beauregard &#8211; 60440 Nanteuil-le-Haudouin\"}]},{\"@type\":\"WebSite\",\"@id\":\"https:\\\/\\\/wpe-encheres.com\\\/site\\\/#website\",\"url\":\"https:\\\/\\\/wpe-encheres.com\\\/site\\\/\",\"name\":\"wpe-encheres\",\"description\":\"\",\"publisher\":{\"@id\":\"https:\\\/\\\/wpe-encheres.com\\\/site\\\/#organization\"},\"potentialAction\":[{\"@type\":\"SearchAction\",\"target\":{\"@type\":\"EntryPoint\",\"urlTemplate\":\"https:\\\/\\\/wpe-encheres.com\\\/site\\\/?s={search_term_string}\"},\"query-input\":{\"@type\":\"PropertyValueSpecification\",\"valueRequired\":true,\"valueName\":\"search_term_string\"}}],\"inLanguage\":\"fr-FR\"},{\"@type\":\"Organization\",\"@id\":\"https:\\\/\\\/wpe-encheres.com\\\/site\\\/#organization\",\"name\":\"wpe encheres\",\"url\":\"https:\\\/\\\/wpe-encheres.com\\\/site\\\/\",\"logo\":{\"@type\":\"ImageObject\",\"inLanguage\":\"fr-FR\",\"@id\":\"https:\\\/\\\/wpe-encheres.com\\\/site\\\/#\\\/schema\\\/logo\\\/image\\\/\",\"url\":\"https:\\\/\\\/wpe-encheres.com\\\/site\\\/wp-content\\\/uploads\\\/2025\\\/08\\\/wpe-encheres-logo.png\",\"contentUrl\":\"https:\\\/\\\/wpe-encheres.com\\\/site\\\/wp-content\\\/uploads\\\/2025\\\/08\\\/wpe-encheres-logo.png\",\"width\":300,\"height\":110,\"caption\":\"wpe encheres\"},\"image\":{\"@id\":\"https:\\\/\\\/wpe-encheres.com\\\/site\\\/#\\\/schema\\\/logo\\\/image\\\/\"}}]}<\/script>\n<!-- \/ Yoast SEO plugin. -->","yoast_head_json":{"title":"Fauteuil de r\u00e9union \u00e0 retour automatique design Eoos mod\u00e8le Filo Chair \u00e9dition Bene, assisse et dossier en resille de couleur noire, accoudoirs en polypropyl\u00e8ne de couleur noir, structure et pi\u00e8tement \u00e9toile \u00e0 4 branches sur patins en aluminium poli. Dim : 90 x 59 x 61 cm. 6 unit\u00e9s. Vendu \u00e0 l'unit\u00e9 avec facult\u00e9 de r\u00e9union. Localisation : 30 rue Beauregard - 60440 Nanteuil-le-Haudouin - wpe-encheres","robots":{"index":"index","follow":"follow","max-snippet":"max-snippet:-1","max-image-preview":"max-image-preview:large","max-video-preview":"max-video-preview:-1"},"canonical":"https:\/\/wpe-encheres.com\/site\/produit\/fauteuil-de-reunion-a-retour-automatique-design-eoos-modele-filo-chair-edition-bene-assisse-et-dossier-en-resille-de-couleur-noire-accoudoirs-en-polypropylene-de-couleur-noir-structure-et-pietement\/","og_locale":"fr_FR","og_type":"article","og_title":"Fauteuil de r\u00e9union \u00e0 retour automatique design Eoos mod\u00e8le Filo Chair \u00e9dition Bene, assisse et dossier en resille de couleur noire, accoudoirs en polypropyl\u00e8ne de couleur noir, structure et pi\u00e8tement \u00e9toile \u00e0 4 branches sur patins en aluminium poli. Dim : 90 x 59 x 61 cm. 6 unit\u00e9s. Vendu \u00e0 l'unit\u00e9 avec facult\u00e9 de r\u00e9union. Localisation : 30 rue Beauregard - 60440 Nanteuil-le-Haudouin - wpe-encheres","og_description":"Fauteuil de r\u00e9union \u00e0 retour automatique design Eoos mod\u00e8le Filo Chair \u00e9dition Bene, assisse et dossier en resille de couleur noire, accoudoirs en polypropyl\u00e8ne de couleur noir, structure et pi\u00e8tement \u00e9toile \u00e0 4 branches sur patins en aluminium poli. Dim : 90 x 59 x...","og_url":"https:\/\/wpe-encheres.com\/site\/produit\/fauteuil-de-reunion-a-retour-automatique-design-eoos-modele-filo-chair-edition-bene-assisse-et-dossier-en-resille-de-couleur-noire-accoudoirs-en-polypropylene-de-couleur-noir-structure-et-pietement\/","og_site_name":"wpe-encheres","og_image":[{"width":654,"height":908,"url":"https:\/\/wpe-encheres.com\/site\/wp-content\/uploads\/2026\/02\/698dd382185ea.jpg","type":"image\/jpeg"}],"twitter_card":"summary_large_image","schema":{"@context":"https:\/\/schema.org","@graph":[{"@type":"WebPage","@id":"https:\/\/wpe-encheres.com\/site\/produit\/fauteuil-de-reunion-a-retour-automatique-design-eoos-modele-filo-chair-edition-bene-assisse-et-dossier-en-resille-de-couleur-noire-accoudoirs-en-polypropylene-de-couleur-noir-structure-et-pietement\/","url":"https:\/\/wpe-encheres.com\/site\/produit\/fauteuil-de-reunion-a-retour-automatique-design-eoos-modele-filo-chair-edition-bene-assisse-et-dossier-en-resille-de-couleur-noire-accoudoirs-en-polypropylene-de-couleur-noir-structure-et-pietement\/","name":"Fauteuil de r\u00e9union \u00e0 retour automatique design Eoos mod\u00e8le Filo Chair \u00e9dition Bene, assisse et dossier en resille de couleur noire, accoudoirs en polypropyl\u00e8ne de couleur noir, structure et pi\u00e8tement \u00e9toile \u00e0 4 branches sur patins en aluminium poli. Dim : 90 x 59 x 61 cm. 6 unit\u00e9s. Vendu \u00e0 l'unit\u00e9 avec facult\u00e9 de r\u00e9union. Localisation : 30 rue Beauregard - 60440 Nanteuil-le-Haudouin - wpe-encheres","isPartOf":{"@id":"https:\/\/wpe-encheres.com\/site\/#website"},"primaryImageOfPage":{"@id":"https:\/\/wpe-encheres.com\/site\/produit\/fauteuil-de-reunion-a-retour-automatique-design-eoos-modele-filo-chair-edition-bene-assisse-et-dossier-en-resille-de-couleur-noire-accoudoirs-en-polypropylene-de-couleur-noir-structure-et-pietement\/#primaryimage"},"image":{"@id":"https:\/\/wpe-encheres.com\/site\/produit\/fauteuil-de-reunion-a-retour-automatique-design-eoos-modele-filo-chair-edition-bene-assisse-et-dossier-en-resille-de-couleur-noire-accoudoirs-en-polypropylene-de-couleur-noir-structure-et-pietement\/#primaryimage"},"thumbnailUrl":"https:\/\/wpe-encheres.com\/site\/wp-content\/uploads\/2026\/02\/698dd382185ea.jpg","datePublished":"2026-02-17T14:13:59+00:00","breadcrumb":{"@id":"https:\/\/wpe-encheres.com\/site\/produit\/fauteuil-de-reunion-a-retour-automatique-design-eoos-modele-filo-chair-edition-bene-assisse-et-dossier-en-resille-de-couleur-noire-accoudoirs-en-polypropylene-de-couleur-noir-structure-et-pietement\/#breadcrumb"},"inLanguage":"fr-FR","potentialAction":[{"@type":"ReadAction","target":["https:\/\/wpe-encheres.com\/site\/produit\/fauteuil-de-reunion-a-retour-automatique-design-eoos-modele-filo-chair-edition-bene-assisse-et-dossier-en-resille-de-couleur-noire-accoudoirs-en-polypropylene-de-couleur-noir-structure-et-pietement\/"]}]},{"@type":"ImageObject","inLanguage":"fr-FR","@id":"https:\/\/wpe-encheres.com\/site\/produit\/fauteuil-de-reunion-a-retour-automatique-design-eoos-modele-filo-chair-edition-bene-assisse-et-dossier-en-resille-de-couleur-noire-accoudoirs-en-polypropylene-de-couleur-noir-structure-et-pietement\/#primaryimage","url":"https:\/\/wpe-encheres.com\/site\/wp-content\/uploads\/2026\/02\/698dd382185ea.jpg","contentUrl":"https:\/\/wpe-encheres.com\/site\/wp-content\/uploads\/2026\/02\/698dd382185ea.jpg","width":654,"height":908},{"@type":"BreadcrumbList","@id":"https:\/\/wpe-encheres.com\/site\/produit\/fauteuil-de-reunion-a-retour-automatique-design-eoos-modele-filo-chair-edition-bene-assisse-et-dossier-en-resille-de-couleur-noire-accoudoirs-en-polypropylene-de-couleur-noir-structure-et-pietement\/#breadcrumb","itemListElement":[{"@type":"ListItem","position":1,"name":"Accueil","item":"https:\/\/wpe-encheres.com\/site\/"},{"@type":"ListItem","position":2,"name":"Boutique","item":"https:\/\/wpe-encheres.com\/site\/?page_id=22765"},{"@type":"ListItem","position":3,"name":"Fauteuil de r\u00e9union \u00e0 retour automatique design Eoos mod\u00e8le Filo Chair \u00e9dition Bene, assisse et dossier en resille de couleur noire, accoudoirs en polypropyl\u00e8ne de couleur noir, structure et pi\u00e8tement \u00e9toile \u00e0 4 branches sur patins en aluminium poli. Dim : 90 x 59 x 61 cm. 6 unit\u00e9s. Vendu \u00e0 l&rsquo;unit\u00e9 avec facult\u00e9 de r\u00e9union. Localisation : 30 rue Beauregard &#8211; 60440 Nanteuil-le-Haudouin"}]},{"@type":"WebSite","@id":"https:\/\/wpe-encheres.com\/site\/#website","url":"https:\/\/wpe-encheres.com\/site\/","name":"wpe-encheres","description":"","publisher":{"@id":"https:\/\/wpe-encheres.com\/site\/#organization"},"potentialAction":[{"@type":"SearchAction","target":{"@type":"EntryPoint","urlTemplate":"https:\/\/wpe-encheres.com\/site\/?s={search_term_string}"},"query-input":{"@type":"PropertyValueSpecification","valueRequired":true,"valueName":"search_term_string"}}],"inLanguage":"fr-FR"},{"@type":"Organization","@id":"https:\/\/wpe-encheres.com\/site\/#organization","name":"wpe encheres","url":"https:\/\/wpe-encheres.com\/site\/","logo":{"@type":"ImageObject","inLanguage":"fr-FR","@id":"https:\/\/wpe-encheres.com\/site\/#\/schema\/logo\/image\/","url":"https:\/\/wpe-encheres.com\/site\/wp-content\/uploads\/2025\/08\/wpe-encheres-logo.png","contentUrl":"https:\/\/wpe-encheres.com\/site\/wp-content\/uploads\/2025\/08\/wpe-encheres-logo.png","width":300,"height":110,"caption":"wpe encheres"},"image":{"@id":"https:\/\/wpe-encheres.com\/site\/#\/schema\/logo\/image\/"}}]}},"_links":{"self":[{"href":"https:\/\/wpe-encheres.com\/site\/wp-json\/wp\/v2\/product\/40591","targetHints":{"allow":["GET"]}}],"collection":[{"href":"https:\/\/wpe-encheres.com\/site\/wp-json\/wp\/v2\/product"}],"about":[{"href":"https:\/\/wpe-encheres.com\/site\/wp-json\/wp\/v2\/types\/product"}],"wp:featuredmedia":[{"embeddable":true,"href":"https:\/\/wpe-encheres.com\/site\/wp-json\/wp\/v2\/media\/40592"}],"wp:attachment":[{"href":"https:\/\/wpe-encheres.com\/site\/wp-json\/wp\/v2\/media?parent=40591"}],"wp:term":[{"taxonomy":"product_brand","embeddable":true,"href":"https:\/\/wpe-encheres.com\/site\/wp-json\/wp\/v2\/product_brand?post=40591"},{"taxonomy":"product_cat","embeddable":true,"href":"https:\/\/wpe-encheres.com\/site\/wp-json\/wp\/v2\/product_cat?post=40591"},{"taxonomy":"product_tag","embeddable":true,"href":"https:\/\/wpe-encheres.com\/site\/wp-json\/wp\/v2\/product_tag?post=40591"}],"curies":[{"name":"wp","href":"https:\/\/api.w.org\/{rel}","templated":true}]}}