{"id":40587,"date":"2026-02-17T15:13:47","date_gmt":"2026-02-17T14:13:47","guid":{"rendered":"https:\/\/wpe-encheres.com\/site\/produit\/suspension-design-form-us-with-love-modele-unfold-edition-muuto-en-caoutchouc-de-silicone-noir-grise-ou-jaune-hauteur-295-cm-diam-325-cm-17-unites-vendu-a-lunite-avec-faculte-de-reunion-adress-2\/"},"modified":"2026-02-17T15:13:55","modified_gmt":"2026-02-17T14:13:55","slug":"suspension-design-form-us-with-love-modele-unfold-edition-muuto-en-caoutchouc-de-silicone-noir-grise-ou-jaune-hauteur-295-cm-diam-325-cm-17-unites-vendu-a-lunite-avec-faculte-de-reunion-adress-2","status":"publish","type":"product","link":"https:\/\/wpe-encheres.com\/site\/produit\/suspension-design-form-us-with-love-modele-unfold-edition-muuto-en-caoutchouc-de-silicone-noir-grise-ou-jaune-hauteur-295-cm-diam-325-cm-17-unites-vendu-a-lunite-avec-faculte-de-reunion-adress-2\/","title":{"rendered":"Suspension design Form Us With Love mod\u00e8le Unfold \u00e9dition Muuto en caoutchouc de silicone noir, grise ou jaune. Hauteur 29,5 cm, diam 32,5 cm. 17 unit\u00e9s.Vendu \u00e0 l&rsquo;unit\u00e9 avec facult\u00e9 de r\u00e9union. Adresse de retrait : 30 rue Beauregard 60440 Nanteuil-le-Haudouin.\n\nGrise : 11 unit\u00e9s \nJaune : 4 unit\u00e9s \nNoir : 2 unit\u00e9s"},"content":{"rendered":"<p>Suspension design Form Us With Love mod\u00e8le Unfold \u00e9dition Muuto en caoutchouc de silicone noir, grise ou jaune. Hauteur 29,5 cm, diam 32,5 cm. 17 unit\u00e9s.Vendu \u00e0 l&rsquo;unit\u00e9 avec facult\u00e9 de r\u00e9union. Adresse de retrait : 30 rue Beauregard 60440 Nanteuil-le-Haudouin.<\/p>\n<p>Grise : 11 unit\u00e9s<br \/>\nJaune : 4 unit\u00e9s<br \/>\nNoir : 2 unit\u00e9s<\/p>\n","protected":false},"excerpt":{"rendered":"<p>Suspension design Form Us With Love mod\u00e8le Unfold \u00e9dition Muuto en caoutchouc de silicone noir, grise ou jaune. Hauteur 29,5 cm, diam 32,5 cm. 17 unit\u00e9s.Vendu \u00e0 l&rsquo;unit\u00e9 avec facult\u00e9 de r\u00e9union. Adresse de retrait : 30 rue Beauregard 60440 Nanteuil-le-Haudouin. Grise : 11 unit\u00e9s&#8230;<\/p>\n","protected":false},"featured_media":37969,"template":"","meta":{"_acf_changed":false},"product_brand":[],"product_cat":[33],"product_tag":[71],"class_list":{"0":"post-40587","1":"product","2":"type-product","3":"status-publish","4":"has-post-thumbnail","6":"product_cat-luminaires-et-eclairage","7":"product_tag-vente-24-fev-2026","9":"first","10":"instock","11":"product-type-simple"},"acf":[],"yoast_head":"<!-- This site is optimized with the Yoast SEO plugin v27.3 - https:\/\/yoast.com\/product\/yoast-seo-wordpress\/ -->\n<title>Suspension design Form Us With Love mod\u00e8le Unfold \u00e9dition Muuto en caoutchouc de silicone noir, grise ou jaune. Hauteur 29,5 cm, diam 32,5 cm. 17 unit\u00e9s.Vendu \u00e0 l&#039;unit\u00e9 avec facult\u00e9 de r\u00e9union. Adresse de retrait : 30 rue Beauregard 60440 Nanteuil-le-Haudouin. Grise : 11 unit\u00e9s Jaune : 4 unit\u00e9s Noir : 2 unit\u00e9s - wpe-encheres<\/title>\n<meta name=\"robots\" content=\"index, follow, max-snippet:-1, max-image-preview:large, max-video-preview:-1\" \/>\n<link rel=\"canonical\" href=\"https:\/\/wpe-encheres.com\/site\/produit\/suspension-design-form-us-with-love-modele-unfold-edition-muuto-en-caoutchouc-de-silicone-noir-grise-ou-jaune-hauteur-295-cm-diam-325-cm-17-unites-vendu-a-lunite-avec-faculte-de-reunion-adress-2\/\" \/>\n<meta property=\"og:locale\" content=\"fr_FR\" \/>\n<meta property=\"og:type\" content=\"article\" \/>\n<meta property=\"og:title\" content=\"Suspension design Form Us With Love mod\u00e8le Unfold \u00e9dition Muuto en caoutchouc de silicone noir, grise ou jaune. Hauteur 29,5 cm, diam 32,5 cm. 17 unit\u00e9s.Vendu \u00e0 l&#039;unit\u00e9 avec facult\u00e9 de r\u00e9union. Adresse de retrait : 30 rue Beauregard 60440 Nanteuil-le-Haudouin. Grise : 11 unit\u00e9s Jaune : 4 unit\u00e9s Noir : 2 unit\u00e9s - wpe-encheres\" \/>\n<meta property=\"og:description\" content=\"Suspension design Form Us With Love mod\u00e8le Unfold \u00e9dition Muuto en caoutchouc de silicone noir, grise ou jaune. Hauteur 29,5 cm, diam 32,5 cm. 17 unit\u00e9s.Vendu \u00e0 l&rsquo;unit\u00e9 avec facult\u00e9 de r\u00e9union. Adresse de retrait : 30 rue Beauregard 60440 Nanteuil-le-Haudouin. Grise : 11 unit\u00e9s...\" \/>\n<meta property=\"og:url\" content=\"https:\/\/wpe-encheres.com\/site\/produit\/suspension-design-form-us-with-love-modele-unfold-edition-muuto-en-caoutchouc-de-silicone-noir-grise-ou-jaune-hauteur-295-cm-diam-325-cm-17-unites-vendu-a-lunite-avec-faculte-de-reunion-adress-2\/\" \/>\n<meta property=\"og:site_name\" content=\"wpe-encheres\" \/>\n<meta property=\"article:modified_time\" content=\"2026-02-17T14:13:55+00:00\" \/>\n<meta property=\"og:image\" content=\"https:\/\/wpe-encheres.com\/site\/wp-content\/uploads\/2026\/01\/69528bf886006-1.jpg\" \/>\n\t<meta property=\"og:image:width\" content=\"768\" \/>\n\t<meta property=\"og:image:height\" content=\"452\" \/>\n\t<meta property=\"og:image:type\" content=\"image\/jpeg\" \/>\n<meta name=\"twitter:card\" content=\"summary_large_image\" \/>\n<script type=\"application\/ld+json\" class=\"yoast-schema-graph\">{\"@context\":\"https:\\\/\\\/schema.org\",\"@graph\":[{\"@type\":\"WebPage\",\"@id\":\"https:\\\/\\\/wpe-encheres.com\\\/site\\\/produit\\\/suspension-design-form-us-with-love-modele-unfold-edition-muuto-en-caoutchouc-de-silicone-noir-grise-ou-jaune-hauteur-295-cm-diam-325-cm-17-unites-vendu-a-lunite-avec-faculte-de-reunion-adress-2\\\/\",\"url\":\"https:\\\/\\\/wpe-encheres.com\\\/site\\\/produit\\\/suspension-design-form-us-with-love-modele-unfold-edition-muuto-en-caoutchouc-de-silicone-noir-grise-ou-jaune-hauteur-295-cm-diam-325-cm-17-unites-vendu-a-lunite-avec-faculte-de-reunion-adress-2\\\/\",\"name\":\"Suspension design Form Us With Love mod\u00e8le Unfold \u00e9dition Muuto en caoutchouc de silicone noir, grise ou jaune. Hauteur 29,5 cm, diam 32,5 cm. 17 unit\u00e9s.Vendu \u00e0 l'unit\u00e9 avec facult\u00e9 de r\u00e9union. Adresse de retrait : 30 rue Beauregard 60440 Nanteuil-le-Haudouin. Grise : 11 unit\u00e9s Jaune : 4 unit\u00e9s Noir : 2 unit\u00e9s - wpe-encheres\",\"isPartOf\":{\"@id\":\"https:\\\/\\\/wpe-encheres.com\\\/site\\\/#website\"},\"primaryImageOfPage\":{\"@id\":\"https:\\\/\\\/wpe-encheres.com\\\/site\\\/produit\\\/suspension-design-form-us-with-love-modele-unfold-edition-muuto-en-caoutchouc-de-silicone-noir-grise-ou-jaune-hauteur-295-cm-diam-325-cm-17-unites-vendu-a-lunite-avec-faculte-de-reunion-adress-2\\\/#primaryimage\"},\"image\":{\"@id\":\"https:\\\/\\\/wpe-encheres.com\\\/site\\\/produit\\\/suspension-design-form-us-with-love-modele-unfold-edition-muuto-en-caoutchouc-de-silicone-noir-grise-ou-jaune-hauteur-295-cm-diam-325-cm-17-unites-vendu-a-lunite-avec-faculte-de-reunion-adress-2\\\/#primaryimage\"},\"thumbnailUrl\":\"https:\\\/\\\/wpe-encheres.com\\\/site\\\/wp-content\\\/uploads\\\/2026\\\/01\\\/69528bf886006-1.jpg\",\"datePublished\":\"2026-02-17T14:13:47+00:00\",\"dateModified\":\"2026-02-17T14:13:55+00:00\",\"breadcrumb\":{\"@id\":\"https:\\\/\\\/wpe-encheres.com\\\/site\\\/produit\\\/suspension-design-form-us-with-love-modele-unfold-edition-muuto-en-caoutchouc-de-silicone-noir-grise-ou-jaune-hauteur-295-cm-diam-325-cm-17-unites-vendu-a-lunite-avec-faculte-de-reunion-adress-2\\\/#breadcrumb\"},\"inLanguage\":\"fr-FR\",\"potentialAction\":[{\"@type\":\"ReadAction\",\"target\":[\"https:\\\/\\\/wpe-encheres.com\\\/site\\\/produit\\\/suspension-design-form-us-with-love-modele-unfold-edition-muuto-en-caoutchouc-de-silicone-noir-grise-ou-jaune-hauteur-295-cm-diam-325-cm-17-unites-vendu-a-lunite-avec-faculte-de-reunion-adress-2\\\/\"]}]},{\"@type\":\"ImageObject\",\"inLanguage\":\"fr-FR\",\"@id\":\"https:\\\/\\\/wpe-encheres.com\\\/site\\\/produit\\\/suspension-design-form-us-with-love-modele-unfold-edition-muuto-en-caoutchouc-de-silicone-noir-grise-ou-jaune-hauteur-295-cm-diam-325-cm-17-unites-vendu-a-lunite-avec-faculte-de-reunion-adress-2\\\/#primaryimage\",\"url\":\"https:\\\/\\\/wpe-encheres.com\\\/site\\\/wp-content\\\/uploads\\\/2026\\\/01\\\/69528bf886006-1.jpg\",\"contentUrl\":\"https:\\\/\\\/wpe-encheres.com\\\/site\\\/wp-content\\\/uploads\\\/2026\\\/01\\\/69528bf886006-1.jpg\",\"width\":768,\"height\":452},{\"@type\":\"BreadcrumbList\",\"@id\":\"https:\\\/\\\/wpe-encheres.com\\\/site\\\/produit\\\/suspension-design-form-us-with-love-modele-unfold-edition-muuto-en-caoutchouc-de-silicone-noir-grise-ou-jaune-hauteur-295-cm-diam-325-cm-17-unites-vendu-a-lunite-avec-faculte-de-reunion-adress-2\\\/#breadcrumb\",\"itemListElement\":[{\"@type\":\"ListItem\",\"position\":1,\"name\":\"Accueil\",\"item\":\"https:\\\/\\\/wpe-encheres.com\\\/site\\\/\"},{\"@type\":\"ListItem\",\"position\":2,\"name\":\"Boutique\",\"item\":\"https:\\\/\\\/wpe-encheres.com\\\/site\\\/?page_id=22765\"},{\"@type\":\"ListItem\",\"position\":3,\"name\":\"Suspension design Form Us With Love mod\u00e8le Unfold \u00e9dition Muuto en caoutchouc de silicone noir, grise ou jaune. Hauteur 29,5 cm, diam 32,5 cm. 17 unit\u00e9s.Vendu \u00e0 l&rsquo;unit\u00e9 avec facult\u00e9 de r\u00e9union. Adresse de retrait : 30 rue Beauregard 60440 Nanteuil-le-Haudouin. Grise : 11 unit\u00e9s Jaune : 4 unit\u00e9s Noir : 2 unit\u00e9s\"}]},{\"@type\":\"WebSite\",\"@id\":\"https:\\\/\\\/wpe-encheres.com\\\/site\\\/#website\",\"url\":\"https:\\\/\\\/wpe-encheres.com\\\/site\\\/\",\"name\":\"wpe-encheres\",\"description\":\"\",\"publisher\":{\"@id\":\"https:\\\/\\\/wpe-encheres.com\\\/site\\\/#organization\"},\"potentialAction\":[{\"@type\":\"SearchAction\",\"target\":{\"@type\":\"EntryPoint\",\"urlTemplate\":\"https:\\\/\\\/wpe-encheres.com\\\/site\\\/?s={search_term_string}\"},\"query-input\":{\"@type\":\"PropertyValueSpecification\",\"valueRequired\":true,\"valueName\":\"search_term_string\"}}],\"inLanguage\":\"fr-FR\"},{\"@type\":\"Organization\",\"@id\":\"https:\\\/\\\/wpe-encheres.com\\\/site\\\/#organization\",\"name\":\"wpe encheres\",\"url\":\"https:\\\/\\\/wpe-encheres.com\\\/site\\\/\",\"logo\":{\"@type\":\"ImageObject\",\"inLanguage\":\"fr-FR\",\"@id\":\"https:\\\/\\\/wpe-encheres.com\\\/site\\\/#\\\/schema\\\/logo\\\/image\\\/\",\"url\":\"https:\\\/\\\/wpe-encheres.com\\\/site\\\/wp-content\\\/uploads\\\/2025\\\/08\\\/wpe-encheres-logo.png\",\"contentUrl\":\"https:\\\/\\\/wpe-encheres.com\\\/site\\\/wp-content\\\/uploads\\\/2025\\\/08\\\/wpe-encheres-logo.png\",\"width\":300,\"height\":110,\"caption\":\"wpe encheres\"},\"image\":{\"@id\":\"https:\\\/\\\/wpe-encheres.com\\\/site\\\/#\\\/schema\\\/logo\\\/image\\\/\"}}]}<\/script>\n<!-- \/ Yoast SEO plugin. -->","yoast_head_json":{"title":"Suspension design Form Us With Love mod\u00e8le Unfold \u00e9dition Muuto en caoutchouc de silicone noir, grise ou jaune. Hauteur 29,5 cm, diam 32,5 cm. 17 unit\u00e9s.Vendu \u00e0 l'unit\u00e9 avec facult\u00e9 de r\u00e9union. Adresse de retrait : 30 rue Beauregard 60440 Nanteuil-le-Haudouin. Grise : 11 unit\u00e9s Jaune : 4 unit\u00e9s Noir : 2 unit\u00e9s - wpe-encheres","robots":{"index":"index","follow":"follow","max-snippet":"max-snippet:-1","max-image-preview":"max-image-preview:large","max-video-preview":"max-video-preview:-1"},"canonical":"https:\/\/wpe-encheres.com\/site\/produit\/suspension-design-form-us-with-love-modele-unfold-edition-muuto-en-caoutchouc-de-silicone-noir-grise-ou-jaune-hauteur-295-cm-diam-325-cm-17-unites-vendu-a-lunite-avec-faculte-de-reunion-adress-2\/","og_locale":"fr_FR","og_type":"article","og_title":"Suspension design Form Us With Love mod\u00e8le Unfold \u00e9dition Muuto en caoutchouc de silicone noir, grise ou jaune. Hauteur 29,5 cm, diam 32,5 cm. 17 unit\u00e9s.Vendu \u00e0 l'unit\u00e9 avec facult\u00e9 de r\u00e9union. Adresse de retrait : 30 rue Beauregard 60440 Nanteuil-le-Haudouin. Grise : 11 unit\u00e9s Jaune : 4 unit\u00e9s Noir : 2 unit\u00e9s - wpe-encheres","og_description":"Suspension design Form Us With Love mod\u00e8le Unfold \u00e9dition Muuto en caoutchouc de silicone noir, grise ou jaune. Hauteur 29,5 cm, diam 32,5 cm. 17 unit\u00e9s.Vendu \u00e0 l&rsquo;unit\u00e9 avec facult\u00e9 de r\u00e9union. Adresse de retrait : 30 rue Beauregard 60440 Nanteuil-le-Haudouin. Grise : 11 unit\u00e9s...","og_url":"https:\/\/wpe-encheres.com\/site\/produit\/suspension-design-form-us-with-love-modele-unfold-edition-muuto-en-caoutchouc-de-silicone-noir-grise-ou-jaune-hauteur-295-cm-diam-325-cm-17-unites-vendu-a-lunite-avec-faculte-de-reunion-adress-2\/","og_site_name":"wpe-encheres","article_modified_time":"2026-02-17T14:13:55+00:00","og_image":[{"width":768,"height":452,"url":"https:\/\/wpe-encheres.com\/site\/wp-content\/uploads\/2026\/01\/69528bf886006-1.jpg","type":"image\/jpeg"}],"twitter_card":"summary_large_image","schema":{"@context":"https:\/\/schema.org","@graph":[{"@type":"WebPage","@id":"https:\/\/wpe-encheres.com\/site\/produit\/suspension-design-form-us-with-love-modele-unfold-edition-muuto-en-caoutchouc-de-silicone-noir-grise-ou-jaune-hauteur-295-cm-diam-325-cm-17-unites-vendu-a-lunite-avec-faculte-de-reunion-adress-2\/","url":"https:\/\/wpe-encheres.com\/site\/produit\/suspension-design-form-us-with-love-modele-unfold-edition-muuto-en-caoutchouc-de-silicone-noir-grise-ou-jaune-hauteur-295-cm-diam-325-cm-17-unites-vendu-a-lunite-avec-faculte-de-reunion-adress-2\/","name":"Suspension design Form Us With Love mod\u00e8le Unfold \u00e9dition Muuto en caoutchouc de silicone noir, grise ou jaune. Hauteur 29,5 cm, diam 32,5 cm. 17 unit\u00e9s.Vendu \u00e0 l'unit\u00e9 avec facult\u00e9 de r\u00e9union. Adresse de retrait : 30 rue Beauregard 60440 Nanteuil-le-Haudouin. Grise : 11 unit\u00e9s Jaune : 4 unit\u00e9s Noir : 2 unit\u00e9s - wpe-encheres","isPartOf":{"@id":"https:\/\/wpe-encheres.com\/site\/#website"},"primaryImageOfPage":{"@id":"https:\/\/wpe-encheres.com\/site\/produit\/suspension-design-form-us-with-love-modele-unfold-edition-muuto-en-caoutchouc-de-silicone-noir-grise-ou-jaune-hauteur-295-cm-diam-325-cm-17-unites-vendu-a-lunite-avec-faculte-de-reunion-adress-2\/#primaryimage"},"image":{"@id":"https:\/\/wpe-encheres.com\/site\/produit\/suspension-design-form-us-with-love-modele-unfold-edition-muuto-en-caoutchouc-de-silicone-noir-grise-ou-jaune-hauteur-295-cm-diam-325-cm-17-unites-vendu-a-lunite-avec-faculte-de-reunion-adress-2\/#primaryimage"},"thumbnailUrl":"https:\/\/wpe-encheres.com\/site\/wp-content\/uploads\/2026\/01\/69528bf886006-1.jpg","datePublished":"2026-02-17T14:13:47+00:00","dateModified":"2026-02-17T14:13:55+00:00","breadcrumb":{"@id":"https:\/\/wpe-encheres.com\/site\/produit\/suspension-design-form-us-with-love-modele-unfold-edition-muuto-en-caoutchouc-de-silicone-noir-grise-ou-jaune-hauteur-295-cm-diam-325-cm-17-unites-vendu-a-lunite-avec-faculte-de-reunion-adress-2\/#breadcrumb"},"inLanguage":"fr-FR","potentialAction":[{"@type":"ReadAction","target":["https:\/\/wpe-encheres.com\/site\/produit\/suspension-design-form-us-with-love-modele-unfold-edition-muuto-en-caoutchouc-de-silicone-noir-grise-ou-jaune-hauteur-295-cm-diam-325-cm-17-unites-vendu-a-lunite-avec-faculte-de-reunion-adress-2\/"]}]},{"@type":"ImageObject","inLanguage":"fr-FR","@id":"https:\/\/wpe-encheres.com\/site\/produit\/suspension-design-form-us-with-love-modele-unfold-edition-muuto-en-caoutchouc-de-silicone-noir-grise-ou-jaune-hauteur-295-cm-diam-325-cm-17-unites-vendu-a-lunite-avec-faculte-de-reunion-adress-2\/#primaryimage","url":"https:\/\/wpe-encheres.com\/site\/wp-content\/uploads\/2026\/01\/69528bf886006-1.jpg","contentUrl":"https:\/\/wpe-encheres.com\/site\/wp-content\/uploads\/2026\/01\/69528bf886006-1.jpg","width":768,"height":452},{"@type":"BreadcrumbList","@id":"https:\/\/wpe-encheres.com\/site\/produit\/suspension-design-form-us-with-love-modele-unfold-edition-muuto-en-caoutchouc-de-silicone-noir-grise-ou-jaune-hauteur-295-cm-diam-325-cm-17-unites-vendu-a-lunite-avec-faculte-de-reunion-adress-2\/#breadcrumb","itemListElement":[{"@type":"ListItem","position":1,"name":"Accueil","item":"https:\/\/wpe-encheres.com\/site\/"},{"@type":"ListItem","position":2,"name":"Boutique","item":"https:\/\/wpe-encheres.com\/site\/?page_id=22765"},{"@type":"ListItem","position":3,"name":"Suspension design Form Us With Love mod\u00e8le Unfold \u00e9dition Muuto en caoutchouc de silicone noir, grise ou jaune. Hauteur 29,5 cm, diam 32,5 cm. 17 unit\u00e9s.Vendu \u00e0 l&rsquo;unit\u00e9 avec facult\u00e9 de r\u00e9union. Adresse de retrait : 30 rue Beauregard 60440 Nanteuil-le-Haudouin. Grise : 11 unit\u00e9s Jaune : 4 unit\u00e9s Noir : 2 unit\u00e9s"}]},{"@type":"WebSite","@id":"https:\/\/wpe-encheres.com\/site\/#website","url":"https:\/\/wpe-encheres.com\/site\/","name":"wpe-encheres","description":"","publisher":{"@id":"https:\/\/wpe-encheres.com\/site\/#organization"},"potentialAction":[{"@type":"SearchAction","target":{"@type":"EntryPoint","urlTemplate":"https:\/\/wpe-encheres.com\/site\/?s={search_term_string}"},"query-input":{"@type":"PropertyValueSpecification","valueRequired":true,"valueName":"search_term_string"}}],"inLanguage":"fr-FR"},{"@type":"Organization","@id":"https:\/\/wpe-encheres.com\/site\/#organization","name":"wpe encheres","url":"https:\/\/wpe-encheres.com\/site\/","logo":{"@type":"ImageObject","inLanguage":"fr-FR","@id":"https:\/\/wpe-encheres.com\/site\/#\/schema\/logo\/image\/","url":"https:\/\/wpe-encheres.com\/site\/wp-content\/uploads\/2025\/08\/wpe-encheres-logo.png","contentUrl":"https:\/\/wpe-encheres.com\/site\/wp-content\/uploads\/2025\/08\/wpe-encheres-logo.png","width":300,"height":110,"caption":"wpe encheres"},"image":{"@id":"https:\/\/wpe-encheres.com\/site\/#\/schema\/logo\/image\/"}}]}},"_links":{"self":[{"href":"https:\/\/wpe-encheres.com\/site\/wp-json\/wp\/v2\/product\/40587","targetHints":{"allow":["GET"]}}],"collection":[{"href":"https:\/\/wpe-encheres.com\/site\/wp-json\/wp\/v2\/product"}],"about":[{"href":"https:\/\/wpe-encheres.com\/site\/wp-json\/wp\/v2\/types\/product"}],"wp:featuredmedia":[{"embeddable":true,"href":"https:\/\/wpe-encheres.com\/site\/wp-json\/wp\/v2\/media\/37969"}],"wp:attachment":[{"href":"https:\/\/wpe-encheres.com\/site\/wp-json\/wp\/v2\/media?parent=40587"}],"wp:term":[{"taxonomy":"product_brand","embeddable":true,"href":"https:\/\/wpe-encheres.com\/site\/wp-json\/wp\/v2\/product_brand?post=40587"},{"taxonomy":"product_cat","embeddable":true,"href":"https:\/\/wpe-encheres.com\/site\/wp-json\/wp\/v2\/product_cat?post=40587"},{"taxonomy":"product_tag","embeddable":true,"href":"https:\/\/wpe-encheres.com\/site\/wp-json\/wp\/v2\/product_tag?post=40587"}],"curies":[{"name":"wp","href":"https:\/\/api.w.org\/{rel}","templated":true}]}}