{"id":40049,"date":"2026-02-06T16:45:07","date_gmt":"2026-02-06T15:45:07","guid":{"rendered":"https:\/\/wpe-encheres.com\/site\/produit\/table-haute-plateau-en-bois-de-couleur-blanc-avec-prises-electriques-et-deux-lampes-orientables-de-couleur-noir-mat-pietement-en-metal-de-couleur-noir-dim-110-x-250-x-100-cm-7-unites-au-total\/"},"modified":"2026-02-10T20:25:21","modified_gmt":"2026-02-10T19:25:21","slug":"table-haute-plateau-en-bois-de-couleur-blanc-avec-prises-electriques-et-deux-lampes-orientables-de-couleur-noir-mat-pietement-en-metal-de-couleur-noir-dim-110-x-250-x-100-cm-7-unites-au-total","status":"publish","type":"product","link":"https:\/\/wpe-encheres.com\/site\/produit\/table-haute-plateau-en-bois-de-couleur-blanc-avec-prises-electriques-et-deux-lampes-orientables-de-couleur-noir-mat-pietement-en-metal-de-couleur-noir-dim-110-x-250-x-100-cm-7-unites-au-total\/","title":{"rendered":"Table haute, plateau en bois de couleur blanc avec prises \u00e9lectriques et deux lampes orientables de couleur noir mat, pi\u00e9tement en m\u00e9tal de couleur noir. Dim : 110 x 250 x 100 cm. 7 UNIT\u00c9S AU TOTAL. (\u00e9tiquette 5046)\n\n5\u00e8me \u00e9tage petit salon c\u00f4t\u00e9 rouge : 1 unit\u00e9 \n5\u00e8me \u00e9tage open-space vert : 2 unit\u00e9s \n3\u00e8me \u00e9tage salle de r\u00e9union \u00e0 l&rsquo;entr\u00e9e : 1 unit\u00e9 \n2\u00e8me \u00e9tage bureau manager open-space rouge : 2 unit\u00e9s \n2\u00e8me \u00e9tage bureau open-space vert : 1 unit\u00e9"},"content":{"rendered":"<p>Table haute, plateau en bois de couleur blanc avec prises \u00e9lectriques et deux lampes orientables de couleur noir mat, pi\u00e9tement en m\u00e9tal de couleur noir. Dim : 110 x 250 x 100 cm. 7 UNIT\u00c9S AU TOTAL. (\u00e9tiquette 5046)<\/p>\n<p>5\u00e8me \u00e9tage petit salon c\u00f4t\u00e9 rouge : 1 unit\u00e9<br \/>\n5\u00e8me \u00e9tage open-space vert : 2 unit\u00e9s<br \/>\n3\u00e8me \u00e9tage salle de r\u00e9union \u00e0 l&rsquo;entr\u00e9e : 1 unit\u00e9<br \/>\n2\u00e8me \u00e9tage bureau manager open-space rouge : 2 unit\u00e9s<br \/>\n2\u00e8me \u00e9tage bureau open-space vert : 1 unit\u00e9<\/p>\n","protected":false},"excerpt":{"rendered":"<p>Table haute, plateau en bois de couleur blanc avec prises \u00e9lectriques et deux lampes orientables de couleur noir mat, pi\u00e9tement en m\u00e9tal de couleur noir. Dim : 110 x 250 x 100 cm. 7 UNIT\u00c9S AU TOTAL. (\u00e9tiquette 5046) 5\u00e8me \u00e9tage petit salon c\u00f4t\u00e9 rouge&#8230;<\/p>\n","protected":false},"featured_media":40050,"template":"","meta":{"_acf_changed":false},"product_brand":[],"product_cat":[24],"product_tag":[70],"class_list":{"0":"post-40049","1":"product","2":"type-product","3":"status-publish","4":"has-post-thumbnail","6":"product_cat-mobilier-de-bureau-equipement-du-bureau","7":"product_tag-vente-privee-fev2026","9":"first","10":"instock","11":"product-type-simple"},"acf":[],"yoast_head":"<!-- This site is optimized with the Yoast SEO plugin v27.3 - https:\/\/yoast.com\/product\/yoast-seo-wordpress\/ -->\n<title>Table haute, plateau en bois de couleur blanc avec prises \u00e9lectriques et deux lampes orientables de couleur noir mat, pi\u00e9tement en m\u00e9tal de couleur noir. Dim : 110 x 250 x 100 cm. 7 UNIT\u00c9S AU TOTAL. (\u00e9tiquette 5046) 5\u00e8me \u00e9tage petit salon c\u00f4t\u00e9 rouge : 1 unit\u00e9 5\u00e8me \u00e9tage open-space vert : 2 unit\u00e9s 3\u00e8me \u00e9tage salle de r\u00e9union \u00e0 l&#039;entr\u00e9e : 1 unit\u00e9 2\u00e8me \u00e9tage bureau manager open-space rouge : 2 unit\u00e9s 2\u00e8me \u00e9tage bureau open-space vert : 1 unit\u00e9 - wpe-encheres<\/title>\n<meta name=\"robots\" content=\"index, follow, max-snippet:-1, max-image-preview:large, max-video-preview:-1\" \/>\n<link rel=\"canonical\" href=\"https:\/\/wpe-encheres.com\/site\/produit\/table-haute-plateau-en-bois-de-couleur-blanc-avec-prises-electriques-et-deux-lampes-orientables-de-couleur-noir-mat-pietement-en-metal-de-couleur-noir-dim-110-x-250-x-100-cm-7-unites-au-total\/\" \/>\n<meta property=\"og:locale\" content=\"fr_FR\" \/>\n<meta property=\"og:type\" content=\"article\" \/>\n<meta property=\"og:title\" content=\"Table haute, plateau en bois de couleur blanc avec prises \u00e9lectriques et deux lampes orientables de couleur noir mat, pi\u00e9tement en m\u00e9tal de couleur noir. Dim : 110 x 250 x 100 cm. 7 UNIT\u00c9S AU TOTAL. (\u00e9tiquette 5046) 5\u00e8me \u00e9tage petit salon c\u00f4t\u00e9 rouge : 1 unit\u00e9 5\u00e8me \u00e9tage open-space vert : 2 unit\u00e9s 3\u00e8me \u00e9tage salle de r\u00e9union \u00e0 l&#039;entr\u00e9e : 1 unit\u00e9 2\u00e8me \u00e9tage bureau manager open-space rouge : 2 unit\u00e9s 2\u00e8me \u00e9tage bureau open-space vert : 1 unit\u00e9 - wpe-encheres\" \/>\n<meta property=\"og:description\" content=\"Table haute, plateau en bois de couleur blanc avec prises \u00e9lectriques et deux lampes orientables de couleur noir mat, pi\u00e9tement en m\u00e9tal de couleur noir. Dim : 110 x 250 x 100 cm. 7 UNIT\u00c9S AU TOTAL. (\u00e9tiquette 5046) 5\u00e8me \u00e9tage petit salon c\u00f4t\u00e9 rouge...\" \/>\n<meta property=\"og:url\" content=\"https:\/\/wpe-encheres.com\/site\/produit\/table-haute-plateau-en-bois-de-couleur-blanc-avec-prises-electriques-et-deux-lampes-orientables-de-couleur-noir-mat-pietement-en-metal-de-couleur-noir-dim-110-x-250-x-100-cm-7-unites-au-total\/\" \/>\n<meta property=\"og:site_name\" content=\"wpe-encheres\" \/>\n<meta property=\"article:modified_time\" content=\"2026-02-10T19:25:21+00:00\" \/>\n<meta property=\"og:image\" content=\"https:\/\/wpe-encheres.com\/site\/wp-content\/uploads\/2026\/02\/6985d31616f9b.jpg\" \/>\n\t<meta property=\"og:image:width\" content=\"902\" \/>\n\t<meta property=\"og:image:height\" content=\"752\" \/>\n\t<meta property=\"og:image:type\" content=\"image\/jpeg\" \/>\n<meta name=\"twitter:card\" content=\"summary_large_image\" \/>\n<script type=\"application\/ld+json\" class=\"yoast-schema-graph\">{\"@context\":\"https:\\\/\\\/schema.org\",\"@graph\":[{\"@type\":\"WebPage\",\"@id\":\"https:\\\/\\\/wpe-encheres.com\\\/site\\\/produit\\\/table-haute-plateau-en-bois-de-couleur-blanc-avec-prises-electriques-et-deux-lampes-orientables-de-couleur-noir-mat-pietement-en-metal-de-couleur-noir-dim-110-x-250-x-100-cm-7-unites-au-total\\\/\",\"url\":\"https:\\\/\\\/wpe-encheres.com\\\/site\\\/produit\\\/table-haute-plateau-en-bois-de-couleur-blanc-avec-prises-electriques-et-deux-lampes-orientables-de-couleur-noir-mat-pietement-en-metal-de-couleur-noir-dim-110-x-250-x-100-cm-7-unites-au-total\\\/\",\"name\":\"Table haute, plateau en bois de couleur blanc avec prises \u00e9lectriques et deux lampes orientables de couleur noir mat, pi\u00e9tement en m\u00e9tal de couleur noir. Dim : 110 x 250 x 100 cm. 7 UNIT\u00c9S AU TOTAL. (\u00e9tiquette 5046) 5\u00e8me \u00e9tage petit salon c\u00f4t\u00e9 rouge : 1 unit\u00e9 5\u00e8me \u00e9tage open-space vert : 2 unit\u00e9s 3\u00e8me \u00e9tage salle de r\u00e9union \u00e0 l'entr\u00e9e : 1 unit\u00e9 2\u00e8me \u00e9tage bureau manager open-space rouge : 2 unit\u00e9s 2\u00e8me \u00e9tage bureau open-space vert : 1 unit\u00e9 - wpe-encheres\",\"isPartOf\":{\"@id\":\"https:\\\/\\\/wpe-encheres.com\\\/site\\\/#website\"},\"primaryImageOfPage\":{\"@id\":\"https:\\\/\\\/wpe-encheres.com\\\/site\\\/produit\\\/table-haute-plateau-en-bois-de-couleur-blanc-avec-prises-electriques-et-deux-lampes-orientables-de-couleur-noir-mat-pietement-en-metal-de-couleur-noir-dim-110-x-250-x-100-cm-7-unites-au-total\\\/#primaryimage\"},\"image\":{\"@id\":\"https:\\\/\\\/wpe-encheres.com\\\/site\\\/produit\\\/table-haute-plateau-en-bois-de-couleur-blanc-avec-prises-electriques-et-deux-lampes-orientables-de-couleur-noir-mat-pietement-en-metal-de-couleur-noir-dim-110-x-250-x-100-cm-7-unites-au-total\\\/#primaryimage\"},\"thumbnailUrl\":\"https:\\\/\\\/wpe-encheres.com\\\/site\\\/wp-content\\\/uploads\\\/2026\\\/02\\\/6985d31616f9b.jpg\",\"datePublished\":\"2026-02-06T15:45:07+00:00\",\"dateModified\":\"2026-02-10T19:25:21+00:00\",\"breadcrumb\":{\"@id\":\"https:\\\/\\\/wpe-encheres.com\\\/site\\\/produit\\\/table-haute-plateau-en-bois-de-couleur-blanc-avec-prises-electriques-et-deux-lampes-orientables-de-couleur-noir-mat-pietement-en-metal-de-couleur-noir-dim-110-x-250-x-100-cm-7-unites-au-total\\\/#breadcrumb\"},\"inLanguage\":\"fr-FR\",\"potentialAction\":[{\"@type\":\"ReadAction\",\"target\":[\"https:\\\/\\\/wpe-encheres.com\\\/site\\\/produit\\\/table-haute-plateau-en-bois-de-couleur-blanc-avec-prises-electriques-et-deux-lampes-orientables-de-couleur-noir-mat-pietement-en-metal-de-couleur-noir-dim-110-x-250-x-100-cm-7-unites-au-total\\\/\"]}]},{\"@type\":\"ImageObject\",\"inLanguage\":\"fr-FR\",\"@id\":\"https:\\\/\\\/wpe-encheres.com\\\/site\\\/produit\\\/table-haute-plateau-en-bois-de-couleur-blanc-avec-prises-electriques-et-deux-lampes-orientables-de-couleur-noir-mat-pietement-en-metal-de-couleur-noir-dim-110-x-250-x-100-cm-7-unites-au-total\\\/#primaryimage\",\"url\":\"https:\\\/\\\/wpe-encheres.com\\\/site\\\/wp-content\\\/uploads\\\/2026\\\/02\\\/6985d31616f9b.jpg\",\"contentUrl\":\"https:\\\/\\\/wpe-encheres.com\\\/site\\\/wp-content\\\/uploads\\\/2026\\\/02\\\/6985d31616f9b.jpg\",\"width\":902,\"height\":752},{\"@type\":\"BreadcrumbList\",\"@id\":\"https:\\\/\\\/wpe-encheres.com\\\/site\\\/produit\\\/table-haute-plateau-en-bois-de-couleur-blanc-avec-prises-electriques-et-deux-lampes-orientables-de-couleur-noir-mat-pietement-en-metal-de-couleur-noir-dim-110-x-250-x-100-cm-7-unites-au-total\\\/#breadcrumb\",\"itemListElement\":[{\"@type\":\"ListItem\",\"position\":1,\"name\":\"Accueil\",\"item\":\"https:\\\/\\\/wpe-encheres.com\\\/site\\\/\"},{\"@type\":\"ListItem\",\"position\":2,\"name\":\"Boutique\",\"item\":\"https:\\\/\\\/wpe-encheres.com\\\/site\\\/?page_id=22765\"},{\"@type\":\"ListItem\",\"position\":3,\"name\":\"Table haute, plateau en bois de couleur blanc avec prises \u00e9lectriques et deux lampes orientables de couleur noir mat, pi\u00e9tement en m\u00e9tal de couleur noir. Dim : 110 x 250 x 100 cm. 7 UNIT\u00c9S AU TOTAL. (\u00e9tiquette 5046) 5\u00e8me \u00e9tage petit salon c\u00f4t\u00e9 rouge : 1 unit\u00e9 5\u00e8me \u00e9tage open-space vert : 2 unit\u00e9s 3\u00e8me \u00e9tage salle de r\u00e9union \u00e0 l&rsquo;entr\u00e9e : 1 unit\u00e9 2\u00e8me \u00e9tage bureau manager open-space rouge : 2 unit\u00e9s 2\u00e8me \u00e9tage bureau open-space vert : 1 unit\u00e9\"}]},{\"@type\":\"WebSite\",\"@id\":\"https:\\\/\\\/wpe-encheres.com\\\/site\\\/#website\",\"url\":\"https:\\\/\\\/wpe-encheres.com\\\/site\\\/\",\"name\":\"wpe-encheres\",\"description\":\"\",\"publisher\":{\"@id\":\"https:\\\/\\\/wpe-encheres.com\\\/site\\\/#organization\"},\"potentialAction\":[{\"@type\":\"SearchAction\",\"target\":{\"@type\":\"EntryPoint\",\"urlTemplate\":\"https:\\\/\\\/wpe-encheres.com\\\/site\\\/?s={search_term_string}\"},\"query-input\":{\"@type\":\"PropertyValueSpecification\",\"valueRequired\":true,\"valueName\":\"search_term_string\"}}],\"inLanguage\":\"fr-FR\"},{\"@type\":\"Organization\",\"@id\":\"https:\\\/\\\/wpe-encheres.com\\\/site\\\/#organization\",\"name\":\"wpe encheres\",\"url\":\"https:\\\/\\\/wpe-encheres.com\\\/site\\\/\",\"logo\":{\"@type\":\"ImageObject\",\"inLanguage\":\"fr-FR\",\"@id\":\"https:\\\/\\\/wpe-encheres.com\\\/site\\\/#\\\/schema\\\/logo\\\/image\\\/\",\"url\":\"https:\\\/\\\/wpe-encheres.com\\\/site\\\/wp-content\\\/uploads\\\/2025\\\/08\\\/wpe-encheres-logo.png\",\"contentUrl\":\"https:\\\/\\\/wpe-encheres.com\\\/site\\\/wp-content\\\/uploads\\\/2025\\\/08\\\/wpe-encheres-logo.png\",\"width\":300,\"height\":110,\"caption\":\"wpe encheres\"},\"image\":{\"@id\":\"https:\\\/\\\/wpe-encheres.com\\\/site\\\/#\\\/schema\\\/logo\\\/image\\\/\"}}]}<\/script>\n<!-- \/ Yoast SEO plugin. -->","yoast_head_json":{"title":"Table haute, plateau en bois de couleur blanc avec prises \u00e9lectriques et deux lampes orientables de couleur noir mat, pi\u00e9tement en m\u00e9tal de couleur noir. Dim : 110 x 250 x 100 cm. 7 UNIT\u00c9S AU TOTAL. (\u00e9tiquette 5046) 5\u00e8me \u00e9tage petit salon c\u00f4t\u00e9 rouge : 1 unit\u00e9 5\u00e8me \u00e9tage open-space vert : 2 unit\u00e9s 3\u00e8me \u00e9tage salle de r\u00e9union \u00e0 l'entr\u00e9e : 1 unit\u00e9 2\u00e8me \u00e9tage bureau manager open-space rouge : 2 unit\u00e9s 2\u00e8me \u00e9tage bureau open-space vert : 1 unit\u00e9 - wpe-encheres","robots":{"index":"index","follow":"follow","max-snippet":"max-snippet:-1","max-image-preview":"max-image-preview:large","max-video-preview":"max-video-preview:-1"},"canonical":"https:\/\/wpe-encheres.com\/site\/produit\/table-haute-plateau-en-bois-de-couleur-blanc-avec-prises-electriques-et-deux-lampes-orientables-de-couleur-noir-mat-pietement-en-metal-de-couleur-noir-dim-110-x-250-x-100-cm-7-unites-au-total\/","og_locale":"fr_FR","og_type":"article","og_title":"Table haute, plateau en bois de couleur blanc avec prises \u00e9lectriques et deux lampes orientables de couleur noir mat, pi\u00e9tement en m\u00e9tal de couleur noir. Dim : 110 x 250 x 100 cm. 7 UNIT\u00c9S AU TOTAL. (\u00e9tiquette 5046) 5\u00e8me \u00e9tage petit salon c\u00f4t\u00e9 rouge : 1 unit\u00e9 5\u00e8me \u00e9tage open-space vert : 2 unit\u00e9s 3\u00e8me \u00e9tage salle de r\u00e9union \u00e0 l'entr\u00e9e : 1 unit\u00e9 2\u00e8me \u00e9tage bureau manager open-space rouge : 2 unit\u00e9s 2\u00e8me \u00e9tage bureau open-space vert : 1 unit\u00e9 - wpe-encheres","og_description":"Table haute, plateau en bois de couleur blanc avec prises \u00e9lectriques et deux lampes orientables de couleur noir mat, pi\u00e9tement en m\u00e9tal de couleur noir. Dim : 110 x 250 x 100 cm. 7 UNIT\u00c9S AU TOTAL. (\u00e9tiquette 5046) 5\u00e8me \u00e9tage petit salon c\u00f4t\u00e9 rouge...","og_url":"https:\/\/wpe-encheres.com\/site\/produit\/table-haute-plateau-en-bois-de-couleur-blanc-avec-prises-electriques-et-deux-lampes-orientables-de-couleur-noir-mat-pietement-en-metal-de-couleur-noir-dim-110-x-250-x-100-cm-7-unites-au-total\/","og_site_name":"wpe-encheres","article_modified_time":"2026-02-10T19:25:21+00:00","og_image":[{"width":902,"height":752,"url":"https:\/\/wpe-encheres.com\/site\/wp-content\/uploads\/2026\/02\/6985d31616f9b.jpg","type":"image\/jpeg"}],"twitter_card":"summary_large_image","schema":{"@context":"https:\/\/schema.org","@graph":[{"@type":"WebPage","@id":"https:\/\/wpe-encheres.com\/site\/produit\/table-haute-plateau-en-bois-de-couleur-blanc-avec-prises-electriques-et-deux-lampes-orientables-de-couleur-noir-mat-pietement-en-metal-de-couleur-noir-dim-110-x-250-x-100-cm-7-unites-au-total\/","url":"https:\/\/wpe-encheres.com\/site\/produit\/table-haute-plateau-en-bois-de-couleur-blanc-avec-prises-electriques-et-deux-lampes-orientables-de-couleur-noir-mat-pietement-en-metal-de-couleur-noir-dim-110-x-250-x-100-cm-7-unites-au-total\/","name":"Table haute, plateau en bois de couleur blanc avec prises \u00e9lectriques et deux lampes orientables de couleur noir mat, pi\u00e9tement en m\u00e9tal de couleur noir. Dim : 110 x 250 x 100 cm. 7 UNIT\u00c9S AU TOTAL. (\u00e9tiquette 5046) 5\u00e8me \u00e9tage petit salon c\u00f4t\u00e9 rouge : 1 unit\u00e9 5\u00e8me \u00e9tage open-space vert : 2 unit\u00e9s 3\u00e8me \u00e9tage salle de r\u00e9union \u00e0 l'entr\u00e9e : 1 unit\u00e9 2\u00e8me \u00e9tage bureau manager open-space rouge : 2 unit\u00e9s 2\u00e8me \u00e9tage bureau open-space vert : 1 unit\u00e9 - wpe-encheres","isPartOf":{"@id":"https:\/\/wpe-encheres.com\/site\/#website"},"primaryImageOfPage":{"@id":"https:\/\/wpe-encheres.com\/site\/produit\/table-haute-plateau-en-bois-de-couleur-blanc-avec-prises-electriques-et-deux-lampes-orientables-de-couleur-noir-mat-pietement-en-metal-de-couleur-noir-dim-110-x-250-x-100-cm-7-unites-au-total\/#primaryimage"},"image":{"@id":"https:\/\/wpe-encheres.com\/site\/produit\/table-haute-plateau-en-bois-de-couleur-blanc-avec-prises-electriques-et-deux-lampes-orientables-de-couleur-noir-mat-pietement-en-metal-de-couleur-noir-dim-110-x-250-x-100-cm-7-unites-au-total\/#primaryimage"},"thumbnailUrl":"https:\/\/wpe-encheres.com\/site\/wp-content\/uploads\/2026\/02\/6985d31616f9b.jpg","datePublished":"2026-02-06T15:45:07+00:00","dateModified":"2026-02-10T19:25:21+00:00","breadcrumb":{"@id":"https:\/\/wpe-encheres.com\/site\/produit\/table-haute-plateau-en-bois-de-couleur-blanc-avec-prises-electriques-et-deux-lampes-orientables-de-couleur-noir-mat-pietement-en-metal-de-couleur-noir-dim-110-x-250-x-100-cm-7-unites-au-total\/#breadcrumb"},"inLanguage":"fr-FR","potentialAction":[{"@type":"ReadAction","target":["https:\/\/wpe-encheres.com\/site\/produit\/table-haute-plateau-en-bois-de-couleur-blanc-avec-prises-electriques-et-deux-lampes-orientables-de-couleur-noir-mat-pietement-en-metal-de-couleur-noir-dim-110-x-250-x-100-cm-7-unites-au-total\/"]}]},{"@type":"ImageObject","inLanguage":"fr-FR","@id":"https:\/\/wpe-encheres.com\/site\/produit\/table-haute-plateau-en-bois-de-couleur-blanc-avec-prises-electriques-et-deux-lampes-orientables-de-couleur-noir-mat-pietement-en-metal-de-couleur-noir-dim-110-x-250-x-100-cm-7-unites-au-total\/#primaryimage","url":"https:\/\/wpe-encheres.com\/site\/wp-content\/uploads\/2026\/02\/6985d31616f9b.jpg","contentUrl":"https:\/\/wpe-encheres.com\/site\/wp-content\/uploads\/2026\/02\/6985d31616f9b.jpg","width":902,"height":752},{"@type":"BreadcrumbList","@id":"https:\/\/wpe-encheres.com\/site\/produit\/table-haute-plateau-en-bois-de-couleur-blanc-avec-prises-electriques-et-deux-lampes-orientables-de-couleur-noir-mat-pietement-en-metal-de-couleur-noir-dim-110-x-250-x-100-cm-7-unites-au-total\/#breadcrumb","itemListElement":[{"@type":"ListItem","position":1,"name":"Accueil","item":"https:\/\/wpe-encheres.com\/site\/"},{"@type":"ListItem","position":2,"name":"Boutique","item":"https:\/\/wpe-encheres.com\/site\/?page_id=22765"},{"@type":"ListItem","position":3,"name":"Table haute, plateau en bois de couleur blanc avec prises \u00e9lectriques et deux lampes orientables de couleur noir mat, pi\u00e9tement en m\u00e9tal de couleur noir. Dim : 110 x 250 x 100 cm. 7 UNIT\u00c9S AU TOTAL. (\u00e9tiquette 5046) 5\u00e8me \u00e9tage petit salon c\u00f4t\u00e9 rouge : 1 unit\u00e9 5\u00e8me \u00e9tage open-space vert : 2 unit\u00e9s 3\u00e8me \u00e9tage salle de r\u00e9union \u00e0 l&rsquo;entr\u00e9e : 1 unit\u00e9 2\u00e8me \u00e9tage bureau manager open-space rouge : 2 unit\u00e9s 2\u00e8me \u00e9tage bureau open-space vert : 1 unit\u00e9"}]},{"@type":"WebSite","@id":"https:\/\/wpe-encheres.com\/site\/#website","url":"https:\/\/wpe-encheres.com\/site\/","name":"wpe-encheres","description":"","publisher":{"@id":"https:\/\/wpe-encheres.com\/site\/#organization"},"potentialAction":[{"@type":"SearchAction","target":{"@type":"EntryPoint","urlTemplate":"https:\/\/wpe-encheres.com\/site\/?s={search_term_string}"},"query-input":{"@type":"PropertyValueSpecification","valueRequired":true,"valueName":"search_term_string"}}],"inLanguage":"fr-FR"},{"@type":"Organization","@id":"https:\/\/wpe-encheres.com\/site\/#organization","name":"wpe encheres","url":"https:\/\/wpe-encheres.com\/site\/","logo":{"@type":"ImageObject","inLanguage":"fr-FR","@id":"https:\/\/wpe-encheres.com\/site\/#\/schema\/logo\/image\/","url":"https:\/\/wpe-encheres.com\/site\/wp-content\/uploads\/2025\/08\/wpe-encheres-logo.png","contentUrl":"https:\/\/wpe-encheres.com\/site\/wp-content\/uploads\/2025\/08\/wpe-encheres-logo.png","width":300,"height":110,"caption":"wpe encheres"},"image":{"@id":"https:\/\/wpe-encheres.com\/site\/#\/schema\/logo\/image\/"}}]}},"_links":{"self":[{"href":"https:\/\/wpe-encheres.com\/site\/wp-json\/wp\/v2\/product\/40049","targetHints":{"allow":["GET"]}}],"collection":[{"href":"https:\/\/wpe-encheres.com\/site\/wp-json\/wp\/v2\/product"}],"about":[{"href":"https:\/\/wpe-encheres.com\/site\/wp-json\/wp\/v2\/types\/product"}],"wp:featuredmedia":[{"embeddable":true,"href":"https:\/\/wpe-encheres.com\/site\/wp-json\/wp\/v2\/media\/40050"}],"wp:attachment":[{"href":"https:\/\/wpe-encheres.com\/site\/wp-json\/wp\/v2\/media?parent=40049"}],"wp:term":[{"taxonomy":"product_brand","embeddable":true,"href":"https:\/\/wpe-encheres.com\/site\/wp-json\/wp\/v2\/product_brand?post=40049"},{"taxonomy":"product_cat","embeddable":true,"href":"https:\/\/wpe-encheres.com\/site\/wp-json\/wp\/v2\/product_cat?post=40049"},{"taxonomy":"product_tag","embeddable":true,"href":"https:\/\/wpe-encheres.com\/site\/wp-json\/wp\/v2\/product_tag?post=40049"}],"curies":[{"name":"wp","href":"https:\/\/api.w.org\/{rel}","templated":true}]}}