{"id":40019,"date":"2026-02-06T16:45:07","date_gmt":"2026-02-06T15:45:07","guid":{"rendered":"https:\/\/wpe-encheres.com\/site\/produit\/table-de-reunion-plateau-en-bois-de-couleur-blanc-avec-trappes-et-2-lampes-orientables-de-couleur-noir-pietement-en-metal-de-couleur-noir-dim-74-x-200-x-120-cm-2-unites-au-total-etiquette-5047\/"},"modified":"2026-02-10T20:25:22","modified_gmt":"2026-02-10T19:25:22","slug":"table-de-reunion-plateau-en-bois-de-couleur-blanc-avec-trappes-et-2-lampes-orientables-de-couleur-noir-pietement-en-metal-de-couleur-noir-dim-74-x-200-x-120-cm-2-unites-au-total-etiquette-5047","status":"publish","type":"product","link":"https:\/\/wpe-encheres.com\/site\/produit\/table-de-reunion-plateau-en-bois-de-couleur-blanc-avec-trappes-et-2-lampes-orientables-de-couleur-noir-pietement-en-metal-de-couleur-noir-dim-74-x-200-x-120-cm-2-unites-au-total-etiquette-5047\/","title":{"rendered":"Table de r\u00e9union, plateau en bois de couleur blanc avec trappes et 2 lampes orientables de couleur noir, pi\u00e9tement en m\u00e9tal de couleur noir. Dim : 74 x 200 x 120 cm. 2 UNIT\u00c9S AU TOTAL. (\u00e9tiquette 5047)\n\n5\u00e8me \u00e9tage open-space vert : 2 unit\u00e9s"},"content":{"rendered":"<p>Table de r\u00e9union, plateau en bois de couleur blanc avec trappes et 2 lampes orientables de couleur noir, pi\u00e9tement en m\u00e9tal de couleur noir. Dim : 74 x 200 x 120 cm. 2 UNIT\u00c9S AU TOTAL. (\u00e9tiquette 5047)<\/p>\n<p>5\u00e8me \u00e9tage open-space vert : 2 unit\u00e9s<\/p>\n","protected":false},"excerpt":{"rendered":"<p>Table de r\u00e9union, plateau en bois de couleur blanc avec trappes et 2 lampes orientables de couleur noir, pi\u00e9tement en m\u00e9tal de couleur noir. Dim : 74 x 200 x 120 cm. 2 UNIT\u00c9S AU TOTAL. (\u00e9tiquette 5047) 5\u00e8me \u00e9tage open-space vert : 2 unit\u00e9s<\/p>\n","protected":false},"featured_media":40020,"template":"","meta":{"_acf_changed":false},"product_brand":[],"product_cat":[24],"product_tag":[70],"class_list":{"0":"post-40019","1":"product","2":"type-product","3":"status-publish","4":"has-post-thumbnail","6":"product_cat-mobilier-de-bureau-equipement-du-bureau","7":"product_tag-vente-privee-fev2026","9":"first","10":"instock","11":"product-type-simple"},"acf":[],"yoast_head":"<!-- This site is optimized with the Yoast SEO plugin v27.3 - https:\/\/yoast.com\/product\/yoast-seo-wordpress\/ -->\n<title>Table de r\u00e9union, plateau en bois de couleur blanc avec trappes et 2 lampes orientables de couleur noir, pi\u00e9tement en m\u00e9tal de couleur noir. Dim : 74 x 200 x 120 cm. 2 UNIT\u00c9S AU TOTAL. (\u00e9tiquette 5047) 5\u00e8me \u00e9tage open-space vert : 2 unit\u00e9s - wpe-encheres<\/title>\n<meta name=\"robots\" content=\"index, follow, max-snippet:-1, max-image-preview:large, max-video-preview:-1\" \/>\n<link rel=\"canonical\" href=\"https:\/\/wpe-encheres.com\/site\/produit\/table-de-reunion-plateau-en-bois-de-couleur-blanc-avec-trappes-et-2-lampes-orientables-de-couleur-noir-pietement-en-metal-de-couleur-noir-dim-74-x-200-x-120-cm-2-unites-au-total-etiquette-5047\/\" \/>\n<meta property=\"og:locale\" content=\"fr_FR\" \/>\n<meta property=\"og:type\" content=\"article\" \/>\n<meta property=\"og:title\" content=\"Table de r\u00e9union, plateau en bois de couleur blanc avec trappes et 2 lampes orientables de couleur noir, pi\u00e9tement en m\u00e9tal de couleur noir. Dim : 74 x 200 x 120 cm. 2 UNIT\u00c9S AU TOTAL. (\u00e9tiquette 5047) 5\u00e8me \u00e9tage open-space vert : 2 unit\u00e9s - wpe-encheres\" \/>\n<meta property=\"og:description\" content=\"Table de r\u00e9union, plateau en bois de couleur blanc avec trappes et 2 lampes orientables de couleur noir, pi\u00e9tement en m\u00e9tal de couleur noir. Dim : 74 x 200 x 120 cm. 2 UNIT\u00c9S AU TOTAL. (\u00e9tiquette 5047) 5\u00e8me \u00e9tage open-space vert : 2 unit\u00e9s\" \/>\n<meta property=\"og:url\" content=\"https:\/\/wpe-encheres.com\/site\/produit\/table-de-reunion-plateau-en-bois-de-couleur-blanc-avec-trappes-et-2-lampes-orientables-de-couleur-noir-pietement-en-metal-de-couleur-noir-dim-74-x-200-x-120-cm-2-unites-au-total-etiquette-5047\/\" \/>\n<meta property=\"og:site_name\" content=\"wpe-encheres\" \/>\n<meta property=\"article:modified_time\" content=\"2026-02-10T19:25:22+00:00\" \/>\n<meta property=\"og:image\" content=\"https:\/\/wpe-encheres.com\/site\/wp-content\/uploads\/2026\/02\/6985d30145fbe.jpg\" \/>\n\t<meta property=\"og:image:width\" content=\"925\" \/>\n\t<meta property=\"og:image:height\" content=\"696\" \/>\n\t<meta property=\"og:image:type\" content=\"image\/jpeg\" \/>\n<meta name=\"twitter:card\" content=\"summary_large_image\" \/>\n<script type=\"application\/ld+json\" class=\"yoast-schema-graph\">{\"@context\":\"https:\\\/\\\/schema.org\",\"@graph\":[{\"@type\":\"WebPage\",\"@id\":\"https:\\\/\\\/wpe-encheres.com\\\/site\\\/produit\\\/table-de-reunion-plateau-en-bois-de-couleur-blanc-avec-trappes-et-2-lampes-orientables-de-couleur-noir-pietement-en-metal-de-couleur-noir-dim-74-x-200-x-120-cm-2-unites-au-total-etiquette-5047\\\/\",\"url\":\"https:\\\/\\\/wpe-encheres.com\\\/site\\\/produit\\\/table-de-reunion-plateau-en-bois-de-couleur-blanc-avec-trappes-et-2-lampes-orientables-de-couleur-noir-pietement-en-metal-de-couleur-noir-dim-74-x-200-x-120-cm-2-unites-au-total-etiquette-5047\\\/\",\"name\":\"Table de r\u00e9union, plateau en bois de couleur blanc avec trappes et 2 lampes orientables de couleur noir, pi\u00e9tement en m\u00e9tal de couleur noir. Dim : 74 x 200 x 120 cm. 2 UNIT\u00c9S AU TOTAL. (\u00e9tiquette 5047) 5\u00e8me \u00e9tage open-space vert : 2 unit\u00e9s - wpe-encheres\",\"isPartOf\":{\"@id\":\"https:\\\/\\\/wpe-encheres.com\\\/site\\\/#website\"},\"primaryImageOfPage\":{\"@id\":\"https:\\\/\\\/wpe-encheres.com\\\/site\\\/produit\\\/table-de-reunion-plateau-en-bois-de-couleur-blanc-avec-trappes-et-2-lampes-orientables-de-couleur-noir-pietement-en-metal-de-couleur-noir-dim-74-x-200-x-120-cm-2-unites-au-total-etiquette-5047\\\/#primaryimage\"},\"image\":{\"@id\":\"https:\\\/\\\/wpe-encheres.com\\\/site\\\/produit\\\/table-de-reunion-plateau-en-bois-de-couleur-blanc-avec-trappes-et-2-lampes-orientables-de-couleur-noir-pietement-en-metal-de-couleur-noir-dim-74-x-200-x-120-cm-2-unites-au-total-etiquette-5047\\\/#primaryimage\"},\"thumbnailUrl\":\"https:\\\/\\\/wpe-encheres.com\\\/site\\\/wp-content\\\/uploads\\\/2026\\\/02\\\/6985d30145fbe.jpg\",\"datePublished\":\"2026-02-06T15:45:07+00:00\",\"dateModified\":\"2026-02-10T19:25:22+00:00\",\"breadcrumb\":{\"@id\":\"https:\\\/\\\/wpe-encheres.com\\\/site\\\/produit\\\/table-de-reunion-plateau-en-bois-de-couleur-blanc-avec-trappes-et-2-lampes-orientables-de-couleur-noir-pietement-en-metal-de-couleur-noir-dim-74-x-200-x-120-cm-2-unites-au-total-etiquette-5047\\\/#breadcrumb\"},\"inLanguage\":\"fr-FR\",\"potentialAction\":[{\"@type\":\"ReadAction\",\"target\":[\"https:\\\/\\\/wpe-encheres.com\\\/site\\\/produit\\\/table-de-reunion-plateau-en-bois-de-couleur-blanc-avec-trappes-et-2-lampes-orientables-de-couleur-noir-pietement-en-metal-de-couleur-noir-dim-74-x-200-x-120-cm-2-unites-au-total-etiquette-5047\\\/\"]}]},{\"@type\":\"ImageObject\",\"inLanguage\":\"fr-FR\",\"@id\":\"https:\\\/\\\/wpe-encheres.com\\\/site\\\/produit\\\/table-de-reunion-plateau-en-bois-de-couleur-blanc-avec-trappes-et-2-lampes-orientables-de-couleur-noir-pietement-en-metal-de-couleur-noir-dim-74-x-200-x-120-cm-2-unites-au-total-etiquette-5047\\\/#primaryimage\",\"url\":\"https:\\\/\\\/wpe-encheres.com\\\/site\\\/wp-content\\\/uploads\\\/2026\\\/02\\\/6985d30145fbe.jpg\",\"contentUrl\":\"https:\\\/\\\/wpe-encheres.com\\\/site\\\/wp-content\\\/uploads\\\/2026\\\/02\\\/6985d30145fbe.jpg\",\"width\":925,\"height\":696},{\"@type\":\"BreadcrumbList\",\"@id\":\"https:\\\/\\\/wpe-encheres.com\\\/site\\\/produit\\\/table-de-reunion-plateau-en-bois-de-couleur-blanc-avec-trappes-et-2-lampes-orientables-de-couleur-noir-pietement-en-metal-de-couleur-noir-dim-74-x-200-x-120-cm-2-unites-au-total-etiquette-5047\\\/#breadcrumb\",\"itemListElement\":[{\"@type\":\"ListItem\",\"position\":1,\"name\":\"Accueil\",\"item\":\"https:\\\/\\\/wpe-encheres.com\\\/site\\\/\"},{\"@type\":\"ListItem\",\"position\":2,\"name\":\"Boutique\",\"item\":\"https:\\\/\\\/wpe-encheres.com\\\/site\\\/?page_id=22765\"},{\"@type\":\"ListItem\",\"position\":3,\"name\":\"Table de r\u00e9union, plateau en bois de couleur blanc avec trappes et 2 lampes orientables de couleur noir, pi\u00e9tement en m\u00e9tal de couleur noir. Dim : 74 x 200 x 120 cm. 2 UNIT\u00c9S AU TOTAL. (\u00e9tiquette 5047) 5\u00e8me \u00e9tage open-space vert : 2 unit\u00e9s\"}]},{\"@type\":\"WebSite\",\"@id\":\"https:\\\/\\\/wpe-encheres.com\\\/site\\\/#website\",\"url\":\"https:\\\/\\\/wpe-encheres.com\\\/site\\\/\",\"name\":\"wpe-encheres\",\"description\":\"\",\"publisher\":{\"@id\":\"https:\\\/\\\/wpe-encheres.com\\\/site\\\/#organization\"},\"potentialAction\":[{\"@type\":\"SearchAction\",\"target\":{\"@type\":\"EntryPoint\",\"urlTemplate\":\"https:\\\/\\\/wpe-encheres.com\\\/site\\\/?s={search_term_string}\"},\"query-input\":{\"@type\":\"PropertyValueSpecification\",\"valueRequired\":true,\"valueName\":\"search_term_string\"}}],\"inLanguage\":\"fr-FR\"},{\"@type\":\"Organization\",\"@id\":\"https:\\\/\\\/wpe-encheres.com\\\/site\\\/#organization\",\"name\":\"wpe encheres\",\"url\":\"https:\\\/\\\/wpe-encheres.com\\\/site\\\/\",\"logo\":{\"@type\":\"ImageObject\",\"inLanguage\":\"fr-FR\",\"@id\":\"https:\\\/\\\/wpe-encheres.com\\\/site\\\/#\\\/schema\\\/logo\\\/image\\\/\",\"url\":\"https:\\\/\\\/wpe-encheres.com\\\/site\\\/wp-content\\\/uploads\\\/2025\\\/08\\\/wpe-encheres-logo.png\",\"contentUrl\":\"https:\\\/\\\/wpe-encheres.com\\\/site\\\/wp-content\\\/uploads\\\/2025\\\/08\\\/wpe-encheres-logo.png\",\"width\":300,\"height\":110,\"caption\":\"wpe encheres\"},\"image\":{\"@id\":\"https:\\\/\\\/wpe-encheres.com\\\/site\\\/#\\\/schema\\\/logo\\\/image\\\/\"}}]}<\/script>\n<!-- \/ Yoast SEO plugin. -->","yoast_head_json":{"title":"Table de r\u00e9union, plateau en bois de couleur blanc avec trappes et 2 lampes orientables de couleur noir, pi\u00e9tement en m\u00e9tal de couleur noir. Dim : 74 x 200 x 120 cm. 2 UNIT\u00c9S AU TOTAL. (\u00e9tiquette 5047) 5\u00e8me \u00e9tage open-space vert : 2 unit\u00e9s - wpe-encheres","robots":{"index":"index","follow":"follow","max-snippet":"max-snippet:-1","max-image-preview":"max-image-preview:large","max-video-preview":"max-video-preview:-1"},"canonical":"https:\/\/wpe-encheres.com\/site\/produit\/table-de-reunion-plateau-en-bois-de-couleur-blanc-avec-trappes-et-2-lampes-orientables-de-couleur-noir-pietement-en-metal-de-couleur-noir-dim-74-x-200-x-120-cm-2-unites-au-total-etiquette-5047\/","og_locale":"fr_FR","og_type":"article","og_title":"Table de r\u00e9union, plateau en bois de couleur blanc avec trappes et 2 lampes orientables de couleur noir, pi\u00e9tement en m\u00e9tal de couleur noir. Dim : 74 x 200 x 120 cm. 2 UNIT\u00c9S AU TOTAL. (\u00e9tiquette 5047) 5\u00e8me \u00e9tage open-space vert : 2 unit\u00e9s - wpe-encheres","og_description":"Table de r\u00e9union, plateau en bois de couleur blanc avec trappes et 2 lampes orientables de couleur noir, pi\u00e9tement en m\u00e9tal de couleur noir. Dim : 74 x 200 x 120 cm. 2 UNIT\u00c9S AU TOTAL. (\u00e9tiquette 5047) 5\u00e8me \u00e9tage open-space vert : 2 unit\u00e9s","og_url":"https:\/\/wpe-encheres.com\/site\/produit\/table-de-reunion-plateau-en-bois-de-couleur-blanc-avec-trappes-et-2-lampes-orientables-de-couleur-noir-pietement-en-metal-de-couleur-noir-dim-74-x-200-x-120-cm-2-unites-au-total-etiquette-5047\/","og_site_name":"wpe-encheres","article_modified_time":"2026-02-10T19:25:22+00:00","og_image":[{"width":925,"height":696,"url":"https:\/\/wpe-encheres.com\/site\/wp-content\/uploads\/2026\/02\/6985d30145fbe.jpg","type":"image\/jpeg"}],"twitter_card":"summary_large_image","schema":{"@context":"https:\/\/schema.org","@graph":[{"@type":"WebPage","@id":"https:\/\/wpe-encheres.com\/site\/produit\/table-de-reunion-plateau-en-bois-de-couleur-blanc-avec-trappes-et-2-lampes-orientables-de-couleur-noir-pietement-en-metal-de-couleur-noir-dim-74-x-200-x-120-cm-2-unites-au-total-etiquette-5047\/","url":"https:\/\/wpe-encheres.com\/site\/produit\/table-de-reunion-plateau-en-bois-de-couleur-blanc-avec-trappes-et-2-lampes-orientables-de-couleur-noir-pietement-en-metal-de-couleur-noir-dim-74-x-200-x-120-cm-2-unites-au-total-etiquette-5047\/","name":"Table de r\u00e9union, plateau en bois de couleur blanc avec trappes et 2 lampes orientables de couleur noir, pi\u00e9tement en m\u00e9tal de couleur noir. Dim : 74 x 200 x 120 cm. 2 UNIT\u00c9S AU TOTAL. (\u00e9tiquette 5047) 5\u00e8me \u00e9tage open-space vert : 2 unit\u00e9s - wpe-encheres","isPartOf":{"@id":"https:\/\/wpe-encheres.com\/site\/#website"},"primaryImageOfPage":{"@id":"https:\/\/wpe-encheres.com\/site\/produit\/table-de-reunion-plateau-en-bois-de-couleur-blanc-avec-trappes-et-2-lampes-orientables-de-couleur-noir-pietement-en-metal-de-couleur-noir-dim-74-x-200-x-120-cm-2-unites-au-total-etiquette-5047\/#primaryimage"},"image":{"@id":"https:\/\/wpe-encheres.com\/site\/produit\/table-de-reunion-plateau-en-bois-de-couleur-blanc-avec-trappes-et-2-lampes-orientables-de-couleur-noir-pietement-en-metal-de-couleur-noir-dim-74-x-200-x-120-cm-2-unites-au-total-etiquette-5047\/#primaryimage"},"thumbnailUrl":"https:\/\/wpe-encheres.com\/site\/wp-content\/uploads\/2026\/02\/6985d30145fbe.jpg","datePublished":"2026-02-06T15:45:07+00:00","dateModified":"2026-02-10T19:25:22+00:00","breadcrumb":{"@id":"https:\/\/wpe-encheres.com\/site\/produit\/table-de-reunion-plateau-en-bois-de-couleur-blanc-avec-trappes-et-2-lampes-orientables-de-couleur-noir-pietement-en-metal-de-couleur-noir-dim-74-x-200-x-120-cm-2-unites-au-total-etiquette-5047\/#breadcrumb"},"inLanguage":"fr-FR","potentialAction":[{"@type":"ReadAction","target":["https:\/\/wpe-encheres.com\/site\/produit\/table-de-reunion-plateau-en-bois-de-couleur-blanc-avec-trappes-et-2-lampes-orientables-de-couleur-noir-pietement-en-metal-de-couleur-noir-dim-74-x-200-x-120-cm-2-unites-au-total-etiquette-5047\/"]}]},{"@type":"ImageObject","inLanguage":"fr-FR","@id":"https:\/\/wpe-encheres.com\/site\/produit\/table-de-reunion-plateau-en-bois-de-couleur-blanc-avec-trappes-et-2-lampes-orientables-de-couleur-noir-pietement-en-metal-de-couleur-noir-dim-74-x-200-x-120-cm-2-unites-au-total-etiquette-5047\/#primaryimage","url":"https:\/\/wpe-encheres.com\/site\/wp-content\/uploads\/2026\/02\/6985d30145fbe.jpg","contentUrl":"https:\/\/wpe-encheres.com\/site\/wp-content\/uploads\/2026\/02\/6985d30145fbe.jpg","width":925,"height":696},{"@type":"BreadcrumbList","@id":"https:\/\/wpe-encheres.com\/site\/produit\/table-de-reunion-plateau-en-bois-de-couleur-blanc-avec-trappes-et-2-lampes-orientables-de-couleur-noir-pietement-en-metal-de-couleur-noir-dim-74-x-200-x-120-cm-2-unites-au-total-etiquette-5047\/#breadcrumb","itemListElement":[{"@type":"ListItem","position":1,"name":"Accueil","item":"https:\/\/wpe-encheres.com\/site\/"},{"@type":"ListItem","position":2,"name":"Boutique","item":"https:\/\/wpe-encheres.com\/site\/?page_id=22765"},{"@type":"ListItem","position":3,"name":"Table de r\u00e9union, plateau en bois de couleur blanc avec trappes et 2 lampes orientables de couleur noir, pi\u00e9tement en m\u00e9tal de couleur noir. Dim : 74 x 200 x 120 cm. 2 UNIT\u00c9S AU TOTAL. (\u00e9tiquette 5047) 5\u00e8me \u00e9tage open-space vert : 2 unit\u00e9s"}]},{"@type":"WebSite","@id":"https:\/\/wpe-encheres.com\/site\/#website","url":"https:\/\/wpe-encheres.com\/site\/","name":"wpe-encheres","description":"","publisher":{"@id":"https:\/\/wpe-encheres.com\/site\/#organization"},"potentialAction":[{"@type":"SearchAction","target":{"@type":"EntryPoint","urlTemplate":"https:\/\/wpe-encheres.com\/site\/?s={search_term_string}"},"query-input":{"@type":"PropertyValueSpecification","valueRequired":true,"valueName":"search_term_string"}}],"inLanguage":"fr-FR"},{"@type":"Organization","@id":"https:\/\/wpe-encheres.com\/site\/#organization","name":"wpe encheres","url":"https:\/\/wpe-encheres.com\/site\/","logo":{"@type":"ImageObject","inLanguage":"fr-FR","@id":"https:\/\/wpe-encheres.com\/site\/#\/schema\/logo\/image\/","url":"https:\/\/wpe-encheres.com\/site\/wp-content\/uploads\/2025\/08\/wpe-encheres-logo.png","contentUrl":"https:\/\/wpe-encheres.com\/site\/wp-content\/uploads\/2025\/08\/wpe-encheres-logo.png","width":300,"height":110,"caption":"wpe encheres"},"image":{"@id":"https:\/\/wpe-encheres.com\/site\/#\/schema\/logo\/image\/"}}]}},"_links":{"self":[{"href":"https:\/\/wpe-encheres.com\/site\/wp-json\/wp\/v2\/product\/40019","targetHints":{"allow":["GET"]}}],"collection":[{"href":"https:\/\/wpe-encheres.com\/site\/wp-json\/wp\/v2\/product"}],"about":[{"href":"https:\/\/wpe-encheres.com\/site\/wp-json\/wp\/v2\/types\/product"}],"wp:featuredmedia":[{"embeddable":true,"href":"https:\/\/wpe-encheres.com\/site\/wp-json\/wp\/v2\/media\/40020"}],"wp:attachment":[{"href":"https:\/\/wpe-encheres.com\/site\/wp-json\/wp\/v2\/media?parent=40019"}],"wp:term":[{"taxonomy":"product_brand","embeddable":true,"href":"https:\/\/wpe-encheres.com\/site\/wp-json\/wp\/v2\/product_brand?post=40019"},{"taxonomy":"product_cat","embeddable":true,"href":"https:\/\/wpe-encheres.com\/site\/wp-json\/wp\/v2\/product_cat?post=40019"},{"taxonomy":"product_tag","embeddable":true,"href":"https:\/\/wpe-encheres.com\/site\/wp-json\/wp\/v2\/product_tag?post=40019"}],"curies":[{"name":"wp","href":"https:\/\/api.w.org\/{rel}","templated":true}]}}