{"id":39984,"date":"2026-02-06T16:45:07","date_gmt":"2026-02-06T15:45:07","guid":{"rendered":"https:\/\/wpe-encheres.com\/site\/produit\/chaise-de-marque-steelcase-empilable-assise-en-tissu-de-couleur-gris-anthracite-dossier-en-tissu-resille-de-couleur-vert-pomme-pietement-porte-a-faux-en-metal-noir-dim-84-x-45-x-60-cm-103-unite\/"},"modified":"2026-02-10T20:25:23","modified_gmt":"2026-02-10T19:25:23","slug":"chaise-de-marque-steelcase-empilable-assise-en-tissu-de-couleur-gris-anthracite-dossier-en-tissu-resille-de-couleur-vert-pomme-pietement-porte-a-faux-en-metal-noir-dim-84-x-45-x-60-cm-103-unite","status":"publish","type":"product","link":"https:\/\/wpe-encheres.com\/site\/produit\/chaise-de-marque-steelcase-empilable-assise-en-tissu-de-couleur-gris-anthracite-dossier-en-tissu-resille-de-couleur-vert-pomme-pietement-porte-a-faux-en-metal-noir-dim-84-x-45-x-60-cm-103-unite\/","title":{"rendered":"Chaise de marque Steelcase empilable, assise en tissu de couleur gris anthracite, dossier en tissu r\u00e9sille de couleur vert pomme, pi\u00e9tement porte-\u00e0-faux en m\u00e9tal noir. Dim : 84 x 45 x 60 cm. 103 UNIT\u00c9S AU TOTAL. (\u00e9tiquette 5029)\n\n5\u00e8me \u00e9tage open-space vert : 7 unit\u00e9s \n4\u00e8me \u00e9tage open-space vert : 9 unit\u00e9s \n4\u00e8me \u00e9tage salle 410 : 7 unit\u00e9s \n3\u00e8me \u00e9tage salle 303 : 2 unit\u00e9s \n3\u00e8me \u00e9tage bureau manager : 1 unit\u00e9 \n3\u00e8me \u00e9tage salle 304 : 6 unit\u00e9s \n3\u00e8me \u00e9tage bureaux open-space vert : 18 unit\u00e9s \n2\u00e8me \u00e9tage bureaux open-space vert : 5 unit\u00e9s \n2\u00e8me \u00e9tage salle 204 vert : 8 unit\u00e9s \n2\u00e8me \u00e9tage bureaux open-space vert : 6 unit\u00e9s \n1er \u00e9tage bureaux open-space vert : 8 unit\u00e9s \n1er \u00e9tage salle 102 vert : 9 unit\u00e9s \n1\u00e8re \u00e9tage salle 101 vert : 6 unit\u00e9s \n1er \u00e9tage bureaux open-space vert zone centrale : 2 unit\u00e9s \n1er \u00e9tage open-space zone centrale vert : 2 unit\u00e9s \n1er \u00e9tage CSE : 2 unit\u00e9s \nNiveau 0 infirmerie : 3 unit\u00e9s \nNiveau -1 r\u00e9serve : 2 unit\u00e9s"},"content":{"rendered":"<p>Chaise de marque Steelcase empilable, assise en tissu de couleur gris anthracite, dossier en tissu r\u00e9sille de couleur vert pomme, pi\u00e9tement porte-\u00e0-faux en m\u00e9tal noir. Dim : 84 x 45 x 60 cm. 103 UNIT\u00c9S AU TOTAL. (\u00e9tiquette 5029)<\/p>\n<p>5\u00e8me \u00e9tage open-space vert : 7 unit\u00e9s<br \/>\n4\u00e8me \u00e9tage open-space vert : 9 unit\u00e9s<br \/>\n4\u00e8me \u00e9tage salle 410 : 7 unit\u00e9s<br \/>\n3\u00e8me \u00e9tage salle 303 : 2 unit\u00e9s<br \/>\n3\u00e8me \u00e9tage bureau manager : 1 unit\u00e9<br \/>\n3\u00e8me \u00e9tage salle 304 : 6 unit\u00e9s<br \/>\n3\u00e8me \u00e9tage bureaux open-space vert : 18 unit\u00e9s<br \/>\n2\u00e8me \u00e9tage bureaux open-space vert : 5 unit\u00e9s<br \/>\n2\u00e8me \u00e9tage salle 204 vert : 8 unit\u00e9s<br \/>\n2\u00e8me \u00e9tage bureaux open-space vert : 6 unit\u00e9s<br \/>\n1er \u00e9tage bureaux open-space vert : 8 unit\u00e9s<br \/>\n1er \u00e9tage salle 102 vert : 9 unit\u00e9s<br \/>\n1\u00e8re \u00e9tage salle 101 vert : 6 unit\u00e9s<br \/>\n1er \u00e9tage bureaux open-space vert zone centrale : 2 unit\u00e9s<br \/>\n1er \u00e9tage open-space zone centrale vert : 2 unit\u00e9s<br \/>\n1er \u00e9tage CSE : 2 unit\u00e9s<br \/>\nNiveau 0 infirmerie : 3 unit\u00e9s<br \/>\nNiveau -1 r\u00e9serve : 2 unit\u00e9s<\/p>\n","protected":false},"excerpt":{"rendered":"<p>Chaise de marque Steelcase empilable, assise en tissu de couleur gris anthracite, dossier en tissu r\u00e9sille de couleur vert pomme, pi\u00e9tement porte-\u00e0-faux en m\u00e9tal noir. Dim : 84 x 45 x 60 cm. 103 UNIT\u00c9S AU TOTAL. (\u00e9tiquette 5029) 5\u00e8me \u00e9tage open-space vert : 7&#8230;<\/p>\n","protected":false},"featured_media":39985,"template":"","meta":{"_acf_changed":false},"product_brand":[],"product_cat":[24],"product_tag":[70],"class_list":{"0":"post-39984","1":"product","2":"type-product","3":"status-publish","4":"has-post-thumbnail","6":"product_cat-mobilier-de-bureau-equipement-du-bureau","7":"product_tag-vente-privee-fev2026","9":"first","10":"instock","11":"product-type-simple"},"acf":[],"yoast_head":"<!-- This site is optimized with the Yoast SEO plugin v27.3 - https:\/\/yoast.com\/product\/yoast-seo-wordpress\/ -->\n<title>Chaise de marque Steelcase empilable, assise en tissu de couleur gris anthracite, dossier en tissu r\u00e9sille de couleur vert pomme, pi\u00e9tement porte-\u00e0-faux en m\u00e9tal noir. Dim : 84 x 45 x 60 cm. 103 UNIT\u00c9S AU TOTAL. (\u00e9tiquette 5029) 5\u00e8me \u00e9tage open-space vert : 7 unit\u00e9s 4\u00e8me \u00e9tage open-space vert : 9 unit\u00e9s 4\u00e8me \u00e9tage salle 410 : 7 unit\u00e9s 3\u00e8me \u00e9tage salle 303 : 2 unit\u00e9s 3\u00e8me \u00e9tage bureau manager : 1 unit\u00e9 3\u00e8me \u00e9tage salle 304 : 6 unit\u00e9s 3\u00e8me \u00e9tage bureaux open-space vert : 18 unit\u00e9s 2\u00e8me \u00e9tage bureaux open-space vert : 5 unit\u00e9s 2\u00e8me \u00e9tage salle 204 vert : 8 unit\u00e9s 2\u00e8me \u00e9tage bureaux open-space vert : 6 unit\u00e9s 1er \u00e9tage bureaux open-space vert : 8 unit\u00e9s 1er \u00e9tage salle 102 vert : 9 unit\u00e9s 1\u00e8re \u00e9tage salle 101 vert : 6 unit\u00e9s 1er \u00e9tage bureaux open-space vert zone centrale : 2 unit\u00e9s 1er \u00e9tage open-space zone centrale vert : 2 unit\u00e9s 1er \u00e9tage CSE : 2 unit\u00e9s Niveau 0 infirmerie : 3 unit\u00e9s Niveau -1 r\u00e9serve : 2 unit\u00e9s - wpe-encheres<\/title>\n<meta name=\"robots\" content=\"index, follow, max-snippet:-1, max-image-preview:large, max-video-preview:-1\" \/>\n<link rel=\"canonical\" href=\"https:\/\/wpe-encheres.com\/site\/produit\/chaise-de-marque-steelcase-empilable-assise-en-tissu-de-couleur-gris-anthracite-dossier-en-tissu-resille-de-couleur-vert-pomme-pietement-porte-a-faux-en-metal-noir-dim-84-x-45-x-60-cm-103-unite\/\" \/>\n<meta property=\"og:locale\" content=\"fr_FR\" \/>\n<meta property=\"og:type\" content=\"article\" \/>\n<meta property=\"og:title\" content=\"Chaise de marque Steelcase empilable, assise en tissu de couleur gris anthracite, dossier en tissu r\u00e9sille de couleur vert pomme, pi\u00e9tement porte-\u00e0-faux en m\u00e9tal noir. Dim : 84 x 45 x 60 cm. 103 UNIT\u00c9S AU TOTAL. (\u00e9tiquette 5029) 5\u00e8me \u00e9tage open-space vert : 7 unit\u00e9s 4\u00e8me \u00e9tage open-space vert : 9 unit\u00e9s 4\u00e8me \u00e9tage salle 410 : 7 unit\u00e9s 3\u00e8me \u00e9tage salle 303 : 2 unit\u00e9s 3\u00e8me \u00e9tage bureau manager : 1 unit\u00e9 3\u00e8me \u00e9tage salle 304 : 6 unit\u00e9s 3\u00e8me \u00e9tage bureaux open-space vert : 18 unit\u00e9s 2\u00e8me \u00e9tage bureaux open-space vert : 5 unit\u00e9s 2\u00e8me \u00e9tage salle 204 vert : 8 unit\u00e9s 2\u00e8me \u00e9tage bureaux open-space vert : 6 unit\u00e9s 1er \u00e9tage bureaux open-space vert : 8 unit\u00e9s 1er \u00e9tage salle 102 vert : 9 unit\u00e9s 1\u00e8re \u00e9tage salle 101 vert : 6 unit\u00e9s 1er \u00e9tage bureaux open-space vert zone centrale : 2 unit\u00e9s 1er \u00e9tage open-space zone centrale vert : 2 unit\u00e9s 1er \u00e9tage CSE : 2 unit\u00e9s Niveau 0 infirmerie : 3 unit\u00e9s Niveau -1 r\u00e9serve : 2 unit\u00e9s - wpe-encheres\" \/>\n<meta property=\"og:description\" content=\"Chaise de marque Steelcase empilable, assise en tissu de couleur gris anthracite, dossier en tissu r\u00e9sille de couleur vert pomme, pi\u00e9tement porte-\u00e0-faux en m\u00e9tal noir. Dim : 84 x 45 x 60 cm. 103 UNIT\u00c9S AU TOTAL. (\u00e9tiquette 5029) 5\u00e8me \u00e9tage open-space vert : 7...\" \/>\n<meta property=\"og:url\" content=\"https:\/\/wpe-encheres.com\/site\/produit\/chaise-de-marque-steelcase-empilable-assise-en-tissu-de-couleur-gris-anthracite-dossier-en-tissu-resille-de-couleur-vert-pomme-pietement-porte-a-faux-en-metal-noir-dim-84-x-45-x-60-cm-103-unite\/\" \/>\n<meta property=\"og:site_name\" content=\"wpe-encheres\" \/>\n<meta property=\"article:modified_time\" content=\"2026-02-10T19:25:23+00:00\" \/>\n<meta property=\"og:image\" content=\"https:\/\/wpe-encheres.com\/site\/wp-content\/uploads\/2026\/02\/6985d2de4573e.jpg\" \/>\n\t<meta property=\"og:image:width\" content=\"634\" \/>\n\t<meta property=\"og:image:height\" content=\"965\" \/>\n\t<meta property=\"og:image:type\" content=\"image\/jpeg\" \/>\n<meta name=\"twitter:card\" content=\"summary_large_image\" \/>\n<meta name=\"twitter:label1\" content=\"Dur\u00e9e de lecture estim\u00e9e\" \/>\n\t<meta name=\"twitter:data1\" content=\"1 minute\" \/>\n<script type=\"application\/ld+json\" class=\"yoast-schema-graph\">{\"@context\":\"https:\\\/\\\/schema.org\",\"@graph\":[{\"@type\":\"WebPage\",\"@id\":\"https:\\\/\\\/wpe-encheres.com\\\/site\\\/produit\\\/chaise-de-marque-steelcase-empilable-assise-en-tissu-de-couleur-gris-anthracite-dossier-en-tissu-resille-de-couleur-vert-pomme-pietement-porte-a-faux-en-metal-noir-dim-84-x-45-x-60-cm-103-unite\\\/\",\"url\":\"https:\\\/\\\/wpe-encheres.com\\\/site\\\/produit\\\/chaise-de-marque-steelcase-empilable-assise-en-tissu-de-couleur-gris-anthracite-dossier-en-tissu-resille-de-couleur-vert-pomme-pietement-porte-a-faux-en-metal-noir-dim-84-x-45-x-60-cm-103-unite\\\/\",\"name\":\"Chaise de marque Steelcase empilable, assise en tissu de couleur gris anthracite, dossier en tissu r\u00e9sille de couleur vert pomme, pi\u00e9tement porte-\u00e0-faux en m\u00e9tal noir. Dim : 84 x 45 x 60 cm. 103 UNIT\u00c9S AU TOTAL. (\u00e9tiquette 5029) 5\u00e8me \u00e9tage open-space vert : 7 unit\u00e9s 4\u00e8me \u00e9tage open-space vert : 9 unit\u00e9s 4\u00e8me \u00e9tage salle 410 : 7 unit\u00e9s 3\u00e8me \u00e9tage salle 303 : 2 unit\u00e9s 3\u00e8me \u00e9tage bureau manager : 1 unit\u00e9 3\u00e8me \u00e9tage salle 304 : 6 unit\u00e9s 3\u00e8me \u00e9tage bureaux open-space vert : 18 unit\u00e9s 2\u00e8me \u00e9tage bureaux open-space vert : 5 unit\u00e9s 2\u00e8me \u00e9tage salle 204 vert : 8 unit\u00e9s 2\u00e8me \u00e9tage bureaux open-space vert : 6 unit\u00e9s 1er \u00e9tage bureaux open-space vert : 8 unit\u00e9s 1er \u00e9tage salle 102 vert : 9 unit\u00e9s 1\u00e8re \u00e9tage salle 101 vert : 6 unit\u00e9s 1er \u00e9tage bureaux open-space vert zone centrale : 2 unit\u00e9s 1er \u00e9tage open-space zone centrale vert : 2 unit\u00e9s 1er \u00e9tage CSE : 2 unit\u00e9s Niveau 0 infirmerie : 3 unit\u00e9s Niveau -1 r\u00e9serve : 2 unit\u00e9s - wpe-encheres\",\"isPartOf\":{\"@id\":\"https:\\\/\\\/wpe-encheres.com\\\/site\\\/#website\"},\"primaryImageOfPage\":{\"@id\":\"https:\\\/\\\/wpe-encheres.com\\\/site\\\/produit\\\/chaise-de-marque-steelcase-empilable-assise-en-tissu-de-couleur-gris-anthracite-dossier-en-tissu-resille-de-couleur-vert-pomme-pietement-porte-a-faux-en-metal-noir-dim-84-x-45-x-60-cm-103-unite\\\/#primaryimage\"},\"image\":{\"@id\":\"https:\\\/\\\/wpe-encheres.com\\\/site\\\/produit\\\/chaise-de-marque-steelcase-empilable-assise-en-tissu-de-couleur-gris-anthracite-dossier-en-tissu-resille-de-couleur-vert-pomme-pietement-porte-a-faux-en-metal-noir-dim-84-x-45-x-60-cm-103-unite\\\/#primaryimage\"},\"thumbnailUrl\":\"https:\\\/\\\/wpe-encheres.com\\\/site\\\/wp-content\\\/uploads\\\/2026\\\/02\\\/6985d2de4573e.jpg\",\"datePublished\":\"2026-02-06T15:45:07+00:00\",\"dateModified\":\"2026-02-10T19:25:23+00:00\",\"breadcrumb\":{\"@id\":\"https:\\\/\\\/wpe-encheres.com\\\/site\\\/produit\\\/chaise-de-marque-steelcase-empilable-assise-en-tissu-de-couleur-gris-anthracite-dossier-en-tissu-resille-de-couleur-vert-pomme-pietement-porte-a-faux-en-metal-noir-dim-84-x-45-x-60-cm-103-unite\\\/#breadcrumb\"},\"inLanguage\":\"fr-FR\",\"potentialAction\":[{\"@type\":\"ReadAction\",\"target\":[\"https:\\\/\\\/wpe-encheres.com\\\/site\\\/produit\\\/chaise-de-marque-steelcase-empilable-assise-en-tissu-de-couleur-gris-anthracite-dossier-en-tissu-resille-de-couleur-vert-pomme-pietement-porte-a-faux-en-metal-noir-dim-84-x-45-x-60-cm-103-unite\\\/\"]}]},{\"@type\":\"ImageObject\",\"inLanguage\":\"fr-FR\",\"@id\":\"https:\\\/\\\/wpe-encheres.com\\\/site\\\/produit\\\/chaise-de-marque-steelcase-empilable-assise-en-tissu-de-couleur-gris-anthracite-dossier-en-tissu-resille-de-couleur-vert-pomme-pietement-porte-a-faux-en-metal-noir-dim-84-x-45-x-60-cm-103-unite\\\/#primaryimage\",\"url\":\"https:\\\/\\\/wpe-encheres.com\\\/site\\\/wp-content\\\/uploads\\\/2026\\\/02\\\/6985d2de4573e.jpg\",\"contentUrl\":\"https:\\\/\\\/wpe-encheres.com\\\/site\\\/wp-content\\\/uploads\\\/2026\\\/02\\\/6985d2de4573e.jpg\",\"width\":634,\"height\":965},{\"@type\":\"BreadcrumbList\",\"@id\":\"https:\\\/\\\/wpe-encheres.com\\\/site\\\/produit\\\/chaise-de-marque-steelcase-empilable-assise-en-tissu-de-couleur-gris-anthracite-dossier-en-tissu-resille-de-couleur-vert-pomme-pietement-porte-a-faux-en-metal-noir-dim-84-x-45-x-60-cm-103-unite\\\/#breadcrumb\",\"itemListElement\":[{\"@type\":\"ListItem\",\"position\":1,\"name\":\"Accueil\",\"item\":\"https:\\\/\\\/wpe-encheres.com\\\/site\\\/\"},{\"@type\":\"ListItem\",\"position\":2,\"name\":\"Boutique\",\"item\":\"https:\\\/\\\/wpe-encheres.com\\\/site\\\/?page_id=22765\"},{\"@type\":\"ListItem\",\"position\":3,\"name\":\"Chaise de marque Steelcase empilable, assise en tissu de couleur gris anthracite, dossier en tissu r\u00e9sille de couleur vert pomme, pi\u00e9tement porte-\u00e0-faux en m\u00e9tal noir. Dim : 84 x 45 x 60 cm. 103 UNIT\u00c9S AU TOTAL. (\u00e9tiquette 5029) 5\u00e8me \u00e9tage open-space vert : 7 unit\u00e9s 4\u00e8me \u00e9tage open-space vert : 9 unit\u00e9s 4\u00e8me \u00e9tage salle 410 : 7 unit\u00e9s 3\u00e8me \u00e9tage salle 303 : 2 unit\u00e9s 3\u00e8me \u00e9tage bureau manager : 1 unit\u00e9 3\u00e8me \u00e9tage salle 304 : 6 unit\u00e9s 3\u00e8me \u00e9tage bureaux open-space vert : 18 unit\u00e9s 2\u00e8me \u00e9tage bureaux open-space vert : 5 unit\u00e9s 2\u00e8me \u00e9tage salle 204 vert : 8 unit\u00e9s 2\u00e8me \u00e9tage bureaux open-space vert : 6 unit\u00e9s 1er \u00e9tage bureaux open-space vert : 8 unit\u00e9s 1er \u00e9tage salle 102 vert : 9 unit\u00e9s 1\u00e8re \u00e9tage salle 101 vert : 6 unit\u00e9s 1er \u00e9tage bureaux open-space vert zone centrale : 2 unit\u00e9s 1er \u00e9tage open-space zone centrale vert : 2 unit\u00e9s 1er \u00e9tage CSE : 2 unit\u00e9s Niveau 0 infirmerie : 3 unit\u00e9s Niveau -1 r\u00e9serve : 2 unit\u00e9s\"}]},{\"@type\":\"WebSite\",\"@id\":\"https:\\\/\\\/wpe-encheres.com\\\/site\\\/#website\",\"url\":\"https:\\\/\\\/wpe-encheres.com\\\/site\\\/\",\"name\":\"wpe-encheres\",\"description\":\"\",\"publisher\":{\"@id\":\"https:\\\/\\\/wpe-encheres.com\\\/site\\\/#organization\"},\"potentialAction\":[{\"@type\":\"SearchAction\",\"target\":{\"@type\":\"EntryPoint\",\"urlTemplate\":\"https:\\\/\\\/wpe-encheres.com\\\/site\\\/?s={search_term_string}\"},\"query-input\":{\"@type\":\"PropertyValueSpecification\",\"valueRequired\":true,\"valueName\":\"search_term_string\"}}],\"inLanguage\":\"fr-FR\"},{\"@type\":\"Organization\",\"@id\":\"https:\\\/\\\/wpe-encheres.com\\\/site\\\/#organization\",\"name\":\"wpe encheres\",\"url\":\"https:\\\/\\\/wpe-encheres.com\\\/site\\\/\",\"logo\":{\"@type\":\"ImageObject\",\"inLanguage\":\"fr-FR\",\"@id\":\"https:\\\/\\\/wpe-encheres.com\\\/site\\\/#\\\/schema\\\/logo\\\/image\\\/\",\"url\":\"https:\\\/\\\/wpe-encheres.com\\\/site\\\/wp-content\\\/uploads\\\/2025\\\/08\\\/wpe-encheres-logo.png\",\"contentUrl\":\"https:\\\/\\\/wpe-encheres.com\\\/site\\\/wp-content\\\/uploads\\\/2025\\\/08\\\/wpe-encheres-logo.png\",\"width\":300,\"height\":110,\"caption\":\"wpe encheres\"},\"image\":{\"@id\":\"https:\\\/\\\/wpe-encheres.com\\\/site\\\/#\\\/schema\\\/logo\\\/image\\\/\"}}]}<\/script>\n<!-- \/ Yoast SEO plugin. -->","yoast_head_json":{"title":"Chaise de marque Steelcase empilable, assise en tissu de couleur gris anthracite, dossier en tissu r\u00e9sille de couleur vert pomme, pi\u00e9tement porte-\u00e0-faux en m\u00e9tal noir. Dim : 84 x 45 x 60 cm. 103 UNIT\u00c9S AU TOTAL. (\u00e9tiquette 5029) 5\u00e8me \u00e9tage open-space vert : 7 unit\u00e9s 4\u00e8me \u00e9tage open-space vert : 9 unit\u00e9s 4\u00e8me \u00e9tage salle 410 : 7 unit\u00e9s 3\u00e8me \u00e9tage salle 303 : 2 unit\u00e9s 3\u00e8me \u00e9tage bureau manager : 1 unit\u00e9 3\u00e8me \u00e9tage salle 304 : 6 unit\u00e9s 3\u00e8me \u00e9tage bureaux open-space vert : 18 unit\u00e9s 2\u00e8me \u00e9tage bureaux open-space vert : 5 unit\u00e9s 2\u00e8me \u00e9tage salle 204 vert : 8 unit\u00e9s 2\u00e8me \u00e9tage bureaux open-space vert : 6 unit\u00e9s 1er \u00e9tage bureaux open-space vert : 8 unit\u00e9s 1er \u00e9tage salle 102 vert : 9 unit\u00e9s 1\u00e8re \u00e9tage salle 101 vert : 6 unit\u00e9s 1er \u00e9tage bureaux open-space vert zone centrale : 2 unit\u00e9s 1er \u00e9tage open-space zone centrale vert : 2 unit\u00e9s 1er \u00e9tage CSE : 2 unit\u00e9s Niveau 0 infirmerie : 3 unit\u00e9s Niveau -1 r\u00e9serve : 2 unit\u00e9s - wpe-encheres","robots":{"index":"index","follow":"follow","max-snippet":"max-snippet:-1","max-image-preview":"max-image-preview:large","max-video-preview":"max-video-preview:-1"},"canonical":"https:\/\/wpe-encheres.com\/site\/produit\/chaise-de-marque-steelcase-empilable-assise-en-tissu-de-couleur-gris-anthracite-dossier-en-tissu-resille-de-couleur-vert-pomme-pietement-porte-a-faux-en-metal-noir-dim-84-x-45-x-60-cm-103-unite\/","og_locale":"fr_FR","og_type":"article","og_title":"Chaise de marque Steelcase empilable, assise en tissu de couleur gris anthracite, dossier en tissu r\u00e9sille de couleur vert pomme, pi\u00e9tement porte-\u00e0-faux en m\u00e9tal noir. Dim : 84 x 45 x 60 cm. 103 UNIT\u00c9S AU TOTAL. (\u00e9tiquette 5029) 5\u00e8me \u00e9tage open-space vert : 7 unit\u00e9s 4\u00e8me \u00e9tage open-space vert : 9 unit\u00e9s 4\u00e8me \u00e9tage salle 410 : 7 unit\u00e9s 3\u00e8me \u00e9tage salle 303 : 2 unit\u00e9s 3\u00e8me \u00e9tage bureau manager : 1 unit\u00e9 3\u00e8me \u00e9tage salle 304 : 6 unit\u00e9s 3\u00e8me \u00e9tage bureaux open-space vert : 18 unit\u00e9s 2\u00e8me \u00e9tage bureaux open-space vert : 5 unit\u00e9s 2\u00e8me \u00e9tage salle 204 vert : 8 unit\u00e9s 2\u00e8me \u00e9tage bureaux open-space vert : 6 unit\u00e9s 1er \u00e9tage bureaux open-space vert : 8 unit\u00e9s 1er \u00e9tage salle 102 vert : 9 unit\u00e9s 1\u00e8re \u00e9tage salle 101 vert : 6 unit\u00e9s 1er \u00e9tage bureaux open-space vert zone centrale : 2 unit\u00e9s 1er \u00e9tage open-space zone centrale vert : 2 unit\u00e9s 1er \u00e9tage CSE : 2 unit\u00e9s Niveau 0 infirmerie : 3 unit\u00e9s Niveau -1 r\u00e9serve : 2 unit\u00e9s - wpe-encheres","og_description":"Chaise de marque Steelcase empilable, assise en tissu de couleur gris anthracite, dossier en tissu r\u00e9sille de couleur vert pomme, pi\u00e9tement porte-\u00e0-faux en m\u00e9tal noir. Dim : 84 x 45 x 60 cm. 103 UNIT\u00c9S AU TOTAL. (\u00e9tiquette 5029) 5\u00e8me \u00e9tage open-space vert : 7...","og_url":"https:\/\/wpe-encheres.com\/site\/produit\/chaise-de-marque-steelcase-empilable-assise-en-tissu-de-couleur-gris-anthracite-dossier-en-tissu-resille-de-couleur-vert-pomme-pietement-porte-a-faux-en-metal-noir-dim-84-x-45-x-60-cm-103-unite\/","og_site_name":"wpe-encheres","article_modified_time":"2026-02-10T19:25:23+00:00","og_image":[{"width":634,"height":965,"url":"https:\/\/wpe-encheres.com\/site\/wp-content\/uploads\/2026\/02\/6985d2de4573e.jpg","type":"image\/jpeg"}],"twitter_card":"summary_large_image","twitter_misc":{"Dur\u00e9e de lecture estim\u00e9e":"1 minute"},"schema":{"@context":"https:\/\/schema.org","@graph":[{"@type":"WebPage","@id":"https:\/\/wpe-encheres.com\/site\/produit\/chaise-de-marque-steelcase-empilable-assise-en-tissu-de-couleur-gris-anthracite-dossier-en-tissu-resille-de-couleur-vert-pomme-pietement-porte-a-faux-en-metal-noir-dim-84-x-45-x-60-cm-103-unite\/","url":"https:\/\/wpe-encheres.com\/site\/produit\/chaise-de-marque-steelcase-empilable-assise-en-tissu-de-couleur-gris-anthracite-dossier-en-tissu-resille-de-couleur-vert-pomme-pietement-porte-a-faux-en-metal-noir-dim-84-x-45-x-60-cm-103-unite\/","name":"Chaise de marque Steelcase empilable, assise en tissu de couleur gris anthracite, dossier en tissu r\u00e9sille de couleur vert pomme, pi\u00e9tement porte-\u00e0-faux en m\u00e9tal noir. Dim : 84 x 45 x 60 cm. 103 UNIT\u00c9S AU TOTAL. (\u00e9tiquette 5029) 5\u00e8me \u00e9tage open-space vert : 7 unit\u00e9s 4\u00e8me \u00e9tage open-space vert : 9 unit\u00e9s 4\u00e8me \u00e9tage salle 410 : 7 unit\u00e9s 3\u00e8me \u00e9tage salle 303 : 2 unit\u00e9s 3\u00e8me \u00e9tage bureau manager : 1 unit\u00e9 3\u00e8me \u00e9tage salle 304 : 6 unit\u00e9s 3\u00e8me \u00e9tage bureaux open-space vert : 18 unit\u00e9s 2\u00e8me \u00e9tage bureaux open-space vert : 5 unit\u00e9s 2\u00e8me \u00e9tage salle 204 vert : 8 unit\u00e9s 2\u00e8me \u00e9tage bureaux open-space vert : 6 unit\u00e9s 1er \u00e9tage bureaux open-space vert : 8 unit\u00e9s 1er \u00e9tage salle 102 vert : 9 unit\u00e9s 1\u00e8re \u00e9tage salle 101 vert : 6 unit\u00e9s 1er \u00e9tage bureaux open-space vert zone centrale : 2 unit\u00e9s 1er \u00e9tage open-space zone centrale vert : 2 unit\u00e9s 1er \u00e9tage CSE : 2 unit\u00e9s Niveau 0 infirmerie : 3 unit\u00e9s Niveau -1 r\u00e9serve : 2 unit\u00e9s - wpe-encheres","isPartOf":{"@id":"https:\/\/wpe-encheres.com\/site\/#website"},"primaryImageOfPage":{"@id":"https:\/\/wpe-encheres.com\/site\/produit\/chaise-de-marque-steelcase-empilable-assise-en-tissu-de-couleur-gris-anthracite-dossier-en-tissu-resille-de-couleur-vert-pomme-pietement-porte-a-faux-en-metal-noir-dim-84-x-45-x-60-cm-103-unite\/#primaryimage"},"image":{"@id":"https:\/\/wpe-encheres.com\/site\/produit\/chaise-de-marque-steelcase-empilable-assise-en-tissu-de-couleur-gris-anthracite-dossier-en-tissu-resille-de-couleur-vert-pomme-pietement-porte-a-faux-en-metal-noir-dim-84-x-45-x-60-cm-103-unite\/#primaryimage"},"thumbnailUrl":"https:\/\/wpe-encheres.com\/site\/wp-content\/uploads\/2026\/02\/6985d2de4573e.jpg","datePublished":"2026-02-06T15:45:07+00:00","dateModified":"2026-02-10T19:25:23+00:00","breadcrumb":{"@id":"https:\/\/wpe-encheres.com\/site\/produit\/chaise-de-marque-steelcase-empilable-assise-en-tissu-de-couleur-gris-anthracite-dossier-en-tissu-resille-de-couleur-vert-pomme-pietement-porte-a-faux-en-metal-noir-dim-84-x-45-x-60-cm-103-unite\/#breadcrumb"},"inLanguage":"fr-FR","potentialAction":[{"@type":"ReadAction","target":["https:\/\/wpe-encheres.com\/site\/produit\/chaise-de-marque-steelcase-empilable-assise-en-tissu-de-couleur-gris-anthracite-dossier-en-tissu-resille-de-couleur-vert-pomme-pietement-porte-a-faux-en-metal-noir-dim-84-x-45-x-60-cm-103-unite\/"]}]},{"@type":"ImageObject","inLanguage":"fr-FR","@id":"https:\/\/wpe-encheres.com\/site\/produit\/chaise-de-marque-steelcase-empilable-assise-en-tissu-de-couleur-gris-anthracite-dossier-en-tissu-resille-de-couleur-vert-pomme-pietement-porte-a-faux-en-metal-noir-dim-84-x-45-x-60-cm-103-unite\/#primaryimage","url":"https:\/\/wpe-encheres.com\/site\/wp-content\/uploads\/2026\/02\/6985d2de4573e.jpg","contentUrl":"https:\/\/wpe-encheres.com\/site\/wp-content\/uploads\/2026\/02\/6985d2de4573e.jpg","width":634,"height":965},{"@type":"BreadcrumbList","@id":"https:\/\/wpe-encheres.com\/site\/produit\/chaise-de-marque-steelcase-empilable-assise-en-tissu-de-couleur-gris-anthracite-dossier-en-tissu-resille-de-couleur-vert-pomme-pietement-porte-a-faux-en-metal-noir-dim-84-x-45-x-60-cm-103-unite\/#breadcrumb","itemListElement":[{"@type":"ListItem","position":1,"name":"Accueil","item":"https:\/\/wpe-encheres.com\/site\/"},{"@type":"ListItem","position":2,"name":"Boutique","item":"https:\/\/wpe-encheres.com\/site\/?page_id=22765"},{"@type":"ListItem","position":3,"name":"Chaise de marque Steelcase empilable, assise en tissu de couleur gris anthracite, dossier en tissu r\u00e9sille de couleur vert pomme, pi\u00e9tement porte-\u00e0-faux en m\u00e9tal noir. Dim : 84 x 45 x 60 cm. 103 UNIT\u00c9S AU TOTAL. (\u00e9tiquette 5029) 5\u00e8me \u00e9tage open-space vert : 7 unit\u00e9s 4\u00e8me \u00e9tage open-space vert : 9 unit\u00e9s 4\u00e8me \u00e9tage salle 410 : 7 unit\u00e9s 3\u00e8me \u00e9tage salle 303 : 2 unit\u00e9s 3\u00e8me \u00e9tage bureau manager : 1 unit\u00e9 3\u00e8me \u00e9tage salle 304 : 6 unit\u00e9s 3\u00e8me \u00e9tage bureaux open-space vert : 18 unit\u00e9s 2\u00e8me \u00e9tage bureaux open-space vert : 5 unit\u00e9s 2\u00e8me \u00e9tage salle 204 vert : 8 unit\u00e9s 2\u00e8me \u00e9tage bureaux open-space vert : 6 unit\u00e9s 1er \u00e9tage bureaux open-space vert : 8 unit\u00e9s 1er \u00e9tage salle 102 vert : 9 unit\u00e9s 1\u00e8re \u00e9tage salle 101 vert : 6 unit\u00e9s 1er \u00e9tage bureaux open-space vert zone centrale : 2 unit\u00e9s 1er \u00e9tage open-space zone centrale vert : 2 unit\u00e9s 1er \u00e9tage CSE : 2 unit\u00e9s Niveau 0 infirmerie : 3 unit\u00e9s Niveau -1 r\u00e9serve : 2 unit\u00e9s"}]},{"@type":"WebSite","@id":"https:\/\/wpe-encheres.com\/site\/#website","url":"https:\/\/wpe-encheres.com\/site\/","name":"wpe-encheres","description":"","publisher":{"@id":"https:\/\/wpe-encheres.com\/site\/#organization"},"potentialAction":[{"@type":"SearchAction","target":{"@type":"EntryPoint","urlTemplate":"https:\/\/wpe-encheres.com\/site\/?s={search_term_string}"},"query-input":{"@type":"PropertyValueSpecification","valueRequired":true,"valueName":"search_term_string"}}],"inLanguage":"fr-FR"},{"@type":"Organization","@id":"https:\/\/wpe-encheres.com\/site\/#organization","name":"wpe encheres","url":"https:\/\/wpe-encheres.com\/site\/","logo":{"@type":"ImageObject","inLanguage":"fr-FR","@id":"https:\/\/wpe-encheres.com\/site\/#\/schema\/logo\/image\/","url":"https:\/\/wpe-encheres.com\/site\/wp-content\/uploads\/2025\/08\/wpe-encheres-logo.png","contentUrl":"https:\/\/wpe-encheres.com\/site\/wp-content\/uploads\/2025\/08\/wpe-encheres-logo.png","width":300,"height":110,"caption":"wpe encheres"},"image":{"@id":"https:\/\/wpe-encheres.com\/site\/#\/schema\/logo\/image\/"}}]}},"_links":{"self":[{"href":"https:\/\/wpe-encheres.com\/site\/wp-json\/wp\/v2\/product\/39984","targetHints":{"allow":["GET"]}}],"collection":[{"href":"https:\/\/wpe-encheres.com\/site\/wp-json\/wp\/v2\/product"}],"about":[{"href":"https:\/\/wpe-encheres.com\/site\/wp-json\/wp\/v2\/types\/product"}],"wp:featuredmedia":[{"embeddable":true,"href":"https:\/\/wpe-encheres.com\/site\/wp-json\/wp\/v2\/media\/39985"}],"wp:attachment":[{"href":"https:\/\/wpe-encheres.com\/site\/wp-json\/wp\/v2\/media?parent=39984"}],"wp:term":[{"taxonomy":"product_brand","embeddable":true,"href":"https:\/\/wpe-encheres.com\/site\/wp-json\/wp\/v2\/product_brand?post=39984"},{"taxonomy":"product_cat","embeddable":true,"href":"https:\/\/wpe-encheres.com\/site\/wp-json\/wp\/v2\/product_cat?post=39984"},{"taxonomy":"product_tag","embeddable":true,"href":"https:\/\/wpe-encheres.com\/site\/wp-json\/wp\/v2\/product_tag?post=39984"}],"curies":[{"name":"wp","href":"https:\/\/api.w.org\/{rel}","templated":true}]}}