{"id":39979,"date":"2026-02-06T16:44:16","date_gmt":"2026-02-06T15:44:16","guid":{"rendered":"https:\/\/wpe-encheres.com\/site\/produit\/chaise-empilable-de-marque-steelcase-assise-en-tissu-de-couleur-rouge-dossier-en-tissu-resille-de-couleur-noir-pietement-porte-a-faux-en-metal-noir-dim-84-x-45-x-60-cm-95-unites-au-total-etiq\/"},"modified":"2026-02-10T20:25:23","modified_gmt":"2026-02-10T19:25:23","slug":"chaise-empilable-de-marque-steelcase-assise-en-tissu-de-couleur-rouge-dossier-en-tissu-resille-de-couleur-noir-pietement-porte-a-faux-en-metal-noir-dim-84-x-45-x-60-cm-95-unites-au-total-etiq","status":"publish","type":"product","link":"https:\/\/wpe-encheres.com\/site\/produit\/chaise-empilable-de-marque-steelcase-assise-en-tissu-de-couleur-rouge-dossier-en-tissu-resille-de-couleur-noir-pietement-porte-a-faux-en-metal-noir-dim-84-x-45-x-60-cm-95-unites-au-total-etiq\/","title":{"rendered":"Chaise empilable de marque Steelcase, assise en tissu de couleur rouge, dossier en tissu r\u00e9sille de couleur noir, pi\u00e9tement porte-\u00e0-faux en m\u00e9tal noir. Dim : 84 x 45 x 60 cm. 95 UNIT\u00c9S AU TOTAL. (\u00e9tiquette 5028)\n\n5\u00e8me \u00e9tage salle 505 : 1 unit\u00e9 \n5\u00e8me \u00e9tage salle 504 : 9 unit\u00e9s \n5\u00e8me \u00e9tage rouge bureau de Laure Masclet : 1 unit\u00e9 \n5\u00e8me \u00e9tage rouge bureau Jean Raia : 1 unit\u00e9 \n5\u00e8me \u00e9tage rouge bureau en face de l&rsquo;espace d\u00e9tente: 1 unit\u00e9 \n4\u00e8me \u00e9tage open-space rouge : 12 unit\u00e9s \n4\u00e8me \u00e9tage salle 409 rouge : 7 unit\u00e9s \n3\u00e8me \u00e9tage open-space rouge : 8 unit\u00e9s \n3\u00e8me \u00e9tage salle 306 rouge : 3 unit\u00e9s \n3eme \u00e9tage salle 305 rouge : 8 unit\u00e9s \n2\u00e8me \u00e9tage salle 205 rouge : 7 unit\u00e9s \n2\u00e8me \u00e9tage bureaux open-space rouge : 11 unit\u00e9s \n1er \u00e9tage bureaux open-space rouge : 4 unit\u00e9s \n1er \u00e9tage open-space bureau rouge deuxi\u00e8me zone : 2 unit\u00e9s \n1er \u00e9tage salle 103 : 7 unit\u00e9s\nNiveau -1 r\u00e9serve : 13 unit\u00e9s"},"content":{"rendered":"<p>Chaise empilable de marque Steelcase, assise en tissu de couleur rouge, dossier en tissu r\u00e9sille de couleur noir, pi\u00e9tement porte-\u00e0-faux en m\u00e9tal noir. Dim : 84 x 45 x 60 cm. 95 UNIT\u00c9S AU TOTAL. (\u00e9tiquette 5028)<\/p>\n<p>5\u00e8me \u00e9tage salle 505 : 1 unit\u00e9<br \/>\n5\u00e8me \u00e9tage salle 504 : 9 unit\u00e9s<br \/>\n5\u00e8me \u00e9tage rouge bureau de Laure Masclet : 1 unit\u00e9<br \/>\n5\u00e8me \u00e9tage rouge bureau Jean Raia : 1 unit\u00e9<br \/>\n5\u00e8me \u00e9tage rouge bureau en face de l&rsquo;espace d\u00e9tente: 1 unit\u00e9<br \/>\n4\u00e8me \u00e9tage open-space rouge : 12 unit\u00e9s<br \/>\n4\u00e8me \u00e9tage salle 409 rouge : 7 unit\u00e9s<br \/>\n3\u00e8me \u00e9tage open-space rouge : 8 unit\u00e9s<br \/>\n3\u00e8me \u00e9tage salle 306 rouge : 3 unit\u00e9s<br \/>\n3eme \u00e9tage salle 305 rouge : 8 unit\u00e9s<br \/>\n2\u00e8me \u00e9tage salle 205 rouge : 7 unit\u00e9s<br \/>\n2\u00e8me \u00e9tage bureaux open-space rouge : 11 unit\u00e9s<br \/>\n1er \u00e9tage bureaux open-space rouge : 4 unit\u00e9s<br \/>\n1er \u00e9tage open-space bureau rouge deuxi\u00e8me zone : 2 unit\u00e9s<br \/>\n1er \u00e9tage salle 103 : 7 unit\u00e9s<br \/>\nNiveau -1 r\u00e9serve : 13 unit\u00e9s<\/p>\n","protected":false},"excerpt":{"rendered":"<p>Chaise empilable de marque Steelcase, assise en tissu de couleur rouge, dossier en tissu r\u00e9sille de couleur noir, pi\u00e9tement porte-\u00e0-faux en m\u00e9tal noir. Dim : 84 x 45 x 60 cm. 95 UNIT\u00c9S AU TOTAL. (\u00e9tiquette 5028) 5\u00e8me \u00e9tage salle 505 : 1 unit\u00e9 5\u00e8me&#8230;<\/p>\n","protected":false},"featured_media":39980,"template":"","meta":{"_acf_changed":false},"product_brand":[],"product_cat":[24],"product_tag":[70],"class_list":{"0":"post-39979","1":"product","2":"type-product","3":"status-publish","4":"has-post-thumbnail","6":"product_cat-mobilier-de-bureau-equipement-du-bureau","7":"product_tag-vente-privee-fev2026","9":"first","10":"instock","11":"product-type-simple"},"acf":[],"yoast_head":"<!-- This site is optimized with the Yoast SEO plugin v27.3 - https:\/\/yoast.com\/product\/yoast-seo-wordpress\/ -->\n<title>Chaise empilable de marque Steelcase, assise en tissu de couleur rouge, dossier en tissu r\u00e9sille de couleur noir, pi\u00e9tement porte-\u00e0-faux en m\u00e9tal noir. Dim : 84 x 45 x 60 cm. 95 UNIT\u00c9S AU TOTAL. (\u00e9tiquette 5028) 5\u00e8me \u00e9tage salle 505 : 1 unit\u00e9 5\u00e8me \u00e9tage salle 504 : 9 unit\u00e9s 5\u00e8me \u00e9tage rouge bureau de Laure Masclet : 1 unit\u00e9 5\u00e8me \u00e9tage rouge bureau Jean Raia : 1 unit\u00e9 5\u00e8me \u00e9tage rouge bureau en face de l&#039;espace d\u00e9tente: 1 unit\u00e9 4\u00e8me \u00e9tage open-space rouge : 12 unit\u00e9s 4\u00e8me \u00e9tage salle 409 rouge : 7 unit\u00e9s 3\u00e8me \u00e9tage open-space rouge : 8 unit\u00e9s 3\u00e8me \u00e9tage salle 306 rouge : 3 unit\u00e9s 3eme \u00e9tage salle 305 rouge : 8 unit\u00e9s 2\u00e8me \u00e9tage salle 205 rouge : 7 unit\u00e9s 2\u00e8me \u00e9tage bureaux open-space rouge : 11 unit\u00e9s 1er \u00e9tage bureaux open-space rouge : 4 unit\u00e9s 1er \u00e9tage open-space bureau rouge deuxi\u00e8me zone : 2 unit\u00e9s 1er \u00e9tage salle 103 : 7 unit\u00e9s Niveau -1 r\u00e9serve : 13 unit\u00e9s - wpe-encheres<\/title>\n<meta name=\"robots\" content=\"index, follow, max-snippet:-1, max-image-preview:large, max-video-preview:-1\" \/>\n<link rel=\"canonical\" href=\"https:\/\/wpe-encheres.com\/site\/produit\/chaise-empilable-de-marque-steelcase-assise-en-tissu-de-couleur-rouge-dossier-en-tissu-resille-de-couleur-noir-pietement-porte-a-faux-en-metal-noir-dim-84-x-45-x-60-cm-95-unites-au-total-etiq\/\" \/>\n<meta property=\"og:locale\" content=\"fr_FR\" \/>\n<meta property=\"og:type\" content=\"article\" \/>\n<meta property=\"og:title\" content=\"Chaise empilable de marque Steelcase, assise en tissu de couleur rouge, dossier en tissu r\u00e9sille de couleur noir, pi\u00e9tement porte-\u00e0-faux en m\u00e9tal noir. Dim : 84 x 45 x 60 cm. 95 UNIT\u00c9S AU TOTAL. (\u00e9tiquette 5028) 5\u00e8me \u00e9tage salle 505 : 1 unit\u00e9 5\u00e8me \u00e9tage salle 504 : 9 unit\u00e9s 5\u00e8me \u00e9tage rouge bureau de Laure Masclet : 1 unit\u00e9 5\u00e8me \u00e9tage rouge bureau Jean Raia : 1 unit\u00e9 5\u00e8me \u00e9tage rouge bureau en face de l&#039;espace d\u00e9tente: 1 unit\u00e9 4\u00e8me \u00e9tage open-space rouge : 12 unit\u00e9s 4\u00e8me \u00e9tage salle 409 rouge : 7 unit\u00e9s 3\u00e8me \u00e9tage open-space rouge : 8 unit\u00e9s 3\u00e8me \u00e9tage salle 306 rouge : 3 unit\u00e9s 3eme \u00e9tage salle 305 rouge : 8 unit\u00e9s 2\u00e8me \u00e9tage salle 205 rouge : 7 unit\u00e9s 2\u00e8me \u00e9tage bureaux open-space rouge : 11 unit\u00e9s 1er \u00e9tage bureaux open-space rouge : 4 unit\u00e9s 1er \u00e9tage open-space bureau rouge deuxi\u00e8me zone : 2 unit\u00e9s 1er \u00e9tage salle 103 : 7 unit\u00e9s Niveau -1 r\u00e9serve : 13 unit\u00e9s - wpe-encheres\" \/>\n<meta property=\"og:description\" content=\"Chaise empilable de marque Steelcase, assise en tissu de couleur rouge, dossier en tissu r\u00e9sille de couleur noir, pi\u00e9tement porte-\u00e0-faux en m\u00e9tal noir. Dim : 84 x 45 x 60 cm. 95 UNIT\u00c9S AU TOTAL. (\u00e9tiquette 5028) 5\u00e8me \u00e9tage salle 505 : 1 unit\u00e9 5\u00e8me...\" \/>\n<meta property=\"og:url\" content=\"https:\/\/wpe-encheres.com\/site\/produit\/chaise-empilable-de-marque-steelcase-assise-en-tissu-de-couleur-rouge-dossier-en-tissu-resille-de-couleur-noir-pietement-porte-a-faux-en-metal-noir-dim-84-x-45-x-60-cm-95-unites-au-total-etiq\/\" \/>\n<meta property=\"og:site_name\" content=\"wpe-encheres\" \/>\n<meta property=\"article:modified_time\" content=\"2026-02-10T19:25:23+00:00\" \/>\n<meta property=\"og:image\" content=\"https:\/\/wpe-encheres.com\/site\/wp-content\/uploads\/2026\/02\/6985d2d816603.jpg\" \/>\n\t<meta property=\"og:image:width\" content=\"616\" \/>\n\t<meta property=\"og:image:height\" content=\"954\" \/>\n\t<meta property=\"og:image:type\" content=\"image\/jpeg\" \/>\n<meta name=\"twitter:card\" content=\"summary_large_image\" \/>\n<meta name=\"twitter:label1\" content=\"Dur\u00e9e de lecture estim\u00e9e\" \/>\n\t<meta name=\"twitter:data1\" content=\"1 minute\" \/>\n<script type=\"application\/ld+json\" class=\"yoast-schema-graph\">{\"@context\":\"https:\\\/\\\/schema.org\",\"@graph\":[{\"@type\":\"WebPage\",\"@id\":\"https:\\\/\\\/wpe-encheres.com\\\/site\\\/produit\\\/chaise-empilable-de-marque-steelcase-assise-en-tissu-de-couleur-rouge-dossier-en-tissu-resille-de-couleur-noir-pietement-porte-a-faux-en-metal-noir-dim-84-x-45-x-60-cm-95-unites-au-total-etiq\\\/\",\"url\":\"https:\\\/\\\/wpe-encheres.com\\\/site\\\/produit\\\/chaise-empilable-de-marque-steelcase-assise-en-tissu-de-couleur-rouge-dossier-en-tissu-resille-de-couleur-noir-pietement-porte-a-faux-en-metal-noir-dim-84-x-45-x-60-cm-95-unites-au-total-etiq\\\/\",\"name\":\"Chaise empilable de marque Steelcase, assise en tissu de couleur rouge, dossier en tissu r\u00e9sille de couleur noir, pi\u00e9tement porte-\u00e0-faux en m\u00e9tal noir. Dim : 84 x 45 x 60 cm. 95 UNIT\u00c9S AU TOTAL. (\u00e9tiquette 5028) 5\u00e8me \u00e9tage salle 505 : 1 unit\u00e9 5\u00e8me \u00e9tage salle 504 : 9 unit\u00e9s 5\u00e8me \u00e9tage rouge bureau de Laure Masclet : 1 unit\u00e9 5\u00e8me \u00e9tage rouge bureau Jean Raia : 1 unit\u00e9 5\u00e8me \u00e9tage rouge bureau en face de l'espace d\u00e9tente: 1 unit\u00e9 4\u00e8me \u00e9tage open-space rouge : 12 unit\u00e9s 4\u00e8me \u00e9tage salle 409 rouge : 7 unit\u00e9s 3\u00e8me \u00e9tage open-space rouge : 8 unit\u00e9s 3\u00e8me \u00e9tage salle 306 rouge : 3 unit\u00e9s 3eme \u00e9tage salle 305 rouge : 8 unit\u00e9s 2\u00e8me \u00e9tage salle 205 rouge : 7 unit\u00e9s 2\u00e8me \u00e9tage bureaux open-space rouge : 11 unit\u00e9s 1er \u00e9tage bureaux open-space rouge : 4 unit\u00e9s 1er \u00e9tage open-space bureau rouge deuxi\u00e8me zone : 2 unit\u00e9s 1er \u00e9tage salle 103 : 7 unit\u00e9s Niveau -1 r\u00e9serve : 13 unit\u00e9s - wpe-encheres\",\"isPartOf\":{\"@id\":\"https:\\\/\\\/wpe-encheres.com\\\/site\\\/#website\"},\"primaryImageOfPage\":{\"@id\":\"https:\\\/\\\/wpe-encheres.com\\\/site\\\/produit\\\/chaise-empilable-de-marque-steelcase-assise-en-tissu-de-couleur-rouge-dossier-en-tissu-resille-de-couleur-noir-pietement-porte-a-faux-en-metal-noir-dim-84-x-45-x-60-cm-95-unites-au-total-etiq\\\/#primaryimage\"},\"image\":{\"@id\":\"https:\\\/\\\/wpe-encheres.com\\\/site\\\/produit\\\/chaise-empilable-de-marque-steelcase-assise-en-tissu-de-couleur-rouge-dossier-en-tissu-resille-de-couleur-noir-pietement-porte-a-faux-en-metal-noir-dim-84-x-45-x-60-cm-95-unites-au-total-etiq\\\/#primaryimage\"},\"thumbnailUrl\":\"https:\\\/\\\/wpe-encheres.com\\\/site\\\/wp-content\\\/uploads\\\/2026\\\/02\\\/6985d2d816603.jpg\",\"datePublished\":\"2026-02-06T15:44:16+00:00\",\"dateModified\":\"2026-02-10T19:25:23+00:00\",\"breadcrumb\":{\"@id\":\"https:\\\/\\\/wpe-encheres.com\\\/site\\\/produit\\\/chaise-empilable-de-marque-steelcase-assise-en-tissu-de-couleur-rouge-dossier-en-tissu-resille-de-couleur-noir-pietement-porte-a-faux-en-metal-noir-dim-84-x-45-x-60-cm-95-unites-au-total-etiq\\\/#breadcrumb\"},\"inLanguage\":\"fr-FR\",\"potentialAction\":[{\"@type\":\"ReadAction\",\"target\":[\"https:\\\/\\\/wpe-encheres.com\\\/site\\\/produit\\\/chaise-empilable-de-marque-steelcase-assise-en-tissu-de-couleur-rouge-dossier-en-tissu-resille-de-couleur-noir-pietement-porte-a-faux-en-metal-noir-dim-84-x-45-x-60-cm-95-unites-au-total-etiq\\\/\"]}]},{\"@type\":\"ImageObject\",\"inLanguage\":\"fr-FR\",\"@id\":\"https:\\\/\\\/wpe-encheres.com\\\/site\\\/produit\\\/chaise-empilable-de-marque-steelcase-assise-en-tissu-de-couleur-rouge-dossier-en-tissu-resille-de-couleur-noir-pietement-porte-a-faux-en-metal-noir-dim-84-x-45-x-60-cm-95-unites-au-total-etiq\\\/#primaryimage\",\"url\":\"https:\\\/\\\/wpe-encheres.com\\\/site\\\/wp-content\\\/uploads\\\/2026\\\/02\\\/6985d2d816603.jpg\",\"contentUrl\":\"https:\\\/\\\/wpe-encheres.com\\\/site\\\/wp-content\\\/uploads\\\/2026\\\/02\\\/6985d2d816603.jpg\",\"width\":616,\"height\":954},{\"@type\":\"BreadcrumbList\",\"@id\":\"https:\\\/\\\/wpe-encheres.com\\\/site\\\/produit\\\/chaise-empilable-de-marque-steelcase-assise-en-tissu-de-couleur-rouge-dossier-en-tissu-resille-de-couleur-noir-pietement-porte-a-faux-en-metal-noir-dim-84-x-45-x-60-cm-95-unites-au-total-etiq\\\/#breadcrumb\",\"itemListElement\":[{\"@type\":\"ListItem\",\"position\":1,\"name\":\"Accueil\",\"item\":\"https:\\\/\\\/wpe-encheres.com\\\/site\\\/\"},{\"@type\":\"ListItem\",\"position\":2,\"name\":\"Boutique\",\"item\":\"https:\\\/\\\/wpe-encheres.com\\\/site\\\/?page_id=22765\"},{\"@type\":\"ListItem\",\"position\":3,\"name\":\"Chaise empilable de marque Steelcase, assise en tissu de couleur rouge, dossier en tissu r\u00e9sille de couleur noir, pi\u00e9tement porte-\u00e0-faux en m\u00e9tal noir. Dim : 84 x 45 x 60 cm. 95 UNIT\u00c9S AU TOTAL. (\u00e9tiquette 5028) 5\u00e8me \u00e9tage salle 505 : 1 unit\u00e9 5\u00e8me \u00e9tage salle 504 : 9 unit\u00e9s 5\u00e8me \u00e9tage rouge bureau de Laure Masclet : 1 unit\u00e9 5\u00e8me \u00e9tage rouge bureau Jean Raia : 1 unit\u00e9 5\u00e8me \u00e9tage rouge bureau en face de l&rsquo;espace d\u00e9tente: 1 unit\u00e9 4\u00e8me \u00e9tage open-space rouge : 12 unit\u00e9s 4\u00e8me \u00e9tage salle 409 rouge : 7 unit\u00e9s 3\u00e8me \u00e9tage open-space rouge : 8 unit\u00e9s 3\u00e8me \u00e9tage salle 306 rouge : 3 unit\u00e9s 3eme \u00e9tage salle 305 rouge : 8 unit\u00e9s 2\u00e8me \u00e9tage salle 205 rouge : 7 unit\u00e9s 2\u00e8me \u00e9tage bureaux open-space rouge : 11 unit\u00e9s 1er \u00e9tage bureaux open-space rouge : 4 unit\u00e9s 1er \u00e9tage open-space bureau rouge deuxi\u00e8me zone : 2 unit\u00e9s 1er \u00e9tage salle 103 : 7 unit\u00e9s Niveau -1 r\u00e9serve : 13 unit\u00e9s\"}]},{\"@type\":\"WebSite\",\"@id\":\"https:\\\/\\\/wpe-encheres.com\\\/site\\\/#website\",\"url\":\"https:\\\/\\\/wpe-encheres.com\\\/site\\\/\",\"name\":\"wpe-encheres\",\"description\":\"\",\"publisher\":{\"@id\":\"https:\\\/\\\/wpe-encheres.com\\\/site\\\/#organization\"},\"potentialAction\":[{\"@type\":\"SearchAction\",\"target\":{\"@type\":\"EntryPoint\",\"urlTemplate\":\"https:\\\/\\\/wpe-encheres.com\\\/site\\\/?s={search_term_string}\"},\"query-input\":{\"@type\":\"PropertyValueSpecification\",\"valueRequired\":true,\"valueName\":\"search_term_string\"}}],\"inLanguage\":\"fr-FR\"},{\"@type\":\"Organization\",\"@id\":\"https:\\\/\\\/wpe-encheres.com\\\/site\\\/#organization\",\"name\":\"wpe encheres\",\"url\":\"https:\\\/\\\/wpe-encheres.com\\\/site\\\/\",\"logo\":{\"@type\":\"ImageObject\",\"inLanguage\":\"fr-FR\",\"@id\":\"https:\\\/\\\/wpe-encheres.com\\\/site\\\/#\\\/schema\\\/logo\\\/image\\\/\",\"url\":\"https:\\\/\\\/wpe-encheres.com\\\/site\\\/wp-content\\\/uploads\\\/2025\\\/08\\\/wpe-encheres-logo.png\",\"contentUrl\":\"https:\\\/\\\/wpe-encheres.com\\\/site\\\/wp-content\\\/uploads\\\/2025\\\/08\\\/wpe-encheres-logo.png\",\"width\":300,\"height\":110,\"caption\":\"wpe encheres\"},\"image\":{\"@id\":\"https:\\\/\\\/wpe-encheres.com\\\/site\\\/#\\\/schema\\\/logo\\\/image\\\/\"}}]}<\/script>\n<!-- \/ Yoast SEO plugin. -->","yoast_head_json":{"title":"Chaise empilable de marque Steelcase, assise en tissu de couleur rouge, dossier en tissu r\u00e9sille de couleur noir, pi\u00e9tement porte-\u00e0-faux en m\u00e9tal noir. Dim : 84 x 45 x 60 cm. 95 UNIT\u00c9S AU TOTAL. (\u00e9tiquette 5028) 5\u00e8me \u00e9tage salle 505 : 1 unit\u00e9 5\u00e8me \u00e9tage salle 504 : 9 unit\u00e9s 5\u00e8me \u00e9tage rouge bureau de Laure Masclet : 1 unit\u00e9 5\u00e8me \u00e9tage rouge bureau Jean Raia : 1 unit\u00e9 5\u00e8me \u00e9tage rouge bureau en face de l'espace d\u00e9tente: 1 unit\u00e9 4\u00e8me \u00e9tage open-space rouge : 12 unit\u00e9s 4\u00e8me \u00e9tage salle 409 rouge : 7 unit\u00e9s 3\u00e8me \u00e9tage open-space rouge : 8 unit\u00e9s 3\u00e8me \u00e9tage salle 306 rouge : 3 unit\u00e9s 3eme \u00e9tage salle 305 rouge : 8 unit\u00e9s 2\u00e8me \u00e9tage salle 205 rouge : 7 unit\u00e9s 2\u00e8me \u00e9tage bureaux open-space rouge : 11 unit\u00e9s 1er \u00e9tage bureaux open-space rouge : 4 unit\u00e9s 1er \u00e9tage open-space bureau rouge deuxi\u00e8me zone : 2 unit\u00e9s 1er \u00e9tage salle 103 : 7 unit\u00e9s Niveau -1 r\u00e9serve : 13 unit\u00e9s - wpe-encheres","robots":{"index":"index","follow":"follow","max-snippet":"max-snippet:-1","max-image-preview":"max-image-preview:large","max-video-preview":"max-video-preview:-1"},"canonical":"https:\/\/wpe-encheres.com\/site\/produit\/chaise-empilable-de-marque-steelcase-assise-en-tissu-de-couleur-rouge-dossier-en-tissu-resille-de-couleur-noir-pietement-porte-a-faux-en-metal-noir-dim-84-x-45-x-60-cm-95-unites-au-total-etiq\/","og_locale":"fr_FR","og_type":"article","og_title":"Chaise empilable de marque Steelcase, assise en tissu de couleur rouge, dossier en tissu r\u00e9sille de couleur noir, pi\u00e9tement porte-\u00e0-faux en m\u00e9tal noir. Dim : 84 x 45 x 60 cm. 95 UNIT\u00c9S AU TOTAL. (\u00e9tiquette 5028) 5\u00e8me \u00e9tage salle 505 : 1 unit\u00e9 5\u00e8me \u00e9tage salle 504 : 9 unit\u00e9s 5\u00e8me \u00e9tage rouge bureau de Laure Masclet : 1 unit\u00e9 5\u00e8me \u00e9tage rouge bureau Jean Raia : 1 unit\u00e9 5\u00e8me \u00e9tage rouge bureau en face de l'espace d\u00e9tente: 1 unit\u00e9 4\u00e8me \u00e9tage open-space rouge : 12 unit\u00e9s 4\u00e8me \u00e9tage salle 409 rouge : 7 unit\u00e9s 3\u00e8me \u00e9tage open-space rouge : 8 unit\u00e9s 3\u00e8me \u00e9tage salle 306 rouge : 3 unit\u00e9s 3eme \u00e9tage salle 305 rouge : 8 unit\u00e9s 2\u00e8me \u00e9tage salle 205 rouge : 7 unit\u00e9s 2\u00e8me \u00e9tage bureaux open-space rouge : 11 unit\u00e9s 1er \u00e9tage bureaux open-space rouge : 4 unit\u00e9s 1er \u00e9tage open-space bureau rouge deuxi\u00e8me zone : 2 unit\u00e9s 1er \u00e9tage salle 103 : 7 unit\u00e9s Niveau -1 r\u00e9serve : 13 unit\u00e9s - wpe-encheres","og_description":"Chaise empilable de marque Steelcase, assise en tissu de couleur rouge, dossier en tissu r\u00e9sille de couleur noir, pi\u00e9tement porte-\u00e0-faux en m\u00e9tal noir. Dim : 84 x 45 x 60 cm. 95 UNIT\u00c9S AU TOTAL. (\u00e9tiquette 5028) 5\u00e8me \u00e9tage salle 505 : 1 unit\u00e9 5\u00e8me...","og_url":"https:\/\/wpe-encheres.com\/site\/produit\/chaise-empilable-de-marque-steelcase-assise-en-tissu-de-couleur-rouge-dossier-en-tissu-resille-de-couleur-noir-pietement-porte-a-faux-en-metal-noir-dim-84-x-45-x-60-cm-95-unites-au-total-etiq\/","og_site_name":"wpe-encheres","article_modified_time":"2026-02-10T19:25:23+00:00","og_image":[{"width":616,"height":954,"url":"https:\/\/wpe-encheres.com\/site\/wp-content\/uploads\/2026\/02\/6985d2d816603.jpg","type":"image\/jpeg"}],"twitter_card":"summary_large_image","twitter_misc":{"Dur\u00e9e de lecture estim\u00e9e":"1 minute"},"schema":{"@context":"https:\/\/schema.org","@graph":[{"@type":"WebPage","@id":"https:\/\/wpe-encheres.com\/site\/produit\/chaise-empilable-de-marque-steelcase-assise-en-tissu-de-couleur-rouge-dossier-en-tissu-resille-de-couleur-noir-pietement-porte-a-faux-en-metal-noir-dim-84-x-45-x-60-cm-95-unites-au-total-etiq\/","url":"https:\/\/wpe-encheres.com\/site\/produit\/chaise-empilable-de-marque-steelcase-assise-en-tissu-de-couleur-rouge-dossier-en-tissu-resille-de-couleur-noir-pietement-porte-a-faux-en-metal-noir-dim-84-x-45-x-60-cm-95-unites-au-total-etiq\/","name":"Chaise empilable de marque Steelcase, assise en tissu de couleur rouge, dossier en tissu r\u00e9sille de couleur noir, pi\u00e9tement porte-\u00e0-faux en m\u00e9tal noir. Dim : 84 x 45 x 60 cm. 95 UNIT\u00c9S AU TOTAL. (\u00e9tiquette 5028) 5\u00e8me \u00e9tage salle 505 : 1 unit\u00e9 5\u00e8me \u00e9tage salle 504 : 9 unit\u00e9s 5\u00e8me \u00e9tage rouge bureau de Laure Masclet : 1 unit\u00e9 5\u00e8me \u00e9tage rouge bureau Jean Raia : 1 unit\u00e9 5\u00e8me \u00e9tage rouge bureau en face de l'espace d\u00e9tente: 1 unit\u00e9 4\u00e8me \u00e9tage open-space rouge : 12 unit\u00e9s 4\u00e8me \u00e9tage salle 409 rouge : 7 unit\u00e9s 3\u00e8me \u00e9tage open-space rouge : 8 unit\u00e9s 3\u00e8me \u00e9tage salle 306 rouge : 3 unit\u00e9s 3eme \u00e9tage salle 305 rouge : 8 unit\u00e9s 2\u00e8me \u00e9tage salle 205 rouge : 7 unit\u00e9s 2\u00e8me \u00e9tage bureaux open-space rouge : 11 unit\u00e9s 1er \u00e9tage bureaux open-space rouge : 4 unit\u00e9s 1er \u00e9tage open-space bureau rouge deuxi\u00e8me zone : 2 unit\u00e9s 1er \u00e9tage salle 103 : 7 unit\u00e9s Niveau -1 r\u00e9serve : 13 unit\u00e9s - wpe-encheres","isPartOf":{"@id":"https:\/\/wpe-encheres.com\/site\/#website"},"primaryImageOfPage":{"@id":"https:\/\/wpe-encheres.com\/site\/produit\/chaise-empilable-de-marque-steelcase-assise-en-tissu-de-couleur-rouge-dossier-en-tissu-resille-de-couleur-noir-pietement-porte-a-faux-en-metal-noir-dim-84-x-45-x-60-cm-95-unites-au-total-etiq\/#primaryimage"},"image":{"@id":"https:\/\/wpe-encheres.com\/site\/produit\/chaise-empilable-de-marque-steelcase-assise-en-tissu-de-couleur-rouge-dossier-en-tissu-resille-de-couleur-noir-pietement-porte-a-faux-en-metal-noir-dim-84-x-45-x-60-cm-95-unites-au-total-etiq\/#primaryimage"},"thumbnailUrl":"https:\/\/wpe-encheres.com\/site\/wp-content\/uploads\/2026\/02\/6985d2d816603.jpg","datePublished":"2026-02-06T15:44:16+00:00","dateModified":"2026-02-10T19:25:23+00:00","breadcrumb":{"@id":"https:\/\/wpe-encheres.com\/site\/produit\/chaise-empilable-de-marque-steelcase-assise-en-tissu-de-couleur-rouge-dossier-en-tissu-resille-de-couleur-noir-pietement-porte-a-faux-en-metal-noir-dim-84-x-45-x-60-cm-95-unites-au-total-etiq\/#breadcrumb"},"inLanguage":"fr-FR","potentialAction":[{"@type":"ReadAction","target":["https:\/\/wpe-encheres.com\/site\/produit\/chaise-empilable-de-marque-steelcase-assise-en-tissu-de-couleur-rouge-dossier-en-tissu-resille-de-couleur-noir-pietement-porte-a-faux-en-metal-noir-dim-84-x-45-x-60-cm-95-unites-au-total-etiq\/"]}]},{"@type":"ImageObject","inLanguage":"fr-FR","@id":"https:\/\/wpe-encheres.com\/site\/produit\/chaise-empilable-de-marque-steelcase-assise-en-tissu-de-couleur-rouge-dossier-en-tissu-resille-de-couleur-noir-pietement-porte-a-faux-en-metal-noir-dim-84-x-45-x-60-cm-95-unites-au-total-etiq\/#primaryimage","url":"https:\/\/wpe-encheres.com\/site\/wp-content\/uploads\/2026\/02\/6985d2d816603.jpg","contentUrl":"https:\/\/wpe-encheres.com\/site\/wp-content\/uploads\/2026\/02\/6985d2d816603.jpg","width":616,"height":954},{"@type":"BreadcrumbList","@id":"https:\/\/wpe-encheres.com\/site\/produit\/chaise-empilable-de-marque-steelcase-assise-en-tissu-de-couleur-rouge-dossier-en-tissu-resille-de-couleur-noir-pietement-porte-a-faux-en-metal-noir-dim-84-x-45-x-60-cm-95-unites-au-total-etiq\/#breadcrumb","itemListElement":[{"@type":"ListItem","position":1,"name":"Accueil","item":"https:\/\/wpe-encheres.com\/site\/"},{"@type":"ListItem","position":2,"name":"Boutique","item":"https:\/\/wpe-encheres.com\/site\/?page_id=22765"},{"@type":"ListItem","position":3,"name":"Chaise empilable de marque Steelcase, assise en tissu de couleur rouge, dossier en tissu r\u00e9sille de couleur noir, pi\u00e9tement porte-\u00e0-faux en m\u00e9tal noir. Dim : 84 x 45 x 60 cm. 95 UNIT\u00c9S AU TOTAL. (\u00e9tiquette 5028) 5\u00e8me \u00e9tage salle 505 : 1 unit\u00e9 5\u00e8me \u00e9tage salle 504 : 9 unit\u00e9s 5\u00e8me \u00e9tage rouge bureau de Laure Masclet : 1 unit\u00e9 5\u00e8me \u00e9tage rouge bureau Jean Raia : 1 unit\u00e9 5\u00e8me \u00e9tage rouge bureau en face de l&rsquo;espace d\u00e9tente: 1 unit\u00e9 4\u00e8me \u00e9tage open-space rouge : 12 unit\u00e9s 4\u00e8me \u00e9tage salle 409 rouge : 7 unit\u00e9s 3\u00e8me \u00e9tage open-space rouge : 8 unit\u00e9s 3\u00e8me \u00e9tage salle 306 rouge : 3 unit\u00e9s 3eme \u00e9tage salle 305 rouge : 8 unit\u00e9s 2\u00e8me \u00e9tage salle 205 rouge : 7 unit\u00e9s 2\u00e8me \u00e9tage bureaux open-space rouge : 11 unit\u00e9s 1er \u00e9tage bureaux open-space rouge : 4 unit\u00e9s 1er \u00e9tage open-space bureau rouge deuxi\u00e8me zone : 2 unit\u00e9s 1er \u00e9tage salle 103 : 7 unit\u00e9s Niveau -1 r\u00e9serve : 13 unit\u00e9s"}]},{"@type":"WebSite","@id":"https:\/\/wpe-encheres.com\/site\/#website","url":"https:\/\/wpe-encheres.com\/site\/","name":"wpe-encheres","description":"","publisher":{"@id":"https:\/\/wpe-encheres.com\/site\/#organization"},"potentialAction":[{"@type":"SearchAction","target":{"@type":"EntryPoint","urlTemplate":"https:\/\/wpe-encheres.com\/site\/?s={search_term_string}"},"query-input":{"@type":"PropertyValueSpecification","valueRequired":true,"valueName":"search_term_string"}}],"inLanguage":"fr-FR"},{"@type":"Organization","@id":"https:\/\/wpe-encheres.com\/site\/#organization","name":"wpe encheres","url":"https:\/\/wpe-encheres.com\/site\/","logo":{"@type":"ImageObject","inLanguage":"fr-FR","@id":"https:\/\/wpe-encheres.com\/site\/#\/schema\/logo\/image\/","url":"https:\/\/wpe-encheres.com\/site\/wp-content\/uploads\/2025\/08\/wpe-encheres-logo.png","contentUrl":"https:\/\/wpe-encheres.com\/site\/wp-content\/uploads\/2025\/08\/wpe-encheres-logo.png","width":300,"height":110,"caption":"wpe encheres"},"image":{"@id":"https:\/\/wpe-encheres.com\/site\/#\/schema\/logo\/image\/"}}]}},"_links":{"self":[{"href":"https:\/\/wpe-encheres.com\/site\/wp-json\/wp\/v2\/product\/39979","targetHints":{"allow":["GET"]}}],"collection":[{"href":"https:\/\/wpe-encheres.com\/site\/wp-json\/wp\/v2\/product"}],"about":[{"href":"https:\/\/wpe-encheres.com\/site\/wp-json\/wp\/v2\/types\/product"}],"wp:featuredmedia":[{"embeddable":true,"href":"https:\/\/wpe-encheres.com\/site\/wp-json\/wp\/v2\/media\/39980"}],"wp:attachment":[{"href":"https:\/\/wpe-encheres.com\/site\/wp-json\/wp\/v2\/media?parent=39979"}],"wp:term":[{"taxonomy":"product_brand","embeddable":true,"href":"https:\/\/wpe-encheres.com\/site\/wp-json\/wp\/v2\/product_brand?post=39979"},{"taxonomy":"product_cat","embeddable":true,"href":"https:\/\/wpe-encheres.com\/site\/wp-json\/wp\/v2\/product_cat?post=39979"},{"taxonomy":"product_tag","embeddable":true,"href":"https:\/\/wpe-encheres.com\/site\/wp-json\/wp\/v2\/product_tag?post=39979"}],"curies":[{"name":"wp","href":"https:\/\/api.w.org\/{rel}","templated":true}]}}