{"id":39167,"date":"2026-02-06T16:37:29","date_gmt":"2026-02-06T15:37:29","guid":{"rendered":"https:\/\/wpe-encheres.com\/site\/produit\/enceinte-de-marque-apart-modele-tsk-4wtw-18-x-14-x-10-cm-7-unites-localisation-entresol-salle-e423\/"},"modified":"2026-02-10T20:26:36","modified_gmt":"2026-02-10T19:26:36","slug":"enceinte-de-marque-apart-modele-tsk-4wtw-18-x-14-x-10-cm-7-unites-localisation-entresol-salle-e423","status":"publish","type":"product","link":"https:\/\/wpe-encheres.com\/site\/produit\/enceinte-de-marque-apart-modele-tsk-4wtw-18-x-14-x-10-cm-7-unites-localisation-entresol-salle-e423\/","title":{"rendered":"Enceinte de marque APart mod\u00e8le TSK-4wtW. 18 x 14 x 10 cm. 7 unit\u00e9s. Localisation: Entresol salle E423"},"content":{"rendered":"<p>Enceinte de marque APart mod\u00e8le TSK-4wtW. 18 x 14 x 10 cm. 7 unit\u00e9s. Localisation: Entresol salle E423<\/p>\n","protected":false},"excerpt":{"rendered":"<p>Enceinte de marque APart mod\u00e8le TSK-4wtW. 18 x 14 x 10 cm. 7 unit\u00e9s. Localisation: Entresol salle E423<\/p>\n","protected":false},"featured_media":39168,"template":"","meta":{"_acf_changed":false},"product_brand":[],"product_cat":[28],"product_tag":[70],"class_list":{"0":"post-39167","1":"product","2":"type-product","3":"status-publish","4":"has-post-thumbnail","6":"product_cat-electronique-informatique-image-son-et-telephonie","7":"product_tag-vente-privee-fev2026","9":"first","10":"instock","11":"product-type-simple"},"acf":[],"yoast_head":"<!-- This site is optimized with the Yoast SEO plugin v27.3 - https:\/\/yoast.com\/product\/yoast-seo-wordpress\/ -->\n<title>Enceinte de marque APart mod\u00e8le TSK-4wtW. 18 x 14 x 10 cm. 7 unit\u00e9s. Localisation: Entresol salle E423 - wpe-encheres<\/title>\n<meta name=\"robots\" content=\"index, follow, max-snippet:-1, max-image-preview:large, max-video-preview:-1\" \/>\n<link rel=\"canonical\" href=\"https:\/\/wpe-encheres.com\/site\/produit\/enceinte-de-marque-apart-modele-tsk-4wtw-18-x-14-x-10-cm-7-unites-localisation-entresol-salle-e423\/\" \/>\n<meta property=\"og:locale\" content=\"fr_FR\" \/>\n<meta property=\"og:type\" content=\"article\" \/>\n<meta property=\"og:title\" content=\"Enceinte de marque APart mod\u00e8le TSK-4wtW. 18 x 14 x 10 cm. 7 unit\u00e9s. Localisation: Entresol salle E423 - wpe-encheres\" \/>\n<meta property=\"og:description\" content=\"Enceinte de marque APart mod\u00e8le TSK-4wtW. 18 x 14 x 10 cm. 7 unit\u00e9s. Localisation: Entresol salle E423\" \/>\n<meta property=\"og:url\" content=\"https:\/\/wpe-encheres.com\/site\/produit\/enceinte-de-marque-apart-modele-tsk-4wtw-18-x-14-x-10-cm-7-unites-localisation-entresol-salle-e423\/\" \/>\n<meta property=\"og:site_name\" content=\"wpe-encheres\" \/>\n<meta property=\"article:modified_time\" content=\"2026-02-10T19:26:36+00:00\" \/>\n<meta property=\"og:image\" content=\"https:\/\/wpe-encheres.com\/site\/wp-content\/uploads\/2026\/02\/6985fde8ec25f.jpg\" \/>\n\t<meta property=\"og:image:width\" content=\"637\" \/>\n\t<meta property=\"og:image:height\" content=\"652\" \/>\n\t<meta property=\"og:image:type\" content=\"image\/jpeg\" \/>\n<meta name=\"twitter:card\" content=\"summary_large_image\" \/>\n<script type=\"application\/ld+json\" class=\"yoast-schema-graph\">{\"@context\":\"https:\\\/\\\/schema.org\",\"@graph\":[{\"@type\":\"WebPage\",\"@id\":\"https:\\\/\\\/wpe-encheres.com\\\/site\\\/produit\\\/enceinte-de-marque-apart-modele-tsk-4wtw-18-x-14-x-10-cm-7-unites-localisation-entresol-salle-e423\\\/\",\"url\":\"https:\\\/\\\/wpe-encheres.com\\\/site\\\/produit\\\/enceinte-de-marque-apart-modele-tsk-4wtw-18-x-14-x-10-cm-7-unites-localisation-entresol-salle-e423\\\/\",\"name\":\"Enceinte de marque APart mod\u00e8le TSK-4wtW. 18 x 14 x 10 cm. 7 unit\u00e9s. Localisation: Entresol salle E423 - wpe-encheres\",\"isPartOf\":{\"@id\":\"https:\\\/\\\/wpe-encheres.com\\\/site\\\/#website\"},\"primaryImageOfPage\":{\"@id\":\"https:\\\/\\\/wpe-encheres.com\\\/site\\\/produit\\\/enceinte-de-marque-apart-modele-tsk-4wtw-18-x-14-x-10-cm-7-unites-localisation-entresol-salle-e423\\\/#primaryimage\"},\"image\":{\"@id\":\"https:\\\/\\\/wpe-encheres.com\\\/site\\\/produit\\\/enceinte-de-marque-apart-modele-tsk-4wtw-18-x-14-x-10-cm-7-unites-localisation-entresol-salle-e423\\\/#primaryimage\"},\"thumbnailUrl\":\"https:\\\/\\\/wpe-encheres.com\\\/site\\\/wp-content\\\/uploads\\\/2026\\\/02\\\/6985fde8ec25f.jpg\",\"datePublished\":\"2026-02-06T15:37:29+00:00\",\"dateModified\":\"2026-02-10T19:26:36+00:00\",\"breadcrumb\":{\"@id\":\"https:\\\/\\\/wpe-encheres.com\\\/site\\\/produit\\\/enceinte-de-marque-apart-modele-tsk-4wtw-18-x-14-x-10-cm-7-unites-localisation-entresol-salle-e423\\\/#breadcrumb\"},\"inLanguage\":\"fr-FR\",\"potentialAction\":[{\"@type\":\"ReadAction\",\"target\":[\"https:\\\/\\\/wpe-encheres.com\\\/site\\\/produit\\\/enceinte-de-marque-apart-modele-tsk-4wtw-18-x-14-x-10-cm-7-unites-localisation-entresol-salle-e423\\\/\"]}]},{\"@type\":\"ImageObject\",\"inLanguage\":\"fr-FR\",\"@id\":\"https:\\\/\\\/wpe-encheres.com\\\/site\\\/produit\\\/enceinte-de-marque-apart-modele-tsk-4wtw-18-x-14-x-10-cm-7-unites-localisation-entresol-salle-e423\\\/#primaryimage\",\"url\":\"https:\\\/\\\/wpe-encheres.com\\\/site\\\/wp-content\\\/uploads\\\/2026\\\/02\\\/6985fde8ec25f.jpg\",\"contentUrl\":\"https:\\\/\\\/wpe-encheres.com\\\/site\\\/wp-content\\\/uploads\\\/2026\\\/02\\\/6985fde8ec25f.jpg\",\"width\":637,\"height\":652},{\"@type\":\"BreadcrumbList\",\"@id\":\"https:\\\/\\\/wpe-encheres.com\\\/site\\\/produit\\\/enceinte-de-marque-apart-modele-tsk-4wtw-18-x-14-x-10-cm-7-unites-localisation-entresol-salle-e423\\\/#breadcrumb\",\"itemListElement\":[{\"@type\":\"ListItem\",\"position\":1,\"name\":\"Accueil\",\"item\":\"https:\\\/\\\/wpe-encheres.com\\\/site\\\/\"},{\"@type\":\"ListItem\",\"position\":2,\"name\":\"Boutique\",\"item\":\"https:\\\/\\\/wpe-encheres.com\\\/site\\\/?page_id=22765\"},{\"@type\":\"ListItem\",\"position\":3,\"name\":\"Enceinte de marque APart mod\u00e8le TSK-4wtW. 18 x 14 x 10 cm. 7 unit\u00e9s. Localisation: Entresol salle E423\"}]},{\"@type\":\"WebSite\",\"@id\":\"https:\\\/\\\/wpe-encheres.com\\\/site\\\/#website\",\"url\":\"https:\\\/\\\/wpe-encheres.com\\\/site\\\/\",\"name\":\"wpe-encheres\",\"description\":\"\",\"publisher\":{\"@id\":\"https:\\\/\\\/wpe-encheres.com\\\/site\\\/#organization\"},\"potentialAction\":[{\"@type\":\"SearchAction\",\"target\":{\"@type\":\"EntryPoint\",\"urlTemplate\":\"https:\\\/\\\/wpe-encheres.com\\\/site\\\/?s={search_term_string}\"},\"query-input\":{\"@type\":\"PropertyValueSpecification\",\"valueRequired\":true,\"valueName\":\"search_term_string\"}}],\"inLanguage\":\"fr-FR\"},{\"@type\":\"Organization\",\"@id\":\"https:\\\/\\\/wpe-encheres.com\\\/site\\\/#organization\",\"name\":\"wpe encheres\",\"url\":\"https:\\\/\\\/wpe-encheres.com\\\/site\\\/\",\"logo\":{\"@type\":\"ImageObject\",\"inLanguage\":\"fr-FR\",\"@id\":\"https:\\\/\\\/wpe-encheres.com\\\/site\\\/#\\\/schema\\\/logo\\\/image\\\/\",\"url\":\"https:\\\/\\\/wpe-encheres.com\\\/site\\\/wp-content\\\/uploads\\\/2025\\\/08\\\/wpe-encheres-logo.png\",\"contentUrl\":\"https:\\\/\\\/wpe-encheres.com\\\/site\\\/wp-content\\\/uploads\\\/2025\\\/08\\\/wpe-encheres-logo.png\",\"width\":300,\"height\":110,\"caption\":\"wpe encheres\"},\"image\":{\"@id\":\"https:\\\/\\\/wpe-encheres.com\\\/site\\\/#\\\/schema\\\/logo\\\/image\\\/\"}}]}<\/script>\n<!-- \/ Yoast SEO plugin. -->","yoast_head_json":{"title":"Enceinte de marque APart mod\u00e8le TSK-4wtW. 18 x 14 x 10 cm. 7 unit\u00e9s. Localisation: Entresol salle E423 - wpe-encheres","robots":{"index":"index","follow":"follow","max-snippet":"max-snippet:-1","max-image-preview":"max-image-preview:large","max-video-preview":"max-video-preview:-1"},"canonical":"https:\/\/wpe-encheres.com\/site\/produit\/enceinte-de-marque-apart-modele-tsk-4wtw-18-x-14-x-10-cm-7-unites-localisation-entresol-salle-e423\/","og_locale":"fr_FR","og_type":"article","og_title":"Enceinte de marque APart mod\u00e8le TSK-4wtW. 18 x 14 x 10 cm. 7 unit\u00e9s. Localisation: Entresol salle E423 - wpe-encheres","og_description":"Enceinte de marque APart mod\u00e8le TSK-4wtW. 18 x 14 x 10 cm. 7 unit\u00e9s. Localisation: Entresol salle E423","og_url":"https:\/\/wpe-encheres.com\/site\/produit\/enceinte-de-marque-apart-modele-tsk-4wtw-18-x-14-x-10-cm-7-unites-localisation-entresol-salle-e423\/","og_site_name":"wpe-encheres","article_modified_time":"2026-02-10T19:26:36+00:00","og_image":[{"width":637,"height":652,"url":"https:\/\/wpe-encheres.com\/site\/wp-content\/uploads\/2026\/02\/6985fde8ec25f.jpg","type":"image\/jpeg"}],"twitter_card":"summary_large_image","schema":{"@context":"https:\/\/schema.org","@graph":[{"@type":"WebPage","@id":"https:\/\/wpe-encheres.com\/site\/produit\/enceinte-de-marque-apart-modele-tsk-4wtw-18-x-14-x-10-cm-7-unites-localisation-entresol-salle-e423\/","url":"https:\/\/wpe-encheres.com\/site\/produit\/enceinte-de-marque-apart-modele-tsk-4wtw-18-x-14-x-10-cm-7-unites-localisation-entresol-salle-e423\/","name":"Enceinte de marque APart mod\u00e8le TSK-4wtW. 18 x 14 x 10 cm. 7 unit\u00e9s. Localisation: Entresol salle E423 - wpe-encheres","isPartOf":{"@id":"https:\/\/wpe-encheres.com\/site\/#website"},"primaryImageOfPage":{"@id":"https:\/\/wpe-encheres.com\/site\/produit\/enceinte-de-marque-apart-modele-tsk-4wtw-18-x-14-x-10-cm-7-unites-localisation-entresol-salle-e423\/#primaryimage"},"image":{"@id":"https:\/\/wpe-encheres.com\/site\/produit\/enceinte-de-marque-apart-modele-tsk-4wtw-18-x-14-x-10-cm-7-unites-localisation-entresol-salle-e423\/#primaryimage"},"thumbnailUrl":"https:\/\/wpe-encheres.com\/site\/wp-content\/uploads\/2026\/02\/6985fde8ec25f.jpg","datePublished":"2026-02-06T15:37:29+00:00","dateModified":"2026-02-10T19:26:36+00:00","breadcrumb":{"@id":"https:\/\/wpe-encheres.com\/site\/produit\/enceinte-de-marque-apart-modele-tsk-4wtw-18-x-14-x-10-cm-7-unites-localisation-entresol-salle-e423\/#breadcrumb"},"inLanguage":"fr-FR","potentialAction":[{"@type":"ReadAction","target":["https:\/\/wpe-encheres.com\/site\/produit\/enceinte-de-marque-apart-modele-tsk-4wtw-18-x-14-x-10-cm-7-unites-localisation-entresol-salle-e423\/"]}]},{"@type":"ImageObject","inLanguage":"fr-FR","@id":"https:\/\/wpe-encheres.com\/site\/produit\/enceinte-de-marque-apart-modele-tsk-4wtw-18-x-14-x-10-cm-7-unites-localisation-entresol-salle-e423\/#primaryimage","url":"https:\/\/wpe-encheres.com\/site\/wp-content\/uploads\/2026\/02\/6985fde8ec25f.jpg","contentUrl":"https:\/\/wpe-encheres.com\/site\/wp-content\/uploads\/2026\/02\/6985fde8ec25f.jpg","width":637,"height":652},{"@type":"BreadcrumbList","@id":"https:\/\/wpe-encheres.com\/site\/produit\/enceinte-de-marque-apart-modele-tsk-4wtw-18-x-14-x-10-cm-7-unites-localisation-entresol-salle-e423\/#breadcrumb","itemListElement":[{"@type":"ListItem","position":1,"name":"Accueil","item":"https:\/\/wpe-encheres.com\/site\/"},{"@type":"ListItem","position":2,"name":"Boutique","item":"https:\/\/wpe-encheres.com\/site\/?page_id=22765"},{"@type":"ListItem","position":3,"name":"Enceinte de marque APart mod\u00e8le TSK-4wtW. 18 x 14 x 10 cm. 7 unit\u00e9s. Localisation: Entresol salle E423"}]},{"@type":"WebSite","@id":"https:\/\/wpe-encheres.com\/site\/#website","url":"https:\/\/wpe-encheres.com\/site\/","name":"wpe-encheres","description":"","publisher":{"@id":"https:\/\/wpe-encheres.com\/site\/#organization"},"potentialAction":[{"@type":"SearchAction","target":{"@type":"EntryPoint","urlTemplate":"https:\/\/wpe-encheres.com\/site\/?s={search_term_string}"},"query-input":{"@type":"PropertyValueSpecification","valueRequired":true,"valueName":"search_term_string"}}],"inLanguage":"fr-FR"},{"@type":"Organization","@id":"https:\/\/wpe-encheres.com\/site\/#organization","name":"wpe encheres","url":"https:\/\/wpe-encheres.com\/site\/","logo":{"@type":"ImageObject","inLanguage":"fr-FR","@id":"https:\/\/wpe-encheres.com\/site\/#\/schema\/logo\/image\/","url":"https:\/\/wpe-encheres.com\/site\/wp-content\/uploads\/2025\/08\/wpe-encheres-logo.png","contentUrl":"https:\/\/wpe-encheres.com\/site\/wp-content\/uploads\/2025\/08\/wpe-encheres-logo.png","width":300,"height":110,"caption":"wpe encheres"},"image":{"@id":"https:\/\/wpe-encheres.com\/site\/#\/schema\/logo\/image\/"}}]}},"_links":{"self":[{"href":"https:\/\/wpe-encheres.com\/site\/wp-json\/wp\/v2\/product\/39167","targetHints":{"allow":["GET"]}}],"collection":[{"href":"https:\/\/wpe-encheres.com\/site\/wp-json\/wp\/v2\/product"}],"about":[{"href":"https:\/\/wpe-encheres.com\/site\/wp-json\/wp\/v2\/types\/product"}],"wp:featuredmedia":[{"embeddable":true,"href":"https:\/\/wpe-encheres.com\/site\/wp-json\/wp\/v2\/media\/39168"}],"wp:attachment":[{"href":"https:\/\/wpe-encheres.com\/site\/wp-json\/wp\/v2\/media?parent=39167"}],"wp:term":[{"taxonomy":"product_brand","embeddable":true,"href":"https:\/\/wpe-encheres.com\/site\/wp-json\/wp\/v2\/product_brand?post=39167"},{"taxonomy":"product_cat","embeddable":true,"href":"https:\/\/wpe-encheres.com\/site\/wp-json\/wp\/v2\/product_cat?post=39167"},{"taxonomy":"product_tag","embeddable":true,"href":"https:\/\/wpe-encheres.com\/site\/wp-json\/wp\/v2\/product_tag?post=39167"}],"curies":[{"name":"wp","href":"https:\/\/api.w.org\/{rel}","templated":true}]}}