{"id":39008,"date":"2026-02-06T16:36:24","date_gmt":"2026-02-06T15:36:24","guid":{"rendered":"https:\/\/wpe-encheres.com\/site\/produit\/fauteuil-pivotant-acoustique-a-haut-dossier-recouvert-de-tissu-vert-anis-base-circulaire-en-acier-chrome-142-x-75-x-80-cm-etiquette-40-2-unites-localisation-3eme-zone-bleue-1-unite-entresol\/"},"modified":"2026-02-10T20:27:01","modified_gmt":"2026-02-10T19:27:01","slug":"fauteuil-pivotant-acoustique-a-haut-dossier-recouvert-de-tissu-vert-anis-base-circulaire-en-acier-chrome-142-x-75-x-80-cm-etiquette-40-2-unites-localisation-3eme-zone-bleue-1-unite-entresol","status":"publish","type":"product","link":"https:\/\/wpe-encheres.com\/site\/produit\/fauteuil-pivotant-acoustique-a-haut-dossier-recouvert-de-tissu-vert-anis-base-circulaire-en-acier-chrome-142-x-75-x-80-cm-etiquette-40-2-unites-localisation-3eme-zone-bleue-1-unite-entresol\/","title":{"rendered":"Fauteuil pivotant acoustique \u00e0 haut dossier recouvert de tissu vert anis, base circulaire en acier chrom\u00e9. 142 x 75 x 80 cm. (\u00e9tiquette 40) 2 unit\u00e9s. Localisation: 3\u00e8me zone bleue (1 unit\u00e9) \/ Entresol salle caf\u00e9 codir (1 unit\u00e9)"},"content":{"rendered":"<p>Fauteuil pivotant acoustique \u00e0 haut dossier recouvert de tissu vert anis, base circulaire en acier chrom\u00e9. 142 x 75 x 80 cm. (\u00e9tiquette 40) 2 unit\u00e9s. Localisation: 3\u00e8me zone bleue (1 unit\u00e9) \/ Entresol salle caf\u00e9 codir (1 unit\u00e9)<\/p>\n","protected":false},"excerpt":{"rendered":"<p>Fauteuil pivotant acoustique \u00e0 haut dossier recouvert de tissu vert anis, base circulaire en acier chrom\u00e9. 142 x 75 x 80 cm. (\u00e9tiquette 40) 2 unit\u00e9s. Localisation: 3\u00e8me zone bleue (1 unit\u00e9) \/ Entresol salle caf\u00e9 codir (1 unit\u00e9)<\/p>\n","protected":false},"featured_media":39009,"template":"","meta":{"_acf_changed":false},"product_brand":[],"product_cat":[24],"product_tag":[70],"class_list":{"0":"post-39008","1":"product","2":"type-product","3":"status-publish","4":"has-post-thumbnail","6":"product_cat-mobilier-de-bureau-equipement-du-bureau","7":"product_tag-vente-privee-fev2026","9":"first","10":"instock","11":"product-type-simple"},"acf":[],"yoast_head":"<!-- This site is optimized with the Yoast SEO plugin v27.3 - https:\/\/yoast.com\/product\/yoast-seo-wordpress\/ -->\n<title>Fauteuil pivotant acoustique \u00e0 haut dossier recouvert de tissu vert anis, base circulaire en acier chrom\u00e9. 142 x 75 x 80 cm. (\u00e9tiquette 40) 2 unit\u00e9s. Localisation: 3\u00e8me zone bleue (1 unit\u00e9) \/ Entresol salle caf\u00e9 codir (1 unit\u00e9) - wpe-encheres<\/title>\n<meta name=\"robots\" content=\"index, follow, max-snippet:-1, max-image-preview:large, max-video-preview:-1\" \/>\n<link rel=\"canonical\" href=\"https:\/\/wpe-encheres.com\/site\/produit\/fauteuil-pivotant-acoustique-a-haut-dossier-recouvert-de-tissu-vert-anis-base-circulaire-en-acier-chrome-142-x-75-x-80-cm-etiquette-40-2-unites-localisation-3eme-zone-bleue-1-unite-entresol\/\" \/>\n<meta property=\"og:locale\" content=\"fr_FR\" \/>\n<meta property=\"og:type\" content=\"article\" \/>\n<meta property=\"og:title\" content=\"Fauteuil pivotant acoustique \u00e0 haut dossier recouvert de tissu vert anis, base circulaire en acier chrom\u00e9. 142 x 75 x 80 cm. (\u00e9tiquette 40) 2 unit\u00e9s. Localisation: 3\u00e8me zone bleue (1 unit\u00e9) \/ Entresol salle caf\u00e9 codir (1 unit\u00e9) - wpe-encheres\" \/>\n<meta property=\"og:description\" content=\"Fauteuil pivotant acoustique \u00e0 haut dossier recouvert de tissu vert anis, base circulaire en acier chrom\u00e9. 142 x 75 x 80 cm. (\u00e9tiquette 40) 2 unit\u00e9s. Localisation: 3\u00e8me zone bleue (1 unit\u00e9) \/ Entresol salle caf\u00e9 codir (1 unit\u00e9)\" \/>\n<meta property=\"og:url\" content=\"https:\/\/wpe-encheres.com\/site\/produit\/fauteuil-pivotant-acoustique-a-haut-dossier-recouvert-de-tissu-vert-anis-base-circulaire-en-acier-chrome-142-x-75-x-80-cm-etiquette-40-2-unites-localisation-3eme-zone-bleue-1-unite-entresol\/\" \/>\n<meta property=\"og:site_name\" content=\"wpe-encheres\" \/>\n<meta property=\"article:modified_time\" content=\"2026-02-10T19:27:01+00:00\" \/>\n<meta property=\"og:image\" content=\"https:\/\/wpe-encheres.com\/site\/wp-content\/uploads\/2026\/02\/6985fda559cd8.jpg\" \/>\n\t<meta property=\"og:image:width\" content=\"593\" \/>\n\t<meta property=\"og:image:height\" content=\"953\" \/>\n\t<meta property=\"og:image:type\" content=\"image\/jpeg\" \/>\n<meta name=\"twitter:card\" content=\"summary_large_image\" \/>\n<script type=\"application\/ld+json\" class=\"yoast-schema-graph\">{\"@context\":\"https:\\\/\\\/schema.org\",\"@graph\":[{\"@type\":\"WebPage\",\"@id\":\"https:\\\/\\\/wpe-encheres.com\\\/site\\\/produit\\\/fauteuil-pivotant-acoustique-a-haut-dossier-recouvert-de-tissu-vert-anis-base-circulaire-en-acier-chrome-142-x-75-x-80-cm-etiquette-40-2-unites-localisation-3eme-zone-bleue-1-unite-entresol\\\/\",\"url\":\"https:\\\/\\\/wpe-encheres.com\\\/site\\\/produit\\\/fauteuil-pivotant-acoustique-a-haut-dossier-recouvert-de-tissu-vert-anis-base-circulaire-en-acier-chrome-142-x-75-x-80-cm-etiquette-40-2-unites-localisation-3eme-zone-bleue-1-unite-entresol\\\/\",\"name\":\"Fauteuil pivotant acoustique \u00e0 haut dossier recouvert de tissu vert anis, base circulaire en acier chrom\u00e9. 142 x 75 x 80 cm. (\u00e9tiquette 40) 2 unit\u00e9s. Localisation: 3\u00e8me zone bleue (1 unit\u00e9) \\\/ Entresol salle caf\u00e9 codir (1 unit\u00e9) - wpe-encheres\",\"isPartOf\":{\"@id\":\"https:\\\/\\\/wpe-encheres.com\\\/site\\\/#website\"},\"primaryImageOfPage\":{\"@id\":\"https:\\\/\\\/wpe-encheres.com\\\/site\\\/produit\\\/fauteuil-pivotant-acoustique-a-haut-dossier-recouvert-de-tissu-vert-anis-base-circulaire-en-acier-chrome-142-x-75-x-80-cm-etiquette-40-2-unites-localisation-3eme-zone-bleue-1-unite-entresol\\\/#primaryimage\"},\"image\":{\"@id\":\"https:\\\/\\\/wpe-encheres.com\\\/site\\\/produit\\\/fauteuil-pivotant-acoustique-a-haut-dossier-recouvert-de-tissu-vert-anis-base-circulaire-en-acier-chrome-142-x-75-x-80-cm-etiquette-40-2-unites-localisation-3eme-zone-bleue-1-unite-entresol\\\/#primaryimage\"},\"thumbnailUrl\":\"https:\\\/\\\/wpe-encheres.com\\\/site\\\/wp-content\\\/uploads\\\/2026\\\/02\\\/6985fda559cd8.jpg\",\"datePublished\":\"2026-02-06T15:36:24+00:00\",\"dateModified\":\"2026-02-10T19:27:01+00:00\",\"breadcrumb\":{\"@id\":\"https:\\\/\\\/wpe-encheres.com\\\/site\\\/produit\\\/fauteuil-pivotant-acoustique-a-haut-dossier-recouvert-de-tissu-vert-anis-base-circulaire-en-acier-chrome-142-x-75-x-80-cm-etiquette-40-2-unites-localisation-3eme-zone-bleue-1-unite-entresol\\\/#breadcrumb\"},\"inLanguage\":\"fr-FR\",\"potentialAction\":[{\"@type\":\"ReadAction\",\"target\":[\"https:\\\/\\\/wpe-encheres.com\\\/site\\\/produit\\\/fauteuil-pivotant-acoustique-a-haut-dossier-recouvert-de-tissu-vert-anis-base-circulaire-en-acier-chrome-142-x-75-x-80-cm-etiquette-40-2-unites-localisation-3eme-zone-bleue-1-unite-entresol\\\/\"]}]},{\"@type\":\"ImageObject\",\"inLanguage\":\"fr-FR\",\"@id\":\"https:\\\/\\\/wpe-encheres.com\\\/site\\\/produit\\\/fauteuil-pivotant-acoustique-a-haut-dossier-recouvert-de-tissu-vert-anis-base-circulaire-en-acier-chrome-142-x-75-x-80-cm-etiquette-40-2-unites-localisation-3eme-zone-bleue-1-unite-entresol\\\/#primaryimage\",\"url\":\"https:\\\/\\\/wpe-encheres.com\\\/site\\\/wp-content\\\/uploads\\\/2026\\\/02\\\/6985fda559cd8.jpg\",\"contentUrl\":\"https:\\\/\\\/wpe-encheres.com\\\/site\\\/wp-content\\\/uploads\\\/2026\\\/02\\\/6985fda559cd8.jpg\",\"width\":593,\"height\":953},{\"@type\":\"BreadcrumbList\",\"@id\":\"https:\\\/\\\/wpe-encheres.com\\\/site\\\/produit\\\/fauteuil-pivotant-acoustique-a-haut-dossier-recouvert-de-tissu-vert-anis-base-circulaire-en-acier-chrome-142-x-75-x-80-cm-etiquette-40-2-unites-localisation-3eme-zone-bleue-1-unite-entresol\\\/#breadcrumb\",\"itemListElement\":[{\"@type\":\"ListItem\",\"position\":1,\"name\":\"Accueil\",\"item\":\"https:\\\/\\\/wpe-encheres.com\\\/site\\\/\"},{\"@type\":\"ListItem\",\"position\":2,\"name\":\"Boutique\",\"item\":\"https:\\\/\\\/wpe-encheres.com\\\/site\\\/?page_id=22765\"},{\"@type\":\"ListItem\",\"position\":3,\"name\":\"Fauteuil pivotant acoustique \u00e0 haut dossier recouvert de tissu vert anis, base circulaire en acier chrom\u00e9. 142 x 75 x 80 cm. (\u00e9tiquette 40) 2 unit\u00e9s. Localisation: 3\u00e8me zone bleue (1 unit\u00e9) \\\/ Entresol salle caf\u00e9 codir (1 unit\u00e9)\"}]},{\"@type\":\"WebSite\",\"@id\":\"https:\\\/\\\/wpe-encheres.com\\\/site\\\/#website\",\"url\":\"https:\\\/\\\/wpe-encheres.com\\\/site\\\/\",\"name\":\"wpe-encheres\",\"description\":\"\",\"publisher\":{\"@id\":\"https:\\\/\\\/wpe-encheres.com\\\/site\\\/#organization\"},\"potentialAction\":[{\"@type\":\"SearchAction\",\"target\":{\"@type\":\"EntryPoint\",\"urlTemplate\":\"https:\\\/\\\/wpe-encheres.com\\\/site\\\/?s={search_term_string}\"},\"query-input\":{\"@type\":\"PropertyValueSpecification\",\"valueRequired\":true,\"valueName\":\"search_term_string\"}}],\"inLanguage\":\"fr-FR\"},{\"@type\":\"Organization\",\"@id\":\"https:\\\/\\\/wpe-encheres.com\\\/site\\\/#organization\",\"name\":\"wpe encheres\",\"url\":\"https:\\\/\\\/wpe-encheres.com\\\/site\\\/\",\"logo\":{\"@type\":\"ImageObject\",\"inLanguage\":\"fr-FR\",\"@id\":\"https:\\\/\\\/wpe-encheres.com\\\/site\\\/#\\\/schema\\\/logo\\\/image\\\/\",\"url\":\"https:\\\/\\\/wpe-encheres.com\\\/site\\\/wp-content\\\/uploads\\\/2025\\\/08\\\/wpe-encheres-logo.png\",\"contentUrl\":\"https:\\\/\\\/wpe-encheres.com\\\/site\\\/wp-content\\\/uploads\\\/2025\\\/08\\\/wpe-encheres-logo.png\",\"width\":300,\"height\":110,\"caption\":\"wpe encheres\"},\"image\":{\"@id\":\"https:\\\/\\\/wpe-encheres.com\\\/site\\\/#\\\/schema\\\/logo\\\/image\\\/\"}}]}<\/script>\n<!-- \/ Yoast SEO plugin. -->","yoast_head_json":{"title":"Fauteuil pivotant acoustique \u00e0 haut dossier recouvert de tissu vert anis, base circulaire en acier chrom\u00e9. 142 x 75 x 80 cm. (\u00e9tiquette 40) 2 unit\u00e9s. Localisation: 3\u00e8me zone bleue (1 unit\u00e9) \/ Entresol salle caf\u00e9 codir (1 unit\u00e9) - wpe-encheres","robots":{"index":"index","follow":"follow","max-snippet":"max-snippet:-1","max-image-preview":"max-image-preview:large","max-video-preview":"max-video-preview:-1"},"canonical":"https:\/\/wpe-encheres.com\/site\/produit\/fauteuil-pivotant-acoustique-a-haut-dossier-recouvert-de-tissu-vert-anis-base-circulaire-en-acier-chrome-142-x-75-x-80-cm-etiquette-40-2-unites-localisation-3eme-zone-bleue-1-unite-entresol\/","og_locale":"fr_FR","og_type":"article","og_title":"Fauteuil pivotant acoustique \u00e0 haut dossier recouvert de tissu vert anis, base circulaire en acier chrom\u00e9. 142 x 75 x 80 cm. (\u00e9tiquette 40) 2 unit\u00e9s. Localisation: 3\u00e8me zone bleue (1 unit\u00e9) \/ Entresol salle caf\u00e9 codir (1 unit\u00e9) - wpe-encheres","og_description":"Fauteuil pivotant acoustique \u00e0 haut dossier recouvert de tissu vert anis, base circulaire en acier chrom\u00e9. 142 x 75 x 80 cm. (\u00e9tiquette 40) 2 unit\u00e9s. Localisation: 3\u00e8me zone bleue (1 unit\u00e9) \/ Entresol salle caf\u00e9 codir (1 unit\u00e9)","og_url":"https:\/\/wpe-encheres.com\/site\/produit\/fauteuil-pivotant-acoustique-a-haut-dossier-recouvert-de-tissu-vert-anis-base-circulaire-en-acier-chrome-142-x-75-x-80-cm-etiquette-40-2-unites-localisation-3eme-zone-bleue-1-unite-entresol\/","og_site_name":"wpe-encheres","article_modified_time":"2026-02-10T19:27:01+00:00","og_image":[{"width":593,"height":953,"url":"https:\/\/wpe-encheres.com\/site\/wp-content\/uploads\/2026\/02\/6985fda559cd8.jpg","type":"image\/jpeg"}],"twitter_card":"summary_large_image","schema":{"@context":"https:\/\/schema.org","@graph":[{"@type":"WebPage","@id":"https:\/\/wpe-encheres.com\/site\/produit\/fauteuil-pivotant-acoustique-a-haut-dossier-recouvert-de-tissu-vert-anis-base-circulaire-en-acier-chrome-142-x-75-x-80-cm-etiquette-40-2-unites-localisation-3eme-zone-bleue-1-unite-entresol\/","url":"https:\/\/wpe-encheres.com\/site\/produit\/fauteuil-pivotant-acoustique-a-haut-dossier-recouvert-de-tissu-vert-anis-base-circulaire-en-acier-chrome-142-x-75-x-80-cm-etiquette-40-2-unites-localisation-3eme-zone-bleue-1-unite-entresol\/","name":"Fauteuil pivotant acoustique \u00e0 haut dossier recouvert de tissu vert anis, base circulaire en acier chrom\u00e9. 142 x 75 x 80 cm. (\u00e9tiquette 40) 2 unit\u00e9s. Localisation: 3\u00e8me zone bleue (1 unit\u00e9) \/ Entresol salle caf\u00e9 codir (1 unit\u00e9) - wpe-encheres","isPartOf":{"@id":"https:\/\/wpe-encheres.com\/site\/#website"},"primaryImageOfPage":{"@id":"https:\/\/wpe-encheres.com\/site\/produit\/fauteuil-pivotant-acoustique-a-haut-dossier-recouvert-de-tissu-vert-anis-base-circulaire-en-acier-chrome-142-x-75-x-80-cm-etiquette-40-2-unites-localisation-3eme-zone-bleue-1-unite-entresol\/#primaryimage"},"image":{"@id":"https:\/\/wpe-encheres.com\/site\/produit\/fauteuil-pivotant-acoustique-a-haut-dossier-recouvert-de-tissu-vert-anis-base-circulaire-en-acier-chrome-142-x-75-x-80-cm-etiquette-40-2-unites-localisation-3eme-zone-bleue-1-unite-entresol\/#primaryimage"},"thumbnailUrl":"https:\/\/wpe-encheres.com\/site\/wp-content\/uploads\/2026\/02\/6985fda559cd8.jpg","datePublished":"2026-02-06T15:36:24+00:00","dateModified":"2026-02-10T19:27:01+00:00","breadcrumb":{"@id":"https:\/\/wpe-encheres.com\/site\/produit\/fauteuil-pivotant-acoustique-a-haut-dossier-recouvert-de-tissu-vert-anis-base-circulaire-en-acier-chrome-142-x-75-x-80-cm-etiquette-40-2-unites-localisation-3eme-zone-bleue-1-unite-entresol\/#breadcrumb"},"inLanguage":"fr-FR","potentialAction":[{"@type":"ReadAction","target":["https:\/\/wpe-encheres.com\/site\/produit\/fauteuil-pivotant-acoustique-a-haut-dossier-recouvert-de-tissu-vert-anis-base-circulaire-en-acier-chrome-142-x-75-x-80-cm-etiquette-40-2-unites-localisation-3eme-zone-bleue-1-unite-entresol\/"]}]},{"@type":"ImageObject","inLanguage":"fr-FR","@id":"https:\/\/wpe-encheres.com\/site\/produit\/fauteuil-pivotant-acoustique-a-haut-dossier-recouvert-de-tissu-vert-anis-base-circulaire-en-acier-chrome-142-x-75-x-80-cm-etiquette-40-2-unites-localisation-3eme-zone-bleue-1-unite-entresol\/#primaryimage","url":"https:\/\/wpe-encheres.com\/site\/wp-content\/uploads\/2026\/02\/6985fda559cd8.jpg","contentUrl":"https:\/\/wpe-encheres.com\/site\/wp-content\/uploads\/2026\/02\/6985fda559cd8.jpg","width":593,"height":953},{"@type":"BreadcrumbList","@id":"https:\/\/wpe-encheres.com\/site\/produit\/fauteuil-pivotant-acoustique-a-haut-dossier-recouvert-de-tissu-vert-anis-base-circulaire-en-acier-chrome-142-x-75-x-80-cm-etiquette-40-2-unites-localisation-3eme-zone-bleue-1-unite-entresol\/#breadcrumb","itemListElement":[{"@type":"ListItem","position":1,"name":"Accueil","item":"https:\/\/wpe-encheres.com\/site\/"},{"@type":"ListItem","position":2,"name":"Boutique","item":"https:\/\/wpe-encheres.com\/site\/?page_id=22765"},{"@type":"ListItem","position":3,"name":"Fauteuil pivotant acoustique \u00e0 haut dossier recouvert de tissu vert anis, base circulaire en acier chrom\u00e9. 142 x 75 x 80 cm. (\u00e9tiquette 40) 2 unit\u00e9s. Localisation: 3\u00e8me zone bleue (1 unit\u00e9) \/ Entresol salle caf\u00e9 codir (1 unit\u00e9)"}]},{"@type":"WebSite","@id":"https:\/\/wpe-encheres.com\/site\/#website","url":"https:\/\/wpe-encheres.com\/site\/","name":"wpe-encheres","description":"","publisher":{"@id":"https:\/\/wpe-encheres.com\/site\/#organization"},"potentialAction":[{"@type":"SearchAction","target":{"@type":"EntryPoint","urlTemplate":"https:\/\/wpe-encheres.com\/site\/?s={search_term_string}"},"query-input":{"@type":"PropertyValueSpecification","valueRequired":true,"valueName":"search_term_string"}}],"inLanguage":"fr-FR"},{"@type":"Organization","@id":"https:\/\/wpe-encheres.com\/site\/#organization","name":"wpe encheres","url":"https:\/\/wpe-encheres.com\/site\/","logo":{"@type":"ImageObject","inLanguage":"fr-FR","@id":"https:\/\/wpe-encheres.com\/site\/#\/schema\/logo\/image\/","url":"https:\/\/wpe-encheres.com\/site\/wp-content\/uploads\/2025\/08\/wpe-encheres-logo.png","contentUrl":"https:\/\/wpe-encheres.com\/site\/wp-content\/uploads\/2025\/08\/wpe-encheres-logo.png","width":300,"height":110,"caption":"wpe encheres"},"image":{"@id":"https:\/\/wpe-encheres.com\/site\/#\/schema\/logo\/image\/"}}]}},"_links":{"self":[{"href":"https:\/\/wpe-encheres.com\/site\/wp-json\/wp\/v2\/product\/39008","targetHints":{"allow":["GET"]}}],"collection":[{"href":"https:\/\/wpe-encheres.com\/site\/wp-json\/wp\/v2\/product"}],"about":[{"href":"https:\/\/wpe-encheres.com\/site\/wp-json\/wp\/v2\/types\/product"}],"wp:featuredmedia":[{"embeddable":true,"href":"https:\/\/wpe-encheres.com\/site\/wp-json\/wp\/v2\/media\/39009"}],"wp:attachment":[{"href":"https:\/\/wpe-encheres.com\/site\/wp-json\/wp\/v2\/media?parent=39008"}],"wp:term":[{"taxonomy":"product_brand","embeddable":true,"href":"https:\/\/wpe-encheres.com\/site\/wp-json\/wp\/v2\/product_brand?post=39008"},{"taxonomy":"product_cat","embeddable":true,"href":"https:\/\/wpe-encheres.com\/site\/wp-json\/wp\/v2\/product_cat?post=39008"},{"taxonomy":"product_tag","embeddable":true,"href":"https:\/\/wpe-encheres.com\/site\/wp-json\/wp\/v2\/product_tag?post=39008"}],"curies":[{"name":"wp","href":"https:\/\/api.w.org\/{rel}","templated":true}]}}