{"id":38890,"date":"2026-01-10T12:35:53","date_gmt":"2026-01-10T11:35:53","guid":{"rendered":"https:\/\/wpe-encheres.com\/site\/produit\/casier-a-fiches-de-style-industriel-de-marque-strafor-en-acier-laque-vert-ouvrant-a-deux-tiroirs-24-x-61-x-43-cm-4-unites-vendu-a-lunite-avec-faculte-de-reunion-localisation-tour-coeur-defense\/"},"modified":"2026-01-10T12:35:59","modified_gmt":"2026-01-10T11:35:59","slug":"casier-a-fiches-de-style-industriel-de-marque-strafor-en-acier-laque-vert-ouvrant-a-deux-tiroirs-24-x-61-x-43-cm-4-unites-vendu-a-lunite-avec-faculte-de-reunion-localisation-tour-coeur-defense","status":"publish","type":"product","link":"https:\/\/wpe-encheres.com\/site\/produit\/casier-a-fiches-de-style-industriel-de-marque-strafor-en-acier-laque-vert-ouvrant-a-deux-tiroirs-24-x-61-x-43-cm-4-unites-vendu-a-lunite-avec-faculte-de-reunion-localisation-tour-coeur-defense\/","title":{"rendered":"Casier \u00e0 fiches de style industriel de marque Strafor en acier laqu\u00e9 vert ouvrant \u00e0 deux tiroirs. 24 x 61 x 43 cm. 4 unit\u00e9s. Vendu \u00e0 l&rsquo;unit\u00e9 avec facult\u00e9 de r\u00e9union. Localisation: Tour Coeur D\u00e9fense &#8211; 92400 Courbevoie (TA 25)"},"content":{"rendered":"<p>Casier \u00e0 fiches de style industriel de marque Strafor en acier laqu\u00e9 vert ouvrant \u00e0 deux tiroirs. 24 x 61 x 43 cm. 4 unit\u00e9s. Vendu \u00e0 l&rsquo;unit\u00e9 avec facult\u00e9 de r\u00e9union. Localisation: Tour Coeur D\u00e9fense &#8211; 92400 Courbevoie (TA 25)<\/p>\n","protected":false},"excerpt":{"rendered":"<p>Casier \u00e0 fiches de style industriel de marque Strafor en acier laqu\u00e9 vert ouvrant \u00e0 deux tiroirs. 24 x 61 x 43 cm. 4 unit\u00e9s. Vendu \u00e0 l&rsquo;unit\u00e9 avec facult\u00e9 de r\u00e9union. Localisation: Tour Coeur D\u00e9fense &#8211; 92400 Courbevoie (TA 25)<\/p>\n","protected":false},"featured_media":38626,"template":"","meta":{"_acf_changed":false},"product_brand":[],"product_cat":[24],"product_tag":[69],"class_list":{"0":"post-38890","1":"product","2":"type-product","3":"status-publish","4":"has-post-thumbnail","6":"product_cat-mobilier-de-bureau-equipement-du-bureau","7":"product_tag-vente-du-14-janvier-2026-maj10012026","9":"first","10":"instock","11":"product-type-simple"},"acf":[],"yoast_head":"<!-- This site is optimized with the Yoast SEO plugin v27.3 - https:\/\/yoast.com\/product\/yoast-seo-wordpress\/ -->\n<title>Casier \u00e0 fiches de style industriel de marque Strafor en acier laqu\u00e9 vert ouvrant \u00e0 deux tiroirs. 24 x 61 x 43 cm. 4 unit\u00e9s. Vendu \u00e0 l&#039;unit\u00e9 avec facult\u00e9 de r\u00e9union. Localisation: Tour Coeur D\u00e9fense - 92400 Courbevoie (TA 25) - wpe-encheres<\/title>\n<meta name=\"robots\" content=\"index, follow, max-snippet:-1, max-image-preview:large, max-video-preview:-1\" \/>\n<link rel=\"canonical\" href=\"https:\/\/wpe-encheres.com\/site\/produit\/casier-a-fiches-de-style-industriel-de-marque-strafor-en-acier-laque-vert-ouvrant-a-deux-tiroirs-24-x-61-x-43-cm-4-unites-vendu-a-lunite-avec-faculte-de-reunion-localisation-tour-coeur-defense\/\" \/>\n<meta property=\"og:locale\" content=\"fr_FR\" \/>\n<meta property=\"og:type\" content=\"article\" \/>\n<meta property=\"og:title\" content=\"Casier \u00e0 fiches de style industriel de marque Strafor en acier laqu\u00e9 vert ouvrant \u00e0 deux tiroirs. 24 x 61 x 43 cm. 4 unit\u00e9s. Vendu \u00e0 l&#039;unit\u00e9 avec facult\u00e9 de r\u00e9union. Localisation: Tour Coeur D\u00e9fense - 92400 Courbevoie (TA 25) - wpe-encheres\" \/>\n<meta property=\"og:description\" content=\"Casier \u00e0 fiches de style industriel de marque Strafor en acier laqu\u00e9 vert ouvrant \u00e0 deux tiroirs. 24 x 61 x 43 cm. 4 unit\u00e9s. Vendu \u00e0 l&rsquo;unit\u00e9 avec facult\u00e9 de r\u00e9union. Localisation: Tour Coeur D\u00e9fense &#8211; 92400 Courbevoie (TA 25)\" \/>\n<meta property=\"og:url\" content=\"https:\/\/wpe-encheres.com\/site\/produit\/casier-a-fiches-de-style-industriel-de-marque-strafor-en-acier-laque-vert-ouvrant-a-deux-tiroirs-24-x-61-x-43-cm-4-unites-vendu-a-lunite-avec-faculte-de-reunion-localisation-tour-coeur-defense\/\" \/>\n<meta property=\"og:site_name\" content=\"wpe-encheres\" \/>\n<meta property=\"article:modified_time\" content=\"2026-01-10T11:35:59+00:00\" \/>\n<meta property=\"og:image\" content=\"https:\/\/wpe-encheres.com\/site\/wp-content\/uploads\/2026\/01\/695fe0d0b4b0c.jpg\" \/>\n\t<meta property=\"og:image:width\" content=\"795\" \/>\n\t<meta property=\"og:image:height\" content=\"595\" \/>\n\t<meta property=\"og:image:type\" content=\"image\/jpeg\" \/>\n<meta name=\"twitter:card\" content=\"summary_large_image\" \/>\n<script type=\"application\/ld+json\" class=\"yoast-schema-graph\">{\"@context\":\"https:\\\/\\\/schema.org\",\"@graph\":[{\"@type\":\"WebPage\",\"@id\":\"https:\\\/\\\/wpe-encheres.com\\\/site\\\/produit\\\/casier-a-fiches-de-style-industriel-de-marque-strafor-en-acier-laque-vert-ouvrant-a-deux-tiroirs-24-x-61-x-43-cm-4-unites-vendu-a-lunite-avec-faculte-de-reunion-localisation-tour-coeur-defense\\\/\",\"url\":\"https:\\\/\\\/wpe-encheres.com\\\/site\\\/produit\\\/casier-a-fiches-de-style-industriel-de-marque-strafor-en-acier-laque-vert-ouvrant-a-deux-tiroirs-24-x-61-x-43-cm-4-unites-vendu-a-lunite-avec-faculte-de-reunion-localisation-tour-coeur-defense\\\/\",\"name\":\"Casier \u00e0 fiches de style industriel de marque Strafor en acier laqu\u00e9 vert ouvrant \u00e0 deux tiroirs. 24 x 61 x 43 cm. 4 unit\u00e9s. Vendu \u00e0 l'unit\u00e9 avec facult\u00e9 de r\u00e9union. Localisation: Tour Coeur D\u00e9fense - 92400 Courbevoie (TA 25) - wpe-encheres\",\"isPartOf\":{\"@id\":\"https:\\\/\\\/wpe-encheres.com\\\/site\\\/#website\"},\"primaryImageOfPage\":{\"@id\":\"https:\\\/\\\/wpe-encheres.com\\\/site\\\/produit\\\/casier-a-fiches-de-style-industriel-de-marque-strafor-en-acier-laque-vert-ouvrant-a-deux-tiroirs-24-x-61-x-43-cm-4-unites-vendu-a-lunite-avec-faculte-de-reunion-localisation-tour-coeur-defense\\\/#primaryimage\"},\"image\":{\"@id\":\"https:\\\/\\\/wpe-encheres.com\\\/site\\\/produit\\\/casier-a-fiches-de-style-industriel-de-marque-strafor-en-acier-laque-vert-ouvrant-a-deux-tiroirs-24-x-61-x-43-cm-4-unites-vendu-a-lunite-avec-faculte-de-reunion-localisation-tour-coeur-defense\\\/#primaryimage\"},\"thumbnailUrl\":\"https:\\\/\\\/wpe-encheres.com\\\/site\\\/wp-content\\\/uploads\\\/2026\\\/01\\\/695fe0d0b4b0c.jpg\",\"datePublished\":\"2026-01-10T11:35:53+00:00\",\"dateModified\":\"2026-01-10T11:35:59+00:00\",\"breadcrumb\":{\"@id\":\"https:\\\/\\\/wpe-encheres.com\\\/site\\\/produit\\\/casier-a-fiches-de-style-industriel-de-marque-strafor-en-acier-laque-vert-ouvrant-a-deux-tiroirs-24-x-61-x-43-cm-4-unites-vendu-a-lunite-avec-faculte-de-reunion-localisation-tour-coeur-defense\\\/#breadcrumb\"},\"inLanguage\":\"fr-FR\",\"potentialAction\":[{\"@type\":\"ReadAction\",\"target\":[\"https:\\\/\\\/wpe-encheres.com\\\/site\\\/produit\\\/casier-a-fiches-de-style-industriel-de-marque-strafor-en-acier-laque-vert-ouvrant-a-deux-tiroirs-24-x-61-x-43-cm-4-unites-vendu-a-lunite-avec-faculte-de-reunion-localisation-tour-coeur-defense\\\/\"]}]},{\"@type\":\"ImageObject\",\"inLanguage\":\"fr-FR\",\"@id\":\"https:\\\/\\\/wpe-encheres.com\\\/site\\\/produit\\\/casier-a-fiches-de-style-industriel-de-marque-strafor-en-acier-laque-vert-ouvrant-a-deux-tiroirs-24-x-61-x-43-cm-4-unites-vendu-a-lunite-avec-faculte-de-reunion-localisation-tour-coeur-defense\\\/#primaryimage\",\"url\":\"https:\\\/\\\/wpe-encheres.com\\\/site\\\/wp-content\\\/uploads\\\/2026\\\/01\\\/695fe0d0b4b0c.jpg\",\"contentUrl\":\"https:\\\/\\\/wpe-encheres.com\\\/site\\\/wp-content\\\/uploads\\\/2026\\\/01\\\/695fe0d0b4b0c.jpg\",\"width\":795,\"height\":595},{\"@type\":\"BreadcrumbList\",\"@id\":\"https:\\\/\\\/wpe-encheres.com\\\/site\\\/produit\\\/casier-a-fiches-de-style-industriel-de-marque-strafor-en-acier-laque-vert-ouvrant-a-deux-tiroirs-24-x-61-x-43-cm-4-unites-vendu-a-lunite-avec-faculte-de-reunion-localisation-tour-coeur-defense\\\/#breadcrumb\",\"itemListElement\":[{\"@type\":\"ListItem\",\"position\":1,\"name\":\"Accueil\",\"item\":\"https:\\\/\\\/wpe-encheres.com\\\/site\\\/\"},{\"@type\":\"ListItem\",\"position\":2,\"name\":\"Boutique\",\"item\":\"https:\\\/\\\/wpe-encheres.com\\\/site\\\/?page_id=22765\"},{\"@type\":\"ListItem\",\"position\":3,\"name\":\"Casier \u00e0 fiches de style industriel de marque Strafor en acier laqu\u00e9 vert ouvrant \u00e0 deux tiroirs. 24 x 61 x 43 cm. 4 unit\u00e9s. Vendu \u00e0 l&rsquo;unit\u00e9 avec facult\u00e9 de r\u00e9union. Localisation: Tour Coeur D\u00e9fense &#8211; 92400 Courbevoie (TA 25)\"}]},{\"@type\":\"WebSite\",\"@id\":\"https:\\\/\\\/wpe-encheres.com\\\/site\\\/#website\",\"url\":\"https:\\\/\\\/wpe-encheres.com\\\/site\\\/\",\"name\":\"wpe-encheres\",\"description\":\"\",\"publisher\":{\"@id\":\"https:\\\/\\\/wpe-encheres.com\\\/site\\\/#organization\"},\"potentialAction\":[{\"@type\":\"SearchAction\",\"target\":{\"@type\":\"EntryPoint\",\"urlTemplate\":\"https:\\\/\\\/wpe-encheres.com\\\/site\\\/?s={search_term_string}\"},\"query-input\":{\"@type\":\"PropertyValueSpecification\",\"valueRequired\":true,\"valueName\":\"search_term_string\"}}],\"inLanguage\":\"fr-FR\"},{\"@type\":\"Organization\",\"@id\":\"https:\\\/\\\/wpe-encheres.com\\\/site\\\/#organization\",\"name\":\"wpe encheres\",\"url\":\"https:\\\/\\\/wpe-encheres.com\\\/site\\\/\",\"logo\":{\"@type\":\"ImageObject\",\"inLanguage\":\"fr-FR\",\"@id\":\"https:\\\/\\\/wpe-encheres.com\\\/site\\\/#\\\/schema\\\/logo\\\/image\\\/\",\"url\":\"https:\\\/\\\/wpe-encheres.com\\\/site\\\/wp-content\\\/uploads\\\/2025\\\/08\\\/wpe-encheres-logo.png\",\"contentUrl\":\"https:\\\/\\\/wpe-encheres.com\\\/site\\\/wp-content\\\/uploads\\\/2025\\\/08\\\/wpe-encheres-logo.png\",\"width\":300,\"height\":110,\"caption\":\"wpe encheres\"},\"image\":{\"@id\":\"https:\\\/\\\/wpe-encheres.com\\\/site\\\/#\\\/schema\\\/logo\\\/image\\\/\"}}]}<\/script>\n<!-- \/ Yoast SEO plugin. -->","yoast_head_json":{"title":"Casier \u00e0 fiches de style industriel de marque Strafor en acier laqu\u00e9 vert ouvrant \u00e0 deux tiroirs. 24 x 61 x 43 cm. 4 unit\u00e9s. Vendu \u00e0 l'unit\u00e9 avec facult\u00e9 de r\u00e9union. Localisation: Tour Coeur D\u00e9fense - 92400 Courbevoie (TA 25) - wpe-encheres","robots":{"index":"index","follow":"follow","max-snippet":"max-snippet:-1","max-image-preview":"max-image-preview:large","max-video-preview":"max-video-preview:-1"},"canonical":"https:\/\/wpe-encheres.com\/site\/produit\/casier-a-fiches-de-style-industriel-de-marque-strafor-en-acier-laque-vert-ouvrant-a-deux-tiroirs-24-x-61-x-43-cm-4-unites-vendu-a-lunite-avec-faculte-de-reunion-localisation-tour-coeur-defense\/","og_locale":"fr_FR","og_type":"article","og_title":"Casier \u00e0 fiches de style industriel de marque Strafor en acier laqu\u00e9 vert ouvrant \u00e0 deux tiroirs. 24 x 61 x 43 cm. 4 unit\u00e9s. Vendu \u00e0 l'unit\u00e9 avec facult\u00e9 de r\u00e9union. Localisation: Tour Coeur D\u00e9fense - 92400 Courbevoie (TA 25) - wpe-encheres","og_description":"Casier \u00e0 fiches de style industriel de marque Strafor en acier laqu\u00e9 vert ouvrant \u00e0 deux tiroirs. 24 x 61 x 43 cm. 4 unit\u00e9s. Vendu \u00e0 l&rsquo;unit\u00e9 avec facult\u00e9 de r\u00e9union. Localisation: Tour Coeur D\u00e9fense &#8211; 92400 Courbevoie (TA 25)","og_url":"https:\/\/wpe-encheres.com\/site\/produit\/casier-a-fiches-de-style-industriel-de-marque-strafor-en-acier-laque-vert-ouvrant-a-deux-tiroirs-24-x-61-x-43-cm-4-unites-vendu-a-lunite-avec-faculte-de-reunion-localisation-tour-coeur-defense\/","og_site_name":"wpe-encheres","article_modified_time":"2026-01-10T11:35:59+00:00","og_image":[{"width":795,"height":595,"url":"https:\/\/wpe-encheres.com\/site\/wp-content\/uploads\/2026\/01\/695fe0d0b4b0c.jpg","type":"image\/jpeg"}],"twitter_card":"summary_large_image","schema":{"@context":"https:\/\/schema.org","@graph":[{"@type":"WebPage","@id":"https:\/\/wpe-encheres.com\/site\/produit\/casier-a-fiches-de-style-industriel-de-marque-strafor-en-acier-laque-vert-ouvrant-a-deux-tiroirs-24-x-61-x-43-cm-4-unites-vendu-a-lunite-avec-faculte-de-reunion-localisation-tour-coeur-defense\/","url":"https:\/\/wpe-encheres.com\/site\/produit\/casier-a-fiches-de-style-industriel-de-marque-strafor-en-acier-laque-vert-ouvrant-a-deux-tiroirs-24-x-61-x-43-cm-4-unites-vendu-a-lunite-avec-faculte-de-reunion-localisation-tour-coeur-defense\/","name":"Casier \u00e0 fiches de style industriel de marque Strafor en acier laqu\u00e9 vert ouvrant \u00e0 deux tiroirs. 24 x 61 x 43 cm. 4 unit\u00e9s. Vendu \u00e0 l'unit\u00e9 avec facult\u00e9 de r\u00e9union. Localisation: Tour Coeur D\u00e9fense - 92400 Courbevoie (TA 25) - wpe-encheres","isPartOf":{"@id":"https:\/\/wpe-encheres.com\/site\/#website"},"primaryImageOfPage":{"@id":"https:\/\/wpe-encheres.com\/site\/produit\/casier-a-fiches-de-style-industriel-de-marque-strafor-en-acier-laque-vert-ouvrant-a-deux-tiroirs-24-x-61-x-43-cm-4-unites-vendu-a-lunite-avec-faculte-de-reunion-localisation-tour-coeur-defense\/#primaryimage"},"image":{"@id":"https:\/\/wpe-encheres.com\/site\/produit\/casier-a-fiches-de-style-industriel-de-marque-strafor-en-acier-laque-vert-ouvrant-a-deux-tiroirs-24-x-61-x-43-cm-4-unites-vendu-a-lunite-avec-faculte-de-reunion-localisation-tour-coeur-defense\/#primaryimage"},"thumbnailUrl":"https:\/\/wpe-encheres.com\/site\/wp-content\/uploads\/2026\/01\/695fe0d0b4b0c.jpg","datePublished":"2026-01-10T11:35:53+00:00","dateModified":"2026-01-10T11:35:59+00:00","breadcrumb":{"@id":"https:\/\/wpe-encheres.com\/site\/produit\/casier-a-fiches-de-style-industriel-de-marque-strafor-en-acier-laque-vert-ouvrant-a-deux-tiroirs-24-x-61-x-43-cm-4-unites-vendu-a-lunite-avec-faculte-de-reunion-localisation-tour-coeur-defense\/#breadcrumb"},"inLanguage":"fr-FR","potentialAction":[{"@type":"ReadAction","target":["https:\/\/wpe-encheres.com\/site\/produit\/casier-a-fiches-de-style-industriel-de-marque-strafor-en-acier-laque-vert-ouvrant-a-deux-tiroirs-24-x-61-x-43-cm-4-unites-vendu-a-lunite-avec-faculte-de-reunion-localisation-tour-coeur-defense\/"]}]},{"@type":"ImageObject","inLanguage":"fr-FR","@id":"https:\/\/wpe-encheres.com\/site\/produit\/casier-a-fiches-de-style-industriel-de-marque-strafor-en-acier-laque-vert-ouvrant-a-deux-tiroirs-24-x-61-x-43-cm-4-unites-vendu-a-lunite-avec-faculte-de-reunion-localisation-tour-coeur-defense\/#primaryimage","url":"https:\/\/wpe-encheres.com\/site\/wp-content\/uploads\/2026\/01\/695fe0d0b4b0c.jpg","contentUrl":"https:\/\/wpe-encheres.com\/site\/wp-content\/uploads\/2026\/01\/695fe0d0b4b0c.jpg","width":795,"height":595},{"@type":"BreadcrumbList","@id":"https:\/\/wpe-encheres.com\/site\/produit\/casier-a-fiches-de-style-industriel-de-marque-strafor-en-acier-laque-vert-ouvrant-a-deux-tiroirs-24-x-61-x-43-cm-4-unites-vendu-a-lunite-avec-faculte-de-reunion-localisation-tour-coeur-defense\/#breadcrumb","itemListElement":[{"@type":"ListItem","position":1,"name":"Accueil","item":"https:\/\/wpe-encheres.com\/site\/"},{"@type":"ListItem","position":2,"name":"Boutique","item":"https:\/\/wpe-encheres.com\/site\/?page_id=22765"},{"@type":"ListItem","position":3,"name":"Casier \u00e0 fiches de style industriel de marque Strafor en acier laqu\u00e9 vert ouvrant \u00e0 deux tiroirs. 24 x 61 x 43 cm. 4 unit\u00e9s. Vendu \u00e0 l&rsquo;unit\u00e9 avec facult\u00e9 de r\u00e9union. Localisation: Tour Coeur D\u00e9fense &#8211; 92400 Courbevoie (TA 25)"}]},{"@type":"WebSite","@id":"https:\/\/wpe-encheres.com\/site\/#website","url":"https:\/\/wpe-encheres.com\/site\/","name":"wpe-encheres","description":"","publisher":{"@id":"https:\/\/wpe-encheres.com\/site\/#organization"},"potentialAction":[{"@type":"SearchAction","target":{"@type":"EntryPoint","urlTemplate":"https:\/\/wpe-encheres.com\/site\/?s={search_term_string}"},"query-input":{"@type":"PropertyValueSpecification","valueRequired":true,"valueName":"search_term_string"}}],"inLanguage":"fr-FR"},{"@type":"Organization","@id":"https:\/\/wpe-encheres.com\/site\/#organization","name":"wpe encheres","url":"https:\/\/wpe-encheres.com\/site\/","logo":{"@type":"ImageObject","inLanguage":"fr-FR","@id":"https:\/\/wpe-encheres.com\/site\/#\/schema\/logo\/image\/","url":"https:\/\/wpe-encheres.com\/site\/wp-content\/uploads\/2025\/08\/wpe-encheres-logo.png","contentUrl":"https:\/\/wpe-encheres.com\/site\/wp-content\/uploads\/2025\/08\/wpe-encheres-logo.png","width":300,"height":110,"caption":"wpe encheres"},"image":{"@id":"https:\/\/wpe-encheres.com\/site\/#\/schema\/logo\/image\/"}}]}},"_links":{"self":[{"href":"https:\/\/wpe-encheres.com\/site\/wp-json\/wp\/v2\/product\/38890","targetHints":{"allow":["GET"]}}],"collection":[{"href":"https:\/\/wpe-encheres.com\/site\/wp-json\/wp\/v2\/product"}],"about":[{"href":"https:\/\/wpe-encheres.com\/site\/wp-json\/wp\/v2\/types\/product"}],"wp:featuredmedia":[{"embeddable":true,"href":"https:\/\/wpe-encheres.com\/site\/wp-json\/wp\/v2\/media\/38626"}],"wp:attachment":[{"href":"https:\/\/wpe-encheres.com\/site\/wp-json\/wp\/v2\/media?parent=38890"}],"wp:term":[{"taxonomy":"product_brand","embeddable":true,"href":"https:\/\/wpe-encheres.com\/site\/wp-json\/wp\/v2\/product_brand?post=38890"},{"taxonomy":"product_cat","embeddable":true,"href":"https:\/\/wpe-encheres.com\/site\/wp-json\/wp\/v2\/product_cat?post=38890"},{"taxonomy":"product_tag","embeddable":true,"href":"https:\/\/wpe-encheres.com\/site\/wp-json\/wp\/v2\/product_tag?post=38890"}],"curies":[{"name":"wp","href":"https:\/\/api.w.org\/{rel}","templated":true}]}}