{"id":38852,"date":"2026-01-10T12:35:34","date_gmt":"2026-01-10T11:35:34","guid":{"rendered":"https:\/\/wpe-encheres.com\/site\/produit\/fauteuil-pivotant-de-marque-orangebox-modele-pace-wu4s-recouvert-de-tissu-gris-clair-et-feutrine-violette-dossier-ajoure-pietement-en-etoile-a-4-branches-en-acier-chrome-sur-patins-77-x-56-x-57-cm\/"},"modified":"2026-01-10T12:35:41","modified_gmt":"2026-01-10T11:35:41","slug":"fauteuil-pivotant-de-marque-orangebox-modele-pace-wu4s-recouvert-de-tissu-gris-clair-et-feutrine-violette-dossier-ajoure-pietement-en-etoile-a-4-branches-en-acier-chrome-sur-patins-77-x-56-x-57-cm","status":"publish","type":"product","link":"https:\/\/wpe-encheres.com\/site\/produit\/fauteuil-pivotant-de-marque-orangebox-modele-pace-wu4s-recouvert-de-tissu-gris-clair-et-feutrine-violette-dossier-ajoure-pietement-en-etoile-a-4-branches-en-acier-chrome-sur-patins-77-x-56-x-57-cm\/","title":{"rendered":"Fauteuil pivotant de marque OrangeBox mod\u00e8le Pace-WU4S recouvert de tissu gris clair et feutrine violette, dossier ajour\u00e9, pi\u00e9tement en \u00e9toile \u00e0 4 branches en acier chrom\u00e9 sur patins. 77 x 56 x 57 cm (usures et t\u00e2ches). 4 unit\u00e9s. Vendu \u00e0 l&rsquo;unit\u00e9 avec facult\u00e9 de r\u00e9union. Localisation: Tour Coeur D\u00e9fense &#8211; 92400 Courbevoie (TA 25\u00e8me)"},"content":{"rendered":"<p>Fauteuil pivotant de marque OrangeBox mod\u00e8le Pace-WU4S recouvert de tissu gris clair et feutrine violette, dossier ajour\u00e9, pi\u00e9tement en \u00e9toile \u00e0 4 branches en acier chrom\u00e9 sur patins. 77 x 56 x 57 cm (usures et t\u00e2ches). 4 unit\u00e9s. Vendu \u00e0 l&rsquo;unit\u00e9 avec facult\u00e9 de r\u00e9union. Localisation: Tour Coeur D\u00e9fense &#8211; 92400 Courbevoie (TA 25\u00e8me)<\/p>\n","protected":false},"excerpt":{"rendered":"<p>Fauteuil pivotant de marque OrangeBox mod\u00e8le Pace-WU4S recouvert de tissu gris clair et feutrine violette, dossier ajour\u00e9, pi\u00e9tement en \u00e9toile \u00e0 4 branches en acier chrom\u00e9 sur patins. 77 x 56 x 57 cm (usures et t\u00e2ches). 4 unit\u00e9s. Vendu \u00e0 l&rsquo;unit\u00e9 avec facult\u00e9 de&#8230;<\/p>\n","protected":false},"featured_media":38483,"template":"","meta":{"_acf_changed":false},"product_brand":[],"product_cat":[22],"product_tag":[69],"class_list":{"0":"post-38852","1":"product","2":"type-product","3":"status-publish","4":"has-post-thumbnail","6":"product_cat-mobilier-design-haut-de-gamme","7":"product_tag-vente-du-14-janvier-2026-maj10012026","9":"first","10":"instock","11":"product-type-simple"},"acf":[],"yoast_head":"<!-- This site is optimized with the Yoast SEO plugin v27.3 - https:\/\/yoast.com\/product\/yoast-seo-wordpress\/ -->\n<title>Fauteuil pivotant de marque OrangeBox mod\u00e8le Pace-WU4S recouvert de tissu gris clair et feutrine violette, dossier ajour\u00e9, pi\u00e9tement en \u00e9toile \u00e0 4 branches en acier chrom\u00e9 sur patins. 77 x 56 x 57 cm (usures et t\u00e2ches). 4 unit\u00e9s. Vendu \u00e0 l&#039;unit\u00e9 avec facult\u00e9 de r\u00e9union. Localisation: Tour Coeur D\u00e9fense - 92400 Courbevoie (TA 25\u00e8me) - wpe-encheres<\/title>\n<meta name=\"robots\" content=\"index, follow, max-snippet:-1, max-image-preview:large, max-video-preview:-1\" \/>\n<link rel=\"canonical\" href=\"https:\/\/wpe-encheres.com\/site\/produit\/fauteuil-pivotant-de-marque-orangebox-modele-pace-wu4s-recouvert-de-tissu-gris-clair-et-feutrine-violette-dossier-ajoure-pietement-en-etoile-a-4-branches-en-acier-chrome-sur-patins-77-x-56-x-57-cm\/\" \/>\n<meta property=\"og:locale\" content=\"fr_FR\" \/>\n<meta property=\"og:type\" content=\"article\" \/>\n<meta property=\"og:title\" content=\"Fauteuil pivotant de marque OrangeBox mod\u00e8le Pace-WU4S recouvert de tissu gris clair et feutrine violette, dossier ajour\u00e9, pi\u00e9tement en \u00e9toile \u00e0 4 branches en acier chrom\u00e9 sur patins. 77 x 56 x 57 cm (usures et t\u00e2ches). 4 unit\u00e9s. Vendu \u00e0 l&#039;unit\u00e9 avec facult\u00e9 de r\u00e9union. Localisation: Tour Coeur D\u00e9fense - 92400 Courbevoie (TA 25\u00e8me) - wpe-encheres\" \/>\n<meta property=\"og:description\" content=\"Fauteuil pivotant de marque OrangeBox mod\u00e8le Pace-WU4S recouvert de tissu gris clair et feutrine violette, dossier ajour\u00e9, pi\u00e9tement en \u00e9toile \u00e0 4 branches en acier chrom\u00e9 sur patins. 77 x 56 x 57 cm (usures et t\u00e2ches). 4 unit\u00e9s. Vendu \u00e0 l&rsquo;unit\u00e9 avec facult\u00e9 de...\" \/>\n<meta property=\"og:url\" content=\"https:\/\/wpe-encheres.com\/site\/produit\/fauteuil-pivotant-de-marque-orangebox-modele-pace-wu4s-recouvert-de-tissu-gris-clair-et-feutrine-violette-dossier-ajoure-pietement-en-etoile-a-4-branches-en-acier-chrome-sur-patins-77-x-56-x-57-cm\/\" \/>\n<meta property=\"og:site_name\" content=\"wpe-encheres\" \/>\n<meta property=\"article:modified_time\" content=\"2026-01-10T11:35:41+00:00\" \/>\n<meta property=\"og:image\" content=\"https:\/\/wpe-encheres.com\/site\/wp-content\/uploads\/2026\/01\/695fe0b3acf80.jpg\" \/>\n\t<meta property=\"og:image:width\" content=\"606\" \/>\n\t<meta property=\"og:image:height\" content=\"756\" \/>\n\t<meta property=\"og:image:type\" content=\"image\/jpeg\" \/>\n<meta name=\"twitter:card\" content=\"summary_large_image\" \/>\n<script type=\"application\/ld+json\" class=\"yoast-schema-graph\">{\"@context\":\"https:\\\/\\\/schema.org\",\"@graph\":[{\"@type\":\"WebPage\",\"@id\":\"https:\\\/\\\/wpe-encheres.com\\\/site\\\/produit\\\/fauteuil-pivotant-de-marque-orangebox-modele-pace-wu4s-recouvert-de-tissu-gris-clair-et-feutrine-violette-dossier-ajoure-pietement-en-etoile-a-4-branches-en-acier-chrome-sur-patins-77-x-56-x-57-cm\\\/\",\"url\":\"https:\\\/\\\/wpe-encheres.com\\\/site\\\/produit\\\/fauteuil-pivotant-de-marque-orangebox-modele-pace-wu4s-recouvert-de-tissu-gris-clair-et-feutrine-violette-dossier-ajoure-pietement-en-etoile-a-4-branches-en-acier-chrome-sur-patins-77-x-56-x-57-cm\\\/\",\"name\":\"Fauteuil pivotant de marque OrangeBox mod\u00e8le Pace-WU4S recouvert de tissu gris clair et feutrine violette, dossier ajour\u00e9, pi\u00e9tement en \u00e9toile \u00e0 4 branches en acier chrom\u00e9 sur patins. 77 x 56 x 57 cm (usures et t\u00e2ches). 4 unit\u00e9s. Vendu \u00e0 l'unit\u00e9 avec facult\u00e9 de r\u00e9union. Localisation: Tour Coeur D\u00e9fense - 92400 Courbevoie (TA 25\u00e8me) - wpe-encheres\",\"isPartOf\":{\"@id\":\"https:\\\/\\\/wpe-encheres.com\\\/site\\\/#website\"},\"primaryImageOfPage\":{\"@id\":\"https:\\\/\\\/wpe-encheres.com\\\/site\\\/produit\\\/fauteuil-pivotant-de-marque-orangebox-modele-pace-wu4s-recouvert-de-tissu-gris-clair-et-feutrine-violette-dossier-ajoure-pietement-en-etoile-a-4-branches-en-acier-chrome-sur-patins-77-x-56-x-57-cm\\\/#primaryimage\"},\"image\":{\"@id\":\"https:\\\/\\\/wpe-encheres.com\\\/site\\\/produit\\\/fauteuil-pivotant-de-marque-orangebox-modele-pace-wu4s-recouvert-de-tissu-gris-clair-et-feutrine-violette-dossier-ajoure-pietement-en-etoile-a-4-branches-en-acier-chrome-sur-patins-77-x-56-x-57-cm\\\/#primaryimage\"},\"thumbnailUrl\":\"https:\\\/\\\/wpe-encheres.com\\\/site\\\/wp-content\\\/uploads\\\/2026\\\/01\\\/695fe0b3acf80.jpg\",\"datePublished\":\"2026-01-10T11:35:34+00:00\",\"dateModified\":\"2026-01-10T11:35:41+00:00\",\"breadcrumb\":{\"@id\":\"https:\\\/\\\/wpe-encheres.com\\\/site\\\/produit\\\/fauteuil-pivotant-de-marque-orangebox-modele-pace-wu4s-recouvert-de-tissu-gris-clair-et-feutrine-violette-dossier-ajoure-pietement-en-etoile-a-4-branches-en-acier-chrome-sur-patins-77-x-56-x-57-cm\\\/#breadcrumb\"},\"inLanguage\":\"fr-FR\",\"potentialAction\":[{\"@type\":\"ReadAction\",\"target\":[\"https:\\\/\\\/wpe-encheres.com\\\/site\\\/produit\\\/fauteuil-pivotant-de-marque-orangebox-modele-pace-wu4s-recouvert-de-tissu-gris-clair-et-feutrine-violette-dossier-ajoure-pietement-en-etoile-a-4-branches-en-acier-chrome-sur-patins-77-x-56-x-57-cm\\\/\"]}]},{\"@type\":\"ImageObject\",\"inLanguage\":\"fr-FR\",\"@id\":\"https:\\\/\\\/wpe-encheres.com\\\/site\\\/produit\\\/fauteuil-pivotant-de-marque-orangebox-modele-pace-wu4s-recouvert-de-tissu-gris-clair-et-feutrine-violette-dossier-ajoure-pietement-en-etoile-a-4-branches-en-acier-chrome-sur-patins-77-x-56-x-57-cm\\\/#primaryimage\",\"url\":\"https:\\\/\\\/wpe-encheres.com\\\/site\\\/wp-content\\\/uploads\\\/2026\\\/01\\\/695fe0b3acf80.jpg\",\"contentUrl\":\"https:\\\/\\\/wpe-encheres.com\\\/site\\\/wp-content\\\/uploads\\\/2026\\\/01\\\/695fe0b3acf80.jpg\",\"width\":606,\"height\":756},{\"@type\":\"BreadcrumbList\",\"@id\":\"https:\\\/\\\/wpe-encheres.com\\\/site\\\/produit\\\/fauteuil-pivotant-de-marque-orangebox-modele-pace-wu4s-recouvert-de-tissu-gris-clair-et-feutrine-violette-dossier-ajoure-pietement-en-etoile-a-4-branches-en-acier-chrome-sur-patins-77-x-56-x-57-cm\\\/#breadcrumb\",\"itemListElement\":[{\"@type\":\"ListItem\",\"position\":1,\"name\":\"Accueil\",\"item\":\"https:\\\/\\\/wpe-encheres.com\\\/site\\\/\"},{\"@type\":\"ListItem\",\"position\":2,\"name\":\"Boutique\",\"item\":\"https:\\\/\\\/wpe-encheres.com\\\/site\\\/?page_id=22765\"},{\"@type\":\"ListItem\",\"position\":3,\"name\":\"Fauteuil pivotant de marque OrangeBox mod\u00e8le Pace-WU4S recouvert de tissu gris clair et feutrine violette, dossier ajour\u00e9, pi\u00e9tement en \u00e9toile \u00e0 4 branches en acier chrom\u00e9 sur patins. 77 x 56 x 57 cm (usures et t\u00e2ches). 4 unit\u00e9s. Vendu \u00e0 l&rsquo;unit\u00e9 avec facult\u00e9 de r\u00e9union. Localisation: Tour Coeur D\u00e9fense &#8211; 92400 Courbevoie (TA 25\u00e8me)\"}]},{\"@type\":\"WebSite\",\"@id\":\"https:\\\/\\\/wpe-encheres.com\\\/site\\\/#website\",\"url\":\"https:\\\/\\\/wpe-encheres.com\\\/site\\\/\",\"name\":\"wpe-encheres\",\"description\":\"\",\"publisher\":{\"@id\":\"https:\\\/\\\/wpe-encheres.com\\\/site\\\/#organization\"},\"potentialAction\":[{\"@type\":\"SearchAction\",\"target\":{\"@type\":\"EntryPoint\",\"urlTemplate\":\"https:\\\/\\\/wpe-encheres.com\\\/site\\\/?s={search_term_string}\"},\"query-input\":{\"@type\":\"PropertyValueSpecification\",\"valueRequired\":true,\"valueName\":\"search_term_string\"}}],\"inLanguage\":\"fr-FR\"},{\"@type\":\"Organization\",\"@id\":\"https:\\\/\\\/wpe-encheres.com\\\/site\\\/#organization\",\"name\":\"wpe encheres\",\"url\":\"https:\\\/\\\/wpe-encheres.com\\\/site\\\/\",\"logo\":{\"@type\":\"ImageObject\",\"inLanguage\":\"fr-FR\",\"@id\":\"https:\\\/\\\/wpe-encheres.com\\\/site\\\/#\\\/schema\\\/logo\\\/image\\\/\",\"url\":\"https:\\\/\\\/wpe-encheres.com\\\/site\\\/wp-content\\\/uploads\\\/2025\\\/08\\\/wpe-encheres-logo.png\",\"contentUrl\":\"https:\\\/\\\/wpe-encheres.com\\\/site\\\/wp-content\\\/uploads\\\/2025\\\/08\\\/wpe-encheres-logo.png\",\"width\":300,\"height\":110,\"caption\":\"wpe encheres\"},\"image\":{\"@id\":\"https:\\\/\\\/wpe-encheres.com\\\/site\\\/#\\\/schema\\\/logo\\\/image\\\/\"}}]}<\/script>\n<!-- \/ Yoast SEO plugin. -->","yoast_head_json":{"title":"Fauteuil pivotant de marque OrangeBox mod\u00e8le Pace-WU4S recouvert de tissu gris clair et feutrine violette, dossier ajour\u00e9, pi\u00e9tement en \u00e9toile \u00e0 4 branches en acier chrom\u00e9 sur patins. 77 x 56 x 57 cm (usures et t\u00e2ches). 4 unit\u00e9s. Vendu \u00e0 l'unit\u00e9 avec facult\u00e9 de r\u00e9union. Localisation: Tour Coeur D\u00e9fense - 92400 Courbevoie (TA 25\u00e8me) - wpe-encheres","robots":{"index":"index","follow":"follow","max-snippet":"max-snippet:-1","max-image-preview":"max-image-preview:large","max-video-preview":"max-video-preview:-1"},"canonical":"https:\/\/wpe-encheres.com\/site\/produit\/fauteuil-pivotant-de-marque-orangebox-modele-pace-wu4s-recouvert-de-tissu-gris-clair-et-feutrine-violette-dossier-ajoure-pietement-en-etoile-a-4-branches-en-acier-chrome-sur-patins-77-x-56-x-57-cm\/","og_locale":"fr_FR","og_type":"article","og_title":"Fauteuil pivotant de marque OrangeBox mod\u00e8le Pace-WU4S recouvert de tissu gris clair et feutrine violette, dossier ajour\u00e9, pi\u00e9tement en \u00e9toile \u00e0 4 branches en acier chrom\u00e9 sur patins. 77 x 56 x 57 cm (usures et t\u00e2ches). 4 unit\u00e9s. Vendu \u00e0 l'unit\u00e9 avec facult\u00e9 de r\u00e9union. Localisation: Tour Coeur D\u00e9fense - 92400 Courbevoie (TA 25\u00e8me) - wpe-encheres","og_description":"Fauteuil pivotant de marque OrangeBox mod\u00e8le Pace-WU4S recouvert de tissu gris clair et feutrine violette, dossier ajour\u00e9, pi\u00e9tement en \u00e9toile \u00e0 4 branches en acier chrom\u00e9 sur patins. 77 x 56 x 57 cm (usures et t\u00e2ches). 4 unit\u00e9s. Vendu \u00e0 l&rsquo;unit\u00e9 avec facult\u00e9 de...","og_url":"https:\/\/wpe-encheres.com\/site\/produit\/fauteuil-pivotant-de-marque-orangebox-modele-pace-wu4s-recouvert-de-tissu-gris-clair-et-feutrine-violette-dossier-ajoure-pietement-en-etoile-a-4-branches-en-acier-chrome-sur-patins-77-x-56-x-57-cm\/","og_site_name":"wpe-encheres","article_modified_time":"2026-01-10T11:35:41+00:00","og_image":[{"width":606,"height":756,"url":"https:\/\/wpe-encheres.com\/site\/wp-content\/uploads\/2026\/01\/695fe0b3acf80.jpg","type":"image\/jpeg"}],"twitter_card":"summary_large_image","schema":{"@context":"https:\/\/schema.org","@graph":[{"@type":"WebPage","@id":"https:\/\/wpe-encheres.com\/site\/produit\/fauteuil-pivotant-de-marque-orangebox-modele-pace-wu4s-recouvert-de-tissu-gris-clair-et-feutrine-violette-dossier-ajoure-pietement-en-etoile-a-4-branches-en-acier-chrome-sur-patins-77-x-56-x-57-cm\/","url":"https:\/\/wpe-encheres.com\/site\/produit\/fauteuil-pivotant-de-marque-orangebox-modele-pace-wu4s-recouvert-de-tissu-gris-clair-et-feutrine-violette-dossier-ajoure-pietement-en-etoile-a-4-branches-en-acier-chrome-sur-patins-77-x-56-x-57-cm\/","name":"Fauteuil pivotant de marque OrangeBox mod\u00e8le Pace-WU4S recouvert de tissu gris clair et feutrine violette, dossier ajour\u00e9, pi\u00e9tement en \u00e9toile \u00e0 4 branches en acier chrom\u00e9 sur patins. 77 x 56 x 57 cm (usures et t\u00e2ches). 4 unit\u00e9s. Vendu \u00e0 l'unit\u00e9 avec facult\u00e9 de r\u00e9union. Localisation: Tour Coeur D\u00e9fense - 92400 Courbevoie (TA 25\u00e8me) - wpe-encheres","isPartOf":{"@id":"https:\/\/wpe-encheres.com\/site\/#website"},"primaryImageOfPage":{"@id":"https:\/\/wpe-encheres.com\/site\/produit\/fauteuil-pivotant-de-marque-orangebox-modele-pace-wu4s-recouvert-de-tissu-gris-clair-et-feutrine-violette-dossier-ajoure-pietement-en-etoile-a-4-branches-en-acier-chrome-sur-patins-77-x-56-x-57-cm\/#primaryimage"},"image":{"@id":"https:\/\/wpe-encheres.com\/site\/produit\/fauteuil-pivotant-de-marque-orangebox-modele-pace-wu4s-recouvert-de-tissu-gris-clair-et-feutrine-violette-dossier-ajoure-pietement-en-etoile-a-4-branches-en-acier-chrome-sur-patins-77-x-56-x-57-cm\/#primaryimage"},"thumbnailUrl":"https:\/\/wpe-encheres.com\/site\/wp-content\/uploads\/2026\/01\/695fe0b3acf80.jpg","datePublished":"2026-01-10T11:35:34+00:00","dateModified":"2026-01-10T11:35:41+00:00","breadcrumb":{"@id":"https:\/\/wpe-encheres.com\/site\/produit\/fauteuil-pivotant-de-marque-orangebox-modele-pace-wu4s-recouvert-de-tissu-gris-clair-et-feutrine-violette-dossier-ajoure-pietement-en-etoile-a-4-branches-en-acier-chrome-sur-patins-77-x-56-x-57-cm\/#breadcrumb"},"inLanguage":"fr-FR","potentialAction":[{"@type":"ReadAction","target":["https:\/\/wpe-encheres.com\/site\/produit\/fauteuil-pivotant-de-marque-orangebox-modele-pace-wu4s-recouvert-de-tissu-gris-clair-et-feutrine-violette-dossier-ajoure-pietement-en-etoile-a-4-branches-en-acier-chrome-sur-patins-77-x-56-x-57-cm\/"]}]},{"@type":"ImageObject","inLanguage":"fr-FR","@id":"https:\/\/wpe-encheres.com\/site\/produit\/fauteuil-pivotant-de-marque-orangebox-modele-pace-wu4s-recouvert-de-tissu-gris-clair-et-feutrine-violette-dossier-ajoure-pietement-en-etoile-a-4-branches-en-acier-chrome-sur-patins-77-x-56-x-57-cm\/#primaryimage","url":"https:\/\/wpe-encheres.com\/site\/wp-content\/uploads\/2026\/01\/695fe0b3acf80.jpg","contentUrl":"https:\/\/wpe-encheres.com\/site\/wp-content\/uploads\/2026\/01\/695fe0b3acf80.jpg","width":606,"height":756},{"@type":"BreadcrumbList","@id":"https:\/\/wpe-encheres.com\/site\/produit\/fauteuil-pivotant-de-marque-orangebox-modele-pace-wu4s-recouvert-de-tissu-gris-clair-et-feutrine-violette-dossier-ajoure-pietement-en-etoile-a-4-branches-en-acier-chrome-sur-patins-77-x-56-x-57-cm\/#breadcrumb","itemListElement":[{"@type":"ListItem","position":1,"name":"Accueil","item":"https:\/\/wpe-encheres.com\/site\/"},{"@type":"ListItem","position":2,"name":"Boutique","item":"https:\/\/wpe-encheres.com\/site\/?page_id=22765"},{"@type":"ListItem","position":3,"name":"Fauteuil pivotant de marque OrangeBox mod\u00e8le Pace-WU4S recouvert de tissu gris clair et feutrine violette, dossier ajour\u00e9, pi\u00e9tement en \u00e9toile \u00e0 4 branches en acier chrom\u00e9 sur patins. 77 x 56 x 57 cm (usures et t\u00e2ches). 4 unit\u00e9s. Vendu \u00e0 l&rsquo;unit\u00e9 avec facult\u00e9 de r\u00e9union. Localisation: Tour Coeur D\u00e9fense &#8211; 92400 Courbevoie (TA 25\u00e8me)"}]},{"@type":"WebSite","@id":"https:\/\/wpe-encheres.com\/site\/#website","url":"https:\/\/wpe-encheres.com\/site\/","name":"wpe-encheres","description":"","publisher":{"@id":"https:\/\/wpe-encheres.com\/site\/#organization"},"potentialAction":[{"@type":"SearchAction","target":{"@type":"EntryPoint","urlTemplate":"https:\/\/wpe-encheres.com\/site\/?s={search_term_string}"},"query-input":{"@type":"PropertyValueSpecification","valueRequired":true,"valueName":"search_term_string"}}],"inLanguage":"fr-FR"},{"@type":"Organization","@id":"https:\/\/wpe-encheres.com\/site\/#organization","name":"wpe encheres","url":"https:\/\/wpe-encheres.com\/site\/","logo":{"@type":"ImageObject","inLanguage":"fr-FR","@id":"https:\/\/wpe-encheres.com\/site\/#\/schema\/logo\/image\/","url":"https:\/\/wpe-encheres.com\/site\/wp-content\/uploads\/2025\/08\/wpe-encheres-logo.png","contentUrl":"https:\/\/wpe-encheres.com\/site\/wp-content\/uploads\/2025\/08\/wpe-encheres-logo.png","width":300,"height":110,"caption":"wpe encheres"},"image":{"@id":"https:\/\/wpe-encheres.com\/site\/#\/schema\/logo\/image\/"}}]}},"_links":{"self":[{"href":"https:\/\/wpe-encheres.com\/site\/wp-json\/wp\/v2\/product\/38852","targetHints":{"allow":["GET"]}}],"collection":[{"href":"https:\/\/wpe-encheres.com\/site\/wp-json\/wp\/v2\/product"}],"about":[{"href":"https:\/\/wpe-encheres.com\/site\/wp-json\/wp\/v2\/types\/product"}],"wp:featuredmedia":[{"embeddable":true,"href":"https:\/\/wpe-encheres.com\/site\/wp-json\/wp\/v2\/media\/38483"}],"wp:attachment":[{"href":"https:\/\/wpe-encheres.com\/site\/wp-json\/wp\/v2\/media?parent=38852"}],"wp:term":[{"taxonomy":"product_brand","embeddable":true,"href":"https:\/\/wpe-encheres.com\/site\/wp-json\/wp\/v2\/product_brand?post=38852"},{"taxonomy":"product_cat","embeddable":true,"href":"https:\/\/wpe-encheres.com\/site\/wp-json\/wp\/v2\/product_cat?post=38852"},{"taxonomy":"product_tag","embeddable":true,"href":"https:\/\/wpe-encheres.com\/site\/wp-json\/wp\/v2\/product_tag?post=38852"}],"curies":[{"name":"wp","href":"https:\/\/api.w.org\/{rel}","templated":true}]}}