{"id":38801,"date":"2026-01-10T12:35:15","date_gmt":"2026-01-10T11:35:15","guid":{"rendered":"https:\/\/wpe-encheres.com\/site\/produit\/fauteuil-pivotant-design-le-corbusier-jeanneret-et-perriand-modele-lc7-edition-cassina-structure-en-acier-chrome-garniture-en-tissu-gris-anthracite-numerote-40058-signe-sur-le-pietement-72-x-60\/"},"modified":"2026-01-10T12:35:17","modified_gmt":"2026-01-10T11:35:17","slug":"fauteuil-pivotant-design-le-corbusier-jeanneret-et-perriand-modele-lc7-edition-cassina-structure-en-acier-chrome-garniture-en-tissu-gris-anthracite-numerote-40058-signe-sur-le-pietement-72-x-60","status":"publish","type":"product","link":"https:\/\/wpe-encheres.com\/site\/produit\/fauteuil-pivotant-design-le-corbusier-jeanneret-et-perriand-modele-lc7-edition-cassina-structure-en-acier-chrome-garniture-en-tissu-gris-anthracite-numerote-40058-signe-sur-le-pietement-72-x-60\/","title":{"rendered":"Fauteuil pivotant design Le Corbusier, Jeanneret et Perriand mod\u00e8le LC7 \u00e9dition Cassina, structure en acier chrom\u00e9, garniture en tissu gris anthracite. Num\u00e9rot\u00e9 40058, sign\u00e9 sur le pi\u00e8tement. 72 x 60 cm. Localisation: Tour Coeur D\u00e9fense &#8211; 92400 Courbevoie (TA 26\u00e8me)"},"content":{"rendered":"<p>Fauteuil pivotant design Le Corbusier, Jeanneret et Perriand mod\u00e8le LC7 \u00e9dition Cassina, structure en acier chrom\u00e9, garniture en tissu gris anthracite. Num\u00e9rot\u00e9 40058, sign\u00e9 sur le pi\u00e8tement. 72 x 60 cm. Localisation: Tour Coeur D\u00e9fense &#8211; 92400 Courbevoie (TA 26\u00e8me)<\/p>\n","protected":false},"excerpt":{"rendered":"<p>Fauteuil pivotant design Le Corbusier, Jeanneret et Perriand mod\u00e8le LC7 \u00e9dition Cassina, structure en acier chrom\u00e9, garniture en tissu gris anthracite. Num\u00e9rot\u00e9 40058, sign\u00e9 sur le pi\u00e8tement. 72 x 60 cm. Localisation: Tour Coeur D\u00e9fense &#8211; 92400 Courbevoie (TA 26\u00e8me)<\/p>\n","protected":false},"featured_media":38289,"template":"","meta":{"_acf_changed":false},"product_brand":[],"product_cat":[22],"product_tag":[69],"class_list":{"0":"post-38801","1":"product","2":"type-product","3":"status-publish","4":"has-post-thumbnail","6":"product_cat-mobilier-design-haut-de-gamme","7":"product_tag-vente-du-14-janvier-2026-maj10012026","9":"first","10":"instock","11":"product-type-simple"},"acf":[],"yoast_head":"<!-- This site is optimized with the Yoast SEO plugin v27.3 - https:\/\/yoast.com\/product\/yoast-seo-wordpress\/ -->\n<title>Fauteuil pivotant design Le Corbusier, Jeanneret et Perriand mod\u00e8le LC7 \u00e9dition Cassina, structure en acier chrom\u00e9, garniture en tissu gris anthracite. Num\u00e9rot\u00e9 40058, sign\u00e9 sur le pi\u00e8tement. 72 x 60 cm. Localisation: Tour Coeur D\u00e9fense - 92400 Courbevoie (TA 26\u00e8me) - wpe-encheres<\/title>\n<meta name=\"robots\" content=\"index, follow, max-snippet:-1, max-image-preview:large, max-video-preview:-1\" \/>\n<link rel=\"canonical\" href=\"https:\/\/wpe-encheres.com\/site\/produit\/fauteuil-pivotant-design-le-corbusier-jeanneret-et-perriand-modele-lc7-edition-cassina-structure-en-acier-chrome-garniture-en-tissu-gris-anthracite-numerote-40058-signe-sur-le-pietement-72-x-60\/\" \/>\n<meta property=\"og:locale\" content=\"fr_FR\" \/>\n<meta property=\"og:type\" content=\"article\" \/>\n<meta property=\"og:title\" content=\"Fauteuil pivotant design Le Corbusier, Jeanneret et Perriand mod\u00e8le LC7 \u00e9dition Cassina, structure en acier chrom\u00e9, garniture en tissu gris anthracite. Num\u00e9rot\u00e9 40058, sign\u00e9 sur le pi\u00e8tement. 72 x 60 cm. Localisation: Tour Coeur D\u00e9fense - 92400 Courbevoie (TA 26\u00e8me) - wpe-encheres\" \/>\n<meta property=\"og:description\" content=\"Fauteuil pivotant design Le Corbusier, Jeanneret et Perriand mod\u00e8le LC7 \u00e9dition Cassina, structure en acier chrom\u00e9, garniture en tissu gris anthracite. Num\u00e9rot\u00e9 40058, sign\u00e9 sur le pi\u00e8tement. 72 x 60 cm. Localisation: Tour Coeur D\u00e9fense &#8211; 92400 Courbevoie (TA 26\u00e8me)\" \/>\n<meta property=\"og:url\" content=\"https:\/\/wpe-encheres.com\/site\/produit\/fauteuil-pivotant-design-le-corbusier-jeanneret-et-perriand-modele-lc7-edition-cassina-structure-en-acier-chrome-garniture-en-tissu-gris-anthracite-numerote-40058-signe-sur-le-pietement-72-x-60\/\" \/>\n<meta property=\"og:site_name\" content=\"wpe-encheres\" \/>\n<meta property=\"article:modified_time\" content=\"2026-01-10T11:35:17+00:00\" \/>\n<meta property=\"og:image\" content=\"https:\/\/wpe-encheres.com\/site\/wp-content\/uploads\/2026\/01\/695fe075700b8.jpg\" \/>\n\t<meta property=\"og:image:width\" content=\"660\" \/>\n\t<meta property=\"og:image:height\" content=\"723\" \/>\n\t<meta property=\"og:image:type\" content=\"image\/jpeg\" \/>\n<meta name=\"twitter:card\" content=\"summary_large_image\" \/>\n<script type=\"application\/ld+json\" class=\"yoast-schema-graph\">{\"@context\":\"https:\\\/\\\/schema.org\",\"@graph\":[{\"@type\":\"WebPage\",\"@id\":\"https:\\\/\\\/wpe-encheres.com\\\/site\\\/produit\\\/fauteuil-pivotant-design-le-corbusier-jeanneret-et-perriand-modele-lc7-edition-cassina-structure-en-acier-chrome-garniture-en-tissu-gris-anthracite-numerote-40058-signe-sur-le-pietement-72-x-60\\\/\",\"url\":\"https:\\\/\\\/wpe-encheres.com\\\/site\\\/produit\\\/fauteuil-pivotant-design-le-corbusier-jeanneret-et-perriand-modele-lc7-edition-cassina-structure-en-acier-chrome-garniture-en-tissu-gris-anthracite-numerote-40058-signe-sur-le-pietement-72-x-60\\\/\",\"name\":\"Fauteuil pivotant design Le Corbusier, Jeanneret et Perriand mod\u00e8le LC7 \u00e9dition Cassina, structure en acier chrom\u00e9, garniture en tissu gris anthracite. Num\u00e9rot\u00e9 40058, sign\u00e9 sur le pi\u00e8tement. 72 x 60 cm. Localisation: Tour Coeur D\u00e9fense - 92400 Courbevoie (TA 26\u00e8me) - wpe-encheres\",\"isPartOf\":{\"@id\":\"https:\\\/\\\/wpe-encheres.com\\\/site\\\/#website\"},\"primaryImageOfPage\":{\"@id\":\"https:\\\/\\\/wpe-encheres.com\\\/site\\\/produit\\\/fauteuil-pivotant-design-le-corbusier-jeanneret-et-perriand-modele-lc7-edition-cassina-structure-en-acier-chrome-garniture-en-tissu-gris-anthracite-numerote-40058-signe-sur-le-pietement-72-x-60\\\/#primaryimage\"},\"image\":{\"@id\":\"https:\\\/\\\/wpe-encheres.com\\\/site\\\/produit\\\/fauteuil-pivotant-design-le-corbusier-jeanneret-et-perriand-modele-lc7-edition-cassina-structure-en-acier-chrome-garniture-en-tissu-gris-anthracite-numerote-40058-signe-sur-le-pietement-72-x-60\\\/#primaryimage\"},\"thumbnailUrl\":\"https:\\\/\\\/wpe-encheres.com\\\/site\\\/wp-content\\\/uploads\\\/2026\\\/01\\\/695fe075700b8.jpg\",\"datePublished\":\"2026-01-10T11:35:15+00:00\",\"dateModified\":\"2026-01-10T11:35:17+00:00\",\"breadcrumb\":{\"@id\":\"https:\\\/\\\/wpe-encheres.com\\\/site\\\/produit\\\/fauteuil-pivotant-design-le-corbusier-jeanneret-et-perriand-modele-lc7-edition-cassina-structure-en-acier-chrome-garniture-en-tissu-gris-anthracite-numerote-40058-signe-sur-le-pietement-72-x-60\\\/#breadcrumb\"},\"inLanguage\":\"fr-FR\",\"potentialAction\":[{\"@type\":\"ReadAction\",\"target\":[\"https:\\\/\\\/wpe-encheres.com\\\/site\\\/produit\\\/fauteuil-pivotant-design-le-corbusier-jeanneret-et-perriand-modele-lc7-edition-cassina-structure-en-acier-chrome-garniture-en-tissu-gris-anthracite-numerote-40058-signe-sur-le-pietement-72-x-60\\\/\"]}]},{\"@type\":\"ImageObject\",\"inLanguage\":\"fr-FR\",\"@id\":\"https:\\\/\\\/wpe-encheres.com\\\/site\\\/produit\\\/fauteuil-pivotant-design-le-corbusier-jeanneret-et-perriand-modele-lc7-edition-cassina-structure-en-acier-chrome-garniture-en-tissu-gris-anthracite-numerote-40058-signe-sur-le-pietement-72-x-60\\\/#primaryimage\",\"url\":\"https:\\\/\\\/wpe-encheres.com\\\/site\\\/wp-content\\\/uploads\\\/2026\\\/01\\\/695fe075700b8.jpg\",\"contentUrl\":\"https:\\\/\\\/wpe-encheres.com\\\/site\\\/wp-content\\\/uploads\\\/2026\\\/01\\\/695fe075700b8.jpg\",\"width\":660,\"height\":723},{\"@type\":\"BreadcrumbList\",\"@id\":\"https:\\\/\\\/wpe-encheres.com\\\/site\\\/produit\\\/fauteuil-pivotant-design-le-corbusier-jeanneret-et-perriand-modele-lc7-edition-cassina-structure-en-acier-chrome-garniture-en-tissu-gris-anthracite-numerote-40058-signe-sur-le-pietement-72-x-60\\\/#breadcrumb\",\"itemListElement\":[{\"@type\":\"ListItem\",\"position\":1,\"name\":\"Accueil\",\"item\":\"https:\\\/\\\/wpe-encheres.com\\\/site\\\/\"},{\"@type\":\"ListItem\",\"position\":2,\"name\":\"Boutique\",\"item\":\"https:\\\/\\\/wpe-encheres.com\\\/site\\\/?page_id=22765\"},{\"@type\":\"ListItem\",\"position\":3,\"name\":\"Fauteuil pivotant design Le Corbusier, Jeanneret et Perriand mod\u00e8le LC7 \u00e9dition Cassina, structure en acier chrom\u00e9, garniture en tissu gris anthracite. Num\u00e9rot\u00e9 40058, sign\u00e9 sur le pi\u00e8tement. 72 x 60 cm. Localisation: Tour Coeur D\u00e9fense &#8211; 92400 Courbevoie (TA 26\u00e8me)\"}]},{\"@type\":\"WebSite\",\"@id\":\"https:\\\/\\\/wpe-encheres.com\\\/site\\\/#website\",\"url\":\"https:\\\/\\\/wpe-encheres.com\\\/site\\\/\",\"name\":\"wpe-encheres\",\"description\":\"\",\"publisher\":{\"@id\":\"https:\\\/\\\/wpe-encheres.com\\\/site\\\/#organization\"},\"potentialAction\":[{\"@type\":\"SearchAction\",\"target\":{\"@type\":\"EntryPoint\",\"urlTemplate\":\"https:\\\/\\\/wpe-encheres.com\\\/site\\\/?s={search_term_string}\"},\"query-input\":{\"@type\":\"PropertyValueSpecification\",\"valueRequired\":true,\"valueName\":\"search_term_string\"}}],\"inLanguage\":\"fr-FR\"},{\"@type\":\"Organization\",\"@id\":\"https:\\\/\\\/wpe-encheres.com\\\/site\\\/#organization\",\"name\":\"wpe encheres\",\"url\":\"https:\\\/\\\/wpe-encheres.com\\\/site\\\/\",\"logo\":{\"@type\":\"ImageObject\",\"inLanguage\":\"fr-FR\",\"@id\":\"https:\\\/\\\/wpe-encheres.com\\\/site\\\/#\\\/schema\\\/logo\\\/image\\\/\",\"url\":\"https:\\\/\\\/wpe-encheres.com\\\/site\\\/wp-content\\\/uploads\\\/2025\\\/08\\\/wpe-encheres-logo.png\",\"contentUrl\":\"https:\\\/\\\/wpe-encheres.com\\\/site\\\/wp-content\\\/uploads\\\/2025\\\/08\\\/wpe-encheres-logo.png\",\"width\":300,\"height\":110,\"caption\":\"wpe encheres\"},\"image\":{\"@id\":\"https:\\\/\\\/wpe-encheres.com\\\/site\\\/#\\\/schema\\\/logo\\\/image\\\/\"}}]}<\/script>\n<!-- \/ Yoast SEO plugin. -->","yoast_head_json":{"title":"Fauteuil pivotant design Le Corbusier, Jeanneret et Perriand mod\u00e8le LC7 \u00e9dition Cassina, structure en acier chrom\u00e9, garniture en tissu gris anthracite. Num\u00e9rot\u00e9 40058, sign\u00e9 sur le pi\u00e8tement. 72 x 60 cm. Localisation: Tour Coeur D\u00e9fense - 92400 Courbevoie (TA 26\u00e8me) - wpe-encheres","robots":{"index":"index","follow":"follow","max-snippet":"max-snippet:-1","max-image-preview":"max-image-preview:large","max-video-preview":"max-video-preview:-1"},"canonical":"https:\/\/wpe-encheres.com\/site\/produit\/fauteuil-pivotant-design-le-corbusier-jeanneret-et-perriand-modele-lc7-edition-cassina-structure-en-acier-chrome-garniture-en-tissu-gris-anthracite-numerote-40058-signe-sur-le-pietement-72-x-60\/","og_locale":"fr_FR","og_type":"article","og_title":"Fauteuil pivotant design Le Corbusier, Jeanneret et Perriand mod\u00e8le LC7 \u00e9dition Cassina, structure en acier chrom\u00e9, garniture en tissu gris anthracite. Num\u00e9rot\u00e9 40058, sign\u00e9 sur le pi\u00e8tement. 72 x 60 cm. Localisation: Tour Coeur D\u00e9fense - 92400 Courbevoie (TA 26\u00e8me) - wpe-encheres","og_description":"Fauteuil pivotant design Le Corbusier, Jeanneret et Perriand mod\u00e8le LC7 \u00e9dition Cassina, structure en acier chrom\u00e9, garniture en tissu gris anthracite. Num\u00e9rot\u00e9 40058, sign\u00e9 sur le pi\u00e8tement. 72 x 60 cm. Localisation: Tour Coeur D\u00e9fense &#8211; 92400 Courbevoie (TA 26\u00e8me)","og_url":"https:\/\/wpe-encheres.com\/site\/produit\/fauteuil-pivotant-design-le-corbusier-jeanneret-et-perriand-modele-lc7-edition-cassina-structure-en-acier-chrome-garniture-en-tissu-gris-anthracite-numerote-40058-signe-sur-le-pietement-72-x-60\/","og_site_name":"wpe-encheres","article_modified_time":"2026-01-10T11:35:17+00:00","og_image":[{"width":660,"height":723,"url":"https:\/\/wpe-encheres.com\/site\/wp-content\/uploads\/2026\/01\/695fe075700b8.jpg","type":"image\/jpeg"}],"twitter_card":"summary_large_image","schema":{"@context":"https:\/\/schema.org","@graph":[{"@type":"WebPage","@id":"https:\/\/wpe-encheres.com\/site\/produit\/fauteuil-pivotant-design-le-corbusier-jeanneret-et-perriand-modele-lc7-edition-cassina-structure-en-acier-chrome-garniture-en-tissu-gris-anthracite-numerote-40058-signe-sur-le-pietement-72-x-60\/","url":"https:\/\/wpe-encheres.com\/site\/produit\/fauteuil-pivotant-design-le-corbusier-jeanneret-et-perriand-modele-lc7-edition-cassina-structure-en-acier-chrome-garniture-en-tissu-gris-anthracite-numerote-40058-signe-sur-le-pietement-72-x-60\/","name":"Fauteuil pivotant design Le Corbusier, Jeanneret et Perriand mod\u00e8le LC7 \u00e9dition Cassina, structure en acier chrom\u00e9, garniture en tissu gris anthracite. Num\u00e9rot\u00e9 40058, sign\u00e9 sur le pi\u00e8tement. 72 x 60 cm. Localisation: Tour Coeur D\u00e9fense - 92400 Courbevoie (TA 26\u00e8me) - wpe-encheres","isPartOf":{"@id":"https:\/\/wpe-encheres.com\/site\/#website"},"primaryImageOfPage":{"@id":"https:\/\/wpe-encheres.com\/site\/produit\/fauteuil-pivotant-design-le-corbusier-jeanneret-et-perriand-modele-lc7-edition-cassina-structure-en-acier-chrome-garniture-en-tissu-gris-anthracite-numerote-40058-signe-sur-le-pietement-72-x-60\/#primaryimage"},"image":{"@id":"https:\/\/wpe-encheres.com\/site\/produit\/fauteuil-pivotant-design-le-corbusier-jeanneret-et-perriand-modele-lc7-edition-cassina-structure-en-acier-chrome-garniture-en-tissu-gris-anthracite-numerote-40058-signe-sur-le-pietement-72-x-60\/#primaryimage"},"thumbnailUrl":"https:\/\/wpe-encheres.com\/site\/wp-content\/uploads\/2026\/01\/695fe075700b8.jpg","datePublished":"2026-01-10T11:35:15+00:00","dateModified":"2026-01-10T11:35:17+00:00","breadcrumb":{"@id":"https:\/\/wpe-encheres.com\/site\/produit\/fauteuil-pivotant-design-le-corbusier-jeanneret-et-perriand-modele-lc7-edition-cassina-structure-en-acier-chrome-garniture-en-tissu-gris-anthracite-numerote-40058-signe-sur-le-pietement-72-x-60\/#breadcrumb"},"inLanguage":"fr-FR","potentialAction":[{"@type":"ReadAction","target":["https:\/\/wpe-encheres.com\/site\/produit\/fauteuil-pivotant-design-le-corbusier-jeanneret-et-perriand-modele-lc7-edition-cassina-structure-en-acier-chrome-garniture-en-tissu-gris-anthracite-numerote-40058-signe-sur-le-pietement-72-x-60\/"]}]},{"@type":"ImageObject","inLanguage":"fr-FR","@id":"https:\/\/wpe-encheres.com\/site\/produit\/fauteuil-pivotant-design-le-corbusier-jeanneret-et-perriand-modele-lc7-edition-cassina-structure-en-acier-chrome-garniture-en-tissu-gris-anthracite-numerote-40058-signe-sur-le-pietement-72-x-60\/#primaryimage","url":"https:\/\/wpe-encheres.com\/site\/wp-content\/uploads\/2026\/01\/695fe075700b8.jpg","contentUrl":"https:\/\/wpe-encheres.com\/site\/wp-content\/uploads\/2026\/01\/695fe075700b8.jpg","width":660,"height":723},{"@type":"BreadcrumbList","@id":"https:\/\/wpe-encheres.com\/site\/produit\/fauteuil-pivotant-design-le-corbusier-jeanneret-et-perriand-modele-lc7-edition-cassina-structure-en-acier-chrome-garniture-en-tissu-gris-anthracite-numerote-40058-signe-sur-le-pietement-72-x-60\/#breadcrumb","itemListElement":[{"@type":"ListItem","position":1,"name":"Accueil","item":"https:\/\/wpe-encheres.com\/site\/"},{"@type":"ListItem","position":2,"name":"Boutique","item":"https:\/\/wpe-encheres.com\/site\/?page_id=22765"},{"@type":"ListItem","position":3,"name":"Fauteuil pivotant design Le Corbusier, Jeanneret et Perriand mod\u00e8le LC7 \u00e9dition Cassina, structure en acier chrom\u00e9, garniture en tissu gris anthracite. Num\u00e9rot\u00e9 40058, sign\u00e9 sur le pi\u00e8tement. 72 x 60 cm. Localisation: Tour Coeur D\u00e9fense &#8211; 92400 Courbevoie (TA 26\u00e8me)"}]},{"@type":"WebSite","@id":"https:\/\/wpe-encheres.com\/site\/#website","url":"https:\/\/wpe-encheres.com\/site\/","name":"wpe-encheres","description":"","publisher":{"@id":"https:\/\/wpe-encheres.com\/site\/#organization"},"potentialAction":[{"@type":"SearchAction","target":{"@type":"EntryPoint","urlTemplate":"https:\/\/wpe-encheres.com\/site\/?s={search_term_string}"},"query-input":{"@type":"PropertyValueSpecification","valueRequired":true,"valueName":"search_term_string"}}],"inLanguage":"fr-FR"},{"@type":"Organization","@id":"https:\/\/wpe-encheres.com\/site\/#organization","name":"wpe encheres","url":"https:\/\/wpe-encheres.com\/site\/","logo":{"@type":"ImageObject","inLanguage":"fr-FR","@id":"https:\/\/wpe-encheres.com\/site\/#\/schema\/logo\/image\/","url":"https:\/\/wpe-encheres.com\/site\/wp-content\/uploads\/2025\/08\/wpe-encheres-logo.png","contentUrl":"https:\/\/wpe-encheres.com\/site\/wp-content\/uploads\/2025\/08\/wpe-encheres-logo.png","width":300,"height":110,"caption":"wpe encheres"},"image":{"@id":"https:\/\/wpe-encheres.com\/site\/#\/schema\/logo\/image\/"}}]}},"_links":{"self":[{"href":"https:\/\/wpe-encheres.com\/site\/wp-json\/wp\/v2\/product\/38801","targetHints":{"allow":["GET"]}}],"collection":[{"href":"https:\/\/wpe-encheres.com\/site\/wp-json\/wp\/v2\/product"}],"about":[{"href":"https:\/\/wpe-encheres.com\/site\/wp-json\/wp\/v2\/types\/product"}],"wp:featuredmedia":[{"embeddable":true,"href":"https:\/\/wpe-encheres.com\/site\/wp-json\/wp\/v2\/media\/38289"}],"wp:attachment":[{"href":"https:\/\/wpe-encheres.com\/site\/wp-json\/wp\/v2\/media?parent=38801"}],"wp:term":[{"taxonomy":"product_brand","embeddable":true,"href":"https:\/\/wpe-encheres.com\/site\/wp-json\/wp\/v2\/product_brand?post=38801"},{"taxonomy":"product_cat","embeddable":true,"href":"https:\/\/wpe-encheres.com\/site\/wp-json\/wp\/v2\/product_cat?post=38801"},{"taxonomy":"product_tag","embeddable":true,"href":"https:\/\/wpe-encheres.com\/site\/wp-json\/wp\/v2\/product_tag?post=38801"}],"curies":[{"name":"wp","href":"https:\/\/api.w.org\/{rel}","templated":true}]}}