{"id":38755,"date":"2026-01-10T12:34:56","date_gmt":"2026-01-10T11:34:56","guid":{"rendered":"https:\/\/wpe-encheres.com\/site\/produit\/fauteuil-de-bureau-sur-roulettes-assise-en-tissu-anthracite-dossier-en-tissu-resille-noir-marque-viasit-dim-100-x-65-x-58cm-70-unites-vendu-a-lunite-avec-faculte-de-reunion-localisation-30\/"},"modified":"2026-01-10T12:34:57","modified_gmt":"2026-01-10T11:34:57","slug":"fauteuil-de-bureau-sur-roulettes-assise-en-tissu-anthracite-dossier-en-tissu-resille-noir-marque-viasit-dim-100-x-65-x-58cm-70-unites-vendu-a-lunite-avec-faculte-de-reunion-localisation-30","status":"publish","type":"product","link":"https:\/\/wpe-encheres.com\/site\/produit\/fauteuil-de-bureau-sur-roulettes-assise-en-tissu-anthracite-dossier-en-tissu-resille-noir-marque-viasit-dim-100-x-65-x-58cm-70-unites-vendu-a-lunite-avec-faculte-de-reunion-localisation-30\/","title":{"rendered":"Fauteuil de bureau sur roulettes, assise en tissu anthracite, dossier en tissu resille noir, marque Viasit. Dim : 100 x 65 x 58cm. 70 unit\u00e9s. Vendu \u00e0 l&rsquo;unit\u00e9 avec facult\u00e9 de r\u00e9union. Localisation : 30 rue Beauregard 60440 Nanteuil-le-Haudouin"},"content":{"rendered":"<p>Fauteuil de bureau sur roulettes, assise en tissu anthracite, dossier en tissu resille noir, marque Viasit. Dim : 100 x 65 x 58cm. 70 unit\u00e9s. Vendu \u00e0 l&rsquo;unit\u00e9 avec facult\u00e9 de r\u00e9union. Localisation : 30 rue Beauregard 60440 Nanteuil-le-Haudouin<\/p>\n","protected":false},"excerpt":{"rendered":"<p>Fauteuil de bureau sur roulettes, assise en tissu anthracite, dossier en tissu resille noir, marque Viasit. Dim : 100 x 65 x 58cm. 70 unit\u00e9s. Vendu \u00e0 l&rsquo;unit\u00e9 avec facult\u00e9 de r\u00e9union. Localisation : 30 rue Beauregard 60440 Nanteuil-le-Haudouin<\/p>\n","protected":false},"featured_media":38112,"template":"","meta":{"_acf_changed":false},"product_brand":[],"product_cat":[24],"product_tag":[69],"class_list":{"0":"post-38755","1":"product","2":"type-product","3":"status-publish","4":"has-post-thumbnail","6":"product_cat-mobilier-de-bureau-equipement-du-bureau","7":"product_tag-vente-du-14-janvier-2026-maj10012026","9":"first","10":"instock","11":"product-type-simple"},"acf":[],"yoast_head":"<!-- This site is optimized with the Yoast SEO plugin v27.3 - https:\/\/yoast.com\/product\/yoast-seo-wordpress\/ -->\n<title>Fauteuil de bureau sur roulettes, assise en tissu anthracite, dossier en tissu resille noir, marque Viasit. Dim : 100 x 65 x 58cm. 70 unit\u00e9s. Vendu \u00e0 l&#039;unit\u00e9 avec facult\u00e9 de r\u00e9union. Localisation : 30 rue Beauregard 60440 Nanteuil-le-Haudouin - wpe-encheres<\/title>\n<meta name=\"robots\" content=\"index, follow, max-snippet:-1, max-image-preview:large, max-video-preview:-1\" \/>\n<link rel=\"canonical\" href=\"https:\/\/wpe-encheres.com\/site\/produit\/fauteuil-de-bureau-sur-roulettes-assise-en-tissu-anthracite-dossier-en-tissu-resille-noir-marque-viasit-dim-100-x-65-x-58cm-70-unites-vendu-a-lunite-avec-faculte-de-reunion-localisation-30\/\" \/>\n<meta property=\"og:locale\" content=\"fr_FR\" \/>\n<meta property=\"og:type\" content=\"article\" \/>\n<meta property=\"og:title\" content=\"Fauteuil de bureau sur roulettes, assise en tissu anthracite, dossier en tissu resille noir, marque Viasit. Dim : 100 x 65 x 58cm. 70 unit\u00e9s. Vendu \u00e0 l&#039;unit\u00e9 avec facult\u00e9 de r\u00e9union. Localisation : 30 rue Beauregard 60440 Nanteuil-le-Haudouin - wpe-encheres\" \/>\n<meta property=\"og:description\" content=\"Fauteuil de bureau sur roulettes, assise en tissu anthracite, dossier en tissu resille noir, marque Viasit. Dim : 100 x 65 x 58cm. 70 unit\u00e9s. Vendu \u00e0 l&rsquo;unit\u00e9 avec facult\u00e9 de r\u00e9union. Localisation : 30 rue Beauregard 60440 Nanteuil-le-Haudouin\" \/>\n<meta property=\"og:url\" content=\"https:\/\/wpe-encheres.com\/site\/produit\/fauteuil-de-bureau-sur-roulettes-assise-en-tissu-anthracite-dossier-en-tissu-resille-noir-marque-viasit-dim-100-x-65-x-58cm-70-unites-vendu-a-lunite-avec-faculte-de-reunion-localisation-30\/\" \/>\n<meta property=\"og:site_name\" content=\"wpe-encheres\" \/>\n<meta property=\"article:modified_time\" content=\"2026-01-10T11:34:57+00:00\" \/>\n<meta property=\"og:image\" content=\"https:\/\/wpe-encheres.com\/site\/wp-content\/uploads\/2026\/01\/69611407a1a87-1.jpg\" \/>\n\t<meta property=\"og:image:width\" content=\"900\" \/>\n\t<meta property=\"og:image:height\" content=\"1370\" \/>\n\t<meta property=\"og:image:type\" content=\"image\/jpeg\" \/>\n<meta name=\"twitter:card\" content=\"summary_large_image\" \/>\n<script type=\"application\/ld+json\" class=\"yoast-schema-graph\">{\"@context\":\"https:\\\/\\\/schema.org\",\"@graph\":[{\"@type\":\"WebPage\",\"@id\":\"https:\\\/\\\/wpe-encheres.com\\\/site\\\/produit\\\/fauteuil-de-bureau-sur-roulettes-assise-en-tissu-anthracite-dossier-en-tissu-resille-noir-marque-viasit-dim-100-x-65-x-58cm-70-unites-vendu-a-lunite-avec-faculte-de-reunion-localisation-30\\\/\",\"url\":\"https:\\\/\\\/wpe-encheres.com\\\/site\\\/produit\\\/fauteuil-de-bureau-sur-roulettes-assise-en-tissu-anthracite-dossier-en-tissu-resille-noir-marque-viasit-dim-100-x-65-x-58cm-70-unites-vendu-a-lunite-avec-faculte-de-reunion-localisation-30\\\/\",\"name\":\"Fauteuil de bureau sur roulettes, assise en tissu anthracite, dossier en tissu resille noir, marque Viasit. Dim : 100 x 65 x 58cm. 70 unit\u00e9s. Vendu \u00e0 l'unit\u00e9 avec facult\u00e9 de r\u00e9union. Localisation : 30 rue Beauregard 60440 Nanteuil-le-Haudouin - wpe-encheres\",\"isPartOf\":{\"@id\":\"https:\\\/\\\/wpe-encheres.com\\\/site\\\/#website\"},\"primaryImageOfPage\":{\"@id\":\"https:\\\/\\\/wpe-encheres.com\\\/site\\\/produit\\\/fauteuil-de-bureau-sur-roulettes-assise-en-tissu-anthracite-dossier-en-tissu-resille-noir-marque-viasit-dim-100-x-65-x-58cm-70-unites-vendu-a-lunite-avec-faculte-de-reunion-localisation-30\\\/#primaryimage\"},\"image\":{\"@id\":\"https:\\\/\\\/wpe-encheres.com\\\/site\\\/produit\\\/fauteuil-de-bureau-sur-roulettes-assise-en-tissu-anthracite-dossier-en-tissu-resille-noir-marque-viasit-dim-100-x-65-x-58cm-70-unites-vendu-a-lunite-avec-faculte-de-reunion-localisation-30\\\/#primaryimage\"},\"thumbnailUrl\":\"https:\\\/\\\/wpe-encheres.com\\\/site\\\/wp-content\\\/uploads\\\/2026\\\/01\\\/69611407a1a87-1.jpg\",\"datePublished\":\"2026-01-10T11:34:56+00:00\",\"dateModified\":\"2026-01-10T11:34:57+00:00\",\"breadcrumb\":{\"@id\":\"https:\\\/\\\/wpe-encheres.com\\\/site\\\/produit\\\/fauteuil-de-bureau-sur-roulettes-assise-en-tissu-anthracite-dossier-en-tissu-resille-noir-marque-viasit-dim-100-x-65-x-58cm-70-unites-vendu-a-lunite-avec-faculte-de-reunion-localisation-30\\\/#breadcrumb\"},\"inLanguage\":\"fr-FR\",\"potentialAction\":[{\"@type\":\"ReadAction\",\"target\":[\"https:\\\/\\\/wpe-encheres.com\\\/site\\\/produit\\\/fauteuil-de-bureau-sur-roulettes-assise-en-tissu-anthracite-dossier-en-tissu-resille-noir-marque-viasit-dim-100-x-65-x-58cm-70-unites-vendu-a-lunite-avec-faculte-de-reunion-localisation-30\\\/\"]}]},{\"@type\":\"ImageObject\",\"inLanguage\":\"fr-FR\",\"@id\":\"https:\\\/\\\/wpe-encheres.com\\\/site\\\/produit\\\/fauteuil-de-bureau-sur-roulettes-assise-en-tissu-anthracite-dossier-en-tissu-resille-noir-marque-viasit-dim-100-x-65-x-58cm-70-unites-vendu-a-lunite-avec-faculte-de-reunion-localisation-30\\\/#primaryimage\",\"url\":\"https:\\\/\\\/wpe-encheres.com\\\/site\\\/wp-content\\\/uploads\\\/2026\\\/01\\\/69611407a1a87-1.jpg\",\"contentUrl\":\"https:\\\/\\\/wpe-encheres.com\\\/site\\\/wp-content\\\/uploads\\\/2026\\\/01\\\/69611407a1a87-1.jpg\",\"width\":900,\"height\":1370},{\"@type\":\"BreadcrumbList\",\"@id\":\"https:\\\/\\\/wpe-encheres.com\\\/site\\\/produit\\\/fauteuil-de-bureau-sur-roulettes-assise-en-tissu-anthracite-dossier-en-tissu-resille-noir-marque-viasit-dim-100-x-65-x-58cm-70-unites-vendu-a-lunite-avec-faculte-de-reunion-localisation-30\\\/#breadcrumb\",\"itemListElement\":[{\"@type\":\"ListItem\",\"position\":1,\"name\":\"Accueil\",\"item\":\"https:\\\/\\\/wpe-encheres.com\\\/site\\\/\"},{\"@type\":\"ListItem\",\"position\":2,\"name\":\"Boutique\",\"item\":\"https:\\\/\\\/wpe-encheres.com\\\/site\\\/?page_id=22765\"},{\"@type\":\"ListItem\",\"position\":3,\"name\":\"Fauteuil de bureau sur roulettes, assise en tissu anthracite, dossier en tissu resille noir, marque Viasit. Dim : 100 x 65 x 58cm. 70 unit\u00e9s. Vendu \u00e0 l&rsquo;unit\u00e9 avec facult\u00e9 de r\u00e9union. Localisation : 30 rue Beauregard 60440 Nanteuil-le-Haudouin\"}]},{\"@type\":\"WebSite\",\"@id\":\"https:\\\/\\\/wpe-encheres.com\\\/site\\\/#website\",\"url\":\"https:\\\/\\\/wpe-encheres.com\\\/site\\\/\",\"name\":\"wpe-encheres\",\"description\":\"\",\"publisher\":{\"@id\":\"https:\\\/\\\/wpe-encheres.com\\\/site\\\/#organization\"},\"potentialAction\":[{\"@type\":\"SearchAction\",\"target\":{\"@type\":\"EntryPoint\",\"urlTemplate\":\"https:\\\/\\\/wpe-encheres.com\\\/site\\\/?s={search_term_string}\"},\"query-input\":{\"@type\":\"PropertyValueSpecification\",\"valueRequired\":true,\"valueName\":\"search_term_string\"}}],\"inLanguage\":\"fr-FR\"},{\"@type\":\"Organization\",\"@id\":\"https:\\\/\\\/wpe-encheres.com\\\/site\\\/#organization\",\"name\":\"wpe encheres\",\"url\":\"https:\\\/\\\/wpe-encheres.com\\\/site\\\/\",\"logo\":{\"@type\":\"ImageObject\",\"inLanguage\":\"fr-FR\",\"@id\":\"https:\\\/\\\/wpe-encheres.com\\\/site\\\/#\\\/schema\\\/logo\\\/image\\\/\",\"url\":\"https:\\\/\\\/wpe-encheres.com\\\/site\\\/wp-content\\\/uploads\\\/2025\\\/08\\\/wpe-encheres-logo.png\",\"contentUrl\":\"https:\\\/\\\/wpe-encheres.com\\\/site\\\/wp-content\\\/uploads\\\/2025\\\/08\\\/wpe-encheres-logo.png\",\"width\":300,\"height\":110,\"caption\":\"wpe encheres\"},\"image\":{\"@id\":\"https:\\\/\\\/wpe-encheres.com\\\/site\\\/#\\\/schema\\\/logo\\\/image\\\/\"}}]}<\/script>\n<!-- \/ Yoast SEO plugin. -->","yoast_head_json":{"title":"Fauteuil de bureau sur roulettes, assise en tissu anthracite, dossier en tissu resille noir, marque Viasit. Dim : 100 x 65 x 58cm. 70 unit\u00e9s. Vendu \u00e0 l'unit\u00e9 avec facult\u00e9 de r\u00e9union. Localisation : 30 rue Beauregard 60440 Nanteuil-le-Haudouin - wpe-encheres","robots":{"index":"index","follow":"follow","max-snippet":"max-snippet:-1","max-image-preview":"max-image-preview:large","max-video-preview":"max-video-preview:-1"},"canonical":"https:\/\/wpe-encheres.com\/site\/produit\/fauteuil-de-bureau-sur-roulettes-assise-en-tissu-anthracite-dossier-en-tissu-resille-noir-marque-viasit-dim-100-x-65-x-58cm-70-unites-vendu-a-lunite-avec-faculte-de-reunion-localisation-30\/","og_locale":"fr_FR","og_type":"article","og_title":"Fauteuil de bureau sur roulettes, assise en tissu anthracite, dossier en tissu resille noir, marque Viasit. Dim : 100 x 65 x 58cm. 70 unit\u00e9s. Vendu \u00e0 l'unit\u00e9 avec facult\u00e9 de r\u00e9union. Localisation : 30 rue Beauregard 60440 Nanteuil-le-Haudouin - wpe-encheres","og_description":"Fauteuil de bureau sur roulettes, assise en tissu anthracite, dossier en tissu resille noir, marque Viasit. Dim : 100 x 65 x 58cm. 70 unit\u00e9s. Vendu \u00e0 l&rsquo;unit\u00e9 avec facult\u00e9 de r\u00e9union. Localisation : 30 rue Beauregard 60440 Nanteuil-le-Haudouin","og_url":"https:\/\/wpe-encheres.com\/site\/produit\/fauteuil-de-bureau-sur-roulettes-assise-en-tissu-anthracite-dossier-en-tissu-resille-noir-marque-viasit-dim-100-x-65-x-58cm-70-unites-vendu-a-lunite-avec-faculte-de-reunion-localisation-30\/","og_site_name":"wpe-encheres","article_modified_time":"2026-01-10T11:34:57+00:00","og_image":[{"width":900,"height":1370,"url":"https:\/\/wpe-encheres.com\/site\/wp-content\/uploads\/2026\/01\/69611407a1a87-1.jpg","type":"image\/jpeg"}],"twitter_card":"summary_large_image","schema":{"@context":"https:\/\/schema.org","@graph":[{"@type":"WebPage","@id":"https:\/\/wpe-encheres.com\/site\/produit\/fauteuil-de-bureau-sur-roulettes-assise-en-tissu-anthracite-dossier-en-tissu-resille-noir-marque-viasit-dim-100-x-65-x-58cm-70-unites-vendu-a-lunite-avec-faculte-de-reunion-localisation-30\/","url":"https:\/\/wpe-encheres.com\/site\/produit\/fauteuil-de-bureau-sur-roulettes-assise-en-tissu-anthracite-dossier-en-tissu-resille-noir-marque-viasit-dim-100-x-65-x-58cm-70-unites-vendu-a-lunite-avec-faculte-de-reunion-localisation-30\/","name":"Fauteuil de bureau sur roulettes, assise en tissu anthracite, dossier en tissu resille noir, marque Viasit. Dim : 100 x 65 x 58cm. 70 unit\u00e9s. Vendu \u00e0 l'unit\u00e9 avec facult\u00e9 de r\u00e9union. Localisation : 30 rue Beauregard 60440 Nanteuil-le-Haudouin - wpe-encheres","isPartOf":{"@id":"https:\/\/wpe-encheres.com\/site\/#website"},"primaryImageOfPage":{"@id":"https:\/\/wpe-encheres.com\/site\/produit\/fauteuil-de-bureau-sur-roulettes-assise-en-tissu-anthracite-dossier-en-tissu-resille-noir-marque-viasit-dim-100-x-65-x-58cm-70-unites-vendu-a-lunite-avec-faculte-de-reunion-localisation-30\/#primaryimage"},"image":{"@id":"https:\/\/wpe-encheres.com\/site\/produit\/fauteuil-de-bureau-sur-roulettes-assise-en-tissu-anthracite-dossier-en-tissu-resille-noir-marque-viasit-dim-100-x-65-x-58cm-70-unites-vendu-a-lunite-avec-faculte-de-reunion-localisation-30\/#primaryimage"},"thumbnailUrl":"https:\/\/wpe-encheres.com\/site\/wp-content\/uploads\/2026\/01\/69611407a1a87-1.jpg","datePublished":"2026-01-10T11:34:56+00:00","dateModified":"2026-01-10T11:34:57+00:00","breadcrumb":{"@id":"https:\/\/wpe-encheres.com\/site\/produit\/fauteuil-de-bureau-sur-roulettes-assise-en-tissu-anthracite-dossier-en-tissu-resille-noir-marque-viasit-dim-100-x-65-x-58cm-70-unites-vendu-a-lunite-avec-faculte-de-reunion-localisation-30\/#breadcrumb"},"inLanguage":"fr-FR","potentialAction":[{"@type":"ReadAction","target":["https:\/\/wpe-encheres.com\/site\/produit\/fauteuil-de-bureau-sur-roulettes-assise-en-tissu-anthracite-dossier-en-tissu-resille-noir-marque-viasit-dim-100-x-65-x-58cm-70-unites-vendu-a-lunite-avec-faculte-de-reunion-localisation-30\/"]}]},{"@type":"ImageObject","inLanguage":"fr-FR","@id":"https:\/\/wpe-encheres.com\/site\/produit\/fauteuil-de-bureau-sur-roulettes-assise-en-tissu-anthracite-dossier-en-tissu-resille-noir-marque-viasit-dim-100-x-65-x-58cm-70-unites-vendu-a-lunite-avec-faculte-de-reunion-localisation-30\/#primaryimage","url":"https:\/\/wpe-encheres.com\/site\/wp-content\/uploads\/2026\/01\/69611407a1a87-1.jpg","contentUrl":"https:\/\/wpe-encheres.com\/site\/wp-content\/uploads\/2026\/01\/69611407a1a87-1.jpg","width":900,"height":1370},{"@type":"BreadcrumbList","@id":"https:\/\/wpe-encheres.com\/site\/produit\/fauteuil-de-bureau-sur-roulettes-assise-en-tissu-anthracite-dossier-en-tissu-resille-noir-marque-viasit-dim-100-x-65-x-58cm-70-unites-vendu-a-lunite-avec-faculte-de-reunion-localisation-30\/#breadcrumb","itemListElement":[{"@type":"ListItem","position":1,"name":"Accueil","item":"https:\/\/wpe-encheres.com\/site\/"},{"@type":"ListItem","position":2,"name":"Boutique","item":"https:\/\/wpe-encheres.com\/site\/?page_id=22765"},{"@type":"ListItem","position":3,"name":"Fauteuil de bureau sur roulettes, assise en tissu anthracite, dossier en tissu resille noir, marque Viasit. Dim : 100 x 65 x 58cm. 70 unit\u00e9s. Vendu \u00e0 l&rsquo;unit\u00e9 avec facult\u00e9 de r\u00e9union. Localisation : 30 rue Beauregard 60440 Nanteuil-le-Haudouin"}]},{"@type":"WebSite","@id":"https:\/\/wpe-encheres.com\/site\/#website","url":"https:\/\/wpe-encheres.com\/site\/","name":"wpe-encheres","description":"","publisher":{"@id":"https:\/\/wpe-encheres.com\/site\/#organization"},"potentialAction":[{"@type":"SearchAction","target":{"@type":"EntryPoint","urlTemplate":"https:\/\/wpe-encheres.com\/site\/?s={search_term_string}"},"query-input":{"@type":"PropertyValueSpecification","valueRequired":true,"valueName":"search_term_string"}}],"inLanguage":"fr-FR"},{"@type":"Organization","@id":"https:\/\/wpe-encheres.com\/site\/#organization","name":"wpe encheres","url":"https:\/\/wpe-encheres.com\/site\/","logo":{"@type":"ImageObject","inLanguage":"fr-FR","@id":"https:\/\/wpe-encheres.com\/site\/#\/schema\/logo\/image\/","url":"https:\/\/wpe-encheres.com\/site\/wp-content\/uploads\/2025\/08\/wpe-encheres-logo.png","contentUrl":"https:\/\/wpe-encheres.com\/site\/wp-content\/uploads\/2025\/08\/wpe-encheres-logo.png","width":300,"height":110,"caption":"wpe encheres"},"image":{"@id":"https:\/\/wpe-encheres.com\/site\/#\/schema\/logo\/image\/"}}]}},"_links":{"self":[{"href":"https:\/\/wpe-encheres.com\/site\/wp-json\/wp\/v2\/product\/38755","targetHints":{"allow":["GET"]}}],"collection":[{"href":"https:\/\/wpe-encheres.com\/site\/wp-json\/wp\/v2\/product"}],"about":[{"href":"https:\/\/wpe-encheres.com\/site\/wp-json\/wp\/v2\/types\/product"}],"wp:featuredmedia":[{"embeddable":true,"href":"https:\/\/wpe-encheres.com\/site\/wp-json\/wp\/v2\/media\/38112"}],"wp:attachment":[{"href":"https:\/\/wpe-encheres.com\/site\/wp-json\/wp\/v2\/media?parent=38755"}],"wp:term":[{"taxonomy":"product_brand","embeddable":true,"href":"https:\/\/wpe-encheres.com\/site\/wp-json\/wp\/v2\/product_brand?post=38755"},{"taxonomy":"product_cat","embeddable":true,"href":"https:\/\/wpe-encheres.com\/site\/wp-json\/wp\/v2\/product_cat?post=38755"},{"taxonomy":"product_tag","embeddable":true,"href":"https:\/\/wpe-encheres.com\/site\/wp-json\/wp\/v2\/product_tag?post=38755"}],"curies":[{"name":"wp","href":"https:\/\/api.w.org\/{rel}","templated":true}]}}