{"id":38746,"date":"2026-01-10T12:34:48","date_gmt":"2026-01-10T11:34:48","guid":{"rendered":"https:\/\/wpe-encheres.com\/site\/produit\/chaise-design-maarten-van-severen-modele-03-edition-vitra-empilable-coque-dassise-en-mousse-integrale-de-polyurethane-noir-pietement-arriere-en-tube-dacier-gris-et-avant-en-profile-daluminium-gr\/"},"modified":"2026-01-10T12:34:52","modified_gmt":"2026-01-10T11:34:52","slug":"chaise-design-maarten-van-severen-modele-03-edition-vitra-empilable-coque-dassise-en-mousse-integrale-de-polyurethane-noir-pietement-arriere-en-tube-dacier-gris-et-avant-en-profile-daluminium-gr","status":"publish","type":"product","link":"https:\/\/wpe-encheres.com\/site\/produit\/chaise-design-maarten-van-severen-modele-03-edition-vitra-empilable-coque-dassise-en-mousse-integrale-de-polyurethane-noir-pietement-arriere-en-tube-dacier-gris-et-avant-en-profile-daluminium-gr\/","title":{"rendered":"Chaise design Maarten Van Severen mod\u00e8le .03 \u00e9dition Vitra empilable, coque d&rsquo;assise en mousse int\u00e9grale de polyur\u00e9thane noir, pi\u00e9tement arri\u00e8re en tube d&rsquo;acier gris et avant en profil\u00e9 d&rsquo;aluminium gris. Dim : 79 x 38 x 45 cm. 20 unit\u00e9s. Vendu \u00e0 l&rsquo;unit\u00e9 avec facult\u00e9 de r\u00e9union. Localisation: 30 rue Beauregard 60440 Nanteuil-le-Haudouin."},"content":{"rendered":"<p>Chaise design Maarten Van Severen mod\u00e8le .03 \u00e9dition Vitra empilable, coque d&rsquo;assise en mousse int\u00e9grale de polyur\u00e9thane noir, pi\u00e9tement arri\u00e8re en tube d&rsquo;acier gris et avant en profil\u00e9 d&rsquo;aluminium gris. Dim : 79 x 38 x 45 cm. 20 unit\u00e9s. Vendu \u00e0 l&rsquo;unit\u00e9 avec facult\u00e9 de r\u00e9union. Localisation: 30 rue Beauregard 60440 Nanteuil-le-Haudouin.<\/p>\n","protected":false},"excerpt":{"rendered":"<p>Chaise design Maarten Van Severen mod\u00e8le .03 \u00e9dition Vitra empilable, coque d&rsquo;assise en mousse int\u00e9grale de polyur\u00e9thane noir, pi\u00e9tement arri\u00e8re en tube d&rsquo;acier gris et avant en profil\u00e9 d&rsquo;aluminium gris. Dim : 79 x 38 x 45 cm. 20 unit\u00e9s. Vendu \u00e0 l&rsquo;unit\u00e9 avec facult\u00e9&#8230;<\/p>\n","protected":false},"featured_media":38080,"template":"","meta":{"_acf_changed":false},"product_brand":[],"product_cat":[22],"product_tag":[69],"class_list":{"0":"post-38746","1":"product","2":"type-product","3":"status-publish","4":"has-post-thumbnail","6":"product_cat-mobilier-design-haut-de-gamme","7":"product_tag-vente-du-14-janvier-2026-maj10012026","9":"first","10":"instock","11":"product-type-simple"},"acf":[],"yoast_head":"<!-- This site is optimized with the Yoast SEO plugin v27.3 - https:\/\/yoast.com\/product\/yoast-seo-wordpress\/ -->\n<title>Chaise design Maarten Van Severen mod\u00e8le .03 \u00e9dition Vitra empilable, coque d&#039;assise en mousse int\u00e9grale de polyur\u00e9thane noir, pi\u00e9tement arri\u00e8re en tube d&#039;acier gris et avant en profil\u00e9 d&#039;aluminium gris. Dim : 79 x 38 x 45 cm. 20 unit\u00e9s. Vendu \u00e0 l&#039;unit\u00e9 avec facult\u00e9 de r\u00e9union. Localisation: 30 rue Beauregard 60440 Nanteuil-le-Haudouin. - wpe-encheres<\/title>\n<meta name=\"robots\" content=\"index, follow, max-snippet:-1, max-image-preview:large, max-video-preview:-1\" \/>\n<link rel=\"canonical\" href=\"https:\/\/wpe-encheres.com\/site\/produit\/chaise-design-maarten-van-severen-modele-03-edition-vitra-empilable-coque-dassise-en-mousse-integrale-de-polyurethane-noir-pietement-arriere-en-tube-dacier-gris-et-avant-en-profile-daluminium-gr\/\" \/>\n<meta property=\"og:locale\" content=\"fr_FR\" \/>\n<meta property=\"og:type\" content=\"article\" \/>\n<meta property=\"og:title\" content=\"Chaise design Maarten Van Severen mod\u00e8le .03 \u00e9dition Vitra empilable, coque d&#039;assise en mousse int\u00e9grale de polyur\u00e9thane noir, pi\u00e9tement arri\u00e8re en tube d&#039;acier gris et avant en profil\u00e9 d&#039;aluminium gris. Dim : 79 x 38 x 45 cm. 20 unit\u00e9s. Vendu \u00e0 l&#039;unit\u00e9 avec facult\u00e9 de r\u00e9union. Localisation: 30 rue Beauregard 60440 Nanteuil-le-Haudouin. - wpe-encheres\" \/>\n<meta property=\"og:description\" content=\"Chaise design Maarten Van Severen mod\u00e8le .03 \u00e9dition Vitra empilable, coque d&rsquo;assise en mousse int\u00e9grale de polyur\u00e9thane noir, pi\u00e9tement arri\u00e8re en tube d&rsquo;acier gris et avant en profil\u00e9 d&rsquo;aluminium gris. Dim : 79 x 38 x 45 cm. 20 unit\u00e9s. Vendu \u00e0 l&rsquo;unit\u00e9 avec facult\u00e9...\" \/>\n<meta property=\"og:url\" content=\"https:\/\/wpe-encheres.com\/site\/produit\/chaise-design-maarten-van-severen-modele-03-edition-vitra-empilable-coque-dassise-en-mousse-integrale-de-polyurethane-noir-pietement-arriere-en-tube-dacier-gris-et-avant-en-profile-daluminium-gr\/\" \/>\n<meta property=\"og:site_name\" content=\"wpe-encheres\" \/>\n<meta property=\"article:modified_time\" content=\"2026-01-10T11:34:52+00:00\" \/>\n<meta property=\"og:image\" content=\"https:\/\/wpe-encheres.com\/site\/wp-content\/uploads\/2026\/01\/696114010f50a-1.jpg\" \/>\n\t<meta property=\"og:image:width\" content=\"643\" \/>\n\t<meta property=\"og:image:height\" content=\"925\" \/>\n\t<meta property=\"og:image:type\" content=\"image\/jpeg\" \/>\n<meta name=\"twitter:card\" content=\"summary_large_image\" \/>\n<script type=\"application\/ld+json\" class=\"yoast-schema-graph\">{\"@context\":\"https:\\\/\\\/schema.org\",\"@graph\":[{\"@type\":\"WebPage\",\"@id\":\"https:\\\/\\\/wpe-encheres.com\\\/site\\\/produit\\\/chaise-design-maarten-van-severen-modele-03-edition-vitra-empilable-coque-dassise-en-mousse-integrale-de-polyurethane-noir-pietement-arriere-en-tube-dacier-gris-et-avant-en-profile-daluminium-gr\\\/\",\"url\":\"https:\\\/\\\/wpe-encheres.com\\\/site\\\/produit\\\/chaise-design-maarten-van-severen-modele-03-edition-vitra-empilable-coque-dassise-en-mousse-integrale-de-polyurethane-noir-pietement-arriere-en-tube-dacier-gris-et-avant-en-profile-daluminium-gr\\\/\",\"name\":\"Chaise design Maarten Van Severen mod\u00e8le .03 \u00e9dition Vitra empilable, coque d'assise en mousse int\u00e9grale de polyur\u00e9thane noir, pi\u00e9tement arri\u00e8re en tube d'acier gris et avant en profil\u00e9 d'aluminium gris. Dim : 79 x 38 x 45 cm. 20 unit\u00e9s. Vendu \u00e0 l'unit\u00e9 avec facult\u00e9 de r\u00e9union. Localisation: 30 rue Beauregard 60440 Nanteuil-le-Haudouin. - wpe-encheres\",\"isPartOf\":{\"@id\":\"https:\\\/\\\/wpe-encheres.com\\\/site\\\/#website\"},\"primaryImageOfPage\":{\"@id\":\"https:\\\/\\\/wpe-encheres.com\\\/site\\\/produit\\\/chaise-design-maarten-van-severen-modele-03-edition-vitra-empilable-coque-dassise-en-mousse-integrale-de-polyurethane-noir-pietement-arriere-en-tube-dacier-gris-et-avant-en-profile-daluminium-gr\\\/#primaryimage\"},\"image\":{\"@id\":\"https:\\\/\\\/wpe-encheres.com\\\/site\\\/produit\\\/chaise-design-maarten-van-severen-modele-03-edition-vitra-empilable-coque-dassise-en-mousse-integrale-de-polyurethane-noir-pietement-arriere-en-tube-dacier-gris-et-avant-en-profile-daluminium-gr\\\/#primaryimage\"},\"thumbnailUrl\":\"https:\\\/\\\/wpe-encheres.com\\\/site\\\/wp-content\\\/uploads\\\/2026\\\/01\\\/696114010f50a-1.jpg\",\"datePublished\":\"2026-01-10T11:34:48+00:00\",\"dateModified\":\"2026-01-10T11:34:52+00:00\",\"breadcrumb\":{\"@id\":\"https:\\\/\\\/wpe-encheres.com\\\/site\\\/produit\\\/chaise-design-maarten-van-severen-modele-03-edition-vitra-empilable-coque-dassise-en-mousse-integrale-de-polyurethane-noir-pietement-arriere-en-tube-dacier-gris-et-avant-en-profile-daluminium-gr\\\/#breadcrumb\"},\"inLanguage\":\"fr-FR\",\"potentialAction\":[{\"@type\":\"ReadAction\",\"target\":[\"https:\\\/\\\/wpe-encheres.com\\\/site\\\/produit\\\/chaise-design-maarten-van-severen-modele-03-edition-vitra-empilable-coque-dassise-en-mousse-integrale-de-polyurethane-noir-pietement-arriere-en-tube-dacier-gris-et-avant-en-profile-daluminium-gr\\\/\"]}]},{\"@type\":\"ImageObject\",\"inLanguage\":\"fr-FR\",\"@id\":\"https:\\\/\\\/wpe-encheres.com\\\/site\\\/produit\\\/chaise-design-maarten-van-severen-modele-03-edition-vitra-empilable-coque-dassise-en-mousse-integrale-de-polyurethane-noir-pietement-arriere-en-tube-dacier-gris-et-avant-en-profile-daluminium-gr\\\/#primaryimage\",\"url\":\"https:\\\/\\\/wpe-encheres.com\\\/site\\\/wp-content\\\/uploads\\\/2026\\\/01\\\/696114010f50a-1.jpg\",\"contentUrl\":\"https:\\\/\\\/wpe-encheres.com\\\/site\\\/wp-content\\\/uploads\\\/2026\\\/01\\\/696114010f50a-1.jpg\",\"width\":643,\"height\":925},{\"@type\":\"BreadcrumbList\",\"@id\":\"https:\\\/\\\/wpe-encheres.com\\\/site\\\/produit\\\/chaise-design-maarten-van-severen-modele-03-edition-vitra-empilable-coque-dassise-en-mousse-integrale-de-polyurethane-noir-pietement-arriere-en-tube-dacier-gris-et-avant-en-profile-daluminium-gr\\\/#breadcrumb\",\"itemListElement\":[{\"@type\":\"ListItem\",\"position\":1,\"name\":\"Accueil\",\"item\":\"https:\\\/\\\/wpe-encheres.com\\\/site\\\/\"},{\"@type\":\"ListItem\",\"position\":2,\"name\":\"Boutique\",\"item\":\"https:\\\/\\\/wpe-encheres.com\\\/site\\\/?page_id=22765\"},{\"@type\":\"ListItem\",\"position\":3,\"name\":\"Chaise design Maarten Van Severen mod\u00e8le .03 \u00e9dition Vitra empilable, coque d&rsquo;assise en mousse int\u00e9grale de polyur\u00e9thane noir, pi\u00e9tement arri\u00e8re en tube d&rsquo;acier gris et avant en profil\u00e9 d&rsquo;aluminium gris. Dim : 79 x 38 x 45 cm. 20 unit\u00e9s. Vendu \u00e0 l&rsquo;unit\u00e9 avec facult\u00e9 de r\u00e9union. Localisation: 30 rue Beauregard 60440 Nanteuil-le-Haudouin.\"}]},{\"@type\":\"WebSite\",\"@id\":\"https:\\\/\\\/wpe-encheres.com\\\/site\\\/#website\",\"url\":\"https:\\\/\\\/wpe-encheres.com\\\/site\\\/\",\"name\":\"wpe-encheres\",\"description\":\"\",\"publisher\":{\"@id\":\"https:\\\/\\\/wpe-encheres.com\\\/site\\\/#organization\"},\"potentialAction\":[{\"@type\":\"SearchAction\",\"target\":{\"@type\":\"EntryPoint\",\"urlTemplate\":\"https:\\\/\\\/wpe-encheres.com\\\/site\\\/?s={search_term_string}\"},\"query-input\":{\"@type\":\"PropertyValueSpecification\",\"valueRequired\":true,\"valueName\":\"search_term_string\"}}],\"inLanguage\":\"fr-FR\"},{\"@type\":\"Organization\",\"@id\":\"https:\\\/\\\/wpe-encheres.com\\\/site\\\/#organization\",\"name\":\"wpe encheres\",\"url\":\"https:\\\/\\\/wpe-encheres.com\\\/site\\\/\",\"logo\":{\"@type\":\"ImageObject\",\"inLanguage\":\"fr-FR\",\"@id\":\"https:\\\/\\\/wpe-encheres.com\\\/site\\\/#\\\/schema\\\/logo\\\/image\\\/\",\"url\":\"https:\\\/\\\/wpe-encheres.com\\\/site\\\/wp-content\\\/uploads\\\/2025\\\/08\\\/wpe-encheres-logo.png\",\"contentUrl\":\"https:\\\/\\\/wpe-encheres.com\\\/site\\\/wp-content\\\/uploads\\\/2025\\\/08\\\/wpe-encheres-logo.png\",\"width\":300,\"height\":110,\"caption\":\"wpe encheres\"},\"image\":{\"@id\":\"https:\\\/\\\/wpe-encheres.com\\\/site\\\/#\\\/schema\\\/logo\\\/image\\\/\"}}]}<\/script>\n<!-- \/ Yoast SEO plugin. -->","yoast_head_json":{"title":"Chaise design Maarten Van Severen mod\u00e8le .03 \u00e9dition Vitra empilable, coque d'assise en mousse int\u00e9grale de polyur\u00e9thane noir, pi\u00e9tement arri\u00e8re en tube d'acier gris et avant en profil\u00e9 d'aluminium gris. Dim : 79 x 38 x 45 cm. 20 unit\u00e9s. Vendu \u00e0 l'unit\u00e9 avec facult\u00e9 de r\u00e9union. Localisation: 30 rue Beauregard 60440 Nanteuil-le-Haudouin. - wpe-encheres","robots":{"index":"index","follow":"follow","max-snippet":"max-snippet:-1","max-image-preview":"max-image-preview:large","max-video-preview":"max-video-preview:-1"},"canonical":"https:\/\/wpe-encheres.com\/site\/produit\/chaise-design-maarten-van-severen-modele-03-edition-vitra-empilable-coque-dassise-en-mousse-integrale-de-polyurethane-noir-pietement-arriere-en-tube-dacier-gris-et-avant-en-profile-daluminium-gr\/","og_locale":"fr_FR","og_type":"article","og_title":"Chaise design Maarten Van Severen mod\u00e8le .03 \u00e9dition Vitra empilable, coque d'assise en mousse int\u00e9grale de polyur\u00e9thane noir, pi\u00e9tement arri\u00e8re en tube d'acier gris et avant en profil\u00e9 d'aluminium gris. Dim : 79 x 38 x 45 cm. 20 unit\u00e9s. Vendu \u00e0 l'unit\u00e9 avec facult\u00e9 de r\u00e9union. Localisation: 30 rue Beauregard 60440 Nanteuil-le-Haudouin. - wpe-encheres","og_description":"Chaise design Maarten Van Severen mod\u00e8le .03 \u00e9dition Vitra empilable, coque d&rsquo;assise en mousse int\u00e9grale de polyur\u00e9thane noir, pi\u00e9tement arri\u00e8re en tube d&rsquo;acier gris et avant en profil\u00e9 d&rsquo;aluminium gris. Dim : 79 x 38 x 45 cm. 20 unit\u00e9s. Vendu \u00e0 l&rsquo;unit\u00e9 avec facult\u00e9...","og_url":"https:\/\/wpe-encheres.com\/site\/produit\/chaise-design-maarten-van-severen-modele-03-edition-vitra-empilable-coque-dassise-en-mousse-integrale-de-polyurethane-noir-pietement-arriere-en-tube-dacier-gris-et-avant-en-profile-daluminium-gr\/","og_site_name":"wpe-encheres","article_modified_time":"2026-01-10T11:34:52+00:00","og_image":[{"width":643,"height":925,"url":"https:\/\/wpe-encheres.com\/site\/wp-content\/uploads\/2026\/01\/696114010f50a-1.jpg","type":"image\/jpeg"}],"twitter_card":"summary_large_image","schema":{"@context":"https:\/\/schema.org","@graph":[{"@type":"WebPage","@id":"https:\/\/wpe-encheres.com\/site\/produit\/chaise-design-maarten-van-severen-modele-03-edition-vitra-empilable-coque-dassise-en-mousse-integrale-de-polyurethane-noir-pietement-arriere-en-tube-dacier-gris-et-avant-en-profile-daluminium-gr\/","url":"https:\/\/wpe-encheres.com\/site\/produit\/chaise-design-maarten-van-severen-modele-03-edition-vitra-empilable-coque-dassise-en-mousse-integrale-de-polyurethane-noir-pietement-arriere-en-tube-dacier-gris-et-avant-en-profile-daluminium-gr\/","name":"Chaise design Maarten Van Severen mod\u00e8le .03 \u00e9dition Vitra empilable, coque d'assise en mousse int\u00e9grale de polyur\u00e9thane noir, pi\u00e9tement arri\u00e8re en tube d'acier gris et avant en profil\u00e9 d'aluminium gris. Dim : 79 x 38 x 45 cm. 20 unit\u00e9s. Vendu \u00e0 l'unit\u00e9 avec facult\u00e9 de r\u00e9union. Localisation: 30 rue Beauregard 60440 Nanteuil-le-Haudouin. - wpe-encheres","isPartOf":{"@id":"https:\/\/wpe-encheres.com\/site\/#website"},"primaryImageOfPage":{"@id":"https:\/\/wpe-encheres.com\/site\/produit\/chaise-design-maarten-van-severen-modele-03-edition-vitra-empilable-coque-dassise-en-mousse-integrale-de-polyurethane-noir-pietement-arriere-en-tube-dacier-gris-et-avant-en-profile-daluminium-gr\/#primaryimage"},"image":{"@id":"https:\/\/wpe-encheres.com\/site\/produit\/chaise-design-maarten-van-severen-modele-03-edition-vitra-empilable-coque-dassise-en-mousse-integrale-de-polyurethane-noir-pietement-arriere-en-tube-dacier-gris-et-avant-en-profile-daluminium-gr\/#primaryimage"},"thumbnailUrl":"https:\/\/wpe-encheres.com\/site\/wp-content\/uploads\/2026\/01\/696114010f50a-1.jpg","datePublished":"2026-01-10T11:34:48+00:00","dateModified":"2026-01-10T11:34:52+00:00","breadcrumb":{"@id":"https:\/\/wpe-encheres.com\/site\/produit\/chaise-design-maarten-van-severen-modele-03-edition-vitra-empilable-coque-dassise-en-mousse-integrale-de-polyurethane-noir-pietement-arriere-en-tube-dacier-gris-et-avant-en-profile-daluminium-gr\/#breadcrumb"},"inLanguage":"fr-FR","potentialAction":[{"@type":"ReadAction","target":["https:\/\/wpe-encheres.com\/site\/produit\/chaise-design-maarten-van-severen-modele-03-edition-vitra-empilable-coque-dassise-en-mousse-integrale-de-polyurethane-noir-pietement-arriere-en-tube-dacier-gris-et-avant-en-profile-daluminium-gr\/"]}]},{"@type":"ImageObject","inLanguage":"fr-FR","@id":"https:\/\/wpe-encheres.com\/site\/produit\/chaise-design-maarten-van-severen-modele-03-edition-vitra-empilable-coque-dassise-en-mousse-integrale-de-polyurethane-noir-pietement-arriere-en-tube-dacier-gris-et-avant-en-profile-daluminium-gr\/#primaryimage","url":"https:\/\/wpe-encheres.com\/site\/wp-content\/uploads\/2026\/01\/696114010f50a-1.jpg","contentUrl":"https:\/\/wpe-encheres.com\/site\/wp-content\/uploads\/2026\/01\/696114010f50a-1.jpg","width":643,"height":925},{"@type":"BreadcrumbList","@id":"https:\/\/wpe-encheres.com\/site\/produit\/chaise-design-maarten-van-severen-modele-03-edition-vitra-empilable-coque-dassise-en-mousse-integrale-de-polyurethane-noir-pietement-arriere-en-tube-dacier-gris-et-avant-en-profile-daluminium-gr\/#breadcrumb","itemListElement":[{"@type":"ListItem","position":1,"name":"Accueil","item":"https:\/\/wpe-encheres.com\/site\/"},{"@type":"ListItem","position":2,"name":"Boutique","item":"https:\/\/wpe-encheres.com\/site\/?page_id=22765"},{"@type":"ListItem","position":3,"name":"Chaise design Maarten Van Severen mod\u00e8le .03 \u00e9dition Vitra empilable, coque d&rsquo;assise en mousse int\u00e9grale de polyur\u00e9thane noir, pi\u00e9tement arri\u00e8re en tube d&rsquo;acier gris et avant en profil\u00e9 d&rsquo;aluminium gris. Dim : 79 x 38 x 45 cm. 20 unit\u00e9s. Vendu \u00e0 l&rsquo;unit\u00e9 avec facult\u00e9 de r\u00e9union. Localisation: 30 rue Beauregard 60440 Nanteuil-le-Haudouin."}]},{"@type":"WebSite","@id":"https:\/\/wpe-encheres.com\/site\/#website","url":"https:\/\/wpe-encheres.com\/site\/","name":"wpe-encheres","description":"","publisher":{"@id":"https:\/\/wpe-encheres.com\/site\/#organization"},"potentialAction":[{"@type":"SearchAction","target":{"@type":"EntryPoint","urlTemplate":"https:\/\/wpe-encheres.com\/site\/?s={search_term_string}"},"query-input":{"@type":"PropertyValueSpecification","valueRequired":true,"valueName":"search_term_string"}}],"inLanguage":"fr-FR"},{"@type":"Organization","@id":"https:\/\/wpe-encheres.com\/site\/#organization","name":"wpe encheres","url":"https:\/\/wpe-encheres.com\/site\/","logo":{"@type":"ImageObject","inLanguage":"fr-FR","@id":"https:\/\/wpe-encheres.com\/site\/#\/schema\/logo\/image\/","url":"https:\/\/wpe-encheres.com\/site\/wp-content\/uploads\/2025\/08\/wpe-encheres-logo.png","contentUrl":"https:\/\/wpe-encheres.com\/site\/wp-content\/uploads\/2025\/08\/wpe-encheres-logo.png","width":300,"height":110,"caption":"wpe encheres"},"image":{"@id":"https:\/\/wpe-encheres.com\/site\/#\/schema\/logo\/image\/"}}]}},"_links":{"self":[{"href":"https:\/\/wpe-encheres.com\/site\/wp-json\/wp\/v2\/product\/38746","targetHints":{"allow":["GET"]}}],"collection":[{"href":"https:\/\/wpe-encheres.com\/site\/wp-json\/wp\/v2\/product"}],"about":[{"href":"https:\/\/wpe-encheres.com\/site\/wp-json\/wp\/v2\/types\/product"}],"wp:featuredmedia":[{"embeddable":true,"href":"https:\/\/wpe-encheres.com\/site\/wp-json\/wp\/v2\/media\/38080"}],"wp:attachment":[{"href":"https:\/\/wpe-encheres.com\/site\/wp-json\/wp\/v2\/media?parent=38746"}],"wp:term":[{"taxonomy":"product_brand","embeddable":true,"href":"https:\/\/wpe-encheres.com\/site\/wp-json\/wp\/v2\/product_brand?post=38746"},{"taxonomy":"product_cat","embeddable":true,"href":"https:\/\/wpe-encheres.com\/site\/wp-json\/wp\/v2\/product_cat?post=38746"},{"taxonomy":"product_tag","embeddable":true,"href":"https:\/\/wpe-encheres.com\/site\/wp-json\/wp\/v2\/product_tag?post=38746"}],"curies":[{"name":"wp","href":"https:\/\/api.w.org\/{rel}","templated":true}]}}