{"id":36705,"date":"2025-12-09T09:10:57","date_gmt":"2025-12-09T08:10:57","guid":{"rendered":"https:\/\/wpe-encheres.com\/site\/produit\/espace-daccueil-comprenant-2-chaises-solidarisees-avec-tablette-en-bois-stratifie-noir-dim-81-x-150-x-52-cm-et-2-chaises-independantes-empilables-dim-81-x-51-5-x-52-cm-de-marque-intermobel-mode\/"},"modified":"2025-12-09T09:10:57","modified_gmt":"2025-12-09T08:10:57","slug":"espace-daccueil-comprenant-2-chaises-solidarisees-avec-tablette-en-bois-stratifie-noir-dim-81-x-150-x-52-cm-et-2-chaises-independantes-empilables-dim-81-x-51-5-x-52-cm-de-marque-intermobel-mode","status":"publish","type":"product","link":"https:\/\/wpe-encheres.com\/site\/produit\/espace-daccueil-comprenant-2-chaises-solidarisees-avec-tablette-en-bois-stratifie-noir-dim-81-x-150-x-52-cm-et-2-chaises-independantes-empilables-dim-81-x-51-5-x-52-cm-de-marque-intermobel-mode\/","title":{"rendered":"Espace d&rsquo;accueil comprenant 2 chaises solidaris\u00e9es avec tablette en bois stratifi\u00e9 noir dim. : 81 x 150 x 52 cm et 2 chaises ind\u00e9pendantes empilables dim. : 81 x 51.5 x 52 cm de marque Intermobel mod\u00e8le 992. Localisation : 30 rue Beauregard 60440 Nanteuil-le-Haudouin."},"content":{"rendered":"<p>Espace d&rsquo;accueil comprenant 2 chaises solidaris\u00e9es avec tablette en bois stratifi\u00e9 noir dim. : 81 x 150 x 52 cm et 2 chaises ind\u00e9pendantes empilables dim. : 81 x 51.5 x 52 cm de marque Intermobel mod\u00e8le 992. Localisation : 30 rue Beauregard 60440 Nanteuil-le-Haudouin.<\/p>\n","protected":false},"excerpt":{"rendered":"<p>Espace d&rsquo;accueil comprenant 2 chaises solidaris\u00e9es avec tablette en bois stratifi\u00e9 noir dim. : 81 x 150 x 52 cm et 2 chaises ind\u00e9pendantes empilables dim. : 81 x 51.5 x 52 cm de marque Intermobel mod\u00e8le 992. Localisation : 30 rue Beauregard 60440 Nanteuil-le-Haudouin.<\/p>\n","protected":false},"featured_media":36545,"template":"","meta":{"_acf_changed":false},"product_brand":[],"product_cat":[24],"product_tag":[55],"class_list":{"0":"post-36705","1":"product","2":"type-product","3":"status-publish","4":"has-post-thumbnail","6":"product_cat-mobilier-de-bureau-equipement-du-bureau","7":"product_tag-vente-du-009-decembre-2025","9":"first","10":"instock","11":"product-type-simple"},"acf":[],"yoast_head":"<!-- This site is optimized with the Yoast SEO plugin v27.3 - https:\/\/yoast.com\/product\/yoast-seo-wordpress\/ -->\n<title>Espace d&#039;accueil comprenant 2 chaises solidaris\u00e9es avec tablette en bois stratifi\u00e9 noir dim. : 81 x 150 x 52 cm et 2 chaises ind\u00e9pendantes empilables dim. : 81 x 51.5 x 52 cm de marque Intermobel mod\u00e8le 992. Localisation : 30 rue Beauregard 60440 Nanteuil-le-Haudouin. - wpe-encheres<\/title>\n<meta name=\"robots\" content=\"index, follow, max-snippet:-1, max-image-preview:large, max-video-preview:-1\" \/>\n<link rel=\"canonical\" href=\"https:\/\/wpe-encheres.com\/site\/produit\/espace-daccueil-comprenant-2-chaises-solidarisees-avec-tablette-en-bois-stratifie-noir-dim-81-x-150-x-52-cm-et-2-chaises-independantes-empilables-dim-81-x-51-5-x-52-cm-de-marque-intermobel-mode\/\" \/>\n<meta property=\"og:locale\" content=\"fr_FR\" \/>\n<meta property=\"og:type\" content=\"article\" \/>\n<meta property=\"og:title\" content=\"Espace d&#039;accueil comprenant 2 chaises solidaris\u00e9es avec tablette en bois stratifi\u00e9 noir dim. : 81 x 150 x 52 cm et 2 chaises ind\u00e9pendantes empilables dim. : 81 x 51.5 x 52 cm de marque Intermobel mod\u00e8le 992. Localisation : 30 rue Beauregard 60440 Nanteuil-le-Haudouin. - wpe-encheres\" \/>\n<meta property=\"og:description\" content=\"Espace d&#039;accueil comprenant 2 chaises solidaris\u00e9es avec tablette en bois stratifi\u00e9 noir dim. : 81 x 150 x 52 cm et 2 chaises ind\u00e9pendantes empilables dim. : 81 x 51.5 x 52 cm de marque Intermobel mod\u00e8le 992. Localisation : 30 rue Beauregard 60440 Nanteuil-le-Haudouin.\" \/>\n<meta property=\"og:url\" content=\"https:\/\/wpe-encheres.com\/site\/produit\/espace-daccueil-comprenant-2-chaises-solidarisees-avec-tablette-en-bois-stratifie-noir-dim-81-x-150-x-52-cm-et-2-chaises-independantes-empilables-dim-81-x-51-5-x-52-cm-de-marque-intermobel-mode\/\" \/>\n<meta property=\"og:site_name\" content=\"wpe-encheres\" \/>\n<meta property=\"og:image\" content=\"https:\/\/wpe-encheres.com\/site\/wp-content\/uploads\/2025\/12\/693586070f541.jpg\" \/>\n\t<meta property=\"og:image:width\" content=\"996\" \/>\n\t<meta property=\"og:image:height\" content=\"458\" \/>\n\t<meta property=\"og:image:type\" content=\"image\/jpeg\" \/>\n<meta name=\"twitter:card\" content=\"summary_large_image\" \/>\n<script type=\"application\/ld+json\" class=\"yoast-schema-graph\">{\"@context\":\"https:\\\/\\\/schema.org\",\"@graph\":[{\"@type\":\"WebPage\",\"@id\":\"https:\\\/\\\/wpe-encheres.com\\\/site\\\/produit\\\/espace-daccueil-comprenant-2-chaises-solidarisees-avec-tablette-en-bois-stratifie-noir-dim-81-x-150-x-52-cm-et-2-chaises-independantes-empilables-dim-81-x-51-5-x-52-cm-de-marque-intermobel-mode\\\/\",\"url\":\"https:\\\/\\\/wpe-encheres.com\\\/site\\\/produit\\\/espace-daccueil-comprenant-2-chaises-solidarisees-avec-tablette-en-bois-stratifie-noir-dim-81-x-150-x-52-cm-et-2-chaises-independantes-empilables-dim-81-x-51-5-x-52-cm-de-marque-intermobel-mode\\\/\",\"name\":\"Espace d'accueil comprenant 2 chaises solidaris\u00e9es avec tablette en bois stratifi\u00e9 noir dim. : 81 x 150 x 52 cm et 2 chaises ind\u00e9pendantes empilables dim. : 81 x 51.5 x 52 cm de marque Intermobel mod\u00e8le 992. Localisation : 30 rue Beauregard 60440 Nanteuil-le-Haudouin. - wpe-encheres\",\"isPartOf\":{\"@id\":\"https:\\\/\\\/wpe-encheres.com\\\/site\\\/#website\"},\"primaryImageOfPage\":{\"@id\":\"https:\\\/\\\/wpe-encheres.com\\\/site\\\/produit\\\/espace-daccueil-comprenant-2-chaises-solidarisees-avec-tablette-en-bois-stratifie-noir-dim-81-x-150-x-52-cm-et-2-chaises-independantes-empilables-dim-81-x-51-5-x-52-cm-de-marque-intermobel-mode\\\/#primaryimage\"},\"image\":{\"@id\":\"https:\\\/\\\/wpe-encheres.com\\\/site\\\/produit\\\/espace-daccueil-comprenant-2-chaises-solidarisees-avec-tablette-en-bois-stratifie-noir-dim-81-x-150-x-52-cm-et-2-chaises-independantes-empilables-dim-81-x-51-5-x-52-cm-de-marque-intermobel-mode\\\/#primaryimage\"},\"thumbnailUrl\":\"https:\\\/\\\/wpe-encheres.com\\\/site\\\/wp-content\\\/uploads\\\/2025\\\/12\\\/693586070f541.jpg\",\"datePublished\":\"2025-12-09T08:10:57+00:00\",\"breadcrumb\":{\"@id\":\"https:\\\/\\\/wpe-encheres.com\\\/site\\\/produit\\\/espace-daccueil-comprenant-2-chaises-solidarisees-avec-tablette-en-bois-stratifie-noir-dim-81-x-150-x-52-cm-et-2-chaises-independantes-empilables-dim-81-x-51-5-x-52-cm-de-marque-intermobel-mode\\\/#breadcrumb\"},\"inLanguage\":\"fr-FR\",\"potentialAction\":[{\"@type\":\"ReadAction\",\"target\":[\"https:\\\/\\\/wpe-encheres.com\\\/site\\\/produit\\\/espace-daccueil-comprenant-2-chaises-solidarisees-avec-tablette-en-bois-stratifie-noir-dim-81-x-150-x-52-cm-et-2-chaises-independantes-empilables-dim-81-x-51-5-x-52-cm-de-marque-intermobel-mode\\\/\"]}]},{\"@type\":\"ImageObject\",\"inLanguage\":\"fr-FR\",\"@id\":\"https:\\\/\\\/wpe-encheres.com\\\/site\\\/produit\\\/espace-daccueil-comprenant-2-chaises-solidarisees-avec-tablette-en-bois-stratifie-noir-dim-81-x-150-x-52-cm-et-2-chaises-independantes-empilables-dim-81-x-51-5-x-52-cm-de-marque-intermobel-mode\\\/#primaryimage\",\"url\":\"https:\\\/\\\/wpe-encheres.com\\\/site\\\/wp-content\\\/uploads\\\/2025\\\/12\\\/693586070f541.jpg\",\"contentUrl\":\"https:\\\/\\\/wpe-encheres.com\\\/site\\\/wp-content\\\/uploads\\\/2025\\\/12\\\/693586070f541.jpg\",\"width\":996,\"height\":458},{\"@type\":\"BreadcrumbList\",\"@id\":\"https:\\\/\\\/wpe-encheres.com\\\/site\\\/produit\\\/espace-daccueil-comprenant-2-chaises-solidarisees-avec-tablette-en-bois-stratifie-noir-dim-81-x-150-x-52-cm-et-2-chaises-independantes-empilables-dim-81-x-51-5-x-52-cm-de-marque-intermobel-mode\\\/#breadcrumb\",\"itemListElement\":[{\"@type\":\"ListItem\",\"position\":1,\"name\":\"Accueil\",\"item\":\"https:\\\/\\\/wpe-encheres.com\\\/site\\\/\"},{\"@type\":\"ListItem\",\"position\":2,\"name\":\"Boutique\",\"item\":\"https:\\\/\\\/wpe-encheres.com\\\/site\\\/?page_id=22765\"},{\"@type\":\"ListItem\",\"position\":3,\"name\":\"Espace d&rsquo;accueil comprenant 2 chaises solidaris\u00e9es avec tablette en bois stratifi\u00e9 noir dim. : 81 x 150 x 52 cm et 2 chaises ind\u00e9pendantes empilables dim. : 81 x 51.5 x 52 cm de marque Intermobel mod\u00e8le 992. Localisation : 30 rue Beauregard 60440 Nanteuil-le-Haudouin.\"}]},{\"@type\":\"WebSite\",\"@id\":\"https:\\\/\\\/wpe-encheres.com\\\/site\\\/#website\",\"url\":\"https:\\\/\\\/wpe-encheres.com\\\/site\\\/\",\"name\":\"wpe-encheres\",\"description\":\"\",\"publisher\":{\"@id\":\"https:\\\/\\\/wpe-encheres.com\\\/site\\\/#organization\"},\"potentialAction\":[{\"@type\":\"SearchAction\",\"target\":{\"@type\":\"EntryPoint\",\"urlTemplate\":\"https:\\\/\\\/wpe-encheres.com\\\/site\\\/?s={search_term_string}\"},\"query-input\":{\"@type\":\"PropertyValueSpecification\",\"valueRequired\":true,\"valueName\":\"search_term_string\"}}],\"inLanguage\":\"fr-FR\"},{\"@type\":\"Organization\",\"@id\":\"https:\\\/\\\/wpe-encheres.com\\\/site\\\/#organization\",\"name\":\"wpe encheres\",\"url\":\"https:\\\/\\\/wpe-encheres.com\\\/site\\\/\",\"logo\":{\"@type\":\"ImageObject\",\"inLanguage\":\"fr-FR\",\"@id\":\"https:\\\/\\\/wpe-encheres.com\\\/site\\\/#\\\/schema\\\/logo\\\/image\\\/\",\"url\":\"https:\\\/\\\/wpe-encheres.com\\\/site\\\/wp-content\\\/uploads\\\/2025\\\/08\\\/wpe-encheres-logo.png\",\"contentUrl\":\"https:\\\/\\\/wpe-encheres.com\\\/site\\\/wp-content\\\/uploads\\\/2025\\\/08\\\/wpe-encheres-logo.png\",\"width\":300,\"height\":110,\"caption\":\"wpe encheres\"},\"image\":{\"@id\":\"https:\\\/\\\/wpe-encheres.com\\\/site\\\/#\\\/schema\\\/logo\\\/image\\\/\"}}]}<\/script>\n<!-- \/ Yoast SEO plugin. -->","yoast_head_json":{"title":"Espace d'accueil comprenant 2 chaises solidaris\u00e9es avec tablette en bois stratifi\u00e9 noir dim. : 81 x 150 x 52 cm et 2 chaises ind\u00e9pendantes empilables dim. : 81 x 51.5 x 52 cm de marque Intermobel mod\u00e8le 992. Localisation : 30 rue Beauregard 60440 Nanteuil-le-Haudouin. - wpe-encheres","robots":{"index":"index","follow":"follow","max-snippet":"max-snippet:-1","max-image-preview":"max-image-preview:large","max-video-preview":"max-video-preview:-1"},"canonical":"https:\/\/wpe-encheres.com\/site\/produit\/espace-daccueil-comprenant-2-chaises-solidarisees-avec-tablette-en-bois-stratifie-noir-dim-81-x-150-x-52-cm-et-2-chaises-independantes-empilables-dim-81-x-51-5-x-52-cm-de-marque-intermobel-mode\/","og_locale":"fr_FR","og_type":"article","og_title":"Espace d'accueil comprenant 2 chaises solidaris\u00e9es avec tablette en bois stratifi\u00e9 noir dim. : 81 x 150 x 52 cm et 2 chaises ind\u00e9pendantes empilables dim. : 81 x 51.5 x 52 cm de marque Intermobel mod\u00e8le 992. Localisation : 30 rue Beauregard 60440 Nanteuil-le-Haudouin. - wpe-encheres","og_description":"Espace d'accueil comprenant 2 chaises solidaris\u00e9es avec tablette en bois stratifi\u00e9 noir dim. : 81 x 150 x 52 cm et 2 chaises ind\u00e9pendantes empilables dim. : 81 x 51.5 x 52 cm de marque Intermobel mod\u00e8le 992. Localisation : 30 rue Beauregard 60440 Nanteuil-le-Haudouin.","og_url":"https:\/\/wpe-encheres.com\/site\/produit\/espace-daccueil-comprenant-2-chaises-solidarisees-avec-tablette-en-bois-stratifie-noir-dim-81-x-150-x-52-cm-et-2-chaises-independantes-empilables-dim-81-x-51-5-x-52-cm-de-marque-intermobel-mode\/","og_site_name":"wpe-encheres","og_image":[{"width":996,"height":458,"url":"https:\/\/wpe-encheres.com\/site\/wp-content\/uploads\/2025\/12\/693586070f541.jpg","type":"image\/jpeg"}],"twitter_card":"summary_large_image","schema":{"@context":"https:\/\/schema.org","@graph":[{"@type":"WebPage","@id":"https:\/\/wpe-encheres.com\/site\/produit\/espace-daccueil-comprenant-2-chaises-solidarisees-avec-tablette-en-bois-stratifie-noir-dim-81-x-150-x-52-cm-et-2-chaises-independantes-empilables-dim-81-x-51-5-x-52-cm-de-marque-intermobel-mode\/","url":"https:\/\/wpe-encheres.com\/site\/produit\/espace-daccueil-comprenant-2-chaises-solidarisees-avec-tablette-en-bois-stratifie-noir-dim-81-x-150-x-52-cm-et-2-chaises-independantes-empilables-dim-81-x-51-5-x-52-cm-de-marque-intermobel-mode\/","name":"Espace d'accueil comprenant 2 chaises solidaris\u00e9es avec tablette en bois stratifi\u00e9 noir dim. : 81 x 150 x 52 cm et 2 chaises ind\u00e9pendantes empilables dim. : 81 x 51.5 x 52 cm de marque Intermobel mod\u00e8le 992. Localisation : 30 rue Beauregard 60440 Nanteuil-le-Haudouin. - wpe-encheres","isPartOf":{"@id":"https:\/\/wpe-encheres.com\/site\/#website"},"primaryImageOfPage":{"@id":"https:\/\/wpe-encheres.com\/site\/produit\/espace-daccueil-comprenant-2-chaises-solidarisees-avec-tablette-en-bois-stratifie-noir-dim-81-x-150-x-52-cm-et-2-chaises-independantes-empilables-dim-81-x-51-5-x-52-cm-de-marque-intermobel-mode\/#primaryimage"},"image":{"@id":"https:\/\/wpe-encheres.com\/site\/produit\/espace-daccueil-comprenant-2-chaises-solidarisees-avec-tablette-en-bois-stratifie-noir-dim-81-x-150-x-52-cm-et-2-chaises-independantes-empilables-dim-81-x-51-5-x-52-cm-de-marque-intermobel-mode\/#primaryimage"},"thumbnailUrl":"https:\/\/wpe-encheres.com\/site\/wp-content\/uploads\/2025\/12\/693586070f541.jpg","datePublished":"2025-12-09T08:10:57+00:00","breadcrumb":{"@id":"https:\/\/wpe-encheres.com\/site\/produit\/espace-daccueil-comprenant-2-chaises-solidarisees-avec-tablette-en-bois-stratifie-noir-dim-81-x-150-x-52-cm-et-2-chaises-independantes-empilables-dim-81-x-51-5-x-52-cm-de-marque-intermobel-mode\/#breadcrumb"},"inLanguage":"fr-FR","potentialAction":[{"@type":"ReadAction","target":["https:\/\/wpe-encheres.com\/site\/produit\/espace-daccueil-comprenant-2-chaises-solidarisees-avec-tablette-en-bois-stratifie-noir-dim-81-x-150-x-52-cm-et-2-chaises-independantes-empilables-dim-81-x-51-5-x-52-cm-de-marque-intermobel-mode\/"]}]},{"@type":"ImageObject","inLanguage":"fr-FR","@id":"https:\/\/wpe-encheres.com\/site\/produit\/espace-daccueil-comprenant-2-chaises-solidarisees-avec-tablette-en-bois-stratifie-noir-dim-81-x-150-x-52-cm-et-2-chaises-independantes-empilables-dim-81-x-51-5-x-52-cm-de-marque-intermobel-mode\/#primaryimage","url":"https:\/\/wpe-encheres.com\/site\/wp-content\/uploads\/2025\/12\/693586070f541.jpg","contentUrl":"https:\/\/wpe-encheres.com\/site\/wp-content\/uploads\/2025\/12\/693586070f541.jpg","width":996,"height":458},{"@type":"BreadcrumbList","@id":"https:\/\/wpe-encheres.com\/site\/produit\/espace-daccueil-comprenant-2-chaises-solidarisees-avec-tablette-en-bois-stratifie-noir-dim-81-x-150-x-52-cm-et-2-chaises-independantes-empilables-dim-81-x-51-5-x-52-cm-de-marque-intermobel-mode\/#breadcrumb","itemListElement":[{"@type":"ListItem","position":1,"name":"Accueil","item":"https:\/\/wpe-encheres.com\/site\/"},{"@type":"ListItem","position":2,"name":"Boutique","item":"https:\/\/wpe-encheres.com\/site\/?page_id=22765"},{"@type":"ListItem","position":3,"name":"Espace d&rsquo;accueil comprenant 2 chaises solidaris\u00e9es avec tablette en bois stratifi\u00e9 noir dim. : 81 x 150 x 52 cm et 2 chaises ind\u00e9pendantes empilables dim. : 81 x 51.5 x 52 cm de marque Intermobel mod\u00e8le 992. Localisation : 30 rue Beauregard 60440 Nanteuil-le-Haudouin."}]},{"@type":"WebSite","@id":"https:\/\/wpe-encheres.com\/site\/#website","url":"https:\/\/wpe-encheres.com\/site\/","name":"wpe-encheres","description":"","publisher":{"@id":"https:\/\/wpe-encheres.com\/site\/#organization"},"potentialAction":[{"@type":"SearchAction","target":{"@type":"EntryPoint","urlTemplate":"https:\/\/wpe-encheres.com\/site\/?s={search_term_string}"},"query-input":{"@type":"PropertyValueSpecification","valueRequired":true,"valueName":"search_term_string"}}],"inLanguage":"fr-FR"},{"@type":"Organization","@id":"https:\/\/wpe-encheres.com\/site\/#organization","name":"wpe encheres","url":"https:\/\/wpe-encheres.com\/site\/","logo":{"@type":"ImageObject","inLanguage":"fr-FR","@id":"https:\/\/wpe-encheres.com\/site\/#\/schema\/logo\/image\/","url":"https:\/\/wpe-encheres.com\/site\/wp-content\/uploads\/2025\/08\/wpe-encheres-logo.png","contentUrl":"https:\/\/wpe-encheres.com\/site\/wp-content\/uploads\/2025\/08\/wpe-encheres-logo.png","width":300,"height":110,"caption":"wpe encheres"},"image":{"@id":"https:\/\/wpe-encheres.com\/site\/#\/schema\/logo\/image\/"}}]}},"_links":{"self":[{"href":"https:\/\/wpe-encheres.com\/site\/wp-json\/wp\/v2\/product\/36705","targetHints":{"allow":["GET"]}}],"collection":[{"href":"https:\/\/wpe-encheres.com\/site\/wp-json\/wp\/v2\/product"}],"about":[{"href":"https:\/\/wpe-encheres.com\/site\/wp-json\/wp\/v2\/types\/product"}],"wp:featuredmedia":[{"embeddable":true,"href":"https:\/\/wpe-encheres.com\/site\/wp-json\/wp\/v2\/media\/36545"}],"wp:attachment":[{"href":"https:\/\/wpe-encheres.com\/site\/wp-json\/wp\/v2\/media?parent=36705"}],"wp:term":[{"taxonomy":"product_brand","embeddable":true,"href":"https:\/\/wpe-encheres.com\/site\/wp-json\/wp\/v2\/product_brand?post=36705"},{"taxonomy":"product_cat","embeddable":true,"href":"https:\/\/wpe-encheres.com\/site\/wp-json\/wp\/v2\/product_cat?post=36705"},{"taxonomy":"product_tag","embeddable":true,"href":"https:\/\/wpe-encheres.com\/site\/wp-json\/wp\/v2\/product_tag?post=36705"}],"curies":[{"name":"wp","href":"https:\/\/api.w.org\/{rel}","templated":true}]}}