{"id":36699,"date":"2025-12-09T09:10:30","date_gmt":"2025-12-09T08:10:30","guid":{"rendered":"https:\/\/wpe-encheres.com\/site\/produit\/devidoir-sur-roue-equipe-avec-tuyau-darrosage-metal-l-70m-localisation-30-rue-beauregard-60440-nanteuil-le-haudouin\/"},"modified":"2025-12-09T09:10:34","modified_gmt":"2025-12-09T08:10:34","slug":"devidoir-sur-roue-equipe-avec-tuyau-darrosage-metal-l-70m-localisation-30-rue-beauregard-60440-nanteuil-le-haudouin","status":"publish","type":"product","link":"https:\/\/wpe-encheres.com\/site\/produit\/devidoir-sur-roue-equipe-avec-tuyau-darrosage-metal-l-70m-localisation-30-rue-beauregard-60440-nanteuil-le-haudouin\/","title":{"rendered":"D\u00e9vidoir sur roue \u00e9quip\u00e9 avec tuyau d&rsquo;arrosage m\u00e9tal L.70m. Localisation; 30 rue Beauregard 60440 Nanteuil-le-Haudouin."},"content":{"rendered":"<p>D\u00e9vidoir sur roue \u00e9quip\u00e9 avec tuyau d&rsquo;arrosage m\u00e9tal L.70m. Localisation; 30 rue Beauregard 60440 Nanteuil-le-Haudouin.<\/p>\n","protected":false},"excerpt":{"rendered":"<p>D\u00e9vidoir sur roue \u00e9quip\u00e9 avec tuyau d&rsquo;arrosage m\u00e9tal L.70m. Localisation; 30 rue Beauregard 60440 Nanteuil-le-Haudouin.<\/p>\n","protected":false},"featured_media":36522,"template":"","meta":{"_acf_changed":false},"product_brand":[],"product_cat":[29],"product_tag":[55],"class_list":{"0":"post-36699","1":"product","2":"type-product","3":"status-publish","4":"has-post-thumbnail","6":"product_cat-materiel-industriel-outillage-machines-outils-coffres-forts-et-armoires-fortes","7":"product_tag-vente-du-009-decembre-2025","9":"first","10":"instock","11":"product-type-simple"},"acf":[],"yoast_head":"<!-- This site is optimized with the Yoast SEO plugin v27.3 - https:\/\/yoast.com\/product\/yoast-seo-wordpress\/ -->\n<title>D\u00e9vidoir sur roue \u00e9quip\u00e9 avec tuyau d&#039;arrosage m\u00e9tal L.70m. Localisation; 30 rue Beauregard 60440 Nanteuil-le-Haudouin. - wpe-encheres<\/title>\n<meta name=\"robots\" content=\"index, follow, max-snippet:-1, max-image-preview:large, max-video-preview:-1\" \/>\n<link rel=\"canonical\" href=\"https:\/\/wpe-encheres.com\/site\/produit\/devidoir-sur-roue-equipe-avec-tuyau-darrosage-metal-l-70m-localisation-30-rue-beauregard-60440-nanteuil-le-haudouin\/\" \/>\n<meta property=\"og:locale\" content=\"fr_FR\" \/>\n<meta property=\"og:type\" content=\"article\" \/>\n<meta property=\"og:title\" content=\"D\u00e9vidoir sur roue \u00e9quip\u00e9 avec tuyau d&#039;arrosage m\u00e9tal L.70m. Localisation; 30 rue Beauregard 60440 Nanteuil-le-Haudouin. - wpe-encheres\" \/>\n<meta property=\"og:description\" content=\"D\u00e9vidoir sur roue \u00e9quip\u00e9 avec tuyau d&#039;arrosage m\u00e9tal L.70m. Localisation; 30 rue Beauregard 60440 Nanteuil-le-Haudouin.\" \/>\n<meta property=\"og:url\" content=\"https:\/\/wpe-encheres.com\/site\/produit\/devidoir-sur-roue-equipe-avec-tuyau-darrosage-metal-l-70m-localisation-30-rue-beauregard-60440-nanteuil-le-haudouin\/\" \/>\n<meta property=\"og:site_name\" content=\"wpe-encheres\" \/>\n<meta property=\"article:modified_time\" content=\"2025-12-09T08:10:34+00:00\" \/>\n<meta property=\"og:image\" content=\"https:\/\/wpe-encheres.com\/site\/wp-content\/uploads\/2025\/12\/693585fb02925.jpg\" \/>\n\t<meta property=\"og:image:width\" content=\"779\" \/>\n\t<meta property=\"og:image:height\" content=\"665\" \/>\n\t<meta property=\"og:image:type\" content=\"image\/jpeg\" \/>\n<meta name=\"twitter:card\" content=\"summary_large_image\" \/>\n<script type=\"application\/ld+json\" class=\"yoast-schema-graph\">{\"@context\":\"https:\\\/\\\/schema.org\",\"@graph\":[{\"@type\":\"WebPage\",\"@id\":\"https:\\\/\\\/wpe-encheres.com\\\/site\\\/produit\\\/devidoir-sur-roue-equipe-avec-tuyau-darrosage-metal-l-70m-localisation-30-rue-beauregard-60440-nanteuil-le-haudouin\\\/\",\"url\":\"https:\\\/\\\/wpe-encheres.com\\\/site\\\/produit\\\/devidoir-sur-roue-equipe-avec-tuyau-darrosage-metal-l-70m-localisation-30-rue-beauregard-60440-nanteuil-le-haudouin\\\/\",\"name\":\"D\u00e9vidoir sur roue \u00e9quip\u00e9 avec tuyau d'arrosage m\u00e9tal L.70m. Localisation; 30 rue Beauregard 60440 Nanteuil-le-Haudouin. - wpe-encheres\",\"isPartOf\":{\"@id\":\"https:\\\/\\\/wpe-encheres.com\\\/site\\\/#website\"},\"primaryImageOfPage\":{\"@id\":\"https:\\\/\\\/wpe-encheres.com\\\/site\\\/produit\\\/devidoir-sur-roue-equipe-avec-tuyau-darrosage-metal-l-70m-localisation-30-rue-beauregard-60440-nanteuil-le-haudouin\\\/#primaryimage\"},\"image\":{\"@id\":\"https:\\\/\\\/wpe-encheres.com\\\/site\\\/produit\\\/devidoir-sur-roue-equipe-avec-tuyau-darrosage-metal-l-70m-localisation-30-rue-beauregard-60440-nanteuil-le-haudouin\\\/#primaryimage\"},\"thumbnailUrl\":\"https:\\\/\\\/wpe-encheres.com\\\/site\\\/wp-content\\\/uploads\\\/2025\\\/12\\\/693585fb02925.jpg\",\"datePublished\":\"2025-12-09T08:10:30+00:00\",\"dateModified\":\"2025-12-09T08:10:34+00:00\",\"breadcrumb\":{\"@id\":\"https:\\\/\\\/wpe-encheres.com\\\/site\\\/produit\\\/devidoir-sur-roue-equipe-avec-tuyau-darrosage-metal-l-70m-localisation-30-rue-beauregard-60440-nanteuil-le-haudouin\\\/#breadcrumb\"},\"inLanguage\":\"fr-FR\",\"potentialAction\":[{\"@type\":\"ReadAction\",\"target\":[\"https:\\\/\\\/wpe-encheres.com\\\/site\\\/produit\\\/devidoir-sur-roue-equipe-avec-tuyau-darrosage-metal-l-70m-localisation-30-rue-beauregard-60440-nanteuil-le-haudouin\\\/\"]}]},{\"@type\":\"ImageObject\",\"inLanguage\":\"fr-FR\",\"@id\":\"https:\\\/\\\/wpe-encheres.com\\\/site\\\/produit\\\/devidoir-sur-roue-equipe-avec-tuyau-darrosage-metal-l-70m-localisation-30-rue-beauregard-60440-nanteuil-le-haudouin\\\/#primaryimage\",\"url\":\"https:\\\/\\\/wpe-encheres.com\\\/site\\\/wp-content\\\/uploads\\\/2025\\\/12\\\/693585fb02925.jpg\",\"contentUrl\":\"https:\\\/\\\/wpe-encheres.com\\\/site\\\/wp-content\\\/uploads\\\/2025\\\/12\\\/693585fb02925.jpg\",\"width\":779,\"height\":665},{\"@type\":\"BreadcrumbList\",\"@id\":\"https:\\\/\\\/wpe-encheres.com\\\/site\\\/produit\\\/devidoir-sur-roue-equipe-avec-tuyau-darrosage-metal-l-70m-localisation-30-rue-beauregard-60440-nanteuil-le-haudouin\\\/#breadcrumb\",\"itemListElement\":[{\"@type\":\"ListItem\",\"position\":1,\"name\":\"Accueil\",\"item\":\"https:\\\/\\\/wpe-encheres.com\\\/site\\\/\"},{\"@type\":\"ListItem\",\"position\":2,\"name\":\"Boutique\",\"item\":\"https:\\\/\\\/wpe-encheres.com\\\/site\\\/?page_id=22765\"},{\"@type\":\"ListItem\",\"position\":3,\"name\":\"D\u00e9vidoir sur roue \u00e9quip\u00e9 avec tuyau d&rsquo;arrosage m\u00e9tal L.70m. Localisation; 30 rue Beauregard 60440 Nanteuil-le-Haudouin.\"}]},{\"@type\":\"WebSite\",\"@id\":\"https:\\\/\\\/wpe-encheres.com\\\/site\\\/#website\",\"url\":\"https:\\\/\\\/wpe-encheres.com\\\/site\\\/\",\"name\":\"wpe-encheres\",\"description\":\"\",\"publisher\":{\"@id\":\"https:\\\/\\\/wpe-encheres.com\\\/site\\\/#organization\"},\"potentialAction\":[{\"@type\":\"SearchAction\",\"target\":{\"@type\":\"EntryPoint\",\"urlTemplate\":\"https:\\\/\\\/wpe-encheres.com\\\/site\\\/?s={search_term_string}\"},\"query-input\":{\"@type\":\"PropertyValueSpecification\",\"valueRequired\":true,\"valueName\":\"search_term_string\"}}],\"inLanguage\":\"fr-FR\"},{\"@type\":\"Organization\",\"@id\":\"https:\\\/\\\/wpe-encheres.com\\\/site\\\/#organization\",\"name\":\"wpe encheres\",\"url\":\"https:\\\/\\\/wpe-encheres.com\\\/site\\\/\",\"logo\":{\"@type\":\"ImageObject\",\"inLanguage\":\"fr-FR\",\"@id\":\"https:\\\/\\\/wpe-encheres.com\\\/site\\\/#\\\/schema\\\/logo\\\/image\\\/\",\"url\":\"https:\\\/\\\/wpe-encheres.com\\\/site\\\/wp-content\\\/uploads\\\/2025\\\/08\\\/wpe-encheres-logo.png\",\"contentUrl\":\"https:\\\/\\\/wpe-encheres.com\\\/site\\\/wp-content\\\/uploads\\\/2025\\\/08\\\/wpe-encheres-logo.png\",\"width\":300,\"height\":110,\"caption\":\"wpe encheres\"},\"image\":{\"@id\":\"https:\\\/\\\/wpe-encheres.com\\\/site\\\/#\\\/schema\\\/logo\\\/image\\\/\"}}]}<\/script>\n<!-- \/ Yoast SEO plugin. -->","yoast_head_json":{"title":"D\u00e9vidoir sur roue \u00e9quip\u00e9 avec tuyau d'arrosage m\u00e9tal L.70m. Localisation; 30 rue Beauregard 60440 Nanteuil-le-Haudouin. - wpe-encheres","robots":{"index":"index","follow":"follow","max-snippet":"max-snippet:-1","max-image-preview":"max-image-preview:large","max-video-preview":"max-video-preview:-1"},"canonical":"https:\/\/wpe-encheres.com\/site\/produit\/devidoir-sur-roue-equipe-avec-tuyau-darrosage-metal-l-70m-localisation-30-rue-beauregard-60440-nanteuil-le-haudouin\/","og_locale":"fr_FR","og_type":"article","og_title":"D\u00e9vidoir sur roue \u00e9quip\u00e9 avec tuyau d'arrosage m\u00e9tal L.70m. Localisation; 30 rue Beauregard 60440 Nanteuil-le-Haudouin. - wpe-encheres","og_description":"D\u00e9vidoir sur roue \u00e9quip\u00e9 avec tuyau d'arrosage m\u00e9tal L.70m. Localisation; 30 rue Beauregard 60440 Nanteuil-le-Haudouin.","og_url":"https:\/\/wpe-encheres.com\/site\/produit\/devidoir-sur-roue-equipe-avec-tuyau-darrosage-metal-l-70m-localisation-30-rue-beauregard-60440-nanteuil-le-haudouin\/","og_site_name":"wpe-encheres","article_modified_time":"2025-12-09T08:10:34+00:00","og_image":[{"width":779,"height":665,"url":"https:\/\/wpe-encheres.com\/site\/wp-content\/uploads\/2025\/12\/693585fb02925.jpg","type":"image\/jpeg"}],"twitter_card":"summary_large_image","schema":{"@context":"https:\/\/schema.org","@graph":[{"@type":"WebPage","@id":"https:\/\/wpe-encheres.com\/site\/produit\/devidoir-sur-roue-equipe-avec-tuyau-darrosage-metal-l-70m-localisation-30-rue-beauregard-60440-nanteuil-le-haudouin\/","url":"https:\/\/wpe-encheres.com\/site\/produit\/devidoir-sur-roue-equipe-avec-tuyau-darrosage-metal-l-70m-localisation-30-rue-beauregard-60440-nanteuil-le-haudouin\/","name":"D\u00e9vidoir sur roue \u00e9quip\u00e9 avec tuyau d'arrosage m\u00e9tal L.70m. Localisation; 30 rue Beauregard 60440 Nanteuil-le-Haudouin. - wpe-encheres","isPartOf":{"@id":"https:\/\/wpe-encheres.com\/site\/#website"},"primaryImageOfPage":{"@id":"https:\/\/wpe-encheres.com\/site\/produit\/devidoir-sur-roue-equipe-avec-tuyau-darrosage-metal-l-70m-localisation-30-rue-beauregard-60440-nanteuil-le-haudouin\/#primaryimage"},"image":{"@id":"https:\/\/wpe-encheres.com\/site\/produit\/devidoir-sur-roue-equipe-avec-tuyau-darrosage-metal-l-70m-localisation-30-rue-beauregard-60440-nanteuil-le-haudouin\/#primaryimage"},"thumbnailUrl":"https:\/\/wpe-encheres.com\/site\/wp-content\/uploads\/2025\/12\/693585fb02925.jpg","datePublished":"2025-12-09T08:10:30+00:00","dateModified":"2025-12-09T08:10:34+00:00","breadcrumb":{"@id":"https:\/\/wpe-encheres.com\/site\/produit\/devidoir-sur-roue-equipe-avec-tuyau-darrosage-metal-l-70m-localisation-30-rue-beauregard-60440-nanteuil-le-haudouin\/#breadcrumb"},"inLanguage":"fr-FR","potentialAction":[{"@type":"ReadAction","target":["https:\/\/wpe-encheres.com\/site\/produit\/devidoir-sur-roue-equipe-avec-tuyau-darrosage-metal-l-70m-localisation-30-rue-beauregard-60440-nanteuil-le-haudouin\/"]}]},{"@type":"ImageObject","inLanguage":"fr-FR","@id":"https:\/\/wpe-encheres.com\/site\/produit\/devidoir-sur-roue-equipe-avec-tuyau-darrosage-metal-l-70m-localisation-30-rue-beauregard-60440-nanteuil-le-haudouin\/#primaryimage","url":"https:\/\/wpe-encheres.com\/site\/wp-content\/uploads\/2025\/12\/693585fb02925.jpg","contentUrl":"https:\/\/wpe-encheres.com\/site\/wp-content\/uploads\/2025\/12\/693585fb02925.jpg","width":779,"height":665},{"@type":"BreadcrumbList","@id":"https:\/\/wpe-encheres.com\/site\/produit\/devidoir-sur-roue-equipe-avec-tuyau-darrosage-metal-l-70m-localisation-30-rue-beauregard-60440-nanteuil-le-haudouin\/#breadcrumb","itemListElement":[{"@type":"ListItem","position":1,"name":"Accueil","item":"https:\/\/wpe-encheres.com\/site\/"},{"@type":"ListItem","position":2,"name":"Boutique","item":"https:\/\/wpe-encheres.com\/site\/?page_id=22765"},{"@type":"ListItem","position":3,"name":"D\u00e9vidoir sur roue \u00e9quip\u00e9 avec tuyau d&rsquo;arrosage m\u00e9tal L.70m. Localisation; 30 rue Beauregard 60440 Nanteuil-le-Haudouin."}]},{"@type":"WebSite","@id":"https:\/\/wpe-encheres.com\/site\/#website","url":"https:\/\/wpe-encheres.com\/site\/","name":"wpe-encheres","description":"","publisher":{"@id":"https:\/\/wpe-encheres.com\/site\/#organization"},"potentialAction":[{"@type":"SearchAction","target":{"@type":"EntryPoint","urlTemplate":"https:\/\/wpe-encheres.com\/site\/?s={search_term_string}"},"query-input":{"@type":"PropertyValueSpecification","valueRequired":true,"valueName":"search_term_string"}}],"inLanguage":"fr-FR"},{"@type":"Organization","@id":"https:\/\/wpe-encheres.com\/site\/#organization","name":"wpe encheres","url":"https:\/\/wpe-encheres.com\/site\/","logo":{"@type":"ImageObject","inLanguage":"fr-FR","@id":"https:\/\/wpe-encheres.com\/site\/#\/schema\/logo\/image\/","url":"https:\/\/wpe-encheres.com\/site\/wp-content\/uploads\/2025\/08\/wpe-encheres-logo.png","contentUrl":"https:\/\/wpe-encheres.com\/site\/wp-content\/uploads\/2025\/08\/wpe-encheres-logo.png","width":300,"height":110,"caption":"wpe encheres"},"image":{"@id":"https:\/\/wpe-encheres.com\/site\/#\/schema\/logo\/image\/"}}]}},"_links":{"self":[{"href":"https:\/\/wpe-encheres.com\/site\/wp-json\/wp\/v2\/product\/36699","targetHints":{"allow":["GET"]}}],"collection":[{"href":"https:\/\/wpe-encheres.com\/site\/wp-json\/wp\/v2\/product"}],"about":[{"href":"https:\/\/wpe-encheres.com\/site\/wp-json\/wp\/v2\/types\/product"}],"wp:featuredmedia":[{"embeddable":true,"href":"https:\/\/wpe-encheres.com\/site\/wp-json\/wp\/v2\/media\/36522"}],"wp:attachment":[{"href":"https:\/\/wpe-encheres.com\/site\/wp-json\/wp\/v2\/media?parent=36699"}],"wp:term":[{"taxonomy":"product_brand","embeddable":true,"href":"https:\/\/wpe-encheres.com\/site\/wp-json\/wp\/v2\/product_brand?post=36699"},{"taxonomy":"product_cat","embeddable":true,"href":"https:\/\/wpe-encheres.com\/site\/wp-json\/wp\/v2\/product_cat?post=36699"},{"taxonomy":"product_tag","embeddable":true,"href":"https:\/\/wpe-encheres.com\/site\/wp-json\/wp\/v2\/product_tag?post=36699"}],"curies":[{"name":"wp","href":"https:\/\/api.w.org\/{rel}","templated":true}]}}