{"id":36647,"date":"2025-12-09T09:10:14","date_gmt":"2025-12-09T08:10:14","guid":{"rendered":"https:\/\/wpe-encheres.com\/site\/produit\/paire-de-chaises-hautes-empilables-design-leviore-altherr-molina-modele-califa-46-edition-arper-coque-en-polypropylene-interieur-blanc-exterieur-bleu-pietement-luge-en-acier-chrome-avec-repose-pieds\/"},"modified":"2025-12-09T09:10:16","modified_gmt":"2025-12-09T08:10:16","slug":"paire-de-chaises-hautes-empilables-design-leviore-altherr-molina-modele-califa-46-edition-arper-coque-en-polypropylene-interieur-blanc-exterieur-bleu-pietement-luge-en-acier-chrome-avec-repose-pieds","status":"publish","type":"product","link":"https:\/\/wpe-encheres.com\/site\/produit\/paire-de-chaises-hautes-empilables-design-leviore-altherr-molina-modele-califa-46-edition-arper-coque-en-polypropylene-interieur-blanc-exterieur-bleu-pietement-luge-en-acier-chrome-avec-repose-pieds\/","title":{"rendered":"Paire de chaises hautes empilables design Leviore Altherr Molina mod\u00e8le Califa 46 \u00e9dition Arper, coque en polypropyl\u00e8ne int\u00e9rieur blanc ext\u00e9rieur bleu, pi\u00e9tement luge en acier chrom\u00e9 avec repose-pieds. 111 x 45 x 53 cm. (1er). Localisation: 10 rue d&rsquo;Arcueil &#8211; 94150 Rungis"},"content":{"rendered":"<p>Paire de chaises hautes empilables design Leviore Altherr Molina mod\u00e8le Califa 46 \u00e9dition Arper, coque en polypropyl\u00e8ne int\u00e9rieur blanc ext\u00e9rieur bleu, pi\u00e9tement luge en acier chrom\u00e9 avec repose-pieds. 111 x 45 x 53 cm. (1er). Localisation: 10 rue d&rsquo;Arcueil &#8211; 94150 Rungis<\/p>\n","protected":false},"excerpt":{"rendered":"<p>Paire de chaises hautes empilables design Leviore Altherr Molina mod\u00e8le Califa 46 \u00e9dition Arper, coque en polypropyl\u00e8ne int\u00e9rieur blanc ext\u00e9rieur bleu, pi\u00e9tement luge en acier chrom\u00e9 avec repose-pieds. 111 x 45 x 53 cm. (1er). Localisation: 10 rue d&rsquo;Arcueil &#8211; 94150 Rungis<\/p>\n","protected":false},"featured_media":35671,"template":"","meta":{"_acf_changed":false},"product_brand":[],"product_cat":[22],"product_tag":[55],"class_list":{"0":"post-36647","1":"product","2":"type-product","3":"status-publish","4":"has-post-thumbnail","6":"product_cat-mobilier-design-haut-de-gamme","7":"product_tag-vente-du-009-decembre-2025","9":"first","10":"instock","11":"product-type-simple"},"acf":[],"yoast_head":"<!-- This site is optimized with the Yoast SEO plugin v27.3 - https:\/\/yoast.com\/product\/yoast-seo-wordpress\/ -->\n<title>Paire de chaises hautes empilables design Leviore Altherr Molina mod\u00e8le Califa 46 \u00e9dition Arper, coque en polypropyl\u00e8ne int\u00e9rieur blanc ext\u00e9rieur bleu, pi\u00e9tement luge en acier chrom\u00e9 avec repose-pieds. 111 x 45 x 53 cm. (1er). Localisation: 10 rue d&#039;Arcueil - 94150 Rungis - wpe-encheres<\/title>\n<meta name=\"robots\" content=\"index, follow, max-snippet:-1, max-image-preview:large, max-video-preview:-1\" \/>\n<link rel=\"canonical\" href=\"https:\/\/wpe-encheres.com\/site\/produit\/paire-de-chaises-hautes-empilables-design-leviore-altherr-molina-modele-califa-46-edition-arper-coque-en-polypropylene-interieur-blanc-exterieur-bleu-pietement-luge-en-acier-chrome-avec-repose-pieds\/\" \/>\n<meta property=\"og:locale\" content=\"fr_FR\" \/>\n<meta property=\"og:type\" content=\"article\" \/>\n<meta property=\"og:title\" content=\"Paire de chaises hautes empilables design Leviore Altherr Molina mod\u00e8le Califa 46 \u00e9dition Arper, coque en polypropyl\u00e8ne int\u00e9rieur blanc ext\u00e9rieur bleu, pi\u00e9tement luge en acier chrom\u00e9 avec repose-pieds. 111 x 45 x 53 cm. (1er). Localisation: 10 rue d&#039;Arcueil - 94150 Rungis - wpe-encheres\" \/>\n<meta property=\"og:description\" content=\"Paire de chaises hautes empilables design Leviore Altherr Molina mod\u00e8le Califa 46 \u00e9dition Arper, coque en polypropyl\u00e8ne int\u00e9rieur blanc ext\u00e9rieur bleu, pi\u00e9tement luge en acier chrom\u00e9 avec repose-pieds. 111 x 45 x 53 cm. (1er). Localisation: 10 rue d&#039;Arcueil - 94150 Rungis\" \/>\n<meta property=\"og:url\" content=\"https:\/\/wpe-encheres.com\/site\/produit\/paire-de-chaises-hautes-empilables-design-leviore-altherr-molina-modele-califa-46-edition-arper-coque-en-polypropylene-interieur-blanc-exterieur-bleu-pietement-luge-en-acier-chrome-avec-repose-pieds\/\" \/>\n<meta property=\"og:site_name\" content=\"wpe-encheres\" \/>\n<meta property=\"article:modified_time\" content=\"2025-12-09T08:10:16+00:00\" \/>\n<meta property=\"og:image\" content=\"https:\/\/wpe-encheres.com\/site\/wp-content\/uploads\/2025\/11\/691d8ed367679.jpg\" \/>\n\t<meta property=\"og:image:width\" content=\"551\" \/>\n\t<meta property=\"og:image:height\" content=\"971\" \/>\n\t<meta property=\"og:image:type\" content=\"image\/jpeg\" \/>\n<meta name=\"twitter:card\" content=\"summary_large_image\" \/>\n<script type=\"application\/ld+json\" class=\"yoast-schema-graph\">{\"@context\":\"https:\\\/\\\/schema.org\",\"@graph\":[{\"@type\":\"WebPage\",\"@id\":\"https:\\\/\\\/wpe-encheres.com\\\/site\\\/produit\\\/paire-de-chaises-hautes-empilables-design-leviore-altherr-molina-modele-califa-46-edition-arper-coque-en-polypropylene-interieur-blanc-exterieur-bleu-pietement-luge-en-acier-chrome-avec-repose-pieds\\\/\",\"url\":\"https:\\\/\\\/wpe-encheres.com\\\/site\\\/produit\\\/paire-de-chaises-hautes-empilables-design-leviore-altherr-molina-modele-califa-46-edition-arper-coque-en-polypropylene-interieur-blanc-exterieur-bleu-pietement-luge-en-acier-chrome-avec-repose-pieds\\\/\",\"name\":\"Paire de chaises hautes empilables design Leviore Altherr Molina mod\u00e8le Califa 46 \u00e9dition Arper, coque en polypropyl\u00e8ne int\u00e9rieur blanc ext\u00e9rieur bleu, pi\u00e9tement luge en acier chrom\u00e9 avec repose-pieds. 111 x 45 x 53 cm. (1er). Localisation: 10 rue d'Arcueil - 94150 Rungis - wpe-encheres\",\"isPartOf\":{\"@id\":\"https:\\\/\\\/wpe-encheres.com\\\/site\\\/#website\"},\"primaryImageOfPage\":{\"@id\":\"https:\\\/\\\/wpe-encheres.com\\\/site\\\/produit\\\/paire-de-chaises-hautes-empilables-design-leviore-altherr-molina-modele-califa-46-edition-arper-coque-en-polypropylene-interieur-blanc-exterieur-bleu-pietement-luge-en-acier-chrome-avec-repose-pieds\\\/#primaryimage\"},\"image\":{\"@id\":\"https:\\\/\\\/wpe-encheres.com\\\/site\\\/produit\\\/paire-de-chaises-hautes-empilables-design-leviore-altherr-molina-modele-califa-46-edition-arper-coque-en-polypropylene-interieur-blanc-exterieur-bleu-pietement-luge-en-acier-chrome-avec-repose-pieds\\\/#primaryimage\"},\"thumbnailUrl\":\"https:\\\/\\\/wpe-encheres.com\\\/site\\\/wp-content\\\/uploads\\\/2025\\\/11\\\/691d8ed367679.jpg\",\"datePublished\":\"2025-12-09T08:10:14+00:00\",\"dateModified\":\"2025-12-09T08:10:16+00:00\",\"breadcrumb\":{\"@id\":\"https:\\\/\\\/wpe-encheres.com\\\/site\\\/produit\\\/paire-de-chaises-hautes-empilables-design-leviore-altherr-molina-modele-califa-46-edition-arper-coque-en-polypropylene-interieur-blanc-exterieur-bleu-pietement-luge-en-acier-chrome-avec-repose-pieds\\\/#breadcrumb\"},\"inLanguage\":\"fr-FR\",\"potentialAction\":[{\"@type\":\"ReadAction\",\"target\":[\"https:\\\/\\\/wpe-encheres.com\\\/site\\\/produit\\\/paire-de-chaises-hautes-empilables-design-leviore-altherr-molina-modele-califa-46-edition-arper-coque-en-polypropylene-interieur-blanc-exterieur-bleu-pietement-luge-en-acier-chrome-avec-repose-pieds\\\/\"]}]},{\"@type\":\"ImageObject\",\"inLanguage\":\"fr-FR\",\"@id\":\"https:\\\/\\\/wpe-encheres.com\\\/site\\\/produit\\\/paire-de-chaises-hautes-empilables-design-leviore-altherr-molina-modele-califa-46-edition-arper-coque-en-polypropylene-interieur-blanc-exterieur-bleu-pietement-luge-en-acier-chrome-avec-repose-pieds\\\/#primaryimage\",\"url\":\"https:\\\/\\\/wpe-encheres.com\\\/site\\\/wp-content\\\/uploads\\\/2025\\\/11\\\/691d8ed367679.jpg\",\"contentUrl\":\"https:\\\/\\\/wpe-encheres.com\\\/site\\\/wp-content\\\/uploads\\\/2025\\\/11\\\/691d8ed367679.jpg\",\"width\":551,\"height\":971},{\"@type\":\"BreadcrumbList\",\"@id\":\"https:\\\/\\\/wpe-encheres.com\\\/site\\\/produit\\\/paire-de-chaises-hautes-empilables-design-leviore-altherr-molina-modele-califa-46-edition-arper-coque-en-polypropylene-interieur-blanc-exterieur-bleu-pietement-luge-en-acier-chrome-avec-repose-pieds\\\/#breadcrumb\",\"itemListElement\":[{\"@type\":\"ListItem\",\"position\":1,\"name\":\"Accueil\",\"item\":\"https:\\\/\\\/wpe-encheres.com\\\/site\\\/\"},{\"@type\":\"ListItem\",\"position\":2,\"name\":\"Boutique\",\"item\":\"https:\\\/\\\/wpe-encheres.com\\\/site\\\/?page_id=22765\"},{\"@type\":\"ListItem\",\"position\":3,\"name\":\"Paire de chaises hautes empilables design Leviore Altherr Molina mod\u00e8le Califa 46 \u00e9dition Arper, coque en polypropyl\u00e8ne int\u00e9rieur blanc ext\u00e9rieur bleu, pi\u00e9tement luge en acier chrom\u00e9 avec repose-pieds. 111 x 45 x 53 cm. (1er). Localisation: 10 rue d&rsquo;Arcueil &#8211; 94150 Rungis\"}]},{\"@type\":\"WebSite\",\"@id\":\"https:\\\/\\\/wpe-encheres.com\\\/site\\\/#website\",\"url\":\"https:\\\/\\\/wpe-encheres.com\\\/site\\\/\",\"name\":\"wpe-encheres\",\"description\":\"\",\"publisher\":{\"@id\":\"https:\\\/\\\/wpe-encheres.com\\\/site\\\/#organization\"},\"potentialAction\":[{\"@type\":\"SearchAction\",\"target\":{\"@type\":\"EntryPoint\",\"urlTemplate\":\"https:\\\/\\\/wpe-encheres.com\\\/site\\\/?s={search_term_string}\"},\"query-input\":{\"@type\":\"PropertyValueSpecification\",\"valueRequired\":true,\"valueName\":\"search_term_string\"}}],\"inLanguage\":\"fr-FR\"},{\"@type\":\"Organization\",\"@id\":\"https:\\\/\\\/wpe-encheres.com\\\/site\\\/#organization\",\"name\":\"wpe encheres\",\"url\":\"https:\\\/\\\/wpe-encheres.com\\\/site\\\/\",\"logo\":{\"@type\":\"ImageObject\",\"inLanguage\":\"fr-FR\",\"@id\":\"https:\\\/\\\/wpe-encheres.com\\\/site\\\/#\\\/schema\\\/logo\\\/image\\\/\",\"url\":\"https:\\\/\\\/wpe-encheres.com\\\/site\\\/wp-content\\\/uploads\\\/2025\\\/08\\\/wpe-encheres-logo.png\",\"contentUrl\":\"https:\\\/\\\/wpe-encheres.com\\\/site\\\/wp-content\\\/uploads\\\/2025\\\/08\\\/wpe-encheres-logo.png\",\"width\":300,\"height\":110,\"caption\":\"wpe encheres\"},\"image\":{\"@id\":\"https:\\\/\\\/wpe-encheres.com\\\/site\\\/#\\\/schema\\\/logo\\\/image\\\/\"}}]}<\/script>\n<!-- \/ Yoast SEO plugin. -->","yoast_head_json":{"title":"Paire de chaises hautes empilables design Leviore Altherr Molina mod\u00e8le Califa 46 \u00e9dition Arper, coque en polypropyl\u00e8ne int\u00e9rieur blanc ext\u00e9rieur bleu, pi\u00e9tement luge en acier chrom\u00e9 avec repose-pieds. 111 x 45 x 53 cm. (1er). Localisation: 10 rue d'Arcueil - 94150 Rungis - wpe-encheres","robots":{"index":"index","follow":"follow","max-snippet":"max-snippet:-1","max-image-preview":"max-image-preview:large","max-video-preview":"max-video-preview:-1"},"canonical":"https:\/\/wpe-encheres.com\/site\/produit\/paire-de-chaises-hautes-empilables-design-leviore-altherr-molina-modele-califa-46-edition-arper-coque-en-polypropylene-interieur-blanc-exterieur-bleu-pietement-luge-en-acier-chrome-avec-repose-pieds\/","og_locale":"fr_FR","og_type":"article","og_title":"Paire de chaises hautes empilables design Leviore Altherr Molina mod\u00e8le Califa 46 \u00e9dition Arper, coque en polypropyl\u00e8ne int\u00e9rieur blanc ext\u00e9rieur bleu, pi\u00e9tement luge en acier chrom\u00e9 avec repose-pieds. 111 x 45 x 53 cm. (1er). Localisation: 10 rue d'Arcueil - 94150 Rungis - wpe-encheres","og_description":"Paire de chaises hautes empilables design Leviore Altherr Molina mod\u00e8le Califa 46 \u00e9dition Arper, coque en polypropyl\u00e8ne int\u00e9rieur blanc ext\u00e9rieur bleu, pi\u00e9tement luge en acier chrom\u00e9 avec repose-pieds. 111 x 45 x 53 cm. (1er). Localisation: 10 rue d'Arcueil - 94150 Rungis","og_url":"https:\/\/wpe-encheres.com\/site\/produit\/paire-de-chaises-hautes-empilables-design-leviore-altherr-molina-modele-califa-46-edition-arper-coque-en-polypropylene-interieur-blanc-exterieur-bleu-pietement-luge-en-acier-chrome-avec-repose-pieds\/","og_site_name":"wpe-encheres","article_modified_time":"2025-12-09T08:10:16+00:00","og_image":[{"width":551,"height":971,"url":"https:\/\/wpe-encheres.com\/site\/wp-content\/uploads\/2025\/11\/691d8ed367679.jpg","type":"image\/jpeg"}],"twitter_card":"summary_large_image","schema":{"@context":"https:\/\/schema.org","@graph":[{"@type":"WebPage","@id":"https:\/\/wpe-encheres.com\/site\/produit\/paire-de-chaises-hautes-empilables-design-leviore-altherr-molina-modele-califa-46-edition-arper-coque-en-polypropylene-interieur-blanc-exterieur-bleu-pietement-luge-en-acier-chrome-avec-repose-pieds\/","url":"https:\/\/wpe-encheres.com\/site\/produit\/paire-de-chaises-hautes-empilables-design-leviore-altherr-molina-modele-califa-46-edition-arper-coque-en-polypropylene-interieur-blanc-exterieur-bleu-pietement-luge-en-acier-chrome-avec-repose-pieds\/","name":"Paire de chaises hautes empilables design Leviore Altherr Molina mod\u00e8le Califa 46 \u00e9dition Arper, coque en polypropyl\u00e8ne int\u00e9rieur blanc ext\u00e9rieur bleu, pi\u00e9tement luge en acier chrom\u00e9 avec repose-pieds. 111 x 45 x 53 cm. (1er). Localisation: 10 rue d'Arcueil - 94150 Rungis - wpe-encheres","isPartOf":{"@id":"https:\/\/wpe-encheres.com\/site\/#website"},"primaryImageOfPage":{"@id":"https:\/\/wpe-encheres.com\/site\/produit\/paire-de-chaises-hautes-empilables-design-leviore-altherr-molina-modele-califa-46-edition-arper-coque-en-polypropylene-interieur-blanc-exterieur-bleu-pietement-luge-en-acier-chrome-avec-repose-pieds\/#primaryimage"},"image":{"@id":"https:\/\/wpe-encheres.com\/site\/produit\/paire-de-chaises-hautes-empilables-design-leviore-altherr-molina-modele-califa-46-edition-arper-coque-en-polypropylene-interieur-blanc-exterieur-bleu-pietement-luge-en-acier-chrome-avec-repose-pieds\/#primaryimage"},"thumbnailUrl":"https:\/\/wpe-encheres.com\/site\/wp-content\/uploads\/2025\/11\/691d8ed367679.jpg","datePublished":"2025-12-09T08:10:14+00:00","dateModified":"2025-12-09T08:10:16+00:00","breadcrumb":{"@id":"https:\/\/wpe-encheres.com\/site\/produit\/paire-de-chaises-hautes-empilables-design-leviore-altherr-molina-modele-califa-46-edition-arper-coque-en-polypropylene-interieur-blanc-exterieur-bleu-pietement-luge-en-acier-chrome-avec-repose-pieds\/#breadcrumb"},"inLanguage":"fr-FR","potentialAction":[{"@type":"ReadAction","target":["https:\/\/wpe-encheres.com\/site\/produit\/paire-de-chaises-hautes-empilables-design-leviore-altherr-molina-modele-califa-46-edition-arper-coque-en-polypropylene-interieur-blanc-exterieur-bleu-pietement-luge-en-acier-chrome-avec-repose-pieds\/"]}]},{"@type":"ImageObject","inLanguage":"fr-FR","@id":"https:\/\/wpe-encheres.com\/site\/produit\/paire-de-chaises-hautes-empilables-design-leviore-altherr-molina-modele-califa-46-edition-arper-coque-en-polypropylene-interieur-blanc-exterieur-bleu-pietement-luge-en-acier-chrome-avec-repose-pieds\/#primaryimage","url":"https:\/\/wpe-encheres.com\/site\/wp-content\/uploads\/2025\/11\/691d8ed367679.jpg","contentUrl":"https:\/\/wpe-encheres.com\/site\/wp-content\/uploads\/2025\/11\/691d8ed367679.jpg","width":551,"height":971},{"@type":"BreadcrumbList","@id":"https:\/\/wpe-encheres.com\/site\/produit\/paire-de-chaises-hautes-empilables-design-leviore-altherr-molina-modele-califa-46-edition-arper-coque-en-polypropylene-interieur-blanc-exterieur-bleu-pietement-luge-en-acier-chrome-avec-repose-pieds\/#breadcrumb","itemListElement":[{"@type":"ListItem","position":1,"name":"Accueil","item":"https:\/\/wpe-encheres.com\/site\/"},{"@type":"ListItem","position":2,"name":"Boutique","item":"https:\/\/wpe-encheres.com\/site\/?page_id=22765"},{"@type":"ListItem","position":3,"name":"Paire de chaises hautes empilables design Leviore Altherr Molina mod\u00e8le Califa 46 \u00e9dition Arper, coque en polypropyl\u00e8ne int\u00e9rieur blanc ext\u00e9rieur bleu, pi\u00e9tement luge en acier chrom\u00e9 avec repose-pieds. 111 x 45 x 53 cm. (1er). Localisation: 10 rue d&rsquo;Arcueil &#8211; 94150 Rungis"}]},{"@type":"WebSite","@id":"https:\/\/wpe-encheres.com\/site\/#website","url":"https:\/\/wpe-encheres.com\/site\/","name":"wpe-encheres","description":"","publisher":{"@id":"https:\/\/wpe-encheres.com\/site\/#organization"},"potentialAction":[{"@type":"SearchAction","target":{"@type":"EntryPoint","urlTemplate":"https:\/\/wpe-encheres.com\/site\/?s={search_term_string}"},"query-input":{"@type":"PropertyValueSpecification","valueRequired":true,"valueName":"search_term_string"}}],"inLanguage":"fr-FR"},{"@type":"Organization","@id":"https:\/\/wpe-encheres.com\/site\/#organization","name":"wpe encheres","url":"https:\/\/wpe-encheres.com\/site\/","logo":{"@type":"ImageObject","inLanguage":"fr-FR","@id":"https:\/\/wpe-encheres.com\/site\/#\/schema\/logo\/image\/","url":"https:\/\/wpe-encheres.com\/site\/wp-content\/uploads\/2025\/08\/wpe-encheres-logo.png","contentUrl":"https:\/\/wpe-encheres.com\/site\/wp-content\/uploads\/2025\/08\/wpe-encheres-logo.png","width":300,"height":110,"caption":"wpe encheres"},"image":{"@id":"https:\/\/wpe-encheres.com\/site\/#\/schema\/logo\/image\/"}}]}},"_links":{"self":[{"href":"https:\/\/wpe-encheres.com\/site\/wp-json\/wp\/v2\/product\/36647","targetHints":{"allow":["GET"]}}],"collection":[{"href":"https:\/\/wpe-encheres.com\/site\/wp-json\/wp\/v2\/product"}],"about":[{"href":"https:\/\/wpe-encheres.com\/site\/wp-json\/wp\/v2\/types\/product"}],"wp:featuredmedia":[{"embeddable":true,"href":"https:\/\/wpe-encheres.com\/site\/wp-json\/wp\/v2\/media\/35671"}],"wp:attachment":[{"href":"https:\/\/wpe-encheres.com\/site\/wp-json\/wp\/v2\/media?parent=36647"}],"wp:term":[{"taxonomy":"product_brand","embeddable":true,"href":"https:\/\/wpe-encheres.com\/site\/wp-json\/wp\/v2\/product_brand?post=36647"},{"taxonomy":"product_cat","embeddable":true,"href":"https:\/\/wpe-encheres.com\/site\/wp-json\/wp\/v2\/product_cat?post=36647"},{"taxonomy":"product_tag","embeddable":true,"href":"https:\/\/wpe-encheres.com\/site\/wp-json\/wp\/v2\/product_tag?post=36647"}],"curies":[{"name":"wp","href":"https:\/\/api.w.org\/{rel}","templated":true}]}}