{"id":36603,"date":"2025-12-09T09:09:58","date_gmt":"2025-12-09T08:09:58","guid":{"rendered":"https:\/\/wpe-encheres.com\/site\/produit\/chaise-haute-design-leviore-altherr-molina-modele-lotus-edition-enea-coque-en-polypropylene-blanc-galette-dassise-en-tissu-violet-pietement-en-bois-naturel-avec-repose-pied-en-aluminium-98-x-44-x\/"},"modified":"2025-12-09T09:09:58","modified_gmt":"2025-12-09T08:09:58","slug":"chaise-haute-design-leviore-altherr-molina-modele-lotus-edition-enea-coque-en-polypropylene-blanc-galette-dassise-en-tissu-violet-pietement-en-bois-naturel-avec-repose-pied-en-aluminium-98-x-44-x","status":"publish","type":"product","link":"https:\/\/wpe-encheres.com\/site\/produit\/chaise-haute-design-leviore-altherr-molina-modele-lotus-edition-enea-coque-en-polypropylene-blanc-galette-dassise-en-tissu-violet-pietement-en-bois-naturel-avec-repose-pied-en-aluminium-98-x-44-x\/","title":{"rendered":"Chaise haute design Leviore Altherr Molina mod\u00e8le Lotus \u00e9dition Enea, coque en polypropyl\u00e8ne blanc, galette d&rsquo;assise en tissu violet, pi\u00e9tement en bois naturel avec repose-pied en aluminium. 98 x 44 x 46 cm. 2 unit\u00e9s. Vendu \u00e0 l&rsquo;unit\u00e9 avec facult\u00e9 de r\u00e9union. (5eme + rdc cafet). Localisation: 10 rue d&rsquo;Arcueil &#8211; 94150 Rungis"},"content":{"rendered":"<p>Chaise haute design Leviore Altherr Molina mod\u00e8le Lotus \u00e9dition Enea, coque en polypropyl\u00e8ne blanc, galette d&rsquo;assise en tissu violet, pi\u00e9tement en bois naturel avec repose-pied en aluminium. 98 x 44 x 46 cm. 2 unit\u00e9s. Vendu \u00e0 l&rsquo;unit\u00e9 avec facult\u00e9 de r\u00e9union. (5eme + rdc cafet). Localisation: 10 rue d&rsquo;Arcueil &#8211; 94150 Rungis<\/p>\n","protected":false},"excerpt":{"rendered":"<p>Chaise haute design Leviore Altherr Molina mod\u00e8le Lotus \u00e9dition Enea, coque en polypropyl\u00e8ne blanc, galette d&rsquo;assise en tissu violet, pi\u00e9tement en bois naturel avec repose-pied en aluminium. 98 x 44 x 46 cm. 2 unit\u00e9s. Vendu \u00e0 l&rsquo;unit\u00e9 avec facult\u00e9 de r\u00e9union. (5eme + rdc cafet). Localisation: 10 rue d&rsquo;Arcueil &#8211; 94150 Rungis<\/p>\n","protected":false},"featured_media":35466,"template":"","meta":{"_acf_changed":false},"product_brand":[],"product_cat":[22],"product_tag":[55],"class_list":{"0":"post-36603","1":"product","2":"type-product","3":"status-publish","4":"has-post-thumbnail","6":"product_cat-mobilier-design-haut-de-gamme","7":"product_tag-vente-du-009-decembre-2025","9":"first","10":"instock","11":"product-type-simple"},"acf":[],"yoast_head":"<!-- This site is optimized with the Yoast SEO plugin v27.3 - https:\/\/yoast.com\/product\/yoast-seo-wordpress\/ -->\n<title>Chaise haute design Leviore Altherr Molina mod\u00e8le Lotus \u00e9dition Enea, coque en polypropyl\u00e8ne blanc, galette d&#039;assise en tissu violet, pi\u00e9tement en bois naturel avec repose-pied en aluminium. 98 x 44 x 46 cm. 2 unit\u00e9s. Vendu \u00e0 l&#039;unit\u00e9 avec facult\u00e9 de r\u00e9union. (5eme + rdc cafet). Localisation: 10 rue d&#039;Arcueil - 94150 Rungis - wpe-encheres<\/title>\n<meta name=\"robots\" content=\"index, follow, max-snippet:-1, max-image-preview:large, max-video-preview:-1\" \/>\n<link rel=\"canonical\" href=\"https:\/\/wpe-encheres.com\/site\/produit\/chaise-haute-design-leviore-altherr-molina-modele-lotus-edition-enea-coque-en-polypropylene-blanc-galette-dassise-en-tissu-violet-pietement-en-bois-naturel-avec-repose-pied-en-aluminium-98-x-44-x\/\" \/>\n<meta property=\"og:locale\" content=\"fr_FR\" \/>\n<meta property=\"og:type\" content=\"article\" \/>\n<meta property=\"og:title\" content=\"Chaise haute design Leviore Altherr Molina mod\u00e8le Lotus \u00e9dition Enea, coque en polypropyl\u00e8ne blanc, galette d&#039;assise en tissu violet, pi\u00e9tement en bois naturel avec repose-pied en aluminium. 98 x 44 x 46 cm. 2 unit\u00e9s. Vendu \u00e0 l&#039;unit\u00e9 avec facult\u00e9 de r\u00e9union. (5eme + rdc cafet). Localisation: 10 rue d&#039;Arcueil - 94150 Rungis - wpe-encheres\" \/>\n<meta property=\"og:description\" content=\"Chaise haute design Leviore Altherr Molina mod\u00e8le Lotus \u00e9dition Enea, coque en polypropyl\u00e8ne blanc, galette d&#039;assise en tissu violet, pi\u00e9tement en bois naturel avec repose-pied en aluminium. 98 x 44 x 46 cm. 2 unit\u00e9s. Vendu \u00e0 l&#039;unit\u00e9 avec facult\u00e9 de r\u00e9union. (5eme + rdc cafet). Localisation: 10 rue d&#039;Arcueil - 94150 Rungis\" \/>\n<meta property=\"og:url\" content=\"https:\/\/wpe-encheres.com\/site\/produit\/chaise-haute-design-leviore-altherr-molina-modele-lotus-edition-enea-coque-en-polypropylene-blanc-galette-dassise-en-tissu-violet-pietement-en-bois-naturel-avec-repose-pied-en-aluminium-98-x-44-x\/\" \/>\n<meta property=\"og:site_name\" content=\"wpe-encheres\" \/>\n<meta property=\"og:image\" content=\"https:\/\/wpe-encheres.com\/site\/wp-content\/uploads\/2025\/11\/691d8e9a364de.jpg\" \/>\n\t<meta property=\"og:image:width\" content=\"549\" \/>\n\t<meta property=\"og:image:height\" content=\"993\" \/>\n\t<meta property=\"og:image:type\" content=\"image\/jpeg\" \/>\n<meta name=\"twitter:card\" content=\"summary_large_image\" \/>\n<script type=\"application\/ld+json\" class=\"yoast-schema-graph\">{\"@context\":\"https:\\\/\\\/schema.org\",\"@graph\":[{\"@type\":\"WebPage\",\"@id\":\"https:\\\/\\\/wpe-encheres.com\\\/site\\\/produit\\\/chaise-haute-design-leviore-altherr-molina-modele-lotus-edition-enea-coque-en-polypropylene-blanc-galette-dassise-en-tissu-violet-pietement-en-bois-naturel-avec-repose-pied-en-aluminium-98-x-44-x\\\/\",\"url\":\"https:\\\/\\\/wpe-encheres.com\\\/site\\\/produit\\\/chaise-haute-design-leviore-altherr-molina-modele-lotus-edition-enea-coque-en-polypropylene-blanc-galette-dassise-en-tissu-violet-pietement-en-bois-naturel-avec-repose-pied-en-aluminium-98-x-44-x\\\/\",\"name\":\"Chaise haute design Leviore Altherr Molina mod\u00e8le Lotus \u00e9dition Enea, coque en polypropyl\u00e8ne blanc, galette d'assise en tissu violet, pi\u00e9tement en bois naturel avec repose-pied en aluminium. 98 x 44 x 46 cm. 2 unit\u00e9s. Vendu \u00e0 l'unit\u00e9 avec facult\u00e9 de r\u00e9union. (5eme + rdc cafet). Localisation: 10 rue d'Arcueil - 94150 Rungis - wpe-encheres\",\"isPartOf\":{\"@id\":\"https:\\\/\\\/wpe-encheres.com\\\/site\\\/#website\"},\"primaryImageOfPage\":{\"@id\":\"https:\\\/\\\/wpe-encheres.com\\\/site\\\/produit\\\/chaise-haute-design-leviore-altherr-molina-modele-lotus-edition-enea-coque-en-polypropylene-blanc-galette-dassise-en-tissu-violet-pietement-en-bois-naturel-avec-repose-pied-en-aluminium-98-x-44-x\\\/#primaryimage\"},\"image\":{\"@id\":\"https:\\\/\\\/wpe-encheres.com\\\/site\\\/produit\\\/chaise-haute-design-leviore-altherr-molina-modele-lotus-edition-enea-coque-en-polypropylene-blanc-galette-dassise-en-tissu-violet-pietement-en-bois-naturel-avec-repose-pied-en-aluminium-98-x-44-x\\\/#primaryimage\"},\"thumbnailUrl\":\"https:\\\/\\\/wpe-encheres.com\\\/site\\\/wp-content\\\/uploads\\\/2025\\\/11\\\/691d8e9a364de.jpg\",\"datePublished\":\"2025-12-09T08:09:58+00:00\",\"breadcrumb\":{\"@id\":\"https:\\\/\\\/wpe-encheres.com\\\/site\\\/produit\\\/chaise-haute-design-leviore-altherr-molina-modele-lotus-edition-enea-coque-en-polypropylene-blanc-galette-dassise-en-tissu-violet-pietement-en-bois-naturel-avec-repose-pied-en-aluminium-98-x-44-x\\\/#breadcrumb\"},\"inLanguage\":\"fr-FR\",\"potentialAction\":[{\"@type\":\"ReadAction\",\"target\":[\"https:\\\/\\\/wpe-encheres.com\\\/site\\\/produit\\\/chaise-haute-design-leviore-altherr-molina-modele-lotus-edition-enea-coque-en-polypropylene-blanc-galette-dassise-en-tissu-violet-pietement-en-bois-naturel-avec-repose-pied-en-aluminium-98-x-44-x\\\/\"]}]},{\"@type\":\"ImageObject\",\"inLanguage\":\"fr-FR\",\"@id\":\"https:\\\/\\\/wpe-encheres.com\\\/site\\\/produit\\\/chaise-haute-design-leviore-altherr-molina-modele-lotus-edition-enea-coque-en-polypropylene-blanc-galette-dassise-en-tissu-violet-pietement-en-bois-naturel-avec-repose-pied-en-aluminium-98-x-44-x\\\/#primaryimage\",\"url\":\"https:\\\/\\\/wpe-encheres.com\\\/site\\\/wp-content\\\/uploads\\\/2025\\\/11\\\/691d8e9a364de.jpg\",\"contentUrl\":\"https:\\\/\\\/wpe-encheres.com\\\/site\\\/wp-content\\\/uploads\\\/2025\\\/11\\\/691d8e9a364de.jpg\",\"width\":549,\"height\":993},{\"@type\":\"BreadcrumbList\",\"@id\":\"https:\\\/\\\/wpe-encheres.com\\\/site\\\/produit\\\/chaise-haute-design-leviore-altherr-molina-modele-lotus-edition-enea-coque-en-polypropylene-blanc-galette-dassise-en-tissu-violet-pietement-en-bois-naturel-avec-repose-pied-en-aluminium-98-x-44-x\\\/#breadcrumb\",\"itemListElement\":[{\"@type\":\"ListItem\",\"position\":1,\"name\":\"Accueil\",\"item\":\"https:\\\/\\\/wpe-encheres.com\\\/site\\\/\"},{\"@type\":\"ListItem\",\"position\":2,\"name\":\"Boutique\",\"item\":\"https:\\\/\\\/wpe-encheres.com\\\/site\\\/?page_id=22765\"},{\"@type\":\"ListItem\",\"position\":3,\"name\":\"Chaise haute design Leviore Altherr Molina mod\u00e8le Lotus \u00e9dition Enea, coque en polypropyl\u00e8ne blanc, galette d&rsquo;assise en tissu violet, pi\u00e9tement en bois naturel avec repose-pied en aluminium. 98 x 44 x 46 cm. 2 unit\u00e9s. Vendu \u00e0 l&rsquo;unit\u00e9 avec facult\u00e9 de r\u00e9union. (5eme + rdc cafet). Localisation: 10 rue d&rsquo;Arcueil &#8211; 94150 Rungis\"}]},{\"@type\":\"WebSite\",\"@id\":\"https:\\\/\\\/wpe-encheres.com\\\/site\\\/#website\",\"url\":\"https:\\\/\\\/wpe-encheres.com\\\/site\\\/\",\"name\":\"wpe-encheres\",\"description\":\"\",\"publisher\":{\"@id\":\"https:\\\/\\\/wpe-encheres.com\\\/site\\\/#organization\"},\"potentialAction\":[{\"@type\":\"SearchAction\",\"target\":{\"@type\":\"EntryPoint\",\"urlTemplate\":\"https:\\\/\\\/wpe-encheres.com\\\/site\\\/?s={search_term_string}\"},\"query-input\":{\"@type\":\"PropertyValueSpecification\",\"valueRequired\":true,\"valueName\":\"search_term_string\"}}],\"inLanguage\":\"fr-FR\"},{\"@type\":\"Organization\",\"@id\":\"https:\\\/\\\/wpe-encheres.com\\\/site\\\/#organization\",\"name\":\"wpe encheres\",\"url\":\"https:\\\/\\\/wpe-encheres.com\\\/site\\\/\",\"logo\":{\"@type\":\"ImageObject\",\"inLanguage\":\"fr-FR\",\"@id\":\"https:\\\/\\\/wpe-encheres.com\\\/site\\\/#\\\/schema\\\/logo\\\/image\\\/\",\"url\":\"https:\\\/\\\/wpe-encheres.com\\\/site\\\/wp-content\\\/uploads\\\/2025\\\/08\\\/wpe-encheres-logo.png\",\"contentUrl\":\"https:\\\/\\\/wpe-encheres.com\\\/site\\\/wp-content\\\/uploads\\\/2025\\\/08\\\/wpe-encheres-logo.png\",\"width\":300,\"height\":110,\"caption\":\"wpe encheres\"},\"image\":{\"@id\":\"https:\\\/\\\/wpe-encheres.com\\\/site\\\/#\\\/schema\\\/logo\\\/image\\\/\"}}]}<\/script>\n<!-- \/ Yoast SEO plugin. -->","yoast_head_json":{"title":"Chaise haute design Leviore Altherr Molina mod\u00e8le Lotus \u00e9dition Enea, coque en polypropyl\u00e8ne blanc, galette d'assise en tissu violet, pi\u00e9tement en bois naturel avec repose-pied en aluminium. 98 x 44 x 46 cm. 2 unit\u00e9s. Vendu \u00e0 l'unit\u00e9 avec facult\u00e9 de r\u00e9union. (5eme + rdc cafet). Localisation: 10 rue d'Arcueil - 94150 Rungis - wpe-encheres","robots":{"index":"index","follow":"follow","max-snippet":"max-snippet:-1","max-image-preview":"max-image-preview:large","max-video-preview":"max-video-preview:-1"},"canonical":"https:\/\/wpe-encheres.com\/site\/produit\/chaise-haute-design-leviore-altherr-molina-modele-lotus-edition-enea-coque-en-polypropylene-blanc-galette-dassise-en-tissu-violet-pietement-en-bois-naturel-avec-repose-pied-en-aluminium-98-x-44-x\/","og_locale":"fr_FR","og_type":"article","og_title":"Chaise haute design Leviore Altherr Molina mod\u00e8le Lotus \u00e9dition Enea, coque en polypropyl\u00e8ne blanc, galette d'assise en tissu violet, pi\u00e9tement en bois naturel avec repose-pied en aluminium. 98 x 44 x 46 cm. 2 unit\u00e9s. Vendu \u00e0 l'unit\u00e9 avec facult\u00e9 de r\u00e9union. (5eme + rdc cafet). Localisation: 10 rue d'Arcueil - 94150 Rungis - wpe-encheres","og_description":"Chaise haute design Leviore Altherr Molina mod\u00e8le Lotus \u00e9dition Enea, coque en polypropyl\u00e8ne blanc, galette d'assise en tissu violet, pi\u00e9tement en bois naturel avec repose-pied en aluminium. 98 x 44 x 46 cm. 2 unit\u00e9s. Vendu \u00e0 l'unit\u00e9 avec facult\u00e9 de r\u00e9union. (5eme + rdc cafet). Localisation: 10 rue d'Arcueil - 94150 Rungis","og_url":"https:\/\/wpe-encheres.com\/site\/produit\/chaise-haute-design-leviore-altherr-molina-modele-lotus-edition-enea-coque-en-polypropylene-blanc-galette-dassise-en-tissu-violet-pietement-en-bois-naturel-avec-repose-pied-en-aluminium-98-x-44-x\/","og_site_name":"wpe-encheres","og_image":[{"width":549,"height":993,"url":"https:\/\/wpe-encheres.com\/site\/wp-content\/uploads\/2025\/11\/691d8e9a364de.jpg","type":"image\/jpeg"}],"twitter_card":"summary_large_image","schema":{"@context":"https:\/\/schema.org","@graph":[{"@type":"WebPage","@id":"https:\/\/wpe-encheres.com\/site\/produit\/chaise-haute-design-leviore-altherr-molina-modele-lotus-edition-enea-coque-en-polypropylene-blanc-galette-dassise-en-tissu-violet-pietement-en-bois-naturel-avec-repose-pied-en-aluminium-98-x-44-x\/","url":"https:\/\/wpe-encheres.com\/site\/produit\/chaise-haute-design-leviore-altherr-molina-modele-lotus-edition-enea-coque-en-polypropylene-blanc-galette-dassise-en-tissu-violet-pietement-en-bois-naturel-avec-repose-pied-en-aluminium-98-x-44-x\/","name":"Chaise haute design Leviore Altherr Molina mod\u00e8le Lotus \u00e9dition Enea, coque en polypropyl\u00e8ne blanc, galette d'assise en tissu violet, pi\u00e9tement en bois naturel avec repose-pied en aluminium. 98 x 44 x 46 cm. 2 unit\u00e9s. Vendu \u00e0 l'unit\u00e9 avec facult\u00e9 de r\u00e9union. (5eme + rdc cafet). Localisation: 10 rue d'Arcueil - 94150 Rungis - wpe-encheres","isPartOf":{"@id":"https:\/\/wpe-encheres.com\/site\/#website"},"primaryImageOfPage":{"@id":"https:\/\/wpe-encheres.com\/site\/produit\/chaise-haute-design-leviore-altherr-molina-modele-lotus-edition-enea-coque-en-polypropylene-blanc-galette-dassise-en-tissu-violet-pietement-en-bois-naturel-avec-repose-pied-en-aluminium-98-x-44-x\/#primaryimage"},"image":{"@id":"https:\/\/wpe-encheres.com\/site\/produit\/chaise-haute-design-leviore-altherr-molina-modele-lotus-edition-enea-coque-en-polypropylene-blanc-galette-dassise-en-tissu-violet-pietement-en-bois-naturel-avec-repose-pied-en-aluminium-98-x-44-x\/#primaryimage"},"thumbnailUrl":"https:\/\/wpe-encheres.com\/site\/wp-content\/uploads\/2025\/11\/691d8e9a364de.jpg","datePublished":"2025-12-09T08:09:58+00:00","breadcrumb":{"@id":"https:\/\/wpe-encheres.com\/site\/produit\/chaise-haute-design-leviore-altherr-molina-modele-lotus-edition-enea-coque-en-polypropylene-blanc-galette-dassise-en-tissu-violet-pietement-en-bois-naturel-avec-repose-pied-en-aluminium-98-x-44-x\/#breadcrumb"},"inLanguage":"fr-FR","potentialAction":[{"@type":"ReadAction","target":["https:\/\/wpe-encheres.com\/site\/produit\/chaise-haute-design-leviore-altherr-molina-modele-lotus-edition-enea-coque-en-polypropylene-blanc-galette-dassise-en-tissu-violet-pietement-en-bois-naturel-avec-repose-pied-en-aluminium-98-x-44-x\/"]}]},{"@type":"ImageObject","inLanguage":"fr-FR","@id":"https:\/\/wpe-encheres.com\/site\/produit\/chaise-haute-design-leviore-altherr-molina-modele-lotus-edition-enea-coque-en-polypropylene-blanc-galette-dassise-en-tissu-violet-pietement-en-bois-naturel-avec-repose-pied-en-aluminium-98-x-44-x\/#primaryimage","url":"https:\/\/wpe-encheres.com\/site\/wp-content\/uploads\/2025\/11\/691d8e9a364de.jpg","contentUrl":"https:\/\/wpe-encheres.com\/site\/wp-content\/uploads\/2025\/11\/691d8e9a364de.jpg","width":549,"height":993},{"@type":"BreadcrumbList","@id":"https:\/\/wpe-encheres.com\/site\/produit\/chaise-haute-design-leviore-altherr-molina-modele-lotus-edition-enea-coque-en-polypropylene-blanc-galette-dassise-en-tissu-violet-pietement-en-bois-naturel-avec-repose-pied-en-aluminium-98-x-44-x\/#breadcrumb","itemListElement":[{"@type":"ListItem","position":1,"name":"Accueil","item":"https:\/\/wpe-encheres.com\/site\/"},{"@type":"ListItem","position":2,"name":"Boutique","item":"https:\/\/wpe-encheres.com\/site\/?page_id=22765"},{"@type":"ListItem","position":3,"name":"Chaise haute design Leviore Altherr Molina mod\u00e8le Lotus \u00e9dition Enea, coque en polypropyl\u00e8ne blanc, galette d&rsquo;assise en tissu violet, pi\u00e9tement en bois naturel avec repose-pied en aluminium. 98 x 44 x 46 cm. 2 unit\u00e9s. Vendu \u00e0 l&rsquo;unit\u00e9 avec facult\u00e9 de r\u00e9union. (5eme + rdc cafet). Localisation: 10 rue d&rsquo;Arcueil &#8211; 94150 Rungis"}]},{"@type":"WebSite","@id":"https:\/\/wpe-encheres.com\/site\/#website","url":"https:\/\/wpe-encheres.com\/site\/","name":"wpe-encheres","description":"","publisher":{"@id":"https:\/\/wpe-encheres.com\/site\/#organization"},"potentialAction":[{"@type":"SearchAction","target":{"@type":"EntryPoint","urlTemplate":"https:\/\/wpe-encheres.com\/site\/?s={search_term_string}"},"query-input":{"@type":"PropertyValueSpecification","valueRequired":true,"valueName":"search_term_string"}}],"inLanguage":"fr-FR"},{"@type":"Organization","@id":"https:\/\/wpe-encheres.com\/site\/#organization","name":"wpe encheres","url":"https:\/\/wpe-encheres.com\/site\/","logo":{"@type":"ImageObject","inLanguage":"fr-FR","@id":"https:\/\/wpe-encheres.com\/site\/#\/schema\/logo\/image\/","url":"https:\/\/wpe-encheres.com\/site\/wp-content\/uploads\/2025\/08\/wpe-encheres-logo.png","contentUrl":"https:\/\/wpe-encheres.com\/site\/wp-content\/uploads\/2025\/08\/wpe-encheres-logo.png","width":300,"height":110,"caption":"wpe encheres"},"image":{"@id":"https:\/\/wpe-encheres.com\/site\/#\/schema\/logo\/image\/"}}]}},"_links":{"self":[{"href":"https:\/\/wpe-encheres.com\/site\/wp-json\/wp\/v2\/product\/36603","targetHints":{"allow":["GET"]}}],"collection":[{"href":"https:\/\/wpe-encheres.com\/site\/wp-json\/wp\/v2\/product"}],"about":[{"href":"https:\/\/wpe-encheres.com\/site\/wp-json\/wp\/v2\/types\/product"}],"wp:featuredmedia":[{"embeddable":true,"href":"https:\/\/wpe-encheres.com\/site\/wp-json\/wp\/v2\/media\/35466"}],"wp:attachment":[{"href":"https:\/\/wpe-encheres.com\/site\/wp-json\/wp\/v2\/media?parent=36603"}],"wp:term":[{"taxonomy":"product_brand","embeddable":true,"href":"https:\/\/wpe-encheres.com\/site\/wp-json\/wp\/v2\/product_brand?post=36603"},{"taxonomy":"product_cat","embeddable":true,"href":"https:\/\/wpe-encheres.com\/site\/wp-json\/wp\/v2\/product_cat?post=36603"},{"taxonomy":"product_tag","embeddable":true,"href":"https:\/\/wpe-encheres.com\/site\/wp-json\/wp\/v2\/product_tag?post=36603"}],"curies":[{"name":"wp","href":"https:\/\/api.w.org\/{rel}","templated":true}]}}