{"id":31490,"date":"2025-10-03T19:33:21","date_gmt":"2025-10-03T17:33:21","guid":{"rendered":"https:\/\/wpe-encheres.com\/site\/produit\/plante-artificielle-de-divers-modeles-dans-leur-bac-en-plastique-blanc-rectangulaire-ou-rond-dimensions-comprises-entre-120-cm-et-170-cm-de-hauteur-toutes-les-plantes-seront-descendues-par-les-deme-48\/"},"modified":"2025-11-04T09:40:10","modified_gmt":"2025-11-04T08:40:10","slug":"plante-artificielle-de-divers-modeles-dans-leur-bac-en-plastique-blanc-rectangulaire-ou-rond-dimensions-comprises-entre-120-cm-et-170-cm-de-hauteur-toutes-les-plantes-seront-descendues-par-les-deme-48","status":"publish","type":"product","link":"https:\/\/wpe-encheres.com\/site\/produit\/plante-artificielle-de-divers-modeles-dans-leur-bac-en-plastique-blanc-rectangulaire-ou-rond-dimensions-comprises-entre-120-cm-et-170-cm-de-hauteur-toutes-les-plantes-seront-descendues-par-les-deme-48\/","title":{"rendered":"Plante artificielle de divers mod\u00e8les dans leur bac en plastique blanc rectangulaire ou rond. Dimensions comprises entre 120 cm et 170 cm de hauteur. \nToutes les plantes seront descendues par les d\u00e9m\u00e9nageurs.\nPas de manutention dans les \u00e9tages."},"content":{"rendered":"<p>Plante artificielle de divers mod\u00e8les dans leur bac en plastique blanc rectangulaire ou rond. Dimensions comprises entre 120 cm et 170 cm de hauteur.<br \/>\nToutes les plantes seront descendues par les d\u00e9m\u00e9nageurs.<br \/>\nPas de manutention dans les \u00e9tages.<\/p>\n","protected":false},"excerpt":{"rendered":"<p>Plante artificielle de divers mod\u00e8les dans leur bac en plastique blanc rectangulaire ou rond. Dimensions comprises entre 120 cm et 170 cm de hauteur.<br \/>\nToutes les plantes seront descendues par les d\u00e9m\u00e9nageurs.<br \/>\nPas de manutention dans les \u00e9tages.<\/p>\n","protected":false},"featured_media":31491,"template":"","meta":{"_acf_changed":false},"product_brand":[],"product_cat":[25],"product_tag":[47],"class_list":{"0":"post-31490","1":"product","2":"type-product","3":"status-publish","4":"has-post-thumbnail","6":"product_cat-fleurs-et-plantes-artificielles","7":"product_tag-vente-du-16-30-octobre-2025","9":"first","10":"outofstock","11":"product-type-simple"},"acf":[],"yoast_head":"<!-- This site is optimized with the Yoast SEO plugin v27.3 - https:\/\/yoast.com\/product\/yoast-seo-wordpress\/ -->\n<title>Plante artificielle de divers mod\u00e8les dans leur bac en plastique blanc rectangulaire ou rond. Dimensions comprises entre 120 cm et 170 cm de hauteur. Toutes les plantes seront descendues par les d\u00e9m\u00e9nageurs. Pas de manutention dans les \u00e9tages. - wpe-encheres<\/title>\n<meta name=\"robots\" content=\"index, follow, max-snippet:-1, max-image-preview:large, max-video-preview:-1\" \/>\n<link rel=\"canonical\" href=\"https:\/\/wpe-encheres.com\/site\/produit\/plante-artificielle-de-divers-modeles-dans-leur-bac-en-plastique-blanc-rectangulaire-ou-rond-dimensions-comprises-entre-120-cm-et-170-cm-de-hauteur-toutes-les-plantes-seront-descendues-par-les-deme-48\/\" \/>\n<meta property=\"og:locale\" content=\"fr_FR\" \/>\n<meta property=\"og:type\" content=\"article\" \/>\n<meta property=\"og:title\" content=\"Plante artificielle de divers mod\u00e8les dans leur bac en plastique blanc rectangulaire ou rond. Dimensions comprises entre 120 cm et 170 cm de hauteur. Toutes les plantes seront descendues par les d\u00e9m\u00e9nageurs. Pas de manutention dans les \u00e9tages. - wpe-encheres\" \/>\n<meta property=\"og:description\" content=\"Plante artificielle de divers mod\u00e8les dans leur bac en plastique blanc rectangulaire ou rond. Dimensions comprises entre 120 cm et 170 cm de hauteur. Toutes les plantes seront descendues par les d\u00e9m\u00e9nageurs. Pas de manutention dans les \u00e9tages.\" \/>\n<meta property=\"og:url\" content=\"https:\/\/wpe-encheres.com\/site\/produit\/plante-artificielle-de-divers-modeles-dans-leur-bac-en-plastique-blanc-rectangulaire-ou-rond-dimensions-comprises-entre-120-cm-et-170-cm-de-hauteur-toutes-les-plantes-seront-descendues-par-les-deme-48\/\" \/>\n<meta property=\"og:site_name\" content=\"wpe-encheres\" \/>\n<meta property=\"article:modified_time\" content=\"2025-11-04T08:40:10+00:00\" \/>\n<meta property=\"og:image\" content=\"https:\/\/wpe-encheres.com\/site\/wp-content\/uploads\/2025\/10\/68de9c70c62a2.jpg\" \/>\n\t<meta property=\"og:image:width\" content=\"902\" \/>\n\t<meta property=\"og:image:height\" content=\"1934\" \/>\n\t<meta property=\"og:image:type\" content=\"image\/jpeg\" \/>\n<meta name=\"twitter:card\" content=\"summary_large_image\" \/>\n<script type=\"application\/ld+json\" class=\"yoast-schema-graph\">{\"@context\":\"https:\\\/\\\/schema.org\",\"@graph\":[{\"@type\":\"WebPage\",\"@id\":\"https:\\\/\\\/wpe-encheres.com\\\/site\\\/produit\\\/plante-artificielle-de-divers-modeles-dans-leur-bac-en-plastique-blanc-rectangulaire-ou-rond-dimensions-comprises-entre-120-cm-et-170-cm-de-hauteur-toutes-les-plantes-seront-descendues-par-les-deme-48\\\/\",\"url\":\"https:\\\/\\\/wpe-encheres.com\\\/site\\\/produit\\\/plante-artificielle-de-divers-modeles-dans-leur-bac-en-plastique-blanc-rectangulaire-ou-rond-dimensions-comprises-entre-120-cm-et-170-cm-de-hauteur-toutes-les-plantes-seront-descendues-par-les-deme-48\\\/\",\"name\":\"Plante artificielle de divers mod\u00e8les dans leur bac en plastique blanc rectangulaire ou rond. Dimensions comprises entre 120 cm et 170 cm de hauteur. Toutes les plantes seront descendues par les d\u00e9m\u00e9nageurs. Pas de manutention dans les \u00e9tages. - wpe-encheres\",\"isPartOf\":{\"@id\":\"https:\\\/\\\/wpe-encheres.com\\\/site\\\/#website\"},\"primaryImageOfPage\":{\"@id\":\"https:\\\/\\\/wpe-encheres.com\\\/site\\\/produit\\\/plante-artificielle-de-divers-modeles-dans-leur-bac-en-plastique-blanc-rectangulaire-ou-rond-dimensions-comprises-entre-120-cm-et-170-cm-de-hauteur-toutes-les-plantes-seront-descendues-par-les-deme-48\\\/#primaryimage\"},\"image\":{\"@id\":\"https:\\\/\\\/wpe-encheres.com\\\/site\\\/produit\\\/plante-artificielle-de-divers-modeles-dans-leur-bac-en-plastique-blanc-rectangulaire-ou-rond-dimensions-comprises-entre-120-cm-et-170-cm-de-hauteur-toutes-les-plantes-seront-descendues-par-les-deme-48\\\/#primaryimage\"},\"thumbnailUrl\":\"https:\\\/\\\/wpe-encheres.com\\\/site\\\/wp-content\\\/uploads\\\/2025\\\/10\\\/68de9c70c62a2.jpg\",\"datePublished\":\"2025-10-03T17:33:21+00:00\",\"dateModified\":\"2025-11-04T08:40:10+00:00\",\"breadcrumb\":{\"@id\":\"https:\\\/\\\/wpe-encheres.com\\\/site\\\/produit\\\/plante-artificielle-de-divers-modeles-dans-leur-bac-en-plastique-blanc-rectangulaire-ou-rond-dimensions-comprises-entre-120-cm-et-170-cm-de-hauteur-toutes-les-plantes-seront-descendues-par-les-deme-48\\\/#breadcrumb\"},\"inLanguage\":\"fr-FR\",\"potentialAction\":[{\"@type\":\"ReadAction\",\"target\":[\"https:\\\/\\\/wpe-encheres.com\\\/site\\\/produit\\\/plante-artificielle-de-divers-modeles-dans-leur-bac-en-plastique-blanc-rectangulaire-ou-rond-dimensions-comprises-entre-120-cm-et-170-cm-de-hauteur-toutes-les-plantes-seront-descendues-par-les-deme-48\\\/\"]}]},{\"@type\":\"ImageObject\",\"inLanguage\":\"fr-FR\",\"@id\":\"https:\\\/\\\/wpe-encheres.com\\\/site\\\/produit\\\/plante-artificielle-de-divers-modeles-dans-leur-bac-en-plastique-blanc-rectangulaire-ou-rond-dimensions-comprises-entre-120-cm-et-170-cm-de-hauteur-toutes-les-plantes-seront-descendues-par-les-deme-48\\\/#primaryimage\",\"url\":\"https:\\\/\\\/wpe-encheres.com\\\/site\\\/wp-content\\\/uploads\\\/2025\\\/10\\\/68de9c70c62a2.jpg\",\"contentUrl\":\"https:\\\/\\\/wpe-encheres.com\\\/site\\\/wp-content\\\/uploads\\\/2025\\\/10\\\/68de9c70c62a2.jpg\",\"width\":902,\"height\":1934},{\"@type\":\"BreadcrumbList\",\"@id\":\"https:\\\/\\\/wpe-encheres.com\\\/site\\\/produit\\\/plante-artificielle-de-divers-modeles-dans-leur-bac-en-plastique-blanc-rectangulaire-ou-rond-dimensions-comprises-entre-120-cm-et-170-cm-de-hauteur-toutes-les-plantes-seront-descendues-par-les-deme-48\\\/#breadcrumb\",\"itemListElement\":[{\"@type\":\"ListItem\",\"position\":1,\"name\":\"Accueil\",\"item\":\"https:\\\/\\\/wpe-encheres.com\\\/site\\\/\"},{\"@type\":\"ListItem\",\"position\":2,\"name\":\"Boutique\",\"item\":\"https:\\\/\\\/wpe-encheres.com\\\/site\\\/?page_id=22765\"},{\"@type\":\"ListItem\",\"position\":3,\"name\":\"Plante artificielle de divers mod\u00e8les dans leur bac en plastique blanc rectangulaire ou rond. Dimensions comprises entre 120 cm et 170 cm de hauteur. Toutes les plantes seront descendues par les d\u00e9m\u00e9nageurs. Pas de manutention dans les \u00e9tages.\"}]},{\"@type\":\"WebSite\",\"@id\":\"https:\\\/\\\/wpe-encheres.com\\\/site\\\/#website\",\"url\":\"https:\\\/\\\/wpe-encheres.com\\\/site\\\/\",\"name\":\"wpe-encheres\",\"description\":\"\",\"publisher\":{\"@id\":\"https:\\\/\\\/wpe-encheres.com\\\/site\\\/#organization\"},\"potentialAction\":[{\"@type\":\"SearchAction\",\"target\":{\"@type\":\"EntryPoint\",\"urlTemplate\":\"https:\\\/\\\/wpe-encheres.com\\\/site\\\/?s={search_term_string}\"},\"query-input\":{\"@type\":\"PropertyValueSpecification\",\"valueRequired\":true,\"valueName\":\"search_term_string\"}}],\"inLanguage\":\"fr-FR\"},{\"@type\":\"Organization\",\"@id\":\"https:\\\/\\\/wpe-encheres.com\\\/site\\\/#organization\",\"name\":\"wpe encheres\",\"url\":\"https:\\\/\\\/wpe-encheres.com\\\/site\\\/\",\"logo\":{\"@type\":\"ImageObject\",\"inLanguage\":\"fr-FR\",\"@id\":\"https:\\\/\\\/wpe-encheres.com\\\/site\\\/#\\\/schema\\\/logo\\\/image\\\/\",\"url\":\"https:\\\/\\\/wpe-encheres.com\\\/site\\\/wp-content\\\/uploads\\\/2025\\\/08\\\/wpe-encheres-logo.png\",\"contentUrl\":\"https:\\\/\\\/wpe-encheres.com\\\/site\\\/wp-content\\\/uploads\\\/2025\\\/08\\\/wpe-encheres-logo.png\",\"width\":300,\"height\":110,\"caption\":\"wpe encheres\"},\"image\":{\"@id\":\"https:\\\/\\\/wpe-encheres.com\\\/site\\\/#\\\/schema\\\/logo\\\/image\\\/\"}}]}<\/script>\n<!-- \/ Yoast SEO plugin. -->","yoast_head_json":{"title":"Plante artificielle de divers mod\u00e8les dans leur bac en plastique blanc rectangulaire ou rond. Dimensions comprises entre 120 cm et 170 cm de hauteur. Toutes les plantes seront descendues par les d\u00e9m\u00e9nageurs. Pas de manutention dans les \u00e9tages. - wpe-encheres","robots":{"index":"index","follow":"follow","max-snippet":"max-snippet:-1","max-image-preview":"max-image-preview:large","max-video-preview":"max-video-preview:-1"},"canonical":"https:\/\/wpe-encheres.com\/site\/produit\/plante-artificielle-de-divers-modeles-dans-leur-bac-en-plastique-blanc-rectangulaire-ou-rond-dimensions-comprises-entre-120-cm-et-170-cm-de-hauteur-toutes-les-plantes-seront-descendues-par-les-deme-48\/","og_locale":"fr_FR","og_type":"article","og_title":"Plante artificielle de divers mod\u00e8les dans leur bac en plastique blanc rectangulaire ou rond. Dimensions comprises entre 120 cm et 170 cm de hauteur. Toutes les plantes seront descendues par les d\u00e9m\u00e9nageurs. Pas de manutention dans les \u00e9tages. - wpe-encheres","og_description":"Plante artificielle de divers mod\u00e8les dans leur bac en plastique blanc rectangulaire ou rond. Dimensions comprises entre 120 cm et 170 cm de hauteur. Toutes les plantes seront descendues par les d\u00e9m\u00e9nageurs. Pas de manutention dans les \u00e9tages.","og_url":"https:\/\/wpe-encheres.com\/site\/produit\/plante-artificielle-de-divers-modeles-dans-leur-bac-en-plastique-blanc-rectangulaire-ou-rond-dimensions-comprises-entre-120-cm-et-170-cm-de-hauteur-toutes-les-plantes-seront-descendues-par-les-deme-48\/","og_site_name":"wpe-encheres","article_modified_time":"2025-11-04T08:40:10+00:00","og_image":[{"width":902,"height":1934,"url":"https:\/\/wpe-encheres.com\/site\/wp-content\/uploads\/2025\/10\/68de9c70c62a2.jpg","type":"image\/jpeg"}],"twitter_card":"summary_large_image","schema":{"@context":"https:\/\/schema.org","@graph":[{"@type":"WebPage","@id":"https:\/\/wpe-encheres.com\/site\/produit\/plante-artificielle-de-divers-modeles-dans-leur-bac-en-plastique-blanc-rectangulaire-ou-rond-dimensions-comprises-entre-120-cm-et-170-cm-de-hauteur-toutes-les-plantes-seront-descendues-par-les-deme-48\/","url":"https:\/\/wpe-encheres.com\/site\/produit\/plante-artificielle-de-divers-modeles-dans-leur-bac-en-plastique-blanc-rectangulaire-ou-rond-dimensions-comprises-entre-120-cm-et-170-cm-de-hauteur-toutes-les-plantes-seront-descendues-par-les-deme-48\/","name":"Plante artificielle de divers mod\u00e8les dans leur bac en plastique blanc rectangulaire ou rond. Dimensions comprises entre 120 cm et 170 cm de hauteur. Toutes les plantes seront descendues par les d\u00e9m\u00e9nageurs. Pas de manutention dans les \u00e9tages. - wpe-encheres","isPartOf":{"@id":"https:\/\/wpe-encheres.com\/site\/#website"},"primaryImageOfPage":{"@id":"https:\/\/wpe-encheres.com\/site\/produit\/plante-artificielle-de-divers-modeles-dans-leur-bac-en-plastique-blanc-rectangulaire-ou-rond-dimensions-comprises-entre-120-cm-et-170-cm-de-hauteur-toutes-les-plantes-seront-descendues-par-les-deme-48\/#primaryimage"},"image":{"@id":"https:\/\/wpe-encheres.com\/site\/produit\/plante-artificielle-de-divers-modeles-dans-leur-bac-en-plastique-blanc-rectangulaire-ou-rond-dimensions-comprises-entre-120-cm-et-170-cm-de-hauteur-toutes-les-plantes-seront-descendues-par-les-deme-48\/#primaryimage"},"thumbnailUrl":"https:\/\/wpe-encheres.com\/site\/wp-content\/uploads\/2025\/10\/68de9c70c62a2.jpg","datePublished":"2025-10-03T17:33:21+00:00","dateModified":"2025-11-04T08:40:10+00:00","breadcrumb":{"@id":"https:\/\/wpe-encheres.com\/site\/produit\/plante-artificielle-de-divers-modeles-dans-leur-bac-en-plastique-blanc-rectangulaire-ou-rond-dimensions-comprises-entre-120-cm-et-170-cm-de-hauteur-toutes-les-plantes-seront-descendues-par-les-deme-48\/#breadcrumb"},"inLanguage":"fr-FR","potentialAction":[{"@type":"ReadAction","target":["https:\/\/wpe-encheres.com\/site\/produit\/plante-artificielle-de-divers-modeles-dans-leur-bac-en-plastique-blanc-rectangulaire-ou-rond-dimensions-comprises-entre-120-cm-et-170-cm-de-hauteur-toutes-les-plantes-seront-descendues-par-les-deme-48\/"]}]},{"@type":"ImageObject","inLanguage":"fr-FR","@id":"https:\/\/wpe-encheres.com\/site\/produit\/plante-artificielle-de-divers-modeles-dans-leur-bac-en-plastique-blanc-rectangulaire-ou-rond-dimensions-comprises-entre-120-cm-et-170-cm-de-hauteur-toutes-les-plantes-seront-descendues-par-les-deme-48\/#primaryimage","url":"https:\/\/wpe-encheres.com\/site\/wp-content\/uploads\/2025\/10\/68de9c70c62a2.jpg","contentUrl":"https:\/\/wpe-encheres.com\/site\/wp-content\/uploads\/2025\/10\/68de9c70c62a2.jpg","width":902,"height":1934},{"@type":"BreadcrumbList","@id":"https:\/\/wpe-encheres.com\/site\/produit\/plante-artificielle-de-divers-modeles-dans-leur-bac-en-plastique-blanc-rectangulaire-ou-rond-dimensions-comprises-entre-120-cm-et-170-cm-de-hauteur-toutes-les-plantes-seront-descendues-par-les-deme-48\/#breadcrumb","itemListElement":[{"@type":"ListItem","position":1,"name":"Accueil","item":"https:\/\/wpe-encheres.com\/site\/"},{"@type":"ListItem","position":2,"name":"Boutique","item":"https:\/\/wpe-encheres.com\/site\/?page_id=22765"},{"@type":"ListItem","position":3,"name":"Plante artificielle de divers mod\u00e8les dans leur bac en plastique blanc rectangulaire ou rond. Dimensions comprises entre 120 cm et 170 cm de hauteur. Toutes les plantes seront descendues par les d\u00e9m\u00e9nageurs. Pas de manutention dans les \u00e9tages."}]},{"@type":"WebSite","@id":"https:\/\/wpe-encheres.com\/site\/#website","url":"https:\/\/wpe-encheres.com\/site\/","name":"wpe-encheres","description":"","publisher":{"@id":"https:\/\/wpe-encheres.com\/site\/#organization"},"potentialAction":[{"@type":"SearchAction","target":{"@type":"EntryPoint","urlTemplate":"https:\/\/wpe-encheres.com\/site\/?s={search_term_string}"},"query-input":{"@type":"PropertyValueSpecification","valueRequired":true,"valueName":"search_term_string"}}],"inLanguage":"fr-FR"},{"@type":"Organization","@id":"https:\/\/wpe-encheres.com\/site\/#organization","name":"wpe encheres","url":"https:\/\/wpe-encheres.com\/site\/","logo":{"@type":"ImageObject","inLanguage":"fr-FR","@id":"https:\/\/wpe-encheres.com\/site\/#\/schema\/logo\/image\/","url":"https:\/\/wpe-encheres.com\/site\/wp-content\/uploads\/2025\/08\/wpe-encheres-logo.png","contentUrl":"https:\/\/wpe-encheres.com\/site\/wp-content\/uploads\/2025\/08\/wpe-encheres-logo.png","width":300,"height":110,"caption":"wpe encheres"},"image":{"@id":"https:\/\/wpe-encheres.com\/site\/#\/schema\/logo\/image\/"}}]}},"_links":{"self":[{"href":"https:\/\/wpe-encheres.com\/site\/wp-json\/wp\/v2\/product\/31490","targetHints":{"allow":["GET"]}}],"collection":[{"href":"https:\/\/wpe-encheres.com\/site\/wp-json\/wp\/v2\/product"}],"about":[{"href":"https:\/\/wpe-encheres.com\/site\/wp-json\/wp\/v2\/types\/product"}],"wp:featuredmedia":[{"embeddable":true,"href":"https:\/\/wpe-encheres.com\/site\/wp-json\/wp\/v2\/media\/31491"}],"wp:attachment":[{"href":"https:\/\/wpe-encheres.com\/site\/wp-json\/wp\/v2\/media?parent=31490"}],"wp:term":[{"taxonomy":"product_brand","embeddable":true,"href":"https:\/\/wpe-encheres.com\/site\/wp-json\/wp\/v2\/product_brand?post=31490"},{"taxonomy":"product_cat","embeddable":true,"href":"https:\/\/wpe-encheres.com\/site\/wp-json\/wp\/v2\/product_cat?post=31490"},{"taxonomy":"product_tag","embeddable":true,"href":"https:\/\/wpe-encheres.com\/site\/wp-json\/wp\/v2\/product_tag?post=31490"}],"curies":[{"name":"wp","href":"https:\/\/api.w.org\/{rel}","templated":true}]}}