{"id":31168,"date":"2025-10-07T18:30:19","date_gmt":"2025-10-07T16:30:19","guid":{"rendered":"https:\/\/wpe-encheres.com\/site\/produit\/table-basse-rectangulaire-design-jasper-morrison-edition-vitra-plateau-rectangulaire-en-bois-stratifie-blanc-sur-pietement-en-acier-blanc-petit-eclat-sur-le-plateau-36-x-120-x-40-cm2eme\/"},"modified":"2025-10-20T07:52:04","modified_gmt":"2025-10-20T05:52:04","slug":"table-basse-design-jasper-morrison-modele-plate-table-edition-vitra-plateau-rectangulaire-a-bords-arrondis-en-bois-stratifie-blanc-sur-pietement-en-acier-laque-blanc-petit-eclat-sur-le-plateau-36","status":"publish","type":"product","link":"https:\/\/wpe-encheres.com\/site\/produit\/table-basse-design-jasper-morrison-modele-plate-table-edition-vitra-plateau-rectangulaire-a-bords-arrondis-en-bois-stratifie-blanc-sur-pietement-en-acier-laque-blanc-petit-eclat-sur-le-plateau-36\/","title":{"rendered":"Table basse design Jasper Morrison mod\u00e8le Plate Table \u00e9dition Vitra, plateau rectangulaire \u00e0 bords arrondis en bois stratifi\u00e9 blanc sur pi\u00e9tement en acier laqu\u00e9 blanc (petit \u00e9clat sur le plateau). 36 x 120 x 40 cm. Localisation: 26 rue Cambaceres &#8211; 75008 Paris. (2eme \u00e9tage)"},"content":{"rendered":"<p>Table basse design Jasper Morrison mod\u00e8le Plate Table \u00e9dition Vitra, plateau rectangulaire \u00e0 bords arrondis en bois stratifi\u00e9 blanc sur pi\u00e9tement en acier laqu\u00e9 blanc (petit \u00e9clat sur le plateau). 36 x 120 x 40 cm. Localisation: 26 rue Cambaceres &#8211; 75008 Paris. (2eme \u00e9tage)<\/p>\n","protected":false},"excerpt":{"rendered":"<p>Table basse design Jasper Morrison mod\u00e8le Plate Table \u00e9dition Vitra, plateau rectangulaire \u00e0 bords arrondis en bois stratifi\u00e9 blanc sur pi\u00e9tement en acier laqu\u00e9 blanc (petit \u00e9clat sur le plateau). 36 x 120 x 40 cm. Localisation: 26 rue Cambaceres &#8211; 75008 Paris. (2eme \u00e9tage)<\/p>\n","protected":false},"featured_media":31169,"template":"","meta":{"_acf_changed":false},"product_brand":[],"product_cat":[22],"product_tag":[46],"class_list":{"0":"post-31168","1":"product","2":"type-product","3":"status-publish","4":"has-post-thumbnail","6":"product_cat-mobilier-design-haut-de-gamme","7":"product_tag-vente-du-08-octobre-2025","9":"first","10":"outofstock","11":"product-type-simple"},"acf":[],"yoast_head":"<!-- This site is optimized with the Yoast SEO plugin v27.3 - https:\/\/yoast.com\/product\/yoast-seo-wordpress\/ -->\n<title>Table basse design Jasper Morrison mod\u00e8le Plate Table \u00e9dition Vitra, plateau rectangulaire \u00e0 bords arrondis en bois stratifi\u00e9 blanc sur pi\u00e9tement en acier laqu\u00e9 blanc (petit \u00e9clat sur le plateau). 36 x 120 x 40 cm. Localisation: 26 rue Cambaceres - 75008 Paris. (2eme \u00e9tage) - wpe-encheres<\/title>\n<meta name=\"robots\" content=\"index, follow, max-snippet:-1, max-image-preview:large, max-video-preview:-1\" \/>\n<link rel=\"canonical\" href=\"https:\/\/wpe-encheres.com\/site\/produit\/table-basse-design-jasper-morrison-modele-plate-table-edition-vitra-plateau-rectangulaire-a-bords-arrondis-en-bois-stratifie-blanc-sur-pietement-en-acier-laque-blanc-petit-eclat-sur-le-plateau-36\/\" \/>\n<meta property=\"og:locale\" content=\"fr_FR\" \/>\n<meta property=\"og:type\" content=\"article\" \/>\n<meta property=\"og:title\" content=\"Table basse design Jasper Morrison mod\u00e8le Plate Table \u00e9dition Vitra, plateau rectangulaire \u00e0 bords arrondis en bois stratifi\u00e9 blanc sur pi\u00e9tement en acier laqu\u00e9 blanc (petit \u00e9clat sur le plateau). 36 x 120 x 40 cm. Localisation: 26 rue Cambaceres - 75008 Paris. (2eme \u00e9tage) - wpe-encheres\" \/>\n<meta property=\"og:description\" content=\"Table basse design Jasper Morrison mod\u00e8le Plate Table \u00e9dition Vitra, plateau rectangulaire \u00e0 bords arrondis en bois stratifi\u00e9 blanc sur pi\u00e9tement en acier laqu\u00e9 blanc (petit \u00e9clat sur le plateau). 36 x 120 x 40 cm. Localisation: 26 rue Cambaceres - 75008 Paris. (2eme \u00e9tage)\" \/>\n<meta property=\"og:url\" content=\"https:\/\/wpe-encheres.com\/site\/produit\/table-basse-design-jasper-morrison-modele-plate-table-edition-vitra-plateau-rectangulaire-a-bords-arrondis-en-bois-stratifie-blanc-sur-pietement-en-acier-laque-blanc-petit-eclat-sur-le-plateau-36\/\" \/>\n<meta property=\"og:site_name\" content=\"wpe-encheres\" \/>\n<meta property=\"article:modified_time\" content=\"2025-10-20T05:52:04+00:00\" \/>\n<meta property=\"og:image\" content=\"https:\/\/wpe-encheres.com\/site\/wp-content\/uploads\/2025\/10\/68de9cb04606e.jpg\" \/>\n\t<meta property=\"og:image:width\" content=\"872\" \/>\n\t<meta property=\"og:image:height\" content=\"373\" \/>\n\t<meta property=\"og:image:type\" content=\"image\/jpeg\" \/>\n<meta name=\"twitter:card\" content=\"summary_large_image\" \/>\n<script type=\"application\/ld+json\" class=\"yoast-schema-graph\">{\"@context\":\"https:\\\/\\\/schema.org\",\"@graph\":[{\"@type\":\"WebPage\",\"@id\":\"https:\\\/\\\/wpe-encheres.com\\\/site\\\/produit\\\/table-basse-design-jasper-morrison-modele-plate-table-edition-vitra-plateau-rectangulaire-a-bords-arrondis-en-bois-stratifie-blanc-sur-pietement-en-acier-laque-blanc-petit-eclat-sur-le-plateau-36\\\/\",\"url\":\"https:\\\/\\\/wpe-encheres.com\\\/site\\\/produit\\\/table-basse-design-jasper-morrison-modele-plate-table-edition-vitra-plateau-rectangulaire-a-bords-arrondis-en-bois-stratifie-blanc-sur-pietement-en-acier-laque-blanc-petit-eclat-sur-le-plateau-36\\\/\",\"name\":\"Table basse design Jasper Morrison mod\u00e8le Plate Table \u00e9dition Vitra, plateau rectangulaire \u00e0 bords arrondis en bois stratifi\u00e9 blanc sur pi\u00e9tement en acier laqu\u00e9 blanc (petit \u00e9clat sur le plateau). 36 x 120 x 40 cm. Localisation: 26 rue Cambaceres - 75008 Paris. (2eme \u00e9tage) - wpe-encheres\",\"isPartOf\":{\"@id\":\"https:\\\/\\\/wpe-encheres.com\\\/site\\\/#website\"},\"primaryImageOfPage\":{\"@id\":\"https:\\\/\\\/wpe-encheres.com\\\/site\\\/produit\\\/table-basse-design-jasper-morrison-modele-plate-table-edition-vitra-plateau-rectangulaire-a-bords-arrondis-en-bois-stratifie-blanc-sur-pietement-en-acier-laque-blanc-petit-eclat-sur-le-plateau-36\\\/#primaryimage\"},\"image\":{\"@id\":\"https:\\\/\\\/wpe-encheres.com\\\/site\\\/produit\\\/table-basse-design-jasper-morrison-modele-plate-table-edition-vitra-plateau-rectangulaire-a-bords-arrondis-en-bois-stratifie-blanc-sur-pietement-en-acier-laque-blanc-petit-eclat-sur-le-plateau-36\\\/#primaryimage\"},\"thumbnailUrl\":\"https:\\\/\\\/wpe-encheres.com\\\/site\\\/wp-content\\\/uploads\\\/2025\\\/10\\\/68de9cb04606e.jpg\",\"datePublished\":\"2025-10-07T16:30:19+00:00\",\"dateModified\":\"2025-10-20T05:52:04+00:00\",\"breadcrumb\":{\"@id\":\"https:\\\/\\\/wpe-encheres.com\\\/site\\\/produit\\\/table-basse-design-jasper-morrison-modele-plate-table-edition-vitra-plateau-rectangulaire-a-bords-arrondis-en-bois-stratifie-blanc-sur-pietement-en-acier-laque-blanc-petit-eclat-sur-le-plateau-36\\\/#breadcrumb\"},\"inLanguage\":\"fr-FR\",\"potentialAction\":[{\"@type\":\"ReadAction\",\"target\":[\"https:\\\/\\\/wpe-encheres.com\\\/site\\\/produit\\\/table-basse-design-jasper-morrison-modele-plate-table-edition-vitra-plateau-rectangulaire-a-bords-arrondis-en-bois-stratifie-blanc-sur-pietement-en-acier-laque-blanc-petit-eclat-sur-le-plateau-36\\\/\"]}]},{\"@type\":\"ImageObject\",\"inLanguage\":\"fr-FR\",\"@id\":\"https:\\\/\\\/wpe-encheres.com\\\/site\\\/produit\\\/table-basse-design-jasper-morrison-modele-plate-table-edition-vitra-plateau-rectangulaire-a-bords-arrondis-en-bois-stratifie-blanc-sur-pietement-en-acier-laque-blanc-petit-eclat-sur-le-plateau-36\\\/#primaryimage\",\"url\":\"https:\\\/\\\/wpe-encheres.com\\\/site\\\/wp-content\\\/uploads\\\/2025\\\/10\\\/68de9cb04606e.jpg\",\"contentUrl\":\"https:\\\/\\\/wpe-encheres.com\\\/site\\\/wp-content\\\/uploads\\\/2025\\\/10\\\/68de9cb04606e.jpg\",\"width\":872,\"height\":373},{\"@type\":\"BreadcrumbList\",\"@id\":\"https:\\\/\\\/wpe-encheres.com\\\/site\\\/produit\\\/table-basse-design-jasper-morrison-modele-plate-table-edition-vitra-plateau-rectangulaire-a-bords-arrondis-en-bois-stratifie-blanc-sur-pietement-en-acier-laque-blanc-petit-eclat-sur-le-plateau-36\\\/#breadcrumb\",\"itemListElement\":[{\"@type\":\"ListItem\",\"position\":1,\"name\":\"Accueil\",\"item\":\"https:\\\/\\\/wpe-encheres.com\\\/site\\\/\"},{\"@type\":\"ListItem\",\"position\":2,\"name\":\"Boutique\",\"item\":\"https:\\\/\\\/wpe-encheres.com\\\/site\\\/?page_id=22765\"},{\"@type\":\"ListItem\",\"position\":3,\"name\":\"Table basse design Jasper Morrison mod\u00e8le Plate Table \u00e9dition Vitra, plateau rectangulaire \u00e0 bords arrondis en bois stratifi\u00e9 blanc sur pi\u00e9tement en acier laqu\u00e9 blanc (petit \u00e9clat sur le plateau). 36 x 120 x 40 cm. Localisation: 26 rue Cambaceres &#8211; 75008 Paris. (2eme \u00e9tage)\"}]},{\"@type\":\"WebSite\",\"@id\":\"https:\\\/\\\/wpe-encheres.com\\\/site\\\/#website\",\"url\":\"https:\\\/\\\/wpe-encheres.com\\\/site\\\/\",\"name\":\"wpe-encheres\",\"description\":\"\",\"publisher\":{\"@id\":\"https:\\\/\\\/wpe-encheres.com\\\/site\\\/#organization\"},\"potentialAction\":[{\"@type\":\"SearchAction\",\"target\":{\"@type\":\"EntryPoint\",\"urlTemplate\":\"https:\\\/\\\/wpe-encheres.com\\\/site\\\/?s={search_term_string}\"},\"query-input\":{\"@type\":\"PropertyValueSpecification\",\"valueRequired\":true,\"valueName\":\"search_term_string\"}}],\"inLanguage\":\"fr-FR\"},{\"@type\":\"Organization\",\"@id\":\"https:\\\/\\\/wpe-encheres.com\\\/site\\\/#organization\",\"name\":\"wpe encheres\",\"url\":\"https:\\\/\\\/wpe-encheres.com\\\/site\\\/\",\"logo\":{\"@type\":\"ImageObject\",\"inLanguage\":\"fr-FR\",\"@id\":\"https:\\\/\\\/wpe-encheres.com\\\/site\\\/#\\\/schema\\\/logo\\\/image\\\/\",\"url\":\"https:\\\/\\\/wpe-encheres.com\\\/site\\\/wp-content\\\/uploads\\\/2025\\\/08\\\/wpe-encheres-logo.png\",\"contentUrl\":\"https:\\\/\\\/wpe-encheres.com\\\/site\\\/wp-content\\\/uploads\\\/2025\\\/08\\\/wpe-encheres-logo.png\",\"width\":300,\"height\":110,\"caption\":\"wpe encheres\"},\"image\":{\"@id\":\"https:\\\/\\\/wpe-encheres.com\\\/site\\\/#\\\/schema\\\/logo\\\/image\\\/\"}}]}<\/script>\n<!-- \/ Yoast SEO plugin. -->","yoast_head_json":{"title":"Table basse design Jasper Morrison mod\u00e8le Plate Table \u00e9dition Vitra, plateau rectangulaire \u00e0 bords arrondis en bois stratifi\u00e9 blanc sur pi\u00e9tement en acier laqu\u00e9 blanc (petit \u00e9clat sur le plateau). 36 x 120 x 40 cm. Localisation: 26 rue Cambaceres - 75008 Paris. (2eme \u00e9tage) - wpe-encheres","robots":{"index":"index","follow":"follow","max-snippet":"max-snippet:-1","max-image-preview":"max-image-preview:large","max-video-preview":"max-video-preview:-1"},"canonical":"https:\/\/wpe-encheres.com\/site\/produit\/table-basse-design-jasper-morrison-modele-plate-table-edition-vitra-plateau-rectangulaire-a-bords-arrondis-en-bois-stratifie-blanc-sur-pietement-en-acier-laque-blanc-petit-eclat-sur-le-plateau-36\/","og_locale":"fr_FR","og_type":"article","og_title":"Table basse design Jasper Morrison mod\u00e8le Plate Table \u00e9dition Vitra, plateau rectangulaire \u00e0 bords arrondis en bois stratifi\u00e9 blanc sur pi\u00e9tement en acier laqu\u00e9 blanc (petit \u00e9clat sur le plateau). 36 x 120 x 40 cm. Localisation: 26 rue Cambaceres - 75008 Paris. (2eme \u00e9tage) - wpe-encheres","og_description":"Table basse design Jasper Morrison mod\u00e8le Plate Table \u00e9dition Vitra, plateau rectangulaire \u00e0 bords arrondis en bois stratifi\u00e9 blanc sur pi\u00e9tement en acier laqu\u00e9 blanc (petit \u00e9clat sur le plateau). 36 x 120 x 40 cm. Localisation: 26 rue Cambaceres - 75008 Paris. (2eme \u00e9tage)","og_url":"https:\/\/wpe-encheres.com\/site\/produit\/table-basse-design-jasper-morrison-modele-plate-table-edition-vitra-plateau-rectangulaire-a-bords-arrondis-en-bois-stratifie-blanc-sur-pietement-en-acier-laque-blanc-petit-eclat-sur-le-plateau-36\/","og_site_name":"wpe-encheres","article_modified_time":"2025-10-20T05:52:04+00:00","og_image":[{"width":872,"height":373,"url":"https:\/\/wpe-encheres.com\/site\/wp-content\/uploads\/2025\/10\/68de9cb04606e.jpg","type":"image\/jpeg"}],"twitter_card":"summary_large_image","schema":{"@context":"https:\/\/schema.org","@graph":[{"@type":"WebPage","@id":"https:\/\/wpe-encheres.com\/site\/produit\/table-basse-design-jasper-morrison-modele-plate-table-edition-vitra-plateau-rectangulaire-a-bords-arrondis-en-bois-stratifie-blanc-sur-pietement-en-acier-laque-blanc-petit-eclat-sur-le-plateau-36\/","url":"https:\/\/wpe-encheres.com\/site\/produit\/table-basse-design-jasper-morrison-modele-plate-table-edition-vitra-plateau-rectangulaire-a-bords-arrondis-en-bois-stratifie-blanc-sur-pietement-en-acier-laque-blanc-petit-eclat-sur-le-plateau-36\/","name":"Table basse design Jasper Morrison mod\u00e8le Plate Table \u00e9dition Vitra, plateau rectangulaire \u00e0 bords arrondis en bois stratifi\u00e9 blanc sur pi\u00e9tement en acier laqu\u00e9 blanc (petit \u00e9clat sur le plateau). 36 x 120 x 40 cm. Localisation: 26 rue Cambaceres - 75008 Paris. (2eme \u00e9tage) - wpe-encheres","isPartOf":{"@id":"https:\/\/wpe-encheres.com\/site\/#website"},"primaryImageOfPage":{"@id":"https:\/\/wpe-encheres.com\/site\/produit\/table-basse-design-jasper-morrison-modele-plate-table-edition-vitra-plateau-rectangulaire-a-bords-arrondis-en-bois-stratifie-blanc-sur-pietement-en-acier-laque-blanc-petit-eclat-sur-le-plateau-36\/#primaryimage"},"image":{"@id":"https:\/\/wpe-encheres.com\/site\/produit\/table-basse-design-jasper-morrison-modele-plate-table-edition-vitra-plateau-rectangulaire-a-bords-arrondis-en-bois-stratifie-blanc-sur-pietement-en-acier-laque-blanc-petit-eclat-sur-le-plateau-36\/#primaryimage"},"thumbnailUrl":"https:\/\/wpe-encheres.com\/site\/wp-content\/uploads\/2025\/10\/68de9cb04606e.jpg","datePublished":"2025-10-07T16:30:19+00:00","dateModified":"2025-10-20T05:52:04+00:00","breadcrumb":{"@id":"https:\/\/wpe-encheres.com\/site\/produit\/table-basse-design-jasper-morrison-modele-plate-table-edition-vitra-plateau-rectangulaire-a-bords-arrondis-en-bois-stratifie-blanc-sur-pietement-en-acier-laque-blanc-petit-eclat-sur-le-plateau-36\/#breadcrumb"},"inLanguage":"fr-FR","potentialAction":[{"@type":"ReadAction","target":["https:\/\/wpe-encheres.com\/site\/produit\/table-basse-design-jasper-morrison-modele-plate-table-edition-vitra-plateau-rectangulaire-a-bords-arrondis-en-bois-stratifie-blanc-sur-pietement-en-acier-laque-blanc-petit-eclat-sur-le-plateau-36\/"]}]},{"@type":"ImageObject","inLanguage":"fr-FR","@id":"https:\/\/wpe-encheres.com\/site\/produit\/table-basse-design-jasper-morrison-modele-plate-table-edition-vitra-plateau-rectangulaire-a-bords-arrondis-en-bois-stratifie-blanc-sur-pietement-en-acier-laque-blanc-petit-eclat-sur-le-plateau-36\/#primaryimage","url":"https:\/\/wpe-encheres.com\/site\/wp-content\/uploads\/2025\/10\/68de9cb04606e.jpg","contentUrl":"https:\/\/wpe-encheres.com\/site\/wp-content\/uploads\/2025\/10\/68de9cb04606e.jpg","width":872,"height":373},{"@type":"BreadcrumbList","@id":"https:\/\/wpe-encheres.com\/site\/produit\/table-basse-design-jasper-morrison-modele-plate-table-edition-vitra-plateau-rectangulaire-a-bords-arrondis-en-bois-stratifie-blanc-sur-pietement-en-acier-laque-blanc-petit-eclat-sur-le-plateau-36\/#breadcrumb","itemListElement":[{"@type":"ListItem","position":1,"name":"Accueil","item":"https:\/\/wpe-encheres.com\/site\/"},{"@type":"ListItem","position":2,"name":"Boutique","item":"https:\/\/wpe-encheres.com\/site\/?page_id=22765"},{"@type":"ListItem","position":3,"name":"Table basse design Jasper Morrison mod\u00e8le Plate Table \u00e9dition Vitra, plateau rectangulaire \u00e0 bords arrondis en bois stratifi\u00e9 blanc sur pi\u00e9tement en acier laqu\u00e9 blanc (petit \u00e9clat sur le plateau). 36 x 120 x 40 cm. Localisation: 26 rue Cambaceres &#8211; 75008 Paris. (2eme \u00e9tage)"}]},{"@type":"WebSite","@id":"https:\/\/wpe-encheres.com\/site\/#website","url":"https:\/\/wpe-encheres.com\/site\/","name":"wpe-encheres","description":"","publisher":{"@id":"https:\/\/wpe-encheres.com\/site\/#organization"},"potentialAction":[{"@type":"SearchAction","target":{"@type":"EntryPoint","urlTemplate":"https:\/\/wpe-encheres.com\/site\/?s={search_term_string}"},"query-input":{"@type":"PropertyValueSpecification","valueRequired":true,"valueName":"search_term_string"}}],"inLanguage":"fr-FR"},{"@type":"Organization","@id":"https:\/\/wpe-encheres.com\/site\/#organization","name":"wpe encheres","url":"https:\/\/wpe-encheres.com\/site\/","logo":{"@type":"ImageObject","inLanguage":"fr-FR","@id":"https:\/\/wpe-encheres.com\/site\/#\/schema\/logo\/image\/","url":"https:\/\/wpe-encheres.com\/site\/wp-content\/uploads\/2025\/08\/wpe-encheres-logo.png","contentUrl":"https:\/\/wpe-encheres.com\/site\/wp-content\/uploads\/2025\/08\/wpe-encheres-logo.png","width":300,"height":110,"caption":"wpe encheres"},"image":{"@id":"https:\/\/wpe-encheres.com\/site\/#\/schema\/logo\/image\/"}}]}},"_links":{"self":[{"href":"https:\/\/wpe-encheres.com\/site\/wp-json\/wp\/v2\/product\/31168","targetHints":{"allow":["GET"]}}],"collection":[{"href":"https:\/\/wpe-encheres.com\/site\/wp-json\/wp\/v2\/product"}],"about":[{"href":"https:\/\/wpe-encheres.com\/site\/wp-json\/wp\/v2\/types\/product"}],"wp:featuredmedia":[{"embeddable":true,"href":"https:\/\/wpe-encheres.com\/site\/wp-json\/wp\/v2\/media\/31169"}],"wp:attachment":[{"href":"https:\/\/wpe-encheres.com\/site\/wp-json\/wp\/v2\/media?parent=31168"}],"wp:term":[{"taxonomy":"product_brand","embeddable":true,"href":"https:\/\/wpe-encheres.com\/site\/wp-json\/wp\/v2\/product_brand?post=31168"},{"taxonomy":"product_cat","embeddable":true,"href":"https:\/\/wpe-encheres.com\/site\/wp-json\/wp\/v2\/product_cat?post=31168"},{"taxonomy":"product_tag","embeddable":true,"href":"https:\/\/wpe-encheres.com\/site\/wp-json\/wp\/v2\/product_tag?post=31168"}],"curies":[{"name":"wp","href":"https:\/\/api.w.org\/{rel}","templated":true}]}}