{"id":31031,"date":"2025-10-07T18:31:24","date_gmt":"2025-10-07T16:31:24","guid":{"rendered":"https:\/\/wpe-encheres.com\/site\/produit\/cafetiere-de-marque-jura-modele-ena-4-finition-piano-black-noir\/"},"modified":"2025-10-20T07:50:47","modified_gmt":"2025-10-20T05:50:47","slug":"machine-a-cafe-de-marque-jura-modele-ena-4-finition-piano-black-noir-localisation-10-rue-du-ballon-93160-noisy-le-grand","status":"publish","type":"product","link":"https:\/\/wpe-encheres.com\/site\/produit\/machine-a-cafe-de-marque-jura-modele-ena-4-finition-piano-black-noir-localisation-10-rue-du-ballon-93160-noisy-le-grand\/","title":{"rendered":"Machine \u00e0 caf\u00e9 de marque Jura mod\u00e8le Ena 4 finition piano black noir. Localisation: 10 rue du Ballon &#8211; 93160 Noisy-Le-Grand"},"content":{"rendered":"<p>Machine \u00e0 caf\u00e9 de marque Jura mod\u00e8le Ena 4 finition piano black noir. Localisation: 10 rue du Ballon &#8211; 93160 Noisy-Le-Grand<\/p>\n","protected":false},"excerpt":{"rendered":"<p>Machine \u00e0 caf\u00e9 de marque Jura mod\u00e8le Ena 4 finition piano black noir. Localisation: 10 rue du Ballon &#8211; 93160 Noisy-Le-Grand<\/p>\n","protected":false},"featured_media":31032,"template":"","meta":{"_acf_changed":false},"product_brand":[],"product_cat":[27],"product_tag":[46],"class_list":{"0":"post-31031","1":"product","2":"type-product","3":"status-publish","4":"has-post-thumbnail","6":"product_cat-electromenager","7":"product_tag-vente-du-08-octobre-2025","9":"first","10":"outofstock","11":"product-type-simple"},"acf":[],"yoast_head":"<!-- This site is optimized with the Yoast SEO plugin v27.3 - https:\/\/yoast.com\/product\/yoast-seo-wordpress\/ -->\n<title>Machine \u00e0 caf\u00e9 de marque Jura mod\u00e8le Ena 4 finition piano black noir. Localisation: 10 rue du Ballon - 93160 Noisy-Le-Grand - wpe-encheres<\/title>\n<meta name=\"robots\" content=\"index, follow, max-snippet:-1, max-image-preview:large, max-video-preview:-1\" \/>\n<link rel=\"canonical\" href=\"https:\/\/wpe-encheres.com\/site\/produit\/machine-a-cafe-de-marque-jura-modele-ena-4-finition-piano-black-noir-localisation-10-rue-du-ballon-93160-noisy-le-grand\/\" \/>\n<meta property=\"og:locale\" content=\"fr_FR\" \/>\n<meta property=\"og:type\" content=\"article\" \/>\n<meta property=\"og:title\" content=\"Machine \u00e0 caf\u00e9 de marque Jura mod\u00e8le Ena 4 finition piano black noir. Localisation: 10 rue du Ballon - 93160 Noisy-Le-Grand - wpe-encheres\" \/>\n<meta property=\"og:description\" content=\"Machine \u00e0 caf\u00e9 de marque Jura mod\u00e8le Ena 4 finition piano black noir. Localisation: 10 rue du Ballon - 93160 Noisy-Le-Grand\" \/>\n<meta property=\"og:url\" content=\"https:\/\/wpe-encheres.com\/site\/produit\/machine-a-cafe-de-marque-jura-modele-ena-4-finition-piano-black-noir-localisation-10-rue-du-ballon-93160-noisy-le-grand\/\" \/>\n<meta property=\"og:site_name\" content=\"wpe-encheres\" \/>\n<meta property=\"article:modified_time\" content=\"2025-10-20T05:50:47+00:00\" \/>\n<meta property=\"og:image\" content=\"https:\/\/wpe-encheres.com\/site\/wp-content\/uploads\/2025\/10\/68d7bd1455e07.jpg\" \/>\n\t<meta property=\"og:image:width\" content=\"768\" \/>\n\t<meta property=\"og:image:height\" content=\"1024\" \/>\n\t<meta property=\"og:image:type\" content=\"image\/jpeg\" \/>\n<meta name=\"twitter:card\" content=\"summary_large_image\" \/>\n<script type=\"application\/ld+json\" class=\"yoast-schema-graph\">{\"@context\":\"https:\\\/\\\/schema.org\",\"@graph\":[{\"@type\":\"WebPage\",\"@id\":\"https:\\\/\\\/wpe-encheres.com\\\/site\\\/produit\\\/machine-a-cafe-de-marque-jura-modele-ena-4-finition-piano-black-noir-localisation-10-rue-du-ballon-93160-noisy-le-grand\\\/\",\"url\":\"https:\\\/\\\/wpe-encheres.com\\\/site\\\/produit\\\/machine-a-cafe-de-marque-jura-modele-ena-4-finition-piano-black-noir-localisation-10-rue-du-ballon-93160-noisy-le-grand\\\/\",\"name\":\"Machine \u00e0 caf\u00e9 de marque Jura mod\u00e8le Ena 4 finition piano black noir. Localisation: 10 rue du Ballon - 93160 Noisy-Le-Grand - wpe-encheres\",\"isPartOf\":{\"@id\":\"https:\\\/\\\/wpe-encheres.com\\\/site\\\/#website\"},\"primaryImageOfPage\":{\"@id\":\"https:\\\/\\\/wpe-encheres.com\\\/site\\\/produit\\\/machine-a-cafe-de-marque-jura-modele-ena-4-finition-piano-black-noir-localisation-10-rue-du-ballon-93160-noisy-le-grand\\\/#primaryimage\"},\"image\":{\"@id\":\"https:\\\/\\\/wpe-encheres.com\\\/site\\\/produit\\\/machine-a-cafe-de-marque-jura-modele-ena-4-finition-piano-black-noir-localisation-10-rue-du-ballon-93160-noisy-le-grand\\\/#primaryimage\"},\"thumbnailUrl\":\"https:\\\/\\\/wpe-encheres.com\\\/site\\\/wp-content\\\/uploads\\\/2025\\\/10\\\/68d7bd1455e07.jpg\",\"datePublished\":\"2025-10-07T16:31:24+00:00\",\"dateModified\":\"2025-10-20T05:50:47+00:00\",\"breadcrumb\":{\"@id\":\"https:\\\/\\\/wpe-encheres.com\\\/site\\\/produit\\\/machine-a-cafe-de-marque-jura-modele-ena-4-finition-piano-black-noir-localisation-10-rue-du-ballon-93160-noisy-le-grand\\\/#breadcrumb\"},\"inLanguage\":\"fr-FR\",\"potentialAction\":[{\"@type\":\"ReadAction\",\"target\":[\"https:\\\/\\\/wpe-encheres.com\\\/site\\\/produit\\\/machine-a-cafe-de-marque-jura-modele-ena-4-finition-piano-black-noir-localisation-10-rue-du-ballon-93160-noisy-le-grand\\\/\"]}]},{\"@type\":\"ImageObject\",\"inLanguage\":\"fr-FR\",\"@id\":\"https:\\\/\\\/wpe-encheres.com\\\/site\\\/produit\\\/machine-a-cafe-de-marque-jura-modele-ena-4-finition-piano-black-noir-localisation-10-rue-du-ballon-93160-noisy-le-grand\\\/#primaryimage\",\"url\":\"https:\\\/\\\/wpe-encheres.com\\\/site\\\/wp-content\\\/uploads\\\/2025\\\/10\\\/68d7bd1455e07.jpg\",\"contentUrl\":\"https:\\\/\\\/wpe-encheres.com\\\/site\\\/wp-content\\\/uploads\\\/2025\\\/10\\\/68d7bd1455e07.jpg\",\"width\":768,\"height\":1024},{\"@type\":\"BreadcrumbList\",\"@id\":\"https:\\\/\\\/wpe-encheres.com\\\/site\\\/produit\\\/machine-a-cafe-de-marque-jura-modele-ena-4-finition-piano-black-noir-localisation-10-rue-du-ballon-93160-noisy-le-grand\\\/#breadcrumb\",\"itemListElement\":[{\"@type\":\"ListItem\",\"position\":1,\"name\":\"Accueil\",\"item\":\"https:\\\/\\\/wpe-encheres.com\\\/site\\\/\"},{\"@type\":\"ListItem\",\"position\":2,\"name\":\"Boutique\",\"item\":\"https:\\\/\\\/wpe-encheres.com\\\/site\\\/?page_id=22765\"},{\"@type\":\"ListItem\",\"position\":3,\"name\":\"Machine \u00e0 caf\u00e9 de marque Jura mod\u00e8le Ena 4 finition piano black noir. Localisation: 10 rue du Ballon &#8211; 93160 Noisy-Le-Grand\"}]},{\"@type\":\"WebSite\",\"@id\":\"https:\\\/\\\/wpe-encheres.com\\\/site\\\/#website\",\"url\":\"https:\\\/\\\/wpe-encheres.com\\\/site\\\/\",\"name\":\"wpe-encheres\",\"description\":\"\",\"publisher\":{\"@id\":\"https:\\\/\\\/wpe-encheres.com\\\/site\\\/#organization\"},\"potentialAction\":[{\"@type\":\"SearchAction\",\"target\":{\"@type\":\"EntryPoint\",\"urlTemplate\":\"https:\\\/\\\/wpe-encheres.com\\\/site\\\/?s={search_term_string}\"},\"query-input\":{\"@type\":\"PropertyValueSpecification\",\"valueRequired\":true,\"valueName\":\"search_term_string\"}}],\"inLanguage\":\"fr-FR\"},{\"@type\":\"Organization\",\"@id\":\"https:\\\/\\\/wpe-encheres.com\\\/site\\\/#organization\",\"name\":\"wpe encheres\",\"url\":\"https:\\\/\\\/wpe-encheres.com\\\/site\\\/\",\"logo\":{\"@type\":\"ImageObject\",\"inLanguage\":\"fr-FR\",\"@id\":\"https:\\\/\\\/wpe-encheres.com\\\/site\\\/#\\\/schema\\\/logo\\\/image\\\/\",\"url\":\"https:\\\/\\\/wpe-encheres.com\\\/site\\\/wp-content\\\/uploads\\\/2025\\\/08\\\/wpe-encheres-logo.png\",\"contentUrl\":\"https:\\\/\\\/wpe-encheres.com\\\/site\\\/wp-content\\\/uploads\\\/2025\\\/08\\\/wpe-encheres-logo.png\",\"width\":300,\"height\":110,\"caption\":\"wpe encheres\"},\"image\":{\"@id\":\"https:\\\/\\\/wpe-encheres.com\\\/site\\\/#\\\/schema\\\/logo\\\/image\\\/\"}}]}<\/script>\n<!-- \/ Yoast SEO plugin. -->","yoast_head_json":{"title":"Machine \u00e0 caf\u00e9 de marque Jura mod\u00e8le Ena 4 finition piano black noir. Localisation: 10 rue du Ballon - 93160 Noisy-Le-Grand - wpe-encheres","robots":{"index":"index","follow":"follow","max-snippet":"max-snippet:-1","max-image-preview":"max-image-preview:large","max-video-preview":"max-video-preview:-1"},"canonical":"https:\/\/wpe-encheres.com\/site\/produit\/machine-a-cafe-de-marque-jura-modele-ena-4-finition-piano-black-noir-localisation-10-rue-du-ballon-93160-noisy-le-grand\/","og_locale":"fr_FR","og_type":"article","og_title":"Machine \u00e0 caf\u00e9 de marque Jura mod\u00e8le Ena 4 finition piano black noir. Localisation: 10 rue du Ballon - 93160 Noisy-Le-Grand - wpe-encheres","og_description":"Machine \u00e0 caf\u00e9 de marque Jura mod\u00e8le Ena 4 finition piano black noir. Localisation: 10 rue du Ballon - 93160 Noisy-Le-Grand","og_url":"https:\/\/wpe-encheres.com\/site\/produit\/machine-a-cafe-de-marque-jura-modele-ena-4-finition-piano-black-noir-localisation-10-rue-du-ballon-93160-noisy-le-grand\/","og_site_name":"wpe-encheres","article_modified_time":"2025-10-20T05:50:47+00:00","og_image":[{"width":768,"height":1024,"url":"https:\/\/wpe-encheres.com\/site\/wp-content\/uploads\/2025\/10\/68d7bd1455e07.jpg","type":"image\/jpeg"}],"twitter_card":"summary_large_image","schema":{"@context":"https:\/\/schema.org","@graph":[{"@type":"WebPage","@id":"https:\/\/wpe-encheres.com\/site\/produit\/machine-a-cafe-de-marque-jura-modele-ena-4-finition-piano-black-noir-localisation-10-rue-du-ballon-93160-noisy-le-grand\/","url":"https:\/\/wpe-encheres.com\/site\/produit\/machine-a-cafe-de-marque-jura-modele-ena-4-finition-piano-black-noir-localisation-10-rue-du-ballon-93160-noisy-le-grand\/","name":"Machine \u00e0 caf\u00e9 de marque Jura mod\u00e8le Ena 4 finition piano black noir. Localisation: 10 rue du Ballon - 93160 Noisy-Le-Grand - wpe-encheres","isPartOf":{"@id":"https:\/\/wpe-encheres.com\/site\/#website"},"primaryImageOfPage":{"@id":"https:\/\/wpe-encheres.com\/site\/produit\/machine-a-cafe-de-marque-jura-modele-ena-4-finition-piano-black-noir-localisation-10-rue-du-ballon-93160-noisy-le-grand\/#primaryimage"},"image":{"@id":"https:\/\/wpe-encheres.com\/site\/produit\/machine-a-cafe-de-marque-jura-modele-ena-4-finition-piano-black-noir-localisation-10-rue-du-ballon-93160-noisy-le-grand\/#primaryimage"},"thumbnailUrl":"https:\/\/wpe-encheres.com\/site\/wp-content\/uploads\/2025\/10\/68d7bd1455e07.jpg","datePublished":"2025-10-07T16:31:24+00:00","dateModified":"2025-10-20T05:50:47+00:00","breadcrumb":{"@id":"https:\/\/wpe-encheres.com\/site\/produit\/machine-a-cafe-de-marque-jura-modele-ena-4-finition-piano-black-noir-localisation-10-rue-du-ballon-93160-noisy-le-grand\/#breadcrumb"},"inLanguage":"fr-FR","potentialAction":[{"@type":"ReadAction","target":["https:\/\/wpe-encheres.com\/site\/produit\/machine-a-cafe-de-marque-jura-modele-ena-4-finition-piano-black-noir-localisation-10-rue-du-ballon-93160-noisy-le-grand\/"]}]},{"@type":"ImageObject","inLanguage":"fr-FR","@id":"https:\/\/wpe-encheres.com\/site\/produit\/machine-a-cafe-de-marque-jura-modele-ena-4-finition-piano-black-noir-localisation-10-rue-du-ballon-93160-noisy-le-grand\/#primaryimage","url":"https:\/\/wpe-encheres.com\/site\/wp-content\/uploads\/2025\/10\/68d7bd1455e07.jpg","contentUrl":"https:\/\/wpe-encheres.com\/site\/wp-content\/uploads\/2025\/10\/68d7bd1455e07.jpg","width":768,"height":1024},{"@type":"BreadcrumbList","@id":"https:\/\/wpe-encheres.com\/site\/produit\/machine-a-cafe-de-marque-jura-modele-ena-4-finition-piano-black-noir-localisation-10-rue-du-ballon-93160-noisy-le-grand\/#breadcrumb","itemListElement":[{"@type":"ListItem","position":1,"name":"Accueil","item":"https:\/\/wpe-encheres.com\/site\/"},{"@type":"ListItem","position":2,"name":"Boutique","item":"https:\/\/wpe-encheres.com\/site\/?page_id=22765"},{"@type":"ListItem","position":3,"name":"Machine \u00e0 caf\u00e9 de marque Jura mod\u00e8le Ena 4 finition piano black noir. Localisation: 10 rue du Ballon &#8211; 93160 Noisy-Le-Grand"}]},{"@type":"WebSite","@id":"https:\/\/wpe-encheres.com\/site\/#website","url":"https:\/\/wpe-encheres.com\/site\/","name":"wpe-encheres","description":"","publisher":{"@id":"https:\/\/wpe-encheres.com\/site\/#organization"},"potentialAction":[{"@type":"SearchAction","target":{"@type":"EntryPoint","urlTemplate":"https:\/\/wpe-encheres.com\/site\/?s={search_term_string}"},"query-input":{"@type":"PropertyValueSpecification","valueRequired":true,"valueName":"search_term_string"}}],"inLanguage":"fr-FR"},{"@type":"Organization","@id":"https:\/\/wpe-encheres.com\/site\/#organization","name":"wpe encheres","url":"https:\/\/wpe-encheres.com\/site\/","logo":{"@type":"ImageObject","inLanguage":"fr-FR","@id":"https:\/\/wpe-encheres.com\/site\/#\/schema\/logo\/image\/","url":"https:\/\/wpe-encheres.com\/site\/wp-content\/uploads\/2025\/08\/wpe-encheres-logo.png","contentUrl":"https:\/\/wpe-encheres.com\/site\/wp-content\/uploads\/2025\/08\/wpe-encheres-logo.png","width":300,"height":110,"caption":"wpe encheres"},"image":{"@id":"https:\/\/wpe-encheres.com\/site\/#\/schema\/logo\/image\/"}}]}},"_links":{"self":[{"href":"https:\/\/wpe-encheres.com\/site\/wp-json\/wp\/v2\/product\/31031","targetHints":{"allow":["GET"]}}],"collection":[{"href":"https:\/\/wpe-encheres.com\/site\/wp-json\/wp\/v2\/product"}],"about":[{"href":"https:\/\/wpe-encheres.com\/site\/wp-json\/wp\/v2\/types\/product"}],"wp:featuredmedia":[{"embeddable":true,"href":"https:\/\/wpe-encheres.com\/site\/wp-json\/wp\/v2\/media\/31032"}],"wp:attachment":[{"href":"https:\/\/wpe-encheres.com\/site\/wp-json\/wp\/v2\/media?parent=31031"}],"wp:term":[{"taxonomy":"product_brand","embeddable":true,"href":"https:\/\/wpe-encheres.com\/site\/wp-json\/wp\/v2\/product_brand?post=31031"},{"taxonomy":"product_cat","embeddable":true,"href":"https:\/\/wpe-encheres.com\/site\/wp-json\/wp\/v2\/product_cat?post=31031"},{"taxonomy":"product_tag","embeddable":true,"href":"https:\/\/wpe-encheres.com\/site\/wp-json\/wp\/v2\/product_tag?post=31031"}],"curies":[{"name":"wp","href":"https:\/\/api.w.org\/{rel}","templated":true}]}}