{"id":31022,"date":"2025-10-07T18:31:24","date_gmt":"2025-10-07T16:31:24","guid":{"rendered":"https:\/\/wpe-encheres.com\/site\/produit\/lot-dassiettes-en-porcelaine-blanche-dont-19-cm-670-unites-et-25-cm-350-unites-localisation-10-rue-du-ballon-93160-noisy-le-grand\/"},"modified":"2025-10-20T07:50:47","modified_gmt":"2025-10-20T05:50:47","slug":"fort-lot-de-vaisselle-pour-chr-comprenant-assiettes-plates-en-porcelaine-blanche-dont-19-cm-670-unites-et-25-cm-350-unites-assiettes-creuses-en-porcelaine-blanche-110-unites-bols-en-porcelain","status":"publish","type":"product","link":"https:\/\/wpe-encheres.com\/site\/produit\/fort-lot-de-vaisselle-pour-chr-comprenant-assiettes-plates-en-porcelaine-blanche-dont-19-cm-670-unites-et-25-cm-350-unites-assiettes-creuses-en-porcelaine-blanche-110-unites-bols-en-porcelain\/","title":{"rendered":"Fort lot de vaisselle pour CHR comprenant: assiettes plates en porcelaine blanche dont 19 cm (670 unit\u00e9s) et 25 cm (350 unit\u00e9s), assiettes creuses en porcelaine blanche (110 unit\u00e9s), bols en porcelaine blanche (86 unit\u00e9s) et supports \u00e0 Bretzel (50 unit\u00e9s).  Localisation: 10 rue du Ballon &#8211; 93160 Noisy-Le-Grand"},"content":{"rendered":"<p>Fort lot de vaisselle pour CHR comprenant: assiettes plates en porcelaine blanche dont 19 cm (670 unit\u00e9s) et 25 cm (350 unit\u00e9s), assiettes creuses en porcelaine blanche (110 unit\u00e9s), bols en porcelaine blanche (86 unit\u00e9s) et supports \u00e0 Bretzel (50 unit\u00e9s).  Localisation: 10 rue du Ballon &#8211; 93160 Noisy-Le-Grand<\/p>\n","protected":false},"excerpt":{"rendered":"<p>Fort lot de vaisselle pour CHR comprenant: assiettes plates en porcelaine blanche dont 19 cm (670 unit\u00e9s) et 25 cm (350 unit\u00e9s), assiettes creuses en porcelaine blanche (110 unit\u00e9s), bols en porcelaine blanche (86 unit\u00e9s) et supports \u00e0 Bretzel (50 unit\u00e9s).  Localisation: 10 rue du Ballon &#8211; 93160 Noisy-Le-Grand<\/p>\n","protected":false},"featured_media":30962,"template":"","meta":{"_acf_changed":false},"product_brand":[],"product_cat":[26],"product_tag":[46],"class_list":{"0":"post-31022","1":"product","2":"type-product","3":"status-publish","4":"has-post-thumbnail","6":"product_cat-materiel-de-cuisine-hotellerie-et-restauration-professionnelle","7":"product_tag-vente-du-08-octobre-2025","9":"first","10":"outofstock","11":"product-type-simple"},"acf":[],"yoast_head":"<!-- This site is optimized with the Yoast SEO plugin v27.3 - https:\/\/yoast.com\/product\/yoast-seo-wordpress\/ -->\n<title>Fort lot de vaisselle pour CHR comprenant: assiettes plates en porcelaine blanche dont 19 cm (670 unit\u00e9s) et 25 cm (350 unit\u00e9s), assiettes creuses en porcelaine blanche (110 unit\u00e9s), bols en porcelaine blanche (86 unit\u00e9s) et supports \u00e0 Bretzel (50 unit\u00e9s). Localisation: 10 rue du Ballon - 93160 Noisy-Le-Grand - wpe-encheres<\/title>\n<meta name=\"robots\" content=\"index, follow, max-snippet:-1, max-image-preview:large, max-video-preview:-1\" \/>\n<link rel=\"canonical\" href=\"https:\/\/wpe-encheres.com\/site\/produit\/fort-lot-de-vaisselle-pour-chr-comprenant-assiettes-plates-en-porcelaine-blanche-dont-19-cm-670-unites-et-25-cm-350-unites-assiettes-creuses-en-porcelaine-blanche-110-unites-bols-en-porcelain\/\" \/>\n<meta property=\"og:locale\" content=\"fr_FR\" \/>\n<meta property=\"og:type\" content=\"article\" \/>\n<meta property=\"og:title\" content=\"Fort lot de vaisselle pour CHR comprenant: assiettes plates en porcelaine blanche dont 19 cm (670 unit\u00e9s) et 25 cm (350 unit\u00e9s), assiettes creuses en porcelaine blanche (110 unit\u00e9s), bols en porcelaine blanche (86 unit\u00e9s) et supports \u00e0 Bretzel (50 unit\u00e9s). Localisation: 10 rue du Ballon - 93160 Noisy-Le-Grand - wpe-encheres\" \/>\n<meta property=\"og:description\" content=\"Fort lot de vaisselle pour CHR comprenant: assiettes plates en porcelaine blanche dont 19 cm (670 unit\u00e9s) et 25 cm (350 unit\u00e9s), assiettes creuses en porcelaine blanche (110 unit\u00e9s), bols en porcelaine blanche (86 unit\u00e9s) et supports \u00e0 Bretzel (50 unit\u00e9s). Localisation: 10 rue du Ballon - 93160 Noisy-Le-Grand\" \/>\n<meta property=\"og:url\" content=\"https:\/\/wpe-encheres.com\/site\/produit\/fort-lot-de-vaisselle-pour-chr-comprenant-assiettes-plates-en-porcelaine-blanche-dont-19-cm-670-unites-et-25-cm-350-unites-assiettes-creuses-en-porcelaine-blanche-110-unites-bols-en-porcelain\/\" \/>\n<meta property=\"og:site_name\" content=\"wpe-encheres\" \/>\n<meta property=\"article:modified_time\" content=\"2025-10-20T05:50:47+00:00\" \/>\n<meta property=\"og:image\" content=\"https:\/\/wpe-encheres.com\/site\/wp-content\/uploads\/2025\/09\/68d6656f85fb2.jpg\" \/>\n\t<meta property=\"og:image:width\" content=\"663\" \/>\n\t<meta property=\"og:image:height\" content=\"266\" \/>\n\t<meta property=\"og:image:type\" content=\"image\/jpeg\" \/>\n<meta name=\"twitter:card\" content=\"summary_large_image\" \/>\n<script type=\"application\/ld+json\" class=\"yoast-schema-graph\">{\"@context\":\"https:\\\/\\\/schema.org\",\"@graph\":[{\"@type\":\"WebPage\",\"@id\":\"https:\\\/\\\/wpe-encheres.com\\\/site\\\/produit\\\/fort-lot-de-vaisselle-pour-chr-comprenant-assiettes-plates-en-porcelaine-blanche-dont-19-cm-670-unites-et-25-cm-350-unites-assiettes-creuses-en-porcelaine-blanche-110-unites-bols-en-porcelain\\\/\",\"url\":\"https:\\\/\\\/wpe-encheres.com\\\/site\\\/produit\\\/fort-lot-de-vaisselle-pour-chr-comprenant-assiettes-plates-en-porcelaine-blanche-dont-19-cm-670-unites-et-25-cm-350-unites-assiettes-creuses-en-porcelaine-blanche-110-unites-bols-en-porcelain\\\/\",\"name\":\"Fort lot de vaisselle pour CHR comprenant: assiettes plates en porcelaine blanche dont 19 cm (670 unit\u00e9s) et 25 cm (350 unit\u00e9s), assiettes creuses en porcelaine blanche (110 unit\u00e9s), bols en porcelaine blanche (86 unit\u00e9s) et supports \u00e0 Bretzel (50 unit\u00e9s). Localisation: 10 rue du Ballon - 93160 Noisy-Le-Grand - wpe-encheres\",\"isPartOf\":{\"@id\":\"https:\\\/\\\/wpe-encheres.com\\\/site\\\/#website\"},\"primaryImageOfPage\":{\"@id\":\"https:\\\/\\\/wpe-encheres.com\\\/site\\\/produit\\\/fort-lot-de-vaisselle-pour-chr-comprenant-assiettes-plates-en-porcelaine-blanche-dont-19-cm-670-unites-et-25-cm-350-unites-assiettes-creuses-en-porcelaine-blanche-110-unites-bols-en-porcelain\\\/#primaryimage\"},\"image\":{\"@id\":\"https:\\\/\\\/wpe-encheres.com\\\/site\\\/produit\\\/fort-lot-de-vaisselle-pour-chr-comprenant-assiettes-plates-en-porcelaine-blanche-dont-19-cm-670-unites-et-25-cm-350-unites-assiettes-creuses-en-porcelaine-blanche-110-unites-bols-en-porcelain\\\/#primaryimage\"},\"thumbnailUrl\":\"https:\\\/\\\/wpe-encheres.com\\\/site\\\/wp-content\\\/uploads\\\/2025\\\/09\\\/68d6656f85fb2.jpg\",\"datePublished\":\"2025-10-07T16:31:24+00:00\",\"dateModified\":\"2025-10-20T05:50:47+00:00\",\"breadcrumb\":{\"@id\":\"https:\\\/\\\/wpe-encheres.com\\\/site\\\/produit\\\/fort-lot-de-vaisselle-pour-chr-comprenant-assiettes-plates-en-porcelaine-blanche-dont-19-cm-670-unites-et-25-cm-350-unites-assiettes-creuses-en-porcelaine-blanche-110-unites-bols-en-porcelain\\\/#breadcrumb\"},\"inLanguage\":\"fr-FR\",\"potentialAction\":[{\"@type\":\"ReadAction\",\"target\":[\"https:\\\/\\\/wpe-encheres.com\\\/site\\\/produit\\\/fort-lot-de-vaisselle-pour-chr-comprenant-assiettes-plates-en-porcelaine-blanche-dont-19-cm-670-unites-et-25-cm-350-unites-assiettes-creuses-en-porcelaine-blanche-110-unites-bols-en-porcelain\\\/\"]}]},{\"@type\":\"ImageObject\",\"inLanguage\":\"fr-FR\",\"@id\":\"https:\\\/\\\/wpe-encheres.com\\\/site\\\/produit\\\/fort-lot-de-vaisselle-pour-chr-comprenant-assiettes-plates-en-porcelaine-blanche-dont-19-cm-670-unites-et-25-cm-350-unites-assiettes-creuses-en-porcelaine-blanche-110-unites-bols-en-porcelain\\\/#primaryimage\",\"url\":\"https:\\\/\\\/wpe-encheres.com\\\/site\\\/wp-content\\\/uploads\\\/2025\\\/09\\\/68d6656f85fb2.jpg\",\"contentUrl\":\"https:\\\/\\\/wpe-encheres.com\\\/site\\\/wp-content\\\/uploads\\\/2025\\\/09\\\/68d6656f85fb2.jpg\",\"width\":663,\"height\":266},{\"@type\":\"BreadcrumbList\",\"@id\":\"https:\\\/\\\/wpe-encheres.com\\\/site\\\/produit\\\/fort-lot-de-vaisselle-pour-chr-comprenant-assiettes-plates-en-porcelaine-blanche-dont-19-cm-670-unites-et-25-cm-350-unites-assiettes-creuses-en-porcelaine-blanche-110-unites-bols-en-porcelain\\\/#breadcrumb\",\"itemListElement\":[{\"@type\":\"ListItem\",\"position\":1,\"name\":\"Accueil\",\"item\":\"https:\\\/\\\/wpe-encheres.com\\\/site\\\/\"},{\"@type\":\"ListItem\",\"position\":2,\"name\":\"Boutique\",\"item\":\"https:\\\/\\\/wpe-encheres.com\\\/site\\\/?page_id=22765\"},{\"@type\":\"ListItem\",\"position\":3,\"name\":\"Fort lot de vaisselle pour CHR comprenant: assiettes plates en porcelaine blanche dont 19 cm (670 unit\u00e9s) et 25 cm (350 unit\u00e9s), assiettes creuses en porcelaine blanche (110 unit\u00e9s), bols en porcelaine blanche (86 unit\u00e9s) et supports \u00e0 Bretzel (50 unit\u00e9s). Localisation: 10 rue du Ballon &#8211; 93160 Noisy-Le-Grand\"}]},{\"@type\":\"WebSite\",\"@id\":\"https:\\\/\\\/wpe-encheres.com\\\/site\\\/#website\",\"url\":\"https:\\\/\\\/wpe-encheres.com\\\/site\\\/\",\"name\":\"wpe-encheres\",\"description\":\"\",\"publisher\":{\"@id\":\"https:\\\/\\\/wpe-encheres.com\\\/site\\\/#organization\"},\"potentialAction\":[{\"@type\":\"SearchAction\",\"target\":{\"@type\":\"EntryPoint\",\"urlTemplate\":\"https:\\\/\\\/wpe-encheres.com\\\/site\\\/?s={search_term_string}\"},\"query-input\":{\"@type\":\"PropertyValueSpecification\",\"valueRequired\":true,\"valueName\":\"search_term_string\"}}],\"inLanguage\":\"fr-FR\"},{\"@type\":\"Organization\",\"@id\":\"https:\\\/\\\/wpe-encheres.com\\\/site\\\/#organization\",\"name\":\"wpe encheres\",\"url\":\"https:\\\/\\\/wpe-encheres.com\\\/site\\\/\",\"logo\":{\"@type\":\"ImageObject\",\"inLanguage\":\"fr-FR\",\"@id\":\"https:\\\/\\\/wpe-encheres.com\\\/site\\\/#\\\/schema\\\/logo\\\/image\\\/\",\"url\":\"https:\\\/\\\/wpe-encheres.com\\\/site\\\/wp-content\\\/uploads\\\/2025\\\/08\\\/wpe-encheres-logo.png\",\"contentUrl\":\"https:\\\/\\\/wpe-encheres.com\\\/site\\\/wp-content\\\/uploads\\\/2025\\\/08\\\/wpe-encheres-logo.png\",\"width\":300,\"height\":110,\"caption\":\"wpe encheres\"},\"image\":{\"@id\":\"https:\\\/\\\/wpe-encheres.com\\\/site\\\/#\\\/schema\\\/logo\\\/image\\\/\"}}]}<\/script>\n<!-- \/ Yoast SEO plugin. -->","yoast_head_json":{"title":"Fort lot de vaisselle pour CHR comprenant: assiettes plates en porcelaine blanche dont 19 cm (670 unit\u00e9s) et 25 cm (350 unit\u00e9s), assiettes creuses en porcelaine blanche (110 unit\u00e9s), bols en porcelaine blanche (86 unit\u00e9s) et supports \u00e0 Bretzel (50 unit\u00e9s). Localisation: 10 rue du Ballon - 93160 Noisy-Le-Grand - wpe-encheres","robots":{"index":"index","follow":"follow","max-snippet":"max-snippet:-1","max-image-preview":"max-image-preview:large","max-video-preview":"max-video-preview:-1"},"canonical":"https:\/\/wpe-encheres.com\/site\/produit\/fort-lot-de-vaisselle-pour-chr-comprenant-assiettes-plates-en-porcelaine-blanche-dont-19-cm-670-unites-et-25-cm-350-unites-assiettes-creuses-en-porcelaine-blanche-110-unites-bols-en-porcelain\/","og_locale":"fr_FR","og_type":"article","og_title":"Fort lot de vaisselle pour CHR comprenant: assiettes plates en porcelaine blanche dont 19 cm (670 unit\u00e9s) et 25 cm (350 unit\u00e9s), assiettes creuses en porcelaine blanche (110 unit\u00e9s), bols en porcelaine blanche (86 unit\u00e9s) et supports \u00e0 Bretzel (50 unit\u00e9s). Localisation: 10 rue du Ballon - 93160 Noisy-Le-Grand - wpe-encheres","og_description":"Fort lot de vaisselle pour CHR comprenant: assiettes plates en porcelaine blanche dont 19 cm (670 unit\u00e9s) et 25 cm (350 unit\u00e9s), assiettes creuses en porcelaine blanche (110 unit\u00e9s), bols en porcelaine blanche (86 unit\u00e9s) et supports \u00e0 Bretzel (50 unit\u00e9s). Localisation: 10 rue du Ballon - 93160 Noisy-Le-Grand","og_url":"https:\/\/wpe-encheres.com\/site\/produit\/fort-lot-de-vaisselle-pour-chr-comprenant-assiettes-plates-en-porcelaine-blanche-dont-19-cm-670-unites-et-25-cm-350-unites-assiettes-creuses-en-porcelaine-blanche-110-unites-bols-en-porcelain\/","og_site_name":"wpe-encheres","article_modified_time":"2025-10-20T05:50:47+00:00","og_image":[{"width":663,"height":266,"url":"https:\/\/wpe-encheres.com\/site\/wp-content\/uploads\/2025\/09\/68d6656f85fb2.jpg","type":"image\/jpeg"}],"twitter_card":"summary_large_image","schema":{"@context":"https:\/\/schema.org","@graph":[{"@type":"WebPage","@id":"https:\/\/wpe-encheres.com\/site\/produit\/fort-lot-de-vaisselle-pour-chr-comprenant-assiettes-plates-en-porcelaine-blanche-dont-19-cm-670-unites-et-25-cm-350-unites-assiettes-creuses-en-porcelaine-blanche-110-unites-bols-en-porcelain\/","url":"https:\/\/wpe-encheres.com\/site\/produit\/fort-lot-de-vaisselle-pour-chr-comprenant-assiettes-plates-en-porcelaine-blanche-dont-19-cm-670-unites-et-25-cm-350-unites-assiettes-creuses-en-porcelaine-blanche-110-unites-bols-en-porcelain\/","name":"Fort lot de vaisselle pour CHR comprenant: assiettes plates en porcelaine blanche dont 19 cm (670 unit\u00e9s) et 25 cm (350 unit\u00e9s), assiettes creuses en porcelaine blanche (110 unit\u00e9s), bols en porcelaine blanche (86 unit\u00e9s) et supports \u00e0 Bretzel (50 unit\u00e9s). Localisation: 10 rue du Ballon - 93160 Noisy-Le-Grand - wpe-encheres","isPartOf":{"@id":"https:\/\/wpe-encheres.com\/site\/#website"},"primaryImageOfPage":{"@id":"https:\/\/wpe-encheres.com\/site\/produit\/fort-lot-de-vaisselle-pour-chr-comprenant-assiettes-plates-en-porcelaine-blanche-dont-19-cm-670-unites-et-25-cm-350-unites-assiettes-creuses-en-porcelaine-blanche-110-unites-bols-en-porcelain\/#primaryimage"},"image":{"@id":"https:\/\/wpe-encheres.com\/site\/produit\/fort-lot-de-vaisselle-pour-chr-comprenant-assiettes-plates-en-porcelaine-blanche-dont-19-cm-670-unites-et-25-cm-350-unites-assiettes-creuses-en-porcelaine-blanche-110-unites-bols-en-porcelain\/#primaryimage"},"thumbnailUrl":"https:\/\/wpe-encheres.com\/site\/wp-content\/uploads\/2025\/09\/68d6656f85fb2.jpg","datePublished":"2025-10-07T16:31:24+00:00","dateModified":"2025-10-20T05:50:47+00:00","breadcrumb":{"@id":"https:\/\/wpe-encheres.com\/site\/produit\/fort-lot-de-vaisselle-pour-chr-comprenant-assiettes-plates-en-porcelaine-blanche-dont-19-cm-670-unites-et-25-cm-350-unites-assiettes-creuses-en-porcelaine-blanche-110-unites-bols-en-porcelain\/#breadcrumb"},"inLanguage":"fr-FR","potentialAction":[{"@type":"ReadAction","target":["https:\/\/wpe-encheres.com\/site\/produit\/fort-lot-de-vaisselle-pour-chr-comprenant-assiettes-plates-en-porcelaine-blanche-dont-19-cm-670-unites-et-25-cm-350-unites-assiettes-creuses-en-porcelaine-blanche-110-unites-bols-en-porcelain\/"]}]},{"@type":"ImageObject","inLanguage":"fr-FR","@id":"https:\/\/wpe-encheres.com\/site\/produit\/fort-lot-de-vaisselle-pour-chr-comprenant-assiettes-plates-en-porcelaine-blanche-dont-19-cm-670-unites-et-25-cm-350-unites-assiettes-creuses-en-porcelaine-blanche-110-unites-bols-en-porcelain\/#primaryimage","url":"https:\/\/wpe-encheres.com\/site\/wp-content\/uploads\/2025\/09\/68d6656f85fb2.jpg","contentUrl":"https:\/\/wpe-encheres.com\/site\/wp-content\/uploads\/2025\/09\/68d6656f85fb2.jpg","width":663,"height":266},{"@type":"BreadcrumbList","@id":"https:\/\/wpe-encheres.com\/site\/produit\/fort-lot-de-vaisselle-pour-chr-comprenant-assiettes-plates-en-porcelaine-blanche-dont-19-cm-670-unites-et-25-cm-350-unites-assiettes-creuses-en-porcelaine-blanche-110-unites-bols-en-porcelain\/#breadcrumb","itemListElement":[{"@type":"ListItem","position":1,"name":"Accueil","item":"https:\/\/wpe-encheres.com\/site\/"},{"@type":"ListItem","position":2,"name":"Boutique","item":"https:\/\/wpe-encheres.com\/site\/?page_id=22765"},{"@type":"ListItem","position":3,"name":"Fort lot de vaisselle pour CHR comprenant: assiettes plates en porcelaine blanche dont 19 cm (670 unit\u00e9s) et 25 cm (350 unit\u00e9s), assiettes creuses en porcelaine blanche (110 unit\u00e9s), bols en porcelaine blanche (86 unit\u00e9s) et supports \u00e0 Bretzel (50 unit\u00e9s). Localisation: 10 rue du Ballon &#8211; 93160 Noisy-Le-Grand"}]},{"@type":"WebSite","@id":"https:\/\/wpe-encheres.com\/site\/#website","url":"https:\/\/wpe-encheres.com\/site\/","name":"wpe-encheres","description":"","publisher":{"@id":"https:\/\/wpe-encheres.com\/site\/#organization"},"potentialAction":[{"@type":"SearchAction","target":{"@type":"EntryPoint","urlTemplate":"https:\/\/wpe-encheres.com\/site\/?s={search_term_string}"},"query-input":{"@type":"PropertyValueSpecification","valueRequired":true,"valueName":"search_term_string"}}],"inLanguage":"fr-FR"},{"@type":"Organization","@id":"https:\/\/wpe-encheres.com\/site\/#organization","name":"wpe encheres","url":"https:\/\/wpe-encheres.com\/site\/","logo":{"@type":"ImageObject","inLanguage":"fr-FR","@id":"https:\/\/wpe-encheres.com\/site\/#\/schema\/logo\/image\/","url":"https:\/\/wpe-encheres.com\/site\/wp-content\/uploads\/2025\/08\/wpe-encheres-logo.png","contentUrl":"https:\/\/wpe-encheres.com\/site\/wp-content\/uploads\/2025\/08\/wpe-encheres-logo.png","width":300,"height":110,"caption":"wpe encheres"},"image":{"@id":"https:\/\/wpe-encheres.com\/site\/#\/schema\/logo\/image\/"}}]}},"_links":{"self":[{"href":"https:\/\/wpe-encheres.com\/site\/wp-json\/wp\/v2\/product\/31022","targetHints":{"allow":["GET"]}}],"collection":[{"href":"https:\/\/wpe-encheres.com\/site\/wp-json\/wp\/v2\/product"}],"about":[{"href":"https:\/\/wpe-encheres.com\/site\/wp-json\/wp\/v2\/types\/product"}],"wp:featuredmedia":[{"embeddable":true,"href":"https:\/\/wpe-encheres.com\/site\/wp-json\/wp\/v2\/media\/30962"}],"wp:attachment":[{"href":"https:\/\/wpe-encheres.com\/site\/wp-json\/wp\/v2\/media?parent=31022"}],"wp:term":[{"taxonomy":"product_brand","embeddable":true,"href":"https:\/\/wpe-encheres.com\/site\/wp-json\/wp\/v2\/product_brand?post=31022"},{"taxonomy":"product_cat","embeddable":true,"href":"https:\/\/wpe-encheres.com\/site\/wp-json\/wp\/v2\/product_cat?post=31022"},{"taxonomy":"product_tag","embeddable":true,"href":"https:\/\/wpe-encheres.com\/site\/wp-json\/wp\/v2\/product_tag?post=31022"}],"curies":[{"name":"wp","href":"https:\/\/api.w.org\/{rel}","templated":true}]}}