{"id":30662,"date":"2025-09-09T10:16:04","date_gmt":"2025-09-09T08:16:04","guid":{"rendered":"https:\/\/wpe-encheres.com\/site\/produit\/alimentation-stabilisee-rackable-de-marque-delta-modele-sm100-ar-75-neuve-dans-emballage-dorigine-bat-b\/"},"modified":"2025-09-18T09:51:51","modified_gmt":"2025-09-18T07:51:51","slug":"alimentation-stabilisee-rackable-de-marque-delta-modele-sm100-ar-75-neuve-dans-emballage-dorigine-bat-b","status":"publish","type":"product","link":"https:\/\/wpe-encheres.com\/site\/produit\/alimentation-stabilisee-rackable-de-marque-delta-modele-sm100-ar-75-neuve-dans-emballage-dorigine-bat-b\/","title":{"rendered":"Alimentation stabilis\u00e9e rackable de marque Delta mod\u00e8le SM100-AR-75, neuve dans emballage d&rsquo;origine. (bat B)"},"content":{"rendered":"<p>Alimentation stabilis\u00e9e rackable de marque Delta mod\u00e8le SM100-AR-75, neuve dans emballage d&rsquo;origine. (bat B)<\/p>\n","protected":false},"excerpt":{"rendered":"<p>Alimentation stabilis\u00e9e rackable de marque Delta mod\u00e8le SM100-AR-75, neuve dans emballage d&rsquo;origine. (bat B)<\/p>\n","protected":false},"featured_media":23360,"template":"","meta":{"_acf_changed":false},"product_brand":[],"product_cat":[29],"product_tag":[23],"class_list":{"0":"post-30662","1":"product","2":"type-product","3":"status-publish","4":"has-post-thumbnail","6":"product_cat-materiel-industriel-outillage-machines-outils-coffres-forts-et-armoires-fortes","7":"product_tag-vente-du-9-septembre-2025","9":"first","10":"outofstock","11":"product-type-simple"},"acf":[],"yoast_head":"<!-- This site is optimized with the Yoast SEO plugin v27.3 - https:\/\/yoast.com\/product\/yoast-seo-wordpress\/ -->\n<title>Alimentation stabilis\u00e9e rackable de marque Delta mod\u00e8le SM100-AR-75, neuve dans emballage d&#039;origine. (bat B) - wpe-encheres<\/title>\n<meta name=\"robots\" content=\"index, follow, max-snippet:-1, max-image-preview:large, max-video-preview:-1\" \/>\n<link rel=\"canonical\" href=\"https:\/\/wpe-encheres.com\/site\/produit\/alimentation-stabilisee-rackable-de-marque-delta-modele-sm100-ar-75-neuve-dans-emballage-dorigine-bat-b\/\" \/>\n<meta property=\"og:locale\" content=\"fr_FR\" \/>\n<meta property=\"og:type\" content=\"article\" \/>\n<meta property=\"og:title\" content=\"Alimentation stabilis\u00e9e rackable de marque Delta mod\u00e8le SM100-AR-75, neuve dans emballage d&#039;origine. (bat B) - wpe-encheres\" \/>\n<meta property=\"og:description\" content=\"Alimentation stabilis\u00e9e rackable de marque Delta mod\u00e8le SM100-AR-75, neuve dans emballage d&#039;origine. (bat B)\" \/>\n<meta property=\"og:url\" content=\"https:\/\/wpe-encheres.com\/site\/produit\/alimentation-stabilisee-rackable-de-marque-delta-modele-sm100-ar-75-neuve-dans-emballage-dorigine-bat-b\/\" \/>\n<meta property=\"og:site_name\" content=\"wpe-encheres\" \/>\n<meta property=\"article:modified_time\" content=\"2025-09-18T07:51:51+00:00\" \/>\n<meta property=\"og:image\" content=\"https:\/\/wpe-encheres.com\/site\/wp-content\/uploads\/2025\/08\/6895c3ba3056d.jpg\" \/>\n\t<meta property=\"og:image:width\" content=\"771\" \/>\n\t<meta property=\"og:image:height\" content=\"548\" \/>\n\t<meta property=\"og:image:type\" content=\"image\/jpeg\" \/>\n<meta name=\"twitter:card\" content=\"summary_large_image\" \/>\n<script type=\"application\/ld+json\" class=\"yoast-schema-graph\">{\"@context\":\"https:\\\/\\\/schema.org\",\"@graph\":[{\"@type\":\"WebPage\",\"@id\":\"https:\\\/\\\/wpe-encheres.com\\\/site\\\/produit\\\/alimentation-stabilisee-rackable-de-marque-delta-modele-sm100-ar-75-neuve-dans-emballage-dorigine-bat-b\\\/\",\"url\":\"https:\\\/\\\/wpe-encheres.com\\\/site\\\/produit\\\/alimentation-stabilisee-rackable-de-marque-delta-modele-sm100-ar-75-neuve-dans-emballage-dorigine-bat-b\\\/\",\"name\":\"Alimentation stabilis\u00e9e rackable de marque Delta mod\u00e8le SM100-AR-75, neuve dans emballage d'origine. (bat B) - wpe-encheres\",\"isPartOf\":{\"@id\":\"https:\\\/\\\/wpe-encheres.com\\\/site\\\/#website\"},\"primaryImageOfPage\":{\"@id\":\"https:\\\/\\\/wpe-encheres.com\\\/site\\\/produit\\\/alimentation-stabilisee-rackable-de-marque-delta-modele-sm100-ar-75-neuve-dans-emballage-dorigine-bat-b\\\/#primaryimage\"},\"image\":{\"@id\":\"https:\\\/\\\/wpe-encheres.com\\\/site\\\/produit\\\/alimentation-stabilisee-rackable-de-marque-delta-modele-sm100-ar-75-neuve-dans-emballage-dorigine-bat-b\\\/#primaryimage\"},\"thumbnailUrl\":\"https:\\\/\\\/wpe-encheres.com\\\/site\\\/wp-content\\\/uploads\\\/2025\\\/08\\\/6895c3ba3056d.jpg\",\"datePublished\":\"2025-09-09T08:16:04+00:00\",\"dateModified\":\"2025-09-18T07:51:51+00:00\",\"breadcrumb\":{\"@id\":\"https:\\\/\\\/wpe-encheres.com\\\/site\\\/produit\\\/alimentation-stabilisee-rackable-de-marque-delta-modele-sm100-ar-75-neuve-dans-emballage-dorigine-bat-b\\\/#breadcrumb\"},\"inLanguage\":\"fr-FR\",\"potentialAction\":[{\"@type\":\"ReadAction\",\"target\":[\"https:\\\/\\\/wpe-encheres.com\\\/site\\\/produit\\\/alimentation-stabilisee-rackable-de-marque-delta-modele-sm100-ar-75-neuve-dans-emballage-dorigine-bat-b\\\/\"]}]},{\"@type\":\"ImageObject\",\"inLanguage\":\"fr-FR\",\"@id\":\"https:\\\/\\\/wpe-encheres.com\\\/site\\\/produit\\\/alimentation-stabilisee-rackable-de-marque-delta-modele-sm100-ar-75-neuve-dans-emballage-dorigine-bat-b\\\/#primaryimage\",\"url\":\"https:\\\/\\\/wpe-encheres.com\\\/site\\\/wp-content\\\/uploads\\\/2025\\\/08\\\/6895c3ba3056d.jpg\",\"contentUrl\":\"https:\\\/\\\/wpe-encheres.com\\\/site\\\/wp-content\\\/uploads\\\/2025\\\/08\\\/6895c3ba3056d.jpg\",\"width\":771,\"height\":548},{\"@type\":\"BreadcrumbList\",\"@id\":\"https:\\\/\\\/wpe-encheres.com\\\/site\\\/produit\\\/alimentation-stabilisee-rackable-de-marque-delta-modele-sm100-ar-75-neuve-dans-emballage-dorigine-bat-b\\\/#breadcrumb\",\"itemListElement\":[{\"@type\":\"ListItem\",\"position\":1,\"name\":\"Accueil\",\"item\":\"https:\\\/\\\/wpe-encheres.com\\\/site\\\/\"},{\"@type\":\"ListItem\",\"position\":2,\"name\":\"Boutique\",\"item\":\"https:\\\/\\\/wpe-encheres.com\\\/site\\\/?page_id=22765\"},{\"@type\":\"ListItem\",\"position\":3,\"name\":\"Alimentation stabilis\u00e9e rackable de marque Delta mod\u00e8le SM100-AR-75, neuve dans emballage d&rsquo;origine. (bat B)\"}]},{\"@type\":\"WebSite\",\"@id\":\"https:\\\/\\\/wpe-encheres.com\\\/site\\\/#website\",\"url\":\"https:\\\/\\\/wpe-encheres.com\\\/site\\\/\",\"name\":\"wpe-encheres\",\"description\":\"\",\"publisher\":{\"@id\":\"https:\\\/\\\/wpe-encheres.com\\\/site\\\/#organization\"},\"potentialAction\":[{\"@type\":\"SearchAction\",\"target\":{\"@type\":\"EntryPoint\",\"urlTemplate\":\"https:\\\/\\\/wpe-encheres.com\\\/site\\\/?s={search_term_string}\"},\"query-input\":{\"@type\":\"PropertyValueSpecification\",\"valueRequired\":true,\"valueName\":\"search_term_string\"}}],\"inLanguage\":\"fr-FR\"},{\"@type\":\"Organization\",\"@id\":\"https:\\\/\\\/wpe-encheres.com\\\/site\\\/#organization\",\"name\":\"wpe encheres\",\"url\":\"https:\\\/\\\/wpe-encheres.com\\\/site\\\/\",\"logo\":{\"@type\":\"ImageObject\",\"inLanguage\":\"fr-FR\",\"@id\":\"https:\\\/\\\/wpe-encheres.com\\\/site\\\/#\\\/schema\\\/logo\\\/image\\\/\",\"url\":\"https:\\\/\\\/wpe-encheres.com\\\/site\\\/wp-content\\\/uploads\\\/2025\\\/08\\\/wpe-encheres-logo.png\",\"contentUrl\":\"https:\\\/\\\/wpe-encheres.com\\\/site\\\/wp-content\\\/uploads\\\/2025\\\/08\\\/wpe-encheres-logo.png\",\"width\":300,\"height\":110,\"caption\":\"wpe encheres\"},\"image\":{\"@id\":\"https:\\\/\\\/wpe-encheres.com\\\/site\\\/#\\\/schema\\\/logo\\\/image\\\/\"}}]}<\/script>\n<!-- \/ Yoast SEO plugin. -->","yoast_head_json":{"title":"Alimentation stabilis\u00e9e rackable de marque Delta mod\u00e8le SM100-AR-75, neuve dans emballage d'origine. (bat B) - wpe-encheres","robots":{"index":"index","follow":"follow","max-snippet":"max-snippet:-1","max-image-preview":"max-image-preview:large","max-video-preview":"max-video-preview:-1"},"canonical":"https:\/\/wpe-encheres.com\/site\/produit\/alimentation-stabilisee-rackable-de-marque-delta-modele-sm100-ar-75-neuve-dans-emballage-dorigine-bat-b\/","og_locale":"fr_FR","og_type":"article","og_title":"Alimentation stabilis\u00e9e rackable de marque Delta mod\u00e8le SM100-AR-75, neuve dans emballage d'origine. (bat B) - wpe-encheres","og_description":"Alimentation stabilis\u00e9e rackable de marque Delta mod\u00e8le SM100-AR-75, neuve dans emballage d'origine. (bat B)","og_url":"https:\/\/wpe-encheres.com\/site\/produit\/alimentation-stabilisee-rackable-de-marque-delta-modele-sm100-ar-75-neuve-dans-emballage-dorigine-bat-b\/","og_site_name":"wpe-encheres","article_modified_time":"2025-09-18T07:51:51+00:00","og_image":[{"width":771,"height":548,"url":"https:\/\/wpe-encheres.com\/site\/wp-content\/uploads\/2025\/08\/6895c3ba3056d.jpg","type":"image\/jpeg"}],"twitter_card":"summary_large_image","schema":{"@context":"https:\/\/schema.org","@graph":[{"@type":"WebPage","@id":"https:\/\/wpe-encheres.com\/site\/produit\/alimentation-stabilisee-rackable-de-marque-delta-modele-sm100-ar-75-neuve-dans-emballage-dorigine-bat-b\/","url":"https:\/\/wpe-encheres.com\/site\/produit\/alimentation-stabilisee-rackable-de-marque-delta-modele-sm100-ar-75-neuve-dans-emballage-dorigine-bat-b\/","name":"Alimentation stabilis\u00e9e rackable de marque Delta mod\u00e8le SM100-AR-75, neuve dans emballage d'origine. (bat B) - wpe-encheres","isPartOf":{"@id":"https:\/\/wpe-encheres.com\/site\/#website"},"primaryImageOfPage":{"@id":"https:\/\/wpe-encheres.com\/site\/produit\/alimentation-stabilisee-rackable-de-marque-delta-modele-sm100-ar-75-neuve-dans-emballage-dorigine-bat-b\/#primaryimage"},"image":{"@id":"https:\/\/wpe-encheres.com\/site\/produit\/alimentation-stabilisee-rackable-de-marque-delta-modele-sm100-ar-75-neuve-dans-emballage-dorigine-bat-b\/#primaryimage"},"thumbnailUrl":"https:\/\/wpe-encheres.com\/site\/wp-content\/uploads\/2025\/08\/6895c3ba3056d.jpg","datePublished":"2025-09-09T08:16:04+00:00","dateModified":"2025-09-18T07:51:51+00:00","breadcrumb":{"@id":"https:\/\/wpe-encheres.com\/site\/produit\/alimentation-stabilisee-rackable-de-marque-delta-modele-sm100-ar-75-neuve-dans-emballage-dorigine-bat-b\/#breadcrumb"},"inLanguage":"fr-FR","potentialAction":[{"@type":"ReadAction","target":["https:\/\/wpe-encheres.com\/site\/produit\/alimentation-stabilisee-rackable-de-marque-delta-modele-sm100-ar-75-neuve-dans-emballage-dorigine-bat-b\/"]}]},{"@type":"ImageObject","inLanguage":"fr-FR","@id":"https:\/\/wpe-encheres.com\/site\/produit\/alimentation-stabilisee-rackable-de-marque-delta-modele-sm100-ar-75-neuve-dans-emballage-dorigine-bat-b\/#primaryimage","url":"https:\/\/wpe-encheres.com\/site\/wp-content\/uploads\/2025\/08\/6895c3ba3056d.jpg","contentUrl":"https:\/\/wpe-encheres.com\/site\/wp-content\/uploads\/2025\/08\/6895c3ba3056d.jpg","width":771,"height":548},{"@type":"BreadcrumbList","@id":"https:\/\/wpe-encheres.com\/site\/produit\/alimentation-stabilisee-rackable-de-marque-delta-modele-sm100-ar-75-neuve-dans-emballage-dorigine-bat-b\/#breadcrumb","itemListElement":[{"@type":"ListItem","position":1,"name":"Accueil","item":"https:\/\/wpe-encheres.com\/site\/"},{"@type":"ListItem","position":2,"name":"Boutique","item":"https:\/\/wpe-encheres.com\/site\/?page_id=22765"},{"@type":"ListItem","position":3,"name":"Alimentation stabilis\u00e9e rackable de marque Delta mod\u00e8le SM100-AR-75, neuve dans emballage d&rsquo;origine. (bat B)"}]},{"@type":"WebSite","@id":"https:\/\/wpe-encheres.com\/site\/#website","url":"https:\/\/wpe-encheres.com\/site\/","name":"wpe-encheres","description":"","publisher":{"@id":"https:\/\/wpe-encheres.com\/site\/#organization"},"potentialAction":[{"@type":"SearchAction","target":{"@type":"EntryPoint","urlTemplate":"https:\/\/wpe-encheres.com\/site\/?s={search_term_string}"},"query-input":{"@type":"PropertyValueSpecification","valueRequired":true,"valueName":"search_term_string"}}],"inLanguage":"fr-FR"},{"@type":"Organization","@id":"https:\/\/wpe-encheres.com\/site\/#organization","name":"wpe encheres","url":"https:\/\/wpe-encheres.com\/site\/","logo":{"@type":"ImageObject","inLanguage":"fr-FR","@id":"https:\/\/wpe-encheres.com\/site\/#\/schema\/logo\/image\/","url":"https:\/\/wpe-encheres.com\/site\/wp-content\/uploads\/2025\/08\/wpe-encheres-logo.png","contentUrl":"https:\/\/wpe-encheres.com\/site\/wp-content\/uploads\/2025\/08\/wpe-encheres-logo.png","width":300,"height":110,"caption":"wpe encheres"},"image":{"@id":"https:\/\/wpe-encheres.com\/site\/#\/schema\/logo\/image\/"}}]}},"_links":{"self":[{"href":"https:\/\/wpe-encheres.com\/site\/wp-json\/wp\/v2\/product\/30662","targetHints":{"allow":["GET"]}}],"collection":[{"href":"https:\/\/wpe-encheres.com\/site\/wp-json\/wp\/v2\/product"}],"about":[{"href":"https:\/\/wpe-encheres.com\/site\/wp-json\/wp\/v2\/types\/product"}],"wp:featuredmedia":[{"embeddable":true,"href":"https:\/\/wpe-encheres.com\/site\/wp-json\/wp\/v2\/media\/23360"}],"wp:attachment":[{"href":"https:\/\/wpe-encheres.com\/site\/wp-json\/wp\/v2\/media?parent=30662"}],"wp:term":[{"taxonomy":"product_brand","embeddable":true,"href":"https:\/\/wpe-encheres.com\/site\/wp-json\/wp\/v2\/product_brand?post=30662"},{"taxonomy":"product_cat","embeddable":true,"href":"https:\/\/wpe-encheres.com\/site\/wp-json\/wp\/v2\/product_cat?post=30662"},{"taxonomy":"product_tag","embeddable":true,"href":"https:\/\/wpe-encheres.com\/site\/wp-json\/wp\/v2\/product_tag?post=30662"}],"curies":[{"name":"wp","href":"https:\/\/api.w.org\/{rel}","templated":true}]}}