{"id":30546,"date":"2025-09-09T10:15:33","date_gmt":"2025-09-09T08:15:33","guid":{"rendered":"https:\/\/wpe-encheres.com\/site\/produit\/tableau-blanc-double-face-sur-roulettes-185-x-127-x-55-cm-9-unites-vendu-a-lunite-avec-faculte-de-reunion-1er-bat-a-6-ss-bat-a-2\/"},"modified":"2025-09-18T09:55:31","modified_gmt":"2025-09-18T07:55:31","slug":"tableau-blanc-double-face-sur-roulettes-185-x-127-x-55-cm-9-unites-vendu-a-lunite-avec-faculte-de-reunion-1er-bat-a-6-ss-bat-a-2","status":"publish","type":"product","link":"https:\/\/wpe-encheres.com\/site\/produit\/tableau-blanc-double-face-sur-roulettes-185-x-127-x-55-cm-9-unites-vendu-a-lunite-avec-faculte-de-reunion-1er-bat-a-6-ss-bat-a-2\/","title":{"rendered":"Tableau blanc double face sur roulettes. 185 x 127 x 55 cm. 9 unit\u00e9s. Vendu \u00e0 l&rsquo;unit\u00e9 avec facult\u00e9 de r\u00e9union. (1er bat A : 6 \/ SS bat A : 2)"},"content":{"rendered":"<p>Tableau blanc double face sur roulettes. 185 x 127 x 55 cm. 9 unit\u00e9s. Vendu \u00e0 l&rsquo;unit\u00e9 avec facult\u00e9 de r\u00e9union. (1er bat A : 6 \/ SS bat A : 2)<\/p>\n","protected":false},"excerpt":{"rendered":"<p>Tableau blanc double face sur roulettes. 185 x 127 x 55 cm. 9 unit\u00e9s. Vendu \u00e0 l&rsquo;unit\u00e9 avec facult\u00e9 de r\u00e9union. (1er bat A : 6 \/ SS bat A : 2)<\/p>\n","protected":false},"featured_media":22997,"template":"","meta":{"_acf_changed":false},"product_brand":[],"product_cat":[24],"product_tag":[23],"class_list":{"0":"post-30546","1":"product","2":"type-product","3":"status-publish","4":"has-post-thumbnail","6":"product_cat-mobilier-de-bureau-equipement-du-bureau","7":"product_tag-vente-du-9-septembre-2025","9":"first","10":"outofstock","11":"product-type-simple"},"acf":[],"yoast_head":"<!-- This site is optimized with the Yoast SEO plugin v27.3 - https:\/\/yoast.com\/product\/yoast-seo-wordpress\/ -->\n<title>Tableau blanc double face sur roulettes. 185 x 127 x 55 cm. 9 unit\u00e9s. Vendu \u00e0 l&#039;unit\u00e9 avec facult\u00e9 de r\u00e9union. (1er bat A : 6 \/ SS bat A : 2) - wpe-encheres<\/title>\n<meta name=\"robots\" content=\"index, follow, max-snippet:-1, max-image-preview:large, max-video-preview:-1\" \/>\n<link rel=\"canonical\" href=\"https:\/\/wpe-encheres.com\/site\/produit\/tableau-blanc-double-face-sur-roulettes-185-x-127-x-55-cm-9-unites-vendu-a-lunite-avec-faculte-de-reunion-1er-bat-a-6-ss-bat-a-2\/\" \/>\n<meta property=\"og:locale\" content=\"fr_FR\" \/>\n<meta property=\"og:type\" content=\"article\" \/>\n<meta property=\"og:title\" content=\"Tableau blanc double face sur roulettes. 185 x 127 x 55 cm. 9 unit\u00e9s. Vendu \u00e0 l&#039;unit\u00e9 avec facult\u00e9 de r\u00e9union. (1er bat A : 6 \/ SS bat A : 2) - wpe-encheres\" \/>\n<meta property=\"og:description\" content=\"Tableau blanc double face sur roulettes. 185 x 127 x 55 cm. 9 unit\u00e9s. Vendu \u00e0 l&#039;unit\u00e9 avec facult\u00e9 de r\u00e9union. (1er bat A : 6 \/ SS bat A : 2)\" \/>\n<meta property=\"og:url\" content=\"https:\/\/wpe-encheres.com\/site\/produit\/tableau-blanc-double-face-sur-roulettes-185-x-127-x-55-cm-9-unites-vendu-a-lunite-avec-faculte-de-reunion-1er-bat-a-6-ss-bat-a-2\/\" \/>\n<meta property=\"og:site_name\" content=\"wpe-encheres\" \/>\n<meta property=\"article:modified_time\" content=\"2025-09-18T07:55:31+00:00\" \/>\n<meta property=\"og:image\" content=\"https:\/\/wpe-encheres.com\/site\/wp-content\/uploads\/2025\/08\/6895c3711cdf3.jpg\" \/>\n\t<meta property=\"og:image:width\" content=\"675\" \/>\n\t<meta property=\"og:image:height\" content=\"876\" \/>\n\t<meta property=\"og:image:type\" content=\"image\/jpeg\" \/>\n<meta name=\"twitter:card\" content=\"summary_large_image\" \/>\n<script type=\"application\/ld+json\" class=\"yoast-schema-graph\">{\"@context\":\"https:\\\/\\\/schema.org\",\"@graph\":[{\"@type\":\"WebPage\",\"@id\":\"https:\\\/\\\/wpe-encheres.com\\\/site\\\/produit\\\/tableau-blanc-double-face-sur-roulettes-185-x-127-x-55-cm-9-unites-vendu-a-lunite-avec-faculte-de-reunion-1er-bat-a-6-ss-bat-a-2\\\/\",\"url\":\"https:\\\/\\\/wpe-encheres.com\\\/site\\\/produit\\\/tableau-blanc-double-face-sur-roulettes-185-x-127-x-55-cm-9-unites-vendu-a-lunite-avec-faculte-de-reunion-1er-bat-a-6-ss-bat-a-2\\\/\",\"name\":\"Tableau blanc double face sur roulettes. 185 x 127 x 55 cm. 9 unit\u00e9s. Vendu \u00e0 l'unit\u00e9 avec facult\u00e9 de r\u00e9union. (1er bat A : 6 \\\/ SS bat A : 2) - wpe-encheres\",\"isPartOf\":{\"@id\":\"https:\\\/\\\/wpe-encheres.com\\\/site\\\/#website\"},\"primaryImageOfPage\":{\"@id\":\"https:\\\/\\\/wpe-encheres.com\\\/site\\\/produit\\\/tableau-blanc-double-face-sur-roulettes-185-x-127-x-55-cm-9-unites-vendu-a-lunite-avec-faculte-de-reunion-1er-bat-a-6-ss-bat-a-2\\\/#primaryimage\"},\"image\":{\"@id\":\"https:\\\/\\\/wpe-encheres.com\\\/site\\\/produit\\\/tableau-blanc-double-face-sur-roulettes-185-x-127-x-55-cm-9-unites-vendu-a-lunite-avec-faculte-de-reunion-1er-bat-a-6-ss-bat-a-2\\\/#primaryimage\"},\"thumbnailUrl\":\"https:\\\/\\\/wpe-encheres.com\\\/site\\\/wp-content\\\/uploads\\\/2025\\\/08\\\/6895c3711cdf3.jpg\",\"datePublished\":\"2025-09-09T08:15:33+00:00\",\"dateModified\":\"2025-09-18T07:55:31+00:00\",\"breadcrumb\":{\"@id\":\"https:\\\/\\\/wpe-encheres.com\\\/site\\\/produit\\\/tableau-blanc-double-face-sur-roulettes-185-x-127-x-55-cm-9-unites-vendu-a-lunite-avec-faculte-de-reunion-1er-bat-a-6-ss-bat-a-2\\\/#breadcrumb\"},\"inLanguage\":\"fr-FR\",\"potentialAction\":[{\"@type\":\"ReadAction\",\"target\":[\"https:\\\/\\\/wpe-encheres.com\\\/site\\\/produit\\\/tableau-blanc-double-face-sur-roulettes-185-x-127-x-55-cm-9-unites-vendu-a-lunite-avec-faculte-de-reunion-1er-bat-a-6-ss-bat-a-2\\\/\"]}]},{\"@type\":\"ImageObject\",\"inLanguage\":\"fr-FR\",\"@id\":\"https:\\\/\\\/wpe-encheres.com\\\/site\\\/produit\\\/tableau-blanc-double-face-sur-roulettes-185-x-127-x-55-cm-9-unites-vendu-a-lunite-avec-faculte-de-reunion-1er-bat-a-6-ss-bat-a-2\\\/#primaryimage\",\"url\":\"https:\\\/\\\/wpe-encheres.com\\\/site\\\/wp-content\\\/uploads\\\/2025\\\/08\\\/6895c3711cdf3.jpg\",\"contentUrl\":\"https:\\\/\\\/wpe-encheres.com\\\/site\\\/wp-content\\\/uploads\\\/2025\\\/08\\\/6895c3711cdf3.jpg\",\"width\":675,\"height\":876},{\"@type\":\"BreadcrumbList\",\"@id\":\"https:\\\/\\\/wpe-encheres.com\\\/site\\\/produit\\\/tableau-blanc-double-face-sur-roulettes-185-x-127-x-55-cm-9-unites-vendu-a-lunite-avec-faculte-de-reunion-1er-bat-a-6-ss-bat-a-2\\\/#breadcrumb\",\"itemListElement\":[{\"@type\":\"ListItem\",\"position\":1,\"name\":\"Accueil\",\"item\":\"https:\\\/\\\/wpe-encheres.com\\\/site\\\/\"},{\"@type\":\"ListItem\",\"position\":2,\"name\":\"Boutique\",\"item\":\"https:\\\/\\\/wpe-encheres.com\\\/site\\\/?page_id=22765\"},{\"@type\":\"ListItem\",\"position\":3,\"name\":\"Tableau blanc double face sur roulettes. 185 x 127 x 55 cm. 9 unit\u00e9s. Vendu \u00e0 l&rsquo;unit\u00e9 avec facult\u00e9 de r\u00e9union. (1er bat A : 6 \\\/ SS bat A : 2)\"}]},{\"@type\":\"WebSite\",\"@id\":\"https:\\\/\\\/wpe-encheres.com\\\/site\\\/#website\",\"url\":\"https:\\\/\\\/wpe-encheres.com\\\/site\\\/\",\"name\":\"wpe-encheres\",\"description\":\"\",\"publisher\":{\"@id\":\"https:\\\/\\\/wpe-encheres.com\\\/site\\\/#organization\"},\"potentialAction\":[{\"@type\":\"SearchAction\",\"target\":{\"@type\":\"EntryPoint\",\"urlTemplate\":\"https:\\\/\\\/wpe-encheres.com\\\/site\\\/?s={search_term_string}\"},\"query-input\":{\"@type\":\"PropertyValueSpecification\",\"valueRequired\":true,\"valueName\":\"search_term_string\"}}],\"inLanguage\":\"fr-FR\"},{\"@type\":\"Organization\",\"@id\":\"https:\\\/\\\/wpe-encheres.com\\\/site\\\/#organization\",\"name\":\"wpe encheres\",\"url\":\"https:\\\/\\\/wpe-encheres.com\\\/site\\\/\",\"logo\":{\"@type\":\"ImageObject\",\"inLanguage\":\"fr-FR\",\"@id\":\"https:\\\/\\\/wpe-encheres.com\\\/site\\\/#\\\/schema\\\/logo\\\/image\\\/\",\"url\":\"https:\\\/\\\/wpe-encheres.com\\\/site\\\/wp-content\\\/uploads\\\/2025\\\/08\\\/wpe-encheres-logo.png\",\"contentUrl\":\"https:\\\/\\\/wpe-encheres.com\\\/site\\\/wp-content\\\/uploads\\\/2025\\\/08\\\/wpe-encheres-logo.png\",\"width\":300,\"height\":110,\"caption\":\"wpe encheres\"},\"image\":{\"@id\":\"https:\\\/\\\/wpe-encheres.com\\\/site\\\/#\\\/schema\\\/logo\\\/image\\\/\"}}]}<\/script>\n<!-- \/ Yoast SEO plugin. -->","yoast_head_json":{"title":"Tableau blanc double face sur roulettes. 185 x 127 x 55 cm. 9 unit\u00e9s. Vendu \u00e0 l'unit\u00e9 avec facult\u00e9 de r\u00e9union. (1er bat A : 6 \/ SS bat A : 2) - wpe-encheres","robots":{"index":"index","follow":"follow","max-snippet":"max-snippet:-1","max-image-preview":"max-image-preview:large","max-video-preview":"max-video-preview:-1"},"canonical":"https:\/\/wpe-encheres.com\/site\/produit\/tableau-blanc-double-face-sur-roulettes-185-x-127-x-55-cm-9-unites-vendu-a-lunite-avec-faculte-de-reunion-1er-bat-a-6-ss-bat-a-2\/","og_locale":"fr_FR","og_type":"article","og_title":"Tableau blanc double face sur roulettes. 185 x 127 x 55 cm. 9 unit\u00e9s. Vendu \u00e0 l'unit\u00e9 avec facult\u00e9 de r\u00e9union. (1er bat A : 6 \/ SS bat A : 2) - wpe-encheres","og_description":"Tableau blanc double face sur roulettes. 185 x 127 x 55 cm. 9 unit\u00e9s. Vendu \u00e0 l'unit\u00e9 avec facult\u00e9 de r\u00e9union. (1er bat A : 6 \/ SS bat A : 2)","og_url":"https:\/\/wpe-encheres.com\/site\/produit\/tableau-blanc-double-face-sur-roulettes-185-x-127-x-55-cm-9-unites-vendu-a-lunite-avec-faculte-de-reunion-1er-bat-a-6-ss-bat-a-2\/","og_site_name":"wpe-encheres","article_modified_time":"2025-09-18T07:55:31+00:00","og_image":[{"width":675,"height":876,"url":"https:\/\/wpe-encheres.com\/site\/wp-content\/uploads\/2025\/08\/6895c3711cdf3.jpg","type":"image\/jpeg"}],"twitter_card":"summary_large_image","schema":{"@context":"https:\/\/schema.org","@graph":[{"@type":"WebPage","@id":"https:\/\/wpe-encheres.com\/site\/produit\/tableau-blanc-double-face-sur-roulettes-185-x-127-x-55-cm-9-unites-vendu-a-lunite-avec-faculte-de-reunion-1er-bat-a-6-ss-bat-a-2\/","url":"https:\/\/wpe-encheres.com\/site\/produit\/tableau-blanc-double-face-sur-roulettes-185-x-127-x-55-cm-9-unites-vendu-a-lunite-avec-faculte-de-reunion-1er-bat-a-6-ss-bat-a-2\/","name":"Tableau blanc double face sur roulettes. 185 x 127 x 55 cm. 9 unit\u00e9s. Vendu \u00e0 l'unit\u00e9 avec facult\u00e9 de r\u00e9union. (1er bat A : 6 \/ SS bat A : 2) - wpe-encheres","isPartOf":{"@id":"https:\/\/wpe-encheres.com\/site\/#website"},"primaryImageOfPage":{"@id":"https:\/\/wpe-encheres.com\/site\/produit\/tableau-blanc-double-face-sur-roulettes-185-x-127-x-55-cm-9-unites-vendu-a-lunite-avec-faculte-de-reunion-1er-bat-a-6-ss-bat-a-2\/#primaryimage"},"image":{"@id":"https:\/\/wpe-encheres.com\/site\/produit\/tableau-blanc-double-face-sur-roulettes-185-x-127-x-55-cm-9-unites-vendu-a-lunite-avec-faculte-de-reunion-1er-bat-a-6-ss-bat-a-2\/#primaryimage"},"thumbnailUrl":"https:\/\/wpe-encheres.com\/site\/wp-content\/uploads\/2025\/08\/6895c3711cdf3.jpg","datePublished":"2025-09-09T08:15:33+00:00","dateModified":"2025-09-18T07:55:31+00:00","breadcrumb":{"@id":"https:\/\/wpe-encheres.com\/site\/produit\/tableau-blanc-double-face-sur-roulettes-185-x-127-x-55-cm-9-unites-vendu-a-lunite-avec-faculte-de-reunion-1er-bat-a-6-ss-bat-a-2\/#breadcrumb"},"inLanguage":"fr-FR","potentialAction":[{"@type":"ReadAction","target":["https:\/\/wpe-encheres.com\/site\/produit\/tableau-blanc-double-face-sur-roulettes-185-x-127-x-55-cm-9-unites-vendu-a-lunite-avec-faculte-de-reunion-1er-bat-a-6-ss-bat-a-2\/"]}]},{"@type":"ImageObject","inLanguage":"fr-FR","@id":"https:\/\/wpe-encheres.com\/site\/produit\/tableau-blanc-double-face-sur-roulettes-185-x-127-x-55-cm-9-unites-vendu-a-lunite-avec-faculte-de-reunion-1er-bat-a-6-ss-bat-a-2\/#primaryimage","url":"https:\/\/wpe-encheres.com\/site\/wp-content\/uploads\/2025\/08\/6895c3711cdf3.jpg","contentUrl":"https:\/\/wpe-encheres.com\/site\/wp-content\/uploads\/2025\/08\/6895c3711cdf3.jpg","width":675,"height":876},{"@type":"BreadcrumbList","@id":"https:\/\/wpe-encheres.com\/site\/produit\/tableau-blanc-double-face-sur-roulettes-185-x-127-x-55-cm-9-unites-vendu-a-lunite-avec-faculte-de-reunion-1er-bat-a-6-ss-bat-a-2\/#breadcrumb","itemListElement":[{"@type":"ListItem","position":1,"name":"Accueil","item":"https:\/\/wpe-encheres.com\/site\/"},{"@type":"ListItem","position":2,"name":"Boutique","item":"https:\/\/wpe-encheres.com\/site\/?page_id=22765"},{"@type":"ListItem","position":3,"name":"Tableau blanc double face sur roulettes. 185 x 127 x 55 cm. 9 unit\u00e9s. Vendu \u00e0 l&rsquo;unit\u00e9 avec facult\u00e9 de r\u00e9union. (1er bat A : 6 \/ SS bat A : 2)"}]},{"@type":"WebSite","@id":"https:\/\/wpe-encheres.com\/site\/#website","url":"https:\/\/wpe-encheres.com\/site\/","name":"wpe-encheres","description":"","publisher":{"@id":"https:\/\/wpe-encheres.com\/site\/#organization"},"potentialAction":[{"@type":"SearchAction","target":{"@type":"EntryPoint","urlTemplate":"https:\/\/wpe-encheres.com\/site\/?s={search_term_string}"},"query-input":{"@type":"PropertyValueSpecification","valueRequired":true,"valueName":"search_term_string"}}],"inLanguage":"fr-FR"},{"@type":"Organization","@id":"https:\/\/wpe-encheres.com\/site\/#organization","name":"wpe encheres","url":"https:\/\/wpe-encheres.com\/site\/","logo":{"@type":"ImageObject","inLanguage":"fr-FR","@id":"https:\/\/wpe-encheres.com\/site\/#\/schema\/logo\/image\/","url":"https:\/\/wpe-encheres.com\/site\/wp-content\/uploads\/2025\/08\/wpe-encheres-logo.png","contentUrl":"https:\/\/wpe-encheres.com\/site\/wp-content\/uploads\/2025\/08\/wpe-encheres-logo.png","width":300,"height":110,"caption":"wpe encheres"},"image":{"@id":"https:\/\/wpe-encheres.com\/site\/#\/schema\/logo\/image\/"}}]}},"_links":{"self":[{"href":"https:\/\/wpe-encheres.com\/site\/wp-json\/wp\/v2\/product\/30546","targetHints":{"allow":["GET"]}}],"collection":[{"href":"https:\/\/wpe-encheres.com\/site\/wp-json\/wp\/v2\/product"}],"about":[{"href":"https:\/\/wpe-encheres.com\/site\/wp-json\/wp\/v2\/types\/product"}],"wp:featuredmedia":[{"embeddable":true,"href":"https:\/\/wpe-encheres.com\/site\/wp-json\/wp\/v2\/media\/22997"}],"wp:attachment":[{"href":"https:\/\/wpe-encheres.com\/site\/wp-json\/wp\/v2\/media?parent=30546"}],"wp:term":[{"taxonomy":"product_brand","embeddable":true,"href":"https:\/\/wpe-encheres.com\/site\/wp-json\/wp\/v2\/product_brand?post=30546"},{"taxonomy":"product_cat","embeddable":true,"href":"https:\/\/wpe-encheres.com\/site\/wp-json\/wp\/v2\/product_cat?post=30546"},{"taxonomy":"product_tag","embeddable":true,"href":"https:\/\/wpe-encheres.com\/site\/wp-json\/wp\/v2\/product_tag?post=30546"}],"curies":[{"name":"wp","href":"https:\/\/api.w.org\/{rel}","templated":true}]}}