{"id":30520,"date":"2025-09-09T10:15:22","date_gmt":"2025-09-09T08:15:22","guid":{"rendered":"https:\/\/wpe-encheres.com\/site\/produit\/chaise-empilable-avec-assise-et-dossier-en-plastique-gris-pietement-luge-en-acier-chrome-85-x-45-x-45-cm-55-unites-vendu-a-lunite-avec-faculte-de-reunion-1er-bat-a-21-rdc-bat-a-22-ss-ba\/"},"modified":"2025-09-18T09:55:39","modified_gmt":"2025-09-18T07:55:39","slug":"chaise-empilable-avec-assise-et-dossier-en-plastique-gris-pietement-luge-en-acier-chrome-85-x-45-x-45-cm-55-unites-vendu-a-lunite-avec-faculte-de-reunion-1er-bat-a-21-rdc-bat-a-22-ss-ba","status":"publish","type":"product","link":"https:\/\/wpe-encheres.com\/site\/produit\/chaise-empilable-avec-assise-et-dossier-en-plastique-gris-pietement-luge-en-acier-chrome-85-x-45-x-45-cm-55-unites-vendu-a-lunite-avec-faculte-de-reunion-1er-bat-a-21-rdc-bat-a-22-ss-ba\/","title":{"rendered":"Chaise empilable avec assise et dossier en plastique gris, pi\u00e8tement luge en acier chrom\u00e9. 85 x 45 x 45 cm. 55 unit\u00e9s. Vendu \u00e0 l&rsquo;unit\u00e9 avec facult\u00e9 de r\u00e9union. (1er bat A : 21 \/ RDC bat A : 22 \/ SS bat A : 12)"},"content":{"rendered":"<p>Chaise empilable avec assise et dossier en plastique gris, pi\u00e8tement luge en acier chrom\u00e9. 85 x 45 x 45 cm. 55 unit\u00e9s. Vendu \u00e0 l&rsquo;unit\u00e9 avec facult\u00e9 de r\u00e9union. (1er bat A : 21 \/ RDC bat A : 22 \/ SS bat A : 12)<\/p>\n","protected":false},"excerpt":{"rendered":"<p>Chaise empilable avec assise et dossier en plastique gris, pi\u00e8tement luge en acier chrom\u00e9. 85 x 45 x 45 cm. 55 unit\u00e9s. Vendu \u00e0 l&rsquo;unit\u00e9 avec facult\u00e9 de r\u00e9union. (1er bat A : 21 \/ RDC bat A : 22 \/ SS bat A : 12)<\/p>\n","protected":false},"featured_media":22925,"template":"","meta":{"_acf_changed":false},"product_brand":[],"product_cat":[22],"product_tag":[23],"class_list":{"0":"post-30520","1":"product","2":"type-product","3":"status-publish","4":"has-post-thumbnail","6":"product_cat-mobilier-design-haut-de-gamme","7":"product_tag-vente-du-9-septembre-2025","9":"first","10":"outofstock","11":"product-type-simple"},"acf":[],"yoast_head":"<!-- This site is optimized with the Yoast SEO plugin v27.3 - https:\/\/yoast.com\/product\/yoast-seo-wordpress\/ -->\n<title>Chaise empilable avec assise et dossier en plastique gris, pi\u00e8tement luge en acier chrom\u00e9. 85 x 45 x 45 cm. 55 unit\u00e9s. Vendu \u00e0 l&#039;unit\u00e9 avec facult\u00e9 de r\u00e9union. (1er bat A : 21 \/ RDC bat A : 22 \/ SS bat A : 12) - wpe-encheres<\/title>\n<meta name=\"robots\" content=\"index, follow, max-snippet:-1, max-image-preview:large, max-video-preview:-1\" \/>\n<link rel=\"canonical\" href=\"https:\/\/wpe-encheres.com\/site\/produit\/chaise-empilable-avec-assise-et-dossier-en-plastique-gris-pietement-luge-en-acier-chrome-85-x-45-x-45-cm-55-unites-vendu-a-lunite-avec-faculte-de-reunion-1er-bat-a-21-rdc-bat-a-22-ss-ba\/\" \/>\n<meta property=\"og:locale\" content=\"fr_FR\" \/>\n<meta property=\"og:type\" content=\"article\" \/>\n<meta property=\"og:title\" content=\"Chaise empilable avec assise et dossier en plastique gris, pi\u00e8tement luge en acier chrom\u00e9. 85 x 45 x 45 cm. 55 unit\u00e9s. Vendu \u00e0 l&#039;unit\u00e9 avec facult\u00e9 de r\u00e9union. (1er bat A : 21 \/ RDC bat A : 22 \/ SS bat A : 12) - wpe-encheres\" \/>\n<meta property=\"og:description\" content=\"Chaise empilable avec assise et dossier en plastique gris, pi\u00e8tement luge en acier chrom\u00e9. 85 x 45 x 45 cm. 55 unit\u00e9s. Vendu \u00e0 l&#039;unit\u00e9 avec facult\u00e9 de r\u00e9union. (1er bat A : 21 \/ RDC bat A : 22 \/ SS bat A : 12)\" \/>\n<meta property=\"og:url\" content=\"https:\/\/wpe-encheres.com\/site\/produit\/chaise-empilable-avec-assise-et-dossier-en-plastique-gris-pietement-luge-en-acier-chrome-85-x-45-x-45-cm-55-unites-vendu-a-lunite-avec-faculte-de-reunion-1er-bat-a-21-rdc-bat-a-22-ss-ba\/\" \/>\n<meta property=\"og:site_name\" content=\"wpe-encheres\" \/>\n<meta property=\"article:modified_time\" content=\"2025-09-18T07:55:39+00:00\" \/>\n<meta property=\"og:image\" content=\"https:\/\/wpe-encheres.com\/site\/wp-content\/uploads\/2025\/08\/6895c364001ff.jpg\" \/>\n\t<meta property=\"og:image:width\" content=\"696\" \/>\n\t<meta property=\"og:image:height\" content=\"1000\" \/>\n\t<meta property=\"og:image:type\" content=\"image\/jpeg\" \/>\n<meta name=\"twitter:card\" content=\"summary_large_image\" \/>\n<script type=\"application\/ld+json\" class=\"yoast-schema-graph\">{\"@context\":\"https:\\\/\\\/schema.org\",\"@graph\":[{\"@type\":\"WebPage\",\"@id\":\"https:\\\/\\\/wpe-encheres.com\\\/site\\\/produit\\\/chaise-empilable-avec-assise-et-dossier-en-plastique-gris-pietement-luge-en-acier-chrome-85-x-45-x-45-cm-55-unites-vendu-a-lunite-avec-faculte-de-reunion-1er-bat-a-21-rdc-bat-a-22-ss-ba\\\/\",\"url\":\"https:\\\/\\\/wpe-encheres.com\\\/site\\\/produit\\\/chaise-empilable-avec-assise-et-dossier-en-plastique-gris-pietement-luge-en-acier-chrome-85-x-45-x-45-cm-55-unites-vendu-a-lunite-avec-faculte-de-reunion-1er-bat-a-21-rdc-bat-a-22-ss-ba\\\/\",\"name\":\"Chaise empilable avec assise et dossier en plastique gris, pi\u00e8tement luge en acier chrom\u00e9. 85 x 45 x 45 cm. 55 unit\u00e9s. Vendu \u00e0 l'unit\u00e9 avec facult\u00e9 de r\u00e9union. (1er bat A : 21 \\\/ RDC bat A : 22 \\\/ SS bat A : 12) - wpe-encheres\",\"isPartOf\":{\"@id\":\"https:\\\/\\\/wpe-encheres.com\\\/site\\\/#website\"},\"primaryImageOfPage\":{\"@id\":\"https:\\\/\\\/wpe-encheres.com\\\/site\\\/produit\\\/chaise-empilable-avec-assise-et-dossier-en-plastique-gris-pietement-luge-en-acier-chrome-85-x-45-x-45-cm-55-unites-vendu-a-lunite-avec-faculte-de-reunion-1er-bat-a-21-rdc-bat-a-22-ss-ba\\\/#primaryimage\"},\"image\":{\"@id\":\"https:\\\/\\\/wpe-encheres.com\\\/site\\\/produit\\\/chaise-empilable-avec-assise-et-dossier-en-plastique-gris-pietement-luge-en-acier-chrome-85-x-45-x-45-cm-55-unites-vendu-a-lunite-avec-faculte-de-reunion-1er-bat-a-21-rdc-bat-a-22-ss-ba\\\/#primaryimage\"},\"thumbnailUrl\":\"https:\\\/\\\/wpe-encheres.com\\\/site\\\/wp-content\\\/uploads\\\/2025\\\/08\\\/6895c364001ff.jpg\",\"datePublished\":\"2025-09-09T08:15:22+00:00\",\"dateModified\":\"2025-09-18T07:55:39+00:00\",\"breadcrumb\":{\"@id\":\"https:\\\/\\\/wpe-encheres.com\\\/site\\\/produit\\\/chaise-empilable-avec-assise-et-dossier-en-plastique-gris-pietement-luge-en-acier-chrome-85-x-45-x-45-cm-55-unites-vendu-a-lunite-avec-faculte-de-reunion-1er-bat-a-21-rdc-bat-a-22-ss-ba\\\/#breadcrumb\"},\"inLanguage\":\"fr-FR\",\"potentialAction\":[{\"@type\":\"ReadAction\",\"target\":[\"https:\\\/\\\/wpe-encheres.com\\\/site\\\/produit\\\/chaise-empilable-avec-assise-et-dossier-en-plastique-gris-pietement-luge-en-acier-chrome-85-x-45-x-45-cm-55-unites-vendu-a-lunite-avec-faculte-de-reunion-1er-bat-a-21-rdc-bat-a-22-ss-ba\\\/\"]}]},{\"@type\":\"ImageObject\",\"inLanguage\":\"fr-FR\",\"@id\":\"https:\\\/\\\/wpe-encheres.com\\\/site\\\/produit\\\/chaise-empilable-avec-assise-et-dossier-en-plastique-gris-pietement-luge-en-acier-chrome-85-x-45-x-45-cm-55-unites-vendu-a-lunite-avec-faculte-de-reunion-1er-bat-a-21-rdc-bat-a-22-ss-ba\\\/#primaryimage\",\"url\":\"https:\\\/\\\/wpe-encheres.com\\\/site\\\/wp-content\\\/uploads\\\/2025\\\/08\\\/6895c364001ff.jpg\",\"contentUrl\":\"https:\\\/\\\/wpe-encheres.com\\\/site\\\/wp-content\\\/uploads\\\/2025\\\/08\\\/6895c364001ff.jpg\",\"width\":696,\"height\":1000},{\"@type\":\"BreadcrumbList\",\"@id\":\"https:\\\/\\\/wpe-encheres.com\\\/site\\\/produit\\\/chaise-empilable-avec-assise-et-dossier-en-plastique-gris-pietement-luge-en-acier-chrome-85-x-45-x-45-cm-55-unites-vendu-a-lunite-avec-faculte-de-reunion-1er-bat-a-21-rdc-bat-a-22-ss-ba\\\/#breadcrumb\",\"itemListElement\":[{\"@type\":\"ListItem\",\"position\":1,\"name\":\"Accueil\",\"item\":\"https:\\\/\\\/wpe-encheres.com\\\/site\\\/\"},{\"@type\":\"ListItem\",\"position\":2,\"name\":\"Boutique\",\"item\":\"https:\\\/\\\/wpe-encheres.com\\\/site\\\/?page_id=22765\"},{\"@type\":\"ListItem\",\"position\":3,\"name\":\"Chaise empilable avec assise et dossier en plastique gris, pi\u00e8tement luge en acier chrom\u00e9. 85 x 45 x 45 cm. 55 unit\u00e9s. Vendu \u00e0 l&rsquo;unit\u00e9 avec facult\u00e9 de r\u00e9union. (1er bat A : 21 \\\/ RDC bat A : 22 \\\/ SS bat A : 12)\"}]},{\"@type\":\"WebSite\",\"@id\":\"https:\\\/\\\/wpe-encheres.com\\\/site\\\/#website\",\"url\":\"https:\\\/\\\/wpe-encheres.com\\\/site\\\/\",\"name\":\"wpe-encheres\",\"description\":\"\",\"publisher\":{\"@id\":\"https:\\\/\\\/wpe-encheres.com\\\/site\\\/#organization\"},\"potentialAction\":[{\"@type\":\"SearchAction\",\"target\":{\"@type\":\"EntryPoint\",\"urlTemplate\":\"https:\\\/\\\/wpe-encheres.com\\\/site\\\/?s={search_term_string}\"},\"query-input\":{\"@type\":\"PropertyValueSpecification\",\"valueRequired\":true,\"valueName\":\"search_term_string\"}}],\"inLanguage\":\"fr-FR\"},{\"@type\":\"Organization\",\"@id\":\"https:\\\/\\\/wpe-encheres.com\\\/site\\\/#organization\",\"name\":\"wpe encheres\",\"url\":\"https:\\\/\\\/wpe-encheres.com\\\/site\\\/\",\"logo\":{\"@type\":\"ImageObject\",\"inLanguage\":\"fr-FR\",\"@id\":\"https:\\\/\\\/wpe-encheres.com\\\/site\\\/#\\\/schema\\\/logo\\\/image\\\/\",\"url\":\"https:\\\/\\\/wpe-encheres.com\\\/site\\\/wp-content\\\/uploads\\\/2025\\\/08\\\/wpe-encheres-logo.png\",\"contentUrl\":\"https:\\\/\\\/wpe-encheres.com\\\/site\\\/wp-content\\\/uploads\\\/2025\\\/08\\\/wpe-encheres-logo.png\",\"width\":300,\"height\":110,\"caption\":\"wpe encheres\"},\"image\":{\"@id\":\"https:\\\/\\\/wpe-encheres.com\\\/site\\\/#\\\/schema\\\/logo\\\/image\\\/\"}}]}<\/script>\n<!-- \/ Yoast SEO plugin. -->","yoast_head_json":{"title":"Chaise empilable avec assise et dossier en plastique gris, pi\u00e8tement luge en acier chrom\u00e9. 85 x 45 x 45 cm. 55 unit\u00e9s. Vendu \u00e0 l'unit\u00e9 avec facult\u00e9 de r\u00e9union. (1er bat A : 21 \/ RDC bat A : 22 \/ SS bat A : 12) - wpe-encheres","robots":{"index":"index","follow":"follow","max-snippet":"max-snippet:-1","max-image-preview":"max-image-preview:large","max-video-preview":"max-video-preview:-1"},"canonical":"https:\/\/wpe-encheres.com\/site\/produit\/chaise-empilable-avec-assise-et-dossier-en-plastique-gris-pietement-luge-en-acier-chrome-85-x-45-x-45-cm-55-unites-vendu-a-lunite-avec-faculte-de-reunion-1er-bat-a-21-rdc-bat-a-22-ss-ba\/","og_locale":"fr_FR","og_type":"article","og_title":"Chaise empilable avec assise et dossier en plastique gris, pi\u00e8tement luge en acier chrom\u00e9. 85 x 45 x 45 cm. 55 unit\u00e9s. Vendu \u00e0 l'unit\u00e9 avec facult\u00e9 de r\u00e9union. (1er bat A : 21 \/ RDC bat A : 22 \/ SS bat A : 12) - wpe-encheres","og_description":"Chaise empilable avec assise et dossier en plastique gris, pi\u00e8tement luge en acier chrom\u00e9. 85 x 45 x 45 cm. 55 unit\u00e9s. Vendu \u00e0 l'unit\u00e9 avec facult\u00e9 de r\u00e9union. (1er bat A : 21 \/ RDC bat A : 22 \/ SS bat A : 12)","og_url":"https:\/\/wpe-encheres.com\/site\/produit\/chaise-empilable-avec-assise-et-dossier-en-plastique-gris-pietement-luge-en-acier-chrome-85-x-45-x-45-cm-55-unites-vendu-a-lunite-avec-faculte-de-reunion-1er-bat-a-21-rdc-bat-a-22-ss-ba\/","og_site_name":"wpe-encheres","article_modified_time":"2025-09-18T07:55:39+00:00","og_image":[{"width":696,"height":1000,"url":"https:\/\/wpe-encheres.com\/site\/wp-content\/uploads\/2025\/08\/6895c364001ff.jpg","type":"image\/jpeg"}],"twitter_card":"summary_large_image","schema":{"@context":"https:\/\/schema.org","@graph":[{"@type":"WebPage","@id":"https:\/\/wpe-encheres.com\/site\/produit\/chaise-empilable-avec-assise-et-dossier-en-plastique-gris-pietement-luge-en-acier-chrome-85-x-45-x-45-cm-55-unites-vendu-a-lunite-avec-faculte-de-reunion-1er-bat-a-21-rdc-bat-a-22-ss-ba\/","url":"https:\/\/wpe-encheres.com\/site\/produit\/chaise-empilable-avec-assise-et-dossier-en-plastique-gris-pietement-luge-en-acier-chrome-85-x-45-x-45-cm-55-unites-vendu-a-lunite-avec-faculte-de-reunion-1er-bat-a-21-rdc-bat-a-22-ss-ba\/","name":"Chaise empilable avec assise et dossier en plastique gris, pi\u00e8tement luge en acier chrom\u00e9. 85 x 45 x 45 cm. 55 unit\u00e9s. Vendu \u00e0 l'unit\u00e9 avec facult\u00e9 de r\u00e9union. (1er bat A : 21 \/ RDC bat A : 22 \/ SS bat A : 12) - wpe-encheres","isPartOf":{"@id":"https:\/\/wpe-encheres.com\/site\/#website"},"primaryImageOfPage":{"@id":"https:\/\/wpe-encheres.com\/site\/produit\/chaise-empilable-avec-assise-et-dossier-en-plastique-gris-pietement-luge-en-acier-chrome-85-x-45-x-45-cm-55-unites-vendu-a-lunite-avec-faculte-de-reunion-1er-bat-a-21-rdc-bat-a-22-ss-ba\/#primaryimage"},"image":{"@id":"https:\/\/wpe-encheres.com\/site\/produit\/chaise-empilable-avec-assise-et-dossier-en-plastique-gris-pietement-luge-en-acier-chrome-85-x-45-x-45-cm-55-unites-vendu-a-lunite-avec-faculte-de-reunion-1er-bat-a-21-rdc-bat-a-22-ss-ba\/#primaryimage"},"thumbnailUrl":"https:\/\/wpe-encheres.com\/site\/wp-content\/uploads\/2025\/08\/6895c364001ff.jpg","datePublished":"2025-09-09T08:15:22+00:00","dateModified":"2025-09-18T07:55:39+00:00","breadcrumb":{"@id":"https:\/\/wpe-encheres.com\/site\/produit\/chaise-empilable-avec-assise-et-dossier-en-plastique-gris-pietement-luge-en-acier-chrome-85-x-45-x-45-cm-55-unites-vendu-a-lunite-avec-faculte-de-reunion-1er-bat-a-21-rdc-bat-a-22-ss-ba\/#breadcrumb"},"inLanguage":"fr-FR","potentialAction":[{"@type":"ReadAction","target":["https:\/\/wpe-encheres.com\/site\/produit\/chaise-empilable-avec-assise-et-dossier-en-plastique-gris-pietement-luge-en-acier-chrome-85-x-45-x-45-cm-55-unites-vendu-a-lunite-avec-faculte-de-reunion-1er-bat-a-21-rdc-bat-a-22-ss-ba\/"]}]},{"@type":"ImageObject","inLanguage":"fr-FR","@id":"https:\/\/wpe-encheres.com\/site\/produit\/chaise-empilable-avec-assise-et-dossier-en-plastique-gris-pietement-luge-en-acier-chrome-85-x-45-x-45-cm-55-unites-vendu-a-lunite-avec-faculte-de-reunion-1er-bat-a-21-rdc-bat-a-22-ss-ba\/#primaryimage","url":"https:\/\/wpe-encheres.com\/site\/wp-content\/uploads\/2025\/08\/6895c364001ff.jpg","contentUrl":"https:\/\/wpe-encheres.com\/site\/wp-content\/uploads\/2025\/08\/6895c364001ff.jpg","width":696,"height":1000},{"@type":"BreadcrumbList","@id":"https:\/\/wpe-encheres.com\/site\/produit\/chaise-empilable-avec-assise-et-dossier-en-plastique-gris-pietement-luge-en-acier-chrome-85-x-45-x-45-cm-55-unites-vendu-a-lunite-avec-faculte-de-reunion-1er-bat-a-21-rdc-bat-a-22-ss-ba\/#breadcrumb","itemListElement":[{"@type":"ListItem","position":1,"name":"Accueil","item":"https:\/\/wpe-encheres.com\/site\/"},{"@type":"ListItem","position":2,"name":"Boutique","item":"https:\/\/wpe-encheres.com\/site\/?page_id=22765"},{"@type":"ListItem","position":3,"name":"Chaise empilable avec assise et dossier en plastique gris, pi\u00e8tement luge en acier chrom\u00e9. 85 x 45 x 45 cm. 55 unit\u00e9s. Vendu \u00e0 l&rsquo;unit\u00e9 avec facult\u00e9 de r\u00e9union. (1er bat A : 21 \/ RDC bat A : 22 \/ SS bat A : 12)"}]},{"@type":"WebSite","@id":"https:\/\/wpe-encheres.com\/site\/#website","url":"https:\/\/wpe-encheres.com\/site\/","name":"wpe-encheres","description":"","publisher":{"@id":"https:\/\/wpe-encheres.com\/site\/#organization"},"potentialAction":[{"@type":"SearchAction","target":{"@type":"EntryPoint","urlTemplate":"https:\/\/wpe-encheres.com\/site\/?s={search_term_string}"},"query-input":{"@type":"PropertyValueSpecification","valueRequired":true,"valueName":"search_term_string"}}],"inLanguage":"fr-FR"},{"@type":"Organization","@id":"https:\/\/wpe-encheres.com\/site\/#organization","name":"wpe encheres","url":"https:\/\/wpe-encheres.com\/site\/","logo":{"@type":"ImageObject","inLanguage":"fr-FR","@id":"https:\/\/wpe-encheres.com\/site\/#\/schema\/logo\/image\/","url":"https:\/\/wpe-encheres.com\/site\/wp-content\/uploads\/2025\/08\/wpe-encheres-logo.png","contentUrl":"https:\/\/wpe-encheres.com\/site\/wp-content\/uploads\/2025\/08\/wpe-encheres-logo.png","width":300,"height":110,"caption":"wpe encheres"},"image":{"@id":"https:\/\/wpe-encheres.com\/site\/#\/schema\/logo\/image\/"}}]}},"_links":{"self":[{"href":"https:\/\/wpe-encheres.com\/site\/wp-json\/wp\/v2\/product\/30520","targetHints":{"allow":["GET"]}}],"collection":[{"href":"https:\/\/wpe-encheres.com\/site\/wp-json\/wp\/v2\/product"}],"about":[{"href":"https:\/\/wpe-encheres.com\/site\/wp-json\/wp\/v2\/types\/product"}],"wp:featuredmedia":[{"embeddable":true,"href":"https:\/\/wpe-encheres.com\/site\/wp-json\/wp\/v2\/media\/22925"}],"wp:attachment":[{"href":"https:\/\/wpe-encheres.com\/site\/wp-json\/wp\/v2\/media?parent=30520"}],"wp:term":[{"taxonomy":"product_brand","embeddable":true,"href":"https:\/\/wpe-encheres.com\/site\/wp-json\/wp\/v2\/product_brand?post=30520"},{"taxonomy":"product_cat","embeddable":true,"href":"https:\/\/wpe-encheres.com\/site\/wp-json\/wp\/v2\/product_cat?post=30520"},{"taxonomy":"product_tag","embeddable":true,"href":"https:\/\/wpe-encheres.com\/site\/wp-json\/wp\/v2\/product_tag?post=30520"}],"curies":[{"name":"wp","href":"https:\/\/api.w.org\/{rel}","templated":true}]}}