{"id":29020,"date":"2025-08-31T19:40:21","date_gmt":"2025-08-31T17:40:21","guid":{"rendered":"https:\/\/wpe-encheres.com\/site\/produit\/cabine-acoustique-1-personne-de-marque-clestra-comprenant-une-tablette-une-prise-rj45-et-une-prise-usb-on-y-joint-un-tabouret-de-marque-materia-en-metal-chrome-et-simili-cuir-jaune-237-x-110-x-110-c\/"},"modified":"2025-09-18T10:10:06","modified_gmt":"2025-09-18T08:10:06","slug":"cabine-acoustique-1-personne-de-marque-clestra-comprenant-une-tablette-une-prise-rj45-et-une-prise-usb-on-y-joint-un-tabouret-de-marque-materia-en-metal-chrome-et-simili-cuir-jaune-237-x-110-x-110-c","status":"publish","type":"product","link":"https:\/\/wpe-encheres.com\/site\/produit\/cabine-acoustique-1-personne-de-marque-clestra-comprenant-une-tablette-une-prise-rj45-et-une-prise-usb-on-y-joint-un-tabouret-de-marque-materia-en-metal-chrome-et-simili-cuir-jaune-237-x-110-x-110-c\/","title":{"rendered":"Cabine acoustique 1 personne de marque Clestra comprenant une tablette une prise RJ45 et une prise USB. on y joint un tabouret de marque Mat\u00e9ria en m\u00e9tal chrom\u00e9 et simili cuir jaune. 237 x 110 x 110 cm. 2 unit\u00e9s vendues avec facult\u00e9 de r\u00e9union. Localisation : 9 avenue Percier 75008 Paris"},"content":{"rendered":"<p>Cabine acoustique 1 personne de marque Clestra comprenant une tablette une prise RJ45 et une prise USB. on y joint un tabouret de marque Mat\u00e9ria en m\u00e9tal chrom\u00e9 et simili cuir jaune. 237 x 110 x 110 cm. 2 unit\u00e9s vendues avec facult\u00e9 de r\u00e9union. Localisation : 9 avenue Percier 75008 Paris<\/p>\n","protected":false},"excerpt":{"rendered":"<p>Cabine acoustique 1 personne de marque Clestra comprenant une tablette une prise RJ45 et une prise USB. on y joint un tabouret de marque Mat\u00e9ria en m\u00e9tal chrom\u00e9 et simili cuir jaune. 237 x 110 x 110 cm. 2 unit\u00e9s vendues avec facult\u00e9 de r\u00e9union. Localisation : 9 avenue Percier 75008 Paris<\/p>\n","protected":false},"featured_media":29021,"template":"","meta":{"_acf_changed":false},"product_brand":[],"product_cat":[24],"product_tag":[42],"class_list":{"0":"post-29020","1":"product","2":"type-product","3":"status-publish","4":"has-post-thumbnail","6":"product_cat-mobilier-de-bureau-equipement-du-bureau","7":"product_tag-vente-du-19-mars-2025","9":"first","10":"outofstock","11":"product-type-simple"},"acf":[],"yoast_head":"<!-- This site is optimized with the Yoast SEO plugin v27.3 - https:\/\/yoast.com\/product\/yoast-seo-wordpress\/ -->\n<title>Cabine acoustique 1 personne de marque Clestra comprenant une tablette une prise RJ45 et une prise USB. on y joint un tabouret de marque Mat\u00e9ria en m\u00e9tal chrom\u00e9 et simili cuir jaune. 237 x 110 x 110 cm. 2 unit\u00e9s vendues avec facult\u00e9 de r\u00e9union. Localisation : 9 avenue Percier 75008 Paris - wpe-encheres<\/title>\n<meta name=\"robots\" content=\"index, follow, max-snippet:-1, max-image-preview:large, max-video-preview:-1\" \/>\n<link rel=\"canonical\" href=\"https:\/\/wpe-encheres.com\/site\/produit\/cabine-acoustique-1-personne-de-marque-clestra-comprenant-une-tablette-une-prise-rj45-et-une-prise-usb-on-y-joint-un-tabouret-de-marque-materia-en-metal-chrome-et-simili-cuir-jaune-237-x-110-x-110-c\/\" \/>\n<meta property=\"og:locale\" content=\"fr_FR\" \/>\n<meta property=\"og:type\" content=\"article\" \/>\n<meta property=\"og:title\" content=\"Cabine acoustique 1 personne de marque Clestra comprenant une tablette une prise RJ45 et une prise USB. on y joint un tabouret de marque Mat\u00e9ria en m\u00e9tal chrom\u00e9 et simili cuir jaune. 237 x 110 x 110 cm. 2 unit\u00e9s vendues avec facult\u00e9 de r\u00e9union. Localisation : 9 avenue Percier 75008 Paris - wpe-encheres\" \/>\n<meta property=\"og:description\" content=\"Cabine acoustique 1 personne de marque Clestra comprenant une tablette une prise RJ45 et une prise USB. on y joint un tabouret de marque Mat\u00e9ria en m\u00e9tal chrom\u00e9 et simili cuir jaune. 237 x 110 x 110 cm. 2 unit\u00e9s vendues avec facult\u00e9 de r\u00e9union. Localisation : 9 avenue Percier 75008 Paris\" \/>\n<meta property=\"og:url\" content=\"https:\/\/wpe-encheres.com\/site\/produit\/cabine-acoustique-1-personne-de-marque-clestra-comprenant-une-tablette-une-prise-rj45-et-une-prise-usb-on-y-joint-un-tabouret-de-marque-materia-en-metal-chrome-et-simili-cuir-jaune-237-x-110-x-110-c\/\" \/>\n<meta property=\"og:site_name\" content=\"wpe-encheres\" \/>\n<meta property=\"article:modified_time\" content=\"2025-09-18T08:10:06+00:00\" \/>\n<meta property=\"og:image\" content=\"https:\/\/wpe-encheres.com\/site\/wp-content\/uploads\/2025\/08\/67bc8ae4ac40c.jpg\" \/>\n\t<meta property=\"og:image:width\" content=\"589\" \/>\n\t<meta property=\"og:image:height\" content=\"1024\" \/>\n\t<meta property=\"og:image:type\" content=\"image\/jpeg\" \/>\n<meta name=\"twitter:card\" content=\"summary_large_image\" \/>\n<script type=\"application\/ld+json\" class=\"yoast-schema-graph\">{\"@context\":\"https:\\\/\\\/schema.org\",\"@graph\":[{\"@type\":\"WebPage\",\"@id\":\"https:\\\/\\\/wpe-encheres.com\\\/site\\\/produit\\\/cabine-acoustique-1-personne-de-marque-clestra-comprenant-une-tablette-une-prise-rj45-et-une-prise-usb-on-y-joint-un-tabouret-de-marque-materia-en-metal-chrome-et-simili-cuir-jaune-237-x-110-x-110-c\\\/\",\"url\":\"https:\\\/\\\/wpe-encheres.com\\\/site\\\/produit\\\/cabine-acoustique-1-personne-de-marque-clestra-comprenant-une-tablette-une-prise-rj45-et-une-prise-usb-on-y-joint-un-tabouret-de-marque-materia-en-metal-chrome-et-simili-cuir-jaune-237-x-110-x-110-c\\\/\",\"name\":\"Cabine acoustique 1 personne de marque Clestra comprenant une tablette une prise RJ45 et une prise USB. on y joint un tabouret de marque Mat\u00e9ria en m\u00e9tal chrom\u00e9 et simili cuir jaune. 237 x 110 x 110 cm. 2 unit\u00e9s vendues avec facult\u00e9 de r\u00e9union. Localisation : 9 avenue Percier 75008 Paris - wpe-encheres\",\"isPartOf\":{\"@id\":\"https:\\\/\\\/wpe-encheres.com\\\/site\\\/#website\"},\"primaryImageOfPage\":{\"@id\":\"https:\\\/\\\/wpe-encheres.com\\\/site\\\/produit\\\/cabine-acoustique-1-personne-de-marque-clestra-comprenant-une-tablette-une-prise-rj45-et-une-prise-usb-on-y-joint-un-tabouret-de-marque-materia-en-metal-chrome-et-simili-cuir-jaune-237-x-110-x-110-c\\\/#primaryimage\"},\"image\":{\"@id\":\"https:\\\/\\\/wpe-encheres.com\\\/site\\\/produit\\\/cabine-acoustique-1-personne-de-marque-clestra-comprenant-une-tablette-une-prise-rj45-et-une-prise-usb-on-y-joint-un-tabouret-de-marque-materia-en-metal-chrome-et-simili-cuir-jaune-237-x-110-x-110-c\\\/#primaryimage\"},\"thumbnailUrl\":\"https:\\\/\\\/wpe-encheres.com\\\/site\\\/wp-content\\\/uploads\\\/2025\\\/08\\\/67bc8ae4ac40c.jpg\",\"datePublished\":\"2025-08-31T17:40:21+00:00\",\"dateModified\":\"2025-09-18T08:10:06+00:00\",\"breadcrumb\":{\"@id\":\"https:\\\/\\\/wpe-encheres.com\\\/site\\\/produit\\\/cabine-acoustique-1-personne-de-marque-clestra-comprenant-une-tablette-une-prise-rj45-et-une-prise-usb-on-y-joint-un-tabouret-de-marque-materia-en-metal-chrome-et-simili-cuir-jaune-237-x-110-x-110-c\\\/#breadcrumb\"},\"inLanguage\":\"fr-FR\",\"potentialAction\":[{\"@type\":\"ReadAction\",\"target\":[\"https:\\\/\\\/wpe-encheres.com\\\/site\\\/produit\\\/cabine-acoustique-1-personne-de-marque-clestra-comprenant-une-tablette-une-prise-rj45-et-une-prise-usb-on-y-joint-un-tabouret-de-marque-materia-en-metal-chrome-et-simili-cuir-jaune-237-x-110-x-110-c\\\/\"]}]},{\"@type\":\"ImageObject\",\"inLanguage\":\"fr-FR\",\"@id\":\"https:\\\/\\\/wpe-encheres.com\\\/site\\\/produit\\\/cabine-acoustique-1-personne-de-marque-clestra-comprenant-une-tablette-une-prise-rj45-et-une-prise-usb-on-y-joint-un-tabouret-de-marque-materia-en-metal-chrome-et-simili-cuir-jaune-237-x-110-x-110-c\\\/#primaryimage\",\"url\":\"https:\\\/\\\/wpe-encheres.com\\\/site\\\/wp-content\\\/uploads\\\/2025\\\/08\\\/67bc8ae4ac40c.jpg\",\"contentUrl\":\"https:\\\/\\\/wpe-encheres.com\\\/site\\\/wp-content\\\/uploads\\\/2025\\\/08\\\/67bc8ae4ac40c.jpg\",\"width\":589,\"height\":1024},{\"@type\":\"BreadcrumbList\",\"@id\":\"https:\\\/\\\/wpe-encheres.com\\\/site\\\/produit\\\/cabine-acoustique-1-personne-de-marque-clestra-comprenant-une-tablette-une-prise-rj45-et-une-prise-usb-on-y-joint-un-tabouret-de-marque-materia-en-metal-chrome-et-simili-cuir-jaune-237-x-110-x-110-c\\\/#breadcrumb\",\"itemListElement\":[{\"@type\":\"ListItem\",\"position\":1,\"name\":\"Accueil\",\"item\":\"https:\\\/\\\/wpe-encheres.com\\\/site\\\/\"},{\"@type\":\"ListItem\",\"position\":2,\"name\":\"Boutique\",\"item\":\"https:\\\/\\\/wpe-encheres.com\\\/site\\\/?page_id=22765\"},{\"@type\":\"ListItem\",\"position\":3,\"name\":\"Cabine acoustique 1 personne de marque Clestra comprenant une tablette une prise RJ45 et une prise USB. on y joint un tabouret de marque Mat\u00e9ria en m\u00e9tal chrom\u00e9 et simili cuir jaune. 237 x 110 x 110 cm. 2 unit\u00e9s vendues avec facult\u00e9 de r\u00e9union. Localisation : 9 avenue Percier 75008 Paris\"}]},{\"@type\":\"WebSite\",\"@id\":\"https:\\\/\\\/wpe-encheres.com\\\/site\\\/#website\",\"url\":\"https:\\\/\\\/wpe-encheres.com\\\/site\\\/\",\"name\":\"wpe-encheres\",\"description\":\"\",\"publisher\":{\"@id\":\"https:\\\/\\\/wpe-encheres.com\\\/site\\\/#organization\"},\"potentialAction\":[{\"@type\":\"SearchAction\",\"target\":{\"@type\":\"EntryPoint\",\"urlTemplate\":\"https:\\\/\\\/wpe-encheres.com\\\/site\\\/?s={search_term_string}\"},\"query-input\":{\"@type\":\"PropertyValueSpecification\",\"valueRequired\":true,\"valueName\":\"search_term_string\"}}],\"inLanguage\":\"fr-FR\"},{\"@type\":\"Organization\",\"@id\":\"https:\\\/\\\/wpe-encheres.com\\\/site\\\/#organization\",\"name\":\"wpe encheres\",\"url\":\"https:\\\/\\\/wpe-encheres.com\\\/site\\\/\",\"logo\":{\"@type\":\"ImageObject\",\"inLanguage\":\"fr-FR\",\"@id\":\"https:\\\/\\\/wpe-encheres.com\\\/site\\\/#\\\/schema\\\/logo\\\/image\\\/\",\"url\":\"https:\\\/\\\/wpe-encheres.com\\\/site\\\/wp-content\\\/uploads\\\/2025\\\/08\\\/wpe-encheres-logo.png\",\"contentUrl\":\"https:\\\/\\\/wpe-encheres.com\\\/site\\\/wp-content\\\/uploads\\\/2025\\\/08\\\/wpe-encheres-logo.png\",\"width\":300,\"height\":110,\"caption\":\"wpe encheres\"},\"image\":{\"@id\":\"https:\\\/\\\/wpe-encheres.com\\\/site\\\/#\\\/schema\\\/logo\\\/image\\\/\"}}]}<\/script>\n<!-- \/ Yoast SEO plugin. -->","yoast_head_json":{"title":"Cabine acoustique 1 personne de marque Clestra comprenant une tablette une prise RJ45 et une prise USB. on y joint un tabouret de marque Mat\u00e9ria en m\u00e9tal chrom\u00e9 et simili cuir jaune. 237 x 110 x 110 cm. 2 unit\u00e9s vendues avec facult\u00e9 de r\u00e9union. Localisation : 9 avenue Percier 75008 Paris - wpe-encheres","robots":{"index":"index","follow":"follow","max-snippet":"max-snippet:-1","max-image-preview":"max-image-preview:large","max-video-preview":"max-video-preview:-1"},"canonical":"https:\/\/wpe-encheres.com\/site\/produit\/cabine-acoustique-1-personne-de-marque-clestra-comprenant-une-tablette-une-prise-rj45-et-une-prise-usb-on-y-joint-un-tabouret-de-marque-materia-en-metal-chrome-et-simili-cuir-jaune-237-x-110-x-110-c\/","og_locale":"fr_FR","og_type":"article","og_title":"Cabine acoustique 1 personne de marque Clestra comprenant une tablette une prise RJ45 et une prise USB. on y joint un tabouret de marque Mat\u00e9ria en m\u00e9tal chrom\u00e9 et simili cuir jaune. 237 x 110 x 110 cm. 2 unit\u00e9s vendues avec facult\u00e9 de r\u00e9union. Localisation : 9 avenue Percier 75008 Paris - wpe-encheres","og_description":"Cabine acoustique 1 personne de marque Clestra comprenant une tablette une prise RJ45 et une prise USB. on y joint un tabouret de marque Mat\u00e9ria en m\u00e9tal chrom\u00e9 et simili cuir jaune. 237 x 110 x 110 cm. 2 unit\u00e9s vendues avec facult\u00e9 de r\u00e9union. Localisation : 9 avenue Percier 75008 Paris","og_url":"https:\/\/wpe-encheres.com\/site\/produit\/cabine-acoustique-1-personne-de-marque-clestra-comprenant-une-tablette-une-prise-rj45-et-une-prise-usb-on-y-joint-un-tabouret-de-marque-materia-en-metal-chrome-et-simili-cuir-jaune-237-x-110-x-110-c\/","og_site_name":"wpe-encheres","article_modified_time":"2025-09-18T08:10:06+00:00","og_image":[{"width":589,"height":1024,"url":"https:\/\/wpe-encheres.com\/site\/wp-content\/uploads\/2025\/08\/67bc8ae4ac40c.jpg","type":"image\/jpeg"}],"twitter_card":"summary_large_image","schema":{"@context":"https:\/\/schema.org","@graph":[{"@type":"WebPage","@id":"https:\/\/wpe-encheres.com\/site\/produit\/cabine-acoustique-1-personne-de-marque-clestra-comprenant-une-tablette-une-prise-rj45-et-une-prise-usb-on-y-joint-un-tabouret-de-marque-materia-en-metal-chrome-et-simili-cuir-jaune-237-x-110-x-110-c\/","url":"https:\/\/wpe-encheres.com\/site\/produit\/cabine-acoustique-1-personne-de-marque-clestra-comprenant-une-tablette-une-prise-rj45-et-une-prise-usb-on-y-joint-un-tabouret-de-marque-materia-en-metal-chrome-et-simili-cuir-jaune-237-x-110-x-110-c\/","name":"Cabine acoustique 1 personne de marque Clestra comprenant une tablette une prise RJ45 et une prise USB. on y joint un tabouret de marque Mat\u00e9ria en m\u00e9tal chrom\u00e9 et simili cuir jaune. 237 x 110 x 110 cm. 2 unit\u00e9s vendues avec facult\u00e9 de r\u00e9union. Localisation : 9 avenue Percier 75008 Paris - wpe-encheres","isPartOf":{"@id":"https:\/\/wpe-encheres.com\/site\/#website"},"primaryImageOfPage":{"@id":"https:\/\/wpe-encheres.com\/site\/produit\/cabine-acoustique-1-personne-de-marque-clestra-comprenant-une-tablette-une-prise-rj45-et-une-prise-usb-on-y-joint-un-tabouret-de-marque-materia-en-metal-chrome-et-simili-cuir-jaune-237-x-110-x-110-c\/#primaryimage"},"image":{"@id":"https:\/\/wpe-encheres.com\/site\/produit\/cabine-acoustique-1-personne-de-marque-clestra-comprenant-une-tablette-une-prise-rj45-et-une-prise-usb-on-y-joint-un-tabouret-de-marque-materia-en-metal-chrome-et-simili-cuir-jaune-237-x-110-x-110-c\/#primaryimage"},"thumbnailUrl":"https:\/\/wpe-encheres.com\/site\/wp-content\/uploads\/2025\/08\/67bc8ae4ac40c.jpg","datePublished":"2025-08-31T17:40:21+00:00","dateModified":"2025-09-18T08:10:06+00:00","breadcrumb":{"@id":"https:\/\/wpe-encheres.com\/site\/produit\/cabine-acoustique-1-personne-de-marque-clestra-comprenant-une-tablette-une-prise-rj45-et-une-prise-usb-on-y-joint-un-tabouret-de-marque-materia-en-metal-chrome-et-simili-cuir-jaune-237-x-110-x-110-c\/#breadcrumb"},"inLanguage":"fr-FR","potentialAction":[{"@type":"ReadAction","target":["https:\/\/wpe-encheres.com\/site\/produit\/cabine-acoustique-1-personne-de-marque-clestra-comprenant-une-tablette-une-prise-rj45-et-une-prise-usb-on-y-joint-un-tabouret-de-marque-materia-en-metal-chrome-et-simili-cuir-jaune-237-x-110-x-110-c\/"]}]},{"@type":"ImageObject","inLanguage":"fr-FR","@id":"https:\/\/wpe-encheres.com\/site\/produit\/cabine-acoustique-1-personne-de-marque-clestra-comprenant-une-tablette-une-prise-rj45-et-une-prise-usb-on-y-joint-un-tabouret-de-marque-materia-en-metal-chrome-et-simili-cuir-jaune-237-x-110-x-110-c\/#primaryimage","url":"https:\/\/wpe-encheres.com\/site\/wp-content\/uploads\/2025\/08\/67bc8ae4ac40c.jpg","contentUrl":"https:\/\/wpe-encheres.com\/site\/wp-content\/uploads\/2025\/08\/67bc8ae4ac40c.jpg","width":589,"height":1024},{"@type":"BreadcrumbList","@id":"https:\/\/wpe-encheres.com\/site\/produit\/cabine-acoustique-1-personne-de-marque-clestra-comprenant-une-tablette-une-prise-rj45-et-une-prise-usb-on-y-joint-un-tabouret-de-marque-materia-en-metal-chrome-et-simili-cuir-jaune-237-x-110-x-110-c\/#breadcrumb","itemListElement":[{"@type":"ListItem","position":1,"name":"Accueil","item":"https:\/\/wpe-encheres.com\/site\/"},{"@type":"ListItem","position":2,"name":"Boutique","item":"https:\/\/wpe-encheres.com\/site\/?page_id=22765"},{"@type":"ListItem","position":3,"name":"Cabine acoustique 1 personne de marque Clestra comprenant une tablette une prise RJ45 et une prise USB. on y joint un tabouret de marque Mat\u00e9ria en m\u00e9tal chrom\u00e9 et simili cuir jaune. 237 x 110 x 110 cm. 2 unit\u00e9s vendues avec facult\u00e9 de r\u00e9union. Localisation : 9 avenue Percier 75008 Paris"}]},{"@type":"WebSite","@id":"https:\/\/wpe-encheres.com\/site\/#website","url":"https:\/\/wpe-encheres.com\/site\/","name":"wpe-encheres","description":"","publisher":{"@id":"https:\/\/wpe-encheres.com\/site\/#organization"},"potentialAction":[{"@type":"SearchAction","target":{"@type":"EntryPoint","urlTemplate":"https:\/\/wpe-encheres.com\/site\/?s={search_term_string}"},"query-input":{"@type":"PropertyValueSpecification","valueRequired":true,"valueName":"search_term_string"}}],"inLanguage":"fr-FR"},{"@type":"Organization","@id":"https:\/\/wpe-encheres.com\/site\/#organization","name":"wpe encheres","url":"https:\/\/wpe-encheres.com\/site\/","logo":{"@type":"ImageObject","inLanguage":"fr-FR","@id":"https:\/\/wpe-encheres.com\/site\/#\/schema\/logo\/image\/","url":"https:\/\/wpe-encheres.com\/site\/wp-content\/uploads\/2025\/08\/wpe-encheres-logo.png","contentUrl":"https:\/\/wpe-encheres.com\/site\/wp-content\/uploads\/2025\/08\/wpe-encheres-logo.png","width":300,"height":110,"caption":"wpe encheres"},"image":{"@id":"https:\/\/wpe-encheres.com\/site\/#\/schema\/logo\/image\/"}}]}},"_links":{"self":[{"href":"https:\/\/wpe-encheres.com\/site\/wp-json\/wp\/v2\/product\/29020","targetHints":{"allow":["GET"]}}],"collection":[{"href":"https:\/\/wpe-encheres.com\/site\/wp-json\/wp\/v2\/product"}],"about":[{"href":"https:\/\/wpe-encheres.com\/site\/wp-json\/wp\/v2\/types\/product"}],"wp:featuredmedia":[{"embeddable":true,"href":"https:\/\/wpe-encheres.com\/site\/wp-json\/wp\/v2\/media\/29021"}],"wp:attachment":[{"href":"https:\/\/wpe-encheres.com\/site\/wp-json\/wp\/v2\/media?parent=29020"}],"wp:term":[{"taxonomy":"product_brand","embeddable":true,"href":"https:\/\/wpe-encheres.com\/site\/wp-json\/wp\/v2\/product_brand?post=29020"},{"taxonomy":"product_cat","embeddable":true,"href":"https:\/\/wpe-encheres.com\/site\/wp-json\/wp\/v2\/product_cat?post=29020"},{"taxonomy":"product_tag","embeddable":true,"href":"https:\/\/wpe-encheres.com\/site\/wp-json\/wp\/v2\/product_tag?post=29020"}],"curies":[{"name":"wp","href":"https:\/\/api.w.org\/{rel}","templated":true}]}}