{"id":28578,"date":"2025-08-31T19:26:52","date_gmt":"2025-08-31T17:26:52","guid":{"rendered":"https:\/\/wpe-encheres.com\/site\/produit\/fauteuil-de-formation-sur-roulettes-avec-tablette-orientable-et-rangement-sous-le-siege-armature-en-plastique-blanc-assise-en-tissu-de-differentes-couleurs-dont-bleu-orange-ou-vert-pietement-en-ac\/"},"modified":"2025-09-18T10:12:47","modified_gmt":"2025-09-18T08:12:47","slug":"fauteuil-de-formation-sur-roulettes-avec-tablette-orientable-et-rangement-sous-le-siege-armature-en-plastique-blanc-assise-en-tissu-de-differentes-couleurs-dont-bleu-orange-ou-vert-pietement-en-ac","status":"publish","type":"product","link":"https:\/\/wpe-encheres.com\/site\/produit\/fauteuil-de-formation-sur-roulettes-avec-tablette-orientable-et-rangement-sous-le-siege-armature-en-plastique-blanc-assise-en-tissu-de-differentes-couleurs-dont-bleu-orange-ou-vert-pietement-en-ac\/","title":{"rendered":"Fauteuil de formation sur roulettes avec tablette orientable et rangement sous le si\u00e8ge, armature en plastique blanc, assise en tissu de diff\u00e9rentes couleurs dont bleu, orange ou vert, pi\u00e8tement en acier laqu\u00e9 blanc. 88 x 60 x 70 cm. 18 unit\u00e9s vendues avec facult\u00e9 de r\u00e9union. Localisation : 8 rue de la Foss\u00e9 aux Leux 91700 Ste Genevi\u00e8ve des Bois"},"content":{"rendered":"<p>Fauteuil de formation sur roulettes avec tablette orientable et rangement sous le si\u00e8ge, armature en plastique blanc, assise en tissu de diff\u00e9rentes couleurs dont bleu, orange ou vert, pi\u00e8tement en acier laqu\u00e9 blanc. 88 x 60 x 70 cm. 18 unit\u00e9s vendues avec facult\u00e9 de r\u00e9union. Localisation : 8 rue de la Foss\u00e9 aux Leux 91700 Ste Genevi\u00e8ve des Bois<\/p>\n","protected":false},"excerpt":{"rendered":"<p>Fauteuil de formation sur roulettes avec tablette orientable et rangement sous le si\u00e8ge, armature en plastique blanc, assise en tissu de diff\u00e9rentes couleurs dont bleu, orange ou vert, pi\u00e8tement en acier laqu\u00e9 blanc. 88 x 60 x 70 cm. 18 unit\u00e9s vendues avec facult\u00e9 de r\u00e9union. Localisation : 8 rue de la Foss\u00e9 aux Leux 91700 Ste Genevi\u00e8ve des Bois<\/p>\n","protected":false},"featured_media":28579,"template":"","meta":{"_acf_changed":false},"product_brand":[],"product_cat":[24],"product_tag":[42],"class_list":{"0":"post-28578","1":"product","2":"type-product","3":"status-publish","4":"has-post-thumbnail","6":"product_cat-mobilier-de-bureau-equipement-du-bureau","7":"product_tag-vente-du-19-mars-2025","9":"first","10":"outofstock","11":"product-type-simple"},"acf":[],"yoast_head":"<!-- This site is optimized with the Yoast SEO plugin v27.3 - https:\/\/yoast.com\/product\/yoast-seo-wordpress\/ -->\n<title>Fauteuil de formation sur roulettes avec tablette orientable et rangement sous le si\u00e8ge, armature en plastique blanc, assise en tissu de diff\u00e9rentes couleurs dont bleu, orange ou vert, pi\u00e8tement en acier laqu\u00e9 blanc. 88 x 60 x 70 cm. 18 unit\u00e9s vendues avec facult\u00e9 de r\u00e9union. Localisation : 8 rue de la Foss\u00e9 aux Leux 91700 Ste Genevi\u00e8ve des Bois - wpe-encheres<\/title>\n<meta name=\"robots\" content=\"index, follow, max-snippet:-1, max-image-preview:large, max-video-preview:-1\" \/>\n<link rel=\"canonical\" href=\"https:\/\/wpe-encheres.com\/site\/produit\/fauteuil-de-formation-sur-roulettes-avec-tablette-orientable-et-rangement-sous-le-siege-armature-en-plastique-blanc-assise-en-tissu-de-differentes-couleurs-dont-bleu-orange-ou-vert-pietement-en-ac\/\" \/>\n<meta property=\"og:locale\" content=\"fr_FR\" \/>\n<meta property=\"og:type\" content=\"article\" \/>\n<meta property=\"og:title\" content=\"Fauteuil de formation sur roulettes avec tablette orientable et rangement sous le si\u00e8ge, armature en plastique blanc, assise en tissu de diff\u00e9rentes couleurs dont bleu, orange ou vert, pi\u00e8tement en acier laqu\u00e9 blanc. 88 x 60 x 70 cm. 18 unit\u00e9s vendues avec facult\u00e9 de r\u00e9union. Localisation : 8 rue de la Foss\u00e9 aux Leux 91700 Ste Genevi\u00e8ve des Bois - wpe-encheres\" \/>\n<meta property=\"og:description\" content=\"Fauteuil de formation sur roulettes avec tablette orientable et rangement sous le si\u00e8ge, armature en plastique blanc, assise en tissu de diff\u00e9rentes couleurs dont bleu, orange ou vert, pi\u00e8tement en acier laqu\u00e9 blanc. 88 x 60 x 70 cm. 18 unit\u00e9s vendues avec facult\u00e9 de r\u00e9union. Localisation : 8 rue de la Foss\u00e9 aux Leux 91700 Ste Genevi\u00e8ve des Bois\" \/>\n<meta property=\"og:url\" content=\"https:\/\/wpe-encheres.com\/site\/produit\/fauteuil-de-formation-sur-roulettes-avec-tablette-orientable-et-rangement-sous-le-siege-armature-en-plastique-blanc-assise-en-tissu-de-differentes-couleurs-dont-bleu-orange-ou-vert-pietement-en-ac\/\" \/>\n<meta property=\"og:site_name\" content=\"wpe-encheres\" \/>\n<meta property=\"article:modified_time\" content=\"2025-09-18T08:12:47+00:00\" \/>\n<meta property=\"og:image\" content=\"https:\/\/wpe-encheres.com\/site\/wp-content\/uploads\/2025\/08\/67b8bd84e7d25.jpg\" \/>\n\t<meta property=\"og:image:width\" content=\"660\" \/>\n\t<meta property=\"og:image:height\" content=\"760\" \/>\n\t<meta property=\"og:image:type\" content=\"image\/jpeg\" \/>\n<meta name=\"twitter:card\" content=\"summary_large_image\" \/>\n<script type=\"application\/ld+json\" class=\"yoast-schema-graph\">{\"@context\":\"https:\\\/\\\/schema.org\",\"@graph\":[{\"@type\":\"WebPage\",\"@id\":\"https:\\\/\\\/wpe-encheres.com\\\/site\\\/produit\\\/fauteuil-de-formation-sur-roulettes-avec-tablette-orientable-et-rangement-sous-le-siege-armature-en-plastique-blanc-assise-en-tissu-de-differentes-couleurs-dont-bleu-orange-ou-vert-pietement-en-ac\\\/\",\"url\":\"https:\\\/\\\/wpe-encheres.com\\\/site\\\/produit\\\/fauteuil-de-formation-sur-roulettes-avec-tablette-orientable-et-rangement-sous-le-siege-armature-en-plastique-blanc-assise-en-tissu-de-differentes-couleurs-dont-bleu-orange-ou-vert-pietement-en-ac\\\/\",\"name\":\"Fauteuil de formation sur roulettes avec tablette orientable et rangement sous le si\u00e8ge, armature en plastique blanc, assise en tissu de diff\u00e9rentes couleurs dont bleu, orange ou vert, pi\u00e8tement en acier laqu\u00e9 blanc. 88 x 60 x 70 cm. 18 unit\u00e9s vendues avec facult\u00e9 de r\u00e9union. Localisation : 8 rue de la Foss\u00e9 aux Leux 91700 Ste Genevi\u00e8ve des Bois - wpe-encheres\",\"isPartOf\":{\"@id\":\"https:\\\/\\\/wpe-encheres.com\\\/site\\\/#website\"},\"primaryImageOfPage\":{\"@id\":\"https:\\\/\\\/wpe-encheres.com\\\/site\\\/produit\\\/fauteuil-de-formation-sur-roulettes-avec-tablette-orientable-et-rangement-sous-le-siege-armature-en-plastique-blanc-assise-en-tissu-de-differentes-couleurs-dont-bleu-orange-ou-vert-pietement-en-ac\\\/#primaryimage\"},\"image\":{\"@id\":\"https:\\\/\\\/wpe-encheres.com\\\/site\\\/produit\\\/fauteuil-de-formation-sur-roulettes-avec-tablette-orientable-et-rangement-sous-le-siege-armature-en-plastique-blanc-assise-en-tissu-de-differentes-couleurs-dont-bleu-orange-ou-vert-pietement-en-ac\\\/#primaryimage\"},\"thumbnailUrl\":\"https:\\\/\\\/wpe-encheres.com\\\/site\\\/wp-content\\\/uploads\\\/2025\\\/08\\\/67b8bd84e7d25.jpg\",\"datePublished\":\"2025-08-31T17:26:52+00:00\",\"dateModified\":\"2025-09-18T08:12:47+00:00\",\"breadcrumb\":{\"@id\":\"https:\\\/\\\/wpe-encheres.com\\\/site\\\/produit\\\/fauteuil-de-formation-sur-roulettes-avec-tablette-orientable-et-rangement-sous-le-siege-armature-en-plastique-blanc-assise-en-tissu-de-differentes-couleurs-dont-bleu-orange-ou-vert-pietement-en-ac\\\/#breadcrumb\"},\"inLanguage\":\"fr-FR\",\"potentialAction\":[{\"@type\":\"ReadAction\",\"target\":[\"https:\\\/\\\/wpe-encheres.com\\\/site\\\/produit\\\/fauteuil-de-formation-sur-roulettes-avec-tablette-orientable-et-rangement-sous-le-siege-armature-en-plastique-blanc-assise-en-tissu-de-differentes-couleurs-dont-bleu-orange-ou-vert-pietement-en-ac\\\/\"]}]},{\"@type\":\"ImageObject\",\"inLanguage\":\"fr-FR\",\"@id\":\"https:\\\/\\\/wpe-encheres.com\\\/site\\\/produit\\\/fauteuil-de-formation-sur-roulettes-avec-tablette-orientable-et-rangement-sous-le-siege-armature-en-plastique-blanc-assise-en-tissu-de-differentes-couleurs-dont-bleu-orange-ou-vert-pietement-en-ac\\\/#primaryimage\",\"url\":\"https:\\\/\\\/wpe-encheres.com\\\/site\\\/wp-content\\\/uploads\\\/2025\\\/08\\\/67b8bd84e7d25.jpg\",\"contentUrl\":\"https:\\\/\\\/wpe-encheres.com\\\/site\\\/wp-content\\\/uploads\\\/2025\\\/08\\\/67b8bd84e7d25.jpg\",\"width\":660,\"height\":760},{\"@type\":\"BreadcrumbList\",\"@id\":\"https:\\\/\\\/wpe-encheres.com\\\/site\\\/produit\\\/fauteuil-de-formation-sur-roulettes-avec-tablette-orientable-et-rangement-sous-le-siege-armature-en-plastique-blanc-assise-en-tissu-de-differentes-couleurs-dont-bleu-orange-ou-vert-pietement-en-ac\\\/#breadcrumb\",\"itemListElement\":[{\"@type\":\"ListItem\",\"position\":1,\"name\":\"Accueil\",\"item\":\"https:\\\/\\\/wpe-encheres.com\\\/site\\\/\"},{\"@type\":\"ListItem\",\"position\":2,\"name\":\"Boutique\",\"item\":\"https:\\\/\\\/wpe-encheres.com\\\/site\\\/?page_id=22765\"},{\"@type\":\"ListItem\",\"position\":3,\"name\":\"Fauteuil de formation sur roulettes avec tablette orientable et rangement sous le si\u00e8ge, armature en plastique blanc, assise en tissu de diff\u00e9rentes couleurs dont bleu, orange ou vert, pi\u00e8tement en acier laqu\u00e9 blanc. 88 x 60 x 70 cm. 18 unit\u00e9s vendues avec facult\u00e9 de r\u00e9union. Localisation : 8 rue de la Foss\u00e9 aux Leux 91700 Ste Genevi\u00e8ve des Bois\"}]},{\"@type\":\"WebSite\",\"@id\":\"https:\\\/\\\/wpe-encheres.com\\\/site\\\/#website\",\"url\":\"https:\\\/\\\/wpe-encheres.com\\\/site\\\/\",\"name\":\"wpe-encheres\",\"description\":\"\",\"publisher\":{\"@id\":\"https:\\\/\\\/wpe-encheres.com\\\/site\\\/#organization\"},\"potentialAction\":[{\"@type\":\"SearchAction\",\"target\":{\"@type\":\"EntryPoint\",\"urlTemplate\":\"https:\\\/\\\/wpe-encheres.com\\\/site\\\/?s={search_term_string}\"},\"query-input\":{\"@type\":\"PropertyValueSpecification\",\"valueRequired\":true,\"valueName\":\"search_term_string\"}}],\"inLanguage\":\"fr-FR\"},{\"@type\":\"Organization\",\"@id\":\"https:\\\/\\\/wpe-encheres.com\\\/site\\\/#organization\",\"name\":\"wpe encheres\",\"url\":\"https:\\\/\\\/wpe-encheres.com\\\/site\\\/\",\"logo\":{\"@type\":\"ImageObject\",\"inLanguage\":\"fr-FR\",\"@id\":\"https:\\\/\\\/wpe-encheres.com\\\/site\\\/#\\\/schema\\\/logo\\\/image\\\/\",\"url\":\"https:\\\/\\\/wpe-encheres.com\\\/site\\\/wp-content\\\/uploads\\\/2025\\\/08\\\/wpe-encheres-logo.png\",\"contentUrl\":\"https:\\\/\\\/wpe-encheres.com\\\/site\\\/wp-content\\\/uploads\\\/2025\\\/08\\\/wpe-encheres-logo.png\",\"width\":300,\"height\":110,\"caption\":\"wpe encheres\"},\"image\":{\"@id\":\"https:\\\/\\\/wpe-encheres.com\\\/site\\\/#\\\/schema\\\/logo\\\/image\\\/\"}}]}<\/script>\n<!-- \/ Yoast SEO plugin. -->","yoast_head_json":{"title":"Fauteuil de formation sur roulettes avec tablette orientable et rangement sous le si\u00e8ge, armature en plastique blanc, assise en tissu de diff\u00e9rentes couleurs dont bleu, orange ou vert, pi\u00e8tement en acier laqu\u00e9 blanc. 88 x 60 x 70 cm. 18 unit\u00e9s vendues avec facult\u00e9 de r\u00e9union. Localisation : 8 rue de la Foss\u00e9 aux Leux 91700 Ste Genevi\u00e8ve des Bois - wpe-encheres","robots":{"index":"index","follow":"follow","max-snippet":"max-snippet:-1","max-image-preview":"max-image-preview:large","max-video-preview":"max-video-preview:-1"},"canonical":"https:\/\/wpe-encheres.com\/site\/produit\/fauteuil-de-formation-sur-roulettes-avec-tablette-orientable-et-rangement-sous-le-siege-armature-en-plastique-blanc-assise-en-tissu-de-differentes-couleurs-dont-bleu-orange-ou-vert-pietement-en-ac\/","og_locale":"fr_FR","og_type":"article","og_title":"Fauteuil de formation sur roulettes avec tablette orientable et rangement sous le si\u00e8ge, armature en plastique blanc, assise en tissu de diff\u00e9rentes couleurs dont bleu, orange ou vert, pi\u00e8tement en acier laqu\u00e9 blanc. 88 x 60 x 70 cm. 18 unit\u00e9s vendues avec facult\u00e9 de r\u00e9union. Localisation : 8 rue de la Foss\u00e9 aux Leux 91700 Ste Genevi\u00e8ve des Bois - wpe-encheres","og_description":"Fauteuil de formation sur roulettes avec tablette orientable et rangement sous le si\u00e8ge, armature en plastique blanc, assise en tissu de diff\u00e9rentes couleurs dont bleu, orange ou vert, pi\u00e8tement en acier laqu\u00e9 blanc. 88 x 60 x 70 cm. 18 unit\u00e9s vendues avec facult\u00e9 de r\u00e9union. Localisation : 8 rue de la Foss\u00e9 aux Leux 91700 Ste Genevi\u00e8ve des Bois","og_url":"https:\/\/wpe-encheres.com\/site\/produit\/fauteuil-de-formation-sur-roulettes-avec-tablette-orientable-et-rangement-sous-le-siege-armature-en-plastique-blanc-assise-en-tissu-de-differentes-couleurs-dont-bleu-orange-ou-vert-pietement-en-ac\/","og_site_name":"wpe-encheres","article_modified_time":"2025-09-18T08:12:47+00:00","og_image":[{"width":660,"height":760,"url":"https:\/\/wpe-encheres.com\/site\/wp-content\/uploads\/2025\/08\/67b8bd84e7d25.jpg","type":"image\/jpeg"}],"twitter_card":"summary_large_image","schema":{"@context":"https:\/\/schema.org","@graph":[{"@type":"WebPage","@id":"https:\/\/wpe-encheres.com\/site\/produit\/fauteuil-de-formation-sur-roulettes-avec-tablette-orientable-et-rangement-sous-le-siege-armature-en-plastique-blanc-assise-en-tissu-de-differentes-couleurs-dont-bleu-orange-ou-vert-pietement-en-ac\/","url":"https:\/\/wpe-encheres.com\/site\/produit\/fauteuil-de-formation-sur-roulettes-avec-tablette-orientable-et-rangement-sous-le-siege-armature-en-plastique-blanc-assise-en-tissu-de-differentes-couleurs-dont-bleu-orange-ou-vert-pietement-en-ac\/","name":"Fauteuil de formation sur roulettes avec tablette orientable et rangement sous le si\u00e8ge, armature en plastique blanc, assise en tissu de diff\u00e9rentes couleurs dont bleu, orange ou vert, pi\u00e8tement en acier laqu\u00e9 blanc. 88 x 60 x 70 cm. 18 unit\u00e9s vendues avec facult\u00e9 de r\u00e9union. Localisation : 8 rue de la Foss\u00e9 aux Leux 91700 Ste Genevi\u00e8ve des Bois - wpe-encheres","isPartOf":{"@id":"https:\/\/wpe-encheres.com\/site\/#website"},"primaryImageOfPage":{"@id":"https:\/\/wpe-encheres.com\/site\/produit\/fauteuil-de-formation-sur-roulettes-avec-tablette-orientable-et-rangement-sous-le-siege-armature-en-plastique-blanc-assise-en-tissu-de-differentes-couleurs-dont-bleu-orange-ou-vert-pietement-en-ac\/#primaryimage"},"image":{"@id":"https:\/\/wpe-encheres.com\/site\/produit\/fauteuil-de-formation-sur-roulettes-avec-tablette-orientable-et-rangement-sous-le-siege-armature-en-plastique-blanc-assise-en-tissu-de-differentes-couleurs-dont-bleu-orange-ou-vert-pietement-en-ac\/#primaryimage"},"thumbnailUrl":"https:\/\/wpe-encheres.com\/site\/wp-content\/uploads\/2025\/08\/67b8bd84e7d25.jpg","datePublished":"2025-08-31T17:26:52+00:00","dateModified":"2025-09-18T08:12:47+00:00","breadcrumb":{"@id":"https:\/\/wpe-encheres.com\/site\/produit\/fauteuil-de-formation-sur-roulettes-avec-tablette-orientable-et-rangement-sous-le-siege-armature-en-plastique-blanc-assise-en-tissu-de-differentes-couleurs-dont-bleu-orange-ou-vert-pietement-en-ac\/#breadcrumb"},"inLanguage":"fr-FR","potentialAction":[{"@type":"ReadAction","target":["https:\/\/wpe-encheres.com\/site\/produit\/fauteuil-de-formation-sur-roulettes-avec-tablette-orientable-et-rangement-sous-le-siege-armature-en-plastique-blanc-assise-en-tissu-de-differentes-couleurs-dont-bleu-orange-ou-vert-pietement-en-ac\/"]}]},{"@type":"ImageObject","inLanguage":"fr-FR","@id":"https:\/\/wpe-encheres.com\/site\/produit\/fauteuil-de-formation-sur-roulettes-avec-tablette-orientable-et-rangement-sous-le-siege-armature-en-plastique-blanc-assise-en-tissu-de-differentes-couleurs-dont-bleu-orange-ou-vert-pietement-en-ac\/#primaryimage","url":"https:\/\/wpe-encheres.com\/site\/wp-content\/uploads\/2025\/08\/67b8bd84e7d25.jpg","contentUrl":"https:\/\/wpe-encheres.com\/site\/wp-content\/uploads\/2025\/08\/67b8bd84e7d25.jpg","width":660,"height":760},{"@type":"BreadcrumbList","@id":"https:\/\/wpe-encheres.com\/site\/produit\/fauteuil-de-formation-sur-roulettes-avec-tablette-orientable-et-rangement-sous-le-siege-armature-en-plastique-blanc-assise-en-tissu-de-differentes-couleurs-dont-bleu-orange-ou-vert-pietement-en-ac\/#breadcrumb","itemListElement":[{"@type":"ListItem","position":1,"name":"Accueil","item":"https:\/\/wpe-encheres.com\/site\/"},{"@type":"ListItem","position":2,"name":"Boutique","item":"https:\/\/wpe-encheres.com\/site\/?page_id=22765"},{"@type":"ListItem","position":3,"name":"Fauteuil de formation sur roulettes avec tablette orientable et rangement sous le si\u00e8ge, armature en plastique blanc, assise en tissu de diff\u00e9rentes couleurs dont bleu, orange ou vert, pi\u00e8tement en acier laqu\u00e9 blanc. 88 x 60 x 70 cm. 18 unit\u00e9s vendues avec facult\u00e9 de r\u00e9union. Localisation : 8 rue de la Foss\u00e9 aux Leux 91700 Ste Genevi\u00e8ve des Bois"}]},{"@type":"WebSite","@id":"https:\/\/wpe-encheres.com\/site\/#website","url":"https:\/\/wpe-encheres.com\/site\/","name":"wpe-encheres","description":"","publisher":{"@id":"https:\/\/wpe-encheres.com\/site\/#organization"},"potentialAction":[{"@type":"SearchAction","target":{"@type":"EntryPoint","urlTemplate":"https:\/\/wpe-encheres.com\/site\/?s={search_term_string}"},"query-input":{"@type":"PropertyValueSpecification","valueRequired":true,"valueName":"search_term_string"}}],"inLanguage":"fr-FR"},{"@type":"Organization","@id":"https:\/\/wpe-encheres.com\/site\/#organization","name":"wpe encheres","url":"https:\/\/wpe-encheres.com\/site\/","logo":{"@type":"ImageObject","inLanguage":"fr-FR","@id":"https:\/\/wpe-encheres.com\/site\/#\/schema\/logo\/image\/","url":"https:\/\/wpe-encheres.com\/site\/wp-content\/uploads\/2025\/08\/wpe-encheres-logo.png","contentUrl":"https:\/\/wpe-encheres.com\/site\/wp-content\/uploads\/2025\/08\/wpe-encheres-logo.png","width":300,"height":110,"caption":"wpe encheres"},"image":{"@id":"https:\/\/wpe-encheres.com\/site\/#\/schema\/logo\/image\/"}}]}},"_links":{"self":[{"href":"https:\/\/wpe-encheres.com\/site\/wp-json\/wp\/v2\/product\/28578","targetHints":{"allow":["GET"]}}],"collection":[{"href":"https:\/\/wpe-encheres.com\/site\/wp-json\/wp\/v2\/product"}],"about":[{"href":"https:\/\/wpe-encheres.com\/site\/wp-json\/wp\/v2\/types\/product"}],"wp:featuredmedia":[{"embeddable":true,"href":"https:\/\/wpe-encheres.com\/site\/wp-json\/wp\/v2\/media\/28579"}],"wp:attachment":[{"href":"https:\/\/wpe-encheres.com\/site\/wp-json\/wp\/v2\/media?parent=28578"}],"wp:term":[{"taxonomy":"product_brand","embeddable":true,"href":"https:\/\/wpe-encheres.com\/site\/wp-json\/wp\/v2\/product_brand?post=28578"},{"taxonomy":"product_cat","embeddable":true,"href":"https:\/\/wpe-encheres.com\/site\/wp-json\/wp\/v2\/product_cat?post=28578"},{"taxonomy":"product_tag","embeddable":true,"href":"https:\/\/wpe-encheres.com\/site\/wp-json\/wp\/v2\/product_tag?post=28578"}],"curies":[{"name":"wp","href":"https:\/\/api.w.org\/{rel}","templated":true}]}}