{"id":28516,"date":"2025-08-31T19:26:15","date_gmt":"2025-08-31T17:26:15","guid":{"rendered":"https:\/\/wpe-encheres.com\/site\/produit\/tablette-de-commande-generale-de-marque-polycom-modele-realpresence-touch-permettant-la-gestion-de-lensemble-dun-systeme-de-vision-conference-polycom-20-unites-vendu-a-lunite-avec-faculte-de-reu\/"},"modified":"2025-09-18T10:13:15","modified_gmt":"2025-09-18T08:13:15","slug":"tablette-de-commande-generale-de-marque-polycom-modele-realpresence-touch-permettant-la-gestion-de-lensemble-dun-systeme-de-vision-conference-polycom-20-unites-vendu-a-lunite-avec-faculte-de-reu","status":"publish","type":"product","link":"https:\/\/wpe-encheres.com\/site\/produit\/tablette-de-commande-generale-de-marque-polycom-modele-realpresence-touch-permettant-la-gestion-de-lensemble-dun-systeme-de-vision-conference-polycom-20-unites-vendu-a-lunite-avec-faculte-de-reu\/","title":{"rendered":"Tablette de commande g\u00e9n\u00e9rale de marque Polycom mod\u00e8le Realpresence Touch, permettant la gestion de l&rsquo;ensemble d&rsquo;un syst\u00e8me de vision conf\u00e9rence Polycom. 20 unit\u00e9s. Vendu \u00e0 l&rsquo;unit\u00e9 avec facult\u00e9 de r\u00e9union. Localisation : 10 rue du Ballon 93160 Noisy le Grand"},"content":{"rendered":"<p>Tablette de commande g\u00e9n\u00e9rale de marque Polycom mod\u00e8le Realpresence Touch, permettant la gestion de l&rsquo;ensemble d&rsquo;un syst\u00e8me de vision conf\u00e9rence Polycom. 20 unit\u00e9s. Vendu \u00e0 l&rsquo;unit\u00e9 avec facult\u00e9 de r\u00e9union. Localisation : 10 rue du Ballon 93160 Noisy le Grand<\/p>\n","protected":false},"excerpt":{"rendered":"<p>Tablette de commande g\u00e9n\u00e9rale de marque Polycom mod\u00e8le Realpresence Touch, permettant la gestion de l&rsquo;ensemble d&rsquo;un syst\u00e8me de vision conf\u00e9rence Polycom. 20 unit\u00e9s. Vendu \u00e0 l&rsquo;unit\u00e9 avec facult\u00e9 de r\u00e9union. Localisation : 10 rue du Ballon 93160 Noisy le Grand<\/p>\n","protected":false},"featured_media":28517,"template":"","meta":{"_acf_changed":false},"product_brand":[],"product_cat":[28],"product_tag":[42],"class_list":{"0":"post-28516","1":"product","2":"type-product","3":"status-publish","4":"has-post-thumbnail","6":"product_cat-electronique-informatique-image-son-et-telephonie","7":"product_tag-vente-du-19-mars-2025","9":"first","10":"outofstock","11":"product-type-simple"},"acf":[],"yoast_head":"<!-- This site is optimized with the Yoast SEO plugin v27.3 - https:\/\/yoast.com\/product\/yoast-seo-wordpress\/ -->\n<title>Tablette de commande g\u00e9n\u00e9rale de marque Polycom mod\u00e8le Realpresence Touch, permettant la gestion de l&#039;ensemble d&#039;un syst\u00e8me de vision conf\u00e9rence Polycom. 20 unit\u00e9s. Vendu \u00e0 l&#039;unit\u00e9 avec facult\u00e9 de r\u00e9union. Localisation : 10 rue du Ballon 93160 Noisy le Grand - wpe-encheres<\/title>\n<meta name=\"robots\" content=\"index, follow, max-snippet:-1, max-image-preview:large, max-video-preview:-1\" \/>\n<link rel=\"canonical\" href=\"https:\/\/wpe-encheres.com\/site\/produit\/tablette-de-commande-generale-de-marque-polycom-modele-realpresence-touch-permettant-la-gestion-de-lensemble-dun-systeme-de-vision-conference-polycom-20-unites-vendu-a-lunite-avec-faculte-de-reu\/\" \/>\n<meta property=\"og:locale\" content=\"fr_FR\" \/>\n<meta property=\"og:type\" content=\"article\" \/>\n<meta property=\"og:title\" content=\"Tablette de commande g\u00e9n\u00e9rale de marque Polycom mod\u00e8le Realpresence Touch, permettant la gestion de l&#039;ensemble d&#039;un syst\u00e8me de vision conf\u00e9rence Polycom. 20 unit\u00e9s. Vendu \u00e0 l&#039;unit\u00e9 avec facult\u00e9 de r\u00e9union. Localisation : 10 rue du Ballon 93160 Noisy le Grand - wpe-encheres\" \/>\n<meta property=\"og:description\" content=\"Tablette de commande g\u00e9n\u00e9rale de marque Polycom mod\u00e8le Realpresence Touch, permettant la gestion de l&#039;ensemble d&#039;un syst\u00e8me de vision conf\u00e9rence Polycom. 20 unit\u00e9s. Vendu \u00e0 l&#039;unit\u00e9 avec facult\u00e9 de r\u00e9union. Localisation : 10 rue du Ballon 93160 Noisy le Grand\" \/>\n<meta property=\"og:url\" content=\"https:\/\/wpe-encheres.com\/site\/produit\/tablette-de-commande-generale-de-marque-polycom-modele-realpresence-touch-permettant-la-gestion-de-lensemble-dun-systeme-de-vision-conference-polycom-20-unites-vendu-a-lunite-avec-faculte-de-reu\/\" \/>\n<meta property=\"og:site_name\" content=\"wpe-encheres\" \/>\n<meta property=\"article:modified_time\" content=\"2025-09-18T08:13:15+00:00\" \/>\n<meta property=\"og:image\" content=\"https:\/\/wpe-encheres.com\/site\/wp-content\/uploads\/2025\/08\/67c1dda7f34f7.jpg\" \/>\n\t<meta property=\"og:image:width\" content=\"2048\" \/>\n\t<meta property=\"og:image:height\" content=\"1536\" \/>\n\t<meta property=\"og:image:type\" content=\"image\/jpeg\" \/>\n<meta name=\"twitter:card\" content=\"summary_large_image\" \/>\n<script type=\"application\/ld+json\" class=\"yoast-schema-graph\">{\"@context\":\"https:\\\/\\\/schema.org\",\"@graph\":[{\"@type\":\"WebPage\",\"@id\":\"https:\\\/\\\/wpe-encheres.com\\\/site\\\/produit\\\/tablette-de-commande-generale-de-marque-polycom-modele-realpresence-touch-permettant-la-gestion-de-lensemble-dun-systeme-de-vision-conference-polycom-20-unites-vendu-a-lunite-avec-faculte-de-reu\\\/\",\"url\":\"https:\\\/\\\/wpe-encheres.com\\\/site\\\/produit\\\/tablette-de-commande-generale-de-marque-polycom-modele-realpresence-touch-permettant-la-gestion-de-lensemble-dun-systeme-de-vision-conference-polycom-20-unites-vendu-a-lunite-avec-faculte-de-reu\\\/\",\"name\":\"Tablette de commande g\u00e9n\u00e9rale de marque Polycom mod\u00e8le Realpresence Touch, permettant la gestion de l'ensemble d'un syst\u00e8me de vision conf\u00e9rence Polycom. 20 unit\u00e9s. Vendu \u00e0 l'unit\u00e9 avec facult\u00e9 de r\u00e9union. Localisation : 10 rue du Ballon 93160 Noisy le Grand - wpe-encheres\",\"isPartOf\":{\"@id\":\"https:\\\/\\\/wpe-encheres.com\\\/site\\\/#website\"},\"primaryImageOfPage\":{\"@id\":\"https:\\\/\\\/wpe-encheres.com\\\/site\\\/produit\\\/tablette-de-commande-generale-de-marque-polycom-modele-realpresence-touch-permettant-la-gestion-de-lensemble-dun-systeme-de-vision-conference-polycom-20-unites-vendu-a-lunite-avec-faculte-de-reu\\\/#primaryimage\"},\"image\":{\"@id\":\"https:\\\/\\\/wpe-encheres.com\\\/site\\\/produit\\\/tablette-de-commande-generale-de-marque-polycom-modele-realpresence-touch-permettant-la-gestion-de-lensemble-dun-systeme-de-vision-conference-polycom-20-unites-vendu-a-lunite-avec-faculte-de-reu\\\/#primaryimage\"},\"thumbnailUrl\":\"https:\\\/\\\/wpe-encheres.com\\\/site\\\/wp-content\\\/uploads\\\/2025\\\/08\\\/67c1dda7f34f7.jpg\",\"datePublished\":\"2025-08-31T17:26:15+00:00\",\"dateModified\":\"2025-09-18T08:13:15+00:00\",\"breadcrumb\":{\"@id\":\"https:\\\/\\\/wpe-encheres.com\\\/site\\\/produit\\\/tablette-de-commande-generale-de-marque-polycom-modele-realpresence-touch-permettant-la-gestion-de-lensemble-dun-systeme-de-vision-conference-polycom-20-unites-vendu-a-lunite-avec-faculte-de-reu\\\/#breadcrumb\"},\"inLanguage\":\"fr-FR\",\"potentialAction\":[{\"@type\":\"ReadAction\",\"target\":[\"https:\\\/\\\/wpe-encheres.com\\\/site\\\/produit\\\/tablette-de-commande-generale-de-marque-polycom-modele-realpresence-touch-permettant-la-gestion-de-lensemble-dun-systeme-de-vision-conference-polycom-20-unites-vendu-a-lunite-avec-faculte-de-reu\\\/\"]}]},{\"@type\":\"ImageObject\",\"inLanguage\":\"fr-FR\",\"@id\":\"https:\\\/\\\/wpe-encheres.com\\\/site\\\/produit\\\/tablette-de-commande-generale-de-marque-polycom-modele-realpresence-touch-permettant-la-gestion-de-lensemble-dun-systeme-de-vision-conference-polycom-20-unites-vendu-a-lunite-avec-faculte-de-reu\\\/#primaryimage\",\"url\":\"https:\\\/\\\/wpe-encheres.com\\\/site\\\/wp-content\\\/uploads\\\/2025\\\/08\\\/67c1dda7f34f7.jpg\",\"contentUrl\":\"https:\\\/\\\/wpe-encheres.com\\\/site\\\/wp-content\\\/uploads\\\/2025\\\/08\\\/67c1dda7f34f7.jpg\",\"width\":2048,\"height\":1536},{\"@type\":\"BreadcrumbList\",\"@id\":\"https:\\\/\\\/wpe-encheres.com\\\/site\\\/produit\\\/tablette-de-commande-generale-de-marque-polycom-modele-realpresence-touch-permettant-la-gestion-de-lensemble-dun-systeme-de-vision-conference-polycom-20-unites-vendu-a-lunite-avec-faculte-de-reu\\\/#breadcrumb\",\"itemListElement\":[{\"@type\":\"ListItem\",\"position\":1,\"name\":\"Accueil\",\"item\":\"https:\\\/\\\/wpe-encheres.com\\\/site\\\/\"},{\"@type\":\"ListItem\",\"position\":2,\"name\":\"Boutique\",\"item\":\"https:\\\/\\\/wpe-encheres.com\\\/site\\\/?page_id=22765\"},{\"@type\":\"ListItem\",\"position\":3,\"name\":\"Tablette de commande g\u00e9n\u00e9rale de marque Polycom mod\u00e8le Realpresence Touch, permettant la gestion de l&rsquo;ensemble d&rsquo;un syst\u00e8me de vision conf\u00e9rence Polycom. 20 unit\u00e9s. Vendu \u00e0 l&rsquo;unit\u00e9 avec facult\u00e9 de r\u00e9union. Localisation : 10 rue du Ballon 93160 Noisy le Grand\"}]},{\"@type\":\"WebSite\",\"@id\":\"https:\\\/\\\/wpe-encheres.com\\\/site\\\/#website\",\"url\":\"https:\\\/\\\/wpe-encheres.com\\\/site\\\/\",\"name\":\"wpe-encheres\",\"description\":\"\",\"publisher\":{\"@id\":\"https:\\\/\\\/wpe-encheres.com\\\/site\\\/#organization\"},\"potentialAction\":[{\"@type\":\"SearchAction\",\"target\":{\"@type\":\"EntryPoint\",\"urlTemplate\":\"https:\\\/\\\/wpe-encheres.com\\\/site\\\/?s={search_term_string}\"},\"query-input\":{\"@type\":\"PropertyValueSpecification\",\"valueRequired\":true,\"valueName\":\"search_term_string\"}}],\"inLanguage\":\"fr-FR\"},{\"@type\":\"Organization\",\"@id\":\"https:\\\/\\\/wpe-encheres.com\\\/site\\\/#organization\",\"name\":\"wpe encheres\",\"url\":\"https:\\\/\\\/wpe-encheres.com\\\/site\\\/\",\"logo\":{\"@type\":\"ImageObject\",\"inLanguage\":\"fr-FR\",\"@id\":\"https:\\\/\\\/wpe-encheres.com\\\/site\\\/#\\\/schema\\\/logo\\\/image\\\/\",\"url\":\"https:\\\/\\\/wpe-encheres.com\\\/site\\\/wp-content\\\/uploads\\\/2025\\\/08\\\/wpe-encheres-logo.png\",\"contentUrl\":\"https:\\\/\\\/wpe-encheres.com\\\/site\\\/wp-content\\\/uploads\\\/2025\\\/08\\\/wpe-encheres-logo.png\",\"width\":300,\"height\":110,\"caption\":\"wpe encheres\"},\"image\":{\"@id\":\"https:\\\/\\\/wpe-encheres.com\\\/site\\\/#\\\/schema\\\/logo\\\/image\\\/\"}}]}<\/script>\n<!-- \/ Yoast SEO plugin. -->","yoast_head_json":{"title":"Tablette de commande g\u00e9n\u00e9rale de marque Polycom mod\u00e8le Realpresence Touch, permettant la gestion de l'ensemble d'un syst\u00e8me de vision conf\u00e9rence Polycom. 20 unit\u00e9s. Vendu \u00e0 l'unit\u00e9 avec facult\u00e9 de r\u00e9union. Localisation : 10 rue du Ballon 93160 Noisy le Grand - wpe-encheres","robots":{"index":"index","follow":"follow","max-snippet":"max-snippet:-1","max-image-preview":"max-image-preview:large","max-video-preview":"max-video-preview:-1"},"canonical":"https:\/\/wpe-encheres.com\/site\/produit\/tablette-de-commande-generale-de-marque-polycom-modele-realpresence-touch-permettant-la-gestion-de-lensemble-dun-systeme-de-vision-conference-polycom-20-unites-vendu-a-lunite-avec-faculte-de-reu\/","og_locale":"fr_FR","og_type":"article","og_title":"Tablette de commande g\u00e9n\u00e9rale de marque Polycom mod\u00e8le Realpresence Touch, permettant la gestion de l'ensemble d'un syst\u00e8me de vision conf\u00e9rence Polycom. 20 unit\u00e9s. Vendu \u00e0 l'unit\u00e9 avec facult\u00e9 de r\u00e9union. Localisation : 10 rue du Ballon 93160 Noisy le Grand - wpe-encheres","og_description":"Tablette de commande g\u00e9n\u00e9rale de marque Polycom mod\u00e8le Realpresence Touch, permettant la gestion de l'ensemble d'un syst\u00e8me de vision conf\u00e9rence Polycom. 20 unit\u00e9s. Vendu \u00e0 l'unit\u00e9 avec facult\u00e9 de r\u00e9union. Localisation : 10 rue du Ballon 93160 Noisy le Grand","og_url":"https:\/\/wpe-encheres.com\/site\/produit\/tablette-de-commande-generale-de-marque-polycom-modele-realpresence-touch-permettant-la-gestion-de-lensemble-dun-systeme-de-vision-conference-polycom-20-unites-vendu-a-lunite-avec-faculte-de-reu\/","og_site_name":"wpe-encheres","article_modified_time":"2025-09-18T08:13:15+00:00","og_image":[{"width":2048,"height":1536,"url":"https:\/\/wpe-encheres.com\/site\/wp-content\/uploads\/2025\/08\/67c1dda7f34f7.jpg","type":"image\/jpeg"}],"twitter_card":"summary_large_image","schema":{"@context":"https:\/\/schema.org","@graph":[{"@type":"WebPage","@id":"https:\/\/wpe-encheres.com\/site\/produit\/tablette-de-commande-generale-de-marque-polycom-modele-realpresence-touch-permettant-la-gestion-de-lensemble-dun-systeme-de-vision-conference-polycom-20-unites-vendu-a-lunite-avec-faculte-de-reu\/","url":"https:\/\/wpe-encheres.com\/site\/produit\/tablette-de-commande-generale-de-marque-polycom-modele-realpresence-touch-permettant-la-gestion-de-lensemble-dun-systeme-de-vision-conference-polycom-20-unites-vendu-a-lunite-avec-faculte-de-reu\/","name":"Tablette de commande g\u00e9n\u00e9rale de marque Polycom mod\u00e8le Realpresence Touch, permettant la gestion de l'ensemble d'un syst\u00e8me de vision conf\u00e9rence Polycom. 20 unit\u00e9s. Vendu \u00e0 l'unit\u00e9 avec facult\u00e9 de r\u00e9union. Localisation : 10 rue du Ballon 93160 Noisy le Grand - wpe-encheres","isPartOf":{"@id":"https:\/\/wpe-encheres.com\/site\/#website"},"primaryImageOfPage":{"@id":"https:\/\/wpe-encheres.com\/site\/produit\/tablette-de-commande-generale-de-marque-polycom-modele-realpresence-touch-permettant-la-gestion-de-lensemble-dun-systeme-de-vision-conference-polycom-20-unites-vendu-a-lunite-avec-faculte-de-reu\/#primaryimage"},"image":{"@id":"https:\/\/wpe-encheres.com\/site\/produit\/tablette-de-commande-generale-de-marque-polycom-modele-realpresence-touch-permettant-la-gestion-de-lensemble-dun-systeme-de-vision-conference-polycom-20-unites-vendu-a-lunite-avec-faculte-de-reu\/#primaryimage"},"thumbnailUrl":"https:\/\/wpe-encheres.com\/site\/wp-content\/uploads\/2025\/08\/67c1dda7f34f7.jpg","datePublished":"2025-08-31T17:26:15+00:00","dateModified":"2025-09-18T08:13:15+00:00","breadcrumb":{"@id":"https:\/\/wpe-encheres.com\/site\/produit\/tablette-de-commande-generale-de-marque-polycom-modele-realpresence-touch-permettant-la-gestion-de-lensemble-dun-systeme-de-vision-conference-polycom-20-unites-vendu-a-lunite-avec-faculte-de-reu\/#breadcrumb"},"inLanguage":"fr-FR","potentialAction":[{"@type":"ReadAction","target":["https:\/\/wpe-encheres.com\/site\/produit\/tablette-de-commande-generale-de-marque-polycom-modele-realpresence-touch-permettant-la-gestion-de-lensemble-dun-systeme-de-vision-conference-polycom-20-unites-vendu-a-lunite-avec-faculte-de-reu\/"]}]},{"@type":"ImageObject","inLanguage":"fr-FR","@id":"https:\/\/wpe-encheres.com\/site\/produit\/tablette-de-commande-generale-de-marque-polycom-modele-realpresence-touch-permettant-la-gestion-de-lensemble-dun-systeme-de-vision-conference-polycom-20-unites-vendu-a-lunite-avec-faculte-de-reu\/#primaryimage","url":"https:\/\/wpe-encheres.com\/site\/wp-content\/uploads\/2025\/08\/67c1dda7f34f7.jpg","contentUrl":"https:\/\/wpe-encheres.com\/site\/wp-content\/uploads\/2025\/08\/67c1dda7f34f7.jpg","width":2048,"height":1536},{"@type":"BreadcrumbList","@id":"https:\/\/wpe-encheres.com\/site\/produit\/tablette-de-commande-generale-de-marque-polycom-modele-realpresence-touch-permettant-la-gestion-de-lensemble-dun-systeme-de-vision-conference-polycom-20-unites-vendu-a-lunite-avec-faculte-de-reu\/#breadcrumb","itemListElement":[{"@type":"ListItem","position":1,"name":"Accueil","item":"https:\/\/wpe-encheres.com\/site\/"},{"@type":"ListItem","position":2,"name":"Boutique","item":"https:\/\/wpe-encheres.com\/site\/?page_id=22765"},{"@type":"ListItem","position":3,"name":"Tablette de commande g\u00e9n\u00e9rale de marque Polycom mod\u00e8le Realpresence Touch, permettant la gestion de l&rsquo;ensemble d&rsquo;un syst\u00e8me de vision conf\u00e9rence Polycom. 20 unit\u00e9s. Vendu \u00e0 l&rsquo;unit\u00e9 avec facult\u00e9 de r\u00e9union. Localisation : 10 rue du Ballon 93160 Noisy le Grand"}]},{"@type":"WebSite","@id":"https:\/\/wpe-encheres.com\/site\/#website","url":"https:\/\/wpe-encheres.com\/site\/","name":"wpe-encheres","description":"","publisher":{"@id":"https:\/\/wpe-encheres.com\/site\/#organization"},"potentialAction":[{"@type":"SearchAction","target":{"@type":"EntryPoint","urlTemplate":"https:\/\/wpe-encheres.com\/site\/?s={search_term_string}"},"query-input":{"@type":"PropertyValueSpecification","valueRequired":true,"valueName":"search_term_string"}}],"inLanguage":"fr-FR"},{"@type":"Organization","@id":"https:\/\/wpe-encheres.com\/site\/#organization","name":"wpe encheres","url":"https:\/\/wpe-encheres.com\/site\/","logo":{"@type":"ImageObject","inLanguage":"fr-FR","@id":"https:\/\/wpe-encheres.com\/site\/#\/schema\/logo\/image\/","url":"https:\/\/wpe-encheres.com\/site\/wp-content\/uploads\/2025\/08\/wpe-encheres-logo.png","contentUrl":"https:\/\/wpe-encheres.com\/site\/wp-content\/uploads\/2025\/08\/wpe-encheres-logo.png","width":300,"height":110,"caption":"wpe encheres"},"image":{"@id":"https:\/\/wpe-encheres.com\/site\/#\/schema\/logo\/image\/"}}]}},"_links":{"self":[{"href":"https:\/\/wpe-encheres.com\/site\/wp-json\/wp\/v2\/product\/28516","targetHints":{"allow":["GET"]}}],"collection":[{"href":"https:\/\/wpe-encheres.com\/site\/wp-json\/wp\/v2\/product"}],"about":[{"href":"https:\/\/wpe-encheres.com\/site\/wp-json\/wp\/v2\/types\/product"}],"wp:featuredmedia":[{"embeddable":true,"href":"https:\/\/wpe-encheres.com\/site\/wp-json\/wp\/v2\/media\/28517"}],"wp:attachment":[{"href":"https:\/\/wpe-encheres.com\/site\/wp-json\/wp\/v2\/media?parent=28516"}],"wp:term":[{"taxonomy":"product_brand","embeddable":true,"href":"https:\/\/wpe-encheres.com\/site\/wp-json\/wp\/v2\/product_brand?post=28516"},{"taxonomy":"product_cat","embeddable":true,"href":"https:\/\/wpe-encheres.com\/site\/wp-json\/wp\/v2\/product_cat?post=28516"},{"taxonomy":"product_tag","embeddable":true,"href":"https:\/\/wpe-encheres.com\/site\/wp-json\/wp\/v2\/product_tag?post=28516"}],"curies":[{"name":"wp","href":"https:\/\/api.w.org\/{rel}","templated":true}]}}