{"id":28453,"date":"2025-08-31T19:25:37","date_gmt":"2025-08-31T17:25:37","guid":{"rendered":"https:\/\/wpe-encheres.com\/site\/produit\/3-banquettes-a-haut-dossier-dont-une-double-avec-prises-electriques-usb-et-rj45-dans-le-socle-hauteur-140-x-120-x-64-cm-localisation-tour-coeur-defense-a-100-esplanade-du-general-de-gaulle-9240\/"},"modified":"2025-12-01T18:59:06","modified_gmt":"2025-12-01T17:59:06","slug":"3-banquettes-a-haut-dossier-dont-une-double-avec-prises-electriques-usb-et-rj45-dans-le-socle-hauteur-140-x-120-x-64-cm-localisation-tour-coeur-defense-a-100-esplanade-du-general-de-gaulle-9240","status":"publish","type":"product","link":"https:\/\/wpe-encheres.com\/site\/produit\/3-banquettes-a-haut-dossier-dont-une-double-avec-prises-electriques-usb-et-rj45-dans-le-socle-hauteur-140-x-120-x-64-cm-localisation-tour-coeur-defense-a-100-esplanade-du-general-de-gaulle-9240\/","title":{"rendered":"3 banquettes \u00e0 haut dossier dont une double avec prises \u00e9lectriques, USB et RJ45 dans le socle. Hauteur 140 x 120 x 64 cm. Localisation : Tour Coeur D\u00e9fense A &#8211; 100 esplanade Du G\u00e9n\u00e9ral de Gaulle 92400 Courbevoie"},"content":{"rendered":"<p>3 banquettes \u00e0 haut dossier dont une double avec prises \u00e9lectriques, USB et RJ45 dans le socle. Hauteur 140 x 120 x 64 cm. Localisation : Tour Coeur D\u00e9fense A &#8211; 100 esplanade Du G\u00e9n\u00e9ral de Gaulle 92400 Courbevoie<\/p>\n","protected":false},"excerpt":{"rendered":"<p>3 banquettes \u00e0 haut dossier dont une double avec prises \u00e9lectriques, USB et RJ45 dans le socle. Hauteur 140 x 120 x 64 cm. Localisation : Tour Coeur D\u00e9fense A &#8211; 100 esplanade Du G\u00e9n\u00e9ral de Gaulle 92400 Courbevoie<\/p>\n","protected":false},"featured_media":28454,"template":"","meta":{"_acf_changed":false},"product_brand":[],"product_cat":[24],"product_tag":[42],"class_list":{"0":"post-28453","1":"product","2":"type-product","3":"status-publish","4":"has-post-thumbnail","6":"product_cat-mobilier-de-bureau-equipement-du-bureau","7":"product_tag-vente-du-19-mars-2025","9":"first","10":"outofstock","11":"product-type-simple"},"acf":[],"yoast_head":"<!-- This site is optimized with the Yoast SEO plugin v27.3 - https:\/\/yoast.com\/product\/yoast-seo-wordpress\/ -->\n<title>3 banquettes \u00e0 haut dossier dont une double avec prises \u00e9lectriques, USB et RJ45 dans le socle. Hauteur 140 x 120 x 64 cm. Localisation : Tour Coeur D\u00e9fense A - 100 esplanade Du G\u00e9n\u00e9ral de Gaulle 92400 Courbevoie - wpe-encheres<\/title>\n<meta name=\"robots\" content=\"index, follow, max-snippet:-1, max-image-preview:large, max-video-preview:-1\" \/>\n<link rel=\"canonical\" href=\"https:\/\/wpe-encheres.com\/site\/produit\/3-banquettes-a-haut-dossier-dont-une-double-avec-prises-electriques-usb-et-rj45-dans-le-socle-hauteur-140-x-120-x-64-cm-localisation-tour-coeur-defense-a-100-esplanade-du-general-de-gaulle-9240\/\" \/>\n<meta property=\"og:locale\" content=\"fr_FR\" \/>\n<meta property=\"og:type\" content=\"article\" \/>\n<meta property=\"og:title\" content=\"3 banquettes \u00e0 haut dossier dont une double avec prises \u00e9lectriques, USB et RJ45 dans le socle. Hauteur 140 x 120 x 64 cm. Localisation : Tour Coeur D\u00e9fense A - 100 esplanade Du G\u00e9n\u00e9ral de Gaulle 92400 Courbevoie - wpe-encheres\" \/>\n<meta property=\"og:description\" content=\"3 banquettes \u00e0 haut dossier dont une double avec prises \u00e9lectriques, USB et RJ45 dans le socle. Hauteur 140 x 120 x 64 cm. Localisation : Tour Coeur D\u00e9fense A - 100 esplanade Du G\u00e9n\u00e9ral de Gaulle 92400 Courbevoie\" \/>\n<meta property=\"og:url\" content=\"https:\/\/wpe-encheres.com\/site\/produit\/3-banquettes-a-haut-dossier-dont-une-double-avec-prises-electriques-usb-et-rj45-dans-le-socle-hauteur-140-x-120-x-64-cm-localisation-tour-coeur-defense-a-100-esplanade-du-general-de-gaulle-9240\/\" \/>\n<meta property=\"og:site_name\" content=\"wpe-encheres\" \/>\n<meta property=\"article:modified_time\" content=\"2025-12-01T17:59:06+00:00\" \/>\n<meta property=\"og:image\" content=\"https:\/\/wpe-encheres.com\/site\/wp-content\/uploads\/2025\/08\/67b60077a1513.jpg\" \/>\n\t<meta property=\"og:image:width\" content=\"643\" \/>\n\t<meta property=\"og:image:height\" content=\"1020\" \/>\n\t<meta property=\"og:image:type\" content=\"image\/jpeg\" \/>\n<meta name=\"twitter:card\" content=\"summary_large_image\" \/>\n<script type=\"application\/ld+json\" class=\"yoast-schema-graph\">{\"@context\":\"https:\\\/\\\/schema.org\",\"@graph\":[{\"@type\":\"WebPage\",\"@id\":\"https:\\\/\\\/wpe-encheres.com\\\/site\\\/produit\\\/3-banquettes-a-haut-dossier-dont-une-double-avec-prises-electriques-usb-et-rj45-dans-le-socle-hauteur-140-x-120-x-64-cm-localisation-tour-coeur-defense-a-100-esplanade-du-general-de-gaulle-9240\\\/\",\"url\":\"https:\\\/\\\/wpe-encheres.com\\\/site\\\/produit\\\/3-banquettes-a-haut-dossier-dont-une-double-avec-prises-electriques-usb-et-rj45-dans-le-socle-hauteur-140-x-120-x-64-cm-localisation-tour-coeur-defense-a-100-esplanade-du-general-de-gaulle-9240\\\/\",\"name\":\"3 banquettes \u00e0 haut dossier dont une double avec prises \u00e9lectriques, USB et RJ45 dans le socle. Hauteur 140 x 120 x 64 cm. Localisation : Tour Coeur D\u00e9fense A - 100 esplanade Du G\u00e9n\u00e9ral de Gaulle 92400 Courbevoie - wpe-encheres\",\"isPartOf\":{\"@id\":\"https:\\\/\\\/wpe-encheres.com\\\/site\\\/#website\"},\"primaryImageOfPage\":{\"@id\":\"https:\\\/\\\/wpe-encheres.com\\\/site\\\/produit\\\/3-banquettes-a-haut-dossier-dont-une-double-avec-prises-electriques-usb-et-rj45-dans-le-socle-hauteur-140-x-120-x-64-cm-localisation-tour-coeur-defense-a-100-esplanade-du-general-de-gaulle-9240\\\/#primaryimage\"},\"image\":{\"@id\":\"https:\\\/\\\/wpe-encheres.com\\\/site\\\/produit\\\/3-banquettes-a-haut-dossier-dont-une-double-avec-prises-electriques-usb-et-rj45-dans-le-socle-hauteur-140-x-120-x-64-cm-localisation-tour-coeur-defense-a-100-esplanade-du-general-de-gaulle-9240\\\/#primaryimage\"},\"thumbnailUrl\":\"https:\\\/\\\/wpe-encheres.com\\\/site\\\/wp-content\\\/uploads\\\/2025\\\/08\\\/67b60077a1513.jpg\",\"datePublished\":\"2025-08-31T17:25:37+00:00\",\"dateModified\":\"2025-12-01T17:59:06+00:00\",\"breadcrumb\":{\"@id\":\"https:\\\/\\\/wpe-encheres.com\\\/site\\\/produit\\\/3-banquettes-a-haut-dossier-dont-une-double-avec-prises-electriques-usb-et-rj45-dans-le-socle-hauteur-140-x-120-x-64-cm-localisation-tour-coeur-defense-a-100-esplanade-du-general-de-gaulle-9240\\\/#breadcrumb\"},\"inLanguage\":\"fr-FR\",\"potentialAction\":[{\"@type\":\"ReadAction\",\"target\":[\"https:\\\/\\\/wpe-encheres.com\\\/site\\\/produit\\\/3-banquettes-a-haut-dossier-dont-une-double-avec-prises-electriques-usb-et-rj45-dans-le-socle-hauteur-140-x-120-x-64-cm-localisation-tour-coeur-defense-a-100-esplanade-du-general-de-gaulle-9240\\\/\"]}]},{\"@type\":\"ImageObject\",\"inLanguage\":\"fr-FR\",\"@id\":\"https:\\\/\\\/wpe-encheres.com\\\/site\\\/produit\\\/3-banquettes-a-haut-dossier-dont-une-double-avec-prises-electriques-usb-et-rj45-dans-le-socle-hauteur-140-x-120-x-64-cm-localisation-tour-coeur-defense-a-100-esplanade-du-general-de-gaulle-9240\\\/#primaryimage\",\"url\":\"https:\\\/\\\/wpe-encheres.com\\\/site\\\/wp-content\\\/uploads\\\/2025\\\/08\\\/67b60077a1513.jpg\",\"contentUrl\":\"https:\\\/\\\/wpe-encheres.com\\\/site\\\/wp-content\\\/uploads\\\/2025\\\/08\\\/67b60077a1513.jpg\",\"width\":643,\"height\":1020},{\"@type\":\"BreadcrumbList\",\"@id\":\"https:\\\/\\\/wpe-encheres.com\\\/site\\\/produit\\\/3-banquettes-a-haut-dossier-dont-une-double-avec-prises-electriques-usb-et-rj45-dans-le-socle-hauteur-140-x-120-x-64-cm-localisation-tour-coeur-defense-a-100-esplanade-du-general-de-gaulle-9240\\\/#breadcrumb\",\"itemListElement\":[{\"@type\":\"ListItem\",\"position\":1,\"name\":\"Accueil\",\"item\":\"https:\\\/\\\/wpe-encheres.com\\\/site\\\/\"},{\"@type\":\"ListItem\",\"position\":2,\"name\":\"Boutique\",\"item\":\"https:\\\/\\\/wpe-encheres.com\\\/site\\\/?page_id=22765\"},{\"@type\":\"ListItem\",\"position\":3,\"name\":\"3 banquettes \u00e0 haut dossier dont une double avec prises \u00e9lectriques, USB et RJ45 dans le socle. Hauteur 140 x 120 x 64 cm. Localisation : Tour Coeur D\u00e9fense A &#8211; 100 esplanade Du G\u00e9n\u00e9ral de Gaulle 92400 Courbevoie\"}]},{\"@type\":\"WebSite\",\"@id\":\"https:\\\/\\\/wpe-encheres.com\\\/site\\\/#website\",\"url\":\"https:\\\/\\\/wpe-encheres.com\\\/site\\\/\",\"name\":\"wpe-encheres\",\"description\":\"\",\"publisher\":{\"@id\":\"https:\\\/\\\/wpe-encheres.com\\\/site\\\/#organization\"},\"potentialAction\":[{\"@type\":\"SearchAction\",\"target\":{\"@type\":\"EntryPoint\",\"urlTemplate\":\"https:\\\/\\\/wpe-encheres.com\\\/site\\\/?s={search_term_string}\"},\"query-input\":{\"@type\":\"PropertyValueSpecification\",\"valueRequired\":true,\"valueName\":\"search_term_string\"}}],\"inLanguage\":\"fr-FR\"},{\"@type\":\"Organization\",\"@id\":\"https:\\\/\\\/wpe-encheres.com\\\/site\\\/#organization\",\"name\":\"wpe encheres\",\"url\":\"https:\\\/\\\/wpe-encheres.com\\\/site\\\/\",\"logo\":{\"@type\":\"ImageObject\",\"inLanguage\":\"fr-FR\",\"@id\":\"https:\\\/\\\/wpe-encheres.com\\\/site\\\/#\\\/schema\\\/logo\\\/image\\\/\",\"url\":\"https:\\\/\\\/wpe-encheres.com\\\/site\\\/wp-content\\\/uploads\\\/2025\\\/08\\\/wpe-encheres-logo.png\",\"contentUrl\":\"https:\\\/\\\/wpe-encheres.com\\\/site\\\/wp-content\\\/uploads\\\/2025\\\/08\\\/wpe-encheres-logo.png\",\"width\":300,\"height\":110,\"caption\":\"wpe encheres\"},\"image\":{\"@id\":\"https:\\\/\\\/wpe-encheres.com\\\/site\\\/#\\\/schema\\\/logo\\\/image\\\/\"}}]}<\/script>\n<!-- \/ Yoast SEO plugin. -->","yoast_head_json":{"title":"3 banquettes \u00e0 haut dossier dont une double avec prises \u00e9lectriques, USB et RJ45 dans le socle. Hauteur 140 x 120 x 64 cm. Localisation : Tour Coeur D\u00e9fense A - 100 esplanade Du G\u00e9n\u00e9ral de Gaulle 92400 Courbevoie - wpe-encheres","robots":{"index":"index","follow":"follow","max-snippet":"max-snippet:-1","max-image-preview":"max-image-preview:large","max-video-preview":"max-video-preview:-1"},"canonical":"https:\/\/wpe-encheres.com\/site\/produit\/3-banquettes-a-haut-dossier-dont-une-double-avec-prises-electriques-usb-et-rj45-dans-le-socle-hauteur-140-x-120-x-64-cm-localisation-tour-coeur-defense-a-100-esplanade-du-general-de-gaulle-9240\/","og_locale":"fr_FR","og_type":"article","og_title":"3 banquettes \u00e0 haut dossier dont une double avec prises \u00e9lectriques, USB et RJ45 dans le socle. Hauteur 140 x 120 x 64 cm. Localisation : Tour Coeur D\u00e9fense A - 100 esplanade Du G\u00e9n\u00e9ral de Gaulle 92400 Courbevoie - wpe-encheres","og_description":"3 banquettes \u00e0 haut dossier dont une double avec prises \u00e9lectriques, USB et RJ45 dans le socle. Hauteur 140 x 120 x 64 cm. Localisation : Tour Coeur D\u00e9fense A - 100 esplanade Du G\u00e9n\u00e9ral de Gaulle 92400 Courbevoie","og_url":"https:\/\/wpe-encheres.com\/site\/produit\/3-banquettes-a-haut-dossier-dont-une-double-avec-prises-electriques-usb-et-rj45-dans-le-socle-hauteur-140-x-120-x-64-cm-localisation-tour-coeur-defense-a-100-esplanade-du-general-de-gaulle-9240\/","og_site_name":"wpe-encheres","article_modified_time":"2025-12-01T17:59:06+00:00","og_image":[{"width":643,"height":1020,"url":"https:\/\/wpe-encheres.com\/site\/wp-content\/uploads\/2025\/08\/67b60077a1513.jpg","type":"image\/jpeg"}],"twitter_card":"summary_large_image","schema":{"@context":"https:\/\/schema.org","@graph":[{"@type":"WebPage","@id":"https:\/\/wpe-encheres.com\/site\/produit\/3-banquettes-a-haut-dossier-dont-une-double-avec-prises-electriques-usb-et-rj45-dans-le-socle-hauteur-140-x-120-x-64-cm-localisation-tour-coeur-defense-a-100-esplanade-du-general-de-gaulle-9240\/","url":"https:\/\/wpe-encheres.com\/site\/produit\/3-banquettes-a-haut-dossier-dont-une-double-avec-prises-electriques-usb-et-rj45-dans-le-socle-hauteur-140-x-120-x-64-cm-localisation-tour-coeur-defense-a-100-esplanade-du-general-de-gaulle-9240\/","name":"3 banquettes \u00e0 haut dossier dont une double avec prises \u00e9lectriques, USB et RJ45 dans le socle. Hauteur 140 x 120 x 64 cm. Localisation : Tour Coeur D\u00e9fense A - 100 esplanade Du G\u00e9n\u00e9ral de Gaulle 92400 Courbevoie - wpe-encheres","isPartOf":{"@id":"https:\/\/wpe-encheres.com\/site\/#website"},"primaryImageOfPage":{"@id":"https:\/\/wpe-encheres.com\/site\/produit\/3-banquettes-a-haut-dossier-dont-une-double-avec-prises-electriques-usb-et-rj45-dans-le-socle-hauteur-140-x-120-x-64-cm-localisation-tour-coeur-defense-a-100-esplanade-du-general-de-gaulle-9240\/#primaryimage"},"image":{"@id":"https:\/\/wpe-encheres.com\/site\/produit\/3-banquettes-a-haut-dossier-dont-une-double-avec-prises-electriques-usb-et-rj45-dans-le-socle-hauteur-140-x-120-x-64-cm-localisation-tour-coeur-defense-a-100-esplanade-du-general-de-gaulle-9240\/#primaryimage"},"thumbnailUrl":"https:\/\/wpe-encheres.com\/site\/wp-content\/uploads\/2025\/08\/67b60077a1513.jpg","datePublished":"2025-08-31T17:25:37+00:00","dateModified":"2025-12-01T17:59:06+00:00","breadcrumb":{"@id":"https:\/\/wpe-encheres.com\/site\/produit\/3-banquettes-a-haut-dossier-dont-une-double-avec-prises-electriques-usb-et-rj45-dans-le-socle-hauteur-140-x-120-x-64-cm-localisation-tour-coeur-defense-a-100-esplanade-du-general-de-gaulle-9240\/#breadcrumb"},"inLanguage":"fr-FR","potentialAction":[{"@type":"ReadAction","target":["https:\/\/wpe-encheres.com\/site\/produit\/3-banquettes-a-haut-dossier-dont-une-double-avec-prises-electriques-usb-et-rj45-dans-le-socle-hauteur-140-x-120-x-64-cm-localisation-tour-coeur-defense-a-100-esplanade-du-general-de-gaulle-9240\/"]}]},{"@type":"ImageObject","inLanguage":"fr-FR","@id":"https:\/\/wpe-encheres.com\/site\/produit\/3-banquettes-a-haut-dossier-dont-une-double-avec-prises-electriques-usb-et-rj45-dans-le-socle-hauteur-140-x-120-x-64-cm-localisation-tour-coeur-defense-a-100-esplanade-du-general-de-gaulle-9240\/#primaryimage","url":"https:\/\/wpe-encheres.com\/site\/wp-content\/uploads\/2025\/08\/67b60077a1513.jpg","contentUrl":"https:\/\/wpe-encheres.com\/site\/wp-content\/uploads\/2025\/08\/67b60077a1513.jpg","width":643,"height":1020},{"@type":"BreadcrumbList","@id":"https:\/\/wpe-encheres.com\/site\/produit\/3-banquettes-a-haut-dossier-dont-une-double-avec-prises-electriques-usb-et-rj45-dans-le-socle-hauteur-140-x-120-x-64-cm-localisation-tour-coeur-defense-a-100-esplanade-du-general-de-gaulle-9240\/#breadcrumb","itemListElement":[{"@type":"ListItem","position":1,"name":"Accueil","item":"https:\/\/wpe-encheres.com\/site\/"},{"@type":"ListItem","position":2,"name":"Boutique","item":"https:\/\/wpe-encheres.com\/site\/?page_id=22765"},{"@type":"ListItem","position":3,"name":"3 banquettes \u00e0 haut dossier dont une double avec prises \u00e9lectriques, USB et RJ45 dans le socle. Hauteur 140 x 120 x 64 cm. Localisation : Tour Coeur D\u00e9fense A &#8211; 100 esplanade Du G\u00e9n\u00e9ral de Gaulle 92400 Courbevoie"}]},{"@type":"WebSite","@id":"https:\/\/wpe-encheres.com\/site\/#website","url":"https:\/\/wpe-encheres.com\/site\/","name":"wpe-encheres","description":"","publisher":{"@id":"https:\/\/wpe-encheres.com\/site\/#organization"},"potentialAction":[{"@type":"SearchAction","target":{"@type":"EntryPoint","urlTemplate":"https:\/\/wpe-encheres.com\/site\/?s={search_term_string}"},"query-input":{"@type":"PropertyValueSpecification","valueRequired":true,"valueName":"search_term_string"}}],"inLanguage":"fr-FR"},{"@type":"Organization","@id":"https:\/\/wpe-encheres.com\/site\/#organization","name":"wpe encheres","url":"https:\/\/wpe-encheres.com\/site\/","logo":{"@type":"ImageObject","inLanguage":"fr-FR","@id":"https:\/\/wpe-encheres.com\/site\/#\/schema\/logo\/image\/","url":"https:\/\/wpe-encheres.com\/site\/wp-content\/uploads\/2025\/08\/wpe-encheres-logo.png","contentUrl":"https:\/\/wpe-encheres.com\/site\/wp-content\/uploads\/2025\/08\/wpe-encheres-logo.png","width":300,"height":110,"caption":"wpe encheres"},"image":{"@id":"https:\/\/wpe-encheres.com\/site\/#\/schema\/logo\/image\/"}}]}},"_links":{"self":[{"href":"https:\/\/wpe-encheres.com\/site\/wp-json\/wp\/v2\/product\/28453","targetHints":{"allow":["GET"]}}],"collection":[{"href":"https:\/\/wpe-encheres.com\/site\/wp-json\/wp\/v2\/product"}],"about":[{"href":"https:\/\/wpe-encheres.com\/site\/wp-json\/wp\/v2\/types\/product"}],"wp:featuredmedia":[{"embeddable":true,"href":"https:\/\/wpe-encheres.com\/site\/wp-json\/wp\/v2\/media\/28454"}],"wp:attachment":[{"href":"https:\/\/wpe-encheres.com\/site\/wp-json\/wp\/v2\/media?parent=28453"}],"wp:term":[{"taxonomy":"product_brand","embeddable":true,"href":"https:\/\/wpe-encheres.com\/site\/wp-json\/wp\/v2\/product_brand?post=28453"},{"taxonomy":"product_cat","embeddable":true,"href":"https:\/\/wpe-encheres.com\/site\/wp-json\/wp\/v2\/product_cat?post=28453"},{"taxonomy":"product_tag","embeddable":true,"href":"https:\/\/wpe-encheres.com\/site\/wp-json\/wp\/v2\/product_tag?post=28453"}],"curies":[{"name":"wp","href":"https:\/\/api.w.org\/{rel}","templated":true}]}}