{"id":28385,"date":"2025-08-31T19:08:46","date_gmt":"2025-08-31T17:08:46","guid":{"rendered":"https:\/\/wpe-encheres.com\/site\/produit\/petit-bureau-a-abattant-dit-dos-dane-en-chene-fonce-ouvrant-par-un-abatant-et-compose-dune-etagere-plateau-dimensions-82-x-6e-x-45-cm-lot-vendu-sur-designation-avec-enlevement-sur-rendez-vous\/"},"modified":"2025-12-01T18:59:09","modified_gmt":"2025-12-01T17:59:09","slug":"petit-bureau-a-abattant-dit-dos-dane-en-chene-fonce-ouvrant-par-un-abatant-et-compose-dune-etagere-plateau-dimensions-82-x-6e-x-45-cm-lot-vendu-sur-designation-avec-enlevement-sur-rendez-vous","status":"publish","type":"product","link":"https:\/\/wpe-encheres.com\/site\/produit\/petit-bureau-a-abattant-dit-dos-dane-en-chene-fonce-ouvrant-par-un-abatant-et-compose-dune-etagere-plateau-dimensions-82-x-6e-x-45-cm-lot-vendu-sur-designation-avec-enlevement-sur-rendez-vous\/","title":{"rendered":"Petit bureau \u00e0 abattant dit \u00ab\u00a0dos d&rsquo;\u00e2ne\u00a0\u00bb en ch\u00eane fonc\u00e9, ouvrant par un abatant et compos\u00e9 d&rsquo;une \u00e9tag\u00e8re plateau. Dimensions: 82 x 6\u00e9 X 45 cm. Lot vendu sur d\u00e9signation avec enl\u00e8vement sur rendez-vous au 51 avenue de la lib\u00e9ration \u00e0 Granville"},"content":{"rendered":"<p>Petit bureau \u00e0 abattant dit \u00ab\u00a0dos d&rsquo;\u00e2ne\u00a0\u00bb en ch\u00eane fonc\u00e9, ouvrant par un abatant et compos\u00e9 d&rsquo;une \u00e9tag\u00e8re plateau. Dimensions: 82 x 6\u00e9 X 45 cm. Lot vendu sur d\u00e9signation avec enl\u00e8vement sur rendez-vous au 51 avenue de la lib\u00e9ration \u00e0 Granville<\/p>\n","protected":false},"excerpt":{"rendered":"<p>Petit bureau \u00e0 abattant dit \u00ab\u00a0dos d&rsquo;\u00e2ne\u00a0\u00bb en ch\u00eane fonc\u00e9, ouvrant par un abatant et compos\u00e9 d&rsquo;une \u00e9tag\u00e8re plateau. Dimensions: 82 x 6\u00e9 X 45 cm. Lot vendu sur d\u00e9signation avec enl\u00e8vement sur rendez-vous au 51 avenue de la lib\u00e9ration \u00e0 Granville<\/p>\n","protected":false},"featured_media":28386,"template":"","meta":{"_acf_changed":false},"product_brand":[],"product_cat":[15],"product_tag":[41],"class_list":{"0":"post-28385","1":"product","2":"type-product","3":"status-publish","4":"has-post-thumbnail","6":"product_cat-non-classe","7":"product_tag-vente-du-08-avril-2025","9":"first","10":"outofstock","11":"product-type-simple"},"acf":[],"yoast_head":"<!-- This site is optimized with the Yoast SEO plugin v27.3 - https:\/\/yoast.com\/product\/yoast-seo-wordpress\/ -->\n<title>Petit bureau \u00e0 abattant dit &quot;dos d&#039;\u00e2ne&quot; en ch\u00eane fonc\u00e9, ouvrant par un abatant et compos\u00e9 d&#039;une \u00e9tag\u00e8re plateau. Dimensions: 82 x 6\u00e9 X 45 cm. Lot vendu sur d\u00e9signation avec enl\u00e8vement sur rendez-vous au 51 avenue de la lib\u00e9ration \u00e0 Granville - wpe-encheres<\/title>\n<meta name=\"robots\" content=\"index, follow, max-snippet:-1, max-image-preview:large, max-video-preview:-1\" \/>\n<link rel=\"canonical\" href=\"https:\/\/wpe-encheres.com\/site\/produit\/petit-bureau-a-abattant-dit-dos-dane-en-chene-fonce-ouvrant-par-un-abatant-et-compose-dune-etagere-plateau-dimensions-82-x-6e-x-45-cm-lot-vendu-sur-designation-avec-enlevement-sur-rendez-vous\/\" \/>\n<meta property=\"og:locale\" content=\"fr_FR\" \/>\n<meta property=\"og:type\" content=\"article\" \/>\n<meta property=\"og:title\" content=\"Petit bureau \u00e0 abattant dit &quot;dos d&#039;\u00e2ne&quot; en ch\u00eane fonc\u00e9, ouvrant par un abatant et compos\u00e9 d&#039;une \u00e9tag\u00e8re plateau. Dimensions: 82 x 6\u00e9 X 45 cm. Lot vendu sur d\u00e9signation avec enl\u00e8vement sur rendez-vous au 51 avenue de la lib\u00e9ration \u00e0 Granville - wpe-encheres\" \/>\n<meta property=\"og:description\" content=\"Petit bureau \u00e0 abattant dit &quot;dos d&#039;\u00e2ne&quot; en ch\u00eane fonc\u00e9, ouvrant par un abatant et compos\u00e9 d&#039;une \u00e9tag\u00e8re plateau. Dimensions: 82 x 6\u00e9 X 45 cm. Lot vendu sur d\u00e9signation avec enl\u00e8vement sur rendez-vous au 51 avenue de la lib\u00e9ration \u00e0 Granville\" \/>\n<meta property=\"og:url\" content=\"https:\/\/wpe-encheres.com\/site\/produit\/petit-bureau-a-abattant-dit-dos-dane-en-chene-fonce-ouvrant-par-un-abatant-et-compose-dune-etagere-plateau-dimensions-82-x-6e-x-45-cm-lot-vendu-sur-designation-avec-enlevement-sur-rendez-vous\/\" \/>\n<meta property=\"og:site_name\" content=\"wpe-encheres\" \/>\n<meta property=\"article:modified_time\" content=\"2025-12-01T17:59:09+00:00\" \/>\n<meta property=\"og:image\" content=\"https:\/\/wpe-encheres.com\/site\/wp-content\/uploads\/2025\/08\/67d848bb596aa.jpg\" \/>\n\t<meta property=\"og:image:width\" content=\"1789\" \/>\n\t<meta property=\"og:image:height\" content=\"2048\" \/>\n\t<meta property=\"og:image:type\" content=\"image\/jpeg\" \/>\n<meta name=\"twitter:card\" content=\"summary_large_image\" \/>\n<script type=\"application\/ld+json\" class=\"yoast-schema-graph\">{\"@context\":\"https:\\\/\\\/schema.org\",\"@graph\":[{\"@type\":\"WebPage\",\"@id\":\"https:\\\/\\\/wpe-encheres.com\\\/site\\\/produit\\\/petit-bureau-a-abattant-dit-dos-dane-en-chene-fonce-ouvrant-par-un-abatant-et-compose-dune-etagere-plateau-dimensions-82-x-6e-x-45-cm-lot-vendu-sur-designation-avec-enlevement-sur-rendez-vous\\\/\",\"url\":\"https:\\\/\\\/wpe-encheres.com\\\/site\\\/produit\\\/petit-bureau-a-abattant-dit-dos-dane-en-chene-fonce-ouvrant-par-un-abatant-et-compose-dune-etagere-plateau-dimensions-82-x-6e-x-45-cm-lot-vendu-sur-designation-avec-enlevement-sur-rendez-vous\\\/\",\"name\":\"Petit bureau \u00e0 abattant dit \\\"dos d'\u00e2ne\\\" en ch\u00eane fonc\u00e9, ouvrant par un abatant et compos\u00e9 d'une \u00e9tag\u00e8re plateau. Dimensions: 82 x 6\u00e9 X 45 cm. Lot vendu sur d\u00e9signation avec enl\u00e8vement sur rendez-vous au 51 avenue de la lib\u00e9ration \u00e0 Granville - wpe-encheres\",\"isPartOf\":{\"@id\":\"https:\\\/\\\/wpe-encheres.com\\\/site\\\/#website\"},\"primaryImageOfPage\":{\"@id\":\"https:\\\/\\\/wpe-encheres.com\\\/site\\\/produit\\\/petit-bureau-a-abattant-dit-dos-dane-en-chene-fonce-ouvrant-par-un-abatant-et-compose-dune-etagere-plateau-dimensions-82-x-6e-x-45-cm-lot-vendu-sur-designation-avec-enlevement-sur-rendez-vous\\\/#primaryimage\"},\"image\":{\"@id\":\"https:\\\/\\\/wpe-encheres.com\\\/site\\\/produit\\\/petit-bureau-a-abattant-dit-dos-dane-en-chene-fonce-ouvrant-par-un-abatant-et-compose-dune-etagere-plateau-dimensions-82-x-6e-x-45-cm-lot-vendu-sur-designation-avec-enlevement-sur-rendez-vous\\\/#primaryimage\"},\"thumbnailUrl\":\"https:\\\/\\\/wpe-encheres.com\\\/site\\\/wp-content\\\/uploads\\\/2025\\\/08\\\/67d848bb596aa.jpg\",\"datePublished\":\"2025-08-31T17:08:46+00:00\",\"dateModified\":\"2025-12-01T17:59:09+00:00\",\"breadcrumb\":{\"@id\":\"https:\\\/\\\/wpe-encheres.com\\\/site\\\/produit\\\/petit-bureau-a-abattant-dit-dos-dane-en-chene-fonce-ouvrant-par-un-abatant-et-compose-dune-etagere-plateau-dimensions-82-x-6e-x-45-cm-lot-vendu-sur-designation-avec-enlevement-sur-rendez-vous\\\/#breadcrumb\"},\"inLanguage\":\"fr-FR\",\"potentialAction\":[{\"@type\":\"ReadAction\",\"target\":[\"https:\\\/\\\/wpe-encheres.com\\\/site\\\/produit\\\/petit-bureau-a-abattant-dit-dos-dane-en-chene-fonce-ouvrant-par-un-abatant-et-compose-dune-etagere-plateau-dimensions-82-x-6e-x-45-cm-lot-vendu-sur-designation-avec-enlevement-sur-rendez-vous\\\/\"]}]},{\"@type\":\"ImageObject\",\"inLanguage\":\"fr-FR\",\"@id\":\"https:\\\/\\\/wpe-encheres.com\\\/site\\\/produit\\\/petit-bureau-a-abattant-dit-dos-dane-en-chene-fonce-ouvrant-par-un-abatant-et-compose-dune-etagere-plateau-dimensions-82-x-6e-x-45-cm-lot-vendu-sur-designation-avec-enlevement-sur-rendez-vous\\\/#primaryimage\",\"url\":\"https:\\\/\\\/wpe-encheres.com\\\/site\\\/wp-content\\\/uploads\\\/2025\\\/08\\\/67d848bb596aa.jpg\",\"contentUrl\":\"https:\\\/\\\/wpe-encheres.com\\\/site\\\/wp-content\\\/uploads\\\/2025\\\/08\\\/67d848bb596aa.jpg\",\"width\":1789,\"height\":2048},{\"@type\":\"BreadcrumbList\",\"@id\":\"https:\\\/\\\/wpe-encheres.com\\\/site\\\/produit\\\/petit-bureau-a-abattant-dit-dos-dane-en-chene-fonce-ouvrant-par-un-abatant-et-compose-dune-etagere-plateau-dimensions-82-x-6e-x-45-cm-lot-vendu-sur-designation-avec-enlevement-sur-rendez-vous\\\/#breadcrumb\",\"itemListElement\":[{\"@type\":\"ListItem\",\"position\":1,\"name\":\"Accueil\",\"item\":\"https:\\\/\\\/wpe-encheres.com\\\/site\\\/\"},{\"@type\":\"ListItem\",\"position\":2,\"name\":\"Boutique\",\"item\":\"https:\\\/\\\/wpe-encheres.com\\\/site\\\/?page_id=22765\"},{\"@type\":\"ListItem\",\"position\":3,\"name\":\"Petit bureau \u00e0 abattant dit \u00ab\u00a0dos d&rsquo;\u00e2ne\u00a0\u00bb en ch\u00eane fonc\u00e9, ouvrant par un abatant et compos\u00e9 d&rsquo;une \u00e9tag\u00e8re plateau. Dimensions: 82 x 6\u00e9 X 45 cm. Lot vendu sur d\u00e9signation avec enl\u00e8vement sur rendez-vous au 51 avenue de la lib\u00e9ration \u00e0 Granville\"}]},{\"@type\":\"WebSite\",\"@id\":\"https:\\\/\\\/wpe-encheres.com\\\/site\\\/#website\",\"url\":\"https:\\\/\\\/wpe-encheres.com\\\/site\\\/\",\"name\":\"wpe-encheres\",\"description\":\"\",\"publisher\":{\"@id\":\"https:\\\/\\\/wpe-encheres.com\\\/site\\\/#organization\"},\"potentialAction\":[{\"@type\":\"SearchAction\",\"target\":{\"@type\":\"EntryPoint\",\"urlTemplate\":\"https:\\\/\\\/wpe-encheres.com\\\/site\\\/?s={search_term_string}\"},\"query-input\":{\"@type\":\"PropertyValueSpecification\",\"valueRequired\":true,\"valueName\":\"search_term_string\"}}],\"inLanguage\":\"fr-FR\"},{\"@type\":\"Organization\",\"@id\":\"https:\\\/\\\/wpe-encheres.com\\\/site\\\/#organization\",\"name\":\"wpe encheres\",\"url\":\"https:\\\/\\\/wpe-encheres.com\\\/site\\\/\",\"logo\":{\"@type\":\"ImageObject\",\"inLanguage\":\"fr-FR\",\"@id\":\"https:\\\/\\\/wpe-encheres.com\\\/site\\\/#\\\/schema\\\/logo\\\/image\\\/\",\"url\":\"https:\\\/\\\/wpe-encheres.com\\\/site\\\/wp-content\\\/uploads\\\/2025\\\/08\\\/wpe-encheres-logo.png\",\"contentUrl\":\"https:\\\/\\\/wpe-encheres.com\\\/site\\\/wp-content\\\/uploads\\\/2025\\\/08\\\/wpe-encheres-logo.png\",\"width\":300,\"height\":110,\"caption\":\"wpe encheres\"},\"image\":{\"@id\":\"https:\\\/\\\/wpe-encheres.com\\\/site\\\/#\\\/schema\\\/logo\\\/image\\\/\"}}]}<\/script>\n<!-- \/ Yoast SEO plugin. -->","yoast_head_json":{"title":"Petit bureau \u00e0 abattant dit \"dos d'\u00e2ne\" en ch\u00eane fonc\u00e9, ouvrant par un abatant et compos\u00e9 d'une \u00e9tag\u00e8re plateau. Dimensions: 82 x 6\u00e9 X 45 cm. Lot vendu sur d\u00e9signation avec enl\u00e8vement sur rendez-vous au 51 avenue de la lib\u00e9ration \u00e0 Granville - wpe-encheres","robots":{"index":"index","follow":"follow","max-snippet":"max-snippet:-1","max-image-preview":"max-image-preview:large","max-video-preview":"max-video-preview:-1"},"canonical":"https:\/\/wpe-encheres.com\/site\/produit\/petit-bureau-a-abattant-dit-dos-dane-en-chene-fonce-ouvrant-par-un-abatant-et-compose-dune-etagere-plateau-dimensions-82-x-6e-x-45-cm-lot-vendu-sur-designation-avec-enlevement-sur-rendez-vous\/","og_locale":"fr_FR","og_type":"article","og_title":"Petit bureau \u00e0 abattant dit \"dos d'\u00e2ne\" en ch\u00eane fonc\u00e9, ouvrant par un abatant et compos\u00e9 d'une \u00e9tag\u00e8re plateau. Dimensions: 82 x 6\u00e9 X 45 cm. Lot vendu sur d\u00e9signation avec enl\u00e8vement sur rendez-vous au 51 avenue de la lib\u00e9ration \u00e0 Granville - wpe-encheres","og_description":"Petit bureau \u00e0 abattant dit \"dos d'\u00e2ne\" en ch\u00eane fonc\u00e9, ouvrant par un abatant et compos\u00e9 d'une \u00e9tag\u00e8re plateau. Dimensions: 82 x 6\u00e9 X 45 cm. Lot vendu sur d\u00e9signation avec enl\u00e8vement sur rendez-vous au 51 avenue de la lib\u00e9ration \u00e0 Granville","og_url":"https:\/\/wpe-encheres.com\/site\/produit\/petit-bureau-a-abattant-dit-dos-dane-en-chene-fonce-ouvrant-par-un-abatant-et-compose-dune-etagere-plateau-dimensions-82-x-6e-x-45-cm-lot-vendu-sur-designation-avec-enlevement-sur-rendez-vous\/","og_site_name":"wpe-encheres","article_modified_time":"2025-12-01T17:59:09+00:00","og_image":[{"width":1789,"height":2048,"url":"https:\/\/wpe-encheres.com\/site\/wp-content\/uploads\/2025\/08\/67d848bb596aa.jpg","type":"image\/jpeg"}],"twitter_card":"summary_large_image","schema":{"@context":"https:\/\/schema.org","@graph":[{"@type":"WebPage","@id":"https:\/\/wpe-encheres.com\/site\/produit\/petit-bureau-a-abattant-dit-dos-dane-en-chene-fonce-ouvrant-par-un-abatant-et-compose-dune-etagere-plateau-dimensions-82-x-6e-x-45-cm-lot-vendu-sur-designation-avec-enlevement-sur-rendez-vous\/","url":"https:\/\/wpe-encheres.com\/site\/produit\/petit-bureau-a-abattant-dit-dos-dane-en-chene-fonce-ouvrant-par-un-abatant-et-compose-dune-etagere-plateau-dimensions-82-x-6e-x-45-cm-lot-vendu-sur-designation-avec-enlevement-sur-rendez-vous\/","name":"Petit bureau \u00e0 abattant dit \"dos d'\u00e2ne\" en ch\u00eane fonc\u00e9, ouvrant par un abatant et compos\u00e9 d'une \u00e9tag\u00e8re plateau. Dimensions: 82 x 6\u00e9 X 45 cm. Lot vendu sur d\u00e9signation avec enl\u00e8vement sur rendez-vous au 51 avenue de la lib\u00e9ration \u00e0 Granville - wpe-encheres","isPartOf":{"@id":"https:\/\/wpe-encheres.com\/site\/#website"},"primaryImageOfPage":{"@id":"https:\/\/wpe-encheres.com\/site\/produit\/petit-bureau-a-abattant-dit-dos-dane-en-chene-fonce-ouvrant-par-un-abatant-et-compose-dune-etagere-plateau-dimensions-82-x-6e-x-45-cm-lot-vendu-sur-designation-avec-enlevement-sur-rendez-vous\/#primaryimage"},"image":{"@id":"https:\/\/wpe-encheres.com\/site\/produit\/petit-bureau-a-abattant-dit-dos-dane-en-chene-fonce-ouvrant-par-un-abatant-et-compose-dune-etagere-plateau-dimensions-82-x-6e-x-45-cm-lot-vendu-sur-designation-avec-enlevement-sur-rendez-vous\/#primaryimage"},"thumbnailUrl":"https:\/\/wpe-encheres.com\/site\/wp-content\/uploads\/2025\/08\/67d848bb596aa.jpg","datePublished":"2025-08-31T17:08:46+00:00","dateModified":"2025-12-01T17:59:09+00:00","breadcrumb":{"@id":"https:\/\/wpe-encheres.com\/site\/produit\/petit-bureau-a-abattant-dit-dos-dane-en-chene-fonce-ouvrant-par-un-abatant-et-compose-dune-etagere-plateau-dimensions-82-x-6e-x-45-cm-lot-vendu-sur-designation-avec-enlevement-sur-rendez-vous\/#breadcrumb"},"inLanguage":"fr-FR","potentialAction":[{"@type":"ReadAction","target":["https:\/\/wpe-encheres.com\/site\/produit\/petit-bureau-a-abattant-dit-dos-dane-en-chene-fonce-ouvrant-par-un-abatant-et-compose-dune-etagere-plateau-dimensions-82-x-6e-x-45-cm-lot-vendu-sur-designation-avec-enlevement-sur-rendez-vous\/"]}]},{"@type":"ImageObject","inLanguage":"fr-FR","@id":"https:\/\/wpe-encheres.com\/site\/produit\/petit-bureau-a-abattant-dit-dos-dane-en-chene-fonce-ouvrant-par-un-abatant-et-compose-dune-etagere-plateau-dimensions-82-x-6e-x-45-cm-lot-vendu-sur-designation-avec-enlevement-sur-rendez-vous\/#primaryimage","url":"https:\/\/wpe-encheres.com\/site\/wp-content\/uploads\/2025\/08\/67d848bb596aa.jpg","contentUrl":"https:\/\/wpe-encheres.com\/site\/wp-content\/uploads\/2025\/08\/67d848bb596aa.jpg","width":1789,"height":2048},{"@type":"BreadcrumbList","@id":"https:\/\/wpe-encheres.com\/site\/produit\/petit-bureau-a-abattant-dit-dos-dane-en-chene-fonce-ouvrant-par-un-abatant-et-compose-dune-etagere-plateau-dimensions-82-x-6e-x-45-cm-lot-vendu-sur-designation-avec-enlevement-sur-rendez-vous\/#breadcrumb","itemListElement":[{"@type":"ListItem","position":1,"name":"Accueil","item":"https:\/\/wpe-encheres.com\/site\/"},{"@type":"ListItem","position":2,"name":"Boutique","item":"https:\/\/wpe-encheres.com\/site\/?page_id=22765"},{"@type":"ListItem","position":3,"name":"Petit bureau \u00e0 abattant dit \u00ab\u00a0dos d&rsquo;\u00e2ne\u00a0\u00bb en ch\u00eane fonc\u00e9, ouvrant par un abatant et compos\u00e9 d&rsquo;une \u00e9tag\u00e8re plateau. Dimensions: 82 x 6\u00e9 X 45 cm. Lot vendu sur d\u00e9signation avec enl\u00e8vement sur rendez-vous au 51 avenue de la lib\u00e9ration \u00e0 Granville"}]},{"@type":"WebSite","@id":"https:\/\/wpe-encheres.com\/site\/#website","url":"https:\/\/wpe-encheres.com\/site\/","name":"wpe-encheres","description":"","publisher":{"@id":"https:\/\/wpe-encheres.com\/site\/#organization"},"potentialAction":[{"@type":"SearchAction","target":{"@type":"EntryPoint","urlTemplate":"https:\/\/wpe-encheres.com\/site\/?s={search_term_string}"},"query-input":{"@type":"PropertyValueSpecification","valueRequired":true,"valueName":"search_term_string"}}],"inLanguage":"fr-FR"},{"@type":"Organization","@id":"https:\/\/wpe-encheres.com\/site\/#organization","name":"wpe encheres","url":"https:\/\/wpe-encheres.com\/site\/","logo":{"@type":"ImageObject","inLanguage":"fr-FR","@id":"https:\/\/wpe-encheres.com\/site\/#\/schema\/logo\/image\/","url":"https:\/\/wpe-encheres.com\/site\/wp-content\/uploads\/2025\/08\/wpe-encheres-logo.png","contentUrl":"https:\/\/wpe-encheres.com\/site\/wp-content\/uploads\/2025\/08\/wpe-encheres-logo.png","width":300,"height":110,"caption":"wpe encheres"},"image":{"@id":"https:\/\/wpe-encheres.com\/site\/#\/schema\/logo\/image\/"}}]}},"_links":{"self":[{"href":"https:\/\/wpe-encheres.com\/site\/wp-json\/wp\/v2\/product\/28385","targetHints":{"allow":["GET"]}}],"collection":[{"href":"https:\/\/wpe-encheres.com\/site\/wp-json\/wp\/v2\/product"}],"about":[{"href":"https:\/\/wpe-encheres.com\/site\/wp-json\/wp\/v2\/types\/product"}],"wp:featuredmedia":[{"embeddable":true,"href":"https:\/\/wpe-encheres.com\/site\/wp-json\/wp\/v2\/media\/28386"}],"wp:attachment":[{"href":"https:\/\/wpe-encheres.com\/site\/wp-json\/wp\/v2\/media?parent=28385"}],"wp:term":[{"taxonomy":"product_brand","embeddable":true,"href":"https:\/\/wpe-encheres.com\/site\/wp-json\/wp\/v2\/product_brand?post=28385"},{"taxonomy":"product_cat","embeddable":true,"href":"https:\/\/wpe-encheres.com\/site\/wp-json\/wp\/v2\/product_cat?post=28385"},{"taxonomy":"product_tag","embeddable":true,"href":"https:\/\/wpe-encheres.com\/site\/wp-json\/wp\/v2\/product_tag?post=28385"}],"curies":[{"name":"wp","href":"https:\/\/api.w.org\/{rel}","templated":true}]}}