{"id":27619,"date":"2025-08-31T18:46:40","date_gmt":"2025-08-31T16:46:40","guid":{"rendered":"https:\/\/wpe-encheres.com\/site\/produit\/fauteuil-acoustique-connecte-de-marque-dauphin-modele-atelier-parois-en-tissu-vert-pomme-coussin-de-dossier-amovible-kaki-coussin-dassise-vert-prussien-pieds-chromes-bloc-prises-en-facad\/"},"modified":"2025-12-01T19:00:02","modified_gmt":"2025-12-01T18:00:02","slug":"fauteuil-acoustique-connecte-de-marque-dauphin-modele-atelier-parois-en-tissu-vert-pomme-coussin-de-dossier-amovible-kaki-coussin-dassise-vert-prussien-pieds-chromes-bloc-prises-en-facad","status":"publish","type":"product","link":"https:\/\/wpe-encheres.com\/site\/produit\/fauteuil-acoustique-connecte-de-marque-dauphin-modele-atelier-parois-en-tissu-vert-pomme-coussin-de-dossier-amovible-kaki-coussin-dassise-vert-prussien-pieds-chromes-bloc-prises-en-facad\/","title":{"rendered":"Fauteuil acoustique connect\u00e9 de marque Dauphin mod\u00e8le Atelier, parois en tissu vert pomme, coussin de dossier amovible kaki, coussin d\u2019assise vert prussien, pieds chrom\u00e9s. Bloc prises en fa\u00e7ade basse (\u00e0 gauche ou \u00e0 droite) comprenant une prise de courant, une prise USB et une prise RJ45.  138 x 96 x 80 cm. Localisation : 54 Avenue Philippe Auguste 75011 Paris"},"content":{"rendered":"<p>Fauteuil acoustique connect\u00e9 de marque Dauphin mod\u00e8le Atelier, parois en tissu vert pomme, coussin de dossier amovible kaki, coussin d\u2019assise vert prussien, pieds chrom\u00e9s. Bloc prises en fa\u00e7ade basse (\u00e0 gauche ou \u00e0 droite) comprenant une prise de courant, une prise USB et une prise RJ45.  138 x 96 x 80 cm. Localisation : 54 Avenue Philippe Auguste 75011 Paris<\/p>\n","protected":false},"excerpt":{"rendered":"<p>Fauteuil acoustique connect\u00e9 de marque Dauphin mod\u00e8le Atelier, parois en tissu vert pomme, coussin de dossier amovible kaki, coussin d\u2019assise vert prussien, pieds chrom\u00e9s. Bloc prises en fa\u00e7ade basse (\u00e0 gauche ou \u00e0 droite) comprenant une prise de courant, une prise USB et une prise RJ45.  138 x 96 x 80 cm. Localisation : 54 Avenue Philippe Auguste 75011 Paris<\/p>\n","protected":false},"featured_media":27620,"template":"","meta":{"_acf_changed":false},"product_brand":[],"product_cat":[24],"product_tag":[39],"class_list":{"0":"post-27619","1":"product","2":"type-product","3":"status-publish","4":"has-post-thumbnail","6":"product_cat-mobilier-de-bureau-equipement-du-bureau","7":"product_tag-vente-du-22-avril-2025","9":"first","10":"outofstock","11":"product-type-simple"},"acf":[],"yoast_head":"<!-- This site is optimized with the Yoast SEO plugin v27.3 - https:\/\/yoast.com\/product\/yoast-seo-wordpress\/ -->\n<title>Fauteuil acoustique connect\u00e9 de marque Dauphin mod\u00e8le Atelier, parois en tissu vert pomme, coussin de dossier amovible kaki, coussin d\u2019assise vert prussien, pieds chrom\u00e9s. Bloc prises en fa\u00e7ade basse (\u00e0 gauche ou \u00e0 droite) comprenant une prise de courant, une prise USB et une prise RJ45. 138 x 96 x 80 cm. Localisation : 54 Avenue Philippe Auguste 75011 Paris - wpe-encheres<\/title>\n<meta name=\"robots\" content=\"index, follow, max-snippet:-1, max-image-preview:large, max-video-preview:-1\" \/>\n<link rel=\"canonical\" href=\"https:\/\/wpe-encheres.com\/site\/produit\/fauteuil-acoustique-connecte-de-marque-dauphin-modele-atelier-parois-en-tissu-vert-pomme-coussin-de-dossier-amovible-kaki-coussin-dassise-vert-prussien-pieds-chromes-bloc-prises-en-facad\/\" \/>\n<meta property=\"og:locale\" content=\"fr_FR\" \/>\n<meta property=\"og:type\" content=\"article\" \/>\n<meta property=\"og:title\" content=\"Fauteuil acoustique connect\u00e9 de marque Dauphin mod\u00e8le Atelier, parois en tissu vert pomme, coussin de dossier amovible kaki, coussin d\u2019assise vert prussien, pieds chrom\u00e9s. Bloc prises en fa\u00e7ade basse (\u00e0 gauche ou \u00e0 droite) comprenant une prise de courant, une prise USB et une prise RJ45. 138 x 96 x 80 cm. Localisation : 54 Avenue Philippe Auguste 75011 Paris - wpe-encheres\" \/>\n<meta property=\"og:description\" content=\"Fauteuil acoustique connect\u00e9 de marque Dauphin mod\u00e8le Atelier, parois en tissu vert pomme, coussin de dossier amovible kaki, coussin d\u2019assise vert prussien, pieds chrom\u00e9s. Bloc prises en fa\u00e7ade basse (\u00e0 gauche ou \u00e0 droite) comprenant une prise de courant, une prise USB et une prise RJ45. 138 x 96 x 80 cm. Localisation : 54 Avenue Philippe Auguste 75011 Paris\" \/>\n<meta property=\"og:url\" content=\"https:\/\/wpe-encheres.com\/site\/produit\/fauteuil-acoustique-connecte-de-marque-dauphin-modele-atelier-parois-en-tissu-vert-pomme-coussin-de-dossier-amovible-kaki-coussin-dassise-vert-prussien-pieds-chromes-bloc-prises-en-facad\/\" \/>\n<meta property=\"og:site_name\" content=\"wpe-encheres\" \/>\n<meta property=\"article:modified_time\" content=\"2025-12-01T18:00:02+00:00\" \/>\n<meta property=\"og:image\" content=\"https:\/\/wpe-encheres.com\/site\/wp-content\/uploads\/2025\/08\/67f1340f05007.jpg\" \/>\n\t<meta property=\"og:image:width\" content=\"1908\" \/>\n\t<meta property=\"og:image:height\" content=\"2048\" \/>\n\t<meta property=\"og:image:type\" content=\"image\/jpeg\" \/>\n<meta name=\"twitter:card\" content=\"summary_large_image\" \/>\n<script type=\"application\/ld+json\" class=\"yoast-schema-graph\">{\"@context\":\"https:\\\/\\\/schema.org\",\"@graph\":[{\"@type\":\"WebPage\",\"@id\":\"https:\\\/\\\/wpe-encheres.com\\\/site\\\/produit\\\/fauteuil-acoustique-connecte-de-marque-dauphin-modele-atelier-parois-en-tissu-vert-pomme-coussin-de-dossier-amovible-kaki-coussin-dassise-vert-prussien-pieds-chromes-bloc-prises-en-facad\\\/\",\"url\":\"https:\\\/\\\/wpe-encheres.com\\\/site\\\/produit\\\/fauteuil-acoustique-connecte-de-marque-dauphin-modele-atelier-parois-en-tissu-vert-pomme-coussin-de-dossier-amovible-kaki-coussin-dassise-vert-prussien-pieds-chromes-bloc-prises-en-facad\\\/\",\"name\":\"Fauteuil acoustique connect\u00e9 de marque Dauphin mod\u00e8le Atelier, parois en tissu vert pomme, coussin de dossier amovible kaki, coussin d\u2019assise vert prussien, pieds chrom\u00e9s. Bloc prises en fa\u00e7ade basse (\u00e0 gauche ou \u00e0 droite) comprenant une prise de courant, une prise USB et une prise RJ45. 138 x 96 x 80 cm. Localisation : 54 Avenue Philippe Auguste 75011 Paris - wpe-encheres\",\"isPartOf\":{\"@id\":\"https:\\\/\\\/wpe-encheres.com\\\/site\\\/#website\"},\"primaryImageOfPage\":{\"@id\":\"https:\\\/\\\/wpe-encheres.com\\\/site\\\/produit\\\/fauteuil-acoustique-connecte-de-marque-dauphin-modele-atelier-parois-en-tissu-vert-pomme-coussin-de-dossier-amovible-kaki-coussin-dassise-vert-prussien-pieds-chromes-bloc-prises-en-facad\\\/#primaryimage\"},\"image\":{\"@id\":\"https:\\\/\\\/wpe-encheres.com\\\/site\\\/produit\\\/fauteuil-acoustique-connecte-de-marque-dauphin-modele-atelier-parois-en-tissu-vert-pomme-coussin-de-dossier-amovible-kaki-coussin-dassise-vert-prussien-pieds-chromes-bloc-prises-en-facad\\\/#primaryimage\"},\"thumbnailUrl\":\"https:\\\/\\\/wpe-encheres.com\\\/site\\\/wp-content\\\/uploads\\\/2025\\\/08\\\/67f1340f05007.jpg\",\"datePublished\":\"2025-08-31T16:46:40+00:00\",\"dateModified\":\"2025-12-01T18:00:02+00:00\",\"breadcrumb\":{\"@id\":\"https:\\\/\\\/wpe-encheres.com\\\/site\\\/produit\\\/fauteuil-acoustique-connecte-de-marque-dauphin-modele-atelier-parois-en-tissu-vert-pomme-coussin-de-dossier-amovible-kaki-coussin-dassise-vert-prussien-pieds-chromes-bloc-prises-en-facad\\\/#breadcrumb\"},\"inLanguage\":\"fr-FR\",\"potentialAction\":[{\"@type\":\"ReadAction\",\"target\":[\"https:\\\/\\\/wpe-encheres.com\\\/site\\\/produit\\\/fauteuil-acoustique-connecte-de-marque-dauphin-modele-atelier-parois-en-tissu-vert-pomme-coussin-de-dossier-amovible-kaki-coussin-dassise-vert-prussien-pieds-chromes-bloc-prises-en-facad\\\/\"]}]},{\"@type\":\"ImageObject\",\"inLanguage\":\"fr-FR\",\"@id\":\"https:\\\/\\\/wpe-encheres.com\\\/site\\\/produit\\\/fauteuil-acoustique-connecte-de-marque-dauphin-modele-atelier-parois-en-tissu-vert-pomme-coussin-de-dossier-amovible-kaki-coussin-dassise-vert-prussien-pieds-chromes-bloc-prises-en-facad\\\/#primaryimage\",\"url\":\"https:\\\/\\\/wpe-encheres.com\\\/site\\\/wp-content\\\/uploads\\\/2025\\\/08\\\/67f1340f05007.jpg\",\"contentUrl\":\"https:\\\/\\\/wpe-encheres.com\\\/site\\\/wp-content\\\/uploads\\\/2025\\\/08\\\/67f1340f05007.jpg\",\"width\":1908,\"height\":2048},{\"@type\":\"BreadcrumbList\",\"@id\":\"https:\\\/\\\/wpe-encheres.com\\\/site\\\/produit\\\/fauteuil-acoustique-connecte-de-marque-dauphin-modele-atelier-parois-en-tissu-vert-pomme-coussin-de-dossier-amovible-kaki-coussin-dassise-vert-prussien-pieds-chromes-bloc-prises-en-facad\\\/#breadcrumb\",\"itemListElement\":[{\"@type\":\"ListItem\",\"position\":1,\"name\":\"Accueil\",\"item\":\"https:\\\/\\\/wpe-encheres.com\\\/site\\\/\"},{\"@type\":\"ListItem\",\"position\":2,\"name\":\"Boutique\",\"item\":\"https:\\\/\\\/wpe-encheres.com\\\/site\\\/?page_id=22765\"},{\"@type\":\"ListItem\",\"position\":3,\"name\":\"Fauteuil acoustique connect\u00e9 de marque Dauphin mod\u00e8le Atelier, parois en tissu vert pomme, coussin de dossier amovible kaki, coussin d\u2019assise vert prussien, pieds chrom\u00e9s. Bloc prises en fa\u00e7ade basse (\u00e0 gauche ou \u00e0 droite) comprenant une prise de courant, une prise USB et une prise RJ45. 138 x 96 x 80 cm. Localisation : 54 Avenue Philippe Auguste 75011 Paris\"}]},{\"@type\":\"WebSite\",\"@id\":\"https:\\\/\\\/wpe-encheres.com\\\/site\\\/#website\",\"url\":\"https:\\\/\\\/wpe-encheres.com\\\/site\\\/\",\"name\":\"wpe-encheres\",\"description\":\"\",\"publisher\":{\"@id\":\"https:\\\/\\\/wpe-encheres.com\\\/site\\\/#organization\"},\"potentialAction\":[{\"@type\":\"SearchAction\",\"target\":{\"@type\":\"EntryPoint\",\"urlTemplate\":\"https:\\\/\\\/wpe-encheres.com\\\/site\\\/?s={search_term_string}\"},\"query-input\":{\"@type\":\"PropertyValueSpecification\",\"valueRequired\":true,\"valueName\":\"search_term_string\"}}],\"inLanguage\":\"fr-FR\"},{\"@type\":\"Organization\",\"@id\":\"https:\\\/\\\/wpe-encheres.com\\\/site\\\/#organization\",\"name\":\"wpe encheres\",\"url\":\"https:\\\/\\\/wpe-encheres.com\\\/site\\\/\",\"logo\":{\"@type\":\"ImageObject\",\"inLanguage\":\"fr-FR\",\"@id\":\"https:\\\/\\\/wpe-encheres.com\\\/site\\\/#\\\/schema\\\/logo\\\/image\\\/\",\"url\":\"https:\\\/\\\/wpe-encheres.com\\\/site\\\/wp-content\\\/uploads\\\/2025\\\/08\\\/wpe-encheres-logo.png\",\"contentUrl\":\"https:\\\/\\\/wpe-encheres.com\\\/site\\\/wp-content\\\/uploads\\\/2025\\\/08\\\/wpe-encheres-logo.png\",\"width\":300,\"height\":110,\"caption\":\"wpe encheres\"},\"image\":{\"@id\":\"https:\\\/\\\/wpe-encheres.com\\\/site\\\/#\\\/schema\\\/logo\\\/image\\\/\"}}]}<\/script>\n<!-- \/ Yoast SEO plugin. -->","yoast_head_json":{"title":"Fauteuil acoustique connect\u00e9 de marque Dauphin mod\u00e8le Atelier, parois en tissu vert pomme, coussin de dossier amovible kaki, coussin d\u2019assise vert prussien, pieds chrom\u00e9s. Bloc prises en fa\u00e7ade basse (\u00e0 gauche ou \u00e0 droite) comprenant une prise de courant, une prise USB et une prise RJ45. 138 x 96 x 80 cm. Localisation : 54 Avenue Philippe Auguste 75011 Paris - wpe-encheres","robots":{"index":"index","follow":"follow","max-snippet":"max-snippet:-1","max-image-preview":"max-image-preview:large","max-video-preview":"max-video-preview:-1"},"canonical":"https:\/\/wpe-encheres.com\/site\/produit\/fauteuil-acoustique-connecte-de-marque-dauphin-modele-atelier-parois-en-tissu-vert-pomme-coussin-de-dossier-amovible-kaki-coussin-dassise-vert-prussien-pieds-chromes-bloc-prises-en-facad\/","og_locale":"fr_FR","og_type":"article","og_title":"Fauteuil acoustique connect\u00e9 de marque Dauphin mod\u00e8le Atelier, parois en tissu vert pomme, coussin de dossier amovible kaki, coussin d\u2019assise vert prussien, pieds chrom\u00e9s. Bloc prises en fa\u00e7ade basse (\u00e0 gauche ou \u00e0 droite) comprenant une prise de courant, une prise USB et une prise RJ45. 138 x 96 x 80 cm. Localisation : 54 Avenue Philippe Auguste 75011 Paris - wpe-encheres","og_description":"Fauteuil acoustique connect\u00e9 de marque Dauphin mod\u00e8le Atelier, parois en tissu vert pomme, coussin de dossier amovible kaki, coussin d\u2019assise vert prussien, pieds chrom\u00e9s. Bloc prises en fa\u00e7ade basse (\u00e0 gauche ou \u00e0 droite) comprenant une prise de courant, une prise USB et une prise RJ45. 138 x 96 x 80 cm. Localisation : 54 Avenue Philippe Auguste 75011 Paris","og_url":"https:\/\/wpe-encheres.com\/site\/produit\/fauteuil-acoustique-connecte-de-marque-dauphin-modele-atelier-parois-en-tissu-vert-pomme-coussin-de-dossier-amovible-kaki-coussin-dassise-vert-prussien-pieds-chromes-bloc-prises-en-facad\/","og_site_name":"wpe-encheres","article_modified_time":"2025-12-01T18:00:02+00:00","og_image":[{"width":1908,"height":2048,"url":"https:\/\/wpe-encheres.com\/site\/wp-content\/uploads\/2025\/08\/67f1340f05007.jpg","type":"image\/jpeg"}],"twitter_card":"summary_large_image","schema":{"@context":"https:\/\/schema.org","@graph":[{"@type":"WebPage","@id":"https:\/\/wpe-encheres.com\/site\/produit\/fauteuil-acoustique-connecte-de-marque-dauphin-modele-atelier-parois-en-tissu-vert-pomme-coussin-de-dossier-amovible-kaki-coussin-dassise-vert-prussien-pieds-chromes-bloc-prises-en-facad\/","url":"https:\/\/wpe-encheres.com\/site\/produit\/fauteuil-acoustique-connecte-de-marque-dauphin-modele-atelier-parois-en-tissu-vert-pomme-coussin-de-dossier-amovible-kaki-coussin-dassise-vert-prussien-pieds-chromes-bloc-prises-en-facad\/","name":"Fauteuil acoustique connect\u00e9 de marque Dauphin mod\u00e8le Atelier, parois en tissu vert pomme, coussin de dossier amovible kaki, coussin d\u2019assise vert prussien, pieds chrom\u00e9s. Bloc prises en fa\u00e7ade basse (\u00e0 gauche ou \u00e0 droite) comprenant une prise de courant, une prise USB et une prise RJ45. 138 x 96 x 80 cm. Localisation : 54 Avenue Philippe Auguste 75011 Paris - wpe-encheres","isPartOf":{"@id":"https:\/\/wpe-encheres.com\/site\/#website"},"primaryImageOfPage":{"@id":"https:\/\/wpe-encheres.com\/site\/produit\/fauteuil-acoustique-connecte-de-marque-dauphin-modele-atelier-parois-en-tissu-vert-pomme-coussin-de-dossier-amovible-kaki-coussin-dassise-vert-prussien-pieds-chromes-bloc-prises-en-facad\/#primaryimage"},"image":{"@id":"https:\/\/wpe-encheres.com\/site\/produit\/fauteuil-acoustique-connecte-de-marque-dauphin-modele-atelier-parois-en-tissu-vert-pomme-coussin-de-dossier-amovible-kaki-coussin-dassise-vert-prussien-pieds-chromes-bloc-prises-en-facad\/#primaryimage"},"thumbnailUrl":"https:\/\/wpe-encheres.com\/site\/wp-content\/uploads\/2025\/08\/67f1340f05007.jpg","datePublished":"2025-08-31T16:46:40+00:00","dateModified":"2025-12-01T18:00:02+00:00","breadcrumb":{"@id":"https:\/\/wpe-encheres.com\/site\/produit\/fauteuil-acoustique-connecte-de-marque-dauphin-modele-atelier-parois-en-tissu-vert-pomme-coussin-de-dossier-amovible-kaki-coussin-dassise-vert-prussien-pieds-chromes-bloc-prises-en-facad\/#breadcrumb"},"inLanguage":"fr-FR","potentialAction":[{"@type":"ReadAction","target":["https:\/\/wpe-encheres.com\/site\/produit\/fauteuil-acoustique-connecte-de-marque-dauphin-modele-atelier-parois-en-tissu-vert-pomme-coussin-de-dossier-amovible-kaki-coussin-dassise-vert-prussien-pieds-chromes-bloc-prises-en-facad\/"]}]},{"@type":"ImageObject","inLanguage":"fr-FR","@id":"https:\/\/wpe-encheres.com\/site\/produit\/fauteuil-acoustique-connecte-de-marque-dauphin-modele-atelier-parois-en-tissu-vert-pomme-coussin-de-dossier-amovible-kaki-coussin-dassise-vert-prussien-pieds-chromes-bloc-prises-en-facad\/#primaryimage","url":"https:\/\/wpe-encheres.com\/site\/wp-content\/uploads\/2025\/08\/67f1340f05007.jpg","contentUrl":"https:\/\/wpe-encheres.com\/site\/wp-content\/uploads\/2025\/08\/67f1340f05007.jpg","width":1908,"height":2048},{"@type":"BreadcrumbList","@id":"https:\/\/wpe-encheres.com\/site\/produit\/fauteuil-acoustique-connecte-de-marque-dauphin-modele-atelier-parois-en-tissu-vert-pomme-coussin-de-dossier-amovible-kaki-coussin-dassise-vert-prussien-pieds-chromes-bloc-prises-en-facad\/#breadcrumb","itemListElement":[{"@type":"ListItem","position":1,"name":"Accueil","item":"https:\/\/wpe-encheres.com\/site\/"},{"@type":"ListItem","position":2,"name":"Boutique","item":"https:\/\/wpe-encheres.com\/site\/?page_id=22765"},{"@type":"ListItem","position":3,"name":"Fauteuil acoustique connect\u00e9 de marque Dauphin mod\u00e8le Atelier, parois en tissu vert pomme, coussin de dossier amovible kaki, coussin d\u2019assise vert prussien, pieds chrom\u00e9s. Bloc prises en fa\u00e7ade basse (\u00e0 gauche ou \u00e0 droite) comprenant une prise de courant, une prise USB et une prise RJ45. 138 x 96 x 80 cm. Localisation : 54 Avenue Philippe Auguste 75011 Paris"}]},{"@type":"WebSite","@id":"https:\/\/wpe-encheres.com\/site\/#website","url":"https:\/\/wpe-encheres.com\/site\/","name":"wpe-encheres","description":"","publisher":{"@id":"https:\/\/wpe-encheres.com\/site\/#organization"},"potentialAction":[{"@type":"SearchAction","target":{"@type":"EntryPoint","urlTemplate":"https:\/\/wpe-encheres.com\/site\/?s={search_term_string}"},"query-input":{"@type":"PropertyValueSpecification","valueRequired":true,"valueName":"search_term_string"}}],"inLanguage":"fr-FR"},{"@type":"Organization","@id":"https:\/\/wpe-encheres.com\/site\/#organization","name":"wpe encheres","url":"https:\/\/wpe-encheres.com\/site\/","logo":{"@type":"ImageObject","inLanguage":"fr-FR","@id":"https:\/\/wpe-encheres.com\/site\/#\/schema\/logo\/image\/","url":"https:\/\/wpe-encheres.com\/site\/wp-content\/uploads\/2025\/08\/wpe-encheres-logo.png","contentUrl":"https:\/\/wpe-encheres.com\/site\/wp-content\/uploads\/2025\/08\/wpe-encheres-logo.png","width":300,"height":110,"caption":"wpe encheres"},"image":{"@id":"https:\/\/wpe-encheres.com\/site\/#\/schema\/logo\/image\/"}}]}},"_links":{"self":[{"href":"https:\/\/wpe-encheres.com\/site\/wp-json\/wp\/v2\/product\/27619","targetHints":{"allow":["GET"]}}],"collection":[{"href":"https:\/\/wpe-encheres.com\/site\/wp-json\/wp\/v2\/product"}],"about":[{"href":"https:\/\/wpe-encheres.com\/site\/wp-json\/wp\/v2\/types\/product"}],"wp:featuredmedia":[{"embeddable":true,"href":"https:\/\/wpe-encheres.com\/site\/wp-json\/wp\/v2\/media\/27620"}],"wp:attachment":[{"href":"https:\/\/wpe-encheres.com\/site\/wp-json\/wp\/v2\/media?parent=27619"}],"wp:term":[{"taxonomy":"product_brand","embeddable":true,"href":"https:\/\/wpe-encheres.com\/site\/wp-json\/wp\/v2\/product_brand?post=27619"},{"taxonomy":"product_cat","embeddable":true,"href":"https:\/\/wpe-encheres.com\/site\/wp-json\/wp\/v2\/product_cat?post=27619"},{"taxonomy":"product_tag","embeddable":true,"href":"https:\/\/wpe-encheres.com\/site\/wp-json\/wp\/v2\/product_tag?post=27619"}],"curies":[{"name":"wp","href":"https:\/\/api.w.org\/{rel}","templated":true}]}}