{"id":27597,"date":"2025-08-31T18:46:21","date_gmt":"2025-08-31T16:46:21","guid":{"rendered":"https:\/\/wpe-encheres.com\/site\/produit\/fauteuil-de-bureau-de-marque-klober-assise-et-dossier-en-tissu-gris-fonce-pietement-sur-roulettes-noir-dossier-ajustable-multiples-reglages-60-unites-vendu-a-lunite-avec-faculte-de-reunion-local\/"},"modified":"2025-12-01T19:00:04","modified_gmt":"2025-12-01T18:00:04","slug":"fauteuil-de-bureau-de-marque-klober-assise-et-dossier-en-tissu-gris-fonce-pietement-sur-roulettes-noir-dossier-ajustable-multiples-reglages-60-unites-vendu-a-lunite-avec-faculte-de-reunion-local","status":"publish","type":"product","link":"https:\/\/wpe-encheres.com\/site\/produit\/fauteuil-de-bureau-de-marque-klober-assise-et-dossier-en-tissu-gris-fonce-pietement-sur-roulettes-noir-dossier-ajustable-multiples-reglages-60-unites-vendu-a-lunite-avec-faculte-de-reunion-local\/","title":{"rendered":"Fauteuil de bureau de marque Kl\u00f6ber assise et dossier en tissu gris fonc\u00e9 pi\u00e9tement sur roulettes  noir, dossier ajustable multiples r\u00e9glages. 60 unit\u00e9s. Vendu \u00e0 l&rsquo;unit\u00e9 avec facult\u00e9 de r\u00e9union. Localisation : 32 rue de Monceau &#8211; 75008 Paris"},"content":{"rendered":"<p>Fauteuil de bureau de marque Kl\u00f6ber assise et dossier en tissu gris fonc\u00e9 pi\u00e9tement sur roulettes  noir, dossier ajustable multiples r\u00e9glages. 60 unit\u00e9s. Vendu \u00e0 l&rsquo;unit\u00e9 avec facult\u00e9 de r\u00e9union. Localisation : 32 rue de Monceau &#8211; 75008 Paris<\/p>\n","protected":false},"excerpt":{"rendered":"<p>Fauteuil de bureau de marque Kl\u00f6ber assise et dossier en tissu gris fonc\u00e9 pi\u00e9tement sur roulettes  noir, dossier ajustable multiples r\u00e9glages. 60 unit\u00e9s. Vendu \u00e0 l&rsquo;unit\u00e9 avec facult\u00e9 de r\u00e9union. Localisation : 32 rue de Monceau &#8211; 75008 Paris<\/p>\n","protected":false},"featured_media":27598,"template":"","meta":{"_acf_changed":false},"product_brand":[],"product_cat":[24],"product_tag":[39],"class_list":{"0":"post-27597","1":"product","2":"type-product","3":"status-publish","4":"has-post-thumbnail","6":"product_cat-mobilier-de-bureau-equipement-du-bureau","7":"product_tag-vente-du-22-avril-2025","9":"first","10":"outofstock","11":"product-type-simple"},"acf":[],"yoast_head":"<!-- This site is optimized with the Yoast SEO plugin v27.3 - https:\/\/yoast.com\/product\/yoast-seo-wordpress\/ -->\n<title>Fauteuil de bureau de marque Kl\u00f6ber assise et dossier en tissu gris fonc\u00e9 pi\u00e9tement sur roulettes noir, dossier ajustable multiples r\u00e9glages. 60 unit\u00e9s. Vendu \u00e0 l&#039;unit\u00e9 avec facult\u00e9 de r\u00e9union. Localisation : 32 rue de Monceau - 75008 Paris - wpe-encheres<\/title>\n<meta name=\"robots\" content=\"index, follow, max-snippet:-1, max-image-preview:large, max-video-preview:-1\" \/>\n<link rel=\"canonical\" href=\"https:\/\/wpe-encheres.com\/site\/produit\/fauteuil-de-bureau-de-marque-klober-assise-et-dossier-en-tissu-gris-fonce-pietement-sur-roulettes-noir-dossier-ajustable-multiples-reglages-60-unites-vendu-a-lunite-avec-faculte-de-reunion-local\/\" \/>\n<meta property=\"og:locale\" content=\"fr_FR\" \/>\n<meta property=\"og:type\" content=\"article\" \/>\n<meta property=\"og:title\" content=\"Fauteuil de bureau de marque Kl\u00f6ber assise et dossier en tissu gris fonc\u00e9 pi\u00e9tement sur roulettes noir, dossier ajustable multiples r\u00e9glages. 60 unit\u00e9s. Vendu \u00e0 l&#039;unit\u00e9 avec facult\u00e9 de r\u00e9union. Localisation : 32 rue de Monceau - 75008 Paris - wpe-encheres\" \/>\n<meta property=\"og:description\" content=\"Fauteuil de bureau de marque Kl\u00f6ber assise et dossier en tissu gris fonc\u00e9 pi\u00e9tement sur roulettes noir, dossier ajustable multiples r\u00e9glages. 60 unit\u00e9s. Vendu \u00e0 l&#039;unit\u00e9 avec facult\u00e9 de r\u00e9union. Localisation : 32 rue de Monceau - 75008 Paris\" \/>\n<meta property=\"og:url\" content=\"https:\/\/wpe-encheres.com\/site\/produit\/fauteuil-de-bureau-de-marque-klober-assise-et-dossier-en-tissu-gris-fonce-pietement-sur-roulettes-noir-dossier-ajustable-multiples-reglages-60-unites-vendu-a-lunite-avec-faculte-de-reunion-local\/\" \/>\n<meta property=\"og:site_name\" content=\"wpe-encheres\" \/>\n<meta property=\"article:modified_time\" content=\"2025-12-01T18:00:04+00:00\" \/>\n<meta property=\"og:image\" content=\"https:\/\/wpe-encheres.com\/site\/wp-content\/uploads\/2025\/08\/67e01bae30605.jpg\" \/>\n\t<meta property=\"og:image:width\" content=\"504\" \/>\n\t<meta property=\"og:image:height\" content=\"833\" \/>\n\t<meta property=\"og:image:type\" content=\"image\/jpeg\" \/>\n<meta name=\"twitter:card\" content=\"summary_large_image\" \/>\n<script type=\"application\/ld+json\" class=\"yoast-schema-graph\">{\"@context\":\"https:\\\/\\\/schema.org\",\"@graph\":[{\"@type\":\"WebPage\",\"@id\":\"https:\\\/\\\/wpe-encheres.com\\\/site\\\/produit\\\/fauteuil-de-bureau-de-marque-klober-assise-et-dossier-en-tissu-gris-fonce-pietement-sur-roulettes-noir-dossier-ajustable-multiples-reglages-60-unites-vendu-a-lunite-avec-faculte-de-reunion-local\\\/\",\"url\":\"https:\\\/\\\/wpe-encheres.com\\\/site\\\/produit\\\/fauteuil-de-bureau-de-marque-klober-assise-et-dossier-en-tissu-gris-fonce-pietement-sur-roulettes-noir-dossier-ajustable-multiples-reglages-60-unites-vendu-a-lunite-avec-faculte-de-reunion-local\\\/\",\"name\":\"Fauteuil de bureau de marque Kl\u00f6ber assise et dossier en tissu gris fonc\u00e9 pi\u00e9tement sur roulettes noir, dossier ajustable multiples r\u00e9glages. 60 unit\u00e9s. Vendu \u00e0 l'unit\u00e9 avec facult\u00e9 de r\u00e9union. Localisation : 32 rue de Monceau - 75008 Paris - wpe-encheres\",\"isPartOf\":{\"@id\":\"https:\\\/\\\/wpe-encheres.com\\\/site\\\/#website\"},\"primaryImageOfPage\":{\"@id\":\"https:\\\/\\\/wpe-encheres.com\\\/site\\\/produit\\\/fauteuil-de-bureau-de-marque-klober-assise-et-dossier-en-tissu-gris-fonce-pietement-sur-roulettes-noir-dossier-ajustable-multiples-reglages-60-unites-vendu-a-lunite-avec-faculte-de-reunion-local\\\/#primaryimage\"},\"image\":{\"@id\":\"https:\\\/\\\/wpe-encheres.com\\\/site\\\/produit\\\/fauteuil-de-bureau-de-marque-klober-assise-et-dossier-en-tissu-gris-fonce-pietement-sur-roulettes-noir-dossier-ajustable-multiples-reglages-60-unites-vendu-a-lunite-avec-faculte-de-reunion-local\\\/#primaryimage\"},\"thumbnailUrl\":\"https:\\\/\\\/wpe-encheres.com\\\/site\\\/wp-content\\\/uploads\\\/2025\\\/08\\\/67e01bae30605.jpg\",\"datePublished\":\"2025-08-31T16:46:21+00:00\",\"dateModified\":\"2025-12-01T18:00:04+00:00\",\"breadcrumb\":{\"@id\":\"https:\\\/\\\/wpe-encheres.com\\\/site\\\/produit\\\/fauteuil-de-bureau-de-marque-klober-assise-et-dossier-en-tissu-gris-fonce-pietement-sur-roulettes-noir-dossier-ajustable-multiples-reglages-60-unites-vendu-a-lunite-avec-faculte-de-reunion-local\\\/#breadcrumb\"},\"inLanguage\":\"fr-FR\",\"potentialAction\":[{\"@type\":\"ReadAction\",\"target\":[\"https:\\\/\\\/wpe-encheres.com\\\/site\\\/produit\\\/fauteuil-de-bureau-de-marque-klober-assise-et-dossier-en-tissu-gris-fonce-pietement-sur-roulettes-noir-dossier-ajustable-multiples-reglages-60-unites-vendu-a-lunite-avec-faculte-de-reunion-local\\\/\"]}]},{\"@type\":\"ImageObject\",\"inLanguage\":\"fr-FR\",\"@id\":\"https:\\\/\\\/wpe-encheres.com\\\/site\\\/produit\\\/fauteuil-de-bureau-de-marque-klober-assise-et-dossier-en-tissu-gris-fonce-pietement-sur-roulettes-noir-dossier-ajustable-multiples-reglages-60-unites-vendu-a-lunite-avec-faculte-de-reunion-local\\\/#primaryimage\",\"url\":\"https:\\\/\\\/wpe-encheres.com\\\/site\\\/wp-content\\\/uploads\\\/2025\\\/08\\\/67e01bae30605.jpg\",\"contentUrl\":\"https:\\\/\\\/wpe-encheres.com\\\/site\\\/wp-content\\\/uploads\\\/2025\\\/08\\\/67e01bae30605.jpg\",\"width\":504,\"height\":833},{\"@type\":\"BreadcrumbList\",\"@id\":\"https:\\\/\\\/wpe-encheres.com\\\/site\\\/produit\\\/fauteuil-de-bureau-de-marque-klober-assise-et-dossier-en-tissu-gris-fonce-pietement-sur-roulettes-noir-dossier-ajustable-multiples-reglages-60-unites-vendu-a-lunite-avec-faculte-de-reunion-local\\\/#breadcrumb\",\"itemListElement\":[{\"@type\":\"ListItem\",\"position\":1,\"name\":\"Accueil\",\"item\":\"https:\\\/\\\/wpe-encheres.com\\\/site\\\/\"},{\"@type\":\"ListItem\",\"position\":2,\"name\":\"Boutique\",\"item\":\"https:\\\/\\\/wpe-encheres.com\\\/site\\\/?page_id=22765\"},{\"@type\":\"ListItem\",\"position\":3,\"name\":\"Fauteuil de bureau de marque Kl\u00f6ber assise et dossier en tissu gris fonc\u00e9 pi\u00e9tement sur roulettes noir, dossier ajustable multiples r\u00e9glages. 60 unit\u00e9s. Vendu \u00e0 l&rsquo;unit\u00e9 avec facult\u00e9 de r\u00e9union. Localisation : 32 rue de Monceau &#8211; 75008 Paris\"}]},{\"@type\":\"WebSite\",\"@id\":\"https:\\\/\\\/wpe-encheres.com\\\/site\\\/#website\",\"url\":\"https:\\\/\\\/wpe-encheres.com\\\/site\\\/\",\"name\":\"wpe-encheres\",\"description\":\"\",\"publisher\":{\"@id\":\"https:\\\/\\\/wpe-encheres.com\\\/site\\\/#organization\"},\"potentialAction\":[{\"@type\":\"SearchAction\",\"target\":{\"@type\":\"EntryPoint\",\"urlTemplate\":\"https:\\\/\\\/wpe-encheres.com\\\/site\\\/?s={search_term_string}\"},\"query-input\":{\"@type\":\"PropertyValueSpecification\",\"valueRequired\":true,\"valueName\":\"search_term_string\"}}],\"inLanguage\":\"fr-FR\"},{\"@type\":\"Organization\",\"@id\":\"https:\\\/\\\/wpe-encheres.com\\\/site\\\/#organization\",\"name\":\"wpe encheres\",\"url\":\"https:\\\/\\\/wpe-encheres.com\\\/site\\\/\",\"logo\":{\"@type\":\"ImageObject\",\"inLanguage\":\"fr-FR\",\"@id\":\"https:\\\/\\\/wpe-encheres.com\\\/site\\\/#\\\/schema\\\/logo\\\/image\\\/\",\"url\":\"https:\\\/\\\/wpe-encheres.com\\\/site\\\/wp-content\\\/uploads\\\/2025\\\/08\\\/wpe-encheres-logo.png\",\"contentUrl\":\"https:\\\/\\\/wpe-encheres.com\\\/site\\\/wp-content\\\/uploads\\\/2025\\\/08\\\/wpe-encheres-logo.png\",\"width\":300,\"height\":110,\"caption\":\"wpe encheres\"},\"image\":{\"@id\":\"https:\\\/\\\/wpe-encheres.com\\\/site\\\/#\\\/schema\\\/logo\\\/image\\\/\"}}]}<\/script>\n<!-- \/ Yoast SEO plugin. -->","yoast_head_json":{"title":"Fauteuil de bureau de marque Kl\u00f6ber assise et dossier en tissu gris fonc\u00e9 pi\u00e9tement sur roulettes noir, dossier ajustable multiples r\u00e9glages. 60 unit\u00e9s. Vendu \u00e0 l'unit\u00e9 avec facult\u00e9 de r\u00e9union. Localisation : 32 rue de Monceau - 75008 Paris - wpe-encheres","robots":{"index":"index","follow":"follow","max-snippet":"max-snippet:-1","max-image-preview":"max-image-preview:large","max-video-preview":"max-video-preview:-1"},"canonical":"https:\/\/wpe-encheres.com\/site\/produit\/fauteuil-de-bureau-de-marque-klober-assise-et-dossier-en-tissu-gris-fonce-pietement-sur-roulettes-noir-dossier-ajustable-multiples-reglages-60-unites-vendu-a-lunite-avec-faculte-de-reunion-local\/","og_locale":"fr_FR","og_type":"article","og_title":"Fauteuil de bureau de marque Kl\u00f6ber assise et dossier en tissu gris fonc\u00e9 pi\u00e9tement sur roulettes noir, dossier ajustable multiples r\u00e9glages. 60 unit\u00e9s. Vendu \u00e0 l'unit\u00e9 avec facult\u00e9 de r\u00e9union. Localisation : 32 rue de Monceau - 75008 Paris - wpe-encheres","og_description":"Fauteuil de bureau de marque Kl\u00f6ber assise et dossier en tissu gris fonc\u00e9 pi\u00e9tement sur roulettes noir, dossier ajustable multiples r\u00e9glages. 60 unit\u00e9s. Vendu \u00e0 l'unit\u00e9 avec facult\u00e9 de r\u00e9union. Localisation : 32 rue de Monceau - 75008 Paris","og_url":"https:\/\/wpe-encheres.com\/site\/produit\/fauteuil-de-bureau-de-marque-klober-assise-et-dossier-en-tissu-gris-fonce-pietement-sur-roulettes-noir-dossier-ajustable-multiples-reglages-60-unites-vendu-a-lunite-avec-faculte-de-reunion-local\/","og_site_name":"wpe-encheres","article_modified_time":"2025-12-01T18:00:04+00:00","og_image":[{"width":504,"height":833,"url":"https:\/\/wpe-encheres.com\/site\/wp-content\/uploads\/2025\/08\/67e01bae30605.jpg","type":"image\/jpeg"}],"twitter_card":"summary_large_image","schema":{"@context":"https:\/\/schema.org","@graph":[{"@type":"WebPage","@id":"https:\/\/wpe-encheres.com\/site\/produit\/fauteuil-de-bureau-de-marque-klober-assise-et-dossier-en-tissu-gris-fonce-pietement-sur-roulettes-noir-dossier-ajustable-multiples-reglages-60-unites-vendu-a-lunite-avec-faculte-de-reunion-local\/","url":"https:\/\/wpe-encheres.com\/site\/produit\/fauteuil-de-bureau-de-marque-klober-assise-et-dossier-en-tissu-gris-fonce-pietement-sur-roulettes-noir-dossier-ajustable-multiples-reglages-60-unites-vendu-a-lunite-avec-faculte-de-reunion-local\/","name":"Fauteuil de bureau de marque Kl\u00f6ber assise et dossier en tissu gris fonc\u00e9 pi\u00e9tement sur roulettes noir, dossier ajustable multiples r\u00e9glages. 60 unit\u00e9s. Vendu \u00e0 l'unit\u00e9 avec facult\u00e9 de r\u00e9union. Localisation : 32 rue de Monceau - 75008 Paris - wpe-encheres","isPartOf":{"@id":"https:\/\/wpe-encheres.com\/site\/#website"},"primaryImageOfPage":{"@id":"https:\/\/wpe-encheres.com\/site\/produit\/fauteuil-de-bureau-de-marque-klober-assise-et-dossier-en-tissu-gris-fonce-pietement-sur-roulettes-noir-dossier-ajustable-multiples-reglages-60-unites-vendu-a-lunite-avec-faculte-de-reunion-local\/#primaryimage"},"image":{"@id":"https:\/\/wpe-encheres.com\/site\/produit\/fauteuil-de-bureau-de-marque-klober-assise-et-dossier-en-tissu-gris-fonce-pietement-sur-roulettes-noir-dossier-ajustable-multiples-reglages-60-unites-vendu-a-lunite-avec-faculte-de-reunion-local\/#primaryimage"},"thumbnailUrl":"https:\/\/wpe-encheres.com\/site\/wp-content\/uploads\/2025\/08\/67e01bae30605.jpg","datePublished":"2025-08-31T16:46:21+00:00","dateModified":"2025-12-01T18:00:04+00:00","breadcrumb":{"@id":"https:\/\/wpe-encheres.com\/site\/produit\/fauteuil-de-bureau-de-marque-klober-assise-et-dossier-en-tissu-gris-fonce-pietement-sur-roulettes-noir-dossier-ajustable-multiples-reglages-60-unites-vendu-a-lunite-avec-faculte-de-reunion-local\/#breadcrumb"},"inLanguage":"fr-FR","potentialAction":[{"@type":"ReadAction","target":["https:\/\/wpe-encheres.com\/site\/produit\/fauteuil-de-bureau-de-marque-klober-assise-et-dossier-en-tissu-gris-fonce-pietement-sur-roulettes-noir-dossier-ajustable-multiples-reglages-60-unites-vendu-a-lunite-avec-faculte-de-reunion-local\/"]}]},{"@type":"ImageObject","inLanguage":"fr-FR","@id":"https:\/\/wpe-encheres.com\/site\/produit\/fauteuil-de-bureau-de-marque-klober-assise-et-dossier-en-tissu-gris-fonce-pietement-sur-roulettes-noir-dossier-ajustable-multiples-reglages-60-unites-vendu-a-lunite-avec-faculte-de-reunion-local\/#primaryimage","url":"https:\/\/wpe-encheres.com\/site\/wp-content\/uploads\/2025\/08\/67e01bae30605.jpg","contentUrl":"https:\/\/wpe-encheres.com\/site\/wp-content\/uploads\/2025\/08\/67e01bae30605.jpg","width":504,"height":833},{"@type":"BreadcrumbList","@id":"https:\/\/wpe-encheres.com\/site\/produit\/fauteuil-de-bureau-de-marque-klober-assise-et-dossier-en-tissu-gris-fonce-pietement-sur-roulettes-noir-dossier-ajustable-multiples-reglages-60-unites-vendu-a-lunite-avec-faculte-de-reunion-local\/#breadcrumb","itemListElement":[{"@type":"ListItem","position":1,"name":"Accueil","item":"https:\/\/wpe-encheres.com\/site\/"},{"@type":"ListItem","position":2,"name":"Boutique","item":"https:\/\/wpe-encheres.com\/site\/?page_id=22765"},{"@type":"ListItem","position":3,"name":"Fauteuil de bureau de marque Kl\u00f6ber assise et dossier en tissu gris fonc\u00e9 pi\u00e9tement sur roulettes noir, dossier ajustable multiples r\u00e9glages. 60 unit\u00e9s. Vendu \u00e0 l&rsquo;unit\u00e9 avec facult\u00e9 de r\u00e9union. Localisation : 32 rue de Monceau &#8211; 75008 Paris"}]},{"@type":"WebSite","@id":"https:\/\/wpe-encheres.com\/site\/#website","url":"https:\/\/wpe-encheres.com\/site\/","name":"wpe-encheres","description":"","publisher":{"@id":"https:\/\/wpe-encheres.com\/site\/#organization"},"potentialAction":[{"@type":"SearchAction","target":{"@type":"EntryPoint","urlTemplate":"https:\/\/wpe-encheres.com\/site\/?s={search_term_string}"},"query-input":{"@type":"PropertyValueSpecification","valueRequired":true,"valueName":"search_term_string"}}],"inLanguage":"fr-FR"},{"@type":"Organization","@id":"https:\/\/wpe-encheres.com\/site\/#organization","name":"wpe encheres","url":"https:\/\/wpe-encheres.com\/site\/","logo":{"@type":"ImageObject","inLanguage":"fr-FR","@id":"https:\/\/wpe-encheres.com\/site\/#\/schema\/logo\/image\/","url":"https:\/\/wpe-encheres.com\/site\/wp-content\/uploads\/2025\/08\/wpe-encheres-logo.png","contentUrl":"https:\/\/wpe-encheres.com\/site\/wp-content\/uploads\/2025\/08\/wpe-encheres-logo.png","width":300,"height":110,"caption":"wpe encheres"},"image":{"@id":"https:\/\/wpe-encheres.com\/site\/#\/schema\/logo\/image\/"}}]}},"_links":{"self":[{"href":"https:\/\/wpe-encheres.com\/site\/wp-json\/wp\/v2\/product\/27597","targetHints":{"allow":["GET"]}}],"collection":[{"href":"https:\/\/wpe-encheres.com\/site\/wp-json\/wp\/v2\/product"}],"about":[{"href":"https:\/\/wpe-encheres.com\/site\/wp-json\/wp\/v2\/types\/product"}],"wp:featuredmedia":[{"embeddable":true,"href":"https:\/\/wpe-encheres.com\/site\/wp-json\/wp\/v2\/media\/27598"}],"wp:attachment":[{"href":"https:\/\/wpe-encheres.com\/site\/wp-json\/wp\/v2\/media?parent=27597"}],"wp:term":[{"taxonomy":"product_brand","embeddable":true,"href":"https:\/\/wpe-encheres.com\/site\/wp-json\/wp\/v2\/product_brand?post=27597"},{"taxonomy":"product_cat","embeddable":true,"href":"https:\/\/wpe-encheres.com\/site\/wp-json\/wp\/v2\/product_cat?post=27597"},{"taxonomy":"product_tag","embeddable":true,"href":"https:\/\/wpe-encheres.com\/site\/wp-json\/wp\/v2\/product_tag?post=27597"}],"curies":[{"name":"wp","href":"https:\/\/api.w.org\/{rel}","templated":true}]}}