{"id":27336,"date":"2025-08-31T18:34:27","date_gmt":"2025-08-31T16:34:27","guid":{"rendered":"https:\/\/wpe-encheres.com\/site\/produit\/4-metres-lineaires-de-rayonnage-en-acier-bleu-et-gris-comprenant-4-baies-200-x-100-x-60-cm-chaque-soit-5-echelles-et-17-etageres-localisation-canada-rdc-bas\/"},"modified":"2025-12-01T19:01:07","modified_gmt":"2025-12-01T18:01:07","slug":"4-metres-lineaires-de-rayonnage-en-acier-bleu-et-gris-comprenant-4-baies-200-x-100-x-60-cm-chaque-soit-5-echelles-et-17-etageres-localisation-canada-rdc-bas","status":"publish","type":"product","link":"https:\/\/wpe-encheres.com\/site\/produit\/4-metres-lineaires-de-rayonnage-en-acier-bleu-et-gris-comprenant-4-baies-200-x-100-x-60-cm-chaque-soit-5-echelles-et-17-etageres-localisation-canada-rdc-bas\/","title":{"rendered":"4 m\u00e8tres lin\u00e9aires de rayonnage en acier bleu et gris comprenant 4 baies (200 x 100 x 60 cm chaque), soit 5 \u00e9chelles et 17 \u00e9tag\u00e8res. Localisation : Canada rdc bas"},"content":{"rendered":"<p>4 m\u00e8tres lin\u00e9aires de rayonnage en acier bleu et gris comprenant 4 baies (200 x 100 x 60 cm chaque), soit 5 \u00e9chelles et 17 \u00e9tag\u00e8res. Localisation : Canada rdc bas<\/p>\n","protected":false},"excerpt":{"rendered":"<p>4 m\u00e8tres lin\u00e9aires de rayonnage en acier bleu et gris comprenant 4 baies (200 x 100 x 60 cm chaque), soit 5 \u00e9chelles et 17 \u00e9tag\u00e8res. Localisation : Canada rdc bas<\/p>\n","protected":false},"featured_media":27337,"template":"","meta":{"_acf_changed":false},"product_brand":[],"product_cat":[29],"product_tag":[38],"class_list":{"0":"post-27336","1":"product","2":"type-product","3":"status-publish","4":"has-post-thumbnail","6":"product_cat-materiel-industriel-outillage-machines-outils-coffres-forts-et-armoires-fortes","7":"product_tag-vente-du-29-avril-2025","9":"first","10":"outofstock","11":"product-type-simple"},"acf":[],"yoast_head":"<!-- This site is optimized with the Yoast SEO plugin v27.3 - https:\/\/yoast.com\/product\/yoast-seo-wordpress\/ -->\n<title>4 m\u00e8tres lin\u00e9aires de rayonnage en acier bleu et gris comprenant 4 baies (200 x 100 x 60 cm chaque), soit 5 \u00e9chelles et 17 \u00e9tag\u00e8res. Localisation : Canada rdc bas - wpe-encheres<\/title>\n<meta name=\"robots\" content=\"index, follow, max-snippet:-1, max-image-preview:large, max-video-preview:-1\" \/>\n<link rel=\"canonical\" href=\"https:\/\/wpe-encheres.com\/site\/produit\/4-metres-lineaires-de-rayonnage-en-acier-bleu-et-gris-comprenant-4-baies-200-x-100-x-60-cm-chaque-soit-5-echelles-et-17-etageres-localisation-canada-rdc-bas\/\" \/>\n<meta property=\"og:locale\" content=\"fr_FR\" \/>\n<meta property=\"og:type\" content=\"article\" \/>\n<meta property=\"og:title\" content=\"4 m\u00e8tres lin\u00e9aires de rayonnage en acier bleu et gris comprenant 4 baies (200 x 100 x 60 cm chaque), soit 5 \u00e9chelles et 17 \u00e9tag\u00e8res. Localisation : Canada rdc bas - wpe-encheres\" \/>\n<meta property=\"og:description\" content=\"4 m\u00e8tres lin\u00e9aires de rayonnage en acier bleu et gris comprenant 4 baies (200 x 100 x 60 cm chaque), soit 5 \u00e9chelles et 17 \u00e9tag\u00e8res. Localisation : Canada rdc bas\" \/>\n<meta property=\"og:url\" content=\"https:\/\/wpe-encheres.com\/site\/produit\/4-metres-lineaires-de-rayonnage-en-acier-bleu-et-gris-comprenant-4-baies-200-x-100-x-60-cm-chaque-soit-5-echelles-et-17-etageres-localisation-canada-rdc-bas\/\" \/>\n<meta property=\"og:site_name\" content=\"wpe-encheres\" \/>\n<meta property=\"article:modified_time\" content=\"2025-12-01T18:01:07+00:00\" \/>\n<meta property=\"og:image\" content=\"https:\/\/wpe-encheres.com\/site\/wp-content\/uploads\/2025\/08\/67aa354c94388-958_1.jpg\" \/>\n\t<meta property=\"og:image:width\" content=\"773\" \/>\n\t<meta property=\"og:image:height\" content=\"800\" \/>\n\t<meta property=\"og:image:type\" content=\"image\/jpeg\" \/>\n<meta name=\"twitter:card\" content=\"summary_large_image\" \/>\n<script type=\"application\/ld+json\" class=\"yoast-schema-graph\">{\"@context\":\"https:\\\/\\\/schema.org\",\"@graph\":[{\"@type\":\"WebPage\",\"@id\":\"https:\\\/\\\/wpe-encheres.com\\\/site\\\/produit\\\/4-metres-lineaires-de-rayonnage-en-acier-bleu-et-gris-comprenant-4-baies-200-x-100-x-60-cm-chaque-soit-5-echelles-et-17-etageres-localisation-canada-rdc-bas\\\/\",\"url\":\"https:\\\/\\\/wpe-encheres.com\\\/site\\\/produit\\\/4-metres-lineaires-de-rayonnage-en-acier-bleu-et-gris-comprenant-4-baies-200-x-100-x-60-cm-chaque-soit-5-echelles-et-17-etageres-localisation-canada-rdc-bas\\\/\",\"name\":\"4 m\u00e8tres lin\u00e9aires de rayonnage en acier bleu et gris comprenant 4 baies (200 x 100 x 60 cm chaque), soit 5 \u00e9chelles et 17 \u00e9tag\u00e8res. Localisation : Canada rdc bas - wpe-encheres\",\"isPartOf\":{\"@id\":\"https:\\\/\\\/wpe-encheres.com\\\/site\\\/#website\"},\"primaryImageOfPage\":{\"@id\":\"https:\\\/\\\/wpe-encheres.com\\\/site\\\/produit\\\/4-metres-lineaires-de-rayonnage-en-acier-bleu-et-gris-comprenant-4-baies-200-x-100-x-60-cm-chaque-soit-5-echelles-et-17-etageres-localisation-canada-rdc-bas\\\/#primaryimage\"},\"image\":{\"@id\":\"https:\\\/\\\/wpe-encheres.com\\\/site\\\/produit\\\/4-metres-lineaires-de-rayonnage-en-acier-bleu-et-gris-comprenant-4-baies-200-x-100-x-60-cm-chaque-soit-5-echelles-et-17-etageres-localisation-canada-rdc-bas\\\/#primaryimage\"},\"thumbnailUrl\":\"https:\\\/\\\/wpe-encheres.com\\\/site\\\/wp-content\\\/uploads\\\/2025\\\/08\\\/67aa354c94388-958_1.jpg\",\"datePublished\":\"2025-08-31T16:34:27+00:00\",\"dateModified\":\"2025-12-01T18:01:07+00:00\",\"breadcrumb\":{\"@id\":\"https:\\\/\\\/wpe-encheres.com\\\/site\\\/produit\\\/4-metres-lineaires-de-rayonnage-en-acier-bleu-et-gris-comprenant-4-baies-200-x-100-x-60-cm-chaque-soit-5-echelles-et-17-etageres-localisation-canada-rdc-bas\\\/#breadcrumb\"},\"inLanguage\":\"fr-FR\",\"potentialAction\":[{\"@type\":\"ReadAction\",\"target\":[\"https:\\\/\\\/wpe-encheres.com\\\/site\\\/produit\\\/4-metres-lineaires-de-rayonnage-en-acier-bleu-et-gris-comprenant-4-baies-200-x-100-x-60-cm-chaque-soit-5-echelles-et-17-etageres-localisation-canada-rdc-bas\\\/\"]}]},{\"@type\":\"ImageObject\",\"inLanguage\":\"fr-FR\",\"@id\":\"https:\\\/\\\/wpe-encheres.com\\\/site\\\/produit\\\/4-metres-lineaires-de-rayonnage-en-acier-bleu-et-gris-comprenant-4-baies-200-x-100-x-60-cm-chaque-soit-5-echelles-et-17-etageres-localisation-canada-rdc-bas\\\/#primaryimage\",\"url\":\"https:\\\/\\\/wpe-encheres.com\\\/site\\\/wp-content\\\/uploads\\\/2025\\\/08\\\/67aa354c94388-958_1.jpg\",\"contentUrl\":\"https:\\\/\\\/wpe-encheres.com\\\/site\\\/wp-content\\\/uploads\\\/2025\\\/08\\\/67aa354c94388-958_1.jpg\",\"width\":773,\"height\":800},{\"@type\":\"BreadcrumbList\",\"@id\":\"https:\\\/\\\/wpe-encheres.com\\\/site\\\/produit\\\/4-metres-lineaires-de-rayonnage-en-acier-bleu-et-gris-comprenant-4-baies-200-x-100-x-60-cm-chaque-soit-5-echelles-et-17-etageres-localisation-canada-rdc-bas\\\/#breadcrumb\",\"itemListElement\":[{\"@type\":\"ListItem\",\"position\":1,\"name\":\"Accueil\",\"item\":\"https:\\\/\\\/wpe-encheres.com\\\/site\\\/\"},{\"@type\":\"ListItem\",\"position\":2,\"name\":\"Boutique\",\"item\":\"https:\\\/\\\/wpe-encheres.com\\\/site\\\/?page_id=22765\"},{\"@type\":\"ListItem\",\"position\":3,\"name\":\"4 m\u00e8tres lin\u00e9aires de rayonnage en acier bleu et gris comprenant 4 baies (200 x 100 x 60 cm chaque), soit 5 \u00e9chelles et 17 \u00e9tag\u00e8res. Localisation : Canada rdc bas\"}]},{\"@type\":\"WebSite\",\"@id\":\"https:\\\/\\\/wpe-encheres.com\\\/site\\\/#website\",\"url\":\"https:\\\/\\\/wpe-encheres.com\\\/site\\\/\",\"name\":\"wpe-encheres\",\"description\":\"\",\"publisher\":{\"@id\":\"https:\\\/\\\/wpe-encheres.com\\\/site\\\/#organization\"},\"potentialAction\":[{\"@type\":\"SearchAction\",\"target\":{\"@type\":\"EntryPoint\",\"urlTemplate\":\"https:\\\/\\\/wpe-encheres.com\\\/site\\\/?s={search_term_string}\"},\"query-input\":{\"@type\":\"PropertyValueSpecification\",\"valueRequired\":true,\"valueName\":\"search_term_string\"}}],\"inLanguage\":\"fr-FR\"},{\"@type\":\"Organization\",\"@id\":\"https:\\\/\\\/wpe-encheres.com\\\/site\\\/#organization\",\"name\":\"wpe encheres\",\"url\":\"https:\\\/\\\/wpe-encheres.com\\\/site\\\/\",\"logo\":{\"@type\":\"ImageObject\",\"inLanguage\":\"fr-FR\",\"@id\":\"https:\\\/\\\/wpe-encheres.com\\\/site\\\/#\\\/schema\\\/logo\\\/image\\\/\",\"url\":\"https:\\\/\\\/wpe-encheres.com\\\/site\\\/wp-content\\\/uploads\\\/2025\\\/08\\\/wpe-encheres-logo.png\",\"contentUrl\":\"https:\\\/\\\/wpe-encheres.com\\\/site\\\/wp-content\\\/uploads\\\/2025\\\/08\\\/wpe-encheres-logo.png\",\"width\":300,\"height\":110,\"caption\":\"wpe encheres\"},\"image\":{\"@id\":\"https:\\\/\\\/wpe-encheres.com\\\/site\\\/#\\\/schema\\\/logo\\\/image\\\/\"}}]}<\/script>\n<!-- \/ Yoast SEO plugin. -->","yoast_head_json":{"title":"4 m\u00e8tres lin\u00e9aires de rayonnage en acier bleu et gris comprenant 4 baies (200 x 100 x 60 cm chaque), soit 5 \u00e9chelles et 17 \u00e9tag\u00e8res. Localisation : Canada rdc bas - wpe-encheres","robots":{"index":"index","follow":"follow","max-snippet":"max-snippet:-1","max-image-preview":"max-image-preview:large","max-video-preview":"max-video-preview:-1"},"canonical":"https:\/\/wpe-encheres.com\/site\/produit\/4-metres-lineaires-de-rayonnage-en-acier-bleu-et-gris-comprenant-4-baies-200-x-100-x-60-cm-chaque-soit-5-echelles-et-17-etageres-localisation-canada-rdc-bas\/","og_locale":"fr_FR","og_type":"article","og_title":"4 m\u00e8tres lin\u00e9aires de rayonnage en acier bleu et gris comprenant 4 baies (200 x 100 x 60 cm chaque), soit 5 \u00e9chelles et 17 \u00e9tag\u00e8res. Localisation : Canada rdc bas - wpe-encheres","og_description":"4 m\u00e8tres lin\u00e9aires de rayonnage en acier bleu et gris comprenant 4 baies (200 x 100 x 60 cm chaque), soit 5 \u00e9chelles et 17 \u00e9tag\u00e8res. Localisation : Canada rdc bas","og_url":"https:\/\/wpe-encheres.com\/site\/produit\/4-metres-lineaires-de-rayonnage-en-acier-bleu-et-gris-comprenant-4-baies-200-x-100-x-60-cm-chaque-soit-5-echelles-et-17-etageres-localisation-canada-rdc-bas\/","og_site_name":"wpe-encheres","article_modified_time":"2025-12-01T18:01:07+00:00","og_image":[{"width":773,"height":800,"url":"https:\/\/wpe-encheres.com\/site\/wp-content\/uploads\/2025\/08\/67aa354c94388-958_1.jpg","type":"image\/jpeg"}],"twitter_card":"summary_large_image","schema":{"@context":"https:\/\/schema.org","@graph":[{"@type":"WebPage","@id":"https:\/\/wpe-encheres.com\/site\/produit\/4-metres-lineaires-de-rayonnage-en-acier-bleu-et-gris-comprenant-4-baies-200-x-100-x-60-cm-chaque-soit-5-echelles-et-17-etageres-localisation-canada-rdc-bas\/","url":"https:\/\/wpe-encheres.com\/site\/produit\/4-metres-lineaires-de-rayonnage-en-acier-bleu-et-gris-comprenant-4-baies-200-x-100-x-60-cm-chaque-soit-5-echelles-et-17-etageres-localisation-canada-rdc-bas\/","name":"4 m\u00e8tres lin\u00e9aires de rayonnage en acier bleu et gris comprenant 4 baies (200 x 100 x 60 cm chaque), soit 5 \u00e9chelles et 17 \u00e9tag\u00e8res. Localisation : Canada rdc bas - wpe-encheres","isPartOf":{"@id":"https:\/\/wpe-encheres.com\/site\/#website"},"primaryImageOfPage":{"@id":"https:\/\/wpe-encheres.com\/site\/produit\/4-metres-lineaires-de-rayonnage-en-acier-bleu-et-gris-comprenant-4-baies-200-x-100-x-60-cm-chaque-soit-5-echelles-et-17-etageres-localisation-canada-rdc-bas\/#primaryimage"},"image":{"@id":"https:\/\/wpe-encheres.com\/site\/produit\/4-metres-lineaires-de-rayonnage-en-acier-bleu-et-gris-comprenant-4-baies-200-x-100-x-60-cm-chaque-soit-5-echelles-et-17-etageres-localisation-canada-rdc-bas\/#primaryimage"},"thumbnailUrl":"https:\/\/wpe-encheres.com\/site\/wp-content\/uploads\/2025\/08\/67aa354c94388-958_1.jpg","datePublished":"2025-08-31T16:34:27+00:00","dateModified":"2025-12-01T18:01:07+00:00","breadcrumb":{"@id":"https:\/\/wpe-encheres.com\/site\/produit\/4-metres-lineaires-de-rayonnage-en-acier-bleu-et-gris-comprenant-4-baies-200-x-100-x-60-cm-chaque-soit-5-echelles-et-17-etageres-localisation-canada-rdc-bas\/#breadcrumb"},"inLanguage":"fr-FR","potentialAction":[{"@type":"ReadAction","target":["https:\/\/wpe-encheres.com\/site\/produit\/4-metres-lineaires-de-rayonnage-en-acier-bleu-et-gris-comprenant-4-baies-200-x-100-x-60-cm-chaque-soit-5-echelles-et-17-etageres-localisation-canada-rdc-bas\/"]}]},{"@type":"ImageObject","inLanguage":"fr-FR","@id":"https:\/\/wpe-encheres.com\/site\/produit\/4-metres-lineaires-de-rayonnage-en-acier-bleu-et-gris-comprenant-4-baies-200-x-100-x-60-cm-chaque-soit-5-echelles-et-17-etageres-localisation-canada-rdc-bas\/#primaryimage","url":"https:\/\/wpe-encheres.com\/site\/wp-content\/uploads\/2025\/08\/67aa354c94388-958_1.jpg","contentUrl":"https:\/\/wpe-encheres.com\/site\/wp-content\/uploads\/2025\/08\/67aa354c94388-958_1.jpg","width":773,"height":800},{"@type":"BreadcrumbList","@id":"https:\/\/wpe-encheres.com\/site\/produit\/4-metres-lineaires-de-rayonnage-en-acier-bleu-et-gris-comprenant-4-baies-200-x-100-x-60-cm-chaque-soit-5-echelles-et-17-etageres-localisation-canada-rdc-bas\/#breadcrumb","itemListElement":[{"@type":"ListItem","position":1,"name":"Accueil","item":"https:\/\/wpe-encheres.com\/site\/"},{"@type":"ListItem","position":2,"name":"Boutique","item":"https:\/\/wpe-encheres.com\/site\/?page_id=22765"},{"@type":"ListItem","position":3,"name":"4 m\u00e8tres lin\u00e9aires de rayonnage en acier bleu et gris comprenant 4 baies (200 x 100 x 60 cm chaque), soit 5 \u00e9chelles et 17 \u00e9tag\u00e8res. Localisation : Canada rdc bas"}]},{"@type":"WebSite","@id":"https:\/\/wpe-encheres.com\/site\/#website","url":"https:\/\/wpe-encheres.com\/site\/","name":"wpe-encheres","description":"","publisher":{"@id":"https:\/\/wpe-encheres.com\/site\/#organization"},"potentialAction":[{"@type":"SearchAction","target":{"@type":"EntryPoint","urlTemplate":"https:\/\/wpe-encheres.com\/site\/?s={search_term_string}"},"query-input":{"@type":"PropertyValueSpecification","valueRequired":true,"valueName":"search_term_string"}}],"inLanguage":"fr-FR"},{"@type":"Organization","@id":"https:\/\/wpe-encheres.com\/site\/#organization","name":"wpe encheres","url":"https:\/\/wpe-encheres.com\/site\/","logo":{"@type":"ImageObject","inLanguage":"fr-FR","@id":"https:\/\/wpe-encheres.com\/site\/#\/schema\/logo\/image\/","url":"https:\/\/wpe-encheres.com\/site\/wp-content\/uploads\/2025\/08\/wpe-encheres-logo.png","contentUrl":"https:\/\/wpe-encheres.com\/site\/wp-content\/uploads\/2025\/08\/wpe-encheres-logo.png","width":300,"height":110,"caption":"wpe encheres"},"image":{"@id":"https:\/\/wpe-encheres.com\/site\/#\/schema\/logo\/image\/"}}]}},"_links":{"self":[{"href":"https:\/\/wpe-encheres.com\/site\/wp-json\/wp\/v2\/product\/27336","targetHints":{"allow":["GET"]}}],"collection":[{"href":"https:\/\/wpe-encheres.com\/site\/wp-json\/wp\/v2\/product"}],"about":[{"href":"https:\/\/wpe-encheres.com\/site\/wp-json\/wp\/v2\/types\/product"}],"wp:featuredmedia":[{"embeddable":true,"href":"https:\/\/wpe-encheres.com\/site\/wp-json\/wp\/v2\/media\/27337"}],"wp:attachment":[{"href":"https:\/\/wpe-encheres.com\/site\/wp-json\/wp\/v2\/media?parent=27336"}],"wp:term":[{"taxonomy":"product_brand","embeddable":true,"href":"https:\/\/wpe-encheres.com\/site\/wp-json\/wp\/v2\/product_brand?post=27336"},{"taxonomy":"product_cat","embeddable":true,"href":"https:\/\/wpe-encheres.com\/site\/wp-json\/wp\/v2\/product_cat?post=27336"},{"taxonomy":"product_tag","embeddable":true,"href":"https:\/\/wpe-encheres.com\/site\/wp-json\/wp\/v2\/product_tag?post=27336"}],"curies":[{"name":"wp","href":"https:\/\/api.w.org\/{rel}","templated":true}]}}