{"id":26947,"date":"2025-08-31T18:21:19","date_gmt":"2025-08-31T16:21:19","guid":{"rendered":"https:\/\/wpe-encheres.com\/site\/produit\/jardiniere-rectangulaire-en-polypropylene-gris-effet-beton-905-x-795-x-295-cm-localisation-canada-rdc-haut-hall-6\/"},"modified":"2025-12-01T19:02:09","modified_gmt":"2025-12-01T18:02:09","slug":"jardiniere-rectangulaire-en-polypropylene-gris-effet-beton-905-x-795-x-295-cm-localisation-canada-rdc-haut-hall-6","status":"publish","type":"product","link":"https:\/\/wpe-encheres.com\/site\/produit\/jardiniere-rectangulaire-en-polypropylene-gris-effet-beton-905-x-795-x-295-cm-localisation-canada-rdc-haut-hall-6\/","title":{"rendered":"Jardini\u00e8re rectangulaire en polypropyl\u00e8ne gris effet b\u00e9ton.  90,5 x 79,5 x 29,5 cm. Localisation : Canada rdc haut (hall)"},"content":{"rendered":"<p>Jardini\u00e8re rectangulaire en polypropyl\u00e8ne gris effet b\u00e9ton.  90,5 x 79,5 x 29,5 cm. Localisation : Canada rdc haut (hall)<\/p>\n","protected":false},"excerpt":{"rendered":"<p>Jardini\u00e8re rectangulaire en polypropyl\u00e8ne gris effet b\u00e9ton.  90,5 x 79,5 x 29,5 cm. Localisation : Canada rdc haut (hall)<\/p>\n","protected":false},"featured_media":26948,"template":"","meta":{"_acf_changed":false},"product_brand":[],"product_cat":[25],"product_tag":[38],"class_list":{"0":"post-26947","1":"product","2":"type-product","3":"status-publish","4":"has-post-thumbnail","6":"product_cat-fleurs-et-plantes-artificielles","7":"product_tag-vente-du-29-avril-2025","9":"first","10":"outofstock","11":"product-type-simple"},"acf":[],"yoast_head":"<!-- This site is optimized with the Yoast SEO plugin v27.3 - https:\/\/yoast.com\/product\/yoast-seo-wordpress\/ -->\n<title>Jardini\u00e8re rectangulaire en polypropyl\u00e8ne gris effet b\u00e9ton. 90,5 x 79,5 x 29,5 cm. Localisation : Canada rdc haut (hall) - wpe-encheres<\/title>\n<meta name=\"robots\" content=\"index, follow, max-snippet:-1, max-image-preview:large, max-video-preview:-1\" \/>\n<link rel=\"canonical\" href=\"https:\/\/wpe-encheres.com\/site\/produit\/jardiniere-rectangulaire-en-polypropylene-gris-effet-beton-905-x-795-x-295-cm-localisation-canada-rdc-haut-hall-6\/\" \/>\n<meta property=\"og:locale\" content=\"fr_FR\" \/>\n<meta property=\"og:type\" content=\"article\" \/>\n<meta property=\"og:title\" content=\"Jardini\u00e8re rectangulaire en polypropyl\u00e8ne gris effet b\u00e9ton. 90,5 x 79,5 x 29,5 cm. Localisation : Canada rdc haut (hall) - wpe-encheres\" \/>\n<meta property=\"og:description\" content=\"Jardini\u00e8re rectangulaire en polypropyl\u00e8ne gris effet b\u00e9ton. 90,5 x 79,5 x 29,5 cm. Localisation : Canada rdc haut (hall)\" \/>\n<meta property=\"og:url\" content=\"https:\/\/wpe-encheres.com\/site\/produit\/jardiniere-rectangulaire-en-polypropylene-gris-effet-beton-905-x-795-x-295-cm-localisation-canada-rdc-haut-hall-6\/\" \/>\n<meta property=\"og:site_name\" content=\"wpe-encheres\" \/>\n<meta property=\"article:modified_time\" content=\"2025-12-01T18:02:09+00:00\" \/>\n<meta property=\"og:image\" content=\"https:\/\/wpe-encheres.com\/site\/wp-content\/uploads\/2025\/08\/67aa34b3aeab4-410_1.jpg\" \/>\n\t<meta property=\"og:image:width\" content=\"563\" \/>\n\t<meta property=\"og:image:height\" content=\"800\" \/>\n\t<meta property=\"og:image:type\" content=\"image\/jpeg\" \/>\n<meta name=\"twitter:card\" content=\"summary_large_image\" \/>\n<script type=\"application\/ld+json\" class=\"yoast-schema-graph\">{\"@context\":\"https:\\\/\\\/schema.org\",\"@graph\":[{\"@type\":\"WebPage\",\"@id\":\"https:\\\/\\\/wpe-encheres.com\\\/site\\\/produit\\\/jardiniere-rectangulaire-en-polypropylene-gris-effet-beton-905-x-795-x-295-cm-localisation-canada-rdc-haut-hall-6\\\/\",\"url\":\"https:\\\/\\\/wpe-encheres.com\\\/site\\\/produit\\\/jardiniere-rectangulaire-en-polypropylene-gris-effet-beton-905-x-795-x-295-cm-localisation-canada-rdc-haut-hall-6\\\/\",\"name\":\"Jardini\u00e8re rectangulaire en polypropyl\u00e8ne gris effet b\u00e9ton. 90,5 x 79,5 x 29,5 cm. Localisation : Canada rdc haut (hall) - wpe-encheres\",\"isPartOf\":{\"@id\":\"https:\\\/\\\/wpe-encheres.com\\\/site\\\/#website\"},\"primaryImageOfPage\":{\"@id\":\"https:\\\/\\\/wpe-encheres.com\\\/site\\\/produit\\\/jardiniere-rectangulaire-en-polypropylene-gris-effet-beton-905-x-795-x-295-cm-localisation-canada-rdc-haut-hall-6\\\/#primaryimage\"},\"image\":{\"@id\":\"https:\\\/\\\/wpe-encheres.com\\\/site\\\/produit\\\/jardiniere-rectangulaire-en-polypropylene-gris-effet-beton-905-x-795-x-295-cm-localisation-canada-rdc-haut-hall-6\\\/#primaryimage\"},\"thumbnailUrl\":\"https:\\\/\\\/wpe-encheres.com\\\/site\\\/wp-content\\\/uploads\\\/2025\\\/08\\\/67aa34b3aeab4-410_1.jpg\",\"datePublished\":\"2025-08-31T16:21:19+00:00\",\"dateModified\":\"2025-12-01T18:02:09+00:00\",\"breadcrumb\":{\"@id\":\"https:\\\/\\\/wpe-encheres.com\\\/site\\\/produit\\\/jardiniere-rectangulaire-en-polypropylene-gris-effet-beton-905-x-795-x-295-cm-localisation-canada-rdc-haut-hall-6\\\/#breadcrumb\"},\"inLanguage\":\"fr-FR\",\"potentialAction\":[{\"@type\":\"ReadAction\",\"target\":[\"https:\\\/\\\/wpe-encheres.com\\\/site\\\/produit\\\/jardiniere-rectangulaire-en-polypropylene-gris-effet-beton-905-x-795-x-295-cm-localisation-canada-rdc-haut-hall-6\\\/\"]}]},{\"@type\":\"ImageObject\",\"inLanguage\":\"fr-FR\",\"@id\":\"https:\\\/\\\/wpe-encheres.com\\\/site\\\/produit\\\/jardiniere-rectangulaire-en-polypropylene-gris-effet-beton-905-x-795-x-295-cm-localisation-canada-rdc-haut-hall-6\\\/#primaryimage\",\"url\":\"https:\\\/\\\/wpe-encheres.com\\\/site\\\/wp-content\\\/uploads\\\/2025\\\/08\\\/67aa34b3aeab4-410_1.jpg\",\"contentUrl\":\"https:\\\/\\\/wpe-encheres.com\\\/site\\\/wp-content\\\/uploads\\\/2025\\\/08\\\/67aa34b3aeab4-410_1.jpg\",\"width\":563,\"height\":800},{\"@type\":\"BreadcrumbList\",\"@id\":\"https:\\\/\\\/wpe-encheres.com\\\/site\\\/produit\\\/jardiniere-rectangulaire-en-polypropylene-gris-effet-beton-905-x-795-x-295-cm-localisation-canada-rdc-haut-hall-6\\\/#breadcrumb\",\"itemListElement\":[{\"@type\":\"ListItem\",\"position\":1,\"name\":\"Accueil\",\"item\":\"https:\\\/\\\/wpe-encheres.com\\\/site\\\/\"},{\"@type\":\"ListItem\",\"position\":2,\"name\":\"Boutique\",\"item\":\"https:\\\/\\\/wpe-encheres.com\\\/site\\\/?page_id=22765\"},{\"@type\":\"ListItem\",\"position\":3,\"name\":\"Jardini\u00e8re rectangulaire en polypropyl\u00e8ne gris effet b\u00e9ton. 90,5 x 79,5 x 29,5 cm. Localisation : Canada rdc haut (hall)\"}]},{\"@type\":\"WebSite\",\"@id\":\"https:\\\/\\\/wpe-encheres.com\\\/site\\\/#website\",\"url\":\"https:\\\/\\\/wpe-encheres.com\\\/site\\\/\",\"name\":\"wpe-encheres\",\"description\":\"\",\"publisher\":{\"@id\":\"https:\\\/\\\/wpe-encheres.com\\\/site\\\/#organization\"},\"potentialAction\":[{\"@type\":\"SearchAction\",\"target\":{\"@type\":\"EntryPoint\",\"urlTemplate\":\"https:\\\/\\\/wpe-encheres.com\\\/site\\\/?s={search_term_string}\"},\"query-input\":{\"@type\":\"PropertyValueSpecification\",\"valueRequired\":true,\"valueName\":\"search_term_string\"}}],\"inLanguage\":\"fr-FR\"},{\"@type\":\"Organization\",\"@id\":\"https:\\\/\\\/wpe-encheres.com\\\/site\\\/#organization\",\"name\":\"wpe encheres\",\"url\":\"https:\\\/\\\/wpe-encheres.com\\\/site\\\/\",\"logo\":{\"@type\":\"ImageObject\",\"inLanguage\":\"fr-FR\",\"@id\":\"https:\\\/\\\/wpe-encheres.com\\\/site\\\/#\\\/schema\\\/logo\\\/image\\\/\",\"url\":\"https:\\\/\\\/wpe-encheres.com\\\/site\\\/wp-content\\\/uploads\\\/2025\\\/08\\\/wpe-encheres-logo.png\",\"contentUrl\":\"https:\\\/\\\/wpe-encheres.com\\\/site\\\/wp-content\\\/uploads\\\/2025\\\/08\\\/wpe-encheres-logo.png\",\"width\":300,\"height\":110,\"caption\":\"wpe encheres\"},\"image\":{\"@id\":\"https:\\\/\\\/wpe-encheres.com\\\/site\\\/#\\\/schema\\\/logo\\\/image\\\/\"}}]}<\/script>\n<!-- \/ Yoast SEO plugin. -->","yoast_head_json":{"title":"Jardini\u00e8re rectangulaire en polypropyl\u00e8ne gris effet b\u00e9ton. 90,5 x 79,5 x 29,5 cm. Localisation : Canada rdc haut (hall) - wpe-encheres","robots":{"index":"index","follow":"follow","max-snippet":"max-snippet:-1","max-image-preview":"max-image-preview:large","max-video-preview":"max-video-preview:-1"},"canonical":"https:\/\/wpe-encheres.com\/site\/produit\/jardiniere-rectangulaire-en-polypropylene-gris-effet-beton-905-x-795-x-295-cm-localisation-canada-rdc-haut-hall-6\/","og_locale":"fr_FR","og_type":"article","og_title":"Jardini\u00e8re rectangulaire en polypropyl\u00e8ne gris effet b\u00e9ton. 90,5 x 79,5 x 29,5 cm. Localisation : Canada rdc haut (hall) - wpe-encheres","og_description":"Jardini\u00e8re rectangulaire en polypropyl\u00e8ne gris effet b\u00e9ton. 90,5 x 79,5 x 29,5 cm. Localisation : Canada rdc haut (hall)","og_url":"https:\/\/wpe-encheres.com\/site\/produit\/jardiniere-rectangulaire-en-polypropylene-gris-effet-beton-905-x-795-x-295-cm-localisation-canada-rdc-haut-hall-6\/","og_site_name":"wpe-encheres","article_modified_time":"2025-12-01T18:02:09+00:00","og_image":[{"width":563,"height":800,"url":"https:\/\/wpe-encheres.com\/site\/wp-content\/uploads\/2025\/08\/67aa34b3aeab4-410_1.jpg","type":"image\/jpeg"}],"twitter_card":"summary_large_image","schema":{"@context":"https:\/\/schema.org","@graph":[{"@type":"WebPage","@id":"https:\/\/wpe-encheres.com\/site\/produit\/jardiniere-rectangulaire-en-polypropylene-gris-effet-beton-905-x-795-x-295-cm-localisation-canada-rdc-haut-hall-6\/","url":"https:\/\/wpe-encheres.com\/site\/produit\/jardiniere-rectangulaire-en-polypropylene-gris-effet-beton-905-x-795-x-295-cm-localisation-canada-rdc-haut-hall-6\/","name":"Jardini\u00e8re rectangulaire en polypropyl\u00e8ne gris effet b\u00e9ton. 90,5 x 79,5 x 29,5 cm. Localisation : Canada rdc haut (hall) - wpe-encheres","isPartOf":{"@id":"https:\/\/wpe-encheres.com\/site\/#website"},"primaryImageOfPage":{"@id":"https:\/\/wpe-encheres.com\/site\/produit\/jardiniere-rectangulaire-en-polypropylene-gris-effet-beton-905-x-795-x-295-cm-localisation-canada-rdc-haut-hall-6\/#primaryimage"},"image":{"@id":"https:\/\/wpe-encheres.com\/site\/produit\/jardiniere-rectangulaire-en-polypropylene-gris-effet-beton-905-x-795-x-295-cm-localisation-canada-rdc-haut-hall-6\/#primaryimage"},"thumbnailUrl":"https:\/\/wpe-encheres.com\/site\/wp-content\/uploads\/2025\/08\/67aa34b3aeab4-410_1.jpg","datePublished":"2025-08-31T16:21:19+00:00","dateModified":"2025-12-01T18:02:09+00:00","breadcrumb":{"@id":"https:\/\/wpe-encheres.com\/site\/produit\/jardiniere-rectangulaire-en-polypropylene-gris-effet-beton-905-x-795-x-295-cm-localisation-canada-rdc-haut-hall-6\/#breadcrumb"},"inLanguage":"fr-FR","potentialAction":[{"@type":"ReadAction","target":["https:\/\/wpe-encheres.com\/site\/produit\/jardiniere-rectangulaire-en-polypropylene-gris-effet-beton-905-x-795-x-295-cm-localisation-canada-rdc-haut-hall-6\/"]}]},{"@type":"ImageObject","inLanguage":"fr-FR","@id":"https:\/\/wpe-encheres.com\/site\/produit\/jardiniere-rectangulaire-en-polypropylene-gris-effet-beton-905-x-795-x-295-cm-localisation-canada-rdc-haut-hall-6\/#primaryimage","url":"https:\/\/wpe-encheres.com\/site\/wp-content\/uploads\/2025\/08\/67aa34b3aeab4-410_1.jpg","contentUrl":"https:\/\/wpe-encheres.com\/site\/wp-content\/uploads\/2025\/08\/67aa34b3aeab4-410_1.jpg","width":563,"height":800},{"@type":"BreadcrumbList","@id":"https:\/\/wpe-encheres.com\/site\/produit\/jardiniere-rectangulaire-en-polypropylene-gris-effet-beton-905-x-795-x-295-cm-localisation-canada-rdc-haut-hall-6\/#breadcrumb","itemListElement":[{"@type":"ListItem","position":1,"name":"Accueil","item":"https:\/\/wpe-encheres.com\/site\/"},{"@type":"ListItem","position":2,"name":"Boutique","item":"https:\/\/wpe-encheres.com\/site\/?page_id=22765"},{"@type":"ListItem","position":3,"name":"Jardini\u00e8re rectangulaire en polypropyl\u00e8ne gris effet b\u00e9ton. 90,5 x 79,5 x 29,5 cm. Localisation : Canada rdc haut (hall)"}]},{"@type":"WebSite","@id":"https:\/\/wpe-encheres.com\/site\/#website","url":"https:\/\/wpe-encheres.com\/site\/","name":"wpe-encheres","description":"","publisher":{"@id":"https:\/\/wpe-encheres.com\/site\/#organization"},"potentialAction":[{"@type":"SearchAction","target":{"@type":"EntryPoint","urlTemplate":"https:\/\/wpe-encheres.com\/site\/?s={search_term_string}"},"query-input":{"@type":"PropertyValueSpecification","valueRequired":true,"valueName":"search_term_string"}}],"inLanguage":"fr-FR"},{"@type":"Organization","@id":"https:\/\/wpe-encheres.com\/site\/#organization","name":"wpe encheres","url":"https:\/\/wpe-encheres.com\/site\/","logo":{"@type":"ImageObject","inLanguage":"fr-FR","@id":"https:\/\/wpe-encheres.com\/site\/#\/schema\/logo\/image\/","url":"https:\/\/wpe-encheres.com\/site\/wp-content\/uploads\/2025\/08\/wpe-encheres-logo.png","contentUrl":"https:\/\/wpe-encheres.com\/site\/wp-content\/uploads\/2025\/08\/wpe-encheres-logo.png","width":300,"height":110,"caption":"wpe encheres"},"image":{"@id":"https:\/\/wpe-encheres.com\/site\/#\/schema\/logo\/image\/"}}]}},"_links":{"self":[{"href":"https:\/\/wpe-encheres.com\/site\/wp-json\/wp\/v2\/product\/26947","targetHints":{"allow":["GET"]}}],"collection":[{"href":"https:\/\/wpe-encheres.com\/site\/wp-json\/wp\/v2\/product"}],"about":[{"href":"https:\/\/wpe-encheres.com\/site\/wp-json\/wp\/v2\/types\/product"}],"wp:featuredmedia":[{"embeddable":true,"href":"https:\/\/wpe-encheres.com\/site\/wp-json\/wp\/v2\/media\/26948"}],"wp:attachment":[{"href":"https:\/\/wpe-encheres.com\/site\/wp-json\/wp\/v2\/media?parent=26947"}],"wp:term":[{"taxonomy":"product_brand","embeddable":true,"href":"https:\/\/wpe-encheres.com\/site\/wp-json\/wp\/v2\/product_brand?post=26947"},{"taxonomy":"product_cat","embeddable":true,"href":"https:\/\/wpe-encheres.com\/site\/wp-json\/wp\/v2\/product_cat?post=26947"},{"taxonomy":"product_tag","embeddable":true,"href":"https:\/\/wpe-encheres.com\/site\/wp-json\/wp\/v2\/product_tag?post=26947"}],"curies":[{"name":"wp","href":"https:\/\/api.w.org\/{rel}","templated":true}]}}