{"id":25766,"date":"2025-08-31T17:37:34","date_gmt":"2025-08-31T15:37:34","guid":{"rendered":"https:\/\/wpe-encheres.com\/site\/produit\/suspension-lumineuse-de-marque-modo-modele-cilindro-abat-jour-en-tissu-blanc-casse-3-ampoules-disque-en-plexiglas-dimensions-abat-jour-36-x-67-cm-32-unites-vendu-a-lunite-avec-faculte-de-reun\/"},"modified":"2025-12-01T19:09:44","modified_gmt":"2025-12-01T18:09:44","slug":"suspension-lumineuse-de-marque-modo-modele-cilindro-abat-jour-en-tissu-blanc-casse-3-ampoules-disque-en-plexiglas-dimensions-abat-jour-36-x-67-cm-32-unites-vendu-a-lunite-avec-faculte-de-reun","status":"publish","type":"product","link":"https:\/\/wpe-encheres.com\/site\/produit\/suspension-lumineuse-de-marque-modo-modele-cilindro-abat-jour-en-tissu-blanc-casse-3-ampoules-disque-en-plexiglas-dimensions-abat-jour-36-x-67-cm-32-unites-vendu-a-lunite-avec-faculte-de-reun\/","title":{"rendered":"Suspension lumineuse de marque MODO mod\u00e8le Cilindro, abat-jour en tissu blanc cass\u00e9, 3 ampoules, disque en plexiglas. Dimensions abat-jour : 36 x 67 cm. 32 unit\u00e9s. Vendu \u00e0 l&rsquo;unit\u00e9 avec facult\u00e9 de r\u00e9union. Localisation : 2 est, 3 est, 4 est, 5 est, 5 ouest, 6 est, 6 ouest."},"content":{"rendered":"<p>Suspension lumineuse de marque MODO mod\u00e8le Cilindro, abat-jour en tissu blanc cass\u00e9, 3 ampoules, disque en plexiglas. Dimensions abat-jour : 36 x 67 cm. 32 unit\u00e9s. Vendu \u00e0 l&rsquo;unit\u00e9 avec facult\u00e9 de r\u00e9union. Localisation : 2 est, 3 est, 4 est, 5 est, 5 ouest, 6 est, 6 ouest.<\/p>\n","protected":false},"excerpt":{"rendered":"<p>Suspension lumineuse de marque MODO mod\u00e8le Cilindro, abat-jour en tissu blanc cass\u00e9, 3 ampoules, disque en plexiglas. Dimensions abat-jour : 36 x 67 cm. 32 unit\u00e9s. Vendu \u00e0 l&rsquo;unit\u00e9 avec facult\u00e9 de r\u00e9union. Localisation : 2 est, 3 est, 4 est, 5 est, 5 ouest, 6 est, 6 ouest.<\/p>\n","protected":false},"featured_media":25767,"template":"","meta":{"_acf_changed":false},"product_brand":[],"product_cat":[33],"product_tag":[36],"class_list":{"0":"post-25766","1":"product","2":"type-product","3":"status-publish","4":"has-post-thumbnail","6":"product_cat-luminaires-et-eclairage","7":"product_tag-vente-du-03-juin-2025","9":"first","10":"outofstock","11":"product-type-simple"},"acf":[],"yoast_head":"<!-- This site is optimized with the Yoast SEO plugin v27.3 - https:\/\/yoast.com\/product\/yoast-seo-wordpress\/ -->\n<title>Suspension lumineuse de marque MODO mod\u00e8le Cilindro, abat-jour en tissu blanc cass\u00e9, 3 ampoules, disque en plexiglas. Dimensions abat-jour : 36 x 67 cm. 32 unit\u00e9s. Vendu \u00e0 l&#039;unit\u00e9 avec facult\u00e9 de r\u00e9union. Localisation : 2 est, 3 est, 4 est, 5 est, 5 ouest, 6 est, 6 ouest. - wpe-encheres<\/title>\n<meta name=\"robots\" content=\"index, follow, max-snippet:-1, max-image-preview:large, max-video-preview:-1\" \/>\n<link rel=\"canonical\" href=\"https:\/\/wpe-encheres.com\/site\/produit\/suspension-lumineuse-de-marque-modo-modele-cilindro-abat-jour-en-tissu-blanc-casse-3-ampoules-disque-en-plexiglas-dimensions-abat-jour-36-x-67-cm-32-unites-vendu-a-lunite-avec-faculte-de-reun\/\" \/>\n<meta property=\"og:locale\" content=\"fr_FR\" \/>\n<meta property=\"og:type\" content=\"article\" \/>\n<meta property=\"og:title\" content=\"Suspension lumineuse de marque MODO mod\u00e8le Cilindro, abat-jour en tissu blanc cass\u00e9, 3 ampoules, disque en plexiglas. Dimensions abat-jour : 36 x 67 cm. 32 unit\u00e9s. Vendu \u00e0 l&#039;unit\u00e9 avec facult\u00e9 de r\u00e9union. Localisation : 2 est, 3 est, 4 est, 5 est, 5 ouest, 6 est, 6 ouest. - wpe-encheres\" \/>\n<meta property=\"og:description\" content=\"Suspension lumineuse de marque MODO mod\u00e8le Cilindro, abat-jour en tissu blanc cass\u00e9, 3 ampoules, disque en plexiglas. Dimensions abat-jour : 36 x 67 cm. 32 unit\u00e9s. Vendu \u00e0 l&#039;unit\u00e9 avec facult\u00e9 de r\u00e9union. Localisation : 2 est, 3 est, 4 est, 5 est, 5 ouest, 6 est, 6 ouest.\" \/>\n<meta property=\"og:url\" content=\"https:\/\/wpe-encheres.com\/site\/produit\/suspension-lumineuse-de-marque-modo-modele-cilindro-abat-jour-en-tissu-blanc-casse-3-ampoules-disque-en-plexiglas-dimensions-abat-jour-36-x-67-cm-32-unites-vendu-a-lunite-avec-faculte-de-reun\/\" \/>\n<meta property=\"og:site_name\" content=\"wpe-encheres\" \/>\n<meta property=\"article:modified_time\" content=\"2025-12-01T18:09:44+00:00\" \/>\n<meta property=\"og:image\" content=\"https:\/\/wpe-encheres.com\/site\/wp-content\/uploads\/2025\/08\/682b3dbdd30a9.jpg\" \/>\n\t<meta property=\"og:image:width\" content=\"762\" \/>\n\t<meta property=\"og:image:height\" content=\"686\" \/>\n\t<meta property=\"og:image:type\" content=\"image\/jpeg\" \/>\n<meta name=\"twitter:card\" content=\"summary_large_image\" \/>\n<script type=\"application\/ld+json\" class=\"yoast-schema-graph\">{\"@context\":\"https:\\\/\\\/schema.org\",\"@graph\":[{\"@type\":\"WebPage\",\"@id\":\"https:\\\/\\\/wpe-encheres.com\\\/site\\\/produit\\\/suspension-lumineuse-de-marque-modo-modele-cilindro-abat-jour-en-tissu-blanc-casse-3-ampoules-disque-en-plexiglas-dimensions-abat-jour-36-x-67-cm-32-unites-vendu-a-lunite-avec-faculte-de-reun\\\/\",\"url\":\"https:\\\/\\\/wpe-encheres.com\\\/site\\\/produit\\\/suspension-lumineuse-de-marque-modo-modele-cilindro-abat-jour-en-tissu-blanc-casse-3-ampoules-disque-en-plexiglas-dimensions-abat-jour-36-x-67-cm-32-unites-vendu-a-lunite-avec-faculte-de-reun\\\/\",\"name\":\"Suspension lumineuse de marque MODO mod\u00e8le Cilindro, abat-jour en tissu blanc cass\u00e9, 3 ampoules, disque en plexiglas. Dimensions abat-jour : 36 x 67 cm. 32 unit\u00e9s. Vendu \u00e0 l'unit\u00e9 avec facult\u00e9 de r\u00e9union. Localisation : 2 est, 3 est, 4 est, 5 est, 5 ouest, 6 est, 6 ouest. - wpe-encheres\",\"isPartOf\":{\"@id\":\"https:\\\/\\\/wpe-encheres.com\\\/site\\\/#website\"},\"primaryImageOfPage\":{\"@id\":\"https:\\\/\\\/wpe-encheres.com\\\/site\\\/produit\\\/suspension-lumineuse-de-marque-modo-modele-cilindro-abat-jour-en-tissu-blanc-casse-3-ampoules-disque-en-plexiglas-dimensions-abat-jour-36-x-67-cm-32-unites-vendu-a-lunite-avec-faculte-de-reun\\\/#primaryimage\"},\"image\":{\"@id\":\"https:\\\/\\\/wpe-encheres.com\\\/site\\\/produit\\\/suspension-lumineuse-de-marque-modo-modele-cilindro-abat-jour-en-tissu-blanc-casse-3-ampoules-disque-en-plexiglas-dimensions-abat-jour-36-x-67-cm-32-unites-vendu-a-lunite-avec-faculte-de-reun\\\/#primaryimage\"},\"thumbnailUrl\":\"https:\\\/\\\/wpe-encheres.com\\\/site\\\/wp-content\\\/uploads\\\/2025\\\/08\\\/682b3dbdd30a9.jpg\",\"datePublished\":\"2025-08-31T15:37:34+00:00\",\"dateModified\":\"2025-12-01T18:09:44+00:00\",\"breadcrumb\":{\"@id\":\"https:\\\/\\\/wpe-encheres.com\\\/site\\\/produit\\\/suspension-lumineuse-de-marque-modo-modele-cilindro-abat-jour-en-tissu-blanc-casse-3-ampoules-disque-en-plexiglas-dimensions-abat-jour-36-x-67-cm-32-unites-vendu-a-lunite-avec-faculte-de-reun\\\/#breadcrumb\"},\"inLanguage\":\"fr-FR\",\"potentialAction\":[{\"@type\":\"ReadAction\",\"target\":[\"https:\\\/\\\/wpe-encheres.com\\\/site\\\/produit\\\/suspension-lumineuse-de-marque-modo-modele-cilindro-abat-jour-en-tissu-blanc-casse-3-ampoules-disque-en-plexiglas-dimensions-abat-jour-36-x-67-cm-32-unites-vendu-a-lunite-avec-faculte-de-reun\\\/\"]}]},{\"@type\":\"ImageObject\",\"inLanguage\":\"fr-FR\",\"@id\":\"https:\\\/\\\/wpe-encheres.com\\\/site\\\/produit\\\/suspension-lumineuse-de-marque-modo-modele-cilindro-abat-jour-en-tissu-blanc-casse-3-ampoules-disque-en-plexiglas-dimensions-abat-jour-36-x-67-cm-32-unites-vendu-a-lunite-avec-faculte-de-reun\\\/#primaryimage\",\"url\":\"https:\\\/\\\/wpe-encheres.com\\\/site\\\/wp-content\\\/uploads\\\/2025\\\/08\\\/682b3dbdd30a9.jpg\",\"contentUrl\":\"https:\\\/\\\/wpe-encheres.com\\\/site\\\/wp-content\\\/uploads\\\/2025\\\/08\\\/682b3dbdd30a9.jpg\",\"width\":762,\"height\":686},{\"@type\":\"BreadcrumbList\",\"@id\":\"https:\\\/\\\/wpe-encheres.com\\\/site\\\/produit\\\/suspension-lumineuse-de-marque-modo-modele-cilindro-abat-jour-en-tissu-blanc-casse-3-ampoules-disque-en-plexiglas-dimensions-abat-jour-36-x-67-cm-32-unites-vendu-a-lunite-avec-faculte-de-reun\\\/#breadcrumb\",\"itemListElement\":[{\"@type\":\"ListItem\",\"position\":1,\"name\":\"Accueil\",\"item\":\"https:\\\/\\\/wpe-encheres.com\\\/site\\\/\"},{\"@type\":\"ListItem\",\"position\":2,\"name\":\"Boutique\",\"item\":\"https:\\\/\\\/wpe-encheres.com\\\/site\\\/?page_id=22765\"},{\"@type\":\"ListItem\",\"position\":3,\"name\":\"Suspension lumineuse de marque MODO mod\u00e8le Cilindro, abat-jour en tissu blanc cass\u00e9, 3 ampoules, disque en plexiglas. Dimensions abat-jour : 36 x 67 cm. 32 unit\u00e9s. Vendu \u00e0 l&rsquo;unit\u00e9 avec facult\u00e9 de r\u00e9union. Localisation : 2 est, 3 est, 4 est, 5 est, 5 ouest, 6 est, 6 ouest.\"}]},{\"@type\":\"WebSite\",\"@id\":\"https:\\\/\\\/wpe-encheres.com\\\/site\\\/#website\",\"url\":\"https:\\\/\\\/wpe-encheres.com\\\/site\\\/\",\"name\":\"wpe-encheres\",\"description\":\"\",\"publisher\":{\"@id\":\"https:\\\/\\\/wpe-encheres.com\\\/site\\\/#organization\"},\"potentialAction\":[{\"@type\":\"SearchAction\",\"target\":{\"@type\":\"EntryPoint\",\"urlTemplate\":\"https:\\\/\\\/wpe-encheres.com\\\/site\\\/?s={search_term_string}\"},\"query-input\":{\"@type\":\"PropertyValueSpecification\",\"valueRequired\":true,\"valueName\":\"search_term_string\"}}],\"inLanguage\":\"fr-FR\"},{\"@type\":\"Organization\",\"@id\":\"https:\\\/\\\/wpe-encheres.com\\\/site\\\/#organization\",\"name\":\"wpe encheres\",\"url\":\"https:\\\/\\\/wpe-encheres.com\\\/site\\\/\",\"logo\":{\"@type\":\"ImageObject\",\"inLanguage\":\"fr-FR\",\"@id\":\"https:\\\/\\\/wpe-encheres.com\\\/site\\\/#\\\/schema\\\/logo\\\/image\\\/\",\"url\":\"https:\\\/\\\/wpe-encheres.com\\\/site\\\/wp-content\\\/uploads\\\/2025\\\/08\\\/wpe-encheres-logo.png\",\"contentUrl\":\"https:\\\/\\\/wpe-encheres.com\\\/site\\\/wp-content\\\/uploads\\\/2025\\\/08\\\/wpe-encheres-logo.png\",\"width\":300,\"height\":110,\"caption\":\"wpe encheres\"},\"image\":{\"@id\":\"https:\\\/\\\/wpe-encheres.com\\\/site\\\/#\\\/schema\\\/logo\\\/image\\\/\"}}]}<\/script>\n<!-- \/ Yoast SEO plugin. -->","yoast_head_json":{"title":"Suspension lumineuse de marque MODO mod\u00e8le Cilindro, abat-jour en tissu blanc cass\u00e9, 3 ampoules, disque en plexiglas. Dimensions abat-jour : 36 x 67 cm. 32 unit\u00e9s. Vendu \u00e0 l'unit\u00e9 avec facult\u00e9 de r\u00e9union. Localisation : 2 est, 3 est, 4 est, 5 est, 5 ouest, 6 est, 6 ouest. - wpe-encheres","robots":{"index":"index","follow":"follow","max-snippet":"max-snippet:-1","max-image-preview":"max-image-preview:large","max-video-preview":"max-video-preview:-1"},"canonical":"https:\/\/wpe-encheres.com\/site\/produit\/suspension-lumineuse-de-marque-modo-modele-cilindro-abat-jour-en-tissu-blanc-casse-3-ampoules-disque-en-plexiglas-dimensions-abat-jour-36-x-67-cm-32-unites-vendu-a-lunite-avec-faculte-de-reun\/","og_locale":"fr_FR","og_type":"article","og_title":"Suspension lumineuse de marque MODO mod\u00e8le Cilindro, abat-jour en tissu blanc cass\u00e9, 3 ampoules, disque en plexiglas. Dimensions abat-jour : 36 x 67 cm. 32 unit\u00e9s. Vendu \u00e0 l'unit\u00e9 avec facult\u00e9 de r\u00e9union. Localisation : 2 est, 3 est, 4 est, 5 est, 5 ouest, 6 est, 6 ouest. - wpe-encheres","og_description":"Suspension lumineuse de marque MODO mod\u00e8le Cilindro, abat-jour en tissu blanc cass\u00e9, 3 ampoules, disque en plexiglas. Dimensions abat-jour : 36 x 67 cm. 32 unit\u00e9s. Vendu \u00e0 l'unit\u00e9 avec facult\u00e9 de r\u00e9union. Localisation : 2 est, 3 est, 4 est, 5 est, 5 ouest, 6 est, 6 ouest.","og_url":"https:\/\/wpe-encheres.com\/site\/produit\/suspension-lumineuse-de-marque-modo-modele-cilindro-abat-jour-en-tissu-blanc-casse-3-ampoules-disque-en-plexiglas-dimensions-abat-jour-36-x-67-cm-32-unites-vendu-a-lunite-avec-faculte-de-reun\/","og_site_name":"wpe-encheres","article_modified_time":"2025-12-01T18:09:44+00:00","og_image":[{"width":762,"height":686,"url":"https:\/\/wpe-encheres.com\/site\/wp-content\/uploads\/2025\/08\/682b3dbdd30a9.jpg","type":"image\/jpeg"}],"twitter_card":"summary_large_image","schema":{"@context":"https:\/\/schema.org","@graph":[{"@type":"WebPage","@id":"https:\/\/wpe-encheres.com\/site\/produit\/suspension-lumineuse-de-marque-modo-modele-cilindro-abat-jour-en-tissu-blanc-casse-3-ampoules-disque-en-plexiglas-dimensions-abat-jour-36-x-67-cm-32-unites-vendu-a-lunite-avec-faculte-de-reun\/","url":"https:\/\/wpe-encheres.com\/site\/produit\/suspension-lumineuse-de-marque-modo-modele-cilindro-abat-jour-en-tissu-blanc-casse-3-ampoules-disque-en-plexiglas-dimensions-abat-jour-36-x-67-cm-32-unites-vendu-a-lunite-avec-faculte-de-reun\/","name":"Suspension lumineuse de marque MODO mod\u00e8le Cilindro, abat-jour en tissu blanc cass\u00e9, 3 ampoules, disque en plexiglas. Dimensions abat-jour : 36 x 67 cm. 32 unit\u00e9s. Vendu \u00e0 l'unit\u00e9 avec facult\u00e9 de r\u00e9union. Localisation : 2 est, 3 est, 4 est, 5 est, 5 ouest, 6 est, 6 ouest. - wpe-encheres","isPartOf":{"@id":"https:\/\/wpe-encheres.com\/site\/#website"},"primaryImageOfPage":{"@id":"https:\/\/wpe-encheres.com\/site\/produit\/suspension-lumineuse-de-marque-modo-modele-cilindro-abat-jour-en-tissu-blanc-casse-3-ampoules-disque-en-plexiglas-dimensions-abat-jour-36-x-67-cm-32-unites-vendu-a-lunite-avec-faculte-de-reun\/#primaryimage"},"image":{"@id":"https:\/\/wpe-encheres.com\/site\/produit\/suspension-lumineuse-de-marque-modo-modele-cilindro-abat-jour-en-tissu-blanc-casse-3-ampoules-disque-en-plexiglas-dimensions-abat-jour-36-x-67-cm-32-unites-vendu-a-lunite-avec-faculte-de-reun\/#primaryimage"},"thumbnailUrl":"https:\/\/wpe-encheres.com\/site\/wp-content\/uploads\/2025\/08\/682b3dbdd30a9.jpg","datePublished":"2025-08-31T15:37:34+00:00","dateModified":"2025-12-01T18:09:44+00:00","breadcrumb":{"@id":"https:\/\/wpe-encheres.com\/site\/produit\/suspension-lumineuse-de-marque-modo-modele-cilindro-abat-jour-en-tissu-blanc-casse-3-ampoules-disque-en-plexiglas-dimensions-abat-jour-36-x-67-cm-32-unites-vendu-a-lunite-avec-faculte-de-reun\/#breadcrumb"},"inLanguage":"fr-FR","potentialAction":[{"@type":"ReadAction","target":["https:\/\/wpe-encheres.com\/site\/produit\/suspension-lumineuse-de-marque-modo-modele-cilindro-abat-jour-en-tissu-blanc-casse-3-ampoules-disque-en-plexiglas-dimensions-abat-jour-36-x-67-cm-32-unites-vendu-a-lunite-avec-faculte-de-reun\/"]}]},{"@type":"ImageObject","inLanguage":"fr-FR","@id":"https:\/\/wpe-encheres.com\/site\/produit\/suspension-lumineuse-de-marque-modo-modele-cilindro-abat-jour-en-tissu-blanc-casse-3-ampoules-disque-en-plexiglas-dimensions-abat-jour-36-x-67-cm-32-unites-vendu-a-lunite-avec-faculte-de-reun\/#primaryimage","url":"https:\/\/wpe-encheres.com\/site\/wp-content\/uploads\/2025\/08\/682b3dbdd30a9.jpg","contentUrl":"https:\/\/wpe-encheres.com\/site\/wp-content\/uploads\/2025\/08\/682b3dbdd30a9.jpg","width":762,"height":686},{"@type":"BreadcrumbList","@id":"https:\/\/wpe-encheres.com\/site\/produit\/suspension-lumineuse-de-marque-modo-modele-cilindro-abat-jour-en-tissu-blanc-casse-3-ampoules-disque-en-plexiglas-dimensions-abat-jour-36-x-67-cm-32-unites-vendu-a-lunite-avec-faculte-de-reun\/#breadcrumb","itemListElement":[{"@type":"ListItem","position":1,"name":"Accueil","item":"https:\/\/wpe-encheres.com\/site\/"},{"@type":"ListItem","position":2,"name":"Boutique","item":"https:\/\/wpe-encheres.com\/site\/?page_id=22765"},{"@type":"ListItem","position":3,"name":"Suspension lumineuse de marque MODO mod\u00e8le Cilindro, abat-jour en tissu blanc cass\u00e9, 3 ampoules, disque en plexiglas. Dimensions abat-jour : 36 x 67 cm. 32 unit\u00e9s. Vendu \u00e0 l&rsquo;unit\u00e9 avec facult\u00e9 de r\u00e9union. Localisation : 2 est, 3 est, 4 est, 5 est, 5 ouest, 6 est, 6 ouest."}]},{"@type":"WebSite","@id":"https:\/\/wpe-encheres.com\/site\/#website","url":"https:\/\/wpe-encheres.com\/site\/","name":"wpe-encheres","description":"","publisher":{"@id":"https:\/\/wpe-encheres.com\/site\/#organization"},"potentialAction":[{"@type":"SearchAction","target":{"@type":"EntryPoint","urlTemplate":"https:\/\/wpe-encheres.com\/site\/?s={search_term_string}"},"query-input":{"@type":"PropertyValueSpecification","valueRequired":true,"valueName":"search_term_string"}}],"inLanguage":"fr-FR"},{"@type":"Organization","@id":"https:\/\/wpe-encheres.com\/site\/#organization","name":"wpe encheres","url":"https:\/\/wpe-encheres.com\/site\/","logo":{"@type":"ImageObject","inLanguage":"fr-FR","@id":"https:\/\/wpe-encheres.com\/site\/#\/schema\/logo\/image\/","url":"https:\/\/wpe-encheres.com\/site\/wp-content\/uploads\/2025\/08\/wpe-encheres-logo.png","contentUrl":"https:\/\/wpe-encheres.com\/site\/wp-content\/uploads\/2025\/08\/wpe-encheres-logo.png","width":300,"height":110,"caption":"wpe encheres"},"image":{"@id":"https:\/\/wpe-encheres.com\/site\/#\/schema\/logo\/image\/"}}]}},"_links":{"self":[{"href":"https:\/\/wpe-encheres.com\/site\/wp-json\/wp\/v2\/product\/25766","targetHints":{"allow":["GET"]}}],"collection":[{"href":"https:\/\/wpe-encheres.com\/site\/wp-json\/wp\/v2\/product"}],"about":[{"href":"https:\/\/wpe-encheres.com\/site\/wp-json\/wp\/v2\/types\/product"}],"wp:featuredmedia":[{"embeddable":true,"href":"https:\/\/wpe-encheres.com\/site\/wp-json\/wp\/v2\/media\/25767"}],"wp:attachment":[{"href":"https:\/\/wpe-encheres.com\/site\/wp-json\/wp\/v2\/media?parent=25766"}],"wp:term":[{"taxonomy":"product_brand","embeddable":true,"href":"https:\/\/wpe-encheres.com\/site\/wp-json\/wp\/v2\/product_brand?post=25766"},{"taxonomy":"product_cat","embeddable":true,"href":"https:\/\/wpe-encheres.com\/site\/wp-json\/wp\/v2\/product_cat?post=25766"},{"taxonomy":"product_tag","embeddable":true,"href":"https:\/\/wpe-encheres.com\/site\/wp-json\/wp\/v2\/product_tag?post=25766"}],"curies":[{"name":"wp","href":"https:\/\/api.w.org\/{rel}","templated":true}]}}