{"id":25638,"date":"2025-08-31T17:36:13","date_gmt":"2025-08-31T15:36:13","guid":{"rendered":"https:\/\/wpe-encheres.com\/site\/produit\/ensemble-de-bureau-de-direction-design-dorigo-modele-x10-edition-quadrifoglio-comprenant-un-bureau-formant-angle-droit-en-bois-ceruse-courbe-et-cuir-avec-caisson-et-trappes-techniques-et-une-table-de\/"},"modified":"2025-12-01T19:10:06","modified_gmt":"2025-12-01T18:10:06","slug":"ensemble-de-bureau-de-direction-design-dorigo-modele-x10-edition-quadrifoglio-comprenant-un-bureau-formant-angle-droit-en-bois-ceruse-courbe-et-cuir-avec-caisson-et-trappes-techniques-et-une-table-de","status":"publish","type":"product","link":"https:\/\/wpe-encheres.com\/site\/produit\/ensemble-de-bureau-de-direction-design-dorigo-modele-x10-edition-quadrifoglio-comprenant-un-bureau-formant-angle-droit-en-bois-ceruse-courbe-et-cuir-avec-caisson-et-trappes-techniques-et-une-table-de\/","title":{"rendered":"Ensemble de bureau de direction design Dorigo mod\u00e8le X10 \u00e9dition Quadrifoglio comprenant un bureau formant angle droit en bois c\u00e9rus\u00e9 courb\u00e9 et cuir avec caisson et trappes techniques et une table de r\u00e9union coordonn\u00e9e. Localisation 7 ouest (7712)"},"content":{"rendered":"<p>Ensemble de bureau de direction design Dorigo mod\u00e8le X10 \u00e9dition Quadrifoglio comprenant un bureau formant angle droit en bois c\u00e9rus\u00e9 courb\u00e9 et cuir avec caisson et trappes techniques et une table de r\u00e9union coordonn\u00e9e. Localisation 7 ouest (7712)<\/p>\n","protected":false},"excerpt":{"rendered":"<p>Ensemble de bureau de direction design Dorigo mod\u00e8le X10 \u00e9dition Quadrifoglio comprenant un bureau formant angle droit en bois c\u00e9rus\u00e9 courb\u00e9 et cuir avec caisson et trappes techniques et une table de r\u00e9union coordonn\u00e9e. Localisation 7 ouest (7712)<\/p>\n","protected":false},"featured_media":25639,"template":"","meta":{"_acf_changed":false},"product_brand":[],"product_cat":[22],"product_tag":[36],"class_list":{"0":"post-25638","1":"product","2":"type-product","3":"status-publish","4":"has-post-thumbnail","6":"product_cat-mobilier-design-haut-de-gamme","7":"product_tag-vente-du-03-juin-2025","9":"first","10":"outofstock","11":"product-type-simple"},"acf":[],"yoast_head":"<!-- This site is optimized with the Yoast SEO plugin v27.3 - https:\/\/yoast.com\/product\/yoast-seo-wordpress\/ -->\n<title>Ensemble de bureau de direction design Dorigo mod\u00e8le X10 \u00e9dition Quadrifoglio comprenant un bureau formant angle droit en bois c\u00e9rus\u00e9 courb\u00e9 et cuir avec caisson et trappes techniques et une table de r\u00e9union coordonn\u00e9e. Localisation 7 ouest (7712) - wpe-encheres<\/title>\n<meta name=\"robots\" content=\"index, follow, max-snippet:-1, max-image-preview:large, max-video-preview:-1\" \/>\n<link rel=\"canonical\" href=\"https:\/\/wpe-encheres.com\/site\/produit\/ensemble-de-bureau-de-direction-design-dorigo-modele-x10-edition-quadrifoglio-comprenant-un-bureau-formant-angle-droit-en-bois-ceruse-courbe-et-cuir-avec-caisson-et-trappes-techniques-et-une-table-de\/\" \/>\n<meta property=\"og:locale\" content=\"fr_FR\" \/>\n<meta property=\"og:type\" content=\"article\" \/>\n<meta property=\"og:title\" content=\"Ensemble de bureau de direction design Dorigo mod\u00e8le X10 \u00e9dition Quadrifoglio comprenant un bureau formant angle droit en bois c\u00e9rus\u00e9 courb\u00e9 et cuir avec caisson et trappes techniques et une table de r\u00e9union coordonn\u00e9e. Localisation 7 ouest (7712) - wpe-encheres\" \/>\n<meta property=\"og:description\" content=\"Ensemble de bureau de direction design Dorigo mod\u00e8le X10 \u00e9dition Quadrifoglio comprenant un bureau formant angle droit en bois c\u00e9rus\u00e9 courb\u00e9 et cuir avec caisson et trappes techniques et une table de r\u00e9union coordonn\u00e9e. Localisation 7 ouest (7712)\" \/>\n<meta property=\"og:url\" content=\"https:\/\/wpe-encheres.com\/site\/produit\/ensemble-de-bureau-de-direction-design-dorigo-modele-x10-edition-quadrifoglio-comprenant-un-bureau-formant-angle-droit-en-bois-ceruse-courbe-et-cuir-avec-caisson-et-trappes-techniques-et-une-table-de\/\" \/>\n<meta property=\"og:site_name\" content=\"wpe-encheres\" \/>\n<meta property=\"article:modified_time\" content=\"2025-12-01T18:10:06+00:00\" \/>\n<meta property=\"og:image\" content=\"https:\/\/wpe-encheres.com\/site\/wp-content\/uploads\/2025\/08\/683dd848cf786.jpg\" \/>\n\t<meta property=\"og:image:width\" content=\"961\" \/>\n\t<meta property=\"og:image:height\" content=\"558\" \/>\n\t<meta property=\"og:image:type\" content=\"image\/jpeg\" \/>\n<meta name=\"twitter:card\" content=\"summary_large_image\" \/>\n<script type=\"application\/ld+json\" class=\"yoast-schema-graph\">{\"@context\":\"https:\\\/\\\/schema.org\",\"@graph\":[{\"@type\":\"WebPage\",\"@id\":\"https:\\\/\\\/wpe-encheres.com\\\/site\\\/produit\\\/ensemble-de-bureau-de-direction-design-dorigo-modele-x10-edition-quadrifoglio-comprenant-un-bureau-formant-angle-droit-en-bois-ceruse-courbe-et-cuir-avec-caisson-et-trappes-techniques-et-une-table-de\\\/\",\"url\":\"https:\\\/\\\/wpe-encheres.com\\\/site\\\/produit\\\/ensemble-de-bureau-de-direction-design-dorigo-modele-x10-edition-quadrifoglio-comprenant-un-bureau-formant-angle-droit-en-bois-ceruse-courbe-et-cuir-avec-caisson-et-trappes-techniques-et-une-table-de\\\/\",\"name\":\"Ensemble de bureau de direction design Dorigo mod\u00e8le X10 \u00e9dition Quadrifoglio comprenant un bureau formant angle droit en bois c\u00e9rus\u00e9 courb\u00e9 et cuir avec caisson et trappes techniques et une table de r\u00e9union coordonn\u00e9e. Localisation 7 ouest (7712) - wpe-encheres\",\"isPartOf\":{\"@id\":\"https:\\\/\\\/wpe-encheres.com\\\/site\\\/#website\"},\"primaryImageOfPage\":{\"@id\":\"https:\\\/\\\/wpe-encheres.com\\\/site\\\/produit\\\/ensemble-de-bureau-de-direction-design-dorigo-modele-x10-edition-quadrifoglio-comprenant-un-bureau-formant-angle-droit-en-bois-ceruse-courbe-et-cuir-avec-caisson-et-trappes-techniques-et-une-table-de\\\/#primaryimage\"},\"image\":{\"@id\":\"https:\\\/\\\/wpe-encheres.com\\\/site\\\/produit\\\/ensemble-de-bureau-de-direction-design-dorigo-modele-x10-edition-quadrifoglio-comprenant-un-bureau-formant-angle-droit-en-bois-ceruse-courbe-et-cuir-avec-caisson-et-trappes-techniques-et-une-table-de\\\/#primaryimage\"},\"thumbnailUrl\":\"https:\\\/\\\/wpe-encheres.com\\\/site\\\/wp-content\\\/uploads\\\/2025\\\/08\\\/683dd848cf786.jpg\",\"datePublished\":\"2025-08-31T15:36:13+00:00\",\"dateModified\":\"2025-12-01T18:10:06+00:00\",\"breadcrumb\":{\"@id\":\"https:\\\/\\\/wpe-encheres.com\\\/site\\\/produit\\\/ensemble-de-bureau-de-direction-design-dorigo-modele-x10-edition-quadrifoglio-comprenant-un-bureau-formant-angle-droit-en-bois-ceruse-courbe-et-cuir-avec-caisson-et-trappes-techniques-et-une-table-de\\\/#breadcrumb\"},\"inLanguage\":\"fr-FR\",\"potentialAction\":[{\"@type\":\"ReadAction\",\"target\":[\"https:\\\/\\\/wpe-encheres.com\\\/site\\\/produit\\\/ensemble-de-bureau-de-direction-design-dorigo-modele-x10-edition-quadrifoglio-comprenant-un-bureau-formant-angle-droit-en-bois-ceruse-courbe-et-cuir-avec-caisson-et-trappes-techniques-et-une-table-de\\\/\"]}]},{\"@type\":\"ImageObject\",\"inLanguage\":\"fr-FR\",\"@id\":\"https:\\\/\\\/wpe-encheres.com\\\/site\\\/produit\\\/ensemble-de-bureau-de-direction-design-dorigo-modele-x10-edition-quadrifoglio-comprenant-un-bureau-formant-angle-droit-en-bois-ceruse-courbe-et-cuir-avec-caisson-et-trappes-techniques-et-une-table-de\\\/#primaryimage\",\"url\":\"https:\\\/\\\/wpe-encheres.com\\\/site\\\/wp-content\\\/uploads\\\/2025\\\/08\\\/683dd848cf786.jpg\",\"contentUrl\":\"https:\\\/\\\/wpe-encheres.com\\\/site\\\/wp-content\\\/uploads\\\/2025\\\/08\\\/683dd848cf786.jpg\",\"width\":961,\"height\":558},{\"@type\":\"BreadcrumbList\",\"@id\":\"https:\\\/\\\/wpe-encheres.com\\\/site\\\/produit\\\/ensemble-de-bureau-de-direction-design-dorigo-modele-x10-edition-quadrifoglio-comprenant-un-bureau-formant-angle-droit-en-bois-ceruse-courbe-et-cuir-avec-caisson-et-trappes-techniques-et-une-table-de\\\/#breadcrumb\",\"itemListElement\":[{\"@type\":\"ListItem\",\"position\":1,\"name\":\"Accueil\",\"item\":\"https:\\\/\\\/wpe-encheres.com\\\/site\\\/\"},{\"@type\":\"ListItem\",\"position\":2,\"name\":\"Boutique\",\"item\":\"https:\\\/\\\/wpe-encheres.com\\\/site\\\/?page_id=22765\"},{\"@type\":\"ListItem\",\"position\":3,\"name\":\"Ensemble de bureau de direction design Dorigo mod\u00e8le X10 \u00e9dition Quadrifoglio comprenant un bureau formant angle droit en bois c\u00e9rus\u00e9 courb\u00e9 et cuir avec caisson et trappes techniques et une table de r\u00e9union coordonn\u00e9e. Localisation 7 ouest (7712)\"}]},{\"@type\":\"WebSite\",\"@id\":\"https:\\\/\\\/wpe-encheres.com\\\/site\\\/#website\",\"url\":\"https:\\\/\\\/wpe-encheres.com\\\/site\\\/\",\"name\":\"wpe-encheres\",\"description\":\"\",\"publisher\":{\"@id\":\"https:\\\/\\\/wpe-encheres.com\\\/site\\\/#organization\"},\"potentialAction\":[{\"@type\":\"SearchAction\",\"target\":{\"@type\":\"EntryPoint\",\"urlTemplate\":\"https:\\\/\\\/wpe-encheres.com\\\/site\\\/?s={search_term_string}\"},\"query-input\":{\"@type\":\"PropertyValueSpecification\",\"valueRequired\":true,\"valueName\":\"search_term_string\"}}],\"inLanguage\":\"fr-FR\"},{\"@type\":\"Organization\",\"@id\":\"https:\\\/\\\/wpe-encheres.com\\\/site\\\/#organization\",\"name\":\"wpe encheres\",\"url\":\"https:\\\/\\\/wpe-encheres.com\\\/site\\\/\",\"logo\":{\"@type\":\"ImageObject\",\"inLanguage\":\"fr-FR\",\"@id\":\"https:\\\/\\\/wpe-encheres.com\\\/site\\\/#\\\/schema\\\/logo\\\/image\\\/\",\"url\":\"https:\\\/\\\/wpe-encheres.com\\\/site\\\/wp-content\\\/uploads\\\/2025\\\/08\\\/wpe-encheres-logo.png\",\"contentUrl\":\"https:\\\/\\\/wpe-encheres.com\\\/site\\\/wp-content\\\/uploads\\\/2025\\\/08\\\/wpe-encheres-logo.png\",\"width\":300,\"height\":110,\"caption\":\"wpe encheres\"},\"image\":{\"@id\":\"https:\\\/\\\/wpe-encheres.com\\\/site\\\/#\\\/schema\\\/logo\\\/image\\\/\"}}]}<\/script>\n<!-- \/ Yoast SEO plugin. -->","yoast_head_json":{"title":"Ensemble de bureau de direction design Dorigo mod\u00e8le X10 \u00e9dition Quadrifoglio comprenant un bureau formant angle droit en bois c\u00e9rus\u00e9 courb\u00e9 et cuir avec caisson et trappes techniques et une table de r\u00e9union coordonn\u00e9e. Localisation 7 ouest (7712) - wpe-encheres","robots":{"index":"index","follow":"follow","max-snippet":"max-snippet:-1","max-image-preview":"max-image-preview:large","max-video-preview":"max-video-preview:-1"},"canonical":"https:\/\/wpe-encheres.com\/site\/produit\/ensemble-de-bureau-de-direction-design-dorigo-modele-x10-edition-quadrifoglio-comprenant-un-bureau-formant-angle-droit-en-bois-ceruse-courbe-et-cuir-avec-caisson-et-trappes-techniques-et-une-table-de\/","og_locale":"fr_FR","og_type":"article","og_title":"Ensemble de bureau de direction design Dorigo mod\u00e8le X10 \u00e9dition Quadrifoglio comprenant un bureau formant angle droit en bois c\u00e9rus\u00e9 courb\u00e9 et cuir avec caisson et trappes techniques et une table de r\u00e9union coordonn\u00e9e. Localisation 7 ouest (7712) - wpe-encheres","og_description":"Ensemble de bureau de direction design Dorigo mod\u00e8le X10 \u00e9dition Quadrifoglio comprenant un bureau formant angle droit en bois c\u00e9rus\u00e9 courb\u00e9 et cuir avec caisson et trappes techniques et une table de r\u00e9union coordonn\u00e9e. Localisation 7 ouest (7712)","og_url":"https:\/\/wpe-encheres.com\/site\/produit\/ensemble-de-bureau-de-direction-design-dorigo-modele-x10-edition-quadrifoglio-comprenant-un-bureau-formant-angle-droit-en-bois-ceruse-courbe-et-cuir-avec-caisson-et-trappes-techniques-et-une-table-de\/","og_site_name":"wpe-encheres","article_modified_time":"2025-12-01T18:10:06+00:00","og_image":[{"width":961,"height":558,"url":"https:\/\/wpe-encheres.com\/site\/wp-content\/uploads\/2025\/08\/683dd848cf786.jpg","type":"image\/jpeg"}],"twitter_card":"summary_large_image","schema":{"@context":"https:\/\/schema.org","@graph":[{"@type":"WebPage","@id":"https:\/\/wpe-encheres.com\/site\/produit\/ensemble-de-bureau-de-direction-design-dorigo-modele-x10-edition-quadrifoglio-comprenant-un-bureau-formant-angle-droit-en-bois-ceruse-courbe-et-cuir-avec-caisson-et-trappes-techniques-et-une-table-de\/","url":"https:\/\/wpe-encheres.com\/site\/produit\/ensemble-de-bureau-de-direction-design-dorigo-modele-x10-edition-quadrifoglio-comprenant-un-bureau-formant-angle-droit-en-bois-ceruse-courbe-et-cuir-avec-caisson-et-trappes-techniques-et-une-table-de\/","name":"Ensemble de bureau de direction design Dorigo mod\u00e8le X10 \u00e9dition Quadrifoglio comprenant un bureau formant angle droit en bois c\u00e9rus\u00e9 courb\u00e9 et cuir avec caisson et trappes techniques et une table de r\u00e9union coordonn\u00e9e. Localisation 7 ouest (7712) - wpe-encheres","isPartOf":{"@id":"https:\/\/wpe-encheres.com\/site\/#website"},"primaryImageOfPage":{"@id":"https:\/\/wpe-encheres.com\/site\/produit\/ensemble-de-bureau-de-direction-design-dorigo-modele-x10-edition-quadrifoglio-comprenant-un-bureau-formant-angle-droit-en-bois-ceruse-courbe-et-cuir-avec-caisson-et-trappes-techniques-et-une-table-de\/#primaryimage"},"image":{"@id":"https:\/\/wpe-encheres.com\/site\/produit\/ensemble-de-bureau-de-direction-design-dorigo-modele-x10-edition-quadrifoglio-comprenant-un-bureau-formant-angle-droit-en-bois-ceruse-courbe-et-cuir-avec-caisson-et-trappes-techniques-et-une-table-de\/#primaryimage"},"thumbnailUrl":"https:\/\/wpe-encheres.com\/site\/wp-content\/uploads\/2025\/08\/683dd848cf786.jpg","datePublished":"2025-08-31T15:36:13+00:00","dateModified":"2025-12-01T18:10:06+00:00","breadcrumb":{"@id":"https:\/\/wpe-encheres.com\/site\/produit\/ensemble-de-bureau-de-direction-design-dorigo-modele-x10-edition-quadrifoglio-comprenant-un-bureau-formant-angle-droit-en-bois-ceruse-courbe-et-cuir-avec-caisson-et-trappes-techniques-et-une-table-de\/#breadcrumb"},"inLanguage":"fr-FR","potentialAction":[{"@type":"ReadAction","target":["https:\/\/wpe-encheres.com\/site\/produit\/ensemble-de-bureau-de-direction-design-dorigo-modele-x10-edition-quadrifoglio-comprenant-un-bureau-formant-angle-droit-en-bois-ceruse-courbe-et-cuir-avec-caisson-et-trappes-techniques-et-une-table-de\/"]}]},{"@type":"ImageObject","inLanguage":"fr-FR","@id":"https:\/\/wpe-encheres.com\/site\/produit\/ensemble-de-bureau-de-direction-design-dorigo-modele-x10-edition-quadrifoglio-comprenant-un-bureau-formant-angle-droit-en-bois-ceruse-courbe-et-cuir-avec-caisson-et-trappes-techniques-et-une-table-de\/#primaryimage","url":"https:\/\/wpe-encheres.com\/site\/wp-content\/uploads\/2025\/08\/683dd848cf786.jpg","contentUrl":"https:\/\/wpe-encheres.com\/site\/wp-content\/uploads\/2025\/08\/683dd848cf786.jpg","width":961,"height":558},{"@type":"BreadcrumbList","@id":"https:\/\/wpe-encheres.com\/site\/produit\/ensemble-de-bureau-de-direction-design-dorigo-modele-x10-edition-quadrifoglio-comprenant-un-bureau-formant-angle-droit-en-bois-ceruse-courbe-et-cuir-avec-caisson-et-trappes-techniques-et-une-table-de\/#breadcrumb","itemListElement":[{"@type":"ListItem","position":1,"name":"Accueil","item":"https:\/\/wpe-encheres.com\/site\/"},{"@type":"ListItem","position":2,"name":"Boutique","item":"https:\/\/wpe-encheres.com\/site\/?page_id=22765"},{"@type":"ListItem","position":3,"name":"Ensemble de bureau de direction design Dorigo mod\u00e8le X10 \u00e9dition Quadrifoglio comprenant un bureau formant angle droit en bois c\u00e9rus\u00e9 courb\u00e9 et cuir avec caisson et trappes techniques et une table de r\u00e9union coordonn\u00e9e. Localisation 7 ouest (7712)"}]},{"@type":"WebSite","@id":"https:\/\/wpe-encheres.com\/site\/#website","url":"https:\/\/wpe-encheres.com\/site\/","name":"wpe-encheres","description":"","publisher":{"@id":"https:\/\/wpe-encheres.com\/site\/#organization"},"potentialAction":[{"@type":"SearchAction","target":{"@type":"EntryPoint","urlTemplate":"https:\/\/wpe-encheres.com\/site\/?s={search_term_string}"},"query-input":{"@type":"PropertyValueSpecification","valueRequired":true,"valueName":"search_term_string"}}],"inLanguage":"fr-FR"},{"@type":"Organization","@id":"https:\/\/wpe-encheres.com\/site\/#organization","name":"wpe encheres","url":"https:\/\/wpe-encheres.com\/site\/","logo":{"@type":"ImageObject","inLanguage":"fr-FR","@id":"https:\/\/wpe-encheres.com\/site\/#\/schema\/logo\/image\/","url":"https:\/\/wpe-encheres.com\/site\/wp-content\/uploads\/2025\/08\/wpe-encheres-logo.png","contentUrl":"https:\/\/wpe-encheres.com\/site\/wp-content\/uploads\/2025\/08\/wpe-encheres-logo.png","width":300,"height":110,"caption":"wpe encheres"},"image":{"@id":"https:\/\/wpe-encheres.com\/site\/#\/schema\/logo\/image\/"}}]}},"_links":{"self":[{"href":"https:\/\/wpe-encheres.com\/site\/wp-json\/wp\/v2\/product\/25638","targetHints":{"allow":["GET"]}}],"collection":[{"href":"https:\/\/wpe-encheres.com\/site\/wp-json\/wp\/v2\/product"}],"about":[{"href":"https:\/\/wpe-encheres.com\/site\/wp-json\/wp\/v2\/types\/product"}],"wp:featuredmedia":[{"embeddable":true,"href":"https:\/\/wpe-encheres.com\/site\/wp-json\/wp\/v2\/media\/25639"}],"wp:attachment":[{"href":"https:\/\/wpe-encheres.com\/site\/wp-json\/wp\/v2\/media?parent=25638"}],"wp:term":[{"taxonomy":"product_brand","embeddable":true,"href":"https:\/\/wpe-encheres.com\/site\/wp-json\/wp\/v2\/product_brand?post=25638"},{"taxonomy":"product_cat","embeddable":true,"href":"https:\/\/wpe-encheres.com\/site\/wp-json\/wp\/v2\/product_cat?post=25638"},{"taxonomy":"product_tag","embeddable":true,"href":"https:\/\/wpe-encheres.com\/site\/wp-json\/wp\/v2\/product_tag?post=25638"}],"curies":[{"name":"wp","href":"https:\/\/api.w.org\/{rel}","templated":true}]}}