{"id":24986,"date":"2025-08-31T17:21:46","date_gmt":"2025-08-31T15:21:46","guid":{"rendered":"https:\/\/wpe-encheres.com\/site\/produit\/armoire-basse-en-bois-blanc-a-portes-coulissantes-3-unites-version-courte72-x-80-x-43-cm1-unite-version-longue72-x-120-x-43-cm-vendu-avec-faculte-de-reunion-localisation-6-rue-duret-75116-p\/"},"modified":"2025-12-01T19:11:33","modified_gmt":"2025-12-01T18:11:33","slug":"armoire-basse-en-bois-blanc-a-portes-coulissantes-3-unites-version-courte72-x-80-x-43-cm1-unite-version-longue72-x-120-x-43-cm-vendu-avec-faculte-de-reunion-localisation-6-rue-duret-75116-p","status":"publish","type":"product","link":"https:\/\/wpe-encheres.com\/site\/produit\/armoire-basse-en-bois-blanc-a-portes-coulissantes-3-unites-version-courte72-x-80-x-43-cm1-unite-version-longue72-x-120-x-43-cm-vendu-avec-faculte-de-reunion-localisation-6-rue-duret-75116-p\/","title":{"rendered":"Armoire basse en bois blanc \u00e0 portes coulissantes.\n3 Unit\u00e9s. version courte\n72 x 80 x 43 cm\n1 Unit\u00e9 version longue\n72 x 120 x 43 cm \nvendu avec facult\u00e9 de r\u00e9union.\nLocalisation : 6 rue Duret &#8211; 75116 Paris.\n(2-53, Open Sp. 2, 512 long, 517A)"},"content":{"rendered":"<p>Armoire basse en bois blanc \u00e0 portes coulissantes.<br \/>\n3 Unit\u00e9s. version courte<br \/>\n72 x 80 x 43 cm<br \/>\n1 Unit\u00e9 version longue<br \/>\n72 x 120 x 43 cm<br \/>\nvendu avec facult\u00e9 de r\u00e9union.<br \/>\nLocalisation : 6 rue Duret &#8211; 75116 Paris.<br \/>\n(2-53, Open Sp. 2, 512 long, 517A)<\/p>\n","protected":false},"excerpt":{"rendered":"<p>Armoire basse en bois blanc \u00e0 portes coulissantes.<br \/>\n3 Unit\u00e9s. version courte<br \/>\n72 x 80 x 43 cm<br \/>\n1 Unit\u00e9 version longue<br \/>\n72 x 120 x 43 cm<br \/>\nvendu avec facult\u00e9 de r\u00e9union.<br \/>\nLocalisation : 6 rue Duret &#8211; 75116 Paris.<br \/>\n(2-53, Open Sp. 2, 512 long, 517A)<\/p>\n","protected":false},"featured_media":24987,"template":"","meta":{"_acf_changed":false},"product_brand":[],"product_cat":[24],"product_tag":[32],"class_list":{"0":"post-24986","1":"product","2":"type-product","3":"status-publish","4":"has-post-thumbnail","6":"product_cat-mobilier-de-bureau-equipement-du-bureau","7":"product_tag-vente-du-18-juin-2025","9":"first","10":"outofstock","11":"product-type-simple"},"acf":[],"yoast_head":"<!-- This site is optimized with the Yoast SEO plugin v27.3 - https:\/\/yoast.com\/product\/yoast-seo-wordpress\/ -->\n<title>Armoire basse en bois blanc \u00e0 portes coulissantes. 3 Unit\u00e9s. version courte 72 x 80 x 43 cm 1 Unit\u00e9 version longue 72 x 120 x 43 cm vendu avec facult\u00e9 de r\u00e9union. Localisation : 6 rue Duret - 75116 Paris. (2-53, Open Sp. 2, 512 long, 517A) - wpe-encheres<\/title>\n<meta name=\"robots\" content=\"index, follow, max-snippet:-1, max-image-preview:large, max-video-preview:-1\" \/>\n<link rel=\"canonical\" href=\"https:\/\/wpe-encheres.com\/site\/produit\/armoire-basse-en-bois-blanc-a-portes-coulissantes-3-unites-version-courte72-x-80-x-43-cm1-unite-version-longue72-x-120-x-43-cm-vendu-avec-faculte-de-reunion-localisation-6-rue-duret-75116-p\/\" \/>\n<meta property=\"og:locale\" content=\"fr_FR\" \/>\n<meta property=\"og:type\" content=\"article\" \/>\n<meta property=\"og:title\" content=\"Armoire basse en bois blanc \u00e0 portes coulissantes. 3 Unit\u00e9s. version courte 72 x 80 x 43 cm 1 Unit\u00e9 version longue 72 x 120 x 43 cm vendu avec facult\u00e9 de r\u00e9union. Localisation : 6 rue Duret - 75116 Paris. (2-53, Open Sp. 2, 512 long, 517A) - wpe-encheres\" \/>\n<meta property=\"og:description\" content=\"Armoire basse en bois blanc \u00e0 portes coulissantes. 3 Unit\u00e9s. version courte 72 x 80 x 43 cm 1 Unit\u00e9 version longue 72 x 120 x 43 cm vendu avec facult\u00e9 de r\u00e9union. Localisation : 6 rue Duret - 75116 Paris. (2-53, Open Sp. 2, 512 long, 517A)\" \/>\n<meta property=\"og:url\" content=\"https:\/\/wpe-encheres.com\/site\/produit\/armoire-basse-en-bois-blanc-a-portes-coulissantes-3-unites-version-courte72-x-80-x-43-cm1-unite-version-longue72-x-120-x-43-cm-vendu-avec-faculte-de-reunion-localisation-6-rue-duret-75116-p\/\" \/>\n<meta property=\"og:site_name\" content=\"wpe-encheres\" \/>\n<meta property=\"article:modified_time\" content=\"2025-12-01T18:11:33+00:00\" \/>\n<meta property=\"og:image\" content=\"https:\/\/wpe-encheres.com\/site\/wp-content\/uploads\/2025\/08\/684028a3834f2.jpg\" \/>\n\t<meta property=\"og:image:width\" content=\"675\" \/>\n\t<meta property=\"og:image:height\" content=\"675\" \/>\n\t<meta property=\"og:image:type\" content=\"image\/jpeg\" \/>\n<meta name=\"twitter:card\" content=\"summary_large_image\" \/>\n<script type=\"application\/ld+json\" class=\"yoast-schema-graph\">{\"@context\":\"https:\\\/\\\/schema.org\",\"@graph\":[{\"@type\":\"WebPage\",\"@id\":\"https:\\\/\\\/wpe-encheres.com\\\/site\\\/produit\\\/armoire-basse-en-bois-blanc-a-portes-coulissantes-3-unites-version-courte72-x-80-x-43-cm1-unite-version-longue72-x-120-x-43-cm-vendu-avec-faculte-de-reunion-localisation-6-rue-duret-75116-p\\\/\",\"url\":\"https:\\\/\\\/wpe-encheres.com\\\/site\\\/produit\\\/armoire-basse-en-bois-blanc-a-portes-coulissantes-3-unites-version-courte72-x-80-x-43-cm1-unite-version-longue72-x-120-x-43-cm-vendu-avec-faculte-de-reunion-localisation-6-rue-duret-75116-p\\\/\",\"name\":\"Armoire basse en bois blanc \u00e0 portes coulissantes. 3 Unit\u00e9s. version courte 72 x 80 x 43 cm 1 Unit\u00e9 version longue 72 x 120 x 43 cm vendu avec facult\u00e9 de r\u00e9union. Localisation : 6 rue Duret - 75116 Paris. (2-53, Open Sp. 2, 512 long, 517A) - wpe-encheres\",\"isPartOf\":{\"@id\":\"https:\\\/\\\/wpe-encheres.com\\\/site\\\/#website\"},\"primaryImageOfPage\":{\"@id\":\"https:\\\/\\\/wpe-encheres.com\\\/site\\\/produit\\\/armoire-basse-en-bois-blanc-a-portes-coulissantes-3-unites-version-courte72-x-80-x-43-cm1-unite-version-longue72-x-120-x-43-cm-vendu-avec-faculte-de-reunion-localisation-6-rue-duret-75116-p\\\/#primaryimage\"},\"image\":{\"@id\":\"https:\\\/\\\/wpe-encheres.com\\\/site\\\/produit\\\/armoire-basse-en-bois-blanc-a-portes-coulissantes-3-unites-version-courte72-x-80-x-43-cm1-unite-version-longue72-x-120-x-43-cm-vendu-avec-faculte-de-reunion-localisation-6-rue-duret-75116-p\\\/#primaryimage\"},\"thumbnailUrl\":\"https:\\\/\\\/wpe-encheres.com\\\/site\\\/wp-content\\\/uploads\\\/2025\\\/08\\\/684028a3834f2.jpg\",\"datePublished\":\"2025-08-31T15:21:46+00:00\",\"dateModified\":\"2025-12-01T18:11:33+00:00\",\"breadcrumb\":{\"@id\":\"https:\\\/\\\/wpe-encheres.com\\\/site\\\/produit\\\/armoire-basse-en-bois-blanc-a-portes-coulissantes-3-unites-version-courte72-x-80-x-43-cm1-unite-version-longue72-x-120-x-43-cm-vendu-avec-faculte-de-reunion-localisation-6-rue-duret-75116-p\\\/#breadcrumb\"},\"inLanguage\":\"fr-FR\",\"potentialAction\":[{\"@type\":\"ReadAction\",\"target\":[\"https:\\\/\\\/wpe-encheres.com\\\/site\\\/produit\\\/armoire-basse-en-bois-blanc-a-portes-coulissantes-3-unites-version-courte72-x-80-x-43-cm1-unite-version-longue72-x-120-x-43-cm-vendu-avec-faculte-de-reunion-localisation-6-rue-duret-75116-p\\\/\"]}]},{\"@type\":\"ImageObject\",\"inLanguage\":\"fr-FR\",\"@id\":\"https:\\\/\\\/wpe-encheres.com\\\/site\\\/produit\\\/armoire-basse-en-bois-blanc-a-portes-coulissantes-3-unites-version-courte72-x-80-x-43-cm1-unite-version-longue72-x-120-x-43-cm-vendu-avec-faculte-de-reunion-localisation-6-rue-duret-75116-p\\\/#primaryimage\",\"url\":\"https:\\\/\\\/wpe-encheres.com\\\/site\\\/wp-content\\\/uploads\\\/2025\\\/08\\\/684028a3834f2.jpg\",\"contentUrl\":\"https:\\\/\\\/wpe-encheres.com\\\/site\\\/wp-content\\\/uploads\\\/2025\\\/08\\\/684028a3834f2.jpg\",\"width\":675,\"height\":675},{\"@type\":\"BreadcrumbList\",\"@id\":\"https:\\\/\\\/wpe-encheres.com\\\/site\\\/produit\\\/armoire-basse-en-bois-blanc-a-portes-coulissantes-3-unites-version-courte72-x-80-x-43-cm1-unite-version-longue72-x-120-x-43-cm-vendu-avec-faculte-de-reunion-localisation-6-rue-duret-75116-p\\\/#breadcrumb\",\"itemListElement\":[{\"@type\":\"ListItem\",\"position\":1,\"name\":\"Accueil\",\"item\":\"https:\\\/\\\/wpe-encheres.com\\\/site\\\/\"},{\"@type\":\"ListItem\",\"position\":2,\"name\":\"Boutique\",\"item\":\"https:\\\/\\\/wpe-encheres.com\\\/site\\\/?page_id=22765\"},{\"@type\":\"ListItem\",\"position\":3,\"name\":\"Armoire basse en bois blanc \u00e0 portes coulissantes. 3 Unit\u00e9s. version courte 72 x 80 x 43 cm 1 Unit\u00e9 version longue 72 x 120 x 43 cm vendu avec facult\u00e9 de r\u00e9union. Localisation : 6 rue Duret &#8211; 75116 Paris. (2-53, Open Sp. 2, 512 long, 517A)\"}]},{\"@type\":\"WebSite\",\"@id\":\"https:\\\/\\\/wpe-encheres.com\\\/site\\\/#website\",\"url\":\"https:\\\/\\\/wpe-encheres.com\\\/site\\\/\",\"name\":\"wpe-encheres\",\"description\":\"\",\"publisher\":{\"@id\":\"https:\\\/\\\/wpe-encheres.com\\\/site\\\/#organization\"},\"potentialAction\":[{\"@type\":\"SearchAction\",\"target\":{\"@type\":\"EntryPoint\",\"urlTemplate\":\"https:\\\/\\\/wpe-encheres.com\\\/site\\\/?s={search_term_string}\"},\"query-input\":{\"@type\":\"PropertyValueSpecification\",\"valueRequired\":true,\"valueName\":\"search_term_string\"}}],\"inLanguage\":\"fr-FR\"},{\"@type\":\"Organization\",\"@id\":\"https:\\\/\\\/wpe-encheres.com\\\/site\\\/#organization\",\"name\":\"wpe encheres\",\"url\":\"https:\\\/\\\/wpe-encheres.com\\\/site\\\/\",\"logo\":{\"@type\":\"ImageObject\",\"inLanguage\":\"fr-FR\",\"@id\":\"https:\\\/\\\/wpe-encheres.com\\\/site\\\/#\\\/schema\\\/logo\\\/image\\\/\",\"url\":\"https:\\\/\\\/wpe-encheres.com\\\/site\\\/wp-content\\\/uploads\\\/2025\\\/08\\\/wpe-encheres-logo.png\",\"contentUrl\":\"https:\\\/\\\/wpe-encheres.com\\\/site\\\/wp-content\\\/uploads\\\/2025\\\/08\\\/wpe-encheres-logo.png\",\"width\":300,\"height\":110,\"caption\":\"wpe encheres\"},\"image\":{\"@id\":\"https:\\\/\\\/wpe-encheres.com\\\/site\\\/#\\\/schema\\\/logo\\\/image\\\/\"}}]}<\/script>\n<!-- \/ Yoast SEO plugin. -->","yoast_head_json":{"title":"Armoire basse en bois blanc \u00e0 portes coulissantes. 3 Unit\u00e9s. version courte 72 x 80 x 43 cm 1 Unit\u00e9 version longue 72 x 120 x 43 cm vendu avec facult\u00e9 de r\u00e9union. Localisation : 6 rue Duret - 75116 Paris. (2-53, Open Sp. 2, 512 long, 517A) - wpe-encheres","robots":{"index":"index","follow":"follow","max-snippet":"max-snippet:-1","max-image-preview":"max-image-preview:large","max-video-preview":"max-video-preview:-1"},"canonical":"https:\/\/wpe-encheres.com\/site\/produit\/armoire-basse-en-bois-blanc-a-portes-coulissantes-3-unites-version-courte72-x-80-x-43-cm1-unite-version-longue72-x-120-x-43-cm-vendu-avec-faculte-de-reunion-localisation-6-rue-duret-75116-p\/","og_locale":"fr_FR","og_type":"article","og_title":"Armoire basse en bois blanc \u00e0 portes coulissantes. 3 Unit\u00e9s. version courte 72 x 80 x 43 cm 1 Unit\u00e9 version longue 72 x 120 x 43 cm vendu avec facult\u00e9 de r\u00e9union. Localisation : 6 rue Duret - 75116 Paris. (2-53, Open Sp. 2, 512 long, 517A) - wpe-encheres","og_description":"Armoire basse en bois blanc \u00e0 portes coulissantes. 3 Unit\u00e9s. version courte 72 x 80 x 43 cm 1 Unit\u00e9 version longue 72 x 120 x 43 cm vendu avec facult\u00e9 de r\u00e9union. Localisation : 6 rue Duret - 75116 Paris. (2-53, Open Sp. 2, 512 long, 517A)","og_url":"https:\/\/wpe-encheres.com\/site\/produit\/armoire-basse-en-bois-blanc-a-portes-coulissantes-3-unites-version-courte72-x-80-x-43-cm1-unite-version-longue72-x-120-x-43-cm-vendu-avec-faculte-de-reunion-localisation-6-rue-duret-75116-p\/","og_site_name":"wpe-encheres","article_modified_time":"2025-12-01T18:11:33+00:00","og_image":[{"width":675,"height":675,"url":"https:\/\/wpe-encheres.com\/site\/wp-content\/uploads\/2025\/08\/684028a3834f2.jpg","type":"image\/jpeg"}],"twitter_card":"summary_large_image","schema":{"@context":"https:\/\/schema.org","@graph":[{"@type":"WebPage","@id":"https:\/\/wpe-encheres.com\/site\/produit\/armoire-basse-en-bois-blanc-a-portes-coulissantes-3-unites-version-courte72-x-80-x-43-cm1-unite-version-longue72-x-120-x-43-cm-vendu-avec-faculte-de-reunion-localisation-6-rue-duret-75116-p\/","url":"https:\/\/wpe-encheres.com\/site\/produit\/armoire-basse-en-bois-blanc-a-portes-coulissantes-3-unites-version-courte72-x-80-x-43-cm1-unite-version-longue72-x-120-x-43-cm-vendu-avec-faculte-de-reunion-localisation-6-rue-duret-75116-p\/","name":"Armoire basse en bois blanc \u00e0 portes coulissantes. 3 Unit\u00e9s. version courte 72 x 80 x 43 cm 1 Unit\u00e9 version longue 72 x 120 x 43 cm vendu avec facult\u00e9 de r\u00e9union. Localisation : 6 rue Duret - 75116 Paris. (2-53, Open Sp. 2, 512 long, 517A) - wpe-encheres","isPartOf":{"@id":"https:\/\/wpe-encheres.com\/site\/#website"},"primaryImageOfPage":{"@id":"https:\/\/wpe-encheres.com\/site\/produit\/armoire-basse-en-bois-blanc-a-portes-coulissantes-3-unites-version-courte72-x-80-x-43-cm1-unite-version-longue72-x-120-x-43-cm-vendu-avec-faculte-de-reunion-localisation-6-rue-duret-75116-p\/#primaryimage"},"image":{"@id":"https:\/\/wpe-encheres.com\/site\/produit\/armoire-basse-en-bois-blanc-a-portes-coulissantes-3-unites-version-courte72-x-80-x-43-cm1-unite-version-longue72-x-120-x-43-cm-vendu-avec-faculte-de-reunion-localisation-6-rue-duret-75116-p\/#primaryimage"},"thumbnailUrl":"https:\/\/wpe-encheres.com\/site\/wp-content\/uploads\/2025\/08\/684028a3834f2.jpg","datePublished":"2025-08-31T15:21:46+00:00","dateModified":"2025-12-01T18:11:33+00:00","breadcrumb":{"@id":"https:\/\/wpe-encheres.com\/site\/produit\/armoire-basse-en-bois-blanc-a-portes-coulissantes-3-unites-version-courte72-x-80-x-43-cm1-unite-version-longue72-x-120-x-43-cm-vendu-avec-faculte-de-reunion-localisation-6-rue-duret-75116-p\/#breadcrumb"},"inLanguage":"fr-FR","potentialAction":[{"@type":"ReadAction","target":["https:\/\/wpe-encheres.com\/site\/produit\/armoire-basse-en-bois-blanc-a-portes-coulissantes-3-unites-version-courte72-x-80-x-43-cm1-unite-version-longue72-x-120-x-43-cm-vendu-avec-faculte-de-reunion-localisation-6-rue-duret-75116-p\/"]}]},{"@type":"ImageObject","inLanguage":"fr-FR","@id":"https:\/\/wpe-encheres.com\/site\/produit\/armoire-basse-en-bois-blanc-a-portes-coulissantes-3-unites-version-courte72-x-80-x-43-cm1-unite-version-longue72-x-120-x-43-cm-vendu-avec-faculte-de-reunion-localisation-6-rue-duret-75116-p\/#primaryimage","url":"https:\/\/wpe-encheres.com\/site\/wp-content\/uploads\/2025\/08\/684028a3834f2.jpg","contentUrl":"https:\/\/wpe-encheres.com\/site\/wp-content\/uploads\/2025\/08\/684028a3834f2.jpg","width":675,"height":675},{"@type":"BreadcrumbList","@id":"https:\/\/wpe-encheres.com\/site\/produit\/armoire-basse-en-bois-blanc-a-portes-coulissantes-3-unites-version-courte72-x-80-x-43-cm1-unite-version-longue72-x-120-x-43-cm-vendu-avec-faculte-de-reunion-localisation-6-rue-duret-75116-p\/#breadcrumb","itemListElement":[{"@type":"ListItem","position":1,"name":"Accueil","item":"https:\/\/wpe-encheres.com\/site\/"},{"@type":"ListItem","position":2,"name":"Boutique","item":"https:\/\/wpe-encheres.com\/site\/?page_id=22765"},{"@type":"ListItem","position":3,"name":"Armoire basse en bois blanc \u00e0 portes coulissantes. 3 Unit\u00e9s. version courte 72 x 80 x 43 cm 1 Unit\u00e9 version longue 72 x 120 x 43 cm vendu avec facult\u00e9 de r\u00e9union. Localisation : 6 rue Duret &#8211; 75116 Paris. (2-53, Open Sp. 2, 512 long, 517A)"}]},{"@type":"WebSite","@id":"https:\/\/wpe-encheres.com\/site\/#website","url":"https:\/\/wpe-encheres.com\/site\/","name":"wpe-encheres","description":"","publisher":{"@id":"https:\/\/wpe-encheres.com\/site\/#organization"},"potentialAction":[{"@type":"SearchAction","target":{"@type":"EntryPoint","urlTemplate":"https:\/\/wpe-encheres.com\/site\/?s={search_term_string}"},"query-input":{"@type":"PropertyValueSpecification","valueRequired":true,"valueName":"search_term_string"}}],"inLanguage":"fr-FR"},{"@type":"Organization","@id":"https:\/\/wpe-encheres.com\/site\/#organization","name":"wpe encheres","url":"https:\/\/wpe-encheres.com\/site\/","logo":{"@type":"ImageObject","inLanguage":"fr-FR","@id":"https:\/\/wpe-encheres.com\/site\/#\/schema\/logo\/image\/","url":"https:\/\/wpe-encheres.com\/site\/wp-content\/uploads\/2025\/08\/wpe-encheres-logo.png","contentUrl":"https:\/\/wpe-encheres.com\/site\/wp-content\/uploads\/2025\/08\/wpe-encheres-logo.png","width":300,"height":110,"caption":"wpe encheres"},"image":{"@id":"https:\/\/wpe-encheres.com\/site\/#\/schema\/logo\/image\/"}}]}},"_links":{"self":[{"href":"https:\/\/wpe-encheres.com\/site\/wp-json\/wp\/v2\/product\/24986","targetHints":{"allow":["GET"]}}],"collection":[{"href":"https:\/\/wpe-encheres.com\/site\/wp-json\/wp\/v2\/product"}],"about":[{"href":"https:\/\/wpe-encheres.com\/site\/wp-json\/wp\/v2\/types\/product"}],"wp:featuredmedia":[{"embeddable":true,"href":"https:\/\/wpe-encheres.com\/site\/wp-json\/wp\/v2\/media\/24987"}],"wp:attachment":[{"href":"https:\/\/wpe-encheres.com\/site\/wp-json\/wp\/v2\/media?parent=24986"}],"wp:term":[{"taxonomy":"product_brand","embeddable":true,"href":"https:\/\/wpe-encheres.com\/site\/wp-json\/wp\/v2\/product_brand?post=24986"},{"taxonomy":"product_cat","embeddable":true,"href":"https:\/\/wpe-encheres.com\/site\/wp-json\/wp\/v2\/product_cat?post=24986"},{"taxonomy":"product_tag","embeddable":true,"href":"https:\/\/wpe-encheres.com\/site\/wp-json\/wp\/v2\/product_tag?post=24986"}],"curies":[{"name":"wp","href":"https:\/\/api.w.org\/{rel}","templated":true}]}}