{"id":24902,"date":"2025-08-31T17:21:00","date_gmt":"2025-08-31T15:21:00","guid":{"rendered":"https:\/\/wpe-encheres.com\/site\/produit\/bureau-blanc-avec-retour-plateau-en-bois-et-pietement-luge-en-metal-41-unites-vendu-avec-faculte-de-reunion-dimensions-75-x-160-x-80-cm-retour-60-x-80-cm-localisation-6-rue-duret-75116-pa\/"},"modified":"2025-12-01T19:11:36","modified_gmt":"2025-12-01T18:11:36","slug":"bureau-blanc-avec-retour-plateau-en-bois-et-pietement-luge-en-metal-41-unites-vendu-avec-faculte-de-reunion-dimensions-75-x-160-x-80-cm-retour-60-x-80-cm-localisation-6-rue-duret-75116-pa","status":"publish","type":"product","link":"https:\/\/wpe-encheres.com\/site\/produit\/bureau-blanc-avec-retour-plateau-en-bois-et-pietement-luge-en-metal-41-unites-vendu-avec-faculte-de-reunion-dimensions-75-x-160-x-80-cm-retour-60-x-80-cm-localisation-6-rue-duret-75116-pa\/","title":{"rendered":"Bureau blanc avec retour, plateau en bois et pi\u00e8tement luge en m\u00e9tal.\n41 Unit\u00e9s, vendu avec facult\u00e9 de r\u00e9union.\nDimensions : 75 x 160 x 80 cm + retour 60 x 80 cm.\nLocalisation : 6 rue Duret &#8211; 75116 Paris.\n(ES 15., ES 10., ES 13., 1-41., 1-35., 1-42., 1-22., 1-19., 1-18., 2-53., 2-52., 2-56., 2-57., 2 basg., 2-69., 3-86., 3-95., 3-80., 3-79., 3-74, 514, 515, 516, 517B)"},"content":{"rendered":"<p>Bureau blanc avec retour, plateau en bois et pi\u00e8tement luge en m\u00e9tal.<br \/>\n41 Unit\u00e9s, vendu avec facult\u00e9 de r\u00e9union.<br \/>\nDimensions : 75 x 160 x 80 cm + retour 60 x 80 cm.<br \/>\nLocalisation : 6 rue Duret &#8211; 75116 Paris.<br \/>\n(ES 15., ES 10., ES 13., 1-41., 1-35., 1-42., 1-22., 1-19., 1-18., 2-53., 2-52., 2-56., 2-57., 2 basg., 2-69., 3-86., 3-95., 3-80., 3-79., 3-74, 514, 515, 516, 517B)<\/p>\n","protected":false},"excerpt":{"rendered":"<p>Bureau blanc avec retour, plateau en bois et pi\u00e8tement luge en m\u00e9tal.<br \/>\n41 Unit\u00e9s, vendu avec facult\u00e9 de r\u00e9union.<br \/>\nDimensions : 75 x 160 x 80 cm + retour 60 x 80 cm.<br \/>\nLocalisation : 6 rue Duret &#8211; 75116 Paris.<br \/>\n(ES 15., ES 10., ES 13., 1-41., 1-35., 1-42., 1-22., 1-19., 1-18., 2-53., 2-52., 2-56., 2-57., 2 basg., 2-69., 3-86., 3-95., 3-80., 3-79., 3-74, 514, 515, 516, 517B)<\/p>\n","protected":false},"featured_media":24903,"template":"","meta":{"_acf_changed":false},"product_brand":[],"product_cat":[24],"product_tag":[32],"class_list":{"0":"post-24902","1":"product","2":"type-product","3":"status-publish","4":"has-post-thumbnail","6":"product_cat-mobilier-de-bureau-equipement-du-bureau","7":"product_tag-vente-du-18-juin-2025","9":"first","10":"outofstock","11":"product-type-simple"},"acf":[],"yoast_head":"<!-- This site is optimized with the Yoast SEO plugin v27.3 - https:\/\/yoast.com\/product\/yoast-seo-wordpress\/ -->\n<title>Bureau blanc avec retour, plateau en bois et pi\u00e8tement luge en m\u00e9tal. 41 Unit\u00e9s, vendu avec facult\u00e9 de r\u00e9union. Dimensions : 75 x 160 x 80 cm + retour 60 x 80 cm. Localisation : 6 rue Duret - 75116 Paris. (ES 15., ES 10., ES 13., 1-41., 1-35., 1-42., 1-22., 1-19., 1-18., 2-53., 2-52., 2-56., 2-57., 2 basg., 2-69., 3-86., 3-95., 3-80., 3-79., 3-74, 514, 515, 516, 517B) - wpe-encheres<\/title>\n<meta name=\"robots\" content=\"index, follow, max-snippet:-1, max-image-preview:large, max-video-preview:-1\" \/>\n<link rel=\"canonical\" href=\"https:\/\/wpe-encheres.com\/site\/produit\/bureau-blanc-avec-retour-plateau-en-bois-et-pietement-luge-en-metal-41-unites-vendu-avec-faculte-de-reunion-dimensions-75-x-160-x-80-cm-retour-60-x-80-cm-localisation-6-rue-duret-75116-pa\/\" \/>\n<meta property=\"og:locale\" content=\"fr_FR\" \/>\n<meta property=\"og:type\" content=\"article\" \/>\n<meta property=\"og:title\" content=\"Bureau blanc avec retour, plateau en bois et pi\u00e8tement luge en m\u00e9tal. 41 Unit\u00e9s, vendu avec facult\u00e9 de r\u00e9union. Dimensions : 75 x 160 x 80 cm + retour 60 x 80 cm. Localisation : 6 rue Duret - 75116 Paris. (ES 15., ES 10., ES 13., 1-41., 1-35., 1-42., 1-22., 1-19., 1-18., 2-53., 2-52., 2-56., 2-57., 2 basg., 2-69., 3-86., 3-95., 3-80., 3-79., 3-74, 514, 515, 516, 517B) - wpe-encheres\" \/>\n<meta property=\"og:description\" content=\"Bureau blanc avec retour, plateau en bois et pi\u00e8tement luge en m\u00e9tal. 41 Unit\u00e9s, vendu avec facult\u00e9 de r\u00e9union. Dimensions : 75 x 160 x 80 cm + retour 60 x 80 cm. Localisation : 6 rue Duret - 75116 Paris. (ES 15., ES 10., ES 13., 1-41., 1-35., 1-42., 1-22., 1-19., 1-18., 2-53., 2-52., 2-56., 2-57., 2 basg., 2-69., 3-86., 3-95., 3-80., 3-79., 3-74, 514, 515, 516, 517B)\" \/>\n<meta property=\"og:url\" content=\"https:\/\/wpe-encheres.com\/site\/produit\/bureau-blanc-avec-retour-plateau-en-bois-et-pietement-luge-en-metal-41-unites-vendu-avec-faculte-de-reunion-dimensions-75-x-160-x-80-cm-retour-60-x-80-cm-localisation-6-rue-duret-75116-pa\/\" \/>\n<meta property=\"og:site_name\" content=\"wpe-encheres\" \/>\n<meta property=\"article:modified_time\" content=\"2025-12-01T18:11:36+00:00\" \/>\n<meta property=\"og:image\" content=\"https:\/\/wpe-encheres.com\/site\/wp-content\/uploads\/2025\/08\/6840147eb22eb.jpg\" \/>\n\t<meta property=\"og:image:width\" content=\"669\" \/>\n\t<meta property=\"og:image:height\" content=\"669\" \/>\n\t<meta property=\"og:image:type\" content=\"image\/jpeg\" \/>\n<meta name=\"twitter:card\" content=\"summary_large_image\" \/>\n<script type=\"application\/ld+json\" class=\"yoast-schema-graph\">{\"@context\":\"https:\\\/\\\/schema.org\",\"@graph\":[{\"@type\":\"WebPage\",\"@id\":\"https:\\\/\\\/wpe-encheres.com\\\/site\\\/produit\\\/bureau-blanc-avec-retour-plateau-en-bois-et-pietement-luge-en-metal-41-unites-vendu-avec-faculte-de-reunion-dimensions-75-x-160-x-80-cm-retour-60-x-80-cm-localisation-6-rue-duret-75116-pa\\\/\",\"url\":\"https:\\\/\\\/wpe-encheres.com\\\/site\\\/produit\\\/bureau-blanc-avec-retour-plateau-en-bois-et-pietement-luge-en-metal-41-unites-vendu-avec-faculte-de-reunion-dimensions-75-x-160-x-80-cm-retour-60-x-80-cm-localisation-6-rue-duret-75116-pa\\\/\",\"name\":\"Bureau blanc avec retour, plateau en bois et pi\u00e8tement luge en m\u00e9tal. 41 Unit\u00e9s, vendu avec facult\u00e9 de r\u00e9union. Dimensions : 75 x 160 x 80 cm + retour 60 x 80 cm. Localisation : 6 rue Duret - 75116 Paris. (ES 15., ES 10., ES 13., 1-41., 1-35., 1-42., 1-22., 1-19., 1-18., 2-53., 2-52., 2-56., 2-57., 2 basg., 2-69., 3-86., 3-95., 3-80., 3-79., 3-74, 514, 515, 516, 517B) - wpe-encheres\",\"isPartOf\":{\"@id\":\"https:\\\/\\\/wpe-encheres.com\\\/site\\\/#website\"},\"primaryImageOfPage\":{\"@id\":\"https:\\\/\\\/wpe-encheres.com\\\/site\\\/produit\\\/bureau-blanc-avec-retour-plateau-en-bois-et-pietement-luge-en-metal-41-unites-vendu-avec-faculte-de-reunion-dimensions-75-x-160-x-80-cm-retour-60-x-80-cm-localisation-6-rue-duret-75116-pa\\\/#primaryimage\"},\"image\":{\"@id\":\"https:\\\/\\\/wpe-encheres.com\\\/site\\\/produit\\\/bureau-blanc-avec-retour-plateau-en-bois-et-pietement-luge-en-metal-41-unites-vendu-avec-faculte-de-reunion-dimensions-75-x-160-x-80-cm-retour-60-x-80-cm-localisation-6-rue-duret-75116-pa\\\/#primaryimage\"},\"thumbnailUrl\":\"https:\\\/\\\/wpe-encheres.com\\\/site\\\/wp-content\\\/uploads\\\/2025\\\/08\\\/6840147eb22eb.jpg\",\"datePublished\":\"2025-08-31T15:21:00+00:00\",\"dateModified\":\"2025-12-01T18:11:36+00:00\",\"breadcrumb\":{\"@id\":\"https:\\\/\\\/wpe-encheres.com\\\/site\\\/produit\\\/bureau-blanc-avec-retour-plateau-en-bois-et-pietement-luge-en-metal-41-unites-vendu-avec-faculte-de-reunion-dimensions-75-x-160-x-80-cm-retour-60-x-80-cm-localisation-6-rue-duret-75116-pa\\\/#breadcrumb\"},\"inLanguage\":\"fr-FR\",\"potentialAction\":[{\"@type\":\"ReadAction\",\"target\":[\"https:\\\/\\\/wpe-encheres.com\\\/site\\\/produit\\\/bureau-blanc-avec-retour-plateau-en-bois-et-pietement-luge-en-metal-41-unites-vendu-avec-faculte-de-reunion-dimensions-75-x-160-x-80-cm-retour-60-x-80-cm-localisation-6-rue-duret-75116-pa\\\/\"]}]},{\"@type\":\"ImageObject\",\"inLanguage\":\"fr-FR\",\"@id\":\"https:\\\/\\\/wpe-encheres.com\\\/site\\\/produit\\\/bureau-blanc-avec-retour-plateau-en-bois-et-pietement-luge-en-metal-41-unites-vendu-avec-faculte-de-reunion-dimensions-75-x-160-x-80-cm-retour-60-x-80-cm-localisation-6-rue-duret-75116-pa\\\/#primaryimage\",\"url\":\"https:\\\/\\\/wpe-encheres.com\\\/site\\\/wp-content\\\/uploads\\\/2025\\\/08\\\/6840147eb22eb.jpg\",\"contentUrl\":\"https:\\\/\\\/wpe-encheres.com\\\/site\\\/wp-content\\\/uploads\\\/2025\\\/08\\\/6840147eb22eb.jpg\",\"width\":669,\"height\":669},{\"@type\":\"BreadcrumbList\",\"@id\":\"https:\\\/\\\/wpe-encheres.com\\\/site\\\/produit\\\/bureau-blanc-avec-retour-plateau-en-bois-et-pietement-luge-en-metal-41-unites-vendu-avec-faculte-de-reunion-dimensions-75-x-160-x-80-cm-retour-60-x-80-cm-localisation-6-rue-duret-75116-pa\\\/#breadcrumb\",\"itemListElement\":[{\"@type\":\"ListItem\",\"position\":1,\"name\":\"Accueil\",\"item\":\"https:\\\/\\\/wpe-encheres.com\\\/site\\\/\"},{\"@type\":\"ListItem\",\"position\":2,\"name\":\"Boutique\",\"item\":\"https:\\\/\\\/wpe-encheres.com\\\/site\\\/?page_id=22765\"},{\"@type\":\"ListItem\",\"position\":3,\"name\":\"Bureau blanc avec retour, plateau en bois et pi\u00e8tement luge en m\u00e9tal. 41 Unit\u00e9s, vendu avec facult\u00e9 de r\u00e9union. Dimensions : 75 x 160 x 80 cm + retour 60 x 80 cm. Localisation : 6 rue Duret &#8211; 75116 Paris. (ES 15., ES 10., ES 13., 1-41., 1-35., 1-42., 1-22., 1-19., 1-18., 2-53., 2-52., 2-56., 2-57., 2 basg., 2-69., 3-86., 3-95., 3-80., 3-79., 3-74, 514, 515, 516, 517B)\"}]},{\"@type\":\"WebSite\",\"@id\":\"https:\\\/\\\/wpe-encheres.com\\\/site\\\/#website\",\"url\":\"https:\\\/\\\/wpe-encheres.com\\\/site\\\/\",\"name\":\"wpe-encheres\",\"description\":\"\",\"publisher\":{\"@id\":\"https:\\\/\\\/wpe-encheres.com\\\/site\\\/#organization\"},\"potentialAction\":[{\"@type\":\"SearchAction\",\"target\":{\"@type\":\"EntryPoint\",\"urlTemplate\":\"https:\\\/\\\/wpe-encheres.com\\\/site\\\/?s={search_term_string}\"},\"query-input\":{\"@type\":\"PropertyValueSpecification\",\"valueRequired\":true,\"valueName\":\"search_term_string\"}}],\"inLanguage\":\"fr-FR\"},{\"@type\":\"Organization\",\"@id\":\"https:\\\/\\\/wpe-encheres.com\\\/site\\\/#organization\",\"name\":\"wpe encheres\",\"url\":\"https:\\\/\\\/wpe-encheres.com\\\/site\\\/\",\"logo\":{\"@type\":\"ImageObject\",\"inLanguage\":\"fr-FR\",\"@id\":\"https:\\\/\\\/wpe-encheres.com\\\/site\\\/#\\\/schema\\\/logo\\\/image\\\/\",\"url\":\"https:\\\/\\\/wpe-encheres.com\\\/site\\\/wp-content\\\/uploads\\\/2025\\\/08\\\/wpe-encheres-logo.png\",\"contentUrl\":\"https:\\\/\\\/wpe-encheres.com\\\/site\\\/wp-content\\\/uploads\\\/2025\\\/08\\\/wpe-encheres-logo.png\",\"width\":300,\"height\":110,\"caption\":\"wpe encheres\"},\"image\":{\"@id\":\"https:\\\/\\\/wpe-encheres.com\\\/site\\\/#\\\/schema\\\/logo\\\/image\\\/\"}}]}<\/script>\n<!-- \/ Yoast SEO plugin. -->","yoast_head_json":{"title":"Bureau blanc avec retour, plateau en bois et pi\u00e8tement luge en m\u00e9tal. 41 Unit\u00e9s, vendu avec facult\u00e9 de r\u00e9union. Dimensions : 75 x 160 x 80 cm + retour 60 x 80 cm. Localisation : 6 rue Duret - 75116 Paris. (ES 15., ES 10., ES 13., 1-41., 1-35., 1-42., 1-22., 1-19., 1-18., 2-53., 2-52., 2-56., 2-57., 2 basg., 2-69., 3-86., 3-95., 3-80., 3-79., 3-74, 514, 515, 516, 517B) - wpe-encheres","robots":{"index":"index","follow":"follow","max-snippet":"max-snippet:-1","max-image-preview":"max-image-preview:large","max-video-preview":"max-video-preview:-1"},"canonical":"https:\/\/wpe-encheres.com\/site\/produit\/bureau-blanc-avec-retour-plateau-en-bois-et-pietement-luge-en-metal-41-unites-vendu-avec-faculte-de-reunion-dimensions-75-x-160-x-80-cm-retour-60-x-80-cm-localisation-6-rue-duret-75116-pa\/","og_locale":"fr_FR","og_type":"article","og_title":"Bureau blanc avec retour, plateau en bois et pi\u00e8tement luge en m\u00e9tal. 41 Unit\u00e9s, vendu avec facult\u00e9 de r\u00e9union. Dimensions : 75 x 160 x 80 cm + retour 60 x 80 cm. Localisation : 6 rue Duret - 75116 Paris. (ES 15., ES 10., ES 13., 1-41., 1-35., 1-42., 1-22., 1-19., 1-18., 2-53., 2-52., 2-56., 2-57., 2 basg., 2-69., 3-86., 3-95., 3-80., 3-79., 3-74, 514, 515, 516, 517B) - wpe-encheres","og_description":"Bureau blanc avec retour, plateau en bois et pi\u00e8tement luge en m\u00e9tal. 41 Unit\u00e9s, vendu avec facult\u00e9 de r\u00e9union. Dimensions : 75 x 160 x 80 cm + retour 60 x 80 cm. Localisation : 6 rue Duret - 75116 Paris. (ES 15., ES 10., ES 13., 1-41., 1-35., 1-42., 1-22., 1-19., 1-18., 2-53., 2-52., 2-56., 2-57., 2 basg., 2-69., 3-86., 3-95., 3-80., 3-79., 3-74, 514, 515, 516, 517B)","og_url":"https:\/\/wpe-encheres.com\/site\/produit\/bureau-blanc-avec-retour-plateau-en-bois-et-pietement-luge-en-metal-41-unites-vendu-avec-faculte-de-reunion-dimensions-75-x-160-x-80-cm-retour-60-x-80-cm-localisation-6-rue-duret-75116-pa\/","og_site_name":"wpe-encheres","article_modified_time":"2025-12-01T18:11:36+00:00","og_image":[{"width":669,"height":669,"url":"https:\/\/wpe-encheres.com\/site\/wp-content\/uploads\/2025\/08\/6840147eb22eb.jpg","type":"image\/jpeg"}],"twitter_card":"summary_large_image","schema":{"@context":"https:\/\/schema.org","@graph":[{"@type":"WebPage","@id":"https:\/\/wpe-encheres.com\/site\/produit\/bureau-blanc-avec-retour-plateau-en-bois-et-pietement-luge-en-metal-41-unites-vendu-avec-faculte-de-reunion-dimensions-75-x-160-x-80-cm-retour-60-x-80-cm-localisation-6-rue-duret-75116-pa\/","url":"https:\/\/wpe-encheres.com\/site\/produit\/bureau-blanc-avec-retour-plateau-en-bois-et-pietement-luge-en-metal-41-unites-vendu-avec-faculte-de-reunion-dimensions-75-x-160-x-80-cm-retour-60-x-80-cm-localisation-6-rue-duret-75116-pa\/","name":"Bureau blanc avec retour, plateau en bois et pi\u00e8tement luge en m\u00e9tal. 41 Unit\u00e9s, vendu avec facult\u00e9 de r\u00e9union. Dimensions : 75 x 160 x 80 cm + retour 60 x 80 cm. Localisation : 6 rue Duret - 75116 Paris. (ES 15., ES 10., ES 13., 1-41., 1-35., 1-42., 1-22., 1-19., 1-18., 2-53., 2-52., 2-56., 2-57., 2 basg., 2-69., 3-86., 3-95., 3-80., 3-79., 3-74, 514, 515, 516, 517B) - wpe-encheres","isPartOf":{"@id":"https:\/\/wpe-encheres.com\/site\/#website"},"primaryImageOfPage":{"@id":"https:\/\/wpe-encheres.com\/site\/produit\/bureau-blanc-avec-retour-plateau-en-bois-et-pietement-luge-en-metal-41-unites-vendu-avec-faculte-de-reunion-dimensions-75-x-160-x-80-cm-retour-60-x-80-cm-localisation-6-rue-duret-75116-pa\/#primaryimage"},"image":{"@id":"https:\/\/wpe-encheres.com\/site\/produit\/bureau-blanc-avec-retour-plateau-en-bois-et-pietement-luge-en-metal-41-unites-vendu-avec-faculte-de-reunion-dimensions-75-x-160-x-80-cm-retour-60-x-80-cm-localisation-6-rue-duret-75116-pa\/#primaryimage"},"thumbnailUrl":"https:\/\/wpe-encheres.com\/site\/wp-content\/uploads\/2025\/08\/6840147eb22eb.jpg","datePublished":"2025-08-31T15:21:00+00:00","dateModified":"2025-12-01T18:11:36+00:00","breadcrumb":{"@id":"https:\/\/wpe-encheres.com\/site\/produit\/bureau-blanc-avec-retour-plateau-en-bois-et-pietement-luge-en-metal-41-unites-vendu-avec-faculte-de-reunion-dimensions-75-x-160-x-80-cm-retour-60-x-80-cm-localisation-6-rue-duret-75116-pa\/#breadcrumb"},"inLanguage":"fr-FR","potentialAction":[{"@type":"ReadAction","target":["https:\/\/wpe-encheres.com\/site\/produit\/bureau-blanc-avec-retour-plateau-en-bois-et-pietement-luge-en-metal-41-unites-vendu-avec-faculte-de-reunion-dimensions-75-x-160-x-80-cm-retour-60-x-80-cm-localisation-6-rue-duret-75116-pa\/"]}]},{"@type":"ImageObject","inLanguage":"fr-FR","@id":"https:\/\/wpe-encheres.com\/site\/produit\/bureau-blanc-avec-retour-plateau-en-bois-et-pietement-luge-en-metal-41-unites-vendu-avec-faculte-de-reunion-dimensions-75-x-160-x-80-cm-retour-60-x-80-cm-localisation-6-rue-duret-75116-pa\/#primaryimage","url":"https:\/\/wpe-encheres.com\/site\/wp-content\/uploads\/2025\/08\/6840147eb22eb.jpg","contentUrl":"https:\/\/wpe-encheres.com\/site\/wp-content\/uploads\/2025\/08\/6840147eb22eb.jpg","width":669,"height":669},{"@type":"BreadcrumbList","@id":"https:\/\/wpe-encheres.com\/site\/produit\/bureau-blanc-avec-retour-plateau-en-bois-et-pietement-luge-en-metal-41-unites-vendu-avec-faculte-de-reunion-dimensions-75-x-160-x-80-cm-retour-60-x-80-cm-localisation-6-rue-duret-75116-pa\/#breadcrumb","itemListElement":[{"@type":"ListItem","position":1,"name":"Accueil","item":"https:\/\/wpe-encheres.com\/site\/"},{"@type":"ListItem","position":2,"name":"Boutique","item":"https:\/\/wpe-encheres.com\/site\/?page_id=22765"},{"@type":"ListItem","position":3,"name":"Bureau blanc avec retour, plateau en bois et pi\u00e8tement luge en m\u00e9tal. 41 Unit\u00e9s, vendu avec facult\u00e9 de r\u00e9union. Dimensions : 75 x 160 x 80 cm + retour 60 x 80 cm. Localisation : 6 rue Duret &#8211; 75116 Paris. (ES 15., ES 10., ES 13., 1-41., 1-35., 1-42., 1-22., 1-19., 1-18., 2-53., 2-52., 2-56., 2-57., 2 basg., 2-69., 3-86., 3-95., 3-80., 3-79., 3-74, 514, 515, 516, 517B)"}]},{"@type":"WebSite","@id":"https:\/\/wpe-encheres.com\/site\/#website","url":"https:\/\/wpe-encheres.com\/site\/","name":"wpe-encheres","description":"","publisher":{"@id":"https:\/\/wpe-encheres.com\/site\/#organization"},"potentialAction":[{"@type":"SearchAction","target":{"@type":"EntryPoint","urlTemplate":"https:\/\/wpe-encheres.com\/site\/?s={search_term_string}"},"query-input":{"@type":"PropertyValueSpecification","valueRequired":true,"valueName":"search_term_string"}}],"inLanguage":"fr-FR"},{"@type":"Organization","@id":"https:\/\/wpe-encheres.com\/site\/#organization","name":"wpe encheres","url":"https:\/\/wpe-encheres.com\/site\/","logo":{"@type":"ImageObject","inLanguage":"fr-FR","@id":"https:\/\/wpe-encheres.com\/site\/#\/schema\/logo\/image\/","url":"https:\/\/wpe-encheres.com\/site\/wp-content\/uploads\/2025\/08\/wpe-encheres-logo.png","contentUrl":"https:\/\/wpe-encheres.com\/site\/wp-content\/uploads\/2025\/08\/wpe-encheres-logo.png","width":300,"height":110,"caption":"wpe encheres"},"image":{"@id":"https:\/\/wpe-encheres.com\/site\/#\/schema\/logo\/image\/"}}]}},"_links":{"self":[{"href":"https:\/\/wpe-encheres.com\/site\/wp-json\/wp\/v2\/product\/24902","targetHints":{"allow":["GET"]}}],"collection":[{"href":"https:\/\/wpe-encheres.com\/site\/wp-json\/wp\/v2\/product"}],"about":[{"href":"https:\/\/wpe-encheres.com\/site\/wp-json\/wp\/v2\/types\/product"}],"wp:featuredmedia":[{"embeddable":true,"href":"https:\/\/wpe-encheres.com\/site\/wp-json\/wp\/v2\/media\/24903"}],"wp:attachment":[{"href":"https:\/\/wpe-encheres.com\/site\/wp-json\/wp\/v2\/media?parent=24902"}],"wp:term":[{"taxonomy":"product_brand","embeddable":true,"href":"https:\/\/wpe-encheres.com\/site\/wp-json\/wp\/v2\/product_brand?post=24902"},{"taxonomy":"product_cat","embeddable":true,"href":"https:\/\/wpe-encheres.com\/site\/wp-json\/wp\/v2\/product_cat?post=24902"},{"taxonomy":"product_tag","embeddable":true,"href":"https:\/\/wpe-encheres.com\/site\/wp-json\/wp\/v2\/product_tag?post=24902"}],"curies":[{"name":"wp","href":"https:\/\/api.w.org\/{rel}","templated":true}]}}