{"id":24884,"date":"2025-08-31T17:21:00","date_gmt":"2025-08-31T15:21:00","guid":{"rendered":"https:\/\/wpe-encheres.com\/site\/produit\/bench-de-2-postes-cloison-recouverte-tissu-plateau-bois-blanc-pietement-metal-en-pied-luge-trappe-technique-integree-73-x-160-x-162-cm-19-unites-vendu-avec-faculte-de-reunion-localis\/"},"modified":"2025-12-01T19:11:37","modified_gmt":"2025-12-01T18:11:37","slug":"bench-de-2-postes-cloison-recouverte-tissu-plateau-bois-blanc-pietement-metal-en-pied-luge-trappe-technique-integree-73-x-160-x-162-cm-19-unites-vendu-avec-faculte-de-reunion-localis","status":"publish","type":"product","link":"https:\/\/wpe-encheres.com\/site\/produit\/bench-de-2-postes-cloison-recouverte-tissu-plateau-bois-blanc-pietement-metal-en-pied-luge-trappe-technique-integree-73-x-160-x-162-cm-19-unites-vendu-avec-faculte-de-reunion-localis\/","title":{"rendered":"Bench de 2 postes, cloison recouverte tissu, plateau bois blanc, pi\u00e9tement m\u00e9tal en pied luge, trappe technique int\u00e9gr\u00e9e. 73 \u00d7 160 \u00d7 162 cm.\n19 Unit\u00e9s, vendu avec facult\u00e9 de r\u00e9union.\nLocalisation : 6 rue Duret &#8211; 75116 Paris.\n(Open Sp., 1er, 1-27, 1-31, apr\u00e8s Open Sp. 1er, 2-43, bas 2e, 3-93, 3-85, 3-80, 3-79, 3-84, 3-71B, 3-71A)"},"content":{"rendered":"<p>Bench de 2 postes, cloison recouverte tissu, plateau bois blanc, pi\u00e9tement m\u00e9tal en pied luge, trappe technique int\u00e9gr\u00e9e. 73 \u00d7 160 \u00d7 162 cm.<br \/>\n19 Unit\u00e9s, vendu avec facult\u00e9 de r\u00e9union.<br \/>\nLocalisation : 6 rue Duret &#8211; 75116 Paris.<br \/>\n(Open Sp., 1er, 1-27, 1-31, apr\u00e8s Open Sp. 1er, 2-43, bas 2e, 3-93, 3-85, 3-80, 3-79, 3-84, 3-71B, 3-71A)<\/p>\n","protected":false},"excerpt":{"rendered":"<p>Bench de 2 postes, cloison recouverte tissu, plateau bois blanc, pi\u00e9tement m\u00e9tal en pied luge, trappe technique int\u00e9gr\u00e9e. 73 \u00d7 160 \u00d7 162 cm.<br \/>\n19 Unit\u00e9s, vendu avec facult\u00e9 de r\u00e9union.<br \/>\nLocalisation : 6 rue Duret &#8211; 75116 Paris.<br \/>\n(Open Sp., 1er, 1-27, 1-31, apr\u00e8s Open Sp. 1er, 2-43, bas 2e, 3-93, 3-85, 3-80, 3-79, 3-84, 3-71B, 3-71A)<\/p>\n","protected":false},"featured_media":24885,"template":"","meta":{"_acf_changed":false},"product_brand":[],"product_cat":[24],"product_tag":[32],"class_list":{"0":"post-24884","1":"product","2":"type-product","3":"status-publish","4":"has-post-thumbnail","6":"product_cat-mobilier-de-bureau-equipement-du-bureau","7":"product_tag-vente-du-18-juin-2025","9":"first","10":"outofstock","11":"product-type-simple"},"acf":[],"yoast_head":"<!-- This site is optimized with the Yoast SEO plugin v27.3 - https:\/\/yoast.com\/product\/yoast-seo-wordpress\/ -->\n<title>Bench de 2 postes, cloison recouverte tissu, plateau bois blanc, pi\u00e9tement m\u00e9tal en pied luge, trappe technique int\u00e9gr\u00e9e. 73 \u00d7 160 \u00d7 162 cm. 19 Unit\u00e9s, vendu avec facult\u00e9 de r\u00e9union. Localisation : 6 rue Duret - 75116 Paris. (Open Sp., 1er, 1-27, 1-31, apr\u00e8s Open Sp. 1er, 2-43, bas 2e, 3-93, 3-85, 3-80, 3-79, 3-84, 3-71B, 3-71A) - wpe-encheres<\/title>\n<meta name=\"robots\" content=\"index, follow, max-snippet:-1, max-image-preview:large, max-video-preview:-1\" \/>\n<link rel=\"canonical\" href=\"https:\/\/wpe-encheres.com\/site\/produit\/bench-de-2-postes-cloison-recouverte-tissu-plateau-bois-blanc-pietement-metal-en-pied-luge-trappe-technique-integree-73-x-160-x-162-cm-19-unites-vendu-avec-faculte-de-reunion-localis\/\" \/>\n<meta property=\"og:locale\" content=\"fr_FR\" \/>\n<meta property=\"og:type\" content=\"article\" \/>\n<meta property=\"og:title\" content=\"Bench de 2 postes, cloison recouverte tissu, plateau bois blanc, pi\u00e9tement m\u00e9tal en pied luge, trappe technique int\u00e9gr\u00e9e. 73 \u00d7 160 \u00d7 162 cm. 19 Unit\u00e9s, vendu avec facult\u00e9 de r\u00e9union. Localisation : 6 rue Duret - 75116 Paris. (Open Sp., 1er, 1-27, 1-31, apr\u00e8s Open Sp. 1er, 2-43, bas 2e, 3-93, 3-85, 3-80, 3-79, 3-84, 3-71B, 3-71A) - wpe-encheres\" \/>\n<meta property=\"og:description\" content=\"Bench de 2 postes, cloison recouverte tissu, plateau bois blanc, pi\u00e9tement m\u00e9tal en pied luge, trappe technique int\u00e9gr\u00e9e. 73 \u00d7 160 \u00d7 162 cm. 19 Unit\u00e9s, vendu avec facult\u00e9 de r\u00e9union. Localisation : 6 rue Duret - 75116 Paris. (Open Sp., 1er, 1-27, 1-31, apr\u00e8s Open Sp. 1er, 2-43, bas 2e, 3-93, 3-85, 3-80, 3-79, 3-84, 3-71B, 3-71A)\" \/>\n<meta property=\"og:url\" content=\"https:\/\/wpe-encheres.com\/site\/produit\/bench-de-2-postes-cloison-recouverte-tissu-plateau-bois-blanc-pietement-metal-en-pied-luge-trappe-technique-integree-73-x-160-x-162-cm-19-unites-vendu-avec-faculte-de-reunion-localis\/\" \/>\n<meta property=\"og:site_name\" content=\"wpe-encheres\" \/>\n<meta property=\"article:modified_time\" content=\"2025-12-01T18:11:37+00:00\" \/>\n<meta property=\"og:image\" content=\"https:\/\/wpe-encheres.com\/site\/wp-content\/uploads\/2025\/08\/68401278bce54.jpg\" \/>\n\t<meta property=\"og:image:width\" content=\"678\" \/>\n\t<meta property=\"og:image:height\" content=\"678\" \/>\n\t<meta property=\"og:image:type\" content=\"image\/jpeg\" \/>\n<meta name=\"twitter:card\" content=\"summary_large_image\" \/>\n<script type=\"application\/ld+json\" class=\"yoast-schema-graph\">{\"@context\":\"https:\\\/\\\/schema.org\",\"@graph\":[{\"@type\":\"WebPage\",\"@id\":\"https:\\\/\\\/wpe-encheres.com\\\/site\\\/produit\\\/bench-de-2-postes-cloison-recouverte-tissu-plateau-bois-blanc-pietement-metal-en-pied-luge-trappe-technique-integree-73-x-160-x-162-cm-19-unites-vendu-avec-faculte-de-reunion-localis\\\/\",\"url\":\"https:\\\/\\\/wpe-encheres.com\\\/site\\\/produit\\\/bench-de-2-postes-cloison-recouverte-tissu-plateau-bois-blanc-pietement-metal-en-pied-luge-trappe-technique-integree-73-x-160-x-162-cm-19-unites-vendu-avec-faculte-de-reunion-localis\\\/\",\"name\":\"Bench de 2 postes, cloison recouverte tissu, plateau bois blanc, pi\u00e9tement m\u00e9tal en pied luge, trappe technique int\u00e9gr\u00e9e. 73 \u00d7 160 \u00d7 162 cm. 19 Unit\u00e9s, vendu avec facult\u00e9 de r\u00e9union. Localisation : 6 rue Duret - 75116 Paris. (Open Sp., 1er, 1-27, 1-31, apr\u00e8s Open Sp. 1er, 2-43, bas 2e, 3-93, 3-85, 3-80, 3-79, 3-84, 3-71B, 3-71A) - wpe-encheres\",\"isPartOf\":{\"@id\":\"https:\\\/\\\/wpe-encheres.com\\\/site\\\/#website\"},\"primaryImageOfPage\":{\"@id\":\"https:\\\/\\\/wpe-encheres.com\\\/site\\\/produit\\\/bench-de-2-postes-cloison-recouverte-tissu-plateau-bois-blanc-pietement-metal-en-pied-luge-trappe-technique-integree-73-x-160-x-162-cm-19-unites-vendu-avec-faculte-de-reunion-localis\\\/#primaryimage\"},\"image\":{\"@id\":\"https:\\\/\\\/wpe-encheres.com\\\/site\\\/produit\\\/bench-de-2-postes-cloison-recouverte-tissu-plateau-bois-blanc-pietement-metal-en-pied-luge-trappe-technique-integree-73-x-160-x-162-cm-19-unites-vendu-avec-faculte-de-reunion-localis\\\/#primaryimage\"},\"thumbnailUrl\":\"https:\\\/\\\/wpe-encheres.com\\\/site\\\/wp-content\\\/uploads\\\/2025\\\/08\\\/68401278bce54.jpg\",\"datePublished\":\"2025-08-31T15:21:00+00:00\",\"dateModified\":\"2025-12-01T18:11:37+00:00\",\"breadcrumb\":{\"@id\":\"https:\\\/\\\/wpe-encheres.com\\\/site\\\/produit\\\/bench-de-2-postes-cloison-recouverte-tissu-plateau-bois-blanc-pietement-metal-en-pied-luge-trappe-technique-integree-73-x-160-x-162-cm-19-unites-vendu-avec-faculte-de-reunion-localis\\\/#breadcrumb\"},\"inLanguage\":\"fr-FR\",\"potentialAction\":[{\"@type\":\"ReadAction\",\"target\":[\"https:\\\/\\\/wpe-encheres.com\\\/site\\\/produit\\\/bench-de-2-postes-cloison-recouverte-tissu-plateau-bois-blanc-pietement-metal-en-pied-luge-trappe-technique-integree-73-x-160-x-162-cm-19-unites-vendu-avec-faculte-de-reunion-localis\\\/\"]}]},{\"@type\":\"ImageObject\",\"inLanguage\":\"fr-FR\",\"@id\":\"https:\\\/\\\/wpe-encheres.com\\\/site\\\/produit\\\/bench-de-2-postes-cloison-recouverte-tissu-plateau-bois-blanc-pietement-metal-en-pied-luge-trappe-technique-integree-73-x-160-x-162-cm-19-unites-vendu-avec-faculte-de-reunion-localis\\\/#primaryimage\",\"url\":\"https:\\\/\\\/wpe-encheres.com\\\/site\\\/wp-content\\\/uploads\\\/2025\\\/08\\\/68401278bce54.jpg\",\"contentUrl\":\"https:\\\/\\\/wpe-encheres.com\\\/site\\\/wp-content\\\/uploads\\\/2025\\\/08\\\/68401278bce54.jpg\",\"width\":678,\"height\":678},{\"@type\":\"BreadcrumbList\",\"@id\":\"https:\\\/\\\/wpe-encheres.com\\\/site\\\/produit\\\/bench-de-2-postes-cloison-recouverte-tissu-plateau-bois-blanc-pietement-metal-en-pied-luge-trappe-technique-integree-73-x-160-x-162-cm-19-unites-vendu-avec-faculte-de-reunion-localis\\\/#breadcrumb\",\"itemListElement\":[{\"@type\":\"ListItem\",\"position\":1,\"name\":\"Accueil\",\"item\":\"https:\\\/\\\/wpe-encheres.com\\\/site\\\/\"},{\"@type\":\"ListItem\",\"position\":2,\"name\":\"Boutique\",\"item\":\"https:\\\/\\\/wpe-encheres.com\\\/site\\\/?page_id=22765\"},{\"@type\":\"ListItem\",\"position\":3,\"name\":\"Bench de 2 postes, cloison recouverte tissu, plateau bois blanc, pi\u00e9tement m\u00e9tal en pied luge, trappe technique int\u00e9gr\u00e9e. 73 \u00d7 160 \u00d7 162 cm. 19 Unit\u00e9s, vendu avec facult\u00e9 de r\u00e9union. Localisation : 6 rue Duret &#8211; 75116 Paris. (Open Sp., 1er, 1-27, 1-31, apr\u00e8s Open Sp. 1er, 2-43, bas 2e, 3-93, 3-85, 3-80, 3-79, 3-84, 3-71B, 3-71A)\"}]},{\"@type\":\"WebSite\",\"@id\":\"https:\\\/\\\/wpe-encheres.com\\\/site\\\/#website\",\"url\":\"https:\\\/\\\/wpe-encheres.com\\\/site\\\/\",\"name\":\"wpe-encheres\",\"description\":\"\",\"publisher\":{\"@id\":\"https:\\\/\\\/wpe-encheres.com\\\/site\\\/#organization\"},\"potentialAction\":[{\"@type\":\"SearchAction\",\"target\":{\"@type\":\"EntryPoint\",\"urlTemplate\":\"https:\\\/\\\/wpe-encheres.com\\\/site\\\/?s={search_term_string}\"},\"query-input\":{\"@type\":\"PropertyValueSpecification\",\"valueRequired\":true,\"valueName\":\"search_term_string\"}}],\"inLanguage\":\"fr-FR\"},{\"@type\":\"Organization\",\"@id\":\"https:\\\/\\\/wpe-encheres.com\\\/site\\\/#organization\",\"name\":\"wpe encheres\",\"url\":\"https:\\\/\\\/wpe-encheres.com\\\/site\\\/\",\"logo\":{\"@type\":\"ImageObject\",\"inLanguage\":\"fr-FR\",\"@id\":\"https:\\\/\\\/wpe-encheres.com\\\/site\\\/#\\\/schema\\\/logo\\\/image\\\/\",\"url\":\"https:\\\/\\\/wpe-encheres.com\\\/site\\\/wp-content\\\/uploads\\\/2025\\\/08\\\/wpe-encheres-logo.png\",\"contentUrl\":\"https:\\\/\\\/wpe-encheres.com\\\/site\\\/wp-content\\\/uploads\\\/2025\\\/08\\\/wpe-encheres-logo.png\",\"width\":300,\"height\":110,\"caption\":\"wpe encheres\"},\"image\":{\"@id\":\"https:\\\/\\\/wpe-encheres.com\\\/site\\\/#\\\/schema\\\/logo\\\/image\\\/\"}}]}<\/script>\n<!-- \/ Yoast SEO plugin. -->","yoast_head_json":{"title":"Bench de 2 postes, cloison recouverte tissu, plateau bois blanc, pi\u00e9tement m\u00e9tal en pied luge, trappe technique int\u00e9gr\u00e9e. 73 \u00d7 160 \u00d7 162 cm. 19 Unit\u00e9s, vendu avec facult\u00e9 de r\u00e9union. Localisation : 6 rue Duret - 75116 Paris. (Open Sp., 1er, 1-27, 1-31, apr\u00e8s Open Sp. 1er, 2-43, bas 2e, 3-93, 3-85, 3-80, 3-79, 3-84, 3-71B, 3-71A) - wpe-encheres","robots":{"index":"index","follow":"follow","max-snippet":"max-snippet:-1","max-image-preview":"max-image-preview:large","max-video-preview":"max-video-preview:-1"},"canonical":"https:\/\/wpe-encheres.com\/site\/produit\/bench-de-2-postes-cloison-recouverte-tissu-plateau-bois-blanc-pietement-metal-en-pied-luge-trappe-technique-integree-73-x-160-x-162-cm-19-unites-vendu-avec-faculte-de-reunion-localis\/","og_locale":"fr_FR","og_type":"article","og_title":"Bench de 2 postes, cloison recouverte tissu, plateau bois blanc, pi\u00e9tement m\u00e9tal en pied luge, trappe technique int\u00e9gr\u00e9e. 73 \u00d7 160 \u00d7 162 cm. 19 Unit\u00e9s, vendu avec facult\u00e9 de r\u00e9union. Localisation : 6 rue Duret - 75116 Paris. (Open Sp., 1er, 1-27, 1-31, apr\u00e8s Open Sp. 1er, 2-43, bas 2e, 3-93, 3-85, 3-80, 3-79, 3-84, 3-71B, 3-71A) - wpe-encheres","og_description":"Bench de 2 postes, cloison recouverte tissu, plateau bois blanc, pi\u00e9tement m\u00e9tal en pied luge, trappe technique int\u00e9gr\u00e9e. 73 \u00d7 160 \u00d7 162 cm. 19 Unit\u00e9s, vendu avec facult\u00e9 de r\u00e9union. Localisation : 6 rue Duret - 75116 Paris. (Open Sp., 1er, 1-27, 1-31, apr\u00e8s Open Sp. 1er, 2-43, bas 2e, 3-93, 3-85, 3-80, 3-79, 3-84, 3-71B, 3-71A)","og_url":"https:\/\/wpe-encheres.com\/site\/produit\/bench-de-2-postes-cloison-recouverte-tissu-plateau-bois-blanc-pietement-metal-en-pied-luge-trappe-technique-integree-73-x-160-x-162-cm-19-unites-vendu-avec-faculte-de-reunion-localis\/","og_site_name":"wpe-encheres","article_modified_time":"2025-12-01T18:11:37+00:00","og_image":[{"width":678,"height":678,"url":"https:\/\/wpe-encheres.com\/site\/wp-content\/uploads\/2025\/08\/68401278bce54.jpg","type":"image\/jpeg"}],"twitter_card":"summary_large_image","schema":{"@context":"https:\/\/schema.org","@graph":[{"@type":"WebPage","@id":"https:\/\/wpe-encheres.com\/site\/produit\/bench-de-2-postes-cloison-recouverte-tissu-plateau-bois-blanc-pietement-metal-en-pied-luge-trappe-technique-integree-73-x-160-x-162-cm-19-unites-vendu-avec-faculte-de-reunion-localis\/","url":"https:\/\/wpe-encheres.com\/site\/produit\/bench-de-2-postes-cloison-recouverte-tissu-plateau-bois-blanc-pietement-metal-en-pied-luge-trappe-technique-integree-73-x-160-x-162-cm-19-unites-vendu-avec-faculte-de-reunion-localis\/","name":"Bench de 2 postes, cloison recouverte tissu, plateau bois blanc, pi\u00e9tement m\u00e9tal en pied luge, trappe technique int\u00e9gr\u00e9e. 73 \u00d7 160 \u00d7 162 cm. 19 Unit\u00e9s, vendu avec facult\u00e9 de r\u00e9union. Localisation : 6 rue Duret - 75116 Paris. (Open Sp., 1er, 1-27, 1-31, apr\u00e8s Open Sp. 1er, 2-43, bas 2e, 3-93, 3-85, 3-80, 3-79, 3-84, 3-71B, 3-71A) - wpe-encheres","isPartOf":{"@id":"https:\/\/wpe-encheres.com\/site\/#website"},"primaryImageOfPage":{"@id":"https:\/\/wpe-encheres.com\/site\/produit\/bench-de-2-postes-cloison-recouverte-tissu-plateau-bois-blanc-pietement-metal-en-pied-luge-trappe-technique-integree-73-x-160-x-162-cm-19-unites-vendu-avec-faculte-de-reunion-localis\/#primaryimage"},"image":{"@id":"https:\/\/wpe-encheres.com\/site\/produit\/bench-de-2-postes-cloison-recouverte-tissu-plateau-bois-blanc-pietement-metal-en-pied-luge-trappe-technique-integree-73-x-160-x-162-cm-19-unites-vendu-avec-faculte-de-reunion-localis\/#primaryimage"},"thumbnailUrl":"https:\/\/wpe-encheres.com\/site\/wp-content\/uploads\/2025\/08\/68401278bce54.jpg","datePublished":"2025-08-31T15:21:00+00:00","dateModified":"2025-12-01T18:11:37+00:00","breadcrumb":{"@id":"https:\/\/wpe-encheres.com\/site\/produit\/bench-de-2-postes-cloison-recouverte-tissu-plateau-bois-blanc-pietement-metal-en-pied-luge-trappe-technique-integree-73-x-160-x-162-cm-19-unites-vendu-avec-faculte-de-reunion-localis\/#breadcrumb"},"inLanguage":"fr-FR","potentialAction":[{"@type":"ReadAction","target":["https:\/\/wpe-encheres.com\/site\/produit\/bench-de-2-postes-cloison-recouverte-tissu-plateau-bois-blanc-pietement-metal-en-pied-luge-trappe-technique-integree-73-x-160-x-162-cm-19-unites-vendu-avec-faculte-de-reunion-localis\/"]}]},{"@type":"ImageObject","inLanguage":"fr-FR","@id":"https:\/\/wpe-encheres.com\/site\/produit\/bench-de-2-postes-cloison-recouverte-tissu-plateau-bois-blanc-pietement-metal-en-pied-luge-trappe-technique-integree-73-x-160-x-162-cm-19-unites-vendu-avec-faculte-de-reunion-localis\/#primaryimage","url":"https:\/\/wpe-encheres.com\/site\/wp-content\/uploads\/2025\/08\/68401278bce54.jpg","contentUrl":"https:\/\/wpe-encheres.com\/site\/wp-content\/uploads\/2025\/08\/68401278bce54.jpg","width":678,"height":678},{"@type":"BreadcrumbList","@id":"https:\/\/wpe-encheres.com\/site\/produit\/bench-de-2-postes-cloison-recouverte-tissu-plateau-bois-blanc-pietement-metal-en-pied-luge-trappe-technique-integree-73-x-160-x-162-cm-19-unites-vendu-avec-faculte-de-reunion-localis\/#breadcrumb","itemListElement":[{"@type":"ListItem","position":1,"name":"Accueil","item":"https:\/\/wpe-encheres.com\/site\/"},{"@type":"ListItem","position":2,"name":"Boutique","item":"https:\/\/wpe-encheres.com\/site\/?page_id=22765"},{"@type":"ListItem","position":3,"name":"Bench de 2 postes, cloison recouverte tissu, plateau bois blanc, pi\u00e9tement m\u00e9tal en pied luge, trappe technique int\u00e9gr\u00e9e. 73 \u00d7 160 \u00d7 162 cm. 19 Unit\u00e9s, vendu avec facult\u00e9 de r\u00e9union. Localisation : 6 rue Duret &#8211; 75116 Paris. (Open Sp., 1er, 1-27, 1-31, apr\u00e8s Open Sp. 1er, 2-43, bas 2e, 3-93, 3-85, 3-80, 3-79, 3-84, 3-71B, 3-71A)"}]},{"@type":"WebSite","@id":"https:\/\/wpe-encheres.com\/site\/#website","url":"https:\/\/wpe-encheres.com\/site\/","name":"wpe-encheres","description":"","publisher":{"@id":"https:\/\/wpe-encheres.com\/site\/#organization"},"potentialAction":[{"@type":"SearchAction","target":{"@type":"EntryPoint","urlTemplate":"https:\/\/wpe-encheres.com\/site\/?s={search_term_string}"},"query-input":{"@type":"PropertyValueSpecification","valueRequired":true,"valueName":"search_term_string"}}],"inLanguage":"fr-FR"},{"@type":"Organization","@id":"https:\/\/wpe-encheres.com\/site\/#organization","name":"wpe encheres","url":"https:\/\/wpe-encheres.com\/site\/","logo":{"@type":"ImageObject","inLanguage":"fr-FR","@id":"https:\/\/wpe-encheres.com\/site\/#\/schema\/logo\/image\/","url":"https:\/\/wpe-encheres.com\/site\/wp-content\/uploads\/2025\/08\/wpe-encheres-logo.png","contentUrl":"https:\/\/wpe-encheres.com\/site\/wp-content\/uploads\/2025\/08\/wpe-encheres-logo.png","width":300,"height":110,"caption":"wpe encheres"},"image":{"@id":"https:\/\/wpe-encheres.com\/site\/#\/schema\/logo\/image\/"}}]}},"_links":{"self":[{"href":"https:\/\/wpe-encheres.com\/site\/wp-json\/wp\/v2\/product\/24884","targetHints":{"allow":["GET"]}}],"collection":[{"href":"https:\/\/wpe-encheres.com\/site\/wp-json\/wp\/v2\/product"}],"about":[{"href":"https:\/\/wpe-encheres.com\/site\/wp-json\/wp\/v2\/types\/product"}],"wp:featuredmedia":[{"embeddable":true,"href":"https:\/\/wpe-encheres.com\/site\/wp-json\/wp\/v2\/media\/24885"}],"wp:attachment":[{"href":"https:\/\/wpe-encheres.com\/site\/wp-json\/wp\/v2\/media?parent=24884"}],"wp:term":[{"taxonomy":"product_brand","embeddable":true,"href":"https:\/\/wpe-encheres.com\/site\/wp-json\/wp\/v2\/product_brand?post=24884"},{"taxonomy":"product_cat","embeddable":true,"href":"https:\/\/wpe-encheres.com\/site\/wp-json\/wp\/v2\/product_cat?post=24884"},{"taxonomy":"product_tag","embeddable":true,"href":"https:\/\/wpe-encheres.com\/site\/wp-json\/wp\/v2\/product_tag?post=24884"}],"curies":[{"name":"wp","href":"https:\/\/api.w.org\/{rel}","templated":true}]}}